{"id":10814,"date":"2022-01-19T12:53:51","date_gmt":"2022-01-19T11:53:51","guid":{"rendered":"https:\/\/new.tiketi.com\/how-to-get-a-visa-card-in-tanzania-online\/"},"modified":"2022-06-01T12:44:33","modified_gmt":"2022-06-01T11:44:33","slug":"how-to-get-a-visa-card-in-tanzania","status":"publish","type":"page","link":"https:\/\/tiketi.com\/fr-fr\/how-to-get-a-visa-card-in-tanzania\/","title":{"rendered":"Comment obtenir une carte Visa en Tanzanie en ligne"},"content":{"rendered":"<h2>Comment demander une carte Visa en Tanzanie \u2013 Cartes Visa de cr\u00e9dit, de d\u00e9bit ou pr\u00e9pay\u00e9es<\/h2>\n<h3>Profitez de la libert\u00e9 de faire ce que vous voulez faire. Obtenez une carte Visa en Tanzanie en ligne <u><a href=\"https:\/\/fiymo.com\/home\/register\" data-cke-saved-href=\"https:\/\/fiymo.com\/home\/register\">\u00e0 pr\u00e9sent<\/a><\/u>.<\/h3>\n<p>Voici comment obtenir une carte Visa en Tanzanie. Contrairement \u00e0 de nombreux produits financiers, l&#039;industrie a finalement r\u00e9ussi \u00e0 choisir un nom qui a du sens. Vous trouverez ci-dessous plus d&#039;informations sur la fa\u00e7on de demander une carte Visa en Tanzanie.<\/p>\n<p>Qu&#039;est-ce que Visa D\u00e9bit et comment demander une carte Visa en Tanzanie ? Comme son nom l&#039;indique, il s&#039;agit d&#039;une carte de d\u00e9bit attach\u00e9e \u00e0 votre compte-ch\u00e8ques mais que vous pouvez utiliser partout o\u00f9 Visa est accept\u00e9e. Les restrictions de votre carte de d\u00e9bit Visa s&#039;appliquent \u00e0 l&#039;argent que vous avez dans votre compte-ch\u00e8ques.<\/p>\n<h2>Voici quelques-uns des avantages de la carte de d\u00e9bit Visa et comment obtenir une carte Visa en Tanzanie en ligne\u00a0:<\/h2>\n<p>L&#039;utilisation des cartes de d\u00e9bit ou de cr\u00e9dit de l&#039;entreprise pour effectuer des achats offre un certain nombre d&#039;avantages commerciaux importants\u00a0:<\/p>\n<h3>Frais de carte Visa en Tanzanie<\/h3>\n<p>La plupart des distributeurs automatiques de billets ne vous factureront pas le retrait d\u2019esp\u00e8ces avec une carte de d\u00e9bit. Ceux qui le feront vous le diront en premier et vous offriront la possibilit\u00e9 d\u2019annuler si vous le souhaitez.<br \/>\nSi vous utilisez un distributeur automatique de billets \u00e0 l&#039;\u00e9tranger, vous devrez peut-\u00eatre payer des frais. Il est pr\u00e9f\u00e9rable de v\u00e9rifier aupr\u00e8s de votre banque avant de partir. Si les frais sont trop \u00e9lev\u00e9s, vous souhaiterez peut-\u00eatre utiliser une autre carte pendant votre absence.<\/p>\n<h3>Protection lors de l&#039;utilisation d&#039;une carte visa<\/h3>\n<p>Si vous rencontrez un probl\u00e8me avec quelque chose que vous achetez avec une carte Visa, vous pourrez peut-\u00eatre r\u00e9cup\u00e9rer votre argent aupr\u00e8s de votre banque. Certaines offres de cartes de d\u00e9bit proposent cela, ce qui signifie qu&#039;elles pourraient \u00eatre en mesure de r\u00e9cup\u00e9rer une partie ou la totalit\u00e9 de votre argent.<\/p>\n<p>Par exemple, si vous achetez un nouveau canap\u00e9 et que l\u2019entreprise fait faillite avant la livraison du canap\u00e9, votre banque pourrait \u00eatre en mesure de vous rembourser.<br \/>\nLa r\u00e9trofacturation repose sur la capacit\u00e9 de votre banque \u00e0 r\u00e9cup\u00e9rer l&#039;argent aupr\u00e8s de la banque de l&#039;entreprise aupr\u00e8s de laquelle vous achetez.<\/p>\n<h3>Suivez vos paiements<\/h3>\n<p>Avec une carte de d\u00e9bit, vous \u00eates en mesure de suivre vos achats en temps r\u00e9el car les transactions retirent rapidement de l&#039;argent directement de votre compte bancaire, contrairement aux cartes de cr\u00e9dit qui donnent des relev\u00e9s mensuels. Cela peut rendre les achats faciles \u00e0 oublier, jusqu&#039;\u00e0 la date d&#039;\u00e9ch\u00e9ance de votre paiement ou lorsque vous l&#039;attrapez via Internet. Si vous ne contr\u00f4lez pas votre cr\u00e9dit, les int\u00e9r\u00eats s\u2019accumuleront, ce qui peut vous endetter rapidement. Si vous n&#039;\u00eates pas dou\u00e9 dans l&#039;utilisation du cr\u00e9dit, ou si vous \u00eates nouveau dans ce domaine, donner une id\u00e9e de vos d\u00e9penses et de vos revenus est plus transparent avec votre carte de d\u00e9bit. De plus, il est toujours r\u00e9confortant de savoir que vous n\u2019\u00eates pas oblig\u00e9 de continuer \u00e0 emprunter de l\u2019argent ou de vous endetter davantage.<\/p>\n<h3>La commodit\u00e9 de la carte Visa en Tanzanie<\/h3>\n<p>Les paiements par carte de d\u00e9bit vous permettent d&#039;effectuer des transactions sans esp\u00e8ces, de fouiller dans vos poches ou votre sac \u00e0 main pour obtenir de la monnaie, d&#039;\u00e9mettre un ch\u00e8que ou de vous rendre \u00e0 un guichet automatique pour les cartes de d\u00e9bit en Tanzanie. Et comme de plus en plus d\u2019entreprises proposent d\u00e9sormais le choix des paiements par carte de d\u00e9bit, c\u2019est plus parfait que jamais.<\/p>","protected":false},"excerpt":{"rendered":"<p>How to apply for Visa Card in Tanzania &#8211; Credit, Debit or Prepaid Visa Cards Enjoy the freedom to do what you want to do. Get a Visa Card in Tanzania online now. Here is how to get a Visa Card in Tanzania.\u00a0Unlike so many financial products, finally the industry got it right and pick [&hellip;]<\/p>\n","protected":false},"author":1,"featured_media":19588,"parent":0,"menu_order":0,"comment_status":"open","ping_status":"closed","template":"template-home-modern.php","meta":{"footnotes":""},"class_list":["post-10814","page","type-page","status-publish","has-post-thumbnail","hentry"],"yoast_head":"<!-- This site is optimized with the Yoast SEO plugin v27.4 - https:\/\/yoast.com\/product\/yoast-seo-wordpress\/ -->\n<title>How to get a Visa Card in Tanzania Online<\/title>\n<meta name=\"description\" content=\"Enjoy the benefits offered by your credit, debit or prepaid Visa card in Tanzania? Here is how to get a Visa Card in Tanzania online\" \/>\n<meta name=\"robots\" content=\"index, follow, max-snippet:-1, max-image-preview:large, max-video-preview:-1\" \/>\n<link rel=\"canonical\" href=\"https:\/\/tiketi.com\/fr-fr\/how-to-get-a-visa-card-in-tanzania\/\" \/>\n<meta property=\"og:locale\" content=\"fr_FR\" \/>\n<meta property=\"og:type\" content=\"article\" \/>\n<meta property=\"og:title\" content=\"How to get a Visa Card in Tanzania Online\" \/>\n<meta property=\"og:description\" content=\"Enjoy the benefits offered by your credit, debit or prepaid Visa card in Tanzania? Here is how to get a Visa Card in Tanzania online\" \/>\n<meta property=\"og:url\" content=\"https:\/\/tiketi.com\/fr-fr\/how-to-get-a-visa-card-in-tanzania\/\" \/>\n<meta property=\"og:site_name\" content=\"Tiketi.com\" \/>\n<meta property=\"article:publisher\" content=\"https:\/\/www.facebook.com\/TiketiCom\/\" \/>\n<meta property=\"article:modified_time\" content=\"2022-06-01T11:44:33+00:00\" \/>\n<meta property=\"og:image\" content=\"https:\/\/tiketi.com\/wp-content\/uploads\/2019\/05\/credit-card-6406010_1280.jpg\" \/>\n\t<meta property=\"og:image:width\" content=\"1200\" \/>\n\t<meta property=\"og:image:height\" content=\"200\" \/>\n\t<meta property=\"og:image:type\" content=\"image\/jpeg\" \/>\n<meta name=\"twitter:card\" content=\"summary_large_image\" \/>\n<meta name=\"twitter:label1\" content=\"Dur\u00e9e de lecture estim\u00e9e\" \/>\n\t<meta name=\"twitter:data1\" content=\"3 minutes\" \/>\n<script type=\"application\/ld+json\" class=\"yoast-schema-graph\">{\"@context\":\"https:\\\/\\\/schema.org\",\"@graph\":[{\"@type\":\"WebPage\",\"@id\":\"https:\\\/\\\/tiketi.com\\\/how-to-get-a-visa-card-in-tanzania\\\/\",\"url\":\"https:\\\/\\\/tiketi.com\\\/how-to-get-a-visa-card-in-tanzania\\\/\",\"name\":\"How to get a Visa Card in Tanzania Online\",\"isPartOf\":{\"@id\":\"https:\\\/\\\/tiketi.com\\\/#website\"},\"primaryImageOfPage\":{\"@id\":\"https:\\\/\\\/tiketi.com\\\/how-to-get-a-visa-card-in-tanzania\\\/#primaryimage\"},\"image\":{\"@id\":\"https:\\\/\\\/tiketi.com\\\/how-to-get-a-visa-card-in-tanzania\\\/#primaryimage\"},\"thumbnailUrl\":\"https:\\\/\\\/tiketi.com\\\/wp-content\\\/uploads\\\/2019\\\/05\\\/credit-card-6406010_1280.jpg\",\"datePublished\":\"2022-01-19T11:53:51+00:00\",\"dateModified\":\"2022-06-01T11:44:33+00:00\",\"description\":\"Enjoy the benefits offered by your credit, debit or prepaid Visa card in Tanzania? Here is how to get a Visa Card in Tanzania online\",\"breadcrumb\":{\"@id\":\"https:\\\/\\\/tiketi.com\\\/how-to-get-a-visa-card-in-tanzania\\\/#breadcrumb\"},\"inLanguage\":\"fr-FR\",\"potentialAction\":[{\"@type\":\"ReadAction\",\"target\":[\"https:\\\/\\\/tiketi.com\\\/how-to-get-a-visa-card-in-tanzania\\\/\"]}]},{\"@type\":\"ImageObject\",\"inLanguage\":\"fr-FR\",\"@id\":\"https:\\\/\\\/tiketi.com\\\/how-to-get-a-visa-card-in-tanzania\\\/#primaryimage\",\"url\":\"https:\\\/\\\/tiketi.com\\\/wp-content\\\/uploads\\\/2019\\\/05\\\/credit-card-6406010_1280.jpg\",\"contentUrl\":\"https:\\\/\\\/tiketi.com\\\/wp-content\\\/uploads\\\/2019\\\/05\\\/credit-card-6406010_1280.jpg\",\"width\":1200,\"height\":200,\"caption\":\"How to get a credit card in\"},{\"@type\":\"BreadcrumbList\",\"@id\":\"https:\\\/\\\/tiketi.com\\\/how-to-get-a-visa-card-in-tanzania\\\/#breadcrumb\",\"itemListElement\":[{\"@type\":\"ListItem\",\"position\":1,\"name\":\"Home\",\"item\":\"https:\\\/\\\/tiketi.com\\\/\"},{\"@type\":\"ListItem\",\"position\":2,\"name\":\"How to get a Visa Card in Tanzania Online\"}]},{\"@type\":\"WebSite\",\"@id\":\"https:\\\/\\\/tiketi.com\\\/#website\",\"url\":\"https:\\\/\\\/tiketi.com\\\/\",\"name\":\"Flight & Bus Tickets, Tour Packages & Activitites - Tiketi.com\",\"description\":\"Flight &amp; Bus Tickets, Tours, Activitites\",\"publisher\":{\"@id\":\"https:\\\/\\\/tiketi.com\\\/#organization\"},\"potentialAction\":[{\"@type\":\"SearchAction\",\"target\":{\"@type\":\"EntryPoint\",\"urlTemplate\":\"https:\\\/\\\/tiketi.com\\\/?s={search_term_string}\"},\"query-input\":{\"@type\":\"PropertyValueSpecification\",\"valueRequired\":true,\"valueName\":\"search_term_string\"}}],\"inLanguage\":\"fr-FR\"},{\"@type\":\"Organization\",\"@id\":\"https:\\\/\\\/tiketi.com\\\/#organization\",\"name\":\"Tiketi.com\",\"alternateName\":\"Tiketi\",\"url\":\"https:\\\/\\\/tiketi.com\\\/\",\"logo\":{\"@type\":\"ImageObject\",\"inLanguage\":\"fr-FR\",\"@id\":\"https:\\\/\\\/tiketi.com\\\/#\\\/schema\\\/logo\\\/image\\\/\",\"url\":\"https:\\\/\\\/tiketi.com\\\/wp-content\\\/uploads\\\/2019\\\/05\\\/tiketi-logo-696.png\",\"contentUrl\":\"https:\\\/\\\/tiketi.com\\\/wp-content\\\/uploads\\\/2019\\\/05\\\/tiketi-logo-696.png\",\"width\":696,\"height\":696,\"caption\":\"Tiketi.com\"},\"image\":{\"@id\":\"https:\\\/\\\/tiketi.com\\\/#\\\/schema\\\/logo\\\/image\\\/\"},\"sameAs\":[\"https:\\\/\\\/www.facebook.com\\\/TiketiCom\\\/\"]}]}<\/script>\n<!-- \/ Yoast SEO plugin. -->","yoast_head_json":{"title":"Comment obtenir une carte Visa en Tanzanie en ligne","description":"B\u00e9n\u00e9ficiez des avantages offerts par votre carte Visa de cr\u00e9dit, de d\u00e9bit ou pr\u00e9pay\u00e9e en Tanzanie ? Voici comment obtenir une carte Visa en Tanzanie en ligne","robots":{"index":"index","follow":"follow","max-snippet":"max-snippet:-1","max-image-preview":"max-image-preview:large","max-video-preview":"max-video-preview:-1"},"canonical":"https:\/\/tiketi.com\/fr-fr\/how-to-get-a-visa-card-in-tanzania\/","og_locale":"fr_FR","og_type":"article","og_title":"How to get a Visa Card in Tanzania Online","og_description":"Enjoy the benefits offered by your credit, debit or prepaid Visa card in Tanzania? Here is how to get a Visa Card in Tanzania online","og_url":"https:\/\/tiketi.com\/fr-fr\/how-to-get-a-visa-card-in-tanzania\/","og_site_name":"Tiketi.com","article_publisher":"https:\/\/www.facebook.com\/TiketiCom\/","article_modified_time":"2022-06-01T11:44:33+00:00","og_image":[{"width":1200,"height":200,"url":"https:\/\/tiketi.com\/wp-content\/uploads\/2019\/05\/credit-card-6406010_1280.jpg","type":"image\/jpeg"}],"twitter_card":"summary_large_image","twitter_misc":{"Dur\u00e9e de lecture estim\u00e9e":"3 minutes"},"schema":{"@context":"https:\/\/schema.org","@graph":[{"@type":"WebPage","@id":"https:\/\/tiketi.com\/how-to-get-a-visa-card-in-tanzania\/","url":"https:\/\/tiketi.com\/how-to-get-a-visa-card-in-tanzania\/","name":"Comment obtenir une carte Visa en Tanzanie en ligne","isPartOf":{"@id":"https:\/\/tiketi.com\/#website"},"primaryImageOfPage":{"@id":"https:\/\/tiketi.com\/how-to-get-a-visa-card-in-tanzania\/#primaryimage"},"image":{"@id":"https:\/\/tiketi.com\/how-to-get-a-visa-card-in-tanzania\/#primaryimage"},"thumbnailUrl":"https:\/\/tiketi.com\/wp-content\/uploads\/2019\/05\/credit-card-6406010_1280.jpg","datePublished":"2022-01-19T11:53:51+00:00","dateModified":"2022-06-01T11:44:33+00:00","description":"B\u00e9n\u00e9ficiez des avantages offerts par votre carte Visa de cr\u00e9dit, de d\u00e9bit ou pr\u00e9pay\u00e9e en Tanzanie ? Voici comment obtenir une carte Visa en Tanzanie en ligne","breadcrumb":{"@id":"https:\/\/tiketi.com\/how-to-get-a-visa-card-in-tanzania\/#breadcrumb"},"inLanguage":"fr-FR","potentialAction":[{"@type":"ReadAction","target":["https:\/\/tiketi.com\/how-to-get-a-visa-card-in-tanzania\/"]}]},{"@type":"ImageObject","inLanguage":"fr-FR","@id":"https:\/\/tiketi.com\/how-to-get-a-visa-card-in-tanzania\/#primaryimage","url":"https:\/\/tiketi.com\/wp-content\/uploads\/2019\/05\/credit-card-6406010_1280.jpg","contentUrl":"https:\/\/tiketi.com\/wp-content\/uploads\/2019\/05\/credit-card-6406010_1280.jpg","width":1200,"height":200,"caption":"How to get a credit card in"},{"@type":"BreadcrumbList","@id":"https:\/\/tiketi.com\/how-to-get-a-visa-card-in-tanzania\/#breadcrumb","itemListElement":[{"@type":"ListItem","position":1,"name":"Home","item":"https:\/\/tiketi.com\/"},{"@type":"ListItem","position":2,"name":"How to get a Visa Card in Tanzania Online"}]},{"@type":"WebSite","@id":"https:\/\/tiketi.com\/#website","url":"https:\/\/tiketi.com\/","name":"Billets d&#039;avion et de bus, forfaits touristiques et activit\u00e9s - Tiketi.com","description":"Billets d&#039;avion et de bus, Tours, Activit\u00e9s","publisher":{"@id":"https:\/\/tiketi.com\/#organization"},"potentialAction":[{"@type":"SearchAction","target":{"@type":"EntryPoint","urlTemplate":"https:\/\/tiketi.com\/?s={search_term_string}"},"query-input":{"@type":"PropertyValueSpecification","valueRequired":true,"valueName":"search_term_string"}}],"inLanguage":"fr-FR"},{"@type":"Organization","@id":"https:\/\/tiketi.com\/#organization","name":"Tiketi.com","alternateName":"Tiketi","url":"https:\/\/tiketi.com\/","logo":{"@type":"ImageObject","inLanguage":"fr-FR","@id":"https:\/\/tiketi.com\/#\/schema\/logo\/image\/","url":"https:\/\/tiketi.com\/wp-content\/uploads\/2019\/05\/tiketi-logo-696.png","contentUrl":"https:\/\/tiketi.com\/wp-content\/uploads\/2019\/05\/tiketi-logo-696.png","width":696,"height":696,"caption":"Tiketi.com"},"image":{"@id":"https:\/\/tiketi.com\/#\/schema\/logo\/image\/"},"sameAs":["https:\/\/www.facebook.com\/TiketiCom\/"]}]}},"_links":{"self":[{"href":"https:\/\/tiketi.com\/fr-fr\/wp-json\/wp\/v2\/pages\/10814","targetHints":{"allow":["GET"]}}],"collection":[{"href":"https:\/\/tiketi.com\/fr-fr\/wp-json\/wp\/v2\/pages"}],"about":[{"href":"https:\/\/tiketi.com\/fr-fr\/wp-json\/wp\/v2\/types\/page"}],"author":[{"embeddable":true,"href":"https:\/\/tiketi.com\/fr-fr\/wp-json\/wp\/v2\/users\/1"}],"replies":[{"embeddable":true,"href":"https:\/\/tiketi.com\/fr-fr\/wp-json\/wp\/v2\/comments?post=10814"}],"version-history":[{"count":0,"href":"https:\/\/tiketi.com\/fr-fr\/wp-json\/wp\/v2\/pages\/10814\/revisions"}],"wp:featuredmedia":[{"embeddable":true,"href":"https:\/\/tiketi.com\/fr-fr\/wp-json\/wp\/v2\/media\/19588"}],"wp:attachment":[{"href":"https:\/\/tiketi.com\/fr-fr\/wp-json\/wp\/v2\/media?parent=10814"}],"curies":[{"name":"wp","href":"https:\/\/api.w.org\/{rel}","templated":true}]}}