{"id":10817,"date":"2022-01-19T12:53:51","date_gmt":"2022-01-19T11:53:51","guid":{"rendered":"https:\/\/new.tiketi.com\/how-to-get-a-visa-card-in-nigeria-online\/"},"modified":"2022-02-14T15:48:20","modified_gmt":"2022-02-14T14:48:20","slug":"how-to-get-a-visa-card-in-nigeria","status":"publish","type":"page","link":"https:\/\/tiketi.com\/fr-fr\/how-to-get-a-visa-card-in-nigeria\/","title":{"rendered":"Comment obtenir une carte Visa au Nigeria en ligne"},"content":{"rendered":"<h2>Comment faire une demande de carte Visa au Nigeria - Cartes Visa de cr\u00e9dit, de d\u00e9bit ou pr\u00e9pay\u00e9es<\/h2>\n<h3>Profitez de la libert\u00e9 de faire ce que vous voulez faire. Obtenez une carte Visa au Nigeria en ligne.<\/h3>\n<p>Voici comment obtenir une carte Visa au Nigeria. Presque toutes les personnes ont une carte de d\u00e9bit qu&#039;elles utilisent de nos jours, mais tout le monde ne r\u00e9alise pas les avantages d&#039;en avoir une. Vous trouverez ci-dessous plus d&#039;informations sur la proc\u00e9dure de demande de carte Visa au Nigeria.<\/p>\n<p>La plupart des cartes de d\u00e9bit au Nigeria fonctionnent au niveau fondamental. Ils sont \u00e9mis par les banques afin que les titulaires de carte puissent transf\u00e9rer simplement et rapidement de l&#039;argent d&#039;un compte bancaire \u00e0 un autre par voie \u00e9lectronique. Lors d&#039;un achat, l&#039;argent est pr\u00e9lev\u00e9 directement sur le compte bancaire du titulaire de la carte et est d\u00e9duit. Les cartes de d\u00e9bit Visa fonctionnent comme un guichet automatique ou comme un ch\u00e8que, de sorte que lorsque l&#039;achat est effectu\u00e9, l&#039;argent est rapidement d\u00e9duit du compte du titulaire de la carte.<\/p>\n<h2>Voici quelques-uns des avantages de la carte de d\u00e9bit Visa et comment obtenir une carte Visa au Nigeria en ligne :<\/h2>\n<h3>Acceptation mondiale<\/h3>\n<p>Vous pouvez utiliser votre carte de d\u00e9bit Visa pour effectuer des achats lors de vos voyages \u00e0 l&#039;\u00e9tranger ou au Nigeria, ainsi qu&#039;en ligne.<\/p>\n<p>Bien qu&#039;il existe de nombreux marchands mondiaux en ligne qui acceptent les achats par Visa D\u00e9bit, vous devez v\u00e9rifier que chaque marchand accepte Visa D\u00e9bit avant d&#039;effectuer une transaction avec une carte de cr\u00e9dit Visa.<\/p>\n<h3>S\u00e9curit\u00e9 et protection<\/h3>\n<p>Les cartes de d\u00e9bit ordinaires ne font pas l&#039;objet d&#039;une surveillance continue de la fraude, mais une carte Visa b\u00e9n\u00e9ficie de la v\u00e9rification de la fraude Visa 24\/7 et de la responsabilit\u00e9 z\u00e9ro pour les achats frauduleux.<\/p>\n<p>Quoi qu&#039;il en soit, veillez \u00e0 prendre toutes les pr\u00e9cautions n\u00e9cessaires pour prot\u00e9ger votre code PIN et votre num\u00e9ro de carte de toute personne autre que vous-m\u00eame afin d&#039;\u00eatre \u00e9ligible \u00e0 la responsabilit\u00e9 z\u00e9ro. En cas d&#039;utilisation non autoris\u00e9e, vous devez coop\u00e9rer \u00e0 l&#039;enqu\u00eate et pr\u00e9senter que vous aviez une protection raisonnable de votre carte et de vos informations afin d&#039;obtenir un remboursement des d\u00e9bits non autoris\u00e9s.<\/p>\n<h3>Pas d&#039;annuel, pas d&#039;int\u00e9r\u00eat, pas de facture mensuelle<\/h3>\n<p>Une carte de d\u00e9bit Visa a ces avantages en commun avec une carte de d\u00e9bit ordinaire - parce que ce ne sont pas des transactions de cr\u00e9dit, elles ne sont pas factur\u00e9es d&#039;int\u00e9r\u00eats et ne sont pas oubli\u00e9es jusqu&#039;\u00e0 ce qu&#039;une facture choquante arrive par la poste.<\/p>\n<h2>Les meilleurs avantages de la carte Visa au Nigeria<\/h2>\n<p>Gardez \u00e0 l&#039;esprit que si vous cherchez \u00e0 reconstruire votre cote de cr\u00e9dit, une carte de cr\u00e9dit pr\u00e9pay\u00e9e est un outil remarquable pour cela. Les cartes de cr\u00e9dit pr\u00e9pay\u00e9es signalent votre paiement aux bureaux de cr\u00e9dit, qui vous aident \u00e0 augmenter votre pointage de cr\u00e9dit tout en d\u00e9pensant votre propre argent plut\u00f4t que d&#039;utiliser un nouveau cr\u00e9dit. Les cartes de d\u00e9bit\/Visa ne sont pas signal\u00e9es aux bureaux de cr\u00e9dit, elles ne peuvent donc pas aider \u00e0 augmenter votre pointage de cr\u00e9dit. Mais les aspects de gestion de tr\u00e9sorerie et de budg\u00e9tisation \u00e9voqu\u00e9s pr\u00e9c\u00e9demment peuvent aider \u00e0 am\u00e9liorer les finances g\u00e9n\u00e9rales de ceux qui ont un mauvais cr\u00e9dit.<\/p>","protected":false},"excerpt":{"rendered":"<p>How to apply for Visa Card in Nigeria &#8211; Credit, Debit or Prepaid Visa Cards Enjoy the freedom to do what you want to do. Get a Visa Card in Nigeria online. Here is how to get a Visa Card in Nigeria. Almost every single person out there has debit card they use these days, [&hellip;]<\/p>\n","protected":false},"author":1,"featured_media":19588,"parent":0,"menu_order":0,"comment_status":"open","ping_status":"closed","template":"template-home-modern.php","meta":{"footnotes":""},"class_list":["post-10817","page","type-page","status-publish","has-post-thumbnail","hentry"],"yoast_head":"<!-- This site is optimized with the Yoast SEO plugin v27.2 - https:\/\/yoast.com\/product\/yoast-seo-wordpress\/ -->\n<title>How to get a Visa Card in Nigeria Online<\/title>\n<meta name=\"description\" content=\"Enjoy the benefits offered by your credit, debit or prepaid Visa card in Nigeria? Here is how to get a Visa Card in Nigeria online\" \/>\n<meta name=\"robots\" content=\"index, follow, max-snippet:-1, max-image-preview:large, max-video-preview:-1\" \/>\n<link rel=\"canonical\" href=\"https:\/\/tiketi.com\/fr-fr\/how-to-get-a-visa-card-in-nigeria\/\" \/>\n<meta property=\"og:locale\" content=\"fr_FR\" \/>\n<meta property=\"og:type\" content=\"article\" \/>\n<meta property=\"og:title\" content=\"How to get a Visa Card in Nigeria Online\" \/>\n<meta property=\"og:description\" content=\"Enjoy the benefits offered by your credit, debit or prepaid Visa card in Nigeria? Here is how to get a Visa Card in Nigeria online\" \/>\n<meta property=\"og:url\" content=\"https:\/\/tiketi.com\/fr-fr\/how-to-get-a-visa-card-in-nigeria\/\" \/>\n<meta property=\"og:site_name\" content=\"Tiketi.com\" \/>\n<meta property=\"article:publisher\" content=\"https:\/\/www.facebook.com\/TiketiCom\/\" \/>\n<meta property=\"article:modified_time\" content=\"2022-02-14T14:48:20+00:00\" \/>\n<meta property=\"og:image\" content=\"https:\/\/tiketi.com\/wp-content\/uploads\/2019\/05\/credit-card-6406010_1280.jpg\" \/>\n\t<meta property=\"og:image:width\" content=\"1200\" \/>\n\t<meta property=\"og:image:height\" content=\"200\" \/>\n\t<meta property=\"og:image:type\" content=\"image\/jpeg\" \/>\n<meta name=\"twitter:card\" content=\"summary_large_image\" \/>\n<meta name=\"twitter:label1\" content=\"Dur\u00e9e de lecture estim\u00e9e\" \/>\n\t<meta name=\"twitter:data1\" content=\"3 minutes\" \/>\n<script type=\"application\/ld+json\" class=\"yoast-schema-graph\">{\"@context\":\"https:\/\/schema.org\",\"@graph\":[{\"@type\":\"WebPage\",\"@id\":\"https:\/\/tiketi.com\/how-to-get-a-visa-card-in-nigeria\/\",\"url\":\"https:\/\/tiketi.com\/how-to-get-a-visa-card-in-nigeria\/\",\"name\":\"How to get a Visa Card in Nigeria Online\",\"isPartOf\":{\"@id\":\"https:\/\/tiketi.com\/#website\"},\"primaryImageOfPage\":{\"@id\":\"https:\/\/tiketi.com\/how-to-get-a-visa-card-in-nigeria\/#primaryimage\"},\"image\":{\"@id\":\"https:\/\/tiketi.com\/how-to-get-a-visa-card-in-nigeria\/#primaryimage\"},\"thumbnailUrl\":\"https:\/\/tiketi.com\/wp-content\/uploads\/2019\/05\/credit-card-6406010_1280.jpg\",\"datePublished\":\"2022-01-19T11:53:51+00:00\",\"dateModified\":\"2022-02-14T14:48:20+00:00\",\"description\":\"Enjoy the benefits offered by your credit, debit or prepaid Visa card in Nigeria? Here is how to get a Visa Card in Nigeria online\",\"breadcrumb\":{\"@id\":\"https:\/\/tiketi.com\/how-to-get-a-visa-card-in-nigeria\/#breadcrumb\"},\"inLanguage\":\"fr-FR\",\"potentialAction\":[{\"@type\":\"ReadAction\",\"target\":[\"https:\/\/tiketi.com\/how-to-get-a-visa-card-in-nigeria\/\"]}]},{\"@type\":\"ImageObject\",\"inLanguage\":\"fr-FR\",\"@id\":\"https:\/\/tiketi.com\/how-to-get-a-visa-card-in-nigeria\/#primaryimage\",\"url\":\"https:\/\/tiketi.com\/wp-content\/uploads\/2019\/05\/credit-card-6406010_1280.jpg\",\"contentUrl\":\"https:\/\/tiketi.com\/wp-content\/uploads\/2019\/05\/credit-card-6406010_1280.jpg\",\"width\":1200,\"height\":200,\"caption\":\"How to get a credit card in\"},{\"@type\":\"BreadcrumbList\",\"@id\":\"https:\/\/tiketi.com\/how-to-get-a-visa-card-in-nigeria\/#breadcrumb\",\"itemListElement\":[{\"@type\":\"ListItem\",\"position\":1,\"name\":\"Home\",\"item\":\"https:\/\/tiketi.com\/\"},{\"@type\":\"ListItem\",\"position\":2,\"name\":\"How to get a Visa Card in Nigeria Online\"}]},{\"@type\":\"WebSite\",\"@id\":\"https:\/\/tiketi.com\/#website\",\"url\":\"https:\/\/tiketi.com\/\",\"name\":\"Flight & Bus Tickets, Tour Packages & Activitites - Tiketi.com\",\"description\":\"Flight &amp; Bus Tickets, Tours, Activitites\",\"publisher\":{\"@id\":\"https:\/\/tiketi.com\/#organization\"},\"potentialAction\":[{\"@type\":\"SearchAction\",\"target\":{\"@type\":\"EntryPoint\",\"urlTemplate\":\"https:\/\/tiketi.com\/?s={search_term_string}\"},\"query-input\":{\"@type\":\"PropertyValueSpecification\",\"valueRequired\":true,\"valueName\":\"search_term_string\"}}],\"inLanguage\":\"fr-FR\"},{\"@type\":\"Organization\",\"@id\":\"https:\/\/tiketi.com\/#organization\",\"name\":\"Tiketi.com\",\"alternateName\":\"Tiketi\",\"url\":\"https:\/\/tiketi.com\/\",\"logo\":{\"@type\":\"ImageObject\",\"inLanguage\":\"fr-FR\",\"@id\":\"https:\/\/tiketi.com\/#\/schema\/logo\/image\/\",\"url\":\"https:\/\/tiketi.com\/wp-content\/uploads\/2019\/05\/tiketi-logo-696.png\",\"contentUrl\":\"https:\/\/tiketi.com\/wp-content\/uploads\/2019\/05\/tiketi-logo-696.png\",\"width\":696,\"height\":696,\"caption\":\"Tiketi.com\"},\"image\":{\"@id\":\"https:\/\/tiketi.com\/#\/schema\/logo\/image\/\"},\"sameAs\":[\"https:\/\/www.facebook.com\/TiketiCom\/\"]}]}<\/script>\n<!-- \/ Yoast SEO plugin. -->","yoast_head_json":{"title":"Comment obtenir une carte Visa au Nigeria en ligne","description":"Profiter des avantages offerts par votre carte de cr\u00e9dit, de d\u00e9bit ou pr\u00e9pay\u00e9e Visa au Nigeria ? Voici comment obtenir une carte Visa au Nigeria en ligne","robots":{"index":"index","follow":"follow","max-snippet":"max-snippet:-1","max-image-preview":"max-image-preview:large","max-video-preview":"max-video-preview:-1"},"canonical":"https:\/\/tiketi.com\/fr-fr\/how-to-get-a-visa-card-in-nigeria\/","og_locale":"fr_FR","og_type":"article","og_title":"How to get a Visa Card in Nigeria Online","og_description":"Enjoy the benefits offered by your credit, debit or prepaid Visa card in Nigeria? Here is how to get a Visa Card in Nigeria online","og_url":"https:\/\/tiketi.com\/fr-fr\/how-to-get-a-visa-card-in-nigeria\/","og_site_name":"Tiketi.com","article_publisher":"https:\/\/www.facebook.com\/TiketiCom\/","article_modified_time":"2022-02-14T14:48:20+00:00","og_image":[{"width":1200,"height":200,"url":"https:\/\/tiketi.com\/wp-content\/uploads\/2019\/05\/credit-card-6406010_1280.jpg","type":"image\/jpeg"}],"twitter_card":"summary_large_image","twitter_misc":{"Dur\u00e9e de lecture estim\u00e9e":"3 minutes"},"schema":{"@context":"https:\/\/schema.org","@graph":[{"@type":"WebPage","@id":"https:\/\/tiketi.com\/how-to-get-a-visa-card-in-nigeria\/","url":"https:\/\/tiketi.com\/how-to-get-a-visa-card-in-nigeria\/","name":"Comment obtenir une carte Visa au Nigeria en ligne","isPartOf":{"@id":"https:\/\/tiketi.com\/#website"},"primaryImageOfPage":{"@id":"https:\/\/tiketi.com\/how-to-get-a-visa-card-in-nigeria\/#primaryimage"},"image":{"@id":"https:\/\/tiketi.com\/how-to-get-a-visa-card-in-nigeria\/#primaryimage"},"thumbnailUrl":"https:\/\/tiketi.com\/wp-content\/uploads\/2019\/05\/credit-card-6406010_1280.jpg","datePublished":"2022-01-19T11:53:51+00:00","dateModified":"2022-02-14T14:48:20+00:00","description":"Profiter des avantages offerts par votre carte de cr\u00e9dit, de d\u00e9bit ou pr\u00e9pay\u00e9e Visa au Nigeria ? Voici comment obtenir une carte Visa au Nigeria en ligne","breadcrumb":{"@id":"https:\/\/tiketi.com\/how-to-get-a-visa-card-in-nigeria\/#breadcrumb"},"inLanguage":"fr-FR","potentialAction":[{"@type":"ReadAction","target":["https:\/\/tiketi.com\/how-to-get-a-visa-card-in-nigeria\/"]}]},{"@type":"ImageObject","inLanguage":"fr-FR","@id":"https:\/\/tiketi.com\/how-to-get-a-visa-card-in-nigeria\/#primaryimage","url":"https:\/\/tiketi.com\/wp-content\/uploads\/2019\/05\/credit-card-6406010_1280.jpg","contentUrl":"https:\/\/tiketi.com\/wp-content\/uploads\/2019\/05\/credit-card-6406010_1280.jpg","width":1200,"height":200,"caption":"How to get a credit card in"},{"@type":"BreadcrumbList","@id":"https:\/\/tiketi.com\/how-to-get-a-visa-card-in-nigeria\/#breadcrumb","itemListElement":[{"@type":"ListItem","position":1,"name":"Home","item":"https:\/\/tiketi.com\/"},{"@type":"ListItem","position":2,"name":"How to get a Visa Card in Nigeria Online"}]},{"@type":"WebSite","@id":"https:\/\/tiketi.com\/#website","url":"https:\/\/tiketi.com\/","name":"Billets d&#039;avion et de bus, forfaits touristiques et activit\u00e9s - Tiketi.com","description":"Billets d&#039;avion et de bus, Tours, Activit\u00e9s","publisher":{"@id":"https:\/\/tiketi.com\/#organization"},"potentialAction":[{"@type":"SearchAction","target":{"@type":"EntryPoint","urlTemplate":"https:\/\/tiketi.com\/?s={search_term_string}"},"query-input":{"@type":"PropertyValueSpecification","valueRequired":true,"valueName":"search_term_string"}}],"inLanguage":"fr-FR"},{"@type":"Organization","@id":"https:\/\/tiketi.com\/#organization","name":"Tiketi.com","alternateName":"Tiketi","url":"https:\/\/tiketi.com\/","logo":{"@type":"ImageObject","inLanguage":"fr-FR","@id":"https:\/\/tiketi.com\/#\/schema\/logo\/image\/","url":"https:\/\/tiketi.com\/wp-content\/uploads\/2019\/05\/tiketi-logo-696.png","contentUrl":"https:\/\/tiketi.com\/wp-content\/uploads\/2019\/05\/tiketi-logo-696.png","width":696,"height":696,"caption":"Tiketi.com"},"image":{"@id":"https:\/\/tiketi.com\/#\/schema\/logo\/image\/"},"sameAs":["https:\/\/www.facebook.com\/TiketiCom\/"]}]}},"_links":{"self":[{"href":"https:\/\/tiketi.com\/fr-fr\/wp-json\/wp\/v2\/pages\/10817","targetHints":{"allow":["GET"]}}],"collection":[{"href":"https:\/\/tiketi.com\/fr-fr\/wp-json\/wp\/v2\/pages"}],"about":[{"href":"https:\/\/tiketi.com\/fr-fr\/wp-json\/wp\/v2\/types\/page"}],"author":[{"embeddable":true,"href":"https:\/\/tiketi.com\/fr-fr\/wp-json\/wp\/v2\/users\/1"}],"replies":[{"embeddable":true,"href":"https:\/\/tiketi.com\/fr-fr\/wp-json\/wp\/v2\/comments?post=10817"}],"version-history":[{"count":0,"href":"https:\/\/tiketi.com\/fr-fr\/wp-json\/wp\/v2\/pages\/10817\/revisions"}],"wp:featuredmedia":[{"embeddable":true,"href":"https:\/\/tiketi.com\/fr-fr\/wp-json\/wp\/v2\/media\/19588"}],"wp:attachment":[{"href":"https:\/\/tiketi.com\/fr-fr\/wp-json\/wp\/v2\/media?parent=10817"}],"curies":[{"name":"wp","href":"https:\/\/api.w.org\/{rel}","templated":true}]}}