{"id":10818,"date":"2022-01-19T12:53:51","date_gmt":"2022-01-19T11:53:51","guid":{"rendered":"https:\/\/new.tiketi.com\/how-to-get-a-visa-card-in-ghana-online\/"},"modified":"2022-02-14T15:45:10","modified_gmt":"2022-02-14T14:45:10","slug":"how-to-get-a-visa-card-in-ghana","status":"publish","type":"page","link":"https:\/\/tiketi.com\/fr-fr\/how-to-get-a-visa-card-in-ghana\/","title":{"rendered":"Comment obtenir une carte Visa au Ghana en ligne"},"content":{"rendered":"<h2>Comment faire une demande de carte Visa au Ghana - Cartes Visa de cr\u00e9dit, de d\u00e9bit ou pr\u00e9pay\u00e9es<\/h2>\n<h3>Profitez de la libert\u00e9 de faire ce que vous voulez faire. Obtenez une carte Visa au Ghana en ligne.<\/h3>\n<p>Voici comment obtenir une carte Visa au Ghana. Certaines banques fournissent des cartes de d\u00e9bit Visa depuis quelques ann\u00e9es maintenant, et beaucoup d&#039;autres travaillent maintenant et les offrent \u00e0 leurs clients. Pour la plupart, la carte Visa D\u00e9bit est une carte de d\u00e9bit car les fonds sont tir\u00e9s sur un compte d&#039;institution financi\u00e8re plut\u00f4t que sur un compte de cr\u00e9dit Visa. L\u00e0 o\u00f9 la partie Visa entre en jeu, c&#039;est une acceptation et une s\u00e9curit\u00e9 accrues. Vous \u00eates en mesure d&#039;utiliser votre carte de d\u00e9bit l\u00e0 o\u00f9 le visa est accept\u00e9 comme les cartes de d\u00e9bit au Ghana, comme en ligne, et la carte b\u00e9n\u00e9ficie de la protection de la surveillance de la fraude 24\/7 et de la responsabilit\u00e9 z\u00e9ro pour les achats frauduleux fournis par Visa. Vous trouverez ci-dessous plus d&#039;informations sur la proc\u00e9dure de demande de carte Visa au Ghana.<\/p>\n<h2>Voici quelques-uns des avantages des cartes Visa et comment obtenir une carte Visa au Ghana en ligne\u00a0:<\/h2>\n<h3>L&#039;utilisation d&#039;une carte de d\u00e9bit est s\u00fbre et pratique<\/h3>\n<p>De nombreux utilisateurs de cartes appr\u00e9cient la facilit\u00e9 de leur compte courant gr\u00e2ce \u00e0 la commodit\u00e9 et \u00e0 la facilit\u00e9 des cartes de d\u00e9bit Visa de nos jours. Il vous suffit de glisser votre carte ou de la remettre au caissier. Vous \u00e9viterez les d\u00e9placements au guichet automatique et vous pourrez laisser votre ch\u00e9quier \u00e0 la maison. L&#039;utilisation d&#039;un ch\u00e9quier papier est de plus en plus mise \u00e0 jour et de nombreux d\u00e9taillants n&#039;accepteraient m\u00eame pas les ch\u00e8ques. De plus, une carte de d\u00e9bit Visa peut aider \u00e0 acc\u00e9l\u00e9rer tout processus de paiement, le tout sans avoir \u00e0 apporter de monnaie, \u00e0 faire un ch\u00e8que ou \u00e0 pr\u00e9venir au guichet automatique.<\/p>\n<h3>Un portefeuille de carte Visa au Ghana vous offre plus de choix pour plus de commodit\u00e9<\/h3>\n<p>Certaines personnes pensent que vous avez besoin d&#039;une carte de cr\u00e9dit pour effectuer certains achats, comme faire des achats en ligne, louer un v\u00e9hicule ou disposer d&#039;un fonds d&#039;urgence. Avec Visa d\u00e9bit, vous pouvez d\u00e9penser l&#039;argent que vous avez d\u00e9j\u00e0. Lors de la location d&#039;un v\u00e9hicule, par exemple, la soci\u00e9t\u00e9 de location de voitures mettra une petite retenue sur votre carte qui sera lib\u00e9r\u00e9e une fois la voiture restitu\u00e9e sans dommage.<br \/>\nIl est \u00e9galement plus s\u00fbr d&#039;utiliser des cartes de d\u00e9bit Visa, plut\u00f4t que de transporter de l&#039;argent liquide, qui peut tout simplement \u00eatre perdu ou vol\u00e9. Il existe une couche de s\u00e9curit\u00e9 suppl\u00e9mentaire avec les cartes de d\u00e9bit telles que le code PIN, la puce et l&#039;acc\u00e8s aux services bancaires en ligne qui vous permettent de suivre les transactions directement depuis votre t\u00e9l\u00e9phone.<\/p>\n<h3>Gestion de l&#039;argent<\/h3>\n<p>Les cartes de d\u00e9bit Visa sont consid\u00e9r\u00e9es comme pr\u00e9cieuses pour la gestion de l&#039;argent, car les achats sont tous effectu\u00e9s \u00e0 partir d&#039;un seul compte\/lieu, ce qui facilite le suivi des d\u00e9penses et est d\u00e9bit\u00e9 rapidement afin que vous ayez toujours un solde \u00e0 jour pour votre compte. De plus, les restrictions de d\u00e9penses peuvent \u00eatre appliqu\u00e9es pour limiter les d\u00e9penses et vous aider \u00e0 respecter votre budget.<\/p>","protected":false},"excerpt":{"rendered":"<p>How to apply for Visa Card in Ghana &#8211; Credit, Debit or Prepaid Visa Cards Enjoy the freedom to do what you want to do. Get a Visa Card in Ghana online. Here is how to get a Visa Card in Ghana. Some banks have provided Visa Debit Cards for a few years now, and [&hellip;]<\/p>\n","protected":false},"author":1,"featured_media":19588,"parent":0,"menu_order":0,"comment_status":"open","ping_status":"closed","template":"template-home-modern.php","meta":{"footnotes":""},"class_list":["post-10818","page","type-page","status-publish","has-post-thumbnail","hentry"],"yoast_head":"<!-- This site is optimized with the Yoast SEO plugin v27.2 - https:\/\/yoast.com\/product\/yoast-seo-wordpress\/ -->\n<title>How to get a Visa Card in Ghana Online<\/title>\n<meta name=\"description\" content=\"Enjoy the benefits offered by your credit, debit or prepaid Visa card in Ghana? Here is how to get a Visa Card in Ghana online\" \/>\n<meta name=\"robots\" content=\"index, follow, max-snippet:-1, max-image-preview:large, max-video-preview:-1\" \/>\n<link rel=\"canonical\" href=\"https:\/\/tiketi.com\/fr-fr\/how-to-get-a-visa-card-in-ghana\/\" \/>\n<meta property=\"og:locale\" content=\"fr_FR\" \/>\n<meta property=\"og:type\" content=\"article\" \/>\n<meta property=\"og:title\" content=\"How to get a Visa Card in Ghana Online\" \/>\n<meta property=\"og:description\" content=\"Enjoy the benefits offered by your credit, debit or prepaid Visa card in Ghana? Here is how to get a Visa Card in Ghana online\" \/>\n<meta property=\"og:url\" content=\"https:\/\/tiketi.com\/fr-fr\/how-to-get-a-visa-card-in-ghana\/\" \/>\n<meta property=\"og:site_name\" content=\"Tiketi.com\" \/>\n<meta property=\"article:publisher\" content=\"https:\/\/www.facebook.com\/TiketiCom\/\" \/>\n<meta property=\"article:modified_time\" content=\"2022-02-14T14:45:10+00:00\" \/>\n<meta property=\"og:image\" content=\"https:\/\/tiketi.com\/wp-content\/uploads\/2019\/05\/credit-card-6406010_1280.jpg\" \/>\n\t<meta property=\"og:image:width\" content=\"1200\" \/>\n\t<meta property=\"og:image:height\" content=\"200\" \/>\n\t<meta property=\"og:image:type\" content=\"image\/jpeg\" \/>\n<meta name=\"twitter:card\" content=\"summary_large_image\" \/>\n<meta name=\"twitter:label1\" content=\"Dur\u00e9e de lecture estim\u00e9e\" \/>\n\t<meta name=\"twitter:data1\" content=\"3 minutes\" \/>\n<script type=\"application\/ld+json\" class=\"yoast-schema-graph\">{\"@context\":\"https:\/\/schema.org\",\"@graph\":[{\"@type\":\"WebPage\",\"@id\":\"https:\/\/tiketi.com\/how-to-get-a-visa-card-in-ghana\/\",\"url\":\"https:\/\/tiketi.com\/how-to-get-a-visa-card-in-ghana\/\",\"name\":\"How to get a Visa Card in Ghana Online\",\"isPartOf\":{\"@id\":\"https:\/\/tiketi.com\/#website\"},\"primaryImageOfPage\":{\"@id\":\"https:\/\/tiketi.com\/how-to-get-a-visa-card-in-ghana\/#primaryimage\"},\"image\":{\"@id\":\"https:\/\/tiketi.com\/how-to-get-a-visa-card-in-ghana\/#primaryimage\"},\"thumbnailUrl\":\"https:\/\/tiketi.com\/wp-content\/uploads\/2019\/05\/credit-card-6406010_1280.jpg\",\"datePublished\":\"2022-01-19T11:53:51+00:00\",\"dateModified\":\"2022-02-14T14:45:10+00:00\",\"description\":\"Enjoy the benefits offered by your credit, debit or prepaid Visa card in Ghana? Here is how to get a Visa Card in Ghana online\",\"breadcrumb\":{\"@id\":\"https:\/\/tiketi.com\/how-to-get-a-visa-card-in-ghana\/#breadcrumb\"},\"inLanguage\":\"fr-FR\",\"potentialAction\":[{\"@type\":\"ReadAction\",\"target\":[\"https:\/\/tiketi.com\/how-to-get-a-visa-card-in-ghana\/\"]}]},{\"@type\":\"ImageObject\",\"inLanguage\":\"fr-FR\",\"@id\":\"https:\/\/tiketi.com\/how-to-get-a-visa-card-in-ghana\/#primaryimage\",\"url\":\"https:\/\/tiketi.com\/wp-content\/uploads\/2019\/05\/credit-card-6406010_1280.jpg\",\"contentUrl\":\"https:\/\/tiketi.com\/wp-content\/uploads\/2019\/05\/credit-card-6406010_1280.jpg\",\"width\":1200,\"height\":200,\"caption\":\"How to get a credit card in\"},{\"@type\":\"BreadcrumbList\",\"@id\":\"https:\/\/tiketi.com\/how-to-get-a-visa-card-in-ghana\/#breadcrumb\",\"itemListElement\":[{\"@type\":\"ListItem\",\"position\":1,\"name\":\"Home\",\"item\":\"https:\/\/tiketi.com\/\"},{\"@type\":\"ListItem\",\"position\":2,\"name\":\"How to get a Visa Card in Ghana Online\"}]},{\"@type\":\"WebSite\",\"@id\":\"https:\/\/tiketi.com\/#website\",\"url\":\"https:\/\/tiketi.com\/\",\"name\":\"Flight & Bus Tickets, Tour Packages & Activitites - Tiketi.com\",\"description\":\"Flight &amp; Bus Tickets, Tours, Activitites\",\"publisher\":{\"@id\":\"https:\/\/tiketi.com\/#organization\"},\"potentialAction\":[{\"@type\":\"SearchAction\",\"target\":{\"@type\":\"EntryPoint\",\"urlTemplate\":\"https:\/\/tiketi.com\/?s={search_term_string}\"},\"query-input\":{\"@type\":\"PropertyValueSpecification\",\"valueRequired\":true,\"valueName\":\"search_term_string\"}}],\"inLanguage\":\"fr-FR\"},{\"@type\":\"Organization\",\"@id\":\"https:\/\/tiketi.com\/#organization\",\"name\":\"Tiketi.com\",\"alternateName\":\"Tiketi\",\"url\":\"https:\/\/tiketi.com\/\",\"logo\":{\"@type\":\"ImageObject\",\"inLanguage\":\"fr-FR\",\"@id\":\"https:\/\/tiketi.com\/#\/schema\/logo\/image\/\",\"url\":\"https:\/\/tiketi.com\/wp-content\/uploads\/2019\/05\/tiketi-logo-696.png\",\"contentUrl\":\"https:\/\/tiketi.com\/wp-content\/uploads\/2019\/05\/tiketi-logo-696.png\",\"width\":696,\"height\":696,\"caption\":\"Tiketi.com\"},\"image\":{\"@id\":\"https:\/\/tiketi.com\/#\/schema\/logo\/image\/\"},\"sameAs\":[\"https:\/\/www.facebook.com\/TiketiCom\/\"]}]}<\/script>\n<!-- \/ Yoast SEO plugin. -->","yoast_head_json":{"title":"Comment obtenir une carte Visa au Ghana en ligne","description":"Profiter des avantages offerts par votre carte Visa de cr\u00e9dit, de d\u00e9bit ou pr\u00e9pay\u00e9e au Ghana ? Voici comment obtenir une carte Visa au Ghana en ligne","robots":{"index":"index","follow":"follow","max-snippet":"max-snippet:-1","max-image-preview":"max-image-preview:large","max-video-preview":"max-video-preview:-1"},"canonical":"https:\/\/tiketi.com\/fr-fr\/how-to-get-a-visa-card-in-ghana\/","og_locale":"fr_FR","og_type":"article","og_title":"How to get a Visa Card in Ghana Online","og_description":"Enjoy the benefits offered by your credit, debit or prepaid Visa card in Ghana? Here is how to get a Visa Card in Ghana online","og_url":"https:\/\/tiketi.com\/fr-fr\/how-to-get-a-visa-card-in-ghana\/","og_site_name":"Tiketi.com","article_publisher":"https:\/\/www.facebook.com\/TiketiCom\/","article_modified_time":"2022-02-14T14:45:10+00:00","og_image":[{"width":1200,"height":200,"url":"https:\/\/tiketi.com\/wp-content\/uploads\/2019\/05\/credit-card-6406010_1280.jpg","type":"image\/jpeg"}],"twitter_card":"summary_large_image","twitter_misc":{"Dur\u00e9e de lecture estim\u00e9e":"3 minutes"},"schema":{"@context":"https:\/\/schema.org","@graph":[{"@type":"WebPage","@id":"https:\/\/tiketi.com\/how-to-get-a-visa-card-in-ghana\/","url":"https:\/\/tiketi.com\/how-to-get-a-visa-card-in-ghana\/","name":"Comment obtenir une carte Visa au Ghana en ligne","isPartOf":{"@id":"https:\/\/tiketi.com\/#website"},"primaryImageOfPage":{"@id":"https:\/\/tiketi.com\/how-to-get-a-visa-card-in-ghana\/#primaryimage"},"image":{"@id":"https:\/\/tiketi.com\/how-to-get-a-visa-card-in-ghana\/#primaryimage"},"thumbnailUrl":"https:\/\/tiketi.com\/wp-content\/uploads\/2019\/05\/credit-card-6406010_1280.jpg","datePublished":"2022-01-19T11:53:51+00:00","dateModified":"2022-02-14T14:45:10+00:00","description":"Profiter des avantages offerts par votre carte Visa de cr\u00e9dit, de d\u00e9bit ou pr\u00e9pay\u00e9e au Ghana ? Voici comment obtenir une carte Visa au Ghana en ligne","breadcrumb":{"@id":"https:\/\/tiketi.com\/how-to-get-a-visa-card-in-ghana\/#breadcrumb"},"inLanguage":"fr-FR","potentialAction":[{"@type":"ReadAction","target":["https:\/\/tiketi.com\/how-to-get-a-visa-card-in-ghana\/"]}]},{"@type":"ImageObject","inLanguage":"fr-FR","@id":"https:\/\/tiketi.com\/how-to-get-a-visa-card-in-ghana\/#primaryimage","url":"https:\/\/tiketi.com\/wp-content\/uploads\/2019\/05\/credit-card-6406010_1280.jpg","contentUrl":"https:\/\/tiketi.com\/wp-content\/uploads\/2019\/05\/credit-card-6406010_1280.jpg","width":1200,"height":200,"caption":"How to get a credit card in"},{"@type":"BreadcrumbList","@id":"https:\/\/tiketi.com\/how-to-get-a-visa-card-in-ghana\/#breadcrumb","itemListElement":[{"@type":"ListItem","position":1,"name":"Home","item":"https:\/\/tiketi.com\/"},{"@type":"ListItem","position":2,"name":"How to get a Visa Card in Ghana Online"}]},{"@type":"WebSite","@id":"https:\/\/tiketi.com\/#website","url":"https:\/\/tiketi.com\/","name":"Billets d&#039;avion et de bus, forfaits touristiques et activit\u00e9s - Tiketi.com","description":"Billets d&#039;avion et de bus, Tours, Activit\u00e9s","publisher":{"@id":"https:\/\/tiketi.com\/#organization"},"potentialAction":[{"@type":"SearchAction","target":{"@type":"EntryPoint","urlTemplate":"https:\/\/tiketi.com\/?s={search_term_string}"},"query-input":{"@type":"PropertyValueSpecification","valueRequired":true,"valueName":"search_term_string"}}],"inLanguage":"fr-FR"},{"@type":"Organization","@id":"https:\/\/tiketi.com\/#organization","name":"Tiketi.com","alternateName":"Tiketi","url":"https:\/\/tiketi.com\/","logo":{"@type":"ImageObject","inLanguage":"fr-FR","@id":"https:\/\/tiketi.com\/#\/schema\/logo\/image\/","url":"https:\/\/tiketi.com\/wp-content\/uploads\/2019\/05\/tiketi-logo-696.png","contentUrl":"https:\/\/tiketi.com\/wp-content\/uploads\/2019\/05\/tiketi-logo-696.png","width":696,"height":696,"caption":"Tiketi.com"},"image":{"@id":"https:\/\/tiketi.com\/#\/schema\/logo\/image\/"},"sameAs":["https:\/\/www.facebook.com\/TiketiCom\/"]}]}},"_links":{"self":[{"href":"https:\/\/tiketi.com\/fr-fr\/wp-json\/wp\/v2\/pages\/10818","targetHints":{"allow":["GET"]}}],"collection":[{"href":"https:\/\/tiketi.com\/fr-fr\/wp-json\/wp\/v2\/pages"}],"about":[{"href":"https:\/\/tiketi.com\/fr-fr\/wp-json\/wp\/v2\/types\/page"}],"author":[{"embeddable":true,"href":"https:\/\/tiketi.com\/fr-fr\/wp-json\/wp\/v2\/users\/1"}],"replies":[{"embeddable":true,"href":"https:\/\/tiketi.com\/fr-fr\/wp-json\/wp\/v2\/comments?post=10818"}],"version-history":[{"count":0,"href":"https:\/\/tiketi.com\/fr-fr\/wp-json\/wp\/v2\/pages\/10818\/revisions"}],"wp:featuredmedia":[{"embeddable":true,"href":"https:\/\/tiketi.com\/fr-fr\/wp-json\/wp\/v2\/media\/19588"}],"wp:attachment":[{"href":"https:\/\/tiketi.com\/fr-fr\/wp-json\/wp\/v2\/media?parent=10818"}],"curies":[{"name":"wp","href":"https:\/\/api.w.org\/{rel}","templated":true}]}}