{"id":10820,"date":"2022-01-19T12:53:51","date_gmt":"2022-01-19T11:53:51","guid":{"rendered":"https:\/\/new.tiketi.com\/how-to-get-a-mastercard-in-uganda-online\/"},"modified":"2022-02-14T14:12:36","modified_gmt":"2022-02-14T13:12:36","slug":"how-to-get-a-mastercard-in-uganda","status":"publish","type":"page","link":"https:\/\/tiketi.com\/fr-fr\/how-to-get-a-mastercard-in-uganda\/","title":{"rendered":"Comment obtenir une Mastercard en Ouganda en ligne"},"content":{"rendered":"<h2>Comment demander une Mastercard en Ouganda \u2013 Cartes Visa de cr\u00e9dit, de d\u00e9bit ou pr\u00e9pay\u00e9es<\/h2>\n<h3>Profitez de la libert\u00e9 de faire ce que vous voulez faire. Obtenez une Mastercard en Ouganda en ligne.<\/h3>\n<p>Voici comment obtenir une Mastercard en Ouganda. Avoir et utiliser une carte de cr\u00e9dit est un moyen simple et pratique pour une personne de payer des services et des biens et de faire des r\u00e9servations de chambres d&#039;h\u00f4tel, de vols a\u00e9riens et de voitures de location, d&#039;acheter du temps d&#039;antenne en ligne, vous pouvez acheter\u00a0; Pour payer vos factures, MasterCard est l&#039;un des grands types de cartes de cr\u00e9dit accessibles au consommateur, comme toute marge de cr\u00e9dit. Vous trouverez ci-dessous plus d\u2019informations sur la fa\u00e7on de demander une Mastercard en Ouganda.<\/p>\n<h2>Voici les avantages des Mastercard de cr\u00e9dit, de d\u00e9bit ou pr\u00e9pay\u00e9es et comment obtenir une Mastercard en Ouganda en ligne :<\/h2>\n<p>MasterCard fa\u00e7onne l&#039;avenir de l&#039;argent et en Ouganda en d\u00e9veloppant de nouvelles technologies sophistiqu\u00e9es pour vous aider \u00e0 am\u00e9liorer la fa\u00e7on dont vous faites des affaires avec vos clients, vous acc\u00e9l\u00e9rerez vos clients via le paiement avec des paiements \u00e9lectroniques rapides via les frais Mastercard en Ouganda, sans plus compter la monnaie ou attendre que les clients fassent les ch\u00e8ques.<\/p>\n<h3>Augmenter les ventes<\/h3>\n<p>Le consommateur d\u00e9pense plus lorsqu&#039;il n&#039;est pas limit\u00e9 par ses liquidit\u00e9s, vous pouvez constater une augmentation des achats d&#039;articles \u00e0 marge plus \u00e9lev\u00e9e ainsi que d&#039;articles sp\u00e9cialis\u00e9s, et les clients peuvent visiter votre magasin plus souvent.<br \/>\nLorsque vous utilisez des cartes de d\u00e9bit en Ouganda, vous obtiendrez la relaxation des clients, vos clients encourageront le fait que vous leur permettez la flexibilit\u00e9 de payer comme ils le souhaitent, y compris par carte de d\u00e9bit ou de cr\u00e9dit, MasterCard est accept\u00e9e presque partout et facilement. pour obtenir une Mastercard en Ouganda.<\/p>\n<h3>Am\u00e9liorer l&#039;efficacit\u00e9<\/h3>\n<p>MasterCard am\u00e9liorera l&#039;efficacit\u00e9 de la conversion de devises avec des volumes d&#039;argent r\u00e9duits, vous serez moins vuln\u00e9rable au vol et au vol, et vous g\u00e9rerez et d\u00e9velopperez votre entreprise avec beaucoup de s\u00e9curit\u00e9.<br \/>\nLes transactions par carte sont aujourd&#039;hui effectu\u00e9es par voie \u00e9lectronique\u00a0; Les paiements sans papier peuvent vous faire gagner du temps et de l&#039;argent en r\u00e9duisant la gestion des esp\u00e8ces et le rapprochement des paiements, vous donnant ainsi plus de temps pour vous concentrer sur des choses plus vitales.<\/p>\n<h3>Achat en ligne facile<\/h3>\n<p>MasterCard augmente le trafic et augmente les ventes. Elle fait des affaires sur le Web et profite du Web pour am\u00e9liorer la relation client et d\u00e9velopper votre activit\u00e9.<\/p>\n<p>La carte de cr\u00e9dit MasterCard permet aux utilisateurs d&#039;acheter des services et des biens \u00e0 cr\u00e9dit avec la promesse que l&#039;utilisateur rembourse l&#039;argent soit en une seule fois, soit en versements mensuels.<\/p>\n<h3>Mastercard en Ouganda facile et pratique<\/h3>\n<p>Avoir et utiliser Master Card est un moyen simple et pratique de payer ses achats. Payer par carte de cr\u00e9dit peut inciter les consommateurs \u00e0 ne pas faire correspondre soigneusement leurs achats avec leur capacit\u00e9 \u00e0 payer ces achats, ce qui entra\u00eene une accumulation de dettes de carte de cr\u00e9dit.<\/p>\n<p>MasterCard est plus s\u00fbre que l&#039;argent liquide, votre argent est prot\u00e9g\u00e9 et peut \u00eatre annul\u00e9 d&#039;un simple appel t\u00e9l\u00e9phonique, et il vous aide \u00e0 \u00e9tablir un cr\u00e9dit. Vous pouvez en profiter, vous pouvez l&#039;utiliser partout dans le monde, et les cartes de cr\u00e9dit simplifient grandement les achats sur Internet.<\/p>","protected":false},"excerpt":{"rendered":"<p>How to apply for Mastercard in Uganda &#8211; Credit, Debit or Prepaid Visa Cards Enjoy the freedom to do what you want to do. Get a Mastercard in Uganda online. Here is how to get a Mastercard in Uganda. Having and using a credit card is a simple, convenient way for a person to pay [&hellip;]<\/p>\n","protected":false},"author":1,"featured_media":19588,"parent":0,"menu_order":0,"comment_status":"open","ping_status":"closed","template":"template-home-modern.php","meta":{"footnotes":""},"class_list":["post-10820","page","type-page","status-publish","has-post-thumbnail","hentry"],"yoast_head":"<!-- This site is optimized with the Yoast SEO plugin v27.2 - https:\/\/yoast.com\/product\/yoast-seo-wordpress\/ -->\n<title>How to get a Mastercard in Uganda Online<\/title>\n<meta name=\"description\" content=\"Enjoy the benefits offered by your virtual, credit, debit or prepaid Mastercard in Uganda? Here is how to get a Mastercard in Uganda online\" \/>\n<meta name=\"robots\" content=\"index, follow, max-snippet:-1, max-image-preview:large, max-video-preview:-1\" \/>\n<link rel=\"canonical\" href=\"https:\/\/tiketi.com\/fr-fr\/how-to-get-a-mastercard-in-uganda\/\" \/>\n<meta property=\"og:locale\" content=\"fr_FR\" \/>\n<meta property=\"og:type\" content=\"article\" \/>\n<meta property=\"og:title\" content=\"How to get a Mastercard in Uganda Online\" \/>\n<meta property=\"og:description\" content=\"Enjoy the benefits offered by your virtual, credit, debit or prepaid Mastercard in Uganda? Here is how to get a Mastercard in Uganda online\" \/>\n<meta property=\"og:url\" content=\"https:\/\/tiketi.com\/fr-fr\/how-to-get-a-mastercard-in-uganda\/\" \/>\n<meta property=\"og:site_name\" content=\"Tiketi.com\" \/>\n<meta property=\"article:publisher\" content=\"https:\/\/www.facebook.com\/TiketiCom\/\" \/>\n<meta property=\"article:modified_time\" content=\"2022-02-14T13:12:36+00:00\" \/>\n<meta property=\"og:image\" content=\"https:\/\/tiketi.com\/wp-content\/uploads\/2019\/05\/credit-card-6406010_1280.jpg\" \/>\n\t<meta property=\"og:image:width\" content=\"1200\" \/>\n\t<meta property=\"og:image:height\" content=\"200\" \/>\n\t<meta property=\"og:image:type\" content=\"image\/jpeg\" \/>\n<meta name=\"twitter:card\" content=\"summary_large_image\" \/>\n<meta name=\"twitter:label1\" content=\"Dur\u00e9e de lecture estim\u00e9e\" \/>\n\t<meta name=\"twitter:data1\" content=\"3 minutes\" \/>\n<script type=\"application\/ld+json\" class=\"yoast-schema-graph\">{\"@context\":\"https:\/\/schema.org\",\"@graph\":[{\"@type\":\"WebPage\",\"@id\":\"https:\/\/tiketi.com\/how-to-get-a-mastercard-in-uganda\/\",\"url\":\"https:\/\/tiketi.com\/how-to-get-a-mastercard-in-uganda\/\",\"name\":\"How to get a Mastercard in Uganda Online\",\"isPartOf\":{\"@id\":\"https:\/\/tiketi.com\/#website\"},\"primaryImageOfPage\":{\"@id\":\"https:\/\/tiketi.com\/how-to-get-a-mastercard-in-uganda\/#primaryimage\"},\"image\":{\"@id\":\"https:\/\/tiketi.com\/how-to-get-a-mastercard-in-uganda\/#primaryimage\"},\"thumbnailUrl\":\"https:\/\/tiketi.com\/wp-content\/uploads\/2019\/05\/credit-card-6406010_1280.jpg\",\"datePublished\":\"2022-01-19T11:53:51+00:00\",\"dateModified\":\"2022-02-14T13:12:36+00:00\",\"description\":\"Enjoy the benefits offered by your virtual, credit, debit or prepaid Mastercard in Uganda? Here is how to get a Mastercard in Uganda online\",\"breadcrumb\":{\"@id\":\"https:\/\/tiketi.com\/how-to-get-a-mastercard-in-uganda\/#breadcrumb\"},\"inLanguage\":\"fr-FR\",\"potentialAction\":[{\"@type\":\"ReadAction\",\"target\":[\"https:\/\/tiketi.com\/how-to-get-a-mastercard-in-uganda\/\"]}]},{\"@type\":\"ImageObject\",\"inLanguage\":\"fr-FR\",\"@id\":\"https:\/\/tiketi.com\/how-to-get-a-mastercard-in-uganda\/#primaryimage\",\"url\":\"https:\/\/tiketi.com\/wp-content\/uploads\/2019\/05\/credit-card-6406010_1280.jpg\",\"contentUrl\":\"https:\/\/tiketi.com\/wp-content\/uploads\/2019\/05\/credit-card-6406010_1280.jpg\",\"width\":1200,\"height\":200,\"caption\":\"How to get a credit card in\"},{\"@type\":\"BreadcrumbList\",\"@id\":\"https:\/\/tiketi.com\/how-to-get-a-mastercard-in-uganda\/#breadcrumb\",\"itemListElement\":[{\"@type\":\"ListItem\",\"position\":1,\"name\":\"Home\",\"item\":\"https:\/\/tiketi.com\/\"},{\"@type\":\"ListItem\",\"position\":2,\"name\":\"How to get a Mastercard in Uganda Online\"}]},{\"@type\":\"WebSite\",\"@id\":\"https:\/\/tiketi.com\/#website\",\"url\":\"https:\/\/tiketi.com\/\",\"name\":\"Flight & Bus Tickets, Tour Packages & Activitites - Tiketi.com\",\"description\":\"Flight &amp; Bus Tickets, Tours, Activitites\",\"publisher\":{\"@id\":\"https:\/\/tiketi.com\/#organization\"},\"potentialAction\":[{\"@type\":\"SearchAction\",\"target\":{\"@type\":\"EntryPoint\",\"urlTemplate\":\"https:\/\/tiketi.com\/?s={search_term_string}\"},\"query-input\":{\"@type\":\"PropertyValueSpecification\",\"valueRequired\":true,\"valueName\":\"search_term_string\"}}],\"inLanguage\":\"fr-FR\"},{\"@type\":\"Organization\",\"@id\":\"https:\/\/tiketi.com\/#organization\",\"name\":\"Tiketi.com\",\"alternateName\":\"Tiketi\",\"url\":\"https:\/\/tiketi.com\/\",\"logo\":{\"@type\":\"ImageObject\",\"inLanguage\":\"fr-FR\",\"@id\":\"https:\/\/tiketi.com\/#\/schema\/logo\/image\/\",\"url\":\"https:\/\/tiketi.com\/wp-content\/uploads\/2019\/05\/tiketi-logo-696.png\",\"contentUrl\":\"https:\/\/tiketi.com\/wp-content\/uploads\/2019\/05\/tiketi-logo-696.png\",\"width\":696,\"height\":696,\"caption\":\"Tiketi.com\"},\"image\":{\"@id\":\"https:\/\/tiketi.com\/#\/schema\/logo\/image\/\"},\"sameAs\":[\"https:\/\/www.facebook.com\/TiketiCom\/\"]}]}<\/script>\n<!-- \/ Yoast SEO plugin. -->","yoast_head_json":{"title":"Comment obtenir une Mastercard en Ouganda en ligne","description":"B\u00e9n\u00e9ficiez des avantages offerts par votre Mastercard virtuelle, de cr\u00e9dit, de d\u00e9bit ou pr\u00e9pay\u00e9e en Ouganda ? Voici comment obtenir une Mastercard en Ouganda en ligne","robots":{"index":"index","follow":"follow","max-snippet":"max-snippet:-1","max-image-preview":"max-image-preview:large","max-video-preview":"max-video-preview:-1"},"canonical":"https:\/\/tiketi.com\/fr-fr\/how-to-get-a-mastercard-in-uganda\/","og_locale":"fr_FR","og_type":"article","og_title":"How to get a Mastercard in Uganda Online","og_description":"Enjoy the benefits offered by your virtual, credit, debit or prepaid Mastercard in Uganda? Here is how to get a Mastercard in Uganda online","og_url":"https:\/\/tiketi.com\/fr-fr\/how-to-get-a-mastercard-in-uganda\/","og_site_name":"Tiketi.com","article_publisher":"https:\/\/www.facebook.com\/TiketiCom\/","article_modified_time":"2022-02-14T13:12:36+00:00","og_image":[{"width":1200,"height":200,"url":"https:\/\/tiketi.com\/wp-content\/uploads\/2019\/05\/credit-card-6406010_1280.jpg","type":"image\/jpeg"}],"twitter_card":"summary_large_image","twitter_misc":{"Dur\u00e9e de lecture estim\u00e9e":"3 minutes"},"schema":{"@context":"https:\/\/schema.org","@graph":[{"@type":"WebPage","@id":"https:\/\/tiketi.com\/how-to-get-a-mastercard-in-uganda\/","url":"https:\/\/tiketi.com\/how-to-get-a-mastercard-in-uganda\/","name":"Comment obtenir une Mastercard en Ouganda en ligne","isPartOf":{"@id":"https:\/\/tiketi.com\/#website"},"primaryImageOfPage":{"@id":"https:\/\/tiketi.com\/how-to-get-a-mastercard-in-uganda\/#primaryimage"},"image":{"@id":"https:\/\/tiketi.com\/how-to-get-a-mastercard-in-uganda\/#primaryimage"},"thumbnailUrl":"https:\/\/tiketi.com\/wp-content\/uploads\/2019\/05\/credit-card-6406010_1280.jpg","datePublished":"2022-01-19T11:53:51+00:00","dateModified":"2022-02-14T13:12:36+00:00","description":"B\u00e9n\u00e9ficiez des avantages offerts par votre Mastercard virtuelle, de cr\u00e9dit, de d\u00e9bit ou pr\u00e9pay\u00e9e en Ouganda ? Voici comment obtenir une Mastercard en Ouganda en ligne","breadcrumb":{"@id":"https:\/\/tiketi.com\/how-to-get-a-mastercard-in-uganda\/#breadcrumb"},"inLanguage":"fr-FR","potentialAction":[{"@type":"ReadAction","target":["https:\/\/tiketi.com\/how-to-get-a-mastercard-in-uganda\/"]}]},{"@type":"ImageObject","inLanguage":"fr-FR","@id":"https:\/\/tiketi.com\/how-to-get-a-mastercard-in-uganda\/#primaryimage","url":"https:\/\/tiketi.com\/wp-content\/uploads\/2019\/05\/credit-card-6406010_1280.jpg","contentUrl":"https:\/\/tiketi.com\/wp-content\/uploads\/2019\/05\/credit-card-6406010_1280.jpg","width":1200,"height":200,"caption":"How to get a credit card in"},{"@type":"BreadcrumbList","@id":"https:\/\/tiketi.com\/how-to-get-a-mastercard-in-uganda\/#breadcrumb","itemListElement":[{"@type":"ListItem","position":1,"name":"Home","item":"https:\/\/tiketi.com\/"},{"@type":"ListItem","position":2,"name":"How to get a Mastercard in Uganda Online"}]},{"@type":"WebSite","@id":"https:\/\/tiketi.com\/#website","url":"https:\/\/tiketi.com\/","name":"Billets d&#039;avion et de bus, forfaits touristiques et activit\u00e9s - Tiketi.com","description":"Billets d&#039;avion et de bus, Tours, Activit\u00e9s","publisher":{"@id":"https:\/\/tiketi.com\/#organization"},"potentialAction":[{"@type":"SearchAction","target":{"@type":"EntryPoint","urlTemplate":"https:\/\/tiketi.com\/?s={search_term_string}"},"query-input":{"@type":"PropertyValueSpecification","valueRequired":true,"valueName":"search_term_string"}}],"inLanguage":"fr-FR"},{"@type":"Organization","@id":"https:\/\/tiketi.com\/#organization","name":"Tiketi.com","alternateName":"Tiketi","url":"https:\/\/tiketi.com\/","logo":{"@type":"ImageObject","inLanguage":"fr-FR","@id":"https:\/\/tiketi.com\/#\/schema\/logo\/image\/","url":"https:\/\/tiketi.com\/wp-content\/uploads\/2019\/05\/tiketi-logo-696.png","contentUrl":"https:\/\/tiketi.com\/wp-content\/uploads\/2019\/05\/tiketi-logo-696.png","width":696,"height":696,"caption":"Tiketi.com"},"image":{"@id":"https:\/\/tiketi.com\/#\/schema\/logo\/image\/"},"sameAs":["https:\/\/www.facebook.com\/TiketiCom\/"]}]}},"_links":{"self":[{"href":"https:\/\/tiketi.com\/fr-fr\/wp-json\/wp\/v2\/pages\/10820","targetHints":{"allow":["GET"]}}],"collection":[{"href":"https:\/\/tiketi.com\/fr-fr\/wp-json\/wp\/v2\/pages"}],"about":[{"href":"https:\/\/tiketi.com\/fr-fr\/wp-json\/wp\/v2\/types\/page"}],"author":[{"embeddable":true,"href":"https:\/\/tiketi.com\/fr-fr\/wp-json\/wp\/v2\/users\/1"}],"replies":[{"embeddable":true,"href":"https:\/\/tiketi.com\/fr-fr\/wp-json\/wp\/v2\/comments?post=10820"}],"version-history":[{"count":0,"href":"https:\/\/tiketi.com\/fr-fr\/wp-json\/wp\/v2\/pages\/10820\/revisions"}],"wp:featuredmedia":[{"embeddable":true,"href":"https:\/\/tiketi.com\/fr-fr\/wp-json\/wp\/v2\/media\/19588"}],"wp:attachment":[{"href":"https:\/\/tiketi.com\/fr-fr\/wp-json\/wp\/v2\/media?parent=10820"}],"curies":[{"name":"wp","href":"https:\/\/api.w.org\/{rel}","templated":true}]}}