{"id":10821,"date":"2022-01-19T12:53:51","date_gmt":"2022-01-19T11:53:51","guid":{"rendered":"https:\/\/new.tiketi.com\/how-to-get-a-credit-card-in-south-africa-online-best-credit-cards\/"},"modified":"2022-07-14T13:02:03","modified_gmt":"2022-07-14T12:02:03","slug":"how-to-get-a-credit-card-in-south-africa-and-use","status":"publish","type":"page","link":"https:\/\/tiketi.com\/fr-fr\/how-to-get-a-credit-card-in-south-africa-and-use\/","title":{"rendered":"Comment obtenir une carte de cr\u00e9dit en Afrique du Sud en ligne \u2013 Meilleures cartes de cr\u00e9dit"},"content":{"rendered":"<p><strong>Un d:\u00a0<\/strong><\/p>\n<p><strong><a href=\"https:\/\/fiymo.com\/register\" target=\"_blank\" rel=\"noopener\"><\/a><\/strong><\/p>\n<h2>Meilleures cartes de cr\u00e9dit en Afrique du Sud \u2013 Visa, MasterCard ou American Express<\/h2>\n<h3>Profitez de la libert\u00e9 de faire ce que vous voulez faire. Obtenez une carte de cr\u00e9dit en Afrique du Sud en ligne.<\/h3>\n<p>Voici comment obtenir une carte de cr\u00e9dit en Afrique du Sud en ligne. Votre banque vient donc de vous fournir une carte de d\u00e9bit Visa avec le nouveau compte que vous avez ouvert, mais vous n&#039;avez aucune id\u00e9e de ce dont il s&#039;agit. Une carte de d\u00e9bit peut ressembler \u00e0 une carte de cr\u00e9dit, mais ne fonctionne pas comme une carte de cr\u00e9dit. Avec une carte de cr\u00e9dit, vous prenez un cr\u00e9dit aupr\u00e8s de l&#039;autorit\u00e9 \u00e9mettrice pour effectuer des achats \u00e0 cr\u00e9dit, vous utilisez votre propre devise pour acheter quelque chose par d\u00e9bit. Bien que les deux vous aident \u00e0 acheter des choses sans avoir \u00e0 emporter d\u2019argent liquide, leur fonctionnement est compl\u00e8tement diff\u00e9rent. Voici ce qu&#039;il faut savoir sur la fa\u00e7on de demander une carte de cr\u00e9dit en Afrique du Sud.<\/p>\n<h2>Voici les avantages des cartes MasterCard, American Express ou Visa et comment obtenir une carte bancaire en Afrique du Sud en ligne :<\/h2>\n<h3>Les cartes de cr\u00e9dit en Afrique du Sud stoppent l&#039;endettement, mais les fonds s&#039;\u00e9puisent<\/h3>\n<p>Pour beaucoup, l\u2019avantage des cartes de d\u00e9bit Visa en Afrique du Sud est que vous ne vous endetterez pas en les utilisant. Ils limitent les d\u00e9penses \u00e0 ce qui est polyvalent dans votre compte courant. Il n\u2019y aurait pas non plus de frais d\u2019int\u00e9r\u00eat chaque mois.<br \/>\nQuoi qu&#039;il en soit, lorsque vous manquez d&#039;argent, la carte sera refus\u00e9e, auquel cas la banque paiera la totalit\u00e9 de la transaction.<\/p>\n<h3>Ils sont simples \u00e0 obtenir mais n\u00e9cessitent un code PIN<\/h3>\n<p>Les cartes de d\u00e9bit Visa sont simples \u00e0 obtenir si vous n&#039;avez pas de cr\u00e9dit ou si vous en avez un mauvais. Si vous pouvez obtenir un compte courant, vous pouvez obtenir une carte de cr\u00e9dit de d\u00e9bit en Afrique du Sud.<\/p>\n<p>En revanche, vous devez demander une carte de cr\u00e9dit s\u00e9par\u00e9ment, et certaines cartes sont r\u00e9serv\u00e9es aux personnes ayant les meilleurs scores de cr\u00e9dit. Si vous obtenez une carte d&#039;une banque autre que celle o\u00f9 vous effectuez vos op\u00e9rations bancaires, elle ne sera pas non plus rattach\u00e9e \u00e0 un compte bancaire, ce qui compliquera davantage vos finances. Vous aurez g\u00e9n\u00e9ralement un mot de passe et un nom d&#039;utilisateur suppl\u00e9mentaires, un autre num\u00e9ro de carte qui peut \u00eatre vol\u00e9 et un paiement suppl\u00e9mentaire dont vous avez besoin pour rester au top chaque mois.<\/p>\n<h3>Ils sont les meilleurs pour les petits achats mais compliquent les gros<\/h3>\n<p>Les commer\u00e7ants paient des frais pour traiter votre paiement, et les frais de carte Visa en Afrique du Sud sont g\u00e9n\u00e9ralement bien inf\u00e9rieurs aux frais de carte de cr\u00e9dit. En cons\u00e9quence, certains commer\u00e7ants exigent que vous respectiez des seuils d&#039;achat minimum lorsque vous utilisez une carte de cr\u00e9dit, comme un minimum $15, par exemple. En revanche, vous pouvez g\u00e9n\u00e9ralement \u00e9viter les frais de balayage lorsque vous utilisez une carte de d\u00e9bit, tout en conservant \u00e9galement les frais de votre entreprise pr\u00e9f\u00e9r\u00e9e.<\/p>\n<p>Les d\u00e9penses li\u00e9es aux cartes de cr\u00e9dit en Afrique du Sud sont des cr\u00e9dits, vous n&#039;avez donc pas \u00e0 rembourser imm\u00e9diatement ce que vous avez emprunt\u00e9. Cela simplifie la gestion des gros achats.<\/p>\n<h2>Comment obtenir une carte de cr\u00e9dit en Afrique du Sud, conseils en ligne<\/h2>\n<p>Outre le pouvoir d\u2019achat, vous pouvez utiliser votre carte Visa pour retirer de l\u2019argent aux distributeurs automatiques.<\/p>","protected":false},"excerpt":{"rendered":"<p>Ad:\u00a0 Best Credit Cards in South Africa\u00a0 &#8211;\u00a0Visa, MasterCard or American Express Enjoy the freedom to do what you want to do. Get a credit card in South Africa online. Here is how to get a credit card in South Africa online. So your bank has just provided you a Visa debit card with the [&hellip;]<\/p>\n","protected":false},"author":1,"featured_media":19588,"parent":0,"menu_order":0,"comment_status":"open","ping_status":"closed","template":"template-home-modern.php","meta":{"footnotes":""},"class_list":["post-10821","page","type-page","status-publish","has-post-thumbnail","hentry"],"yoast_head":"<!-- This site is optimized with the Yoast SEO plugin v27.5 - https:\/\/yoast.com\/product\/yoast-seo-wordpress\/ -->\n<title>How to get a credit card in South Africa online - Best credit cards<\/title>\n<meta name=\"description\" content=\"Are you looking for cash back, business, travel, virtual, debit, prepaid credit cards in South Africa? Here is how to get a credit card in South Africa online\" \/>\n<meta name=\"robots\" content=\"index, follow, max-snippet:-1, max-image-preview:large, max-video-preview:-1\" \/>\n<link rel=\"canonical\" href=\"https:\/\/tiketi.com\/fr-fr\/how-to-get-a-credit-card-in-south-africa-and-use\/\" \/>\n<meta property=\"og:locale\" content=\"fr_FR\" \/>\n<meta property=\"og:type\" content=\"article\" \/>\n<meta property=\"og:title\" content=\"How to get a credit card in South Africa online - Best credit cards\" \/>\n<meta property=\"og:description\" content=\"Are you looking for cash back, business, travel, virtual, debit, prepaid credit cards in South Africa? Here is how to get a credit card in South Africa online\" \/>\n<meta property=\"og:url\" content=\"https:\/\/tiketi.com\/fr-fr\/how-to-get-a-credit-card-in-south-africa-and-use\/\" \/>\n<meta property=\"og:site_name\" content=\"Tiketi.com\" \/>\n<meta property=\"article:publisher\" content=\"https:\/\/www.facebook.com\/TiketiCom\/\" \/>\n<meta property=\"article:modified_time\" content=\"2022-07-14T12:02:03+00:00\" \/>\n<meta property=\"og:image\" content=\"https:\/\/tiketi.com\/wp-content\/uploads\/2019\/05\/credit-card-6406010_1280.jpg\" \/>\n\t<meta property=\"og:image:width\" content=\"1200\" \/>\n\t<meta property=\"og:image:height\" content=\"200\" \/>\n\t<meta property=\"og:image:type\" content=\"image\/jpeg\" \/>\n<meta name=\"twitter:card\" content=\"summary_large_image\" \/>\n<meta name=\"twitter:label1\" content=\"Dur\u00e9e de lecture estim\u00e9e\" \/>\n\t<meta name=\"twitter:data1\" content=\"3 minutes\" \/>\n<script type=\"application\/ld+json\" class=\"yoast-schema-graph\">{\"@context\":\"https:\\\/\\\/schema.org\",\"@graph\":[{\"@type\":\"WebPage\",\"@id\":\"https:\\\/\\\/tiketi.com\\\/en-gb\\\/how-to-get-a-credit-card-in-south-africa-and-use\\\/\",\"url\":\"https:\\\/\\\/tiketi.com\\\/en-gb\\\/how-to-get-a-credit-card-in-south-africa-and-use\\\/\",\"name\":\"How to get a credit card in South Africa online - Best credit cards\",\"isPartOf\":{\"@id\":\"https:\\\/\\\/tiketi.com\\\/#website\"},\"primaryImageOfPage\":{\"@id\":\"https:\\\/\\\/tiketi.com\\\/en-gb\\\/how-to-get-a-credit-card-in-south-africa-and-use\\\/#primaryimage\"},\"image\":{\"@id\":\"https:\\\/\\\/tiketi.com\\\/en-gb\\\/how-to-get-a-credit-card-in-south-africa-and-use\\\/#primaryimage\"},\"thumbnailUrl\":\"https:\\\/\\\/tiketi.com\\\/wp-content\\\/uploads\\\/2019\\\/05\\\/credit-card-6406010_1280.jpg\",\"datePublished\":\"2022-01-19T11:53:51+00:00\",\"dateModified\":\"2022-07-14T12:02:03+00:00\",\"description\":\"Are you looking for cash back, business, travel, virtual, debit, prepaid credit cards in South Africa? Here is how to get a credit card in South Africa online\",\"breadcrumb\":{\"@id\":\"https:\\\/\\\/tiketi.com\\\/en-gb\\\/how-to-get-a-credit-card-in-south-africa-and-use\\\/#breadcrumb\"},\"inLanguage\":\"fr-FR\",\"potentialAction\":[{\"@type\":\"ReadAction\",\"target\":[\"https:\\\/\\\/tiketi.com\\\/en-gb\\\/how-to-get-a-credit-card-in-south-africa-and-use\\\/\"]}]},{\"@type\":\"ImageObject\",\"inLanguage\":\"fr-FR\",\"@id\":\"https:\\\/\\\/tiketi.com\\\/en-gb\\\/how-to-get-a-credit-card-in-south-africa-and-use\\\/#primaryimage\",\"url\":\"https:\\\/\\\/tiketi.com\\\/wp-content\\\/uploads\\\/2019\\\/05\\\/credit-card-6406010_1280.jpg\",\"contentUrl\":\"https:\\\/\\\/tiketi.com\\\/wp-content\\\/uploads\\\/2019\\\/05\\\/credit-card-6406010_1280.jpg\",\"width\":1200,\"height\":200,\"caption\":\"How to get a credit card in\"},{\"@type\":\"BreadcrumbList\",\"@id\":\"https:\\\/\\\/tiketi.com\\\/en-gb\\\/how-to-get-a-credit-card-in-south-africa-and-use\\\/#breadcrumb\",\"itemListElement\":[{\"@type\":\"ListItem\",\"position\":1,\"name\":\"Home\",\"item\":\"https:\\\/\\\/tiketi.com\\\/\"},{\"@type\":\"ListItem\",\"position\":2,\"name\":\"How to get a credit card in South Africa online &#8211; Best credit cards\"}]},{\"@type\":\"WebSite\",\"@id\":\"https:\\\/\\\/tiketi.com\\\/#website\",\"url\":\"https:\\\/\\\/tiketi.com\\\/\",\"name\":\"Flight & Bus Tickets, Tour Packages & Activitites - Tiketi.com\",\"description\":\"Flight &amp; Bus Tickets, Tours, Activitites\",\"publisher\":{\"@id\":\"https:\\\/\\\/tiketi.com\\\/#organization\"},\"potentialAction\":[{\"@type\":\"SearchAction\",\"target\":{\"@type\":\"EntryPoint\",\"urlTemplate\":\"https:\\\/\\\/tiketi.com\\\/?s={search_term_string}\"},\"query-input\":{\"@type\":\"PropertyValueSpecification\",\"valueRequired\":true,\"valueName\":\"search_term_string\"}}],\"inLanguage\":\"fr-FR\"},{\"@type\":\"Organization\",\"@id\":\"https:\\\/\\\/tiketi.com\\\/#organization\",\"name\":\"Tiketi.com\",\"alternateName\":\"Tiketi\",\"url\":\"https:\\\/\\\/tiketi.com\\\/\",\"logo\":{\"@type\":\"ImageObject\",\"inLanguage\":\"fr-FR\",\"@id\":\"https:\\\/\\\/tiketi.com\\\/#\\\/schema\\\/logo\\\/image\\\/\",\"url\":\"https:\\\/\\\/tiketi.com\\\/wp-content\\\/uploads\\\/2019\\\/05\\\/tiketi-logo-696.png\",\"contentUrl\":\"https:\\\/\\\/tiketi.com\\\/wp-content\\\/uploads\\\/2019\\\/05\\\/tiketi-logo-696.png\",\"width\":696,\"height\":696,\"caption\":\"Tiketi.com\"},\"image\":{\"@id\":\"https:\\\/\\\/tiketi.com\\\/#\\\/schema\\\/logo\\\/image\\\/\"},\"sameAs\":[\"https:\\\/\\\/www.facebook.com\\\/TiketiCom\\\/\"]}]}<\/script>\n<!-- \/ Yoast SEO plugin. -->","yoast_head_json":{"title":"Comment obtenir une carte de cr\u00e9dit en Afrique du Sud en ligne - Meilleures cartes de cr\u00e9dit","description":"\u00cates-vous \u00e0 la recherche de cartes de remise en argent, d&#039;affaires, de voyage, virtuelles, de d\u00e9bit ou de cr\u00e9dit pr\u00e9pay\u00e9es en Afrique du Sud\u00a0? Voici comment obtenir une carte de cr\u00e9dit en Afrique du Sud en ligne","robots":{"index":"index","follow":"follow","max-snippet":"max-snippet:-1","max-image-preview":"max-image-preview:large","max-video-preview":"max-video-preview:-1"},"canonical":"https:\/\/tiketi.com\/fr-fr\/how-to-get-a-credit-card-in-south-africa-and-use\/","og_locale":"fr_FR","og_type":"article","og_title":"How to get a credit card in South Africa online - Best credit cards","og_description":"Are you looking for cash back, business, travel, virtual, debit, prepaid credit cards in South Africa? Here is how to get a credit card in South Africa online","og_url":"https:\/\/tiketi.com\/fr-fr\/how-to-get-a-credit-card-in-south-africa-and-use\/","og_site_name":"Tiketi.com","article_publisher":"https:\/\/www.facebook.com\/TiketiCom\/","article_modified_time":"2022-07-14T12:02:03+00:00","og_image":[{"width":1200,"height":200,"url":"https:\/\/tiketi.com\/wp-content\/uploads\/2019\/05\/credit-card-6406010_1280.jpg","type":"image\/jpeg"}],"twitter_card":"summary_large_image","twitter_misc":{"Dur\u00e9e de lecture estim\u00e9e":"3 minutes"},"schema":{"@context":"https:\/\/schema.org","@graph":[{"@type":"WebPage","@id":"https:\/\/tiketi.com\/en-gb\/how-to-get-a-credit-card-in-south-africa-and-use\/","url":"https:\/\/tiketi.com\/en-gb\/how-to-get-a-credit-card-in-south-africa-and-use\/","name":"Comment obtenir une carte de cr\u00e9dit en Afrique du Sud en ligne - Meilleures cartes de cr\u00e9dit","isPartOf":{"@id":"https:\/\/tiketi.com\/#website"},"primaryImageOfPage":{"@id":"https:\/\/tiketi.com\/en-gb\/how-to-get-a-credit-card-in-south-africa-and-use\/#primaryimage"},"image":{"@id":"https:\/\/tiketi.com\/en-gb\/how-to-get-a-credit-card-in-south-africa-and-use\/#primaryimage"},"thumbnailUrl":"https:\/\/tiketi.com\/wp-content\/uploads\/2019\/05\/credit-card-6406010_1280.jpg","datePublished":"2022-01-19T11:53:51+00:00","dateModified":"2022-07-14T12:02:03+00:00","description":"\u00cates-vous \u00e0 la recherche de cartes de remise en argent, d&#039;affaires, de voyage, virtuelles, de d\u00e9bit ou de cr\u00e9dit pr\u00e9pay\u00e9es en Afrique du Sud\u00a0? Voici comment obtenir une carte de cr\u00e9dit en Afrique du Sud en ligne","breadcrumb":{"@id":"https:\/\/tiketi.com\/en-gb\/how-to-get-a-credit-card-in-south-africa-and-use\/#breadcrumb"},"inLanguage":"fr-FR","potentialAction":[{"@type":"ReadAction","target":["https:\/\/tiketi.com\/en-gb\/how-to-get-a-credit-card-in-south-africa-and-use\/"]}]},{"@type":"ImageObject","inLanguage":"fr-FR","@id":"https:\/\/tiketi.com\/en-gb\/how-to-get-a-credit-card-in-south-africa-and-use\/#primaryimage","url":"https:\/\/tiketi.com\/wp-content\/uploads\/2019\/05\/credit-card-6406010_1280.jpg","contentUrl":"https:\/\/tiketi.com\/wp-content\/uploads\/2019\/05\/credit-card-6406010_1280.jpg","width":1200,"height":200,"caption":"How to get a credit card in"},{"@type":"BreadcrumbList","@id":"https:\/\/tiketi.com\/en-gb\/how-to-get-a-credit-card-in-south-africa-and-use\/#breadcrumb","itemListElement":[{"@type":"ListItem","position":1,"name":"Home","item":"https:\/\/tiketi.com\/"},{"@type":"ListItem","position":2,"name":"How to get a credit card in South Africa online &#8211; Best credit cards"}]},{"@type":"WebSite","@id":"https:\/\/tiketi.com\/#website","url":"https:\/\/tiketi.com\/","name":"Billets d&#039;avion et de bus, forfaits touristiques et activit\u00e9s - Tiketi.com","description":"Billets d&#039;avion et de bus, Tours, Activit\u00e9s","publisher":{"@id":"https:\/\/tiketi.com\/#organization"},"potentialAction":[{"@type":"SearchAction","target":{"@type":"EntryPoint","urlTemplate":"https:\/\/tiketi.com\/?s={search_term_string}"},"query-input":{"@type":"PropertyValueSpecification","valueRequired":true,"valueName":"search_term_string"}}],"inLanguage":"fr-FR"},{"@type":"Organization","@id":"https:\/\/tiketi.com\/#organization","name":"Tiketi.com","alternateName":"Tiketi","url":"https:\/\/tiketi.com\/","logo":{"@type":"ImageObject","inLanguage":"fr-FR","@id":"https:\/\/tiketi.com\/#\/schema\/logo\/image\/","url":"https:\/\/tiketi.com\/wp-content\/uploads\/2019\/05\/tiketi-logo-696.png","contentUrl":"https:\/\/tiketi.com\/wp-content\/uploads\/2019\/05\/tiketi-logo-696.png","width":696,"height":696,"caption":"Tiketi.com"},"image":{"@id":"https:\/\/tiketi.com\/#\/schema\/logo\/image\/"},"sameAs":["https:\/\/www.facebook.com\/TiketiCom\/"]}]}},"_links":{"self":[{"href":"https:\/\/tiketi.com\/fr-fr\/wp-json\/wp\/v2\/pages\/10821","targetHints":{"allow":["GET"]}}],"collection":[{"href":"https:\/\/tiketi.com\/fr-fr\/wp-json\/wp\/v2\/pages"}],"about":[{"href":"https:\/\/tiketi.com\/fr-fr\/wp-json\/wp\/v2\/types\/page"}],"author":[{"embeddable":true,"href":"https:\/\/tiketi.com\/fr-fr\/wp-json\/wp\/v2\/users\/1"}],"replies":[{"embeddable":true,"href":"https:\/\/tiketi.com\/fr-fr\/wp-json\/wp\/v2\/comments?post=10821"}],"version-history":[{"count":0,"href":"https:\/\/tiketi.com\/fr-fr\/wp-json\/wp\/v2\/pages\/10821\/revisions"}],"wp:featuredmedia":[{"embeddable":true,"href":"https:\/\/tiketi.com\/fr-fr\/wp-json\/wp\/v2\/media\/19588"}],"wp:attachment":[{"href":"https:\/\/tiketi.com\/fr-fr\/wp-json\/wp\/v2\/media?parent=10821"}],"curies":[{"name":"wp","href":"https:\/\/api.w.org\/{rel}","templated":true}]}}