{"id":10822,"date":"2022-01-19T12:53:51","date_gmt":"2022-01-19T11:53:51","guid":{"rendered":"https:\/\/new.tiketi.com\/how-to-get-a-credit-card-in-egypt-online-best-credit-cards\/"},"modified":"2022-07-14T13:02:03","modified_gmt":"2022-07-14T12:02:03","slug":"how-to-get-a-credit-card-in-egypt-and-use","status":"publish","type":"page","link":"https:\/\/tiketi.com\/fr-fr\/how-to-get-a-credit-card-in-egypt-and-use\/","title":{"rendered":"Comment obtenir une carte de cr\u00e9dit en Egypte en ligne \u2013 Meilleures cartes de cr\u00e9dit"},"content":{"rendered":"<p><strong>Un d:\u00a0<\/strong><\/p>\n<p><strong><a href=\"https:\/\/fiymo.com\/register\" target=\"_blank\" rel=\"noopener\"><\/a><\/strong><\/p>\n<h2>Meilleures cartes de cr\u00e9dit en \u00c9gypte - Cartes de cr\u00e9dit et cartes de d\u00e9bit virtuelles et pr\u00e9pay\u00e9es en ligne<\/h2>\n<h3>Profitez de la libert\u00e9 de faire ce que vous voulez faire. Obtenez une carte de cr\u00e9dit en \u00c9gypte en ligne.<\/h3>\n<p>Voici comment obtenir une carte de cr\u00e9dit en \u00c9gypte en ligne. Les cartes de cr\u00e9dit en \u00c9gypte pourraient \u00eatre un moyen flexible et pratique d&#039;emprunter de l&#039;argent, ce qui vous permet de faire des achats que vous pourrez payer \u00e0 l&#039;avenir. Avant de souscrire une carte de cr\u00e9dit ou d&#039;utiliser des moyens de cr\u00e9er une carte de cr\u00e9dit en \u00c9gypte, il est essentiel d&#039;\u00eatre conscient des co\u00fbts potentiels et de vous assurer que vous n&#039;empruntez que ce que vous pouvez vous permettre de rembourser. Pour tirer le meilleur parti de vos cartes de cr\u00e9dit \u00e9gyptiennes, il est essentiel que vous soyez en mesure de respecter vos dates de paiement et de payer parfaitement en totalit\u00e9 chaque mois.<\/p>\n<p>Si vous ne savez pas si les cartes de cr\u00e9dit sont faites pour vous ou non, nous avons rassembl\u00e9 quelques-uns des avantages auxquels vous pouvez vous attendre.<\/p>\n<h2>Comment obtenir une carte de cr\u00e9dit en Egypte FAQ en ligne<\/h2>\n<h3>Les cartes de cr\u00e9dit en \u00c9gypte pourraient vous aider \u00e0 \u00e9tablir un bon historique de cr\u00e9dit<\/h3>\n<p>En payant le solde de votre carte de cr\u00e9dit \u00e0 temps chaque mois, vous pourriez contribuer \u00e0 \u00e9tablir un bon historique de cr\u00e9dit. Il est essentiel de le faire, car le pr\u00eateur examinera votre historique de cr\u00e9dit et l&#039;aidera \u00e0 planifier s&#039;il doit vous pr\u00eater ou non. En plus de vous aider \u00e0 acc\u00e9der au cr\u00e9dit via la fa\u00e7on d&#039;obtenir une carte de cr\u00e9dit en \u00c9gypte, avoir un meilleur historique de cr\u00e9dit pourrait \u00e9galement vous aider beaucoup sur des choses comme votre contrat de t\u00e9l\u00e9phonie mobile.<\/p>\n<p>Mais il est essentiel de garder \u00e0 l&#039;esprit que si vous ne g\u00e9rez pas bien votre carte, cela d\u00e9truira votre historique de cr\u00e9dit, ce qui pourrait entra\u00eener des probl\u00e8mes lors de la demande de cr\u00e9dit \u00e0 l&#039;avenir.<\/p>\n<h3>Emprunter de l&#039;argent sans payer d&#039;int\u00e9r\u00eat<\/h3>\n<p>Si vous remboursez le solde complet de votre relev\u00e9 chaque mois, vous aurez jusqu&#039;\u00e0 cinquante-six jours sans int\u00e9r\u00eat. Cela signifie que vous ne paierez aucun int\u00e9r\u00eat sur ce que vous d\u00e9pensez pendant cinquante-six jours, selon la date de votre achat et la date d&#039;\u00e9ch\u00e9ance du paiement.<\/p>\n<p>Certaines cartes de cr\u00e9dit de d\u00e9bit en \u00c9gypte sont \u00e9galement assorties d&#039;une offre d&#039;achat sans int\u00e9r\u00eat. Cela signifie qu&#039;en payant au moins vos paiements les plus bas chaque mois, vous pourriez profiter d&#039;une p\u00e9riode d&#039;int\u00e9r\u00eat prolong\u00e9e sur les achats que vous effectuez. Vous pourriez diminuer votre solde plus rapidement si vous payez plus que le paiement minimum chaque mois.<\/p>\n<h2>Comment obtenir une carte de cr\u00e9dit en Egypte conseils en ligne<\/h2>\n<h3>Les cartes de cr\u00e9dit en \u00c9gypte vous aident \u00e0 savoir combien vous d\u00e9pensez<\/h3>\n<p>Chaque transaction que vous avez effectu\u00e9e est pr\u00e9sent\u00e9e sur vos relev\u00e9s, il est donc simple de surveiller combien vous d\u00e9pensez chaque mois. Cela peut \u00eatre un outil de budg\u00e9tisation de soutien, et de nombreuses soci\u00e9t\u00e9s de cartes de cr\u00e9dit ont \u00e9galement un service en ligne o\u00f9 vous pouvez voir vos derni\u00e8res transactions en d\u00e9tail.<\/p>","protected":false},"excerpt":{"rendered":"<p>Ad:\u00a0 Best Egypt Credit Cards &#8211; Online Virtual, Prepaid Credit Card &amp; Debit Cards Enjoy the freedom to do what you want to do. Get a credit card in Egypt online. Here is how to get a credit card in Egypt online. Credit cards in Egypt could be a flexible and convenient way of borrowing [&hellip;]<\/p>\n","protected":false},"author":1,"featured_media":19588,"parent":0,"menu_order":0,"comment_status":"open","ping_status":"closed","template":"template-home-modern.php","meta":{"footnotes":""},"class_list":["post-10822","page","type-page","status-publish","has-post-thumbnail","hentry"],"yoast_head":"<!-- This site is optimized with the Yoast SEO plugin v27.3 - https:\/\/yoast.com\/product\/yoast-seo-wordpress\/ -->\n<title>How to get a credit card in Egypt online - Best credit cards<\/title>\n<meta name=\"description\" content=\"Are you looking for cash back, business, travel, virtual, debit, prepaid credit cards in Egypt? Here is how to get a credit card in Egypt online\" \/>\n<meta name=\"robots\" content=\"index, follow, max-snippet:-1, max-image-preview:large, max-video-preview:-1\" \/>\n<link rel=\"canonical\" href=\"https:\/\/tiketi.com\/fr-fr\/how-to-get-a-credit-card-in-egypt-and-use\/\" \/>\n<meta property=\"og:locale\" content=\"fr_FR\" \/>\n<meta property=\"og:type\" content=\"article\" \/>\n<meta property=\"og:title\" content=\"How to get a credit card in Egypt online - Best credit cards\" \/>\n<meta property=\"og:description\" content=\"Are you looking for cash back, business, travel, virtual, debit, prepaid credit cards in Egypt? Here is how to get a credit card in Egypt online\" \/>\n<meta property=\"og:url\" content=\"https:\/\/tiketi.com\/fr-fr\/how-to-get-a-credit-card-in-egypt-and-use\/\" \/>\n<meta property=\"og:site_name\" content=\"Tiketi.com\" \/>\n<meta property=\"article:publisher\" content=\"https:\/\/www.facebook.com\/TiketiCom\/\" \/>\n<meta property=\"article:modified_time\" content=\"2022-07-14T12:02:03+00:00\" \/>\n<meta property=\"og:image\" content=\"https:\/\/tiketi.com\/wp-content\/uploads\/2019\/05\/credit-card-6406010_1280.jpg\" \/>\n\t<meta property=\"og:image:width\" content=\"1200\" \/>\n\t<meta property=\"og:image:height\" content=\"200\" \/>\n\t<meta property=\"og:image:type\" content=\"image\/jpeg\" \/>\n<meta name=\"twitter:card\" content=\"summary_large_image\" \/>\n<meta name=\"twitter:label1\" content=\"Dur\u00e9e de lecture estim\u00e9e\" \/>\n\t<meta name=\"twitter:data1\" content=\"3 minutes\" \/>\n<script type=\"application\/ld+json\" class=\"yoast-schema-graph\">{\"@context\":\"https:\\\/\\\/schema.org\",\"@graph\":[{\"@type\":\"WebPage\",\"@id\":\"https:\\\/\\\/tiketi.com\\\/how-to-get-a-credit-card-in-egypt-and-use\\\/\",\"url\":\"https:\\\/\\\/tiketi.com\\\/how-to-get-a-credit-card-in-egypt-and-use\\\/\",\"name\":\"How to get a credit card in Egypt online - Best credit cards\",\"isPartOf\":{\"@id\":\"https:\\\/\\\/tiketi.com\\\/#website\"},\"primaryImageOfPage\":{\"@id\":\"https:\\\/\\\/tiketi.com\\\/how-to-get-a-credit-card-in-egypt-and-use\\\/#primaryimage\"},\"image\":{\"@id\":\"https:\\\/\\\/tiketi.com\\\/how-to-get-a-credit-card-in-egypt-and-use\\\/#primaryimage\"},\"thumbnailUrl\":\"https:\\\/\\\/tiketi.com\\\/wp-content\\\/uploads\\\/2019\\\/05\\\/credit-card-6406010_1280.jpg\",\"datePublished\":\"2022-01-19T11:53:51+00:00\",\"dateModified\":\"2022-07-14T12:02:03+00:00\",\"description\":\"Are you looking for cash back, business, travel, virtual, debit, prepaid credit cards in Egypt? Here is how to get a credit card in Egypt online\",\"breadcrumb\":{\"@id\":\"https:\\\/\\\/tiketi.com\\\/how-to-get-a-credit-card-in-egypt-and-use\\\/#breadcrumb\"},\"inLanguage\":\"fr-FR\",\"potentialAction\":[{\"@type\":\"ReadAction\",\"target\":[\"https:\\\/\\\/tiketi.com\\\/how-to-get-a-credit-card-in-egypt-and-use\\\/\"]}]},{\"@type\":\"ImageObject\",\"inLanguage\":\"fr-FR\",\"@id\":\"https:\\\/\\\/tiketi.com\\\/how-to-get-a-credit-card-in-egypt-and-use\\\/#primaryimage\",\"url\":\"https:\\\/\\\/tiketi.com\\\/wp-content\\\/uploads\\\/2019\\\/05\\\/credit-card-6406010_1280.jpg\",\"contentUrl\":\"https:\\\/\\\/tiketi.com\\\/wp-content\\\/uploads\\\/2019\\\/05\\\/credit-card-6406010_1280.jpg\",\"width\":1200,\"height\":200,\"caption\":\"How to get a credit card in\"},{\"@type\":\"BreadcrumbList\",\"@id\":\"https:\\\/\\\/tiketi.com\\\/how-to-get-a-credit-card-in-egypt-and-use\\\/#breadcrumb\",\"itemListElement\":[{\"@type\":\"ListItem\",\"position\":1,\"name\":\"Home\",\"item\":\"https:\\\/\\\/tiketi.com\\\/\"},{\"@type\":\"ListItem\",\"position\":2,\"name\":\"How to get a credit card in Egypt online &#8211; Best credit cards\"}]},{\"@type\":\"WebSite\",\"@id\":\"https:\\\/\\\/tiketi.com\\\/#website\",\"url\":\"https:\\\/\\\/tiketi.com\\\/\",\"name\":\"Flight & Bus Tickets, Tour Packages & Activitites - Tiketi.com\",\"description\":\"Flight &amp; Bus Tickets, Tours, Activitites\",\"publisher\":{\"@id\":\"https:\\\/\\\/tiketi.com\\\/#organization\"},\"potentialAction\":[{\"@type\":\"SearchAction\",\"target\":{\"@type\":\"EntryPoint\",\"urlTemplate\":\"https:\\\/\\\/tiketi.com\\\/?s={search_term_string}\"},\"query-input\":{\"@type\":\"PropertyValueSpecification\",\"valueRequired\":true,\"valueName\":\"search_term_string\"}}],\"inLanguage\":\"fr-FR\"},{\"@type\":\"Organization\",\"@id\":\"https:\\\/\\\/tiketi.com\\\/#organization\",\"name\":\"Tiketi.com\",\"alternateName\":\"Tiketi\",\"url\":\"https:\\\/\\\/tiketi.com\\\/\",\"logo\":{\"@type\":\"ImageObject\",\"inLanguage\":\"fr-FR\",\"@id\":\"https:\\\/\\\/tiketi.com\\\/#\\\/schema\\\/logo\\\/image\\\/\",\"url\":\"https:\\\/\\\/tiketi.com\\\/wp-content\\\/uploads\\\/2019\\\/05\\\/tiketi-logo-696.png\",\"contentUrl\":\"https:\\\/\\\/tiketi.com\\\/wp-content\\\/uploads\\\/2019\\\/05\\\/tiketi-logo-696.png\",\"width\":696,\"height\":696,\"caption\":\"Tiketi.com\"},\"image\":{\"@id\":\"https:\\\/\\\/tiketi.com\\\/#\\\/schema\\\/logo\\\/image\\\/\"},\"sameAs\":[\"https:\\\/\\\/www.facebook.com\\\/TiketiCom\\\/\"]}]}<\/script>\n<!-- \/ Yoast SEO plugin. -->","yoast_head_json":{"title":"Comment obtenir une carte de cr\u00e9dit en Egypte en ligne - Meilleures cartes de cr\u00e9dit","description":"\u00cates-vous \u00e0 la recherche de cartes de cr\u00e9dit cash back, business, voyage, virtuelles, de d\u00e9bit, pr\u00e9pay\u00e9es en Egypte ? Voici comment obtenir une carte de cr\u00e9dit en Egypte en ligne","robots":{"index":"index","follow":"follow","max-snippet":"max-snippet:-1","max-image-preview":"max-image-preview:large","max-video-preview":"max-video-preview:-1"},"canonical":"https:\/\/tiketi.com\/fr-fr\/how-to-get-a-credit-card-in-egypt-and-use\/","og_locale":"fr_FR","og_type":"article","og_title":"How to get a credit card in Egypt online - Best credit cards","og_description":"Are you looking for cash back, business, travel, virtual, debit, prepaid credit cards in Egypt? Here is how to get a credit card in Egypt online","og_url":"https:\/\/tiketi.com\/fr-fr\/how-to-get-a-credit-card-in-egypt-and-use\/","og_site_name":"Tiketi.com","article_publisher":"https:\/\/www.facebook.com\/TiketiCom\/","article_modified_time":"2022-07-14T12:02:03+00:00","og_image":[{"width":1200,"height":200,"url":"https:\/\/tiketi.com\/wp-content\/uploads\/2019\/05\/credit-card-6406010_1280.jpg","type":"image\/jpeg"}],"twitter_card":"summary_large_image","twitter_misc":{"Dur\u00e9e de lecture estim\u00e9e":"3 minutes"},"schema":{"@context":"https:\/\/schema.org","@graph":[{"@type":"WebPage","@id":"https:\/\/tiketi.com\/how-to-get-a-credit-card-in-egypt-and-use\/","url":"https:\/\/tiketi.com\/how-to-get-a-credit-card-in-egypt-and-use\/","name":"Comment obtenir une carte de cr\u00e9dit en Egypte en ligne - Meilleures cartes de cr\u00e9dit","isPartOf":{"@id":"https:\/\/tiketi.com\/#website"},"primaryImageOfPage":{"@id":"https:\/\/tiketi.com\/how-to-get-a-credit-card-in-egypt-and-use\/#primaryimage"},"image":{"@id":"https:\/\/tiketi.com\/how-to-get-a-credit-card-in-egypt-and-use\/#primaryimage"},"thumbnailUrl":"https:\/\/tiketi.com\/wp-content\/uploads\/2019\/05\/credit-card-6406010_1280.jpg","datePublished":"2022-01-19T11:53:51+00:00","dateModified":"2022-07-14T12:02:03+00:00","description":"\u00cates-vous \u00e0 la recherche de cartes de cr\u00e9dit cash back, business, voyage, virtuelles, de d\u00e9bit, pr\u00e9pay\u00e9es en Egypte ? Voici comment obtenir une carte de cr\u00e9dit en Egypte en ligne","breadcrumb":{"@id":"https:\/\/tiketi.com\/how-to-get-a-credit-card-in-egypt-and-use\/#breadcrumb"},"inLanguage":"fr-FR","potentialAction":[{"@type":"ReadAction","target":["https:\/\/tiketi.com\/how-to-get-a-credit-card-in-egypt-and-use\/"]}]},{"@type":"ImageObject","inLanguage":"fr-FR","@id":"https:\/\/tiketi.com\/how-to-get-a-credit-card-in-egypt-and-use\/#primaryimage","url":"https:\/\/tiketi.com\/wp-content\/uploads\/2019\/05\/credit-card-6406010_1280.jpg","contentUrl":"https:\/\/tiketi.com\/wp-content\/uploads\/2019\/05\/credit-card-6406010_1280.jpg","width":1200,"height":200,"caption":"How to get a credit card in"},{"@type":"BreadcrumbList","@id":"https:\/\/tiketi.com\/how-to-get-a-credit-card-in-egypt-and-use\/#breadcrumb","itemListElement":[{"@type":"ListItem","position":1,"name":"Home","item":"https:\/\/tiketi.com\/"},{"@type":"ListItem","position":2,"name":"How to get a credit card in Egypt online &#8211; Best credit cards"}]},{"@type":"WebSite","@id":"https:\/\/tiketi.com\/#website","url":"https:\/\/tiketi.com\/","name":"Billets d&#039;avion et de bus, forfaits touristiques et activit\u00e9s - Tiketi.com","description":"Billets d&#039;avion et de bus, Tours, Activit\u00e9s","publisher":{"@id":"https:\/\/tiketi.com\/#organization"},"potentialAction":[{"@type":"SearchAction","target":{"@type":"EntryPoint","urlTemplate":"https:\/\/tiketi.com\/?s={search_term_string}"},"query-input":{"@type":"PropertyValueSpecification","valueRequired":true,"valueName":"search_term_string"}}],"inLanguage":"fr-FR"},{"@type":"Organization","@id":"https:\/\/tiketi.com\/#organization","name":"Tiketi.com","alternateName":"Tiketi","url":"https:\/\/tiketi.com\/","logo":{"@type":"ImageObject","inLanguage":"fr-FR","@id":"https:\/\/tiketi.com\/#\/schema\/logo\/image\/","url":"https:\/\/tiketi.com\/wp-content\/uploads\/2019\/05\/tiketi-logo-696.png","contentUrl":"https:\/\/tiketi.com\/wp-content\/uploads\/2019\/05\/tiketi-logo-696.png","width":696,"height":696,"caption":"Tiketi.com"},"image":{"@id":"https:\/\/tiketi.com\/#\/schema\/logo\/image\/"},"sameAs":["https:\/\/www.facebook.com\/TiketiCom\/"]}]}},"_links":{"self":[{"href":"https:\/\/tiketi.com\/fr-fr\/wp-json\/wp\/v2\/pages\/10822","targetHints":{"allow":["GET"]}}],"collection":[{"href":"https:\/\/tiketi.com\/fr-fr\/wp-json\/wp\/v2\/pages"}],"about":[{"href":"https:\/\/tiketi.com\/fr-fr\/wp-json\/wp\/v2\/types\/page"}],"author":[{"embeddable":true,"href":"https:\/\/tiketi.com\/fr-fr\/wp-json\/wp\/v2\/users\/1"}],"replies":[{"embeddable":true,"href":"https:\/\/tiketi.com\/fr-fr\/wp-json\/wp\/v2\/comments?post=10822"}],"version-history":[{"count":0,"href":"https:\/\/tiketi.com\/fr-fr\/wp-json\/wp\/v2\/pages\/10822\/revisions"}],"wp:featuredmedia":[{"embeddable":true,"href":"https:\/\/tiketi.com\/fr-fr\/wp-json\/wp\/v2\/media\/19588"}],"wp:attachment":[{"href":"https:\/\/tiketi.com\/fr-fr\/wp-json\/wp\/v2\/media?parent=10822"}],"curies":[{"name":"wp","href":"https:\/\/api.w.org\/{rel}","templated":true}]}}