{"id":10825,"date":"2022-01-19T12:53:51","date_gmt":"2022-01-19T11:53:51","guid":{"rendered":"https:\/\/new.tiketi.com\/bus-from-kenya-to-south-africa-bus-tickets-fare-schedule-route\/"},"modified":"2022-01-28T21:40:49","modified_gmt":"2022-01-28T20:40:49","slug":"bus-tickets-from-kenya-to-south-africa","status":"publish","type":"page","link":"https:\/\/tiketi.com\/fr-fr\/bus-tickets-from-kenya-to-south-africa\/","title":{"rendered":"Bus de Kenya \u00e0 Afrique du Sud Billets de bus, tarifs, horaires et itin\u00e9raire"},"content":{"rendered":"<h2>Billets de bus pas chers du Kenya \u00e0 l&#039;Afrique du Sud R\u00e9servation en ligne<\/h2>\n<h3>D\u00e9couvrez votre itin\u00e9raire de voyage sur le web, le mobile ou l&#039;application et r\u00e9servez en ligne maintenant un billet de bus pas cher de Kenya \u00e0 Afrique du Sud.<\/h3>\n<p>Comparez et r\u00e9servez en ligne des billets de bus du Kenya \u00e0 l&#039;Afrique du Sud pas chers et voyagez du Kenya \u00e0 l&#039;Afrique du Sud par la route. L&#039;Afrique du Sud est l&#039;une des nations africaines les plus c\u00e9l\u00e8bres. Son histoire est l&#039;une des caract\u00e9ristiques attrayantes du pays. L&#039;Afrique du Sud est une r\u00e9gion multiculturelle. Voici quelques id\u00e9es pour r\u00e9server des billets de bus du Kenya \u00e0 l&#039;Afrique du Sud\u00a0:<\/p>\n<h2>Bus du Kenya \u00e0 l&#039;Afrique du Sud R\u00e9servation de billets de bus, itin\u00e9raires, horaires et tarifs FAQs<\/h2>\n<h3>Le bus Kenya-Afrique du Sud est-il le moyen abordable de se rendre en Afrique du Sud ?<\/h3>\n<p>Le moyen abordable de se rendre du Kenya \u00e0 l&#039;Afrique du Sud en bus et voiture qui co\u00fbte $105 \u2013 $115 et dure deux jours 19h.<\/p>\n<h3>Quel est le trajet le plus rapide du Kenya \u00e0 l&#039;Afrique du Sud ?<\/h3>\n<p>Le moyen le plus rapide pour se rendre de Kenya \u00e0 Afrique du Sud est de prendre un avion qui co\u00fbte $270 - $700 et prend 4h 50m.<\/p>\n<h3>Quelle est la distance entre l&#039;Afrique du Sud et le Kenya ?<\/h3>\n<p>La distance entre l&#039;Afrique du Sud et le Kenya est de 3650 km.<\/p>\n<h3>Combien de temps faut-il pour se rendre de Afrique du Sud \u00e0 Kenya ?<\/h3>\n<p>Il faut environ 4h 50m pour se rendre de Kenya \u00e0 Afrique du Sud, en ajoutant les transferts.<\/p>\n<h3>Puis-je conduire de Kenya \u00e0 Afrique du Sud ?<\/h3>\n<p>Oui, la distance en voiture entre l&#039;Afrique du Sud et le Kenya est de 3828. Il faut environ deux jours 4h pour conduire du Kenya \u00e0 l&#039;Afrique du Sud.<\/p>\n<h3>Quelle est la dur\u00e9e du vol de Kenya \u00e0 Afrique du Sud ?<\/h3>\n<p>Le vol le plus rapide de l&#039;a\u00e9roport Nairobi \u00e0 l&#039;a\u00e9roport Johannesbourg est le vol direct qui dure 4h 10m.<\/p>\n<h2>Billets de bus de Kenya \u00e0 Afrique du Sud<\/h2>\n<p>Il existe diverses races en Afrique ainsi qu&#039;un certain nombre de groupes ethniques constitu\u00e9s de tribus domestiques. Les plus connus sont au nombre de deux : l&#039;anglais africain et l&#039;afrikaans. Les langues sont devenues le r\u00e9sultat de la multiethnicit\u00e9 du pays. Les Europ\u00e9ens et les N\u00e9erlandais jouent un grand r\u00f4le dans l&#039;\u00e9volution des langues en Afrique. Il existe onze langues reconnues comme officielles en Afrique. Le pays est plac\u00e9 \u00e0 la pointe sud de l&#039;Afrique. Il est bord\u00e9 par le Botswana, le Zimbabwe, la Namibie, le Mozambique et le Swaziland.<\/p>","protected":false},"excerpt":{"rendered":"<p>Cheap Bus Tickets from Kenya to South Africa Online Booking Discover your travel route on web, mobile or app and book cheap bus ticket from Kenya to South Africa online now. Compare and do cheap bus from Kenya to South Africa bus tickets booking online and\u00a0travel Kenya to South Africa\u00a0by road. South Africa is one [&hellip;]<\/p>\n","protected":false},"author":1,"featured_media":13999,"parent":0,"menu_order":0,"comment_status":"open","ping_status":"closed","template":"template-home-modern.php","meta":{"footnotes":""},"class_list":["post-10825","page","type-page","status-publish","has-post-thumbnail","hentry"],"yoast_head":"<!-- This site is optimized with the Yoast SEO plugin v27.3 - https:\/\/yoast.com\/product\/yoast-seo-wordpress\/ -->\n<title>Bus from Kenya to South Africa Bus Tickets, Fare, Schedule &amp; Route<\/title>\n<meta name=\"description\" content=\"Looking for bus from\u00a0Kenya to South Africa bus ticket booking app, route, schedule &amp; fare? Book cheap bus tickets from Kenya to South Africa online\" \/>\n<meta name=\"robots\" content=\"index, follow, max-snippet:-1, max-image-preview:large, max-video-preview:-1\" \/>\n<link rel=\"canonical\" href=\"https:\/\/tiketi.com\/fr-fr\/bus-tickets-from-kenya-to-south-africa\/\" \/>\n<meta property=\"og:locale\" content=\"fr_FR\" \/>\n<meta property=\"og:type\" content=\"article\" \/>\n<meta property=\"og:title\" content=\"Bus from Kenya to South Africa Bus Tickets, Fare, Schedule &amp; Route\" \/>\n<meta property=\"og:description\" content=\"Looking for bus from\u00a0Kenya to South Africa bus ticket booking app, route, schedule &amp; fare? Book cheap bus tickets from Kenya to South Africa online\" \/>\n<meta property=\"og:url\" content=\"https:\/\/tiketi.com\/fr-fr\/bus-tickets-from-kenya-to-south-africa\/\" \/>\n<meta property=\"og:site_name\" content=\"Tiketi.com\" \/>\n<meta property=\"article:publisher\" content=\"https:\/\/www.facebook.com\/TiketiCom\/\" \/>\n<meta property=\"article:modified_time\" content=\"2022-01-28T20:40:49+00:00\" \/>\n<meta property=\"og:image\" content=\"https:\/\/tiketi.com\/wp-content\/uploads\/2022\/01\/bus-ticket-online-booking.jpg\" \/>\n\t<meta property=\"og:image:width\" content=\"1200\" \/>\n\t<meta property=\"og:image:height\" content=\"206\" \/>\n\t<meta property=\"og:image:type\" content=\"image\/jpeg\" \/>\n<meta name=\"twitter:card\" content=\"summary_large_image\" \/>\n<meta name=\"twitter:label1\" content=\"Dur\u00e9e de lecture estim\u00e9e\" \/>\n\t<meta name=\"twitter:data1\" content=\"2 minutes\" \/>\n<script type=\"application\/ld+json\" class=\"yoast-schema-graph\">{\"@context\":\"https:\\\/\\\/schema.org\",\"@graph\":[{\"@type\":\"WebPage\",\"@id\":\"https:\\\/\\\/tiketi.com\\\/bus-tickets-from-kenya-to-south-africa\\\/\",\"url\":\"https:\\\/\\\/tiketi.com\\\/bus-tickets-from-kenya-to-south-africa\\\/\",\"name\":\"Bus from Kenya to South Africa Bus Tickets, Fare, Schedule & Route\",\"isPartOf\":{\"@id\":\"https:\\\/\\\/tiketi.com\\\/#website\"},\"primaryImageOfPage\":{\"@id\":\"https:\\\/\\\/tiketi.com\\\/bus-tickets-from-kenya-to-south-africa\\\/#primaryimage\"},\"image\":{\"@id\":\"https:\\\/\\\/tiketi.com\\\/bus-tickets-from-kenya-to-south-africa\\\/#primaryimage\"},\"thumbnailUrl\":\"https:\\\/\\\/tiketi.com\\\/wp-content\\\/uploads\\\/2022\\\/01\\\/bus-ticket-online-booking.jpg\",\"datePublished\":\"2022-01-19T11:53:51+00:00\",\"dateModified\":\"2022-01-28T20:40:49+00:00\",\"description\":\"Looking for bus from\u00a0Kenya to South Africa bus ticket booking app, route, schedule & fare? Book cheap bus tickets from Kenya to South Africa online\",\"breadcrumb\":{\"@id\":\"https:\\\/\\\/tiketi.com\\\/bus-tickets-from-kenya-to-south-africa\\\/#breadcrumb\"},\"inLanguage\":\"fr-FR\",\"potentialAction\":[{\"@type\":\"ReadAction\",\"target\":[\"https:\\\/\\\/tiketi.com\\\/bus-tickets-from-kenya-to-south-africa\\\/\"]}]},{\"@type\":\"ImageObject\",\"inLanguage\":\"fr-FR\",\"@id\":\"https:\\\/\\\/tiketi.com\\\/bus-tickets-from-kenya-to-south-africa\\\/#primaryimage\",\"url\":\"https:\\\/\\\/tiketi.com\\\/wp-content\\\/uploads\\\/2022\\\/01\\\/bus-ticket-online-booking.jpg\",\"contentUrl\":\"https:\\\/\\\/tiketi.com\\\/wp-content\\\/uploads\\\/2022\\\/01\\\/bus-ticket-online-booking.jpg\",\"width\":1200,\"height\":206,\"caption\":\"Online Bus Ticket Booking\"},{\"@type\":\"BreadcrumbList\",\"@id\":\"https:\\\/\\\/tiketi.com\\\/bus-tickets-from-kenya-to-south-africa\\\/#breadcrumb\",\"itemListElement\":[{\"@type\":\"ListItem\",\"position\":1,\"name\":\"Home\",\"item\":\"https:\\\/\\\/tiketi.com\\\/\"},{\"@type\":\"ListItem\",\"position\":2,\"name\":\"Bus from Kenya to South Africa Bus Tickets, Fare, Schedule &#038; Route\"}]},{\"@type\":\"WebSite\",\"@id\":\"https:\\\/\\\/tiketi.com\\\/#website\",\"url\":\"https:\\\/\\\/tiketi.com\\\/\",\"name\":\"Flight & Bus Tickets, Tour Packages & Activitites - Tiketi.com\",\"description\":\"Flight &amp; Bus Tickets, Tours, Activitites\",\"publisher\":{\"@id\":\"https:\\\/\\\/tiketi.com\\\/#organization\"},\"potentialAction\":[{\"@type\":\"SearchAction\",\"target\":{\"@type\":\"EntryPoint\",\"urlTemplate\":\"https:\\\/\\\/tiketi.com\\\/?s={search_term_string}\"},\"query-input\":{\"@type\":\"PropertyValueSpecification\",\"valueRequired\":true,\"valueName\":\"search_term_string\"}}],\"inLanguage\":\"fr-FR\"},{\"@type\":\"Organization\",\"@id\":\"https:\\\/\\\/tiketi.com\\\/#organization\",\"name\":\"Tiketi.com\",\"alternateName\":\"Tiketi\",\"url\":\"https:\\\/\\\/tiketi.com\\\/\",\"logo\":{\"@type\":\"ImageObject\",\"inLanguage\":\"fr-FR\",\"@id\":\"https:\\\/\\\/tiketi.com\\\/#\\\/schema\\\/logo\\\/image\\\/\",\"url\":\"https:\\\/\\\/tiketi.com\\\/wp-content\\\/uploads\\\/2019\\\/05\\\/tiketi-logo-696.png\",\"contentUrl\":\"https:\\\/\\\/tiketi.com\\\/wp-content\\\/uploads\\\/2019\\\/05\\\/tiketi-logo-696.png\",\"width\":696,\"height\":696,\"caption\":\"Tiketi.com\"},\"image\":{\"@id\":\"https:\\\/\\\/tiketi.com\\\/#\\\/schema\\\/logo\\\/image\\\/\"},\"sameAs\":[\"https:\\\/\\\/www.facebook.com\\\/TiketiCom\\\/\"]}]}<\/script>\n<!-- \/ Yoast SEO plugin. -->","yoast_head_json":{"title":"Bus de Kenya \u00e0 Afrique du Sud Billets de bus, tarifs, horaires et itin\u00e9raire","description":"\u00c0 la recherche d&#039;une application de r\u00e9servation de billets de bus de Kenya \u00e0 Afrique du Sud, d&#039;un itin\u00e9raire, d&#039;un horaire et d&#039;un tarif de bus\u00a0? R\u00e9servez en ligne des billets de bus \u00e0 bas prix de Kenya \u00e0 Afrique du Sud","robots":{"index":"index","follow":"follow","max-snippet":"max-snippet:-1","max-image-preview":"max-image-preview:large","max-video-preview":"max-video-preview:-1"},"canonical":"https:\/\/tiketi.com\/fr-fr\/bus-tickets-from-kenya-to-south-africa\/","og_locale":"fr_FR","og_type":"article","og_title":"Bus from Kenya to South Africa Bus Tickets, Fare, Schedule & Route","og_description":"Looking for bus from\u00a0Kenya to South Africa bus ticket booking app, route, schedule & fare? Book cheap bus tickets from Kenya to South Africa online","og_url":"https:\/\/tiketi.com\/fr-fr\/bus-tickets-from-kenya-to-south-africa\/","og_site_name":"Tiketi.com","article_publisher":"https:\/\/www.facebook.com\/TiketiCom\/","article_modified_time":"2022-01-28T20:40:49+00:00","og_image":[{"width":1200,"height":206,"url":"https:\/\/tiketi.com\/wp-content\/uploads\/2022\/01\/bus-ticket-online-booking.jpg","type":"image\/jpeg"}],"twitter_card":"summary_large_image","twitter_misc":{"Dur\u00e9e de lecture estim\u00e9e":"2 minutes"},"schema":{"@context":"https:\/\/schema.org","@graph":[{"@type":"WebPage","@id":"https:\/\/tiketi.com\/bus-tickets-from-kenya-to-south-africa\/","url":"https:\/\/tiketi.com\/bus-tickets-from-kenya-to-south-africa\/","name":"Bus de Kenya \u00e0 Afrique du Sud Billets de bus, tarifs, horaires et itin\u00e9raire","isPartOf":{"@id":"https:\/\/tiketi.com\/#website"},"primaryImageOfPage":{"@id":"https:\/\/tiketi.com\/bus-tickets-from-kenya-to-south-africa\/#primaryimage"},"image":{"@id":"https:\/\/tiketi.com\/bus-tickets-from-kenya-to-south-africa\/#primaryimage"},"thumbnailUrl":"https:\/\/tiketi.com\/wp-content\/uploads\/2022\/01\/bus-ticket-online-booking.jpg","datePublished":"2022-01-19T11:53:51+00:00","dateModified":"2022-01-28T20:40:49+00:00","description":"\u00c0 la recherche d&#039;une application de r\u00e9servation de billets de bus de Kenya \u00e0 Afrique du Sud, d&#039;un itin\u00e9raire, d&#039;un horaire et d&#039;un tarif de bus\u00a0? R\u00e9servez en ligne des billets de bus \u00e0 bas prix de Kenya \u00e0 Afrique du Sud","breadcrumb":{"@id":"https:\/\/tiketi.com\/bus-tickets-from-kenya-to-south-africa\/#breadcrumb"},"inLanguage":"fr-FR","potentialAction":[{"@type":"ReadAction","target":["https:\/\/tiketi.com\/bus-tickets-from-kenya-to-south-africa\/"]}]},{"@type":"ImageObject","inLanguage":"fr-FR","@id":"https:\/\/tiketi.com\/bus-tickets-from-kenya-to-south-africa\/#primaryimage","url":"https:\/\/tiketi.com\/wp-content\/uploads\/2022\/01\/bus-ticket-online-booking.jpg","contentUrl":"https:\/\/tiketi.com\/wp-content\/uploads\/2022\/01\/bus-ticket-online-booking.jpg","width":1200,"height":206,"caption":"Online Bus Ticket Booking"},{"@type":"BreadcrumbList","@id":"https:\/\/tiketi.com\/bus-tickets-from-kenya-to-south-africa\/#breadcrumb","itemListElement":[{"@type":"ListItem","position":1,"name":"Home","item":"https:\/\/tiketi.com\/"},{"@type":"ListItem","position":2,"name":"Bus from Kenya to South Africa Bus Tickets, Fare, Schedule &#038; Route"}]},{"@type":"WebSite","@id":"https:\/\/tiketi.com\/#website","url":"https:\/\/tiketi.com\/","name":"Billets d&#039;avion et de bus, forfaits touristiques et activit\u00e9s - Tiketi.com","description":"Billets d&#039;avion et de bus, Tours, Activit\u00e9s","publisher":{"@id":"https:\/\/tiketi.com\/#organization"},"potentialAction":[{"@type":"SearchAction","target":{"@type":"EntryPoint","urlTemplate":"https:\/\/tiketi.com\/?s={search_term_string}"},"query-input":{"@type":"PropertyValueSpecification","valueRequired":true,"valueName":"search_term_string"}}],"inLanguage":"fr-FR"},{"@type":"Organization","@id":"https:\/\/tiketi.com\/#organization","name":"Tiketi.com","alternateName":"Tiketi","url":"https:\/\/tiketi.com\/","logo":{"@type":"ImageObject","inLanguage":"fr-FR","@id":"https:\/\/tiketi.com\/#\/schema\/logo\/image\/","url":"https:\/\/tiketi.com\/wp-content\/uploads\/2019\/05\/tiketi-logo-696.png","contentUrl":"https:\/\/tiketi.com\/wp-content\/uploads\/2019\/05\/tiketi-logo-696.png","width":696,"height":696,"caption":"Tiketi.com"},"image":{"@id":"https:\/\/tiketi.com\/#\/schema\/logo\/image\/"},"sameAs":["https:\/\/www.facebook.com\/TiketiCom\/"]}]}},"_links":{"self":[{"href":"https:\/\/tiketi.com\/fr-fr\/wp-json\/wp\/v2\/pages\/10825","targetHints":{"allow":["GET"]}}],"collection":[{"href":"https:\/\/tiketi.com\/fr-fr\/wp-json\/wp\/v2\/pages"}],"about":[{"href":"https:\/\/tiketi.com\/fr-fr\/wp-json\/wp\/v2\/types\/page"}],"author":[{"embeddable":true,"href":"https:\/\/tiketi.com\/fr-fr\/wp-json\/wp\/v2\/users\/1"}],"replies":[{"embeddable":true,"href":"https:\/\/tiketi.com\/fr-fr\/wp-json\/wp\/v2\/comments?post=10825"}],"version-history":[{"count":0,"href":"https:\/\/tiketi.com\/fr-fr\/wp-json\/wp\/v2\/pages\/10825\/revisions"}],"wp:featuredmedia":[{"embeddable":true,"href":"https:\/\/tiketi.com\/fr-fr\/wp-json\/wp\/v2\/media\/13999"}],"wp:attachment":[{"href":"https:\/\/tiketi.com\/fr-fr\/wp-json\/wp\/v2\/media?parent=10825"}],"curies":[{"name":"wp","href":"https:\/\/api.w.org\/{rel}","templated":true}]}}