{"id":10828,"date":"2022-01-19T12:53:51","date_gmt":"2022-01-19T11:53:51","guid":{"rendered":"https:\/\/new.tiketi.com\/bus-from-dar-es-salaam-to-moshi-bus-tickets-fare-schedule-route\/"},"modified":"2023-02-21T14:57:21","modified_gmt":"2023-02-21T13:57:21","slug":"tickets-dar-es-salaam-to-moshi","status":"publish","type":"page","link":"https:\/\/tiketi.com\/fr-fr\/routes\/bus\/tickets-dar-es-salaam-to-moshi\/","title":{"rendered":"Bus de Dar es Salaam \u00e0 Moshi Billets de bus, tarif, horaires et itin\u00e9raire"},"content":{"rendered":"<h2>Billets de bus pas chers de Dar es Salaam \u00e0 Moshi R\u00e9servation en ligne<\/h2>\n<h3>D\u00e9couvrez votre itin\u00e9raire sur le web, le mobile ou l&#039;application et r\u00e9servez en ligne maintenant un billet de bus pas cher de Dar es Salam \u00e0 Moshi.<\/h3>\n<p>Comparez et r\u00e9servez en ligne des billets de bus pas chers de Dar es Salam \u00e0 Moshi et voyagez de Dar es Salam \u00e0 Moshi en bus. Moshi est un petit bourg tanzanien dynamique. C&#039;est la capitale de la r\u00e9gion du Kilimandjaro. Voici les id\u00e9es comment r\u00e9server des billets de bus de Dar es Salaam \u00e0 Moshi :<\/p>\n<h2>Bus de Dar es Salaam \u00e0 Moshi R\u00e9servation de billets de bus, itin\u00e9raires, horaires et tarifs FAQs<\/h2>\n<h3>Le bus de Dar es Salaam \u00e0 Moshi est-il le moyen abordable de se rendre \u00e0 Moshi ?<\/h3>\n<p>Le moyen abordable de se rendre de Dar es Salam \u00e0 Moshi bus qui co\u00fbte $7 -$20 et prend 10h 50m.<\/p>\n<h3>Comment puis-je me rendre de Dar es Salam \u00e0 Moshi le plus rapidement ?<\/h3>\n<p>Le moyen le plus rapide pour se rendre de Dar es Salam \u00e0 Moshi est de prendre <u><a href=\"https:\/\/tiketi.com\/fr-fr\/flightst\/\" target=\"_blank\" rel=\"noopener\">voler<\/a><\/u>. Prendre ce choix co\u00fbtera $75 \u2013 $170 et prendra 1h 50m.<\/p>\n<h3>Est-il possible de voyager de Dar es Salaam \u00e0 Moshi en bus direct ?<\/h3>\n<p>Non, il n&#039;y a pas de bus direct entre Moshi et Dar es Salam. Quoi qu&#039;il en soit, il y a des services au d\u00e9part de Gerezani et arrivant \u00e0 Moshi par Dar es Salaam. Le trajet, y compris les transferts, dure environ 11h 30m.<\/p>\n<h3>Quelle est la distance en bus entre Dar es Salam et Moshi ?<\/h3>\n<p>La distance entre Dar es Salam et Moshi en bus est de 442 km.<\/p>\n<h3>Comment voyager de Dar es Salam \u00e0 Moshi sans v\u00e9hicule personnel ?<\/h3>\n<p>Le meilleur moyen pour se rendre de Dar es Salam \u00e0 Moshi sans v\u00e9hicule personnel est le bus, ce qui dure 10h 50m.<\/p>\n<h2>Billets de bus de Dar es Salaam \u00e0 Moshi Tips<\/h2>\n<p>Ce qui rend Moshi si sp\u00e9cial, c&#039;est le fait qu&#039;il est cach\u00e9 derri\u00e8re l&#039;un des paysages les plus charmants du monde, le mont Kilimandjaro enneig\u00e9. Peu importe o\u00f9 vous vous promenez \u00e0 Moshi, la montagne est toujours \u00e0 port\u00e9e de main. La ville est situ\u00e9e \u00e0 890 m d&#039;altitude, Moshi est le type d&#039;endroit o\u00f9 l&#039;on peut se d\u00e9tendre dans un environnement convivial et il est simple d&#039;entrer en contact avec les habitants. Passez quelques jours \u00e0 Moshi et d\u00e9couvrez ce qu&#039;il a \u00e0 offrir.<\/p>","protected":false},"excerpt":{"rendered":"<p>Cheap Bus Tickets from Dar es Salaam to Moshi Online Booking Discover your travel route on web, mobile or app and book cheap bus ticket from Dar es Salaam to Moshi online now. Compare and do cheap bus from Dar es Salaam to Moshi bus tickets booking online and travel Dar es Salaam to Moshi [&hellip;]<\/p>\n","protected":false},"author":1,"featured_media":13999,"parent":25566,"menu_order":0,"comment_status":"open","ping_status":"closed","template":"template-home-modern.php","meta":{"footnotes":""},"class_list":["post-10828","page","type-page","status-publish","has-post-thumbnail","hentry"],"yoast_head":"<!-- This site is optimized with the Yoast SEO plugin v27.2 - https:\/\/yoast.com\/product\/yoast-seo-wordpress\/ -->\n<title>Bus from Dar es Salaam to Moshi Bus Tickets, Fare, Schedule &amp; Route<\/title>\n<meta name=\"description\" content=\"Looking for bus from\u00a0Dar es Salaam to Moshi bus ticket booking app, route &amp; fare? Book cheap bus tickets from Dar es Salaam to Moshi online\" \/>\n<meta name=\"robots\" content=\"index, follow, max-snippet:-1, max-image-preview:large, max-video-preview:-1\" \/>\n<link rel=\"canonical\" href=\"https:\/\/tiketi.com\/fr-fr\/routes\/bus\/tickets-dar-es-salaam-to-moshi\/\" \/>\n<meta property=\"og:locale\" content=\"fr_FR\" \/>\n<meta property=\"og:type\" content=\"article\" \/>\n<meta property=\"og:title\" content=\"Bus from Dar es Salaam to Moshi Bus Tickets, Fare, Schedule &amp; Route\" \/>\n<meta property=\"og:description\" content=\"Looking for bus from\u00a0Dar es Salaam to Moshi bus ticket booking app, route &amp; fare? Book cheap bus tickets from Dar es Salaam to Moshi online\" \/>\n<meta property=\"og:url\" content=\"https:\/\/tiketi.com\/fr-fr\/routes\/bus\/tickets-dar-es-salaam-to-moshi\/\" \/>\n<meta property=\"og:site_name\" content=\"Tiketi.com\" \/>\n<meta property=\"article:publisher\" content=\"https:\/\/www.facebook.com\/TiketiCom\/\" \/>\n<meta property=\"article:modified_time\" content=\"2023-02-21T13:57:21+00:00\" \/>\n<meta property=\"og:image\" content=\"https:\/\/tiketi.com\/wp-content\/uploads\/2022\/01\/bus-ticket-online-booking.jpg\" \/>\n\t<meta property=\"og:image:width\" content=\"1200\" \/>\n\t<meta property=\"og:image:height\" content=\"206\" \/>\n\t<meta property=\"og:image:type\" content=\"image\/jpeg\" \/>\n<meta name=\"twitter:card\" content=\"summary_large_image\" \/>\n<meta name=\"twitter:label1\" content=\"Dur\u00e9e de lecture estim\u00e9e\" \/>\n\t<meta name=\"twitter:data1\" content=\"2 minutes\" \/>\n<script type=\"application\/ld+json\" class=\"yoast-schema-graph\">{\"@context\":\"https:\/\/schema.org\",\"@graph\":[{\"@type\":\"WebPage\",\"@id\":\"https:\/\/tiketi.com\/routes\/bus\/tickets-dar-es-salaam-to-moshi\/\",\"url\":\"https:\/\/tiketi.com\/routes\/bus\/tickets-dar-es-salaam-to-moshi\/\",\"name\":\"Bus from Dar es Salaam to Moshi Bus Tickets, Fare, Schedule & Route\",\"isPartOf\":{\"@id\":\"https:\/\/tiketi.com\/#website\"},\"primaryImageOfPage\":{\"@id\":\"https:\/\/tiketi.com\/routes\/bus\/tickets-dar-es-salaam-to-moshi\/#primaryimage\"},\"image\":{\"@id\":\"https:\/\/tiketi.com\/routes\/bus\/tickets-dar-es-salaam-to-moshi\/#primaryimage\"},\"thumbnailUrl\":\"https:\/\/tiketi.com\/wp-content\/uploads\/2022\/01\/bus-ticket-online-booking.jpg\",\"datePublished\":\"2022-01-19T11:53:51+00:00\",\"dateModified\":\"2023-02-21T13:57:21+00:00\",\"description\":\"Looking for bus from\u00a0Dar es Salaam to Moshi bus ticket booking app, route & fare? Book cheap bus tickets from Dar es Salaam to Moshi online\",\"breadcrumb\":{\"@id\":\"https:\/\/tiketi.com\/routes\/bus\/tickets-dar-es-salaam-to-moshi\/#breadcrumb\"},\"inLanguage\":\"fr-FR\",\"potentialAction\":[{\"@type\":\"ReadAction\",\"target\":[\"https:\/\/tiketi.com\/routes\/bus\/tickets-dar-es-salaam-to-moshi\/\"]}]},{\"@type\":\"ImageObject\",\"inLanguage\":\"fr-FR\",\"@id\":\"https:\/\/tiketi.com\/routes\/bus\/tickets-dar-es-salaam-to-moshi\/#primaryimage\",\"url\":\"https:\/\/tiketi.com\/wp-content\/uploads\/2022\/01\/bus-ticket-online-booking.jpg\",\"contentUrl\":\"https:\/\/tiketi.com\/wp-content\/uploads\/2022\/01\/bus-ticket-online-booking.jpg\",\"width\":1200,\"height\":206,\"caption\":\"Online Bus Ticket Booking\"},{\"@type\":\"BreadcrumbList\",\"@id\":\"https:\/\/tiketi.com\/routes\/bus\/tickets-dar-es-salaam-to-moshi\/#breadcrumb\",\"itemListElement\":[{\"@type\":\"ListItem\",\"position\":1,\"name\":\"Home\",\"item\":\"https:\/\/tiketi.com\/\"},{\"@type\":\"ListItem\",\"position\":2,\"name\":\"Routes\",\"item\":\"https:\/\/tiketi.com\/routes\/\"},{\"@type\":\"ListItem\",\"position\":3,\"name\":\"Bus\",\"item\":\"https:\/\/tiketi.com\/routes\/bus\/\"},{\"@type\":\"ListItem\",\"position\":4,\"name\":\"Bus from Dar es Salaam to Moshi Bus Tickets, Fare, Schedule &#038; Route\"}]},{\"@type\":\"WebSite\",\"@id\":\"https:\/\/tiketi.com\/#website\",\"url\":\"https:\/\/tiketi.com\/\",\"name\":\"Flight & Bus Tickets, Tour Packages & Activitites - Tiketi.com\",\"description\":\"Flight &amp; Bus Tickets, Tours, Activitites\",\"publisher\":{\"@id\":\"https:\/\/tiketi.com\/#organization\"},\"potentialAction\":[{\"@type\":\"SearchAction\",\"target\":{\"@type\":\"EntryPoint\",\"urlTemplate\":\"https:\/\/tiketi.com\/?s={search_term_string}\"},\"query-input\":{\"@type\":\"PropertyValueSpecification\",\"valueRequired\":true,\"valueName\":\"search_term_string\"}}],\"inLanguage\":\"fr-FR\"},{\"@type\":\"Organization\",\"@id\":\"https:\/\/tiketi.com\/#organization\",\"name\":\"Tiketi.com\",\"alternateName\":\"Tiketi\",\"url\":\"https:\/\/tiketi.com\/\",\"logo\":{\"@type\":\"ImageObject\",\"inLanguage\":\"fr-FR\",\"@id\":\"https:\/\/tiketi.com\/#\/schema\/logo\/image\/\",\"url\":\"https:\/\/tiketi.com\/wp-content\/uploads\/2019\/05\/tiketi-logo-696.png\",\"contentUrl\":\"https:\/\/tiketi.com\/wp-content\/uploads\/2019\/05\/tiketi-logo-696.png\",\"width\":696,\"height\":696,\"caption\":\"Tiketi.com\"},\"image\":{\"@id\":\"https:\/\/tiketi.com\/#\/schema\/logo\/image\/\"},\"sameAs\":[\"https:\/\/www.facebook.com\/TiketiCom\/\"]}]}<\/script>\n<!-- \/ Yoast SEO plugin. -->","yoast_head_json":{"title":"Bus de Dar es Salaam \u00e0 Moshi Billets de bus, tarif, horaires et itin\u00e9raire","description":"\u00c0 la recherche d&#039;une application de r\u00e9servation de billets de bus de Dar es Salaam \u00e0 Moshi, d&#039;un itin\u00e9raire et d&#039;un tarif de bus\u00a0? R\u00e9servez en ligne des billets de bus pas chers de Dar es Salam \u00e0 Moshi","robots":{"index":"index","follow":"follow","max-snippet":"max-snippet:-1","max-image-preview":"max-image-preview:large","max-video-preview":"max-video-preview:-1"},"canonical":"https:\/\/tiketi.com\/fr-fr\/routes\/bus\/tickets-dar-es-salaam-to-moshi\/","og_locale":"fr_FR","og_type":"article","og_title":"Bus from Dar es Salaam to Moshi Bus Tickets, Fare, Schedule & Route","og_description":"Looking for bus from\u00a0Dar es Salaam to Moshi bus ticket booking app, route & fare? Book cheap bus tickets from Dar es Salaam to Moshi online","og_url":"https:\/\/tiketi.com\/fr-fr\/routes\/bus\/tickets-dar-es-salaam-to-moshi\/","og_site_name":"Tiketi.com","article_publisher":"https:\/\/www.facebook.com\/TiketiCom\/","article_modified_time":"2023-02-21T13:57:21+00:00","og_image":[{"width":1200,"height":206,"url":"https:\/\/tiketi.com\/wp-content\/uploads\/2022\/01\/bus-ticket-online-booking.jpg","type":"image\/jpeg"}],"twitter_card":"summary_large_image","twitter_misc":{"Dur\u00e9e de lecture estim\u00e9e":"2 minutes"},"schema":{"@context":"https:\/\/schema.org","@graph":[{"@type":"WebPage","@id":"https:\/\/tiketi.com\/routes\/bus\/tickets-dar-es-salaam-to-moshi\/","url":"https:\/\/tiketi.com\/routes\/bus\/tickets-dar-es-salaam-to-moshi\/","name":"Bus de Dar es Salaam \u00e0 Moshi Billets de bus, tarif, horaires et itin\u00e9raire","isPartOf":{"@id":"https:\/\/tiketi.com\/#website"},"primaryImageOfPage":{"@id":"https:\/\/tiketi.com\/routes\/bus\/tickets-dar-es-salaam-to-moshi\/#primaryimage"},"image":{"@id":"https:\/\/tiketi.com\/routes\/bus\/tickets-dar-es-salaam-to-moshi\/#primaryimage"},"thumbnailUrl":"https:\/\/tiketi.com\/wp-content\/uploads\/2022\/01\/bus-ticket-online-booking.jpg","datePublished":"2022-01-19T11:53:51+00:00","dateModified":"2023-02-21T13:57:21+00:00","description":"\u00c0 la recherche d&#039;une application de r\u00e9servation de billets de bus de Dar es Salaam \u00e0 Moshi, d&#039;un itin\u00e9raire et d&#039;un tarif de bus\u00a0? R\u00e9servez en ligne des billets de bus pas chers de Dar es Salam \u00e0 Moshi","breadcrumb":{"@id":"https:\/\/tiketi.com\/routes\/bus\/tickets-dar-es-salaam-to-moshi\/#breadcrumb"},"inLanguage":"fr-FR","potentialAction":[{"@type":"ReadAction","target":["https:\/\/tiketi.com\/routes\/bus\/tickets-dar-es-salaam-to-moshi\/"]}]},{"@type":"ImageObject","inLanguage":"fr-FR","@id":"https:\/\/tiketi.com\/routes\/bus\/tickets-dar-es-salaam-to-moshi\/#primaryimage","url":"https:\/\/tiketi.com\/wp-content\/uploads\/2022\/01\/bus-ticket-online-booking.jpg","contentUrl":"https:\/\/tiketi.com\/wp-content\/uploads\/2022\/01\/bus-ticket-online-booking.jpg","width":1200,"height":206,"caption":"Online Bus Ticket Booking"},{"@type":"BreadcrumbList","@id":"https:\/\/tiketi.com\/routes\/bus\/tickets-dar-es-salaam-to-moshi\/#breadcrumb","itemListElement":[{"@type":"ListItem","position":1,"name":"Home","item":"https:\/\/tiketi.com\/"},{"@type":"ListItem","position":2,"name":"Routes","item":"https:\/\/tiketi.com\/routes\/"},{"@type":"ListItem","position":3,"name":"Bus","item":"https:\/\/tiketi.com\/routes\/bus\/"},{"@type":"ListItem","position":4,"name":"Bus from Dar es Salaam to Moshi Bus Tickets, Fare, Schedule &#038; Route"}]},{"@type":"WebSite","@id":"https:\/\/tiketi.com\/#website","url":"https:\/\/tiketi.com\/","name":"Billets d&#039;avion et de bus, forfaits touristiques et activit\u00e9s - Tiketi.com","description":"Billets d&#039;avion et de bus, Tours, Activit\u00e9s","publisher":{"@id":"https:\/\/tiketi.com\/#organization"},"potentialAction":[{"@type":"SearchAction","target":{"@type":"EntryPoint","urlTemplate":"https:\/\/tiketi.com\/?s={search_term_string}"},"query-input":{"@type":"PropertyValueSpecification","valueRequired":true,"valueName":"search_term_string"}}],"inLanguage":"fr-FR"},{"@type":"Organization","@id":"https:\/\/tiketi.com\/#organization","name":"Tiketi.com","alternateName":"Tiketi","url":"https:\/\/tiketi.com\/","logo":{"@type":"ImageObject","inLanguage":"fr-FR","@id":"https:\/\/tiketi.com\/#\/schema\/logo\/image\/","url":"https:\/\/tiketi.com\/wp-content\/uploads\/2019\/05\/tiketi-logo-696.png","contentUrl":"https:\/\/tiketi.com\/wp-content\/uploads\/2019\/05\/tiketi-logo-696.png","width":696,"height":696,"caption":"Tiketi.com"},"image":{"@id":"https:\/\/tiketi.com\/#\/schema\/logo\/image\/"},"sameAs":["https:\/\/www.facebook.com\/TiketiCom\/"]}]}},"_links":{"self":[{"href":"https:\/\/tiketi.com\/fr-fr\/wp-json\/wp\/v2\/pages\/10828","targetHints":{"allow":["GET"]}}],"collection":[{"href":"https:\/\/tiketi.com\/fr-fr\/wp-json\/wp\/v2\/pages"}],"about":[{"href":"https:\/\/tiketi.com\/fr-fr\/wp-json\/wp\/v2\/types\/page"}],"author":[{"embeddable":true,"href":"https:\/\/tiketi.com\/fr-fr\/wp-json\/wp\/v2\/users\/1"}],"replies":[{"embeddable":true,"href":"https:\/\/tiketi.com\/fr-fr\/wp-json\/wp\/v2\/comments?post=10828"}],"version-history":[{"count":0,"href":"https:\/\/tiketi.com\/fr-fr\/wp-json\/wp\/v2\/pages\/10828\/revisions"}],"up":[{"embeddable":true,"href":"https:\/\/tiketi.com\/fr-fr\/wp-json\/wp\/v2\/pages\/25566"}],"wp:featuredmedia":[{"embeddable":true,"href":"https:\/\/tiketi.com\/fr-fr\/wp-json\/wp\/v2\/media\/13999"}],"wp:attachment":[{"href":"https:\/\/tiketi.com\/fr-fr\/wp-json\/wp\/v2\/media?parent=10828"}],"curies":[{"name":"wp","href":"https:\/\/api.w.org\/{rel}","templated":true}]}}