{"id":10829,"date":"2022-01-19T12:53:53","date_gmt":"2022-01-19T11:53:53","guid":{"rendered":"https:\/\/new.tiketi.com\/bus-from-dar-es-salaam-to-morogoro-bus-tickets-fare-schedule-route\/"},"modified":"2022-10-22T10:49:28","modified_gmt":"2022-10-22T09:49:28","slug":"tickets-dar-es-salaam-to-morogoro","status":"publish","type":"page","link":"https:\/\/tiketi.com\/fr-fr\/routes\/bus\/tickets-dar-es-salaam-to-morogoro\/","title":{"rendered":"Bus de Dar es Salaam \u00e0 Morogoro Billets de bus, tarif, horaires et itin\u00e9raire"},"content":{"rendered":"<h2>Billets de bus pas chers de Dar es Salaam \u00e0 Morogoro R\u00e9servation en ligne<\/h2>\n<h3>D\u00e9couvrez votre itin\u00e9raire sur le web, le mobile ou l&#039;application et r\u00e9servez en ligne maintenant un billet de bus pas cher de Dar es Salam \u00e0 Morogoro.<\/h3>\n<p>Comparez et r\u00e9servez en ligne des billets de bus pas chers de Dar es Salam \u00e0 Morogoro et voyagez de Dar es Salam \u00e0 Morogoro par la route. Morogoro est situ\u00e9 \u00e0 seulement 2,5 heures de route de Dar es Salaam au bout du nouveau chemin goudronn\u00e9. Voici quelques id\u00e9es sur la fa\u00e7on d&#039;acheter des billets de bus de Dar es Salaam \u00e0 Morogoro :<\/p>\n<h2>Bus de Dar es Salaam \u00e0 Morogoro R\u00e9servation de billets de bus, itin\u00e9raires, horaires et tarifs FAQ<\/h2>\n<h3>Est-ce que le bus de Dar es Salam \u00e0 Morogoro est le moyen le plus \u00e9conomique pour se rendre \u00e0 Morogoro ?<\/h3>\n<p>Le moyen abordable de se rendre est de bus Dar es Salam \u00e0 Morogoro qui co\u00fbte $15 \u2013 $23 et prend 3h 10m.<\/p>\n<h3>Y a-t-il un bus entre Morogoro et Dar es Salam ?<\/h3>\n<p>Oui, il y a un bus direct, qui part de Dar es Salam et Morogoro. Les services partent un par jour, et op\u00e8rent Dimanche, Vendredi, Jeudi et Mardi. Le trajet dure environ 3h 10m.<\/p>\n<h3>Quelle est la distance entre Dar es Salam et Morogoro?<\/h3>\n<p>La distance entre Morogoro et Dar es Salam est de 178 km.<\/p>\n<h3>Comment voyager de Dar es Salam \u00e0 Morogoro sans v\u00e9hicule personnel ?<\/h3>\n<p>Le meilleur moyen pour se rendre de Dar Salaam \u00e0 Morogoro avec un v\u00e9hicule personnel est le bus, ce qui dure 6h 25m et co\u00fbte.<\/p>\n<h3>Puis-je conduire de Dar es Salam \u00e0 Morogoro ?<\/h3>\n<p>Oui, la distance entre Morogoro et Dar es Salam est de 194 km. il faut environ 3h 10m pour conduire de Dar es Salam \u00e0 Morogoro.<\/p>\n<h3>O\u00f9 puis-je rester pr\u00e8s de Morogoro ?<\/h3>\n<p>Il y a 8+ h\u00f4tels accessibles \u00e0 Morogoro. Les prix commencent \u00e0 $100 par nuit.<\/p>\n<h2>Billets de bus de Dar es Salaam \u00e0 Morogoro Tips<\/h2>\n<p>Vous trouverez des b\u00e2timents allemands d&#039;or partout dans la ville, ainsi que d&#039;autres lieux historiques qui t\u00e9moignent de son histoire. Au pied des monts Ulughuru se trouve la ville aventur\u00e9e par les amateurs de randonn\u00e9e et de camping. Les visiteurs trouveront des tonnes de choses \u00e0 faire \u00e0 Morogoro.<\/p>","protected":false},"excerpt":{"rendered":"<p>Cheap Bus Tickets from Dar es Salaam to Morogoro Online Booking Discover your travel route on web, mobile or app and book cheap bus ticket from Dar es Salaam to Morogoro online now. Compare and do cheap bus from Dar es Salaam to Morogoro bus tickets booking online and\u00a0travel Dar es Salaam to Morogoro\u00a0by road.\u00a0Morogoro\u00a0is [&hellip;]<\/p>\n","protected":false},"author":1,"featured_media":13999,"parent":25566,"menu_order":0,"comment_status":"open","ping_status":"closed","template":"template-home-modern.php","meta":{"footnotes":""},"class_list":["post-10829","page","type-page","status-publish","has-post-thumbnail","hentry"],"yoast_head":"<!-- This site is optimized with the Yoast SEO plugin v27.3 - https:\/\/yoast.com\/product\/yoast-seo-wordpress\/ -->\n<title>Bus from Dar es Salaam to Morogoro Bus Tickets, Fare, Schedule &amp; Route<\/title>\n<meta name=\"description\" content=\"Looking for bus from\u00a0Dar es Salaam to Morogoro bus ticket booking app, route, schedule &amp; fare? Book cheap bus tickets from Dar es Salaam to Morogoro\" \/>\n<meta name=\"robots\" content=\"index, follow, max-snippet:-1, max-image-preview:large, max-video-preview:-1\" \/>\n<link rel=\"canonical\" href=\"https:\/\/tiketi.com\/fr-fr\/njia\/nauli-mabasi\/dar-es-salaam-kwenda-morogoro\/\" \/>\n<meta property=\"og:locale\" content=\"fr_FR\" \/>\n<meta property=\"og:type\" content=\"article\" \/>\n<meta property=\"og:title\" content=\"Bus from Dar es Salaam to Morogoro Bus Tickets, Fare, Schedule &amp; Route\" \/>\n<meta property=\"og:description\" content=\"Looking for bus from\u00a0Dar es Salaam to Morogoro bus ticket booking app, route, schedule &amp; fare? Book cheap bus tickets from Dar es Salaam to Morogoro\" \/>\n<meta property=\"og:url\" content=\"https:\/\/tiketi.com\/fr-fr\/njia\/nauli-mabasi\/dar-es-salaam-kwenda-morogoro\/\" \/>\n<meta property=\"og:site_name\" content=\"Tiketi.com\" \/>\n<meta property=\"article:publisher\" content=\"https:\/\/www.facebook.com\/TiketiCom\/\" \/>\n<meta property=\"article:modified_time\" content=\"2022-10-22T09:49:28+00:00\" \/>\n<meta property=\"og:image\" content=\"https:\/\/tiketi.com\/wp-content\/uploads\/2022\/01\/bus-ticket-online-booking.jpg\" \/>\n\t<meta property=\"og:image:width\" content=\"1200\" \/>\n\t<meta property=\"og:image:height\" content=\"206\" \/>\n\t<meta property=\"og:image:type\" content=\"image\/jpeg\" \/>\n<meta name=\"twitter:card\" content=\"summary_large_image\" \/>\n<meta name=\"twitter:label1\" content=\"Dur\u00e9e de lecture estim\u00e9e\" \/>\n\t<meta name=\"twitter:data1\" content=\"2 minutes\" \/>\n<script type=\"application\/ld+json\" class=\"yoast-schema-graph\">{\"@context\":\"https:\\\/\\\/schema.org\",\"@graph\":[{\"@type\":\"WebPage\",\"@id\":\"https:\\\/\\\/tiketi.com\\\/sw\\\/njia\\\/nauli-mabasi\\\/dar-es-salaam-kwenda-morogoro\\\/\",\"url\":\"https:\\\/\\\/tiketi.com\\\/sw\\\/njia\\\/nauli-mabasi\\\/dar-es-salaam-kwenda-morogoro\\\/\",\"name\":\"Bus from Dar es Salaam to Morogoro Bus Tickets, Fare, Schedule & Route\",\"isPartOf\":{\"@id\":\"https:\\\/\\\/tiketi.com\\\/#website\"},\"primaryImageOfPage\":{\"@id\":\"https:\\\/\\\/tiketi.com\\\/sw\\\/njia\\\/nauli-mabasi\\\/dar-es-salaam-kwenda-morogoro\\\/#primaryimage\"},\"image\":{\"@id\":\"https:\\\/\\\/tiketi.com\\\/sw\\\/njia\\\/nauli-mabasi\\\/dar-es-salaam-kwenda-morogoro\\\/#primaryimage\"},\"thumbnailUrl\":\"https:\\\/\\\/tiketi.com\\\/wp-content\\\/uploads\\\/2022\\\/01\\\/bus-ticket-online-booking.jpg\",\"datePublished\":\"2022-01-19T11:53:53+00:00\",\"dateModified\":\"2022-10-22T09:49:28+00:00\",\"description\":\"Looking for bus from\u00a0Dar es Salaam to Morogoro bus ticket booking app, route, schedule & fare? Book cheap bus tickets from Dar es Salaam to Morogoro\",\"breadcrumb\":{\"@id\":\"https:\\\/\\\/tiketi.com\\\/sw\\\/njia\\\/nauli-mabasi\\\/dar-es-salaam-kwenda-morogoro\\\/#breadcrumb\"},\"inLanguage\":\"fr-FR\",\"potentialAction\":[{\"@type\":\"ReadAction\",\"target\":[\"https:\\\/\\\/tiketi.com\\\/sw\\\/njia\\\/nauli-mabasi\\\/dar-es-salaam-kwenda-morogoro\\\/\"]}]},{\"@type\":\"ImageObject\",\"inLanguage\":\"fr-FR\",\"@id\":\"https:\\\/\\\/tiketi.com\\\/sw\\\/njia\\\/nauli-mabasi\\\/dar-es-salaam-kwenda-morogoro\\\/#primaryimage\",\"url\":\"https:\\\/\\\/tiketi.com\\\/wp-content\\\/uploads\\\/2022\\\/01\\\/bus-ticket-online-booking.jpg\",\"contentUrl\":\"https:\\\/\\\/tiketi.com\\\/wp-content\\\/uploads\\\/2022\\\/01\\\/bus-ticket-online-booking.jpg\",\"width\":1200,\"height\":206,\"caption\":\"Online Bus Ticket Booking\"},{\"@type\":\"BreadcrumbList\",\"@id\":\"https:\\\/\\\/tiketi.com\\\/sw\\\/njia\\\/nauli-mabasi\\\/dar-es-salaam-kwenda-morogoro\\\/#breadcrumb\",\"itemListElement\":[{\"@type\":\"ListItem\",\"position\":1,\"name\":\"Home\",\"item\":\"https:\\\/\\\/tiketi.com\\\/\"},{\"@type\":\"ListItem\",\"position\":2,\"name\":\"Routes\",\"item\":\"https:\\\/\\\/tiketi.com\\\/routes\\\/\"},{\"@type\":\"ListItem\",\"position\":3,\"name\":\"Bus\",\"item\":\"https:\\\/\\\/tiketi.com\\\/routes\\\/bus\\\/\"},{\"@type\":\"ListItem\",\"position\":4,\"name\":\"Bus from Dar es Salaam to Morogoro Bus Tickets, Fare, Schedule &#038; Route\"}]},{\"@type\":\"WebSite\",\"@id\":\"https:\\\/\\\/tiketi.com\\\/#website\",\"url\":\"https:\\\/\\\/tiketi.com\\\/\",\"name\":\"Flight & Bus Tickets, Tour Packages & Activitites - Tiketi.com\",\"description\":\"Flight &amp; Bus Tickets, Tours, Activitites\",\"publisher\":{\"@id\":\"https:\\\/\\\/tiketi.com\\\/#organization\"},\"potentialAction\":[{\"@type\":\"SearchAction\",\"target\":{\"@type\":\"EntryPoint\",\"urlTemplate\":\"https:\\\/\\\/tiketi.com\\\/?s={search_term_string}\"},\"query-input\":{\"@type\":\"PropertyValueSpecification\",\"valueRequired\":true,\"valueName\":\"search_term_string\"}}],\"inLanguage\":\"fr-FR\"},{\"@type\":\"Organization\",\"@id\":\"https:\\\/\\\/tiketi.com\\\/#organization\",\"name\":\"Tiketi.com\",\"alternateName\":\"Tiketi\",\"url\":\"https:\\\/\\\/tiketi.com\\\/\",\"logo\":{\"@type\":\"ImageObject\",\"inLanguage\":\"fr-FR\",\"@id\":\"https:\\\/\\\/tiketi.com\\\/#\\\/schema\\\/logo\\\/image\\\/\",\"url\":\"https:\\\/\\\/tiketi.com\\\/wp-content\\\/uploads\\\/2019\\\/05\\\/tiketi-logo-696.png\",\"contentUrl\":\"https:\\\/\\\/tiketi.com\\\/wp-content\\\/uploads\\\/2019\\\/05\\\/tiketi-logo-696.png\",\"width\":696,\"height\":696,\"caption\":\"Tiketi.com\"},\"image\":{\"@id\":\"https:\\\/\\\/tiketi.com\\\/#\\\/schema\\\/logo\\\/image\\\/\"},\"sameAs\":[\"https:\\\/\\\/www.facebook.com\\\/TiketiCom\\\/\"]}]}<\/script>\n<!-- \/ Yoast SEO plugin. -->","yoast_head_json":{"title":"Bus de Dar es Salaam \u00e0 Morogoro Billets de bus, tarif, horaires et itin\u00e9raire","description":"\u00c0 la recherche d&#039;une application de r\u00e9servation de billets de bus de Dar es Salam \u00e0 Morogoro, d&#039;un itin\u00e9raire, d&#039;un horaire et d&#039;un tarif de bus ? R\u00e9servez des billets de bus pas chers de Dar es Salam \u00e0 Morogoro","robots":{"index":"index","follow":"follow","max-snippet":"max-snippet:-1","max-image-preview":"max-image-preview:large","max-video-preview":"max-video-preview:-1"},"canonical":"https:\/\/tiketi.com\/fr-fr\/njia\/nauli-mabasi\/dar-es-salaam-kwenda-morogoro\/","og_locale":"fr_FR","og_type":"article","og_title":"Bus from Dar es Salaam to Morogoro Bus Tickets, Fare, Schedule & Route","og_description":"Looking for bus from\u00a0Dar es Salaam to Morogoro bus ticket booking app, route, schedule & fare? Book cheap bus tickets from Dar es Salaam to Morogoro","og_url":"https:\/\/tiketi.com\/fr-fr\/njia\/nauli-mabasi\/dar-es-salaam-kwenda-morogoro\/","og_site_name":"Tiketi.com","article_publisher":"https:\/\/www.facebook.com\/TiketiCom\/","article_modified_time":"2022-10-22T09:49:28+00:00","og_image":[{"width":1200,"height":206,"url":"https:\/\/tiketi.com\/wp-content\/uploads\/2022\/01\/bus-ticket-online-booking.jpg","type":"image\/jpeg"}],"twitter_card":"summary_large_image","twitter_misc":{"Dur\u00e9e de lecture estim\u00e9e":"2 minutes"},"schema":{"@context":"https:\/\/schema.org","@graph":[{"@type":"WebPage","@id":"https:\/\/tiketi.com\/sw\/njia\/nauli-mabasi\/dar-es-salaam-kwenda-morogoro\/","url":"https:\/\/tiketi.com\/sw\/njia\/nauli-mabasi\/dar-es-salaam-kwenda-morogoro\/","name":"Bus de Dar es Salaam \u00e0 Morogoro Billets de bus, tarif, horaires et itin\u00e9raire","isPartOf":{"@id":"https:\/\/tiketi.com\/#website"},"primaryImageOfPage":{"@id":"https:\/\/tiketi.com\/sw\/njia\/nauli-mabasi\/dar-es-salaam-kwenda-morogoro\/#primaryimage"},"image":{"@id":"https:\/\/tiketi.com\/sw\/njia\/nauli-mabasi\/dar-es-salaam-kwenda-morogoro\/#primaryimage"},"thumbnailUrl":"https:\/\/tiketi.com\/wp-content\/uploads\/2022\/01\/bus-ticket-online-booking.jpg","datePublished":"2022-01-19T11:53:53+00:00","dateModified":"2022-10-22T09:49:28+00:00","description":"\u00c0 la recherche d&#039;une application de r\u00e9servation de billets de bus de Dar es Salam \u00e0 Morogoro, d&#039;un itin\u00e9raire, d&#039;un horaire et d&#039;un tarif de bus ? R\u00e9servez des billets de bus pas chers de Dar es Salam \u00e0 Morogoro","breadcrumb":{"@id":"https:\/\/tiketi.com\/sw\/njia\/nauli-mabasi\/dar-es-salaam-kwenda-morogoro\/#breadcrumb"},"inLanguage":"fr-FR","potentialAction":[{"@type":"ReadAction","target":["https:\/\/tiketi.com\/sw\/njia\/nauli-mabasi\/dar-es-salaam-kwenda-morogoro\/"]}]},{"@type":"ImageObject","inLanguage":"fr-FR","@id":"https:\/\/tiketi.com\/sw\/njia\/nauli-mabasi\/dar-es-salaam-kwenda-morogoro\/#primaryimage","url":"https:\/\/tiketi.com\/wp-content\/uploads\/2022\/01\/bus-ticket-online-booking.jpg","contentUrl":"https:\/\/tiketi.com\/wp-content\/uploads\/2022\/01\/bus-ticket-online-booking.jpg","width":1200,"height":206,"caption":"Online Bus Ticket Booking"},{"@type":"BreadcrumbList","@id":"https:\/\/tiketi.com\/sw\/njia\/nauli-mabasi\/dar-es-salaam-kwenda-morogoro\/#breadcrumb","itemListElement":[{"@type":"ListItem","position":1,"name":"Home","item":"https:\/\/tiketi.com\/"},{"@type":"ListItem","position":2,"name":"Routes","item":"https:\/\/tiketi.com\/routes\/"},{"@type":"ListItem","position":3,"name":"Bus","item":"https:\/\/tiketi.com\/routes\/bus\/"},{"@type":"ListItem","position":4,"name":"Bus from Dar es Salaam to Morogoro Bus Tickets, Fare, Schedule &#038; Route"}]},{"@type":"WebSite","@id":"https:\/\/tiketi.com\/#website","url":"https:\/\/tiketi.com\/","name":"Billets d&#039;avion et de bus, forfaits touristiques et activit\u00e9s - Tiketi.com","description":"Billets d&#039;avion et de bus, Tours, Activit\u00e9s","publisher":{"@id":"https:\/\/tiketi.com\/#organization"},"potentialAction":[{"@type":"SearchAction","target":{"@type":"EntryPoint","urlTemplate":"https:\/\/tiketi.com\/?s={search_term_string}"},"query-input":{"@type":"PropertyValueSpecification","valueRequired":true,"valueName":"search_term_string"}}],"inLanguage":"fr-FR"},{"@type":"Organization","@id":"https:\/\/tiketi.com\/#organization","name":"Tiketi.com","alternateName":"Tiketi","url":"https:\/\/tiketi.com\/","logo":{"@type":"ImageObject","inLanguage":"fr-FR","@id":"https:\/\/tiketi.com\/#\/schema\/logo\/image\/","url":"https:\/\/tiketi.com\/wp-content\/uploads\/2019\/05\/tiketi-logo-696.png","contentUrl":"https:\/\/tiketi.com\/wp-content\/uploads\/2019\/05\/tiketi-logo-696.png","width":696,"height":696,"caption":"Tiketi.com"},"image":{"@id":"https:\/\/tiketi.com\/#\/schema\/logo\/image\/"},"sameAs":["https:\/\/www.facebook.com\/TiketiCom\/"]}]}},"_links":{"self":[{"href":"https:\/\/tiketi.com\/fr-fr\/wp-json\/wp\/v2\/pages\/10829","targetHints":{"allow":["GET"]}}],"collection":[{"href":"https:\/\/tiketi.com\/fr-fr\/wp-json\/wp\/v2\/pages"}],"about":[{"href":"https:\/\/tiketi.com\/fr-fr\/wp-json\/wp\/v2\/types\/page"}],"author":[{"embeddable":true,"href":"https:\/\/tiketi.com\/fr-fr\/wp-json\/wp\/v2\/users\/1"}],"replies":[{"embeddable":true,"href":"https:\/\/tiketi.com\/fr-fr\/wp-json\/wp\/v2\/comments?post=10829"}],"version-history":[{"count":0,"href":"https:\/\/tiketi.com\/fr-fr\/wp-json\/wp\/v2\/pages\/10829\/revisions"}],"up":[{"embeddable":true,"href":"https:\/\/tiketi.com\/fr-fr\/wp-json\/wp\/v2\/pages\/25566"}],"wp:featuredmedia":[{"embeddable":true,"href":"https:\/\/tiketi.com\/fr-fr\/wp-json\/wp\/v2\/media\/13999"}],"wp:attachment":[{"href":"https:\/\/tiketi.com\/fr-fr\/wp-json\/wp\/v2\/media?parent=10829"}],"curies":[{"name":"wp","href":"https:\/\/api.w.org\/{rel}","templated":true}]}}