{"id":10831,"date":"2022-01-19T12:53:53","date_gmt":"2022-01-19T11:53:53","guid":{"rendered":"https:\/\/new.tiketi.com\/bus-from-dar-es-salaam-to-kigoma-bus-tickets-fare-schedule-route\/"},"modified":"2022-10-27T07:37:22","modified_gmt":"2022-10-27T06:37:22","slug":"tickets-dar-es-salaam-to-kigoma","status":"publish","type":"page","link":"https:\/\/tiketi.com\/fr-fr\/routes\/bus\/tickets-dar-es-salaam-to-kigoma\/","title":{"rendered":"Bus de Dar es Salaam \u00e0 Kigoma Billets de bus, tarif, horaires et itin\u00e9raire"},"content":{"rendered":"<h2>Billets de bus pas chers de Dar es Salaam \u00e0 Kigoma R\u00e9servation en ligne<\/h2>\n<h3>D\u00e9couvrez votre itin\u00e9raire sur le web, le mobile ou l&#039;application et r\u00e9servez en ligne maintenant un billet de bus pas cher de Dar es Salam \u00e0 Kigoma.<\/h3>\n<p>Comparez et r\u00e9servez en ligne des billets de bus pas chers de Dar es Salam \u00e0 Kigoma et voyagez de Dar es Salam \u00e0 Kigoma par la route. L&#039;\u00e9tonnante ville de Kigoma est la capitale r\u00e9gionale de l&#039;ouest de la Tanzanie et un port cl\u00e9 de la r\u00e9gion. Situ\u00e9e sur la rive orientale du lac Tanganyika, Kigoma est bord\u00e9e de montagnes escarp\u00e9es et de for\u00eats qui en font un lieu remarquable et charmant. Voici quelques id\u00e9es pour r\u00e9server des billets de bus de Dar es Salaam \u00e0 Kigoma\u00a0:<\/p>\n<h2>Bus de Dar es Salaam \u00e0 Kigoma R\u00e9servation de billets de bus, itin\u00e9raires, horaires et tarifs FAQ<\/h2>\n<h3>Quel est le moyen abordable pour se rendre de Dar es Salam \u00e0 Kigoma ?<\/h3>\n<p>Le moyen le plus abordable est le bus Dar es Salaam \u00e0 Kigoma qui co\u00fbte $50 et dure environ 21h 47m.<\/p>\n<h3>Quel est le moyen le plus rapide pour se rendre de Dar es Salam \u00e0 Kigoma ?<\/h3>\n<p>Le moyen le plus rapide pour se rendre de Dar es Salam \u00e0 Kigoma est de <u><a href=\"https:\/\/tiketi.com\/fr-fr\/flightst\/\" target=\"_blank\" rel=\"noopener\">voler<\/a><\/u> qui co\u00fbte $90 \u2013 $180 et dure 2h 30m.<\/p>\n<h3>Y a-t-il un bus entre Kigoma et Dar es Salam ?<\/h3>\n<p>Non, il n&#039;y a pas de bus direct depuis Kigoma et Dar es Salam. Quoi qu&#039;il en soit, il y a des services au d\u00e9part de Gerezani par Dar es Salaam. Le trajet, y compris les transferts, dure environ 21h 50m.<\/p>\n<h3>Quelle est la distance entre Kigoma et Dar es Salam?<\/h3>\n<p>La distance entre Kigoma et Dar es Salam est de 1088 km.<\/p>\n<h3>Comment voyager entre Kigoma et Dar es Salam sans voiture ?<\/h3>\n<p>Le meilleur moyen pour se rendre de Dar es Salam \u00e0 Kigoma sans voiture est bus, ce qui dure 21h 50m et co\u00fbte.<\/p>\n<h3>O\u00f9 prendre le bus de Dar es Salam \u00e0 Kigoma ?<\/h3>\n<p>Les services de bus de Dar es Salaam \u00e0 Kigoma, g\u00e9r\u00e9s par Kidia One Express, partent de la gare de Dar es Salaam.<\/p>\n<h2>Billets de bus de Dar es Salaam \u00e0 Kigoma Tips<\/h2>\n<p>Historiquement, la ville \u00e9tait le terminus du chemin de fer Central Line, construit au vingti\u00e8me si\u00e8cle pour transporter les marchandises agricoles de l&#039;arri\u00e8re-pays africain \u00e0 la c\u00f4te est-africaine. La ville constitue une meilleure base terrestre pour les visites et les safaris de chimpanz\u00e9s dans le parc national des montagnes de Mahale et dans le parc national de Gombe Steam.<\/p>","protected":false},"excerpt":{"rendered":"<p>Cheap Bus Tickets from Dar es Salaam to Kigoma Online Booking Discover your travel route on web, mobile or app and book cheap bus ticket from Dar es Salaam to Kigoma online now. Compare and do cheap bus from Dar es Salaam to Kigoma bus tickets booking online and\u00a0travel Dar es Salaam to Kigoma\u00a0by road.\u00a0The [&hellip;]<\/p>\n","protected":false},"author":1,"featured_media":13999,"parent":25566,"menu_order":0,"comment_status":"open","ping_status":"closed","template":"template-home-modern.php","meta":{"footnotes":""},"class_list":["post-10831","page","type-page","status-publish","has-post-thumbnail","hentry"],"yoast_head":"<!-- This site is optimized with the Yoast SEO plugin v27.4 - https:\/\/yoast.com\/product\/yoast-seo-wordpress\/ -->\n<title>Bus from Dar es Salaam to Kigoma Bus Tickets, Fare, Schedule &amp; Route<\/title>\n<meta name=\"description\" content=\"Looking for bus from\u00a0Dar es Salaam to Kigoma bus ticket booking app, route, schedule &amp; fare? Book cheap bus tickets from Dar es Salaam to Kigoma online\" \/>\n<meta name=\"robots\" content=\"index, follow, max-snippet:-1, max-image-preview:large, max-video-preview:-1\" \/>\n<link rel=\"canonical\" href=\"https:\/\/tiketi.com\/fr-fr\/routes\/bus\/tickets-dar-es-salaam-to-kigoma\/\" \/>\n<meta property=\"og:locale\" content=\"fr_FR\" \/>\n<meta property=\"og:type\" content=\"article\" \/>\n<meta property=\"og:title\" content=\"Bus from Dar es Salaam to Kigoma Bus Tickets, Fare, Schedule &amp; Route\" \/>\n<meta property=\"og:description\" content=\"Looking for bus from\u00a0Dar es Salaam to Kigoma bus ticket booking app, route, schedule &amp; fare? Book cheap bus tickets from Dar es Salaam to Kigoma online\" \/>\n<meta property=\"og:url\" content=\"https:\/\/tiketi.com\/fr-fr\/routes\/bus\/tickets-dar-es-salaam-to-kigoma\/\" \/>\n<meta property=\"og:site_name\" content=\"Tiketi.com\" \/>\n<meta property=\"article:publisher\" content=\"https:\/\/www.facebook.com\/TiketiCom\/\" \/>\n<meta property=\"article:modified_time\" content=\"2022-10-27T06:37:22+00:00\" \/>\n<meta property=\"og:image\" content=\"https:\/\/tiketi.com\/wp-content\/uploads\/2022\/01\/bus-ticket-online-booking.jpg\" \/>\n\t<meta property=\"og:image:width\" content=\"1200\" \/>\n\t<meta property=\"og:image:height\" content=\"206\" \/>\n\t<meta property=\"og:image:type\" content=\"image\/jpeg\" \/>\n<meta name=\"twitter:card\" content=\"summary_large_image\" \/>\n<meta name=\"twitter:label1\" content=\"Dur\u00e9e de lecture estim\u00e9e\" \/>\n\t<meta name=\"twitter:data1\" content=\"2 minutes\" \/>\n<script type=\"application\/ld+json\" class=\"yoast-schema-graph\">{\"@context\":\"https:\\\/\\\/schema.org\",\"@graph\":[{\"@type\":\"WebPage\",\"@id\":\"https:\\\/\\\/tiketi.com\\\/routes\\\/bus\\\/tickets-dar-es-salaam-to-kigoma\\\/\",\"url\":\"https:\\\/\\\/tiketi.com\\\/routes\\\/bus\\\/tickets-dar-es-salaam-to-kigoma\\\/\",\"name\":\"Bus from Dar es Salaam to Kigoma Bus Tickets, Fare, Schedule & Route\",\"isPartOf\":{\"@id\":\"https:\\\/\\\/tiketi.com\\\/#website\"},\"primaryImageOfPage\":{\"@id\":\"https:\\\/\\\/tiketi.com\\\/routes\\\/bus\\\/tickets-dar-es-salaam-to-kigoma\\\/#primaryimage\"},\"image\":{\"@id\":\"https:\\\/\\\/tiketi.com\\\/routes\\\/bus\\\/tickets-dar-es-salaam-to-kigoma\\\/#primaryimage\"},\"thumbnailUrl\":\"https:\\\/\\\/tiketi.com\\\/wp-content\\\/uploads\\\/2022\\\/01\\\/bus-ticket-online-booking.jpg\",\"datePublished\":\"2022-01-19T11:53:53+00:00\",\"dateModified\":\"2022-10-27T06:37:22+00:00\",\"description\":\"Looking for bus from\u00a0Dar es Salaam to Kigoma bus ticket booking app, route, schedule & fare? Book cheap bus tickets from Dar es Salaam to Kigoma online\",\"breadcrumb\":{\"@id\":\"https:\\\/\\\/tiketi.com\\\/routes\\\/bus\\\/tickets-dar-es-salaam-to-kigoma\\\/#breadcrumb\"},\"inLanguage\":\"fr-FR\",\"potentialAction\":[{\"@type\":\"ReadAction\",\"target\":[\"https:\\\/\\\/tiketi.com\\\/routes\\\/bus\\\/tickets-dar-es-salaam-to-kigoma\\\/\"]}]},{\"@type\":\"ImageObject\",\"inLanguage\":\"fr-FR\",\"@id\":\"https:\\\/\\\/tiketi.com\\\/routes\\\/bus\\\/tickets-dar-es-salaam-to-kigoma\\\/#primaryimage\",\"url\":\"https:\\\/\\\/tiketi.com\\\/wp-content\\\/uploads\\\/2022\\\/01\\\/bus-ticket-online-booking.jpg\",\"contentUrl\":\"https:\\\/\\\/tiketi.com\\\/wp-content\\\/uploads\\\/2022\\\/01\\\/bus-ticket-online-booking.jpg\",\"width\":1200,\"height\":206,\"caption\":\"Online Bus Ticket Booking\"},{\"@type\":\"BreadcrumbList\",\"@id\":\"https:\\\/\\\/tiketi.com\\\/routes\\\/bus\\\/tickets-dar-es-salaam-to-kigoma\\\/#breadcrumb\",\"itemListElement\":[{\"@type\":\"ListItem\",\"position\":1,\"name\":\"Home\",\"item\":\"https:\\\/\\\/tiketi.com\\\/\"},{\"@type\":\"ListItem\",\"position\":2,\"name\":\"Routes\",\"item\":\"https:\\\/\\\/tiketi.com\\\/routes\\\/\"},{\"@type\":\"ListItem\",\"position\":3,\"name\":\"Bus\",\"item\":\"https:\\\/\\\/tiketi.com\\\/routes\\\/bus\\\/\"},{\"@type\":\"ListItem\",\"position\":4,\"name\":\"Bus from Dar es Salaam to Kigoma Bus Tickets, Fare, Schedule &#038; Route\"}]},{\"@type\":\"WebSite\",\"@id\":\"https:\\\/\\\/tiketi.com\\\/#website\",\"url\":\"https:\\\/\\\/tiketi.com\\\/\",\"name\":\"Flight & Bus Tickets, Tour Packages & Activitites - Tiketi.com\",\"description\":\"Flight &amp; Bus Tickets, Tours, Activitites\",\"publisher\":{\"@id\":\"https:\\\/\\\/tiketi.com\\\/#organization\"},\"potentialAction\":[{\"@type\":\"SearchAction\",\"target\":{\"@type\":\"EntryPoint\",\"urlTemplate\":\"https:\\\/\\\/tiketi.com\\\/?s={search_term_string}\"},\"query-input\":{\"@type\":\"PropertyValueSpecification\",\"valueRequired\":true,\"valueName\":\"search_term_string\"}}],\"inLanguage\":\"fr-FR\"},{\"@type\":\"Organization\",\"@id\":\"https:\\\/\\\/tiketi.com\\\/#organization\",\"name\":\"Tiketi.com\",\"alternateName\":\"Tiketi\",\"url\":\"https:\\\/\\\/tiketi.com\\\/\",\"logo\":{\"@type\":\"ImageObject\",\"inLanguage\":\"fr-FR\",\"@id\":\"https:\\\/\\\/tiketi.com\\\/#\\\/schema\\\/logo\\\/image\\\/\",\"url\":\"https:\\\/\\\/tiketi.com\\\/wp-content\\\/uploads\\\/2019\\\/05\\\/tiketi-logo-696.png\",\"contentUrl\":\"https:\\\/\\\/tiketi.com\\\/wp-content\\\/uploads\\\/2019\\\/05\\\/tiketi-logo-696.png\",\"width\":696,\"height\":696,\"caption\":\"Tiketi.com\"},\"image\":{\"@id\":\"https:\\\/\\\/tiketi.com\\\/#\\\/schema\\\/logo\\\/image\\\/\"},\"sameAs\":[\"https:\\\/\\\/www.facebook.com\\\/TiketiCom\\\/\"]}]}<\/script>\n<!-- \/ Yoast SEO plugin. -->","yoast_head_json":{"title":"Bus de Dar es Salaam \u00e0 Kigoma Billets de bus, tarif, horaires et itin\u00e9raire","description":"\u00c0 la recherche d&#039;une application de r\u00e9servation de billets de bus de Dar es Salaam \u00e0 Kigoma, d&#039;un itin\u00e9raire, d&#039;un horaire et d&#039;un tarif\u00a0? R\u00e9servez en ligne des billets de bus pas chers de Dar es Salam \u00e0 Kigoma","robots":{"index":"index","follow":"follow","max-snippet":"max-snippet:-1","max-image-preview":"max-image-preview:large","max-video-preview":"max-video-preview:-1"},"canonical":"https:\/\/tiketi.com\/fr-fr\/routes\/bus\/tickets-dar-es-salaam-to-kigoma\/","og_locale":"fr_FR","og_type":"article","og_title":"Bus from Dar es Salaam to Kigoma Bus Tickets, Fare, Schedule & Route","og_description":"Looking for bus from\u00a0Dar es Salaam to Kigoma bus ticket booking app, route, schedule & fare? Book cheap bus tickets from Dar es Salaam to Kigoma online","og_url":"https:\/\/tiketi.com\/fr-fr\/routes\/bus\/tickets-dar-es-salaam-to-kigoma\/","og_site_name":"Tiketi.com","article_publisher":"https:\/\/www.facebook.com\/TiketiCom\/","article_modified_time":"2022-10-27T06:37:22+00:00","og_image":[{"width":1200,"height":206,"url":"https:\/\/tiketi.com\/wp-content\/uploads\/2022\/01\/bus-ticket-online-booking.jpg","type":"image\/jpeg"}],"twitter_card":"summary_large_image","twitter_misc":{"Dur\u00e9e de lecture estim\u00e9e":"2 minutes"},"schema":{"@context":"https:\/\/schema.org","@graph":[{"@type":"WebPage","@id":"https:\/\/tiketi.com\/routes\/bus\/tickets-dar-es-salaam-to-kigoma\/","url":"https:\/\/tiketi.com\/routes\/bus\/tickets-dar-es-salaam-to-kigoma\/","name":"Bus de Dar es Salaam \u00e0 Kigoma Billets de bus, tarif, horaires et itin\u00e9raire","isPartOf":{"@id":"https:\/\/tiketi.com\/#website"},"primaryImageOfPage":{"@id":"https:\/\/tiketi.com\/routes\/bus\/tickets-dar-es-salaam-to-kigoma\/#primaryimage"},"image":{"@id":"https:\/\/tiketi.com\/routes\/bus\/tickets-dar-es-salaam-to-kigoma\/#primaryimage"},"thumbnailUrl":"https:\/\/tiketi.com\/wp-content\/uploads\/2022\/01\/bus-ticket-online-booking.jpg","datePublished":"2022-01-19T11:53:53+00:00","dateModified":"2022-10-27T06:37:22+00:00","description":"\u00c0 la recherche d&#039;une application de r\u00e9servation de billets de bus de Dar es Salaam \u00e0 Kigoma, d&#039;un itin\u00e9raire, d&#039;un horaire et d&#039;un tarif\u00a0? R\u00e9servez en ligne des billets de bus pas chers de Dar es Salam \u00e0 Kigoma","breadcrumb":{"@id":"https:\/\/tiketi.com\/routes\/bus\/tickets-dar-es-salaam-to-kigoma\/#breadcrumb"},"inLanguage":"fr-FR","potentialAction":[{"@type":"ReadAction","target":["https:\/\/tiketi.com\/routes\/bus\/tickets-dar-es-salaam-to-kigoma\/"]}]},{"@type":"ImageObject","inLanguage":"fr-FR","@id":"https:\/\/tiketi.com\/routes\/bus\/tickets-dar-es-salaam-to-kigoma\/#primaryimage","url":"https:\/\/tiketi.com\/wp-content\/uploads\/2022\/01\/bus-ticket-online-booking.jpg","contentUrl":"https:\/\/tiketi.com\/wp-content\/uploads\/2022\/01\/bus-ticket-online-booking.jpg","width":1200,"height":206,"caption":"Online Bus Ticket Booking"},{"@type":"BreadcrumbList","@id":"https:\/\/tiketi.com\/routes\/bus\/tickets-dar-es-salaam-to-kigoma\/#breadcrumb","itemListElement":[{"@type":"ListItem","position":1,"name":"Home","item":"https:\/\/tiketi.com\/"},{"@type":"ListItem","position":2,"name":"Routes","item":"https:\/\/tiketi.com\/routes\/"},{"@type":"ListItem","position":3,"name":"Bus","item":"https:\/\/tiketi.com\/routes\/bus\/"},{"@type":"ListItem","position":4,"name":"Bus from Dar es Salaam to Kigoma Bus Tickets, Fare, Schedule &#038; Route"}]},{"@type":"WebSite","@id":"https:\/\/tiketi.com\/#website","url":"https:\/\/tiketi.com\/","name":"Billets d&#039;avion et de bus, forfaits touristiques et activit\u00e9s - Tiketi.com","description":"Billets d&#039;avion et de bus, Tours, Activit\u00e9s","publisher":{"@id":"https:\/\/tiketi.com\/#organization"},"potentialAction":[{"@type":"SearchAction","target":{"@type":"EntryPoint","urlTemplate":"https:\/\/tiketi.com\/?s={search_term_string}"},"query-input":{"@type":"PropertyValueSpecification","valueRequired":true,"valueName":"search_term_string"}}],"inLanguage":"fr-FR"},{"@type":"Organization","@id":"https:\/\/tiketi.com\/#organization","name":"Tiketi.com","alternateName":"Tiketi","url":"https:\/\/tiketi.com\/","logo":{"@type":"ImageObject","inLanguage":"fr-FR","@id":"https:\/\/tiketi.com\/#\/schema\/logo\/image\/","url":"https:\/\/tiketi.com\/wp-content\/uploads\/2019\/05\/tiketi-logo-696.png","contentUrl":"https:\/\/tiketi.com\/wp-content\/uploads\/2019\/05\/tiketi-logo-696.png","width":696,"height":696,"caption":"Tiketi.com"},"image":{"@id":"https:\/\/tiketi.com\/#\/schema\/logo\/image\/"},"sameAs":["https:\/\/www.facebook.com\/TiketiCom\/"]}]}},"_links":{"self":[{"href":"https:\/\/tiketi.com\/fr-fr\/wp-json\/wp\/v2\/pages\/10831","targetHints":{"allow":["GET"]}}],"collection":[{"href":"https:\/\/tiketi.com\/fr-fr\/wp-json\/wp\/v2\/pages"}],"about":[{"href":"https:\/\/tiketi.com\/fr-fr\/wp-json\/wp\/v2\/types\/page"}],"author":[{"embeddable":true,"href":"https:\/\/tiketi.com\/fr-fr\/wp-json\/wp\/v2\/users\/1"}],"replies":[{"embeddable":true,"href":"https:\/\/tiketi.com\/fr-fr\/wp-json\/wp\/v2\/comments?post=10831"}],"version-history":[{"count":0,"href":"https:\/\/tiketi.com\/fr-fr\/wp-json\/wp\/v2\/pages\/10831\/revisions"}],"up":[{"embeddable":true,"href":"https:\/\/tiketi.com\/fr-fr\/wp-json\/wp\/v2\/pages\/25566"}],"wp:featuredmedia":[{"embeddable":true,"href":"https:\/\/tiketi.com\/fr-fr\/wp-json\/wp\/v2\/media\/13999"}],"wp:attachment":[{"href":"https:\/\/tiketi.com\/fr-fr\/wp-json\/wp\/v2\/media?parent=10831"}],"curies":[{"name":"wp","href":"https:\/\/api.w.org\/{rel}","templated":true}]}}