{"id":10833,"date":"2022-01-19T12:53:53","date_gmt":"2022-01-19T11:53:53","guid":{"rendered":"https:\/\/new.tiketi.com\/bus-from-nairobi-to-johannesburg-bus-tickets-fare-schedule-route\/"},"modified":"2022-01-31T11:19:50","modified_gmt":"2022-01-31T10:19:50","slug":"bus-tickets-from-nairobi-to-johannesburg","status":"publish","type":"page","link":"https:\/\/tiketi.com\/fr-fr\/bus-tickets-from-nairobi-to-johannesburg\/","title":{"rendered":"Bus de Nairobi \u00e0 Johannesbourg Billets de bus, tarifs, horaires et itin\u00e9raire"},"content":{"rendered":"<p>[wbtm-bus-search]<\/p>\n<h2>Cheap Bus Tickets from Nairobi to Johannesburg Online Booking<\/h2>\n<h3>Discover your travel route on web, mobile or app and book cheap bus ticket from Nairobi to Johannesburg online now.<\/h3>\n<p>Compare and do cheap bus from Nairobi to Johannesburg bus tickets booking online and\u00a0travel Nairobi to Johannesburg\u00a0by road.\u00a0Johannesburg is a happening and flourishing city of South Africa that is universally famous as the &#8220;City of Gold&#8221; due to its wealthy gold-mining inheritance. The city boasts a remarkable modern city centre that teams up with big shopping malls, skyscrapers, galleries, museums and historical battlefields. Here are some of the ideas how to book bus tickets from Nairobi to Johannesburg:<\/p>\n<h2>Bus from Nairobi to Johannesburg Bus Tickets Booking, Routes, Schedules &amp; Fares FAQs<\/h2>\n<h3>What is the affordable way to get from Nairobi to Johannesburg?<\/h3>\n<p>The most affordable way to get from Nairobi to Johannesburg bus and drive which costs $105 &#8211; $120 and takes 2 days 20h.<\/p>\n<h3>What is the quickest way to get from Nairobi to Johannesburg?<\/h3>\n<p>The fastest way to get from Nairobi to Johannesburg is to fly which costs $250 &#8211; $700 and takes 4h 50m.<\/p>\n<h3>What is the travel distance between Johannesburg and Nairobi?<\/h3>\n<p>The travel distance between Johannesburg and Nairobi is 2925.<\/p>\n<h3>Can I drive from Nairobi to Johannesburg?<\/h3>\n<p>Yes, the driving distance between Johannesburg and Nairobi is 3830 km. it takes about two days 4h to drive from Nairobi to Johannesburg.<\/p>\n<h3>How long does it take to get from Johannesburg to Nairobi?<\/h3>\n<p>It takes about 4h 50m to get from Nairobi to Johannesburg, adding transfers.<\/p>\n<h3>How long is the flight between Johannesburg and Nairobi?<\/h3>\n<p>The fastest flight from Nairobi Airport to Johannesburg Airport is the straight flight which takes 4h 10m.<\/p>\n<h2>Bus Tickets from Nairobi to Johannesburg Tips<\/h2>\n<p>Such a big range of attractions magnetize abundant of visitors to the city every year and thus there has been a hike in the number of lights to Johannesburg. Visitors begin to dig for bus from Nairobi to Johannesburg months in advance in order to capture the magic of the must-visit city attractions.<\/p>\n","protected":false},"excerpt":{"rendered":"<p>[wbtm-bus-search] Cheap Bus Tickets from Nairobi to Johannesburg Online Booking Discover your travel route on web, mobile or app and book cheap bus ticket from Nairobi to Johannesburg online now. Compare and do cheap bus from Nairobi to Johannesburg bus tickets booking online and\u00a0travel Nairobi to Johannesburg\u00a0by road.\u00a0Johannesburg is a happening and flourishing city of [&hellip;]<\/p>\n","protected":false},"author":1,"featured_media":13999,"parent":0,"menu_order":0,"comment_status":"open","ping_status":"closed","template":"template-home-modern.php","meta":{"footnotes":""},"class_list":["post-10833","page","type-page","status-publish","has-post-thumbnail","hentry"],"yoast_head":"<!-- This site is optimized with the Yoast SEO plugin v27.2 - https:\/\/yoast.com\/product\/yoast-seo-wordpress\/ -->\n<title>Bus from Nairobi to Johannesburg Bus Tickets, Fare, Schedule &amp; Route<\/title>\n<meta name=\"description\" content=\"Looking for bus from\u00a0Nairobi to Johannesburg bus ticket booking app, schedules &amp; fares? Book cheap bus tickets from Nairobi to Johannesburg online\" \/>\n<meta name=\"robots\" content=\"index, follow, max-snippet:-1, max-image-preview:large, max-video-preview:-1\" \/>\n<link rel=\"canonical\" href=\"https:\/\/tiketi.com\/fr-fr\/bus-tickets-from-nairobi-to-johannesburg\/\" \/>\n<meta property=\"og:locale\" content=\"fr_FR\" \/>\n<meta property=\"og:type\" content=\"article\" \/>\n<meta property=\"og:title\" content=\"Bus from Nairobi to Johannesburg Bus Tickets, Fare, Schedule &amp; Route\" \/>\n<meta property=\"og:description\" content=\"Looking for bus from\u00a0Nairobi to Johannesburg bus ticket booking app, schedules &amp; fares? Book cheap bus tickets from Nairobi to Johannesburg online\" \/>\n<meta property=\"og:url\" content=\"https:\/\/tiketi.com\/fr-fr\/bus-tickets-from-nairobi-to-johannesburg\/\" \/>\n<meta property=\"og:site_name\" content=\"Tiketi.com\" \/>\n<meta property=\"article:publisher\" content=\"https:\/\/www.facebook.com\/TiketiCom\/\" \/>\n<meta property=\"article:modified_time\" content=\"2022-01-31T10:19:50+00:00\" \/>\n<meta property=\"og:image\" content=\"https:\/\/tiketi.com\/wp-content\/uploads\/2022\/01\/bus-ticket-online-booking.jpg\" \/>\n\t<meta property=\"og:image:width\" content=\"1200\" \/>\n\t<meta property=\"og:image:height\" content=\"206\" \/>\n\t<meta property=\"og:image:type\" content=\"image\/jpeg\" \/>\n<meta name=\"twitter:card\" content=\"summary_large_image\" \/>\n<meta name=\"twitter:label1\" content=\"Dur\u00e9e de lecture estim\u00e9e\" \/>\n\t<meta name=\"twitter:data1\" content=\"2 minutes\" \/>\n<script type=\"application\/ld+json\" class=\"yoast-schema-graph\">{\"@context\":\"https:\/\/schema.org\",\"@graph\":[{\"@type\":\"WebPage\",\"@id\":\"https:\/\/tiketi.com\/bus-tickets-from-nairobi-to-johannesburg\/\",\"url\":\"https:\/\/tiketi.com\/bus-tickets-from-nairobi-to-johannesburg\/\",\"name\":\"Bus from Nairobi to Johannesburg Bus Tickets, Fare, Schedule & Route\",\"isPartOf\":{\"@id\":\"https:\/\/tiketi.com\/#website\"},\"primaryImageOfPage\":{\"@id\":\"https:\/\/tiketi.com\/bus-tickets-from-nairobi-to-johannesburg\/#primaryimage\"},\"image\":{\"@id\":\"https:\/\/tiketi.com\/bus-tickets-from-nairobi-to-johannesburg\/#primaryimage\"},\"thumbnailUrl\":\"https:\/\/tiketi.com\/wp-content\/uploads\/2022\/01\/bus-ticket-online-booking.jpg\",\"datePublished\":\"2022-01-19T11:53:53+00:00\",\"dateModified\":\"2022-01-31T10:19:50+00:00\",\"description\":\"Looking for bus from\u00a0Nairobi to Johannesburg bus ticket booking app, schedules & fares? Book cheap bus tickets from Nairobi to Johannesburg online\",\"breadcrumb\":{\"@id\":\"https:\/\/tiketi.com\/bus-tickets-from-nairobi-to-johannesburg\/#breadcrumb\"},\"inLanguage\":\"fr-FR\",\"potentialAction\":[{\"@type\":\"ReadAction\",\"target\":[\"https:\/\/tiketi.com\/bus-tickets-from-nairobi-to-johannesburg\/\"]}]},{\"@type\":\"ImageObject\",\"inLanguage\":\"fr-FR\",\"@id\":\"https:\/\/tiketi.com\/bus-tickets-from-nairobi-to-johannesburg\/#primaryimage\",\"url\":\"https:\/\/tiketi.com\/wp-content\/uploads\/2022\/01\/bus-ticket-online-booking.jpg\",\"contentUrl\":\"https:\/\/tiketi.com\/wp-content\/uploads\/2022\/01\/bus-ticket-online-booking.jpg\",\"width\":1200,\"height\":206,\"caption\":\"Online Bus Ticket Booking\"},{\"@type\":\"BreadcrumbList\",\"@id\":\"https:\/\/tiketi.com\/bus-tickets-from-nairobi-to-johannesburg\/#breadcrumb\",\"itemListElement\":[{\"@type\":\"ListItem\",\"position\":1,\"name\":\"Home\",\"item\":\"https:\/\/tiketi.com\/\"},{\"@type\":\"ListItem\",\"position\":2,\"name\":\"Bus from Nairobi to Johannesburg Bus Tickets, Fare, Schedule &#038; Route\"}]},{\"@type\":\"WebSite\",\"@id\":\"https:\/\/tiketi.com\/#website\",\"url\":\"https:\/\/tiketi.com\/\",\"name\":\"Flight & Bus Tickets, Tour Packages & Activitites - Tiketi.com\",\"description\":\"Flight &amp; Bus Tickets, Tours, Activitites\",\"publisher\":{\"@id\":\"https:\/\/tiketi.com\/#organization\"},\"potentialAction\":[{\"@type\":\"SearchAction\",\"target\":{\"@type\":\"EntryPoint\",\"urlTemplate\":\"https:\/\/tiketi.com\/?s={search_term_string}\"},\"query-input\":{\"@type\":\"PropertyValueSpecification\",\"valueRequired\":true,\"valueName\":\"search_term_string\"}}],\"inLanguage\":\"fr-FR\"},{\"@type\":\"Organization\",\"@id\":\"https:\/\/tiketi.com\/#organization\",\"name\":\"Tiketi.com\",\"alternateName\":\"Tiketi\",\"url\":\"https:\/\/tiketi.com\/\",\"logo\":{\"@type\":\"ImageObject\",\"inLanguage\":\"fr-FR\",\"@id\":\"https:\/\/tiketi.com\/#\/schema\/logo\/image\/\",\"url\":\"https:\/\/tiketi.com\/wp-content\/uploads\/2019\/05\/tiketi-logo-696.png\",\"contentUrl\":\"https:\/\/tiketi.com\/wp-content\/uploads\/2019\/05\/tiketi-logo-696.png\",\"width\":696,\"height\":696,\"caption\":\"Tiketi.com\"},\"image\":{\"@id\":\"https:\/\/tiketi.com\/#\/schema\/logo\/image\/\"},\"sameAs\":[\"https:\/\/www.facebook.com\/TiketiCom\/\"]}]}<\/script>\n<!-- \/ Yoast SEO plugin. -->","yoast_head_json":{"title":"Bus de Nairobi \u00e0 Johannesbourg Billets de bus, tarifs, horaires et itin\u00e9raire","description":"Vous recherchez des bus de Nairobi \u00e0 Johannesbourg, une application de r\u00e9servation de billets de bus, des horaires et des tarifs ? R\u00e9servez vos billets de bus pas chers de Nairobi \u00e0 Johannesbourg en ligne","robots":{"index":"index","follow":"follow","max-snippet":"max-snippet:-1","max-image-preview":"max-image-preview:large","max-video-preview":"max-video-preview:-1"},"canonical":"https:\/\/tiketi.com\/fr-fr\/bus-tickets-from-nairobi-to-johannesburg\/","og_locale":"fr_FR","og_type":"article","og_title":"Bus from Nairobi to Johannesburg Bus Tickets, Fare, Schedule & Route","og_description":"Looking for bus from\u00a0Nairobi to Johannesburg bus ticket booking app, schedules & fares? Book cheap bus tickets from Nairobi to Johannesburg online","og_url":"https:\/\/tiketi.com\/fr-fr\/bus-tickets-from-nairobi-to-johannesburg\/","og_site_name":"Tiketi.com","article_publisher":"https:\/\/www.facebook.com\/TiketiCom\/","article_modified_time":"2022-01-31T10:19:50+00:00","og_image":[{"width":1200,"height":206,"url":"https:\/\/tiketi.com\/wp-content\/uploads\/2022\/01\/bus-ticket-online-booking.jpg","type":"image\/jpeg"}],"twitter_card":"summary_large_image","twitter_misc":{"Dur\u00e9e de lecture estim\u00e9e":"2 minutes"},"schema":{"@context":"https:\/\/schema.org","@graph":[{"@type":"WebPage","@id":"https:\/\/tiketi.com\/bus-tickets-from-nairobi-to-johannesburg\/","url":"https:\/\/tiketi.com\/bus-tickets-from-nairobi-to-johannesburg\/","name":"Bus de Nairobi \u00e0 Johannesbourg Billets de bus, tarifs, horaires et itin\u00e9raire","isPartOf":{"@id":"https:\/\/tiketi.com\/#website"},"primaryImageOfPage":{"@id":"https:\/\/tiketi.com\/bus-tickets-from-nairobi-to-johannesburg\/#primaryimage"},"image":{"@id":"https:\/\/tiketi.com\/bus-tickets-from-nairobi-to-johannesburg\/#primaryimage"},"thumbnailUrl":"https:\/\/tiketi.com\/wp-content\/uploads\/2022\/01\/bus-ticket-online-booking.jpg","datePublished":"2022-01-19T11:53:53+00:00","dateModified":"2022-01-31T10:19:50+00:00","description":"Vous recherchez des bus de Nairobi \u00e0 Johannesbourg, une application de r\u00e9servation de billets de bus, des horaires et des tarifs ? R\u00e9servez vos billets de bus pas chers de Nairobi \u00e0 Johannesbourg en ligne","breadcrumb":{"@id":"https:\/\/tiketi.com\/bus-tickets-from-nairobi-to-johannesburg\/#breadcrumb"},"inLanguage":"fr-FR","potentialAction":[{"@type":"ReadAction","target":["https:\/\/tiketi.com\/bus-tickets-from-nairobi-to-johannesburg\/"]}]},{"@type":"ImageObject","inLanguage":"fr-FR","@id":"https:\/\/tiketi.com\/bus-tickets-from-nairobi-to-johannesburg\/#primaryimage","url":"https:\/\/tiketi.com\/wp-content\/uploads\/2022\/01\/bus-ticket-online-booking.jpg","contentUrl":"https:\/\/tiketi.com\/wp-content\/uploads\/2022\/01\/bus-ticket-online-booking.jpg","width":1200,"height":206,"caption":"Online Bus Ticket Booking"},{"@type":"BreadcrumbList","@id":"https:\/\/tiketi.com\/bus-tickets-from-nairobi-to-johannesburg\/#breadcrumb","itemListElement":[{"@type":"ListItem","position":1,"name":"Home","item":"https:\/\/tiketi.com\/"},{"@type":"ListItem","position":2,"name":"Bus from Nairobi to Johannesburg Bus Tickets, Fare, Schedule &#038; Route"}]},{"@type":"WebSite","@id":"https:\/\/tiketi.com\/#website","url":"https:\/\/tiketi.com\/","name":"Billets d&#039;avion et de bus, forfaits touristiques et activit\u00e9s - Tiketi.com","description":"Billets d&#039;avion et de bus, Tours, Activit\u00e9s","publisher":{"@id":"https:\/\/tiketi.com\/#organization"},"potentialAction":[{"@type":"SearchAction","target":{"@type":"EntryPoint","urlTemplate":"https:\/\/tiketi.com\/?s={search_term_string}"},"query-input":{"@type":"PropertyValueSpecification","valueRequired":true,"valueName":"search_term_string"}}],"inLanguage":"fr-FR"},{"@type":"Organization","@id":"https:\/\/tiketi.com\/#organization","name":"Tiketi.com","alternateName":"Tiketi","url":"https:\/\/tiketi.com\/","logo":{"@type":"ImageObject","inLanguage":"fr-FR","@id":"https:\/\/tiketi.com\/#\/schema\/logo\/image\/","url":"https:\/\/tiketi.com\/wp-content\/uploads\/2019\/05\/tiketi-logo-696.png","contentUrl":"https:\/\/tiketi.com\/wp-content\/uploads\/2019\/05\/tiketi-logo-696.png","width":696,"height":696,"caption":"Tiketi.com"},"image":{"@id":"https:\/\/tiketi.com\/#\/schema\/logo\/image\/"},"sameAs":["https:\/\/www.facebook.com\/TiketiCom\/"]}]}},"_links":{"self":[{"href":"https:\/\/tiketi.com\/fr-fr\/wp-json\/wp\/v2\/pages\/10833","targetHints":{"allow":["GET"]}}],"collection":[{"href":"https:\/\/tiketi.com\/fr-fr\/wp-json\/wp\/v2\/pages"}],"about":[{"href":"https:\/\/tiketi.com\/fr-fr\/wp-json\/wp\/v2\/types\/page"}],"author":[{"embeddable":true,"href":"https:\/\/tiketi.com\/fr-fr\/wp-json\/wp\/v2\/users\/1"}],"replies":[{"embeddable":true,"href":"https:\/\/tiketi.com\/fr-fr\/wp-json\/wp\/v2\/comments?post=10833"}],"version-history":[{"count":0,"href":"https:\/\/tiketi.com\/fr-fr\/wp-json\/wp\/v2\/pages\/10833\/revisions"}],"wp:featuredmedia":[{"embeddable":true,"href":"https:\/\/tiketi.com\/fr-fr\/wp-json\/wp\/v2\/media\/13999"}],"wp:attachment":[{"href":"https:\/\/tiketi.com\/fr-fr\/wp-json\/wp\/v2\/media?parent=10833"}],"curies":[{"name":"wp","href":"https:\/\/api.w.org\/{rel}","templated":true}]}}