{"id":10835,"date":"2022-01-19T12:53:53","date_gmt":"2022-01-19T11:53:53","guid":{"rendered":"https:\/\/new.tiketi.com\/bus-from-dar-es-salaam-to-lusaka-bus-tickets-fare-schedule-route\/"},"modified":"2022-01-27T13:05:33","modified_gmt":"2022-01-27T12:05:33","slug":"bus-tickets-from-dar-es-salaam-to-lusaka","status":"publish","type":"page","link":"https:\/\/tiketi.com\/fr-fr\/bus-tickets-from-dar-es-salaam-to-lusaka\/","title":{"rendered":"Bus de Dar es Salaam \u00e0 Lusaka Billets de bus, tarif, horaires et itin\u00e9raire"},"content":{"rendered":"<h2>Billets de bus pas chers de Dar es Salaam \u00e0 Lusaka R\u00e9servation en ligne<\/h2>\n<h3>D\u00e9couvrez votre itin\u00e9raire sur le web, le mobile ou l&#039;application et r\u00e9servez en ligne maintenant un billet de bus pas cher de Dar es Salam \u00e0 Lusaka.<\/h3>\n<p>Comparez et r\u00e9servez en ligne des billets de bus pas chers de Dar es Salam \u00e0 Lusaka et voyagez de Dar es Salam \u00e0 Lusaka par la route. Lusaka, la capitale et la plus grande ville de Zambie, compte plus de trois millions d&#039;habitants. Voici quelques-unes des meilleures id\u00e9es pour r\u00e9server des billets de bus de Dar es Salaam \u00e0 Lusaka :<\/p>\n<h2>Bus de Dar es Salaam \u00e0 Lusaka R\u00e9servation de billets de bus, itin\u00e9raires, horaires et tarifs FAQ<\/h2>\n<h3>Est-ce que le bus de Dar es Salaam \u00e0 Lusaka est le moyen abordable de se rendre \u00e0 Lusaka ?<\/h3>\n<p>Le moyen abordable de se rendre de Dar es Salam \u00e0 Lusaka transfert priv\u00e9 et bus qui co\u00fbte $130 - $140 et prend 44h 50m.<\/p>\n<h3>Quel est le moyen le plus rapide pour se rendre de Dar es Salam \u00e0 Lusaka ?<\/h3>\n<p>Le moyen le plus rapide pour se rendre de Dar es Salam \u00e0 Lusaka est de <u><a href=\"https:\/\/tiketi.com\/fr-fr\/flightst\/\" target=\"_blank\" rel=\"noopener\">voler<\/a><\/u> qui co\u00fbte $190 \u2013 $260 et dure 3h 20m.<\/p>\n<h3>Quelle est la distance entre Dar es Salam et Lusaka?<\/h3>\n<p>La distance entre Lusaka et Dar es Salam est de 1531 km.<\/p>\n<h3>Comment voyager de Dar es Salam \u00e0 Lusaka sans v\u00e9hicule personnel ?<\/h3>\n<p>Le meilleur moyen pour se rendre de Dar es Salam \u00e0 Lusaka bus et transfert priv\u00e9, dure 32h 50m et co\u00fbte $135 \u2013 $140.<\/p>\n<h3>Puis-je conduire de Dar es Salam \u00e0 Lusaka ?<\/h3>\n<p>Oui, la distance entre Lusaka et Dar es Salam est de 1945 km. il faut environ 28h 50m pour conduire de Dar es Salam \u00e0 Lusaka.<\/p>\n<h3>Combien de temps faut-il pour se rendre de Lusaka \u00e0 Dar es Salam ?<\/h3>\n<p>Il faut environ 3h 10m pour se rendre de Dar es Salam \u00e0 Lusaka, en ajoutant les transferts.<\/p>\n<h2>Billets de bus de Dar es Salaam \u00e0 Lusaka<\/h2>\n<p>C&#039;est l&#039;une des villes \u00e0 la croissance la plus rapide d&#039;Afrique australe. Ses rues du centre-ville sont bord\u00e9es de vendeurs de rue et la ligne d&#039;horizon ne compte que quelques immeubles de grande hauteur. Bien qu&#039;elle soit en plein essor \u00e9conomique, il y a toujours un taux de ch\u00f4mage important dans la ville. Le quartier des affaires est extr\u00eamement moderne tandis que sa p\u00e9riph\u00e9rie est bord\u00e9e de march\u00e9s dynamiques et de cabanes brouillonnes.<\/p>","protected":false},"excerpt":{"rendered":"<p>Cheap Bus Tickets from Dar es Salaam to Lusaka Online Booking Discover your travel route on web, mobile or app and book cheap bus ticket from Dar es Salaam to Lusaka online now. Compare and do cheap bus from Dar es Salaam to Lusaka bus tickets booking online and\u00a0travel Dar es Salaam to Lusaka\u00a0by road.\u00a0Lusaka, [&hellip;]<\/p>\n","protected":false},"author":1,"featured_media":13999,"parent":0,"menu_order":0,"comment_status":"open","ping_status":"closed","template":"template-home-modern.php","meta":{"footnotes":""},"class_list":["post-10835","page","type-page","status-publish","has-post-thumbnail","hentry"],"yoast_head":"<!-- This site is optimized with the Yoast SEO plugin v27.2 - https:\/\/yoast.com\/product\/yoast-seo-wordpress\/ -->\n<title>Bus from Dar es Salaam to Lusaka Bus Tickets, Fare, Schedule &amp; Route<\/title>\n<meta name=\"description\" content=\"Looking for bus from\u00a0Dar es Salaam to Lusaka bus ticket booking app, route, schedule &amp; fare? Book cheap bus tickets from Dar es Salaam to Lusaka online\" \/>\n<meta name=\"robots\" content=\"index, follow, max-snippet:-1, max-image-preview:large, max-video-preview:-1\" \/>\n<link rel=\"canonical\" href=\"https:\/\/tiketi.com\/fr-fr\/bus-tickets-from-dar-es-salaam-to-lusaka\/\" \/>\n<meta property=\"og:locale\" content=\"fr_FR\" \/>\n<meta property=\"og:type\" content=\"article\" \/>\n<meta property=\"og:title\" content=\"Bus from Dar es Salaam to Lusaka Bus Tickets, Fare, Schedule &amp; Route\" \/>\n<meta property=\"og:description\" content=\"Looking for bus from\u00a0Dar es Salaam to Lusaka bus ticket booking app, route, schedule &amp; fare? Book cheap bus tickets from Dar es Salaam to Lusaka online\" \/>\n<meta property=\"og:url\" content=\"https:\/\/tiketi.com\/fr-fr\/bus-tickets-from-dar-es-salaam-to-lusaka\/\" \/>\n<meta property=\"og:site_name\" content=\"Tiketi.com\" \/>\n<meta property=\"article:publisher\" content=\"https:\/\/www.facebook.com\/TiketiCom\/\" \/>\n<meta property=\"article:modified_time\" content=\"2022-01-27T12:05:33+00:00\" \/>\n<meta property=\"og:image\" content=\"https:\/\/tiketi.com\/wp-content\/uploads\/2022\/01\/bus-ticket-online-booking.jpg\" \/>\n\t<meta property=\"og:image:width\" content=\"1200\" \/>\n\t<meta property=\"og:image:height\" content=\"206\" \/>\n\t<meta property=\"og:image:type\" content=\"image\/jpeg\" \/>\n<meta name=\"twitter:card\" content=\"summary_large_image\" \/>\n<meta name=\"twitter:label1\" content=\"Dur\u00e9e de lecture estim\u00e9e\" \/>\n\t<meta name=\"twitter:data1\" content=\"2 minutes\" \/>\n<script type=\"application\/ld+json\" class=\"yoast-schema-graph\">{\"@context\":\"https:\/\/schema.org\",\"@graph\":[{\"@type\":\"WebPage\",\"@id\":\"https:\/\/tiketi.com\/bus-tickets-from-dar-es-salaam-to-lusaka\/\",\"url\":\"https:\/\/tiketi.com\/bus-tickets-from-dar-es-salaam-to-lusaka\/\",\"name\":\"Bus from Dar es Salaam to Lusaka Bus Tickets, Fare, Schedule & Route\",\"isPartOf\":{\"@id\":\"https:\/\/tiketi.com\/#website\"},\"primaryImageOfPage\":{\"@id\":\"https:\/\/tiketi.com\/bus-tickets-from-dar-es-salaam-to-lusaka\/#primaryimage\"},\"image\":{\"@id\":\"https:\/\/tiketi.com\/bus-tickets-from-dar-es-salaam-to-lusaka\/#primaryimage\"},\"thumbnailUrl\":\"https:\/\/tiketi.com\/wp-content\/uploads\/2022\/01\/bus-ticket-online-booking.jpg\",\"datePublished\":\"2022-01-19T11:53:53+00:00\",\"dateModified\":\"2022-01-27T12:05:33+00:00\",\"description\":\"Looking for bus from\u00a0Dar es Salaam to Lusaka bus ticket booking app, route, schedule & fare? Book cheap bus tickets from Dar es Salaam to Lusaka online\",\"breadcrumb\":{\"@id\":\"https:\/\/tiketi.com\/bus-tickets-from-dar-es-salaam-to-lusaka\/#breadcrumb\"},\"inLanguage\":\"fr-FR\",\"potentialAction\":[{\"@type\":\"ReadAction\",\"target\":[\"https:\/\/tiketi.com\/bus-tickets-from-dar-es-salaam-to-lusaka\/\"]}]},{\"@type\":\"ImageObject\",\"inLanguage\":\"fr-FR\",\"@id\":\"https:\/\/tiketi.com\/bus-tickets-from-dar-es-salaam-to-lusaka\/#primaryimage\",\"url\":\"https:\/\/tiketi.com\/wp-content\/uploads\/2022\/01\/bus-ticket-online-booking.jpg\",\"contentUrl\":\"https:\/\/tiketi.com\/wp-content\/uploads\/2022\/01\/bus-ticket-online-booking.jpg\",\"width\":1200,\"height\":206,\"caption\":\"Online Bus Ticket Booking\"},{\"@type\":\"BreadcrumbList\",\"@id\":\"https:\/\/tiketi.com\/bus-tickets-from-dar-es-salaam-to-lusaka\/#breadcrumb\",\"itemListElement\":[{\"@type\":\"ListItem\",\"position\":1,\"name\":\"Home\",\"item\":\"https:\/\/tiketi.com\/\"},{\"@type\":\"ListItem\",\"position\":2,\"name\":\"Bus from Dar es Salaam to Lusaka Bus Tickets, Fare, Schedule &#038; Route\"}]},{\"@type\":\"WebSite\",\"@id\":\"https:\/\/tiketi.com\/#website\",\"url\":\"https:\/\/tiketi.com\/\",\"name\":\"Flight & Bus Tickets, Tour Packages & Activitites - Tiketi.com\",\"description\":\"Flight &amp; Bus Tickets, Tours, Activitites\",\"publisher\":{\"@id\":\"https:\/\/tiketi.com\/#organization\"},\"potentialAction\":[{\"@type\":\"SearchAction\",\"target\":{\"@type\":\"EntryPoint\",\"urlTemplate\":\"https:\/\/tiketi.com\/?s={search_term_string}\"},\"query-input\":{\"@type\":\"PropertyValueSpecification\",\"valueRequired\":true,\"valueName\":\"search_term_string\"}}],\"inLanguage\":\"fr-FR\"},{\"@type\":\"Organization\",\"@id\":\"https:\/\/tiketi.com\/#organization\",\"name\":\"Tiketi.com\",\"alternateName\":\"Tiketi\",\"url\":\"https:\/\/tiketi.com\/\",\"logo\":{\"@type\":\"ImageObject\",\"inLanguage\":\"fr-FR\",\"@id\":\"https:\/\/tiketi.com\/#\/schema\/logo\/image\/\",\"url\":\"https:\/\/tiketi.com\/wp-content\/uploads\/2019\/05\/tiketi-logo-696.png\",\"contentUrl\":\"https:\/\/tiketi.com\/wp-content\/uploads\/2019\/05\/tiketi-logo-696.png\",\"width\":696,\"height\":696,\"caption\":\"Tiketi.com\"},\"image\":{\"@id\":\"https:\/\/tiketi.com\/#\/schema\/logo\/image\/\"},\"sameAs\":[\"https:\/\/www.facebook.com\/TiketiCom\/\"]}]}<\/script>\n<!-- \/ Yoast SEO plugin. -->","yoast_head_json":{"title":"Bus de Dar es Salaam \u00e0 Lusaka Billets de bus, tarif, horaires et itin\u00e9raire","description":"\u00c0 la recherche d&#039;une application de r\u00e9servation de billets de bus de Dar es Salaam \u00e0 Lusaka, d&#039;un itin\u00e9raire, d&#039;un horaire et d&#039;un tarif de bus ? R\u00e9servez en ligne des billets de bus pas chers de Dar es Salam \u00e0 Lusaka","robots":{"index":"index","follow":"follow","max-snippet":"max-snippet:-1","max-image-preview":"max-image-preview:large","max-video-preview":"max-video-preview:-1"},"canonical":"https:\/\/tiketi.com\/fr-fr\/bus-tickets-from-dar-es-salaam-to-lusaka\/","og_locale":"fr_FR","og_type":"article","og_title":"Bus from Dar es Salaam to Lusaka Bus Tickets, Fare, Schedule & Route","og_description":"Looking for bus from\u00a0Dar es Salaam to Lusaka bus ticket booking app, route, schedule & fare? Book cheap bus tickets from Dar es Salaam to Lusaka online","og_url":"https:\/\/tiketi.com\/fr-fr\/bus-tickets-from-dar-es-salaam-to-lusaka\/","og_site_name":"Tiketi.com","article_publisher":"https:\/\/www.facebook.com\/TiketiCom\/","article_modified_time":"2022-01-27T12:05:33+00:00","og_image":[{"width":1200,"height":206,"url":"https:\/\/tiketi.com\/wp-content\/uploads\/2022\/01\/bus-ticket-online-booking.jpg","type":"image\/jpeg"}],"twitter_card":"summary_large_image","twitter_misc":{"Dur\u00e9e de lecture estim\u00e9e":"2 minutes"},"schema":{"@context":"https:\/\/schema.org","@graph":[{"@type":"WebPage","@id":"https:\/\/tiketi.com\/bus-tickets-from-dar-es-salaam-to-lusaka\/","url":"https:\/\/tiketi.com\/bus-tickets-from-dar-es-salaam-to-lusaka\/","name":"Bus de Dar es Salaam \u00e0 Lusaka Billets de bus, tarif, horaires et itin\u00e9raire","isPartOf":{"@id":"https:\/\/tiketi.com\/#website"},"primaryImageOfPage":{"@id":"https:\/\/tiketi.com\/bus-tickets-from-dar-es-salaam-to-lusaka\/#primaryimage"},"image":{"@id":"https:\/\/tiketi.com\/bus-tickets-from-dar-es-salaam-to-lusaka\/#primaryimage"},"thumbnailUrl":"https:\/\/tiketi.com\/wp-content\/uploads\/2022\/01\/bus-ticket-online-booking.jpg","datePublished":"2022-01-19T11:53:53+00:00","dateModified":"2022-01-27T12:05:33+00:00","description":"\u00c0 la recherche d&#039;une application de r\u00e9servation de billets de bus de Dar es Salaam \u00e0 Lusaka, d&#039;un itin\u00e9raire, d&#039;un horaire et d&#039;un tarif de bus ? R\u00e9servez en ligne des billets de bus pas chers de Dar es Salam \u00e0 Lusaka","breadcrumb":{"@id":"https:\/\/tiketi.com\/bus-tickets-from-dar-es-salaam-to-lusaka\/#breadcrumb"},"inLanguage":"fr-FR","potentialAction":[{"@type":"ReadAction","target":["https:\/\/tiketi.com\/bus-tickets-from-dar-es-salaam-to-lusaka\/"]}]},{"@type":"ImageObject","inLanguage":"fr-FR","@id":"https:\/\/tiketi.com\/bus-tickets-from-dar-es-salaam-to-lusaka\/#primaryimage","url":"https:\/\/tiketi.com\/wp-content\/uploads\/2022\/01\/bus-ticket-online-booking.jpg","contentUrl":"https:\/\/tiketi.com\/wp-content\/uploads\/2022\/01\/bus-ticket-online-booking.jpg","width":1200,"height":206,"caption":"Online Bus Ticket Booking"},{"@type":"BreadcrumbList","@id":"https:\/\/tiketi.com\/bus-tickets-from-dar-es-salaam-to-lusaka\/#breadcrumb","itemListElement":[{"@type":"ListItem","position":1,"name":"Home","item":"https:\/\/tiketi.com\/"},{"@type":"ListItem","position":2,"name":"Bus from Dar es Salaam to Lusaka Bus Tickets, Fare, Schedule &#038; Route"}]},{"@type":"WebSite","@id":"https:\/\/tiketi.com\/#website","url":"https:\/\/tiketi.com\/","name":"Billets d&#039;avion et de bus, forfaits touristiques et activit\u00e9s - Tiketi.com","description":"Billets d&#039;avion et de bus, Tours, Activit\u00e9s","publisher":{"@id":"https:\/\/tiketi.com\/#organization"},"potentialAction":[{"@type":"SearchAction","target":{"@type":"EntryPoint","urlTemplate":"https:\/\/tiketi.com\/?s={search_term_string}"},"query-input":{"@type":"PropertyValueSpecification","valueRequired":true,"valueName":"search_term_string"}}],"inLanguage":"fr-FR"},{"@type":"Organization","@id":"https:\/\/tiketi.com\/#organization","name":"Tiketi.com","alternateName":"Tiketi","url":"https:\/\/tiketi.com\/","logo":{"@type":"ImageObject","inLanguage":"fr-FR","@id":"https:\/\/tiketi.com\/#\/schema\/logo\/image\/","url":"https:\/\/tiketi.com\/wp-content\/uploads\/2019\/05\/tiketi-logo-696.png","contentUrl":"https:\/\/tiketi.com\/wp-content\/uploads\/2019\/05\/tiketi-logo-696.png","width":696,"height":696,"caption":"Tiketi.com"},"image":{"@id":"https:\/\/tiketi.com\/#\/schema\/logo\/image\/"},"sameAs":["https:\/\/www.facebook.com\/TiketiCom\/"]}]}},"_links":{"self":[{"href":"https:\/\/tiketi.com\/fr-fr\/wp-json\/wp\/v2\/pages\/10835","targetHints":{"allow":["GET"]}}],"collection":[{"href":"https:\/\/tiketi.com\/fr-fr\/wp-json\/wp\/v2\/pages"}],"about":[{"href":"https:\/\/tiketi.com\/fr-fr\/wp-json\/wp\/v2\/types\/page"}],"author":[{"embeddable":true,"href":"https:\/\/tiketi.com\/fr-fr\/wp-json\/wp\/v2\/users\/1"}],"replies":[{"embeddable":true,"href":"https:\/\/tiketi.com\/fr-fr\/wp-json\/wp\/v2\/comments?post=10835"}],"version-history":[{"count":0,"href":"https:\/\/tiketi.com\/fr-fr\/wp-json\/wp\/v2\/pages\/10835\/revisions"}],"wp:featuredmedia":[{"embeddable":true,"href":"https:\/\/tiketi.com\/fr-fr\/wp-json\/wp\/v2\/media\/13999"}],"wp:attachment":[{"href":"https:\/\/tiketi.com\/fr-fr\/wp-json\/wp\/v2\/media?parent=10835"}],"curies":[{"name":"wp","href":"https:\/\/api.w.org\/{rel}","templated":true}]}}