{"id":10836,"date":"2022-01-19T12:53:53","date_gmt":"2022-01-19T11:53:53","guid":{"rendered":"https:\/\/new.tiketi.com\/bus-from-dar-es-salaam-to-tunduma-bus-tickets-fare-schedule-route\/"},"modified":"2022-01-28T10:26:47","modified_gmt":"2022-01-28T09:26:47","slug":"bus-tickets-from-dar-es-salaam-to-tunduma","status":"publish","type":"page","link":"https:\/\/tiketi.com\/fr-fr\/billets-de-bus-de-dar-es-salaam-a-tunduma\/","title":{"rendered":"Bus de Dar es Salaam \u00e0 Tunduma, billets de bus, tarif, horaires et itin\u00e9raire"},"content":{"rendered":"<h2>Billets de bus pas chers de Dar es Salaam \u00e0 Tunduma R\u00e9servation en ligne<\/h2>\n<h3>D\u00e9couvrez votre itin\u00e9raire sur le web, le mobile ou l&#039;application et r\u00e9servez en ligne maintenant un billet de bus pas cher de Dar es Salam \u00e0 Tunduma.<\/h3>\n<p>Comparez et r\u00e9servez en ligne des billets de bus pas chers de Dar es Salam \u00e0 Tunduma et voyagez de Dar es Salam \u00e0 Tunduma par la route. Tuduma est une ville frontali\u00e8re entre la Zambie et la Tanzanie. Il se situe en Tanzanie, dans la r\u00e9gion de Mbeya. Il a des postes frontaliers pour le chemin de fer Tazara et l&#039;autoroute Tanzam reliant les 2 pays. Voici les id\u00e9es comment r\u00e9server des billets de bus de Dar es Salaam \u00e0 Tunduma :<\/p>\n<h2>Bus de Dar es Salaam \u00e0 Tunduma R\u00e9servation de billets de bus, itin\u00e9raires, horaires et tarifs FAQs<\/h2>\n<h3>Est-il abordable de prendre l&#039;avion, le train, le bus ou le ferry depuis Dar es Salam jusqu&#039;\u00e0 Tunduma ?<\/h3>\n<p>Le moyen abordable de se rendre de Dar es Salam \u00e0 Tunduma est bus et train qui co\u00fbte $60 - $90 et prend 29h 50m.<\/p>\n<h3>Quel est le moyen le plus rapide pour se rendre de Dar es Salam \u00e0 Tunduma ?<\/h3>\n<p>Le moyen le plus rapide pour se rendre de Dar es Salam \u00e0 Tunduma est de <u><a href=\"https:\/\/tiketi.com\/fr-fr\/flightst\/\" target=\"_blank\" rel=\"noopener\">voler<\/a><\/u> et louer un transfert priv\u00e9 avec des co\u00fbts $160 \u2013 $260 et dure 4h 25m.<\/p>\n<h3>Comment voyager de Tunduma \u00e0 Dar es Salam sans voiture ?<\/h3>\n<p>L&#039;excellent moyen pour se rendre de Dar es Salam \u00e0 Tunduma sans voiture en bus et transfert priv\u00e9, ce qui dure 18h 50m et co\u00fbte $122 -$125.<\/p>\n<h3>Puis-je conduire de Dar es Salam \u00e0 Tunduma ?<\/h3>\n<p>Oui, la distance entre Tunduma et Dar es Salam est de 294 km. Il faut environ 14h 20m pour conduire de Dar es Salam \u00e0 Tunduma.<\/p>\n<h3>Combien de temps faut-il pour se rendre de Dar es Salam \u00e0 Tunduma ?<\/h3>\n<p>Il faut environ 4h 30m pour se rendre de Dar es Salam \u00e0 Tunduma, en ajoutant les transferts.<\/p>\n<h2>Billets de bus de Dar es Salaam \u00e0 Tunduma Tips<\/h2>\n<p>Il est plac\u00e9 sur le corridor de Tazara (\u00e9galement connu sous le nom de corridor de Dar es Salaam) qui est une art\u00e8re strat\u00e9gique reliant l&#039;Afrique australe \u00e0 l&#039;Afrique centrale et orientale. Il y a une augmentation du trafic sur cette route depuis 2 directions : la Zambie, le Zimbabwe et l&#039;Afrique du Sud au sud, et depuis le corridor de Nacala au Mozambique et au Malawi. Le trafic est principalement compos\u00e9 de sucre, de carburant, de ciment et de machines.<\/p>","protected":false},"excerpt":{"rendered":"<p>Cheap Bus Tickets from Dar es Salaam to Tunduma Online Booking Discover your travel route on web, mobile or app and book cheap bus ticket from Dar es Salaam to Tunduma online now. Compare and do cheap bus from Dar es Salaam to Tunduma bus tickets booking online and\u00a0travel Dar es Salaam to Tunduma\u00a0by road. [&hellip;]<\/p>\n","protected":false},"author":1,"featured_media":13999,"parent":0,"menu_order":0,"comment_status":"open","ping_status":"closed","template":"template-home-modern.php","meta":{"footnotes":""},"class_list":["post-10836","page","type-page","status-publish","has-post-thumbnail","hentry"],"yoast_head":"<!-- This site is optimized with the Yoast SEO plugin v27.3 - https:\/\/yoast.com\/product\/yoast-seo-wordpress\/ -->\n<title>Bus from Dar es Salaam to Tunduma Bus Tickets, Fare, Schedule &amp; Route<\/title>\n<meta name=\"description\" content=\"Looking for bus from\u00a0Dar es Salaam to Tunduma bus ticket booking app, route, schedule &amp; fare? Book cheap bus tickets from Dar es Salaam to Tunduma\" \/>\n<meta name=\"robots\" content=\"index, follow, max-snippet:-1, max-image-preview:large, max-video-preview:-1\" \/>\n<link rel=\"canonical\" href=\"https:\/\/tiketi.com\/fr-fr\/tiketi-za-basi-kutoka-dar-es-salaam-kwenda-tunduma\/\" \/>\n<meta property=\"og:locale\" content=\"fr_FR\" \/>\n<meta property=\"og:type\" content=\"article\" \/>\n<meta property=\"og:title\" content=\"Bus from Dar es Salaam to Tunduma Bus Tickets, Fare, Schedule &amp; Route\" \/>\n<meta property=\"og:description\" content=\"Looking for bus from\u00a0Dar es Salaam to Tunduma bus ticket booking app, route, schedule &amp; fare? Book cheap bus tickets from Dar es Salaam to Tunduma\" \/>\n<meta property=\"og:url\" content=\"https:\/\/tiketi.com\/fr-fr\/tiketi-za-basi-kutoka-dar-es-salaam-kwenda-tunduma\/\" \/>\n<meta property=\"og:site_name\" content=\"Tiketi.com\" \/>\n<meta property=\"article:publisher\" content=\"https:\/\/www.facebook.com\/TiketiCom\/\" \/>\n<meta property=\"article:modified_time\" content=\"2022-01-28T09:26:47+00:00\" \/>\n<meta property=\"og:image\" content=\"https:\/\/tiketi.com\/wp-content\/uploads\/2022\/01\/bus-ticket-online-booking.jpg\" \/>\n\t<meta property=\"og:image:width\" content=\"1200\" \/>\n\t<meta property=\"og:image:height\" content=\"206\" \/>\n\t<meta property=\"og:image:type\" content=\"image\/jpeg\" \/>\n<meta name=\"twitter:card\" content=\"summary_large_image\" \/>\n<meta name=\"twitter:label1\" content=\"Dur\u00e9e de lecture estim\u00e9e\" \/>\n\t<meta name=\"twitter:data1\" content=\"2 minutes\" \/>\n<script type=\"application\/ld+json\" class=\"yoast-schema-graph\">{\"@context\":\"https:\\\/\\\/schema.org\",\"@graph\":[{\"@type\":\"WebPage\",\"@id\":\"https:\\\/\\\/tiketi.com\\\/sw\\\/tiketi-za-basi-kutoka-dar-es-salaam-kwenda-tunduma\\\/\",\"url\":\"https:\\\/\\\/tiketi.com\\\/sw\\\/tiketi-za-basi-kutoka-dar-es-salaam-kwenda-tunduma\\\/\",\"name\":\"Bus from Dar es Salaam to Tunduma Bus Tickets, Fare, Schedule & Route\",\"isPartOf\":{\"@id\":\"https:\\\/\\\/tiketi.com\\\/#website\"},\"primaryImageOfPage\":{\"@id\":\"https:\\\/\\\/tiketi.com\\\/sw\\\/tiketi-za-basi-kutoka-dar-es-salaam-kwenda-tunduma\\\/#primaryimage\"},\"image\":{\"@id\":\"https:\\\/\\\/tiketi.com\\\/sw\\\/tiketi-za-basi-kutoka-dar-es-salaam-kwenda-tunduma\\\/#primaryimage\"},\"thumbnailUrl\":\"https:\\\/\\\/tiketi.com\\\/wp-content\\\/uploads\\\/2022\\\/01\\\/bus-ticket-online-booking.jpg\",\"datePublished\":\"2022-01-19T11:53:53+00:00\",\"dateModified\":\"2022-01-28T09:26:47+00:00\",\"description\":\"Looking for bus from\u00a0Dar es Salaam to Tunduma bus ticket booking app, route, schedule & fare? Book cheap bus tickets from Dar es Salaam to Tunduma\",\"breadcrumb\":{\"@id\":\"https:\\\/\\\/tiketi.com\\\/sw\\\/tiketi-za-basi-kutoka-dar-es-salaam-kwenda-tunduma\\\/#breadcrumb\"},\"inLanguage\":\"fr-FR\",\"potentialAction\":[{\"@type\":\"ReadAction\",\"target\":[\"https:\\\/\\\/tiketi.com\\\/sw\\\/tiketi-za-basi-kutoka-dar-es-salaam-kwenda-tunduma\\\/\"]}]},{\"@type\":\"ImageObject\",\"inLanguage\":\"fr-FR\",\"@id\":\"https:\\\/\\\/tiketi.com\\\/sw\\\/tiketi-za-basi-kutoka-dar-es-salaam-kwenda-tunduma\\\/#primaryimage\",\"url\":\"https:\\\/\\\/tiketi.com\\\/wp-content\\\/uploads\\\/2022\\\/01\\\/bus-ticket-online-booking.jpg\",\"contentUrl\":\"https:\\\/\\\/tiketi.com\\\/wp-content\\\/uploads\\\/2022\\\/01\\\/bus-ticket-online-booking.jpg\",\"width\":1200,\"height\":206,\"caption\":\"Online Bus Ticket Booking\"},{\"@type\":\"BreadcrumbList\",\"@id\":\"https:\\\/\\\/tiketi.com\\\/sw\\\/tiketi-za-basi-kutoka-dar-es-salaam-kwenda-tunduma\\\/#breadcrumb\",\"itemListElement\":[{\"@type\":\"ListItem\",\"position\":1,\"name\":\"Home\",\"item\":\"https:\\\/\\\/tiketi.com\\\/\"},{\"@type\":\"ListItem\",\"position\":2,\"name\":\"Bus from Dar es Salaam to Tunduma, Bus Tickets, Fare, Schedule &#038; Route\"}]},{\"@type\":\"WebSite\",\"@id\":\"https:\\\/\\\/tiketi.com\\\/#website\",\"url\":\"https:\\\/\\\/tiketi.com\\\/\",\"name\":\"Flight & Bus Tickets, Tour Packages & Activitites - Tiketi.com\",\"description\":\"Flight &amp; Bus Tickets, Tours, Activitites\",\"publisher\":{\"@id\":\"https:\\\/\\\/tiketi.com\\\/#organization\"},\"potentialAction\":[{\"@type\":\"SearchAction\",\"target\":{\"@type\":\"EntryPoint\",\"urlTemplate\":\"https:\\\/\\\/tiketi.com\\\/?s={search_term_string}\"},\"query-input\":{\"@type\":\"PropertyValueSpecification\",\"valueRequired\":true,\"valueName\":\"search_term_string\"}}],\"inLanguage\":\"fr-FR\"},{\"@type\":\"Organization\",\"@id\":\"https:\\\/\\\/tiketi.com\\\/#organization\",\"name\":\"Tiketi.com\",\"alternateName\":\"Tiketi\",\"url\":\"https:\\\/\\\/tiketi.com\\\/\",\"logo\":{\"@type\":\"ImageObject\",\"inLanguage\":\"fr-FR\",\"@id\":\"https:\\\/\\\/tiketi.com\\\/#\\\/schema\\\/logo\\\/image\\\/\",\"url\":\"https:\\\/\\\/tiketi.com\\\/wp-content\\\/uploads\\\/2019\\\/05\\\/tiketi-logo-696.png\",\"contentUrl\":\"https:\\\/\\\/tiketi.com\\\/wp-content\\\/uploads\\\/2019\\\/05\\\/tiketi-logo-696.png\",\"width\":696,\"height\":696,\"caption\":\"Tiketi.com\"},\"image\":{\"@id\":\"https:\\\/\\\/tiketi.com\\\/#\\\/schema\\\/logo\\\/image\\\/\"},\"sameAs\":[\"https:\\\/\\\/www.facebook.com\\\/TiketiCom\\\/\"]}]}<\/script>\n<!-- \/ Yoast SEO plugin. -->","yoast_head_json":{"title":"Bus de Dar es Salaam \u00e0 Tunduma Billets de bus, tarif, horaires et itin\u00e9raire","description":"\u00c0 la recherche d&#039;une application de r\u00e9servation de billets de bus de Dar es Salaam \u00e0 Tunduma, d&#039;un itin\u00e9raire, d&#039;un horaire et d&#039;un tarif de bus\u00a0? R\u00e9servez des billets de bus pas chers de Dar es Salam \u00e0 Tunduma","robots":{"index":"index","follow":"follow","max-snippet":"max-snippet:-1","max-image-preview":"max-image-preview:large","max-video-preview":"max-video-preview:-1"},"canonical":"https:\/\/tiketi.com\/fr-fr\/tiketi-za-basi-kutoka-dar-es-salaam-kwenda-tunduma\/","og_locale":"fr_FR","og_type":"article","og_title":"Bus from Dar es Salaam to Tunduma Bus Tickets, Fare, Schedule & Route","og_description":"Looking for bus from\u00a0Dar es Salaam to Tunduma bus ticket booking app, route, schedule & fare? Book cheap bus tickets from Dar es Salaam to Tunduma","og_url":"https:\/\/tiketi.com\/fr-fr\/tiketi-za-basi-kutoka-dar-es-salaam-kwenda-tunduma\/","og_site_name":"Tiketi.com","article_publisher":"https:\/\/www.facebook.com\/TiketiCom\/","article_modified_time":"2022-01-28T09:26:47+00:00","og_image":[{"width":1200,"height":206,"url":"https:\/\/tiketi.com\/wp-content\/uploads\/2022\/01\/bus-ticket-online-booking.jpg","type":"image\/jpeg"}],"twitter_card":"summary_large_image","twitter_misc":{"Dur\u00e9e de lecture estim\u00e9e":"2 minutes"},"schema":{"@context":"https:\/\/schema.org","@graph":[{"@type":"WebPage","@id":"https:\/\/tiketi.com\/sw\/tiketi-za-basi-kutoka-dar-es-salaam-kwenda-tunduma\/","url":"https:\/\/tiketi.com\/sw\/tiketi-za-basi-kutoka-dar-es-salaam-kwenda-tunduma\/","name":"Bus de Dar es Salaam \u00e0 Tunduma Billets de bus, tarif, horaires et itin\u00e9raire","isPartOf":{"@id":"https:\/\/tiketi.com\/#website"},"primaryImageOfPage":{"@id":"https:\/\/tiketi.com\/sw\/tiketi-za-basi-kutoka-dar-es-salaam-kwenda-tunduma\/#primaryimage"},"image":{"@id":"https:\/\/tiketi.com\/sw\/tiketi-za-basi-kutoka-dar-es-salaam-kwenda-tunduma\/#primaryimage"},"thumbnailUrl":"https:\/\/tiketi.com\/wp-content\/uploads\/2022\/01\/bus-ticket-online-booking.jpg","datePublished":"2022-01-19T11:53:53+00:00","dateModified":"2022-01-28T09:26:47+00:00","description":"\u00c0 la recherche d&#039;une application de r\u00e9servation de billets de bus de Dar es Salaam \u00e0 Tunduma, d&#039;un itin\u00e9raire, d&#039;un horaire et d&#039;un tarif de bus\u00a0? R\u00e9servez des billets de bus pas chers de Dar es Salam \u00e0 Tunduma","breadcrumb":{"@id":"https:\/\/tiketi.com\/sw\/tiketi-za-basi-kutoka-dar-es-salaam-kwenda-tunduma\/#breadcrumb"},"inLanguage":"fr-FR","potentialAction":[{"@type":"ReadAction","target":["https:\/\/tiketi.com\/sw\/tiketi-za-basi-kutoka-dar-es-salaam-kwenda-tunduma\/"]}]},{"@type":"ImageObject","inLanguage":"fr-FR","@id":"https:\/\/tiketi.com\/sw\/tiketi-za-basi-kutoka-dar-es-salaam-kwenda-tunduma\/#primaryimage","url":"https:\/\/tiketi.com\/wp-content\/uploads\/2022\/01\/bus-ticket-online-booking.jpg","contentUrl":"https:\/\/tiketi.com\/wp-content\/uploads\/2022\/01\/bus-ticket-online-booking.jpg","width":1200,"height":206,"caption":"Online Bus Ticket Booking"},{"@type":"BreadcrumbList","@id":"https:\/\/tiketi.com\/sw\/tiketi-za-basi-kutoka-dar-es-salaam-kwenda-tunduma\/#breadcrumb","itemListElement":[{"@type":"ListItem","position":1,"name":"Home","item":"https:\/\/tiketi.com\/"},{"@type":"ListItem","position":2,"name":"Bus from Dar es Salaam to Tunduma, Bus Tickets, Fare, Schedule &#038; Route"}]},{"@type":"WebSite","@id":"https:\/\/tiketi.com\/#website","url":"https:\/\/tiketi.com\/","name":"Billets d&#039;avion et de bus, forfaits touristiques et activit\u00e9s - Tiketi.com","description":"Billets d&#039;avion et de bus, Tours, Activit\u00e9s","publisher":{"@id":"https:\/\/tiketi.com\/#organization"},"potentialAction":[{"@type":"SearchAction","target":{"@type":"EntryPoint","urlTemplate":"https:\/\/tiketi.com\/?s={search_term_string}"},"query-input":{"@type":"PropertyValueSpecification","valueRequired":true,"valueName":"search_term_string"}}],"inLanguage":"fr-FR"},{"@type":"Organization","@id":"https:\/\/tiketi.com\/#organization","name":"Tiketi.com","alternateName":"Tiketi","url":"https:\/\/tiketi.com\/","logo":{"@type":"ImageObject","inLanguage":"fr-FR","@id":"https:\/\/tiketi.com\/#\/schema\/logo\/image\/","url":"https:\/\/tiketi.com\/wp-content\/uploads\/2019\/05\/tiketi-logo-696.png","contentUrl":"https:\/\/tiketi.com\/wp-content\/uploads\/2019\/05\/tiketi-logo-696.png","width":696,"height":696,"caption":"Tiketi.com"},"image":{"@id":"https:\/\/tiketi.com\/#\/schema\/logo\/image\/"},"sameAs":["https:\/\/www.facebook.com\/TiketiCom\/"]}]}},"_links":{"self":[{"href":"https:\/\/tiketi.com\/fr-fr\/wp-json\/wp\/v2\/pages\/10836","targetHints":{"allow":["GET"]}}],"collection":[{"href":"https:\/\/tiketi.com\/fr-fr\/wp-json\/wp\/v2\/pages"}],"about":[{"href":"https:\/\/tiketi.com\/fr-fr\/wp-json\/wp\/v2\/types\/page"}],"author":[{"embeddable":true,"href":"https:\/\/tiketi.com\/fr-fr\/wp-json\/wp\/v2\/users\/1"}],"replies":[{"embeddable":true,"href":"https:\/\/tiketi.com\/fr-fr\/wp-json\/wp\/v2\/comments?post=10836"}],"version-history":[{"count":0,"href":"https:\/\/tiketi.com\/fr-fr\/wp-json\/wp\/v2\/pages\/10836\/revisions"}],"wp:featuredmedia":[{"embeddable":true,"href":"https:\/\/tiketi.com\/fr-fr\/wp-json\/wp\/v2\/media\/13999"}],"wp:attachment":[{"href":"https:\/\/tiketi.com\/fr-fr\/wp-json\/wp\/v2\/media?parent=10836"}],"curies":[{"name":"wp","href":"https:\/\/api.w.org\/{rel}","templated":true}]}}