{"id":10838,"date":"2022-01-19T12:53:53","date_gmt":"2022-01-19T11:53:53","guid":{"rendered":"https:\/\/new.tiketi.com\/bus-from-south-africa-to-kenya-bus-tickets-fare-schedule-route\/"},"modified":"2022-01-31T15:33:21","modified_gmt":"2022-01-31T14:33:21","slug":"online-bus-tickets-from-south-africa-to-kenya","status":"publish","type":"page","link":"https:\/\/tiketi.com\/fr-fr\/online-bus-tickets-from-south-africa-to-kenya\/","title":{"rendered":"Bus from South Africa to Kenya Bus Tickets, Fare, Schedule &#038; Route"},"content":{"rendered":"<p>[wbtm-bus-search]<\/p>\n<h2>\u00a0Cheap Bus Tickets from South Africa to Kenya Online Booking<\/h2>\n<h3>Discover your travel route on web, mobile or app and book cheap bus ticket from South Africa to Kenya online now.<\/h3>\n<p>Compare and do cheap bus from South Africa to Kenya bus tickets booking online and\u00a0travel South Africa to Kenya\u00a0by road. Kenya is a best location for vacationing, as it contains charming coastline, wonderful scenery, thrilling wildlife, remarkable safaris, great lakes, best forests, excellent coastal food and special culture. Here are some of ideas how to book bus tickets from South Africa to Kenya:<\/p>\n<h2>Bus from South Africa to Kenya Bus Tickets Booking, Routes, Schedules &amp; Fares FAQs<\/h2>\n<h3>Is the South Africa to Kenya bus the affordable way get to Kenya?<\/h3>\n<p>The affordable way to get from South Africa to Kenya bus and drive which costs $110 &#8211; $140 and takes two days 19h.<\/p>\n<h3>What is the quickest way to get from South Africa to Kenya?<\/h3>\n<p>The fastest way to get from South Africa to Kenya is to <a href=\"https:\/\/tiketi.com\/flightst\" target=\"_blank\" rel=\"noopener\">fly<\/a> which costs $270 &#8211; $700 and takes 4h 33m.<\/p>\n<h3>What is the travel distance between Kenya and South Africa?<\/h3>\n<p>It is 3560 km from South Africa to Kenya. It is about 3828.2 km to drive.<\/p>\n<h3>Can I drive from South Africa to Kenya?<\/h3>\n<p>Yes, the driving distance between Kenya and South Africa is 3830 km. it takes about two days 4h to drive from South Africa to Kenya.<\/p>\n<h3>How long does it take to get from Kenya to South Africa?<\/h3>\n<p>It takes about 4h 30m to get from South Africa to Kenya, adding transfers.<\/p>\n<h2>Bus Tickets from South Africa to Kenya\u00a0Tips<\/h2>\n<p>Exotic wildlife and best landscapes in Kenya attracts a number of visitors every year. Here, you get to enjoy amazing safari rides that introduce you to nature and wildlife. There are also some charming beaches to explore while you are on your Kenya holidays. \u00a0A trip to this rich country is bound to provide you priceless memories that you can rejoice with the rest of your life. Nature lovers and people eager to travel around the animal kingdom may make the most of your journey to this country.<\/p>\n","protected":false},"excerpt":{"rendered":"<p>[wbtm-bus-search] \u00a0Cheap Bus Tickets from South Africa to Kenya Online Booking Discover your travel route on web, mobile or app and book cheap bus ticket from South Africa to Kenya online now. Compare and do cheap bus from South Africa to Kenya bus tickets booking online and\u00a0travel South Africa to Kenya\u00a0by road. Kenya is a [&hellip;]<\/p>\n","protected":false},"author":1,"featured_media":13999,"parent":0,"menu_order":0,"comment_status":"open","ping_status":"closed","template":"template-home-modern.php","meta":{"footnotes":""},"class_list":["post-10838","page","type-page","status-publish","has-post-thumbnail","hentry"],"yoast_head":"<!-- This site is optimized with the Yoast SEO plugin v27.3 - https:\/\/yoast.com\/product\/yoast-seo-wordpress\/ -->\n<title>Bus from South Africa to Kenya Bus Tickets, Fare, Schedule &amp; Route<\/title>\n<meta name=\"description\" content=\"Looking for bus from\u00a0South Africa to Kenya bus tickets booking app, schedule &amp; fare? Book cheap bus tickets from South Africa to Kenya online\" \/>\n<meta name=\"robots\" content=\"index, follow, max-snippet:-1, max-image-preview:large, max-video-preview:-1\" \/>\n<link rel=\"canonical\" href=\"https:\/\/tiketi.com\/fr-fr\/online-bus-tickets-from-south-africa-to-kenya\/\" \/>\n<meta property=\"og:locale\" content=\"fr_FR\" \/>\n<meta property=\"og:type\" content=\"article\" \/>\n<meta property=\"og:title\" content=\"Bus from South Africa to Kenya Bus Tickets, Fare, Schedule &amp; Route\" \/>\n<meta property=\"og:description\" content=\"Looking for bus from\u00a0South Africa to Kenya bus tickets booking app, schedule &amp; fare? Book cheap bus tickets from South Africa to Kenya online\" \/>\n<meta property=\"og:url\" content=\"https:\/\/tiketi.com\/fr-fr\/online-bus-tickets-from-south-africa-to-kenya\/\" \/>\n<meta property=\"og:site_name\" content=\"Tiketi.com\" \/>\n<meta property=\"article:publisher\" content=\"https:\/\/www.facebook.com\/TiketiCom\/\" \/>\n<meta property=\"article:modified_time\" content=\"2022-01-31T14:33:21+00:00\" \/>\n<meta property=\"og:image\" content=\"https:\/\/tiketi.com\/wp-content\/uploads\/2022\/01\/bus-ticket-online-booking.jpg\" \/>\n\t<meta property=\"og:image:width\" content=\"1200\" \/>\n\t<meta property=\"og:image:height\" content=\"206\" \/>\n\t<meta property=\"og:image:type\" content=\"image\/jpeg\" \/>\n<meta name=\"twitter:card\" content=\"summary_large_image\" \/>\n<meta name=\"twitter:label1\" content=\"Dur\u00e9e de lecture estim\u00e9e\" \/>\n\t<meta name=\"twitter:data1\" content=\"2 minutes\" \/>\n<script type=\"application\/ld+json\" class=\"yoast-schema-graph\">{\"@context\":\"https:\\\/\\\/schema.org\",\"@graph\":[{\"@type\":\"WebPage\",\"@id\":\"https:\\\/\\\/tiketi.com\\\/en-gb\\\/online-bus-tickets-from-south-africa-to-kenya\\\/\",\"url\":\"https:\\\/\\\/tiketi.com\\\/en-gb\\\/online-bus-tickets-from-south-africa-to-kenya\\\/\",\"name\":\"Bus from South Africa to Kenya Bus Tickets, Fare, Schedule & Route\",\"isPartOf\":{\"@id\":\"https:\\\/\\\/tiketi.com\\\/#website\"},\"primaryImageOfPage\":{\"@id\":\"https:\\\/\\\/tiketi.com\\\/en-gb\\\/online-bus-tickets-from-south-africa-to-kenya\\\/#primaryimage\"},\"image\":{\"@id\":\"https:\\\/\\\/tiketi.com\\\/en-gb\\\/online-bus-tickets-from-south-africa-to-kenya\\\/#primaryimage\"},\"thumbnailUrl\":\"https:\\\/\\\/tiketi.com\\\/wp-content\\\/uploads\\\/2022\\\/01\\\/bus-ticket-online-booking.jpg\",\"datePublished\":\"2022-01-19T11:53:53+00:00\",\"dateModified\":\"2022-01-31T14:33:21+00:00\",\"description\":\"Looking for bus from\u00a0South Africa to Kenya bus tickets booking app, schedule & fare? Book cheap bus tickets from South Africa to Kenya online\",\"breadcrumb\":{\"@id\":\"https:\\\/\\\/tiketi.com\\\/en-gb\\\/online-bus-tickets-from-south-africa-to-kenya\\\/#breadcrumb\"},\"inLanguage\":\"fr-FR\",\"potentialAction\":[{\"@type\":\"ReadAction\",\"target\":[\"https:\\\/\\\/tiketi.com\\\/en-gb\\\/online-bus-tickets-from-south-africa-to-kenya\\\/\"]}]},{\"@type\":\"ImageObject\",\"inLanguage\":\"fr-FR\",\"@id\":\"https:\\\/\\\/tiketi.com\\\/en-gb\\\/online-bus-tickets-from-south-africa-to-kenya\\\/#primaryimage\",\"url\":\"https:\\\/\\\/tiketi.com\\\/wp-content\\\/uploads\\\/2022\\\/01\\\/bus-ticket-online-booking.jpg\",\"contentUrl\":\"https:\\\/\\\/tiketi.com\\\/wp-content\\\/uploads\\\/2022\\\/01\\\/bus-ticket-online-booking.jpg\",\"width\":1200,\"height\":206,\"caption\":\"Online Bus Ticket Booking\"},{\"@type\":\"BreadcrumbList\",\"@id\":\"https:\\\/\\\/tiketi.com\\\/en-gb\\\/online-bus-tickets-from-south-africa-to-kenya\\\/#breadcrumb\",\"itemListElement\":[{\"@type\":\"ListItem\",\"position\":1,\"name\":\"Home\",\"item\":\"https:\\\/\\\/tiketi.com\\\/\"},{\"@type\":\"ListItem\",\"position\":2,\"name\":\"Bus from South Africa to Kenya Bus Tickets, Fare, Schedule &#038; Route\"}]},{\"@type\":\"WebSite\",\"@id\":\"https:\\\/\\\/tiketi.com\\\/#website\",\"url\":\"https:\\\/\\\/tiketi.com\\\/\",\"name\":\"Flight & Bus Tickets, Tour Packages & Activitites - Tiketi.com\",\"description\":\"Flight &amp; Bus Tickets, Tours, Activitites\",\"publisher\":{\"@id\":\"https:\\\/\\\/tiketi.com\\\/#organization\"},\"potentialAction\":[{\"@type\":\"SearchAction\",\"target\":{\"@type\":\"EntryPoint\",\"urlTemplate\":\"https:\\\/\\\/tiketi.com\\\/?s={search_term_string}\"},\"query-input\":{\"@type\":\"PropertyValueSpecification\",\"valueRequired\":true,\"valueName\":\"search_term_string\"}}],\"inLanguage\":\"fr-FR\"},{\"@type\":\"Organization\",\"@id\":\"https:\\\/\\\/tiketi.com\\\/#organization\",\"name\":\"Tiketi.com\",\"alternateName\":\"Tiketi\",\"url\":\"https:\\\/\\\/tiketi.com\\\/\",\"logo\":{\"@type\":\"ImageObject\",\"inLanguage\":\"fr-FR\",\"@id\":\"https:\\\/\\\/tiketi.com\\\/#\\\/schema\\\/logo\\\/image\\\/\",\"url\":\"https:\\\/\\\/tiketi.com\\\/wp-content\\\/uploads\\\/2019\\\/05\\\/tiketi-logo-696.png\",\"contentUrl\":\"https:\\\/\\\/tiketi.com\\\/wp-content\\\/uploads\\\/2019\\\/05\\\/tiketi-logo-696.png\",\"width\":696,\"height\":696,\"caption\":\"Tiketi.com\"},\"image\":{\"@id\":\"https:\\\/\\\/tiketi.com\\\/#\\\/schema\\\/logo\\\/image\\\/\"},\"sameAs\":[\"https:\\\/\\\/www.facebook.com\\\/TiketiCom\\\/\"]}]}<\/script>\n<!-- \/ Yoast SEO plugin. -->","yoast_head_json":{"title":"Bus de l&#039;Afrique du Sud au Kenya Billets de bus, tarifs, horaires et itin\u00e9raire","description":"Vous recherchez une application de r\u00e9servation de billets de bus de l&#039;Afrique du Sud au Kenya, des horaires et des tarifs ? R\u00e9servez des billets de bus pas chers de l&#039;Afrique du Sud au Kenya en ligne","robots":{"index":"index","follow":"follow","max-snippet":"max-snippet:-1","max-image-preview":"max-image-preview:large","max-video-preview":"max-video-preview:-1"},"canonical":"https:\/\/tiketi.com\/fr-fr\/online-bus-tickets-from-south-africa-to-kenya\/","og_locale":"fr_FR","og_type":"article","og_title":"Bus from South Africa to Kenya Bus Tickets, Fare, Schedule & Route","og_description":"Looking for bus from\u00a0South Africa to Kenya bus tickets booking app, schedule & fare? Book cheap bus tickets from South Africa to Kenya online","og_url":"https:\/\/tiketi.com\/fr-fr\/online-bus-tickets-from-south-africa-to-kenya\/","og_site_name":"Tiketi.com","article_publisher":"https:\/\/www.facebook.com\/TiketiCom\/","article_modified_time":"2022-01-31T14:33:21+00:00","og_image":[{"width":1200,"height":206,"url":"https:\/\/tiketi.com\/wp-content\/uploads\/2022\/01\/bus-ticket-online-booking.jpg","type":"image\/jpeg"}],"twitter_card":"summary_large_image","twitter_misc":{"Dur\u00e9e de lecture estim\u00e9e":"2 minutes"},"schema":{"@context":"https:\/\/schema.org","@graph":[{"@type":"WebPage","@id":"https:\/\/tiketi.com\/en-gb\/online-bus-tickets-from-south-africa-to-kenya\/","url":"https:\/\/tiketi.com\/en-gb\/online-bus-tickets-from-south-africa-to-kenya\/","name":"Bus de l&#039;Afrique du Sud au Kenya Billets de bus, tarifs, horaires et itin\u00e9raire","isPartOf":{"@id":"https:\/\/tiketi.com\/#website"},"primaryImageOfPage":{"@id":"https:\/\/tiketi.com\/en-gb\/online-bus-tickets-from-south-africa-to-kenya\/#primaryimage"},"image":{"@id":"https:\/\/tiketi.com\/en-gb\/online-bus-tickets-from-south-africa-to-kenya\/#primaryimage"},"thumbnailUrl":"https:\/\/tiketi.com\/wp-content\/uploads\/2022\/01\/bus-ticket-online-booking.jpg","datePublished":"2022-01-19T11:53:53+00:00","dateModified":"2022-01-31T14:33:21+00:00","description":"Vous recherchez une application de r\u00e9servation de billets de bus de l&#039;Afrique du Sud au Kenya, des horaires et des tarifs ? R\u00e9servez des billets de bus pas chers de l&#039;Afrique du Sud au Kenya en ligne","breadcrumb":{"@id":"https:\/\/tiketi.com\/en-gb\/online-bus-tickets-from-south-africa-to-kenya\/#breadcrumb"},"inLanguage":"fr-FR","potentialAction":[{"@type":"ReadAction","target":["https:\/\/tiketi.com\/en-gb\/online-bus-tickets-from-south-africa-to-kenya\/"]}]},{"@type":"ImageObject","inLanguage":"fr-FR","@id":"https:\/\/tiketi.com\/en-gb\/online-bus-tickets-from-south-africa-to-kenya\/#primaryimage","url":"https:\/\/tiketi.com\/wp-content\/uploads\/2022\/01\/bus-ticket-online-booking.jpg","contentUrl":"https:\/\/tiketi.com\/wp-content\/uploads\/2022\/01\/bus-ticket-online-booking.jpg","width":1200,"height":206,"caption":"Online Bus Ticket Booking"},{"@type":"BreadcrumbList","@id":"https:\/\/tiketi.com\/en-gb\/online-bus-tickets-from-south-africa-to-kenya\/#breadcrumb","itemListElement":[{"@type":"ListItem","position":1,"name":"Home","item":"https:\/\/tiketi.com\/"},{"@type":"ListItem","position":2,"name":"Bus from South Africa to Kenya Bus Tickets, Fare, Schedule &#038; Route"}]},{"@type":"WebSite","@id":"https:\/\/tiketi.com\/#website","url":"https:\/\/tiketi.com\/","name":"Billets d&#039;avion et de bus, forfaits touristiques et activit\u00e9s - Tiketi.com","description":"Billets d&#039;avion et de bus, Tours, Activit\u00e9s","publisher":{"@id":"https:\/\/tiketi.com\/#organization"},"potentialAction":[{"@type":"SearchAction","target":{"@type":"EntryPoint","urlTemplate":"https:\/\/tiketi.com\/?s={search_term_string}"},"query-input":{"@type":"PropertyValueSpecification","valueRequired":true,"valueName":"search_term_string"}}],"inLanguage":"fr-FR"},{"@type":"Organization","@id":"https:\/\/tiketi.com\/#organization","name":"Tiketi.com","alternateName":"Tiketi","url":"https:\/\/tiketi.com\/","logo":{"@type":"ImageObject","inLanguage":"fr-FR","@id":"https:\/\/tiketi.com\/#\/schema\/logo\/image\/","url":"https:\/\/tiketi.com\/wp-content\/uploads\/2019\/05\/tiketi-logo-696.png","contentUrl":"https:\/\/tiketi.com\/wp-content\/uploads\/2019\/05\/tiketi-logo-696.png","width":696,"height":696,"caption":"Tiketi.com"},"image":{"@id":"https:\/\/tiketi.com\/#\/schema\/logo\/image\/"},"sameAs":["https:\/\/www.facebook.com\/TiketiCom\/"]}]}},"_links":{"self":[{"href":"https:\/\/tiketi.com\/fr-fr\/wp-json\/wp\/v2\/pages\/10838","targetHints":{"allow":["GET"]}}],"collection":[{"href":"https:\/\/tiketi.com\/fr-fr\/wp-json\/wp\/v2\/pages"}],"about":[{"href":"https:\/\/tiketi.com\/fr-fr\/wp-json\/wp\/v2\/types\/page"}],"author":[{"embeddable":true,"href":"https:\/\/tiketi.com\/fr-fr\/wp-json\/wp\/v2\/users\/1"}],"replies":[{"embeddable":true,"href":"https:\/\/tiketi.com\/fr-fr\/wp-json\/wp\/v2\/comments?post=10838"}],"version-history":[{"count":0,"href":"https:\/\/tiketi.com\/fr-fr\/wp-json\/wp\/v2\/pages\/10838\/revisions"}],"wp:featuredmedia":[{"embeddable":true,"href":"https:\/\/tiketi.com\/fr-fr\/wp-json\/wp\/v2\/media\/13999"}],"wp:attachment":[{"href":"https:\/\/tiketi.com\/fr-fr\/wp-json\/wp\/v2\/media?parent=10838"}],"curies":[{"name":"wp","href":"https:\/\/api.w.org\/{rel}","templated":true}]}}