{"id":10840,"date":"2022-01-19T12:53:53","date_gmt":"2022-01-19T11:53:53","guid":{"rendered":"https:\/\/new.tiketi.com\/boat-hire-bazaruto-archipelago-best-charter-boat-rental\/"},"modified":"2022-01-25T16:59:30","modified_gmt":"2022-01-25T15:59:30","slug":"boat-hire-bazaruto-archipelago","status":"publish","type":"page","link":"https:\/\/tiketi.com\/fr-fr\/boat-hire-bazaruto-archipelago\/","title":{"rendered":"Location de bateaux Archipel de Bazaruto - Meilleure location de bateaux charter"},"content":{"rendered":"<h2>Location bateau pas cher Archipel de Bazaruto<\/h2>\n<h3>Recherchez, comparez et faites une location de bateau pas cher Archipel de Bazaruto en ligne et gagnez du temps et de l&#039;argent<\/h3>\n<p>La location de bateau pas cher Archipel de Bazaruto en toute simplicit\u00e9. Les deux \u00eeles principales sont Benguerra et Bazaruto, avec de petites \u00eeles plus petites - Santa Corolina, Bangue, Magaruque et l&#039;\u00eele de Linene. L&#039;archipel de Bazaruto au Mozambique est un autre meilleur endroit pour la location de bateaux \u00e0 moteur. L&#039;archipel de Bazaruto. Cette source d&#039;\u00eeles en face de Vilanculous offre une plong\u00e9e de classe mondiale, des plages et certainement un endroit parfait pour la location de yachts. Faites de la location de yacht \u00e0 bas prix Archipel de Bazaruto en ligne et gagnez du temps et de l&#039;argent.<\/p>\n<h2>FAQ sur la location de bateaux dans l&#039;archipel de Bazaruto<\/h2>\n<h3>Des vacances uniques en location de yacht<\/h3>\n<p>L&#039;archipel complet de Bazaruto fait partie d&#039;un projet de conversation dont l&#039;objectif initial est de maintenir l&#039;int\u00e9grit\u00e9 sociale et \u00e9cologique du parc national de Bazaruto par une utilisation durable et judicieuse des ressources.<br \/>\nLes \u00eeles de l&#039;archipel de Bazaruto encouragent les adorateurs du soleil et de la plage, les amoureux de la nature et les amateurs de sports nautiques avec la location de bateaux de f\u00eate sur l&#039;archipel de Bazaruto.<br \/>\nCombinez la location de bateaux sparty Archipel de Bazaruto avec des stations comme Bazaruto Lodge, Benguerra Lodge, Marlin Lodge, Indigo Bay Resort, Azura lodge pour faire des vacances sp\u00e9ciales en yacht.<\/p>\n<h3>Un r\u00eave devenu r\u00e9alit\u00e9<\/h3>\n<p>Une dur\u00e9e de vie de 70 ans offre suffisamment de temps pour atteindre 3 m\u00e8tres de long et peser 1 100 livres. Il existe de v\u00e9ritables r\u00eaves de plong\u00e9e devenus r\u00e9alit\u00e9. Ils se nourrissent des fonds marins bord\u00e9s de coraux et d&#039;algues abritant des poissons tropicaux dans une eau cristalline. Nager avec des dugongs est vraiment une promenade dans le parc, car les grands mammif\u00e8res s&#039;en fichent \u00e0 condition que personne n&#039;interf\u00e8re avec leur \u00e9ternel amateur d&#039;herbes marines. Vous pouvez marcher \u00e0 un endroit probable jusqu&#039;\u00e0 ce que votre chapeau flotte, vous pouvez faire flotter votre yacht priv\u00e9 sur l&#039;archipel de Bazaruto jusqu&#039;\u00e0 un endroit probable et un dugong peut s&#039;y trouver.<br \/>\nVous pr\u00e9f\u00e9rerez peut-\u00eatre rejoindre une location de bateau de p\u00eache boutre Archipel de Bazaruto avec un moteur put-put et voir ce que la mer apporte au bout de votre ligne de p\u00eache. Que demander de plus que du cristal, de l&#039;eau chaude et claire, une procession sans fin de la vie marine, du corail doux par\u00e9 de ses plus beaux atours du dimanche. D&#039;autres attractions incluent jouer au capitaine lors d&#039;une p\u00eache traditionnelle pendant une journ\u00e9e, faire du sandboard sur de grandes dunes de sable et manger des fruits de mer nationaux \u00e0 la portugaise.<\/p>\n<h3>Comment rejoindre l&#039;archipel de Bazaruto<\/h3>\n<p>Pour rejoindre l&#039;\u00eele de Bazaruto, vous avez d&#039;abord le choix entre un avion l\u00e9ger, une location de bateau priv\u00e9 sur l&#039;archipel de Bazaruto ou une location de voiture. Lorsque vous arrivez \u00e0 inharrasso, vous trouverez des h\u00f4tels coloniaux traditionnels, des petits \u00e9tablissements de luxe et des h\u00e9bergements pour routards. La plupart de ceux qui viennent utilisent des boutres traditionnels pour louer l&#039;archipel de Bazaruto afin de naviguer sur l&#039;\u00eele et les 5 autres \u00eeles de l&#039;archipel. Quoi qu&#039;il en soit, la location d&#039;embarcations l\u00e9g\u00e8res et de vedettes rapides dans l&#039;archipel de Bazaruto est \u00e9galement accessible.<\/p>","protected":false},"excerpt":{"rendered":"<p>Cheap Boat Rental Bazaruto Archipelago Search, compare and do cheap boat rental Bazaruto Archipelago online and save time and money Cheap boat hire Bazaruto Archipelago made easy. The two main islands are Benguerra and Bazaruto, with little smaller islands &#8211; Santa Corolina, Bangue, Magaruque, and Linene Island. Bazaruto Archipelago in Mozambique is another best place [&hellip;]<\/p>\n","protected":false},"author":1,"featured_media":14513,"parent":0,"menu_order":0,"comment_status":"open","ping_status":"closed","template":"template-home-modern.php","meta":{"footnotes":""},"class_list":["post-10840","page","type-page","status-publish","has-post-thumbnail","hentry"],"yoast_head":"<!-- This site is optimized with the Yoast SEO plugin v27.3 - https:\/\/yoast.com\/product\/yoast-seo-wordpress\/ -->\n<title>Boat Hire Bazaruto Archipelago - Best Charter Boat Rental<\/title>\n<meta name=\"description\" content=\"Looking for cheap boat hire Bazaruto Archipelago? Do cheap boat rental Bazaruto Archipelago online and save time and money\" \/>\n<meta name=\"robots\" content=\"index, follow, max-snippet:-1, max-image-preview:large, max-video-preview:-1\" \/>\n<link rel=\"canonical\" href=\"https:\/\/tiketi.com\/fr-fr\/boat-hire-bazaruto-archipelago\/\" \/>\n<meta property=\"og:locale\" content=\"fr_FR\" \/>\n<meta property=\"og:type\" content=\"article\" \/>\n<meta property=\"og:title\" content=\"Boat Hire Bazaruto Archipelago - Best Charter Boat Rental\" \/>\n<meta property=\"og:description\" content=\"Looking for cheap boat hire Bazaruto Archipelago? Do cheap boat rental Bazaruto Archipelago online and save time and money\" \/>\n<meta property=\"og:url\" content=\"https:\/\/tiketi.com\/fr-fr\/boat-hire-bazaruto-archipelago\/\" \/>\n<meta property=\"og:site_name\" content=\"Tiketi.com\" \/>\n<meta property=\"article:publisher\" content=\"https:\/\/www.facebook.com\/TiketiCom\/\" \/>\n<meta property=\"article:modified_time\" content=\"2022-01-25T15:59:30+00:00\" \/>\n<meta property=\"og:image\" content=\"https:\/\/tiketi.com\/wp-content\/uploads\/2022\/01\/boat-2117944_1200-1.jpg\" \/>\n\t<meta property=\"og:image:width\" content=\"1200\" \/>\n\t<meta property=\"og:image:height\" content=\"209\" \/>\n\t<meta property=\"og:image:type\" content=\"image\/jpeg\" \/>\n<meta name=\"twitter:card\" content=\"summary_large_image\" \/>\n<meta name=\"twitter:label1\" content=\"Dur\u00e9e de lecture estim\u00e9e\" \/>\n\t<meta name=\"twitter:data1\" content=\"2 minutes\" \/>\n<script type=\"application\/ld+json\" class=\"yoast-schema-graph\">{\"@context\":\"https:\\\/\\\/schema.org\",\"@graph\":[{\"@type\":\"WebPage\",\"@id\":\"https:\\\/\\\/tiketi.com\\\/fr-fr\\\/boat-hire-bazaruto-archipelago\\\/\",\"url\":\"https:\\\/\\\/tiketi.com\\\/fr-fr\\\/boat-hire-bazaruto-archipelago\\\/\",\"name\":\"Boat Hire Bazaruto Archipelago - Best Charter Boat Rental\",\"isPartOf\":{\"@id\":\"https:\\\/\\\/tiketi.com\\\/#website\"},\"primaryImageOfPage\":{\"@id\":\"https:\\\/\\\/tiketi.com\\\/fr-fr\\\/boat-hire-bazaruto-archipelago\\\/#primaryimage\"},\"image\":{\"@id\":\"https:\\\/\\\/tiketi.com\\\/fr-fr\\\/boat-hire-bazaruto-archipelago\\\/#primaryimage\"},\"thumbnailUrl\":\"https:\\\/\\\/tiketi.com\\\/wp-content\\\/uploads\\\/2022\\\/01\\\/boat-2117944_1200-1.jpg\",\"datePublished\":\"2022-01-19T11:53:53+00:00\",\"dateModified\":\"2022-01-25T15:59:30+00:00\",\"description\":\"Looking for cheap boat hire Bazaruto Archipelago? Do cheap boat rental Bazaruto Archipelago online and save time and money\",\"breadcrumb\":{\"@id\":\"https:\\\/\\\/tiketi.com\\\/fr-fr\\\/boat-hire-bazaruto-archipelago\\\/#breadcrumb\"},\"inLanguage\":\"fr-FR\",\"potentialAction\":[{\"@type\":\"ReadAction\",\"target\":[\"https:\\\/\\\/tiketi.com\\\/fr-fr\\\/boat-hire-bazaruto-archipelago\\\/\"]}]},{\"@type\":\"ImageObject\",\"inLanguage\":\"fr-FR\",\"@id\":\"https:\\\/\\\/tiketi.com\\\/fr-fr\\\/boat-hire-bazaruto-archipelago\\\/#primaryimage\",\"url\":\"https:\\\/\\\/tiketi.com\\\/wp-content\\\/uploads\\\/2022\\\/01\\\/boat-2117944_1200-1.jpg\",\"contentUrl\":\"https:\\\/\\\/tiketi.com\\\/wp-content\\\/uploads\\\/2022\\\/01\\\/boat-2117944_1200-1.jpg\",\"width\":1200,\"height\":209,\"caption\":\"Boat Hire\"},{\"@type\":\"BreadcrumbList\",\"@id\":\"https:\\\/\\\/tiketi.com\\\/fr-fr\\\/boat-hire-bazaruto-archipelago\\\/#breadcrumb\",\"itemListElement\":[{\"@type\":\"ListItem\",\"position\":1,\"name\":\"Home\",\"item\":\"https:\\\/\\\/tiketi.com\\\/\"},{\"@type\":\"ListItem\",\"position\":2,\"name\":\"Boat Hire Bazaruto Archipelago &#8211; Best Charter Boat Rental\"}]},{\"@type\":\"WebSite\",\"@id\":\"https:\\\/\\\/tiketi.com\\\/#website\",\"url\":\"https:\\\/\\\/tiketi.com\\\/\",\"name\":\"Flight & Bus Tickets, Tour Packages & Activitites - Tiketi.com\",\"description\":\"Flight &amp; Bus Tickets, Tours, Activitites\",\"publisher\":{\"@id\":\"https:\\\/\\\/tiketi.com\\\/#organization\"},\"potentialAction\":[{\"@type\":\"SearchAction\",\"target\":{\"@type\":\"EntryPoint\",\"urlTemplate\":\"https:\\\/\\\/tiketi.com\\\/?s={search_term_string}\"},\"query-input\":{\"@type\":\"PropertyValueSpecification\",\"valueRequired\":true,\"valueName\":\"search_term_string\"}}],\"inLanguage\":\"fr-FR\"},{\"@type\":\"Organization\",\"@id\":\"https:\\\/\\\/tiketi.com\\\/#organization\",\"name\":\"Tiketi.com\",\"alternateName\":\"Tiketi\",\"url\":\"https:\\\/\\\/tiketi.com\\\/\",\"logo\":{\"@type\":\"ImageObject\",\"inLanguage\":\"fr-FR\",\"@id\":\"https:\\\/\\\/tiketi.com\\\/#\\\/schema\\\/logo\\\/image\\\/\",\"url\":\"https:\\\/\\\/tiketi.com\\\/wp-content\\\/uploads\\\/2019\\\/05\\\/tiketi-logo-696.png\",\"contentUrl\":\"https:\\\/\\\/tiketi.com\\\/wp-content\\\/uploads\\\/2019\\\/05\\\/tiketi-logo-696.png\",\"width\":696,\"height\":696,\"caption\":\"Tiketi.com\"},\"image\":{\"@id\":\"https:\\\/\\\/tiketi.com\\\/#\\\/schema\\\/logo\\\/image\\\/\"},\"sameAs\":[\"https:\\\/\\\/www.facebook.com\\\/TiketiCom\\\/\"]}]}<\/script>\n<!-- \/ Yoast SEO plugin. -->","yoast_head_json":{"title":"Location de bateaux Archipel de Bazaruto - Meilleure location de bateaux charter","description":"Vous recherchez une location de bateau pas ch\u00e8re Archipel de Bazaruto ? Faites une location de bateau pas cher Archipel de Bazaruto en ligne et gagnez du temps et de l&#039;argent","robots":{"index":"index","follow":"follow","max-snippet":"max-snippet:-1","max-image-preview":"max-image-preview:large","max-video-preview":"max-video-preview:-1"},"canonical":"https:\/\/tiketi.com\/fr-fr\/boat-hire-bazaruto-archipelago\/","og_locale":"fr_FR","og_type":"article","og_title":"Boat Hire Bazaruto Archipelago - Best Charter Boat Rental","og_description":"Looking for cheap boat hire Bazaruto Archipelago? Do cheap boat rental Bazaruto Archipelago online and save time and money","og_url":"https:\/\/tiketi.com\/fr-fr\/boat-hire-bazaruto-archipelago\/","og_site_name":"Tiketi.com","article_publisher":"https:\/\/www.facebook.com\/TiketiCom\/","article_modified_time":"2022-01-25T15:59:30+00:00","og_image":[{"width":1200,"height":209,"url":"https:\/\/tiketi.com\/wp-content\/uploads\/2022\/01\/boat-2117944_1200-1.jpg","type":"image\/jpeg"}],"twitter_card":"summary_large_image","twitter_misc":{"Dur\u00e9e de lecture estim\u00e9e":"2 minutes"},"schema":{"@context":"https:\/\/schema.org","@graph":[{"@type":"WebPage","@id":"https:\/\/tiketi.com\/fr-fr\/boat-hire-bazaruto-archipelago\/","url":"https:\/\/tiketi.com\/fr-fr\/boat-hire-bazaruto-archipelago\/","name":"Location de bateaux Archipel de Bazaruto - Meilleure location de bateaux charter","isPartOf":{"@id":"https:\/\/tiketi.com\/#website"},"primaryImageOfPage":{"@id":"https:\/\/tiketi.com\/fr-fr\/boat-hire-bazaruto-archipelago\/#primaryimage"},"image":{"@id":"https:\/\/tiketi.com\/fr-fr\/boat-hire-bazaruto-archipelago\/#primaryimage"},"thumbnailUrl":"https:\/\/tiketi.com\/wp-content\/uploads\/2022\/01\/boat-2117944_1200-1.jpg","datePublished":"2022-01-19T11:53:53+00:00","dateModified":"2022-01-25T15:59:30+00:00","description":"Vous recherchez une location de bateau pas ch\u00e8re Archipel de Bazaruto ? Faites une location de bateau pas cher Archipel de Bazaruto en ligne et gagnez du temps et de l&#039;argent","breadcrumb":{"@id":"https:\/\/tiketi.com\/fr-fr\/boat-hire-bazaruto-archipelago\/#breadcrumb"},"inLanguage":"fr-FR","potentialAction":[{"@type":"ReadAction","target":["https:\/\/tiketi.com\/fr-fr\/boat-hire-bazaruto-archipelago\/"]}]},{"@type":"ImageObject","inLanguage":"fr-FR","@id":"https:\/\/tiketi.com\/fr-fr\/boat-hire-bazaruto-archipelago\/#primaryimage","url":"https:\/\/tiketi.com\/wp-content\/uploads\/2022\/01\/boat-2117944_1200-1.jpg","contentUrl":"https:\/\/tiketi.com\/wp-content\/uploads\/2022\/01\/boat-2117944_1200-1.jpg","width":1200,"height":209,"caption":"Boat Hire"},{"@type":"BreadcrumbList","@id":"https:\/\/tiketi.com\/fr-fr\/boat-hire-bazaruto-archipelago\/#breadcrumb","itemListElement":[{"@type":"ListItem","position":1,"name":"Home","item":"https:\/\/tiketi.com\/"},{"@type":"ListItem","position":2,"name":"Boat Hire Bazaruto Archipelago &#8211; Best Charter Boat Rental"}]},{"@type":"WebSite","@id":"https:\/\/tiketi.com\/#website","url":"https:\/\/tiketi.com\/","name":"Billets d&#039;avion et de bus, forfaits touristiques et activit\u00e9s - Tiketi.com","description":"Billets d&#039;avion et de bus, Tours, Activit\u00e9s","publisher":{"@id":"https:\/\/tiketi.com\/#organization"},"potentialAction":[{"@type":"SearchAction","target":{"@type":"EntryPoint","urlTemplate":"https:\/\/tiketi.com\/?s={search_term_string}"},"query-input":{"@type":"PropertyValueSpecification","valueRequired":true,"valueName":"search_term_string"}}],"inLanguage":"fr-FR"},{"@type":"Organization","@id":"https:\/\/tiketi.com\/#organization","name":"Tiketi.com","alternateName":"Tiketi","url":"https:\/\/tiketi.com\/","logo":{"@type":"ImageObject","inLanguage":"fr-FR","@id":"https:\/\/tiketi.com\/#\/schema\/logo\/image\/","url":"https:\/\/tiketi.com\/wp-content\/uploads\/2019\/05\/tiketi-logo-696.png","contentUrl":"https:\/\/tiketi.com\/wp-content\/uploads\/2019\/05\/tiketi-logo-696.png","width":696,"height":696,"caption":"Tiketi.com"},"image":{"@id":"https:\/\/tiketi.com\/#\/schema\/logo\/image\/"},"sameAs":["https:\/\/www.facebook.com\/TiketiCom\/"]}]}},"_links":{"self":[{"href":"https:\/\/tiketi.com\/fr-fr\/wp-json\/wp\/v2\/pages\/10840","targetHints":{"allow":["GET"]}}],"collection":[{"href":"https:\/\/tiketi.com\/fr-fr\/wp-json\/wp\/v2\/pages"}],"about":[{"href":"https:\/\/tiketi.com\/fr-fr\/wp-json\/wp\/v2\/types\/page"}],"author":[{"embeddable":true,"href":"https:\/\/tiketi.com\/fr-fr\/wp-json\/wp\/v2\/users\/1"}],"replies":[{"embeddable":true,"href":"https:\/\/tiketi.com\/fr-fr\/wp-json\/wp\/v2\/comments?post=10840"}],"version-history":[{"count":0,"href":"https:\/\/tiketi.com\/fr-fr\/wp-json\/wp\/v2\/pages\/10840\/revisions"}],"wp:featuredmedia":[{"embeddable":true,"href":"https:\/\/tiketi.com\/fr-fr\/wp-json\/wp\/v2\/media\/14513"}],"wp:attachment":[{"href":"https:\/\/tiketi.com\/fr-fr\/wp-json\/wp\/v2\/media?parent=10840"}],"curies":[{"name":"wp","href":"https:\/\/api.w.org\/{rel}","templated":true}]}}