{"id":10842,"date":"2022-01-19T12:53:53","date_gmt":"2022-01-19T11:53:53","guid":{"rendered":"https:\/\/new.tiketi.com\/boat-rental-tanzania-best-charter-boat-hire\/"},"modified":"2022-01-25T17:54:27","modified_gmt":"2022-01-25T16:54:27","slug":"boat-rental-tanzania","status":"publish","type":"page","link":"https:\/\/tiketi.com\/fr-fr\/boat-rental-tanzania\/","title":{"rendered":"Location de bateaux en Tanzanie - Meilleure location de bateaux charter"},"content":{"rendered":"<h2>Location Bateau Pas Cher Tanzanie<\/h2>\n<h3>Recherchez, comparez et faites une location de bateau pas cher Hurghada en ligne et gagnez du temps et de l&#039;argent<\/h3>\n<p>La location de bateau pas cher en Tanzanie en toute simplicit\u00e9. Zanzibar est un endroit incroyable pour la location de bateaux en Tanzanie, donc \u00e9quip\u00e9 de vents forts, de lieux \u00e0 visiter, de sports nautiques et d&#039;aventures \u00e0 pratiquer. Bordant les eaux chaudes de l&#039;oc\u00e9an Indien, la Tanzanie est dot\u00e9e d&#039;une beaut\u00e9 naturelle suffisante pour faire le prochain aller pour une location de yacht priv\u00e9. Alors que de plus en plus de yachts d&#039;exp\u00e9dition s&#039;ouvrent \u00e0 la location, la possibilit\u00e9 de d\u00e9couvrir la r\u00e9gion devient de plus en plus viable. Faites de la location de yacht pas cher en Tanzanie en ligne et gagnez du temps et de l&#039;argent.<\/p>\n<p>Lorsque vous choisissez une location de hors-bord en Tanzanie ou une location de yacht priv\u00e9 en Tanzanie, vous pouvez simplement explorer le littoral ou vous diriger plus loin et traverser l&#039;archipel de Zanzibar. Ici, des lieux de plong\u00e9e de classe mondiale et un puissant sentiment d&#039;identit\u00e9 culturelle raviront \u00e0 coup s\u00fbr tous les membres de la charte-partie.<\/p>\n<h2>FAQ sur la location de bateaux en Tanzanie<\/h2>\n<h3>Itin\u00e9raires Superyacht en Tanzanie<\/h3>\n<p>La plupart des charters de superyachts en Tanzanie commencent \u00e0 Dar es Salaam, la capitale du pays et si\u00e8ge d&#039;un grand a\u00e9roport international. De l\u00e0, vous pouvez louer un plan priv\u00e9 ou un h\u00e9licopt\u00e8re pour vous emmener l\u00e0 o\u00f9 vous souhaitez commencer vos vacances en yacht de luxe. Les \u00eeles au large de la c\u00f4te vous permettront de vous faire une id\u00e9e de la r\u00e9gion avant de commencer la location de hors-bord. La Tanzanie, l&#039;archipel de Zanzibar et l&#039;\u00eele de Pemba sont les deux plus grands et offrent un m\u00e9lange \u00e9clectique de faune et de paysages remarquables.<\/p>\n<p>Alternativement, vous pouvez commencer vos vacances en location de voilier en Tanzanie, en partant en mer \u00e0 travers Superyacht. La flexibilit\u00e9 de la location de yacht vous permettra de vous arr\u00eater et de d\u00e9couvrir des sites magiques, des bancs de sable isol\u00e9s aux plantations de mangroves sur des \u00eeles d\u00e9sertes.<\/p>\n<h3>Combien co\u00fbte la location d&#039;un yacht en Tanzanie ?<\/h3>\n<p>Vous pouvez louer des p\u00e9niches en Tanzanie pour une journ\u00e9e. Tanzanie pour une moyenne de $1100 par jour. Le prix moyen d&#039;un bateau de location \u00e0 la semaine est de $3500. Votre budget total pour un voyage en bateau en Tanzanie d\u00e9pend de nombreux facteurs tels que la dur\u00e9e du voyage, si l&#039;\u00e9quipage et le capitaine sont inclus dans le prix ou si leur co\u00fbt doit \u00eatre pay\u00e9 s\u00e9par\u00e9ment, le co\u00fbt du carburant et d&#039;autres extras que vous choisissez pour personnaliser votre exp\u00e9rience en Tanzanie.<\/p>\n<h3>Louer un bateau de f\u00eate en Tanzanie<\/h3>\n<p>La Tanzanie est un lieu remarquable pour vos \u00e9v\u00e9nements professionnels ou priv\u00e9s pour des groupes de plus de 13 invit\u00e9s. M\u00eame les propri\u00e9taires de bateaux de f\u00eate en Tanzanie offrent plusieurs choix de forfaits de restauration, un personnel amusant et professionnel form\u00e9 pour rendre votre journ\u00e9e parfaite. Que vous cherchiez \u00e0 organiser vos mariages, votre \u00e9v\u00e9nement professionnel ou un anniversaire. Tanzanie pour surprendre votre famille, vos partenaires commerciaux ou vos amis avec une meilleure exp\u00e9rience sur l&#039;eau.<\/p>","protected":false},"excerpt":{"rendered":"<p>Cheap Boat Hire Tanzania Search, compare and do cheap boat rental Hurghada online and save time and money Cheap boat rental Tanzania made easy. Zanzibar is an amazing place for boat hire Tanzania, so equipped with strong winds, places to visit, water sports and adventure to practice. Border the hot water of the Indian ocean, [&hellip;]<\/p>\n","protected":false},"author":1,"featured_media":14513,"parent":0,"menu_order":0,"comment_status":"open","ping_status":"closed","template":"template-home-modern.php","meta":{"footnotes":""},"class_list":["post-10842","page","type-page","status-publish","has-post-thumbnail","hentry"],"yoast_head":"<!-- This site is optimized with the Yoast SEO plugin v27.3 - https:\/\/yoast.com\/product\/yoast-seo-wordpress\/ -->\n<title>Boat Rental Tanzania - Best Charter Boat Hire<\/title>\n<meta name=\"description\" content=\"Looking for cheap boat rental Tanzania ? Search, compare and do cheap boat hire Tanzania online and save time and money\" \/>\n<meta name=\"robots\" content=\"index, follow, max-snippet:-1, max-image-preview:large, max-video-preview:-1\" \/>\n<link rel=\"canonical\" href=\"https:\/\/tiketi.com\/fr-fr\/boat-rental-tanzania\/\" \/>\n<meta property=\"og:locale\" content=\"fr_FR\" \/>\n<meta property=\"og:type\" content=\"article\" \/>\n<meta property=\"og:title\" content=\"Boat Rental Tanzania - Best Charter Boat Hire\" \/>\n<meta property=\"og:description\" content=\"Looking for cheap boat rental Tanzania ? Search, compare and do cheap boat hire Tanzania online and save time and money\" \/>\n<meta property=\"og:url\" content=\"https:\/\/tiketi.com\/fr-fr\/boat-rental-tanzania\/\" \/>\n<meta property=\"og:site_name\" content=\"Tiketi.com\" \/>\n<meta property=\"article:publisher\" content=\"https:\/\/www.facebook.com\/TiketiCom\/\" \/>\n<meta property=\"article:modified_time\" content=\"2022-01-25T16:54:27+00:00\" \/>\n<meta property=\"og:image\" content=\"https:\/\/tiketi.com\/wp-content\/uploads\/2022\/01\/boat-2117944_1200-1.jpg\" \/>\n\t<meta property=\"og:image:width\" content=\"1200\" \/>\n\t<meta property=\"og:image:height\" content=\"209\" \/>\n\t<meta property=\"og:image:type\" content=\"image\/jpeg\" \/>\n<meta name=\"twitter:card\" content=\"summary_large_image\" \/>\n<meta name=\"twitter:label1\" content=\"Dur\u00e9e de lecture estim\u00e9e\" \/>\n\t<meta name=\"twitter:data1\" content=\"2 minutes\" \/>\n<script type=\"application\/ld+json\" class=\"yoast-schema-graph\">{\"@context\":\"https:\\\/\\\/schema.org\",\"@graph\":[{\"@type\":\"WebPage\",\"@id\":\"https:\\\/\\\/tiketi.com\\\/boat-rental-tanzania\\\/\",\"url\":\"https:\\\/\\\/tiketi.com\\\/boat-rental-tanzania\\\/\",\"name\":\"Boat Rental Tanzania - Best Charter Boat Hire\",\"isPartOf\":{\"@id\":\"https:\\\/\\\/tiketi.com\\\/#website\"},\"primaryImageOfPage\":{\"@id\":\"https:\\\/\\\/tiketi.com\\\/boat-rental-tanzania\\\/#primaryimage\"},\"image\":{\"@id\":\"https:\\\/\\\/tiketi.com\\\/boat-rental-tanzania\\\/#primaryimage\"},\"thumbnailUrl\":\"https:\\\/\\\/tiketi.com\\\/wp-content\\\/uploads\\\/2022\\\/01\\\/boat-2117944_1200-1.jpg\",\"datePublished\":\"2022-01-19T11:53:53+00:00\",\"dateModified\":\"2022-01-25T16:54:27+00:00\",\"description\":\"Looking for cheap boat rental Tanzania ? Search, compare and do cheap boat hire Tanzania online and save time and money\",\"breadcrumb\":{\"@id\":\"https:\\\/\\\/tiketi.com\\\/boat-rental-tanzania\\\/#breadcrumb\"},\"inLanguage\":\"fr-FR\",\"potentialAction\":[{\"@type\":\"ReadAction\",\"target\":[\"https:\\\/\\\/tiketi.com\\\/boat-rental-tanzania\\\/\"]}]},{\"@type\":\"ImageObject\",\"inLanguage\":\"fr-FR\",\"@id\":\"https:\\\/\\\/tiketi.com\\\/boat-rental-tanzania\\\/#primaryimage\",\"url\":\"https:\\\/\\\/tiketi.com\\\/wp-content\\\/uploads\\\/2022\\\/01\\\/boat-2117944_1200-1.jpg\",\"contentUrl\":\"https:\\\/\\\/tiketi.com\\\/wp-content\\\/uploads\\\/2022\\\/01\\\/boat-2117944_1200-1.jpg\",\"width\":1200,\"height\":209,\"caption\":\"Boat Hire\"},{\"@type\":\"BreadcrumbList\",\"@id\":\"https:\\\/\\\/tiketi.com\\\/boat-rental-tanzania\\\/#breadcrumb\",\"itemListElement\":[{\"@type\":\"ListItem\",\"position\":1,\"name\":\"Home\",\"item\":\"https:\\\/\\\/tiketi.com\\\/\"},{\"@type\":\"ListItem\",\"position\":2,\"name\":\"Boat Rental Tanzania &#8211; Best Charter Boat Hire\"}]},{\"@type\":\"WebSite\",\"@id\":\"https:\\\/\\\/tiketi.com\\\/#website\",\"url\":\"https:\\\/\\\/tiketi.com\\\/\",\"name\":\"Flight & Bus Tickets, Tour Packages & Activitites - Tiketi.com\",\"description\":\"Flight &amp; Bus Tickets, Tours, Activitites\",\"publisher\":{\"@id\":\"https:\\\/\\\/tiketi.com\\\/#organization\"},\"potentialAction\":[{\"@type\":\"SearchAction\",\"target\":{\"@type\":\"EntryPoint\",\"urlTemplate\":\"https:\\\/\\\/tiketi.com\\\/?s={search_term_string}\"},\"query-input\":{\"@type\":\"PropertyValueSpecification\",\"valueRequired\":true,\"valueName\":\"search_term_string\"}}],\"inLanguage\":\"fr-FR\"},{\"@type\":\"Organization\",\"@id\":\"https:\\\/\\\/tiketi.com\\\/#organization\",\"name\":\"Tiketi.com\",\"alternateName\":\"Tiketi\",\"url\":\"https:\\\/\\\/tiketi.com\\\/\",\"logo\":{\"@type\":\"ImageObject\",\"inLanguage\":\"fr-FR\",\"@id\":\"https:\\\/\\\/tiketi.com\\\/#\\\/schema\\\/logo\\\/image\\\/\",\"url\":\"https:\\\/\\\/tiketi.com\\\/wp-content\\\/uploads\\\/2019\\\/05\\\/tiketi-logo-696.png\",\"contentUrl\":\"https:\\\/\\\/tiketi.com\\\/wp-content\\\/uploads\\\/2019\\\/05\\\/tiketi-logo-696.png\",\"width\":696,\"height\":696,\"caption\":\"Tiketi.com\"},\"image\":{\"@id\":\"https:\\\/\\\/tiketi.com\\\/#\\\/schema\\\/logo\\\/image\\\/\"},\"sameAs\":[\"https:\\\/\\\/www.facebook.com\\\/TiketiCom\\\/\"]}]}<\/script>\n<!-- \/ Yoast SEO plugin. -->","yoast_head_json":{"title":"Location de bateaux Tanzanie - Meilleure location de bateaux charter","description":"Vous recherchez une location de bateau pas cher Tanzanie ? Recherchez, comparez et louez un bateau pas cher Tanzanie en ligne et gagnez du temps et de l&#039;argent","robots":{"index":"index","follow":"follow","max-snippet":"max-snippet:-1","max-image-preview":"max-image-preview:large","max-video-preview":"max-video-preview:-1"},"canonical":"https:\/\/tiketi.com\/fr-fr\/boat-rental-tanzania\/","og_locale":"fr_FR","og_type":"article","og_title":"Boat Rental Tanzania - Best Charter Boat Hire","og_description":"Looking for cheap boat rental Tanzania ? Search, compare and do cheap boat hire Tanzania online and save time and money","og_url":"https:\/\/tiketi.com\/fr-fr\/boat-rental-tanzania\/","og_site_name":"Tiketi.com","article_publisher":"https:\/\/www.facebook.com\/TiketiCom\/","article_modified_time":"2022-01-25T16:54:27+00:00","og_image":[{"width":1200,"height":209,"url":"https:\/\/tiketi.com\/wp-content\/uploads\/2022\/01\/boat-2117944_1200-1.jpg","type":"image\/jpeg"}],"twitter_card":"summary_large_image","twitter_misc":{"Dur\u00e9e de lecture estim\u00e9e":"2 minutes"},"schema":{"@context":"https:\/\/schema.org","@graph":[{"@type":"WebPage","@id":"https:\/\/tiketi.com\/boat-rental-tanzania\/","url":"https:\/\/tiketi.com\/boat-rental-tanzania\/","name":"Location de bateaux Tanzanie - Meilleure location de bateaux charter","isPartOf":{"@id":"https:\/\/tiketi.com\/#website"},"primaryImageOfPage":{"@id":"https:\/\/tiketi.com\/boat-rental-tanzania\/#primaryimage"},"image":{"@id":"https:\/\/tiketi.com\/boat-rental-tanzania\/#primaryimage"},"thumbnailUrl":"https:\/\/tiketi.com\/wp-content\/uploads\/2022\/01\/boat-2117944_1200-1.jpg","datePublished":"2022-01-19T11:53:53+00:00","dateModified":"2022-01-25T16:54:27+00:00","description":"Vous recherchez une location de bateau pas cher Tanzanie ? Recherchez, comparez et louez un bateau pas cher Tanzanie en ligne et gagnez du temps et de l&#039;argent","breadcrumb":{"@id":"https:\/\/tiketi.com\/boat-rental-tanzania\/#breadcrumb"},"inLanguage":"fr-FR","potentialAction":[{"@type":"ReadAction","target":["https:\/\/tiketi.com\/boat-rental-tanzania\/"]}]},{"@type":"ImageObject","inLanguage":"fr-FR","@id":"https:\/\/tiketi.com\/boat-rental-tanzania\/#primaryimage","url":"https:\/\/tiketi.com\/wp-content\/uploads\/2022\/01\/boat-2117944_1200-1.jpg","contentUrl":"https:\/\/tiketi.com\/wp-content\/uploads\/2022\/01\/boat-2117944_1200-1.jpg","width":1200,"height":209,"caption":"Boat Hire"},{"@type":"BreadcrumbList","@id":"https:\/\/tiketi.com\/boat-rental-tanzania\/#breadcrumb","itemListElement":[{"@type":"ListItem","position":1,"name":"Home","item":"https:\/\/tiketi.com\/"},{"@type":"ListItem","position":2,"name":"Boat Rental Tanzania &#8211; Best Charter Boat Hire"}]},{"@type":"WebSite","@id":"https:\/\/tiketi.com\/#website","url":"https:\/\/tiketi.com\/","name":"Billets d&#039;avion et de bus, forfaits touristiques et activit\u00e9s - Tiketi.com","description":"Billets d&#039;avion et de bus, Tours, Activit\u00e9s","publisher":{"@id":"https:\/\/tiketi.com\/#organization"},"potentialAction":[{"@type":"SearchAction","target":{"@type":"EntryPoint","urlTemplate":"https:\/\/tiketi.com\/?s={search_term_string}"},"query-input":{"@type":"PropertyValueSpecification","valueRequired":true,"valueName":"search_term_string"}}],"inLanguage":"fr-FR"},{"@type":"Organization","@id":"https:\/\/tiketi.com\/#organization","name":"Tiketi.com","alternateName":"Tiketi","url":"https:\/\/tiketi.com\/","logo":{"@type":"ImageObject","inLanguage":"fr-FR","@id":"https:\/\/tiketi.com\/#\/schema\/logo\/image\/","url":"https:\/\/tiketi.com\/wp-content\/uploads\/2019\/05\/tiketi-logo-696.png","contentUrl":"https:\/\/tiketi.com\/wp-content\/uploads\/2019\/05\/tiketi-logo-696.png","width":696,"height":696,"caption":"Tiketi.com"},"image":{"@id":"https:\/\/tiketi.com\/#\/schema\/logo\/image\/"},"sameAs":["https:\/\/www.facebook.com\/TiketiCom\/"]}]}},"_links":{"self":[{"href":"https:\/\/tiketi.com\/fr-fr\/wp-json\/wp\/v2\/pages\/10842","targetHints":{"allow":["GET"]}}],"collection":[{"href":"https:\/\/tiketi.com\/fr-fr\/wp-json\/wp\/v2\/pages"}],"about":[{"href":"https:\/\/tiketi.com\/fr-fr\/wp-json\/wp\/v2\/types\/page"}],"author":[{"embeddable":true,"href":"https:\/\/tiketi.com\/fr-fr\/wp-json\/wp\/v2\/users\/1"}],"replies":[{"embeddable":true,"href":"https:\/\/tiketi.com\/fr-fr\/wp-json\/wp\/v2\/comments?post=10842"}],"version-history":[{"count":0,"href":"https:\/\/tiketi.com\/fr-fr\/wp-json\/wp\/v2\/pages\/10842\/revisions"}],"wp:featuredmedia":[{"embeddable":true,"href":"https:\/\/tiketi.com\/fr-fr\/wp-json\/wp\/v2\/media\/14513"}],"wp:attachment":[{"href":"https:\/\/tiketi.com\/fr-fr\/wp-json\/wp\/v2\/media?parent=10842"}],"curies":[{"name":"wp","href":"https:\/\/api.w.org\/{rel}","templated":true}]}}