{"id":10843,"date":"2022-01-19T12:53:53","date_gmt":"2022-01-19T11:53:53","guid":{"rendered":"https:\/\/new.tiketi.com\/kenya-boat-rental-best-charter-boat-hire\/"},"modified":"2022-02-16T12:40:37","modified_gmt":"2022-02-16T11:40:37","slug":"online-kenya-boat-rental","status":"publish","type":"page","link":"https:\/\/tiketi.com\/fr-fr\/online-kenya-boat-rental\/","title":{"rendered":"Location de bateaux au Kenya - Meilleure location de bateaux charter"},"content":{"rendered":"<h2>Location Bateau Pas Cher Kenya<\/h2>\n<h3>Louez un bateau pas cher au Kenya en ligne et gagnez du temps et de l&#039;argent<\/h3>\n<p>La location de bateau pas cher au Kenya en toute simplicit\u00e9. Le Kenya est un endroit remarquable pour la location de bateaux au Kenya. Vous pouvez affr\u00e9ter ou louer un petit bateau \u00e0 moteur, un voilier ou m\u00eame un yacht. Une journ\u00e9e ensoleill\u00e9e associ\u00e9e \u00e0 des paysages charmants et \u00e0 la meilleure compagnie est la meilleure journ\u00e9e sur l&#039;eau. Que vous f\u00eatiez un enterrement de vie de jeune fille, un anniversaire, un enterrement de vie de gar\u00e7on ou des vacances en famille, Mombasa, au Kenya, est la meilleure destination de location de bateaux au Kenya. Faites de la location de yacht \u00e0 bas prix au Kenya en ligne et \u00e9conomisez du temps et de l&#039;argent.<\/p>\n<h2>FAQ sur la location de bateaux au Kenya<\/h2>\n<h3>Bateau \u00e0 moteur ou voile pour vous Location de yacht au Kenya<\/h3>\n<p>Choisir le bon yacht pour vos meilleures vacances \u00e0 la voile n&#039;est pas facile. Si vous pr\u00e9f\u00e9rez des vacances relaxantes, calmes et \u00e9crasantes, un voilier serait la meilleure option pour vous. D&#039;autre part, la location de bateaux rapides au Kenya est le premier choix pour tous les amateurs de vitesse qui aiment le luxe et le plus grand confort. D\u00e9couvrez quelle location de bateau priv\u00e9 au Kenya vous convient le mieux.<\/p>\n<h3>Comment choisir un yacht Location de bateau au Kenya<\/h3>\n<p>Pour choisir une location de bateau priv\u00e9 au Kenya, il est pr\u00e9f\u00e9rable d&#039;avoir quelques chiffres en t\u00eate avant de commencer votre recherche. Apr\u00e8s avoir choisi un endroit, avoir un bon budget \u00e0 l&#039;esprit ainsi que le nombre de passagers vous permettront de bien commencer. Selon le service et le confort que vous attendez, vous pouvez faire de la location de bateau de p\u00eache au Kenya en fonction des yachts qui vous plaisent et qui r\u00e9pondent \u00e0 vos crit\u00e8res. Vous pouvez \u00e9galement trier par type de yacht, selon si vous souhaitez affr\u00e9ter un voilier ou des bateaux \u00e0 louer au Kenya ou m\u00eame une location de yacht de luxe ou une location de bateau de f\u00eate au Kenya.<\/p>\n<h3>Top destinations de location de yacht au Kenya<\/h3>\n<p>Le choix de l&#039;endroit o\u00f9 louer un bateau est bas\u00e9 sur de nombreux facteurs\u00a0: votre exp\u00e9rience, votre expertise en navigation, si vous pr\u00e9f\u00e9rez prendre un bain de soleil ou vous d\u00e9tendre sur le yacht et faire des excursions calmes ou \u00eates-vous du type aventureux qui aime \u00eatre actif pendant ses vacances et pense que chaque jour est un meilleur jour pour une nouvelle aventure.<\/p>\n<h3>Pourquoi louer un yacht au Kenya<\/h3>\n<p>Vous pourrez profiter des eaux naturelles de l&#039;oc\u00e9an Indien. Un soleil rafra\u00eechissant pour ce bronzage charmant. Diff\u00e9rents lacs au Kenya pr\u00e9sentent des attraits diff\u00e9rents. Il y a des lacs qui sont des paradis pour les ornithologues, des lacs qui abritent des sc\u00e8nes \u00e9tonnantes de geysers et de sources chaudes, des lacs avec des \u00eeles, des lacs que le Kenya partage avec d&#039;autres nations et des lacs qui ont certaines des histoires remarquables de leur existence. L&#039;essentiel est que la beaut\u00e9 naturelle de ces lacs est merveilleuse. Votre location de p\u00e9niche au Kenya propose un meilleur m\u00e9lange d&#039;activit\u00e9s sur et sous l&#039;eau dans lesquelles vous pouvez plonger.<\/p>","protected":false},"excerpt":{"rendered":"<p>Cheap Boat Hire Kenya Do cheap boat hire Kenya online and save time and money Cheap Kenya boat rental made easy. Kenya is a remarkable place for boat hire Kenya. You can charter or rent a little motorboat, sailboat or even a yacht. A sunny day paired with charming scenery and best company makes for [&hellip;]<\/p>\n","protected":false},"author":1,"featured_media":14513,"parent":0,"menu_order":0,"comment_status":"open","ping_status":"closed","template":"template-home-modern.php","meta":{"footnotes":""},"class_list":["post-10843","page","type-page","status-publish","has-post-thumbnail","hentry"],"yoast_head":"<!-- This site is optimized with the Yoast SEO plugin v27.2 - https:\/\/yoast.com\/product\/yoast-seo-wordpress\/ -->\n<title>Kenya Boat Rental - Best Charter Boat Hire<\/title>\n<meta name=\"description\" content=\"Looking for cheap Kenya boat rental? Do cheap boat rental Kenya online and save time and money\" \/>\n<meta name=\"robots\" content=\"index, follow, max-snippet:-1, max-image-preview:large, max-video-preview:-1\" \/>\n<link rel=\"canonical\" href=\"https:\/\/tiketi.com\/fr-fr\/online-kenya-boat-rental\/\" \/>\n<meta property=\"og:locale\" content=\"fr_FR\" \/>\n<meta property=\"og:type\" content=\"article\" \/>\n<meta property=\"og:title\" content=\"Kenya Boat Rental - Best Charter Boat Hire\" \/>\n<meta property=\"og:description\" content=\"Looking for cheap Kenya boat rental? Do cheap boat rental Kenya online and save time and money\" \/>\n<meta property=\"og:url\" content=\"https:\/\/tiketi.com\/fr-fr\/online-kenya-boat-rental\/\" \/>\n<meta property=\"og:site_name\" content=\"Tiketi.com\" \/>\n<meta property=\"article:publisher\" content=\"https:\/\/www.facebook.com\/TiketiCom\/\" \/>\n<meta property=\"article:modified_time\" content=\"2022-02-16T11:40:37+00:00\" \/>\n<meta property=\"og:image\" content=\"https:\/\/tiketi.com\/wp-content\/uploads\/2022\/01\/boat-2117944_1200-1.jpg\" \/>\n\t<meta property=\"og:image:width\" content=\"1200\" \/>\n\t<meta property=\"og:image:height\" content=\"209\" \/>\n\t<meta property=\"og:image:type\" content=\"image\/jpeg\" \/>\n<meta name=\"twitter:card\" content=\"summary_large_image\" \/>\n<meta name=\"twitter:label1\" content=\"Dur\u00e9e de lecture estim\u00e9e\" \/>\n\t<meta name=\"twitter:data1\" content=\"2 minutes\" \/>\n<script type=\"application\/ld+json\" class=\"yoast-schema-graph\">{\"@context\":\"https:\/\/schema.org\",\"@graph\":[{\"@type\":\"WebPage\",\"@id\":\"https:\/\/tiketi.com\/online-kenya-boat-rental\/\",\"url\":\"https:\/\/tiketi.com\/online-kenya-boat-rental\/\",\"name\":\"Kenya Boat Rental - Best Charter Boat Hire\",\"isPartOf\":{\"@id\":\"https:\/\/tiketi.com\/#website\"},\"primaryImageOfPage\":{\"@id\":\"https:\/\/tiketi.com\/online-kenya-boat-rental\/#primaryimage\"},\"image\":{\"@id\":\"https:\/\/tiketi.com\/online-kenya-boat-rental\/#primaryimage\"},\"thumbnailUrl\":\"https:\/\/tiketi.com\/wp-content\/uploads\/2022\/01\/boat-2117944_1200-1.jpg\",\"datePublished\":\"2022-01-19T11:53:53+00:00\",\"dateModified\":\"2022-02-16T11:40:37+00:00\",\"description\":\"Looking for cheap Kenya boat rental? Do cheap boat rental Kenya online and save time and money\",\"breadcrumb\":{\"@id\":\"https:\/\/tiketi.com\/online-kenya-boat-rental\/#breadcrumb\"},\"inLanguage\":\"fr-FR\",\"potentialAction\":[{\"@type\":\"ReadAction\",\"target\":[\"https:\/\/tiketi.com\/online-kenya-boat-rental\/\"]}]},{\"@type\":\"ImageObject\",\"inLanguage\":\"fr-FR\",\"@id\":\"https:\/\/tiketi.com\/online-kenya-boat-rental\/#primaryimage\",\"url\":\"https:\/\/tiketi.com\/wp-content\/uploads\/2022\/01\/boat-2117944_1200-1.jpg\",\"contentUrl\":\"https:\/\/tiketi.com\/wp-content\/uploads\/2022\/01\/boat-2117944_1200-1.jpg\",\"width\":1200,\"height\":209,\"caption\":\"Boat Hire\"},{\"@type\":\"BreadcrumbList\",\"@id\":\"https:\/\/tiketi.com\/online-kenya-boat-rental\/#breadcrumb\",\"itemListElement\":[{\"@type\":\"ListItem\",\"position\":1,\"name\":\"Home\",\"item\":\"https:\/\/tiketi.com\/\"},{\"@type\":\"ListItem\",\"position\":2,\"name\":\"Kenya Boat Rental &#8211; Best Charter Boat Hire\"}]},{\"@type\":\"WebSite\",\"@id\":\"https:\/\/tiketi.com\/#website\",\"url\":\"https:\/\/tiketi.com\/\",\"name\":\"Flight & Bus Tickets, Tour Packages & Activitites - Tiketi.com\",\"description\":\"Flight &amp; Bus Tickets, Tours, Activitites\",\"publisher\":{\"@id\":\"https:\/\/tiketi.com\/#organization\"},\"potentialAction\":[{\"@type\":\"SearchAction\",\"target\":{\"@type\":\"EntryPoint\",\"urlTemplate\":\"https:\/\/tiketi.com\/?s={search_term_string}\"},\"query-input\":{\"@type\":\"PropertyValueSpecification\",\"valueRequired\":true,\"valueName\":\"search_term_string\"}}],\"inLanguage\":\"fr-FR\"},{\"@type\":\"Organization\",\"@id\":\"https:\/\/tiketi.com\/#organization\",\"name\":\"Tiketi.com\",\"alternateName\":\"Tiketi\",\"url\":\"https:\/\/tiketi.com\/\",\"logo\":{\"@type\":\"ImageObject\",\"inLanguage\":\"fr-FR\",\"@id\":\"https:\/\/tiketi.com\/#\/schema\/logo\/image\/\",\"url\":\"https:\/\/tiketi.com\/wp-content\/uploads\/2019\/05\/tiketi-logo-696.png\",\"contentUrl\":\"https:\/\/tiketi.com\/wp-content\/uploads\/2019\/05\/tiketi-logo-696.png\",\"width\":696,\"height\":696,\"caption\":\"Tiketi.com\"},\"image\":{\"@id\":\"https:\/\/tiketi.com\/#\/schema\/logo\/image\/\"},\"sameAs\":[\"https:\/\/www.facebook.com\/TiketiCom\/\"]}]}<\/script>\n<!-- \/ Yoast SEO plugin. -->","yoast_head_json":{"title":"Location de bateaux au Kenya - Meilleure location de bateaux charter","description":"Vous recherchez une location de bateau pas cher au Kenya ? Faites une location de bateau pas cher au Kenya en ligne et gagnez du temps et de l&#039;argent","robots":{"index":"index","follow":"follow","max-snippet":"max-snippet:-1","max-image-preview":"max-image-preview:large","max-video-preview":"max-video-preview:-1"},"canonical":"https:\/\/tiketi.com\/fr-fr\/online-kenya-boat-rental\/","og_locale":"fr_FR","og_type":"article","og_title":"Kenya Boat Rental - Best Charter Boat Hire","og_description":"Looking for cheap Kenya boat rental? Do cheap boat rental Kenya online and save time and money","og_url":"https:\/\/tiketi.com\/fr-fr\/online-kenya-boat-rental\/","og_site_name":"Tiketi.com","article_publisher":"https:\/\/www.facebook.com\/TiketiCom\/","article_modified_time":"2022-02-16T11:40:37+00:00","og_image":[{"width":1200,"height":209,"url":"https:\/\/tiketi.com\/wp-content\/uploads\/2022\/01\/boat-2117944_1200-1.jpg","type":"image\/jpeg"}],"twitter_card":"summary_large_image","twitter_misc":{"Dur\u00e9e de lecture estim\u00e9e":"2 minutes"},"schema":{"@context":"https:\/\/schema.org","@graph":[{"@type":"WebPage","@id":"https:\/\/tiketi.com\/online-kenya-boat-rental\/","url":"https:\/\/tiketi.com\/online-kenya-boat-rental\/","name":"Location de bateaux au Kenya - Meilleure location de bateaux charter","isPartOf":{"@id":"https:\/\/tiketi.com\/#website"},"primaryImageOfPage":{"@id":"https:\/\/tiketi.com\/online-kenya-boat-rental\/#primaryimage"},"image":{"@id":"https:\/\/tiketi.com\/online-kenya-boat-rental\/#primaryimage"},"thumbnailUrl":"https:\/\/tiketi.com\/wp-content\/uploads\/2022\/01\/boat-2117944_1200-1.jpg","datePublished":"2022-01-19T11:53:53+00:00","dateModified":"2022-02-16T11:40:37+00:00","description":"Vous recherchez une location de bateau pas cher au Kenya ? Faites une location de bateau pas cher au Kenya en ligne et gagnez du temps et de l&#039;argent","breadcrumb":{"@id":"https:\/\/tiketi.com\/online-kenya-boat-rental\/#breadcrumb"},"inLanguage":"fr-FR","potentialAction":[{"@type":"ReadAction","target":["https:\/\/tiketi.com\/online-kenya-boat-rental\/"]}]},{"@type":"ImageObject","inLanguage":"fr-FR","@id":"https:\/\/tiketi.com\/online-kenya-boat-rental\/#primaryimage","url":"https:\/\/tiketi.com\/wp-content\/uploads\/2022\/01\/boat-2117944_1200-1.jpg","contentUrl":"https:\/\/tiketi.com\/wp-content\/uploads\/2022\/01\/boat-2117944_1200-1.jpg","width":1200,"height":209,"caption":"Boat Hire"},{"@type":"BreadcrumbList","@id":"https:\/\/tiketi.com\/online-kenya-boat-rental\/#breadcrumb","itemListElement":[{"@type":"ListItem","position":1,"name":"Home","item":"https:\/\/tiketi.com\/"},{"@type":"ListItem","position":2,"name":"Kenya Boat Rental &#8211; Best Charter Boat Hire"}]},{"@type":"WebSite","@id":"https:\/\/tiketi.com\/#website","url":"https:\/\/tiketi.com\/","name":"Billets d&#039;avion et de bus, forfaits touristiques et activit\u00e9s - Tiketi.com","description":"Billets d&#039;avion et de bus, Tours, Activit\u00e9s","publisher":{"@id":"https:\/\/tiketi.com\/#organization"},"potentialAction":[{"@type":"SearchAction","target":{"@type":"EntryPoint","urlTemplate":"https:\/\/tiketi.com\/?s={search_term_string}"},"query-input":{"@type":"PropertyValueSpecification","valueRequired":true,"valueName":"search_term_string"}}],"inLanguage":"fr-FR"},{"@type":"Organization","@id":"https:\/\/tiketi.com\/#organization","name":"Tiketi.com","alternateName":"Tiketi","url":"https:\/\/tiketi.com\/","logo":{"@type":"ImageObject","inLanguage":"fr-FR","@id":"https:\/\/tiketi.com\/#\/schema\/logo\/image\/","url":"https:\/\/tiketi.com\/wp-content\/uploads\/2019\/05\/tiketi-logo-696.png","contentUrl":"https:\/\/tiketi.com\/wp-content\/uploads\/2019\/05\/tiketi-logo-696.png","width":696,"height":696,"caption":"Tiketi.com"},"image":{"@id":"https:\/\/tiketi.com\/#\/schema\/logo\/image\/"},"sameAs":["https:\/\/www.facebook.com\/TiketiCom\/"]}]}},"_links":{"self":[{"href":"https:\/\/tiketi.com\/fr-fr\/wp-json\/wp\/v2\/pages\/10843","targetHints":{"allow":["GET"]}}],"collection":[{"href":"https:\/\/tiketi.com\/fr-fr\/wp-json\/wp\/v2\/pages"}],"about":[{"href":"https:\/\/tiketi.com\/fr-fr\/wp-json\/wp\/v2\/types\/page"}],"author":[{"embeddable":true,"href":"https:\/\/tiketi.com\/fr-fr\/wp-json\/wp\/v2\/users\/1"}],"replies":[{"embeddable":true,"href":"https:\/\/tiketi.com\/fr-fr\/wp-json\/wp\/v2\/comments?post=10843"}],"version-history":[{"count":0,"href":"https:\/\/tiketi.com\/fr-fr\/wp-json\/wp\/v2\/pages\/10843\/revisions"}],"wp:featuredmedia":[{"embeddable":true,"href":"https:\/\/tiketi.com\/fr-fr\/wp-json\/wp\/v2\/media\/14513"}],"wp:attachment":[{"href":"https:\/\/tiketi.com\/fr-fr\/wp-json\/wp\/v2\/media?parent=10843"}],"curies":[{"name":"wp","href":"https:\/\/api.w.org\/{rel}","templated":true}]}}