{"id":10844,"date":"2022-01-19T12:53:53","date_gmt":"2022-01-19T11:53:53","guid":{"rendered":"https:\/\/new.tiketi.com\/boat-rental-morocco-best-charter-boat-hire\/"},"modified":"2022-01-25T17:50:39","modified_gmt":"2022-01-25T16:50:39","slug":"boat-hire-morocco","status":"publish","type":"page","link":"https:\/\/tiketi.com\/fr-fr\/boat-hire-morocco\/","title":{"rendered":"Location de bateaux au Maroc - Meilleure location de bateaux charter"},"content":{"rendered":"<h2>Location Bateau Pas Cher Maroc<\/h2>\n<h3>Recherchez, comparez et louez un bateau pas cher Maroc en ligne et gagnez du temps et de l&#039;argent<\/h3>\n<p>La location de bateau pas cher au Maroc en toute simplicit\u00e9. La location de bateaux au Maroc offre une meilleure chance de visiter certains des endroits les plus exotiques de la plan\u00e8te. Quand il s&#039;agit de romantique, myst\u00e9rieux et saisissant, le Maroc a tout pour plaire. Des paysages d\u00e9sertiques sans fin, des plages calmes et des oasis paisibles \u00e0 l&#039;agitation de la ville et de ses tr\u00e9sors, le Maroc est un endroit qui peut offrir aux visiteurs des vacances diversifi\u00e9es. Sans oublier son magnifique littoral, de nombreux visiteurs optent pour la location de bateau Maroc tour dans le luxe sur un paquebot. Faites de la location de yacht pas cher au Maroc en ligne et gagnez du temps et de l&#039;argent.<\/p>\n<p>La plupart des paquebots feront escale dans l&#039;une des plus grandes villes portuaires telles qu&#039;Agadir, c\u00e9l\u00e8bre lieu de vill\u00e9giature pour de nombreux visiteurs internationaux, ou Casablanca, c\u00e9l\u00e8bre pour sa belle architecture historique, sa vie nocturne dynamique et son atmosph\u00e8re nostalgique. Tanger est \u00e9galement en haut de la liste des ports de croisi\u00e8res, avec de beaux caf\u00e9s, une beaut\u00e9 naturelle et un grand choix d&#039;activit\u00e9s nautiques. Toutes les locations de bateaux priv\u00e9s au Maroc accostent dans les ports commerciaux des villes, permettant aux passagers d&#039;acc\u00e9der aux centres-villes et gr\u00e2ce aux services de transport facilement accessibles depuis les grands ports. Certains voyagistes emm\u00e8nent les passagers dans une incroyable croisi\u00e8re autour de la c\u00f4te marocaine, s&#039;arr\u00eatant dans quelques-unes des villes les plus c\u00e9l\u00e8bres \u00e0 explorer pour les touristes, notamment Rabat, Marrakech et F\u00e8s.<\/p>\n<h2>FAQ sur la location de bateaux au Maroc<\/h2>\n<h3>Combien co\u00fbte la location d&#039;un bateau au Maroc ?<\/h3>\n<p>Vous pouvez louer des p\u00e9niches pour une moyenne de $1100 par jour. Le prix moyen d&#039;une location de bateau \u00e0 la semaine au Maroc est de $3500.<\/p>\n<h3>De merveilleuses exp\u00e9riences de location de yachts au Maroc se produisent sur le bon bateau<\/h3>\n<p>La location de bateaux priv\u00e9s au Maroc est un moyen de transport r\u00e9gulier au Maroc et il n&#039;y a pas d&#039;excellent moyen d&#039;explorer l&#039;oc\u00e9an marocain et d&#039;appr\u00e9cier la beaut\u00e9 des plages que de le voir depuis un bateau. De nombreux voyagistes de location de bateaux rapides au Maroc emm\u00e8nent les visiteurs en croisi\u00e8res d&#039;une journ\u00e9e. Il est \u00e9galement possible de louer votre propre bateau pendant quelques heures pour vous d\u00e9placer pendant vos vacances. Il y a une baie qui s\u00e9pare Rabat de sa ville s\u0153ur, Sal\u00e9. La location de bateaux de f\u00eate au Maroc ici est c\u00e9l\u00e8bre car les visiteurs peuvent soit faire un voyage d&#039;une ville \u00e0 l&#039;autre, soit louer des bateaux \u00e0 rames pour explorer la baie.<\/p>\n<p>Avec plus de 30 000 kilom\u00e8tres de c\u00f4tes, des excursions en bateau, des excursions en mer et des croisi\u00e8res sont accessibles dans presque toutes les villes et villages c\u00f4tiers. L&#039;exp\u00e9rience remarquable de d\u00e9couvrir le Maroc depuis ses eaux glac\u00e9es est conseill\u00e9e \u00e0 tous les visiteurs et leur offrira tr\u00e8s certainement des souvenirs imp\u00e9rissables.<\/p>","protected":false},"excerpt":{"rendered":"<p>Cheap Boat Hire Morocco Search, compare and do cheap boat hire Morocco online and save time and money Cheap boat rental Morocco made easy. Boat hire Morocco provides an best chance to visit some of the most exotic places around the planet. When it comes to romantic, mysterious and striking &#8211; Morocco has it all. [&hellip;]<\/p>\n","protected":false},"author":1,"featured_media":14513,"parent":0,"menu_order":0,"comment_status":"open","ping_status":"closed","template":"template-home-modern.php","meta":{"footnotes":""},"class_list":["post-10844","page","type-page","status-publish","has-post-thumbnail","hentry"],"yoast_head":"<!-- This site is optimized with the Yoast SEO plugin v27.3 - https:\/\/yoast.com\/product\/yoast-seo-wordpress\/ -->\n<title>Boat Rental Morocco - Best Charter Boat Hire<\/title>\n<meta name=\"description\" content=\"Looking for cheap boat rental Morocco? Search, compare and do cheap boat hire Morocco online and save time and money\" \/>\n<meta name=\"robots\" content=\"index, follow, max-snippet:-1, max-image-preview:large, max-video-preview:-1\" \/>\n<link rel=\"canonical\" href=\"https:\/\/tiketi.com\/fr-fr\/boat-hire-morocco\/\" \/>\n<meta property=\"og:locale\" content=\"fr_FR\" \/>\n<meta property=\"og:type\" content=\"article\" \/>\n<meta property=\"og:title\" content=\"Boat Rental Morocco - Best Charter Boat Hire\" \/>\n<meta property=\"og:description\" content=\"Looking for cheap boat rental Morocco? Search, compare and do cheap boat hire Morocco online and save time and money\" \/>\n<meta property=\"og:url\" content=\"https:\/\/tiketi.com\/fr-fr\/boat-hire-morocco\/\" \/>\n<meta property=\"og:site_name\" content=\"Tiketi.com\" \/>\n<meta property=\"article:publisher\" content=\"https:\/\/www.facebook.com\/TiketiCom\/\" \/>\n<meta property=\"article:modified_time\" content=\"2022-01-25T16:50:39+00:00\" \/>\n<meta property=\"og:image\" content=\"https:\/\/tiketi.com\/wp-content\/uploads\/2022\/01\/boat-2117944_1200-1.jpg\" \/>\n\t<meta property=\"og:image:width\" content=\"1200\" \/>\n\t<meta property=\"og:image:height\" content=\"209\" \/>\n\t<meta property=\"og:image:type\" content=\"image\/jpeg\" \/>\n<meta name=\"twitter:card\" content=\"summary_large_image\" \/>\n<meta name=\"twitter:label1\" content=\"Dur\u00e9e de lecture estim\u00e9e\" \/>\n\t<meta name=\"twitter:data1\" content=\"2 minutes\" \/>\n<script type=\"application\/ld+json\" class=\"yoast-schema-graph\">{\"@context\":\"https:\\\/\\\/schema.org\",\"@graph\":[{\"@type\":\"WebPage\",\"@id\":\"https:\\\/\\\/tiketi.com\\\/boat-hire-morocco\\\/\",\"url\":\"https:\\\/\\\/tiketi.com\\\/boat-hire-morocco\\\/\",\"name\":\"Boat Rental Morocco - Best Charter Boat Hire\",\"isPartOf\":{\"@id\":\"https:\\\/\\\/tiketi.com\\\/#website\"},\"primaryImageOfPage\":{\"@id\":\"https:\\\/\\\/tiketi.com\\\/boat-hire-morocco\\\/#primaryimage\"},\"image\":{\"@id\":\"https:\\\/\\\/tiketi.com\\\/boat-hire-morocco\\\/#primaryimage\"},\"thumbnailUrl\":\"https:\\\/\\\/tiketi.com\\\/wp-content\\\/uploads\\\/2022\\\/01\\\/boat-2117944_1200-1.jpg\",\"datePublished\":\"2022-01-19T11:53:53+00:00\",\"dateModified\":\"2022-01-25T16:50:39+00:00\",\"description\":\"Looking for cheap boat rental Morocco? Search, compare and do cheap boat hire Morocco online and save time and money\",\"breadcrumb\":{\"@id\":\"https:\\\/\\\/tiketi.com\\\/boat-hire-morocco\\\/#breadcrumb\"},\"inLanguage\":\"fr-FR\",\"potentialAction\":[{\"@type\":\"ReadAction\",\"target\":[\"https:\\\/\\\/tiketi.com\\\/boat-hire-morocco\\\/\"]}]},{\"@type\":\"ImageObject\",\"inLanguage\":\"fr-FR\",\"@id\":\"https:\\\/\\\/tiketi.com\\\/boat-hire-morocco\\\/#primaryimage\",\"url\":\"https:\\\/\\\/tiketi.com\\\/wp-content\\\/uploads\\\/2022\\\/01\\\/boat-2117944_1200-1.jpg\",\"contentUrl\":\"https:\\\/\\\/tiketi.com\\\/wp-content\\\/uploads\\\/2022\\\/01\\\/boat-2117944_1200-1.jpg\",\"width\":1200,\"height\":209,\"caption\":\"Boat Hire\"},{\"@type\":\"BreadcrumbList\",\"@id\":\"https:\\\/\\\/tiketi.com\\\/boat-hire-morocco\\\/#breadcrumb\",\"itemListElement\":[{\"@type\":\"ListItem\",\"position\":1,\"name\":\"Home\",\"item\":\"https:\\\/\\\/tiketi.com\\\/\"},{\"@type\":\"ListItem\",\"position\":2,\"name\":\"Boat Rental Morocco &#8211; Best Charter Boat Hire\"}]},{\"@type\":\"WebSite\",\"@id\":\"https:\\\/\\\/tiketi.com\\\/#website\",\"url\":\"https:\\\/\\\/tiketi.com\\\/\",\"name\":\"Flight & Bus Tickets, Tour Packages & Activitites - Tiketi.com\",\"description\":\"Flight &amp; Bus Tickets, Tours, Activitites\",\"publisher\":{\"@id\":\"https:\\\/\\\/tiketi.com\\\/#organization\"},\"potentialAction\":[{\"@type\":\"SearchAction\",\"target\":{\"@type\":\"EntryPoint\",\"urlTemplate\":\"https:\\\/\\\/tiketi.com\\\/?s={search_term_string}\"},\"query-input\":{\"@type\":\"PropertyValueSpecification\",\"valueRequired\":true,\"valueName\":\"search_term_string\"}}],\"inLanguage\":\"fr-FR\"},{\"@type\":\"Organization\",\"@id\":\"https:\\\/\\\/tiketi.com\\\/#organization\",\"name\":\"Tiketi.com\",\"alternateName\":\"Tiketi\",\"url\":\"https:\\\/\\\/tiketi.com\\\/\",\"logo\":{\"@type\":\"ImageObject\",\"inLanguage\":\"fr-FR\",\"@id\":\"https:\\\/\\\/tiketi.com\\\/#\\\/schema\\\/logo\\\/image\\\/\",\"url\":\"https:\\\/\\\/tiketi.com\\\/wp-content\\\/uploads\\\/2019\\\/05\\\/tiketi-logo-696.png\",\"contentUrl\":\"https:\\\/\\\/tiketi.com\\\/wp-content\\\/uploads\\\/2019\\\/05\\\/tiketi-logo-696.png\",\"width\":696,\"height\":696,\"caption\":\"Tiketi.com\"},\"image\":{\"@id\":\"https:\\\/\\\/tiketi.com\\\/#\\\/schema\\\/logo\\\/image\\\/\"},\"sameAs\":[\"https:\\\/\\\/www.facebook.com\\\/TiketiCom\\\/\"]}]}<\/script>\n<!-- \/ Yoast SEO plugin. -->","yoast_head_json":{"title":"Location de bateaux Maroc - Meilleure location de bateaux charter","description":"Vous recherchez une location de bateau pas cher au Maroc ? Recherchez, comparez et louez un bateau pas cher Maroc en ligne et gagnez du temps et de l&#039;argent","robots":{"index":"index","follow":"follow","max-snippet":"max-snippet:-1","max-image-preview":"max-image-preview:large","max-video-preview":"max-video-preview:-1"},"canonical":"https:\/\/tiketi.com\/fr-fr\/boat-hire-morocco\/","og_locale":"fr_FR","og_type":"article","og_title":"Boat Rental Morocco - Best Charter Boat Hire","og_description":"Looking for cheap boat rental Morocco? Search, compare and do cheap boat hire Morocco online and save time and money","og_url":"https:\/\/tiketi.com\/fr-fr\/boat-hire-morocco\/","og_site_name":"Tiketi.com","article_publisher":"https:\/\/www.facebook.com\/TiketiCom\/","article_modified_time":"2022-01-25T16:50:39+00:00","og_image":[{"width":1200,"height":209,"url":"https:\/\/tiketi.com\/wp-content\/uploads\/2022\/01\/boat-2117944_1200-1.jpg","type":"image\/jpeg"}],"twitter_card":"summary_large_image","twitter_misc":{"Dur\u00e9e de lecture estim\u00e9e":"2 minutes"},"schema":{"@context":"https:\/\/schema.org","@graph":[{"@type":"WebPage","@id":"https:\/\/tiketi.com\/boat-hire-morocco\/","url":"https:\/\/tiketi.com\/boat-hire-morocco\/","name":"Location de bateaux Maroc - Meilleure location de bateaux charter","isPartOf":{"@id":"https:\/\/tiketi.com\/#website"},"primaryImageOfPage":{"@id":"https:\/\/tiketi.com\/boat-hire-morocco\/#primaryimage"},"image":{"@id":"https:\/\/tiketi.com\/boat-hire-morocco\/#primaryimage"},"thumbnailUrl":"https:\/\/tiketi.com\/wp-content\/uploads\/2022\/01\/boat-2117944_1200-1.jpg","datePublished":"2022-01-19T11:53:53+00:00","dateModified":"2022-01-25T16:50:39+00:00","description":"Vous recherchez une location de bateau pas cher au Maroc ? Recherchez, comparez et louez un bateau pas cher Maroc en ligne et gagnez du temps et de l&#039;argent","breadcrumb":{"@id":"https:\/\/tiketi.com\/boat-hire-morocco\/#breadcrumb"},"inLanguage":"fr-FR","potentialAction":[{"@type":"ReadAction","target":["https:\/\/tiketi.com\/boat-hire-morocco\/"]}]},{"@type":"ImageObject","inLanguage":"fr-FR","@id":"https:\/\/tiketi.com\/boat-hire-morocco\/#primaryimage","url":"https:\/\/tiketi.com\/wp-content\/uploads\/2022\/01\/boat-2117944_1200-1.jpg","contentUrl":"https:\/\/tiketi.com\/wp-content\/uploads\/2022\/01\/boat-2117944_1200-1.jpg","width":1200,"height":209,"caption":"Boat Hire"},{"@type":"BreadcrumbList","@id":"https:\/\/tiketi.com\/boat-hire-morocco\/#breadcrumb","itemListElement":[{"@type":"ListItem","position":1,"name":"Home","item":"https:\/\/tiketi.com\/"},{"@type":"ListItem","position":2,"name":"Boat Rental Morocco &#8211; Best Charter Boat Hire"}]},{"@type":"WebSite","@id":"https:\/\/tiketi.com\/#website","url":"https:\/\/tiketi.com\/","name":"Billets d&#039;avion et de bus, forfaits touristiques et activit\u00e9s - Tiketi.com","description":"Billets d&#039;avion et de bus, Tours, Activit\u00e9s","publisher":{"@id":"https:\/\/tiketi.com\/#organization"},"potentialAction":[{"@type":"SearchAction","target":{"@type":"EntryPoint","urlTemplate":"https:\/\/tiketi.com\/?s={search_term_string}"},"query-input":{"@type":"PropertyValueSpecification","valueRequired":true,"valueName":"search_term_string"}}],"inLanguage":"fr-FR"},{"@type":"Organization","@id":"https:\/\/tiketi.com\/#organization","name":"Tiketi.com","alternateName":"Tiketi","url":"https:\/\/tiketi.com\/","logo":{"@type":"ImageObject","inLanguage":"fr-FR","@id":"https:\/\/tiketi.com\/#\/schema\/logo\/image\/","url":"https:\/\/tiketi.com\/wp-content\/uploads\/2019\/05\/tiketi-logo-696.png","contentUrl":"https:\/\/tiketi.com\/wp-content\/uploads\/2019\/05\/tiketi-logo-696.png","width":696,"height":696,"caption":"Tiketi.com"},"image":{"@id":"https:\/\/tiketi.com\/#\/schema\/logo\/image\/"},"sameAs":["https:\/\/www.facebook.com\/TiketiCom\/"]}]}},"_links":{"self":[{"href":"https:\/\/tiketi.com\/fr-fr\/wp-json\/wp\/v2\/pages\/10844","targetHints":{"allow":["GET"]}}],"collection":[{"href":"https:\/\/tiketi.com\/fr-fr\/wp-json\/wp\/v2\/pages"}],"about":[{"href":"https:\/\/tiketi.com\/fr-fr\/wp-json\/wp\/v2\/types\/page"}],"author":[{"embeddable":true,"href":"https:\/\/tiketi.com\/fr-fr\/wp-json\/wp\/v2\/users\/1"}],"replies":[{"embeddable":true,"href":"https:\/\/tiketi.com\/fr-fr\/wp-json\/wp\/v2\/comments?post=10844"}],"version-history":[{"count":0,"href":"https:\/\/tiketi.com\/fr-fr\/wp-json\/wp\/v2\/pages\/10844\/revisions"}],"wp:featuredmedia":[{"embeddable":true,"href":"https:\/\/tiketi.com\/fr-fr\/wp-json\/wp\/v2\/media\/14513"}],"wp:attachment":[{"href":"https:\/\/tiketi.com\/fr-fr\/wp-json\/wp\/v2\/media?parent=10844"}],"curies":[{"name":"wp","href":"https:\/\/api.w.org\/{rel}","templated":true}]}}