{"id":10845,"date":"2022-01-19T12:53:53","date_gmt":"2022-01-19T11:53:53","guid":{"rendered":"https:\/\/new.tiketi.com\/boat-hire-hurghada-best-charter-boat-rental\/"},"modified":"2022-01-25T16:30:28","modified_gmt":"2022-01-25T15:30:28","slug":"boat-hire-hurghada","status":"publish","type":"page","link":"https:\/\/tiketi.com\/fr-fr\/boat-hire-hurghada\/","title":{"rendered":"Location de bateaux \u00e0 Hurghada - Meilleure location de bateaux charter"},"content":{"rendered":"<h2>Location de bateau pas cher Hurghada<\/h2>\n<h3>Recherchez, comparez et faites une location de bateau pas cher Hurghada en ligne et gagnez du temps et de l&#039;argent<\/h3>\n<p>Louer un bateau pas cher \u00e0 Hurghada en toute simplicit\u00e9. Montez \u00e0 bord de votre charter en Afrique du Nord dans l&#039;endroit pr\u00e9f\u00e9r\u00e9 d&#039;Hurghada, qui abrite un a\u00e9roport international pour une arriv\u00e9e simple. Passez la journ\u00e9e \u00e0 explorer l&#039;\u00e9tonnante ville du front de mer avant de partir pour l&#039;\u00eele de Giftun El Saghir pour y jeter l&#039;ancre pour la nuit. Cette \u00eele inhabit\u00e9e abrite de remarquables jardins de corail et les meilleures plages. Si vous souhaitez passer plus de temps \u00e0 explorer Hurghada avec la location de bateaux \u00e0 Hurghada, il existe de superbes opportunit\u00e9s de se livrer \u00e0 une exp\u00e9rience sp\u00e9ciale comme la balade \u00e0 dos de chameau dans les plaines bibliques, le quad sur le Sahara et certainement, l&#039;exploration des merveilles sous-marines de la mer Rouge. Faites de la location de yacht \u00e0 bas prix \u00e0 Hurghada en ligne et \u00e9conomisez du temps et de l&#039;argent.<\/p>\n<h2>FAQ sur la location de bateaux \u00e0 Hurghada<\/h2>\n<h3>Location de yacht de luxe en mer Rouge<\/h3>\n<p>Qu&#039;il s&#039;agisse de la belle ville d&#039;Hurghada ou des eaux plus paisibles entourant Charm-el-Cheikh, les lieux situ\u00e9s autour de la mer Rouge et de l&#039;\u00c9gypte ont de quoi plaire \u00e0 tous les types de visiteurs. Abritant \u00e9galement une large gamme de lieux de plong\u00e9e embl\u00e9matiques, les clients de location de bateaux \u00e0 Hurghada ont la meilleure chance de sortir et de se familiariser avec la riche vie marine propos\u00e9e.<\/p>\n<h3>Location de yachts en mer Rouge<\/h3>\n<p>L&#039;Egy et la mer Rouge abritent un large \u00e9ventail de tr\u00e9sors, des merveilles naturelles aux sables ensoleill\u00e9s des plaines d\u00e9sertiques bronz\u00e9es. Bord\u00e9 d&#039;eau cristalline et impr\u00e9gn\u00e9 de merveilles naturelles, l&#039;endroit offre aux visiteurs des vacances uniques.<\/p>\n<h3>Quel est le meilleur moment de l&#039;ann\u00e9e pour planifier un voyage de location de p\u00e9niche \u00e0 Hurghada ?<\/h3>\n<p>L&#039;\u00c9gypte a un climat d\u00e9sertique avec des journ\u00e9es s\u00e8ches et chaudes et des soir\u00e9es fra\u00eeches presque toute l&#039;ann\u00e9e. La pluie est un \u00e9v\u00e9nement rare et les couches sont de mise car la temp\u00e9rature peut changer de chaud \u00e0 froid en peu de temps. Seules deux saisons existent en \u00c9gypte : l&#039;\u00e9t\u00e9 de juin \u00e0 novembre et l&#039;hiver de fin novembre \u00e0 mai. Des vents puissants sont probables d&#039;octobre \u00e0 mai, mais la location de bateaux priv\u00e9s \u00e0 Hurghada est un choix dans les pr\u00e8s de 365 jours\/an.<\/p>\n<h3>Charm el-Cheikh et location de bateaux priv\u00e9s Hurghada<\/h3>\n<p>Shark El Shiek agit comme une merveilleuse porte d&#039;entr\u00e9e pour explorer certains des meilleurs sites int\u00e9rieurs dans les montagnes et le d\u00e9sert. Pour les amateurs de plong\u00e9e, le parc national marin de Ras Muhammad est l&#039;un des meilleurs sites de la mer Rouge. En utilisant Sharm El Sheikh comme base, la r\u00e9gion du sud du Sina\u00ef est une surprise \u00e0 explorer, offrant plusieurs belles escapades insulaires.<\/p>\n<p>Pour une exp\u00e9rience de luxe sur la mer Rouge, la location de hors-bord \u00e0 Hurghada est le meilleur choix.<\/p>","protected":false},"excerpt":{"rendered":"<p>Cheap Boat Rental Hurghada Search, compare and do cheap boat rental Hurghada online and save time and money Cheap boat hire in Hurghada made easy. Board your North Africa charter in the favorite place of Hurghada, home to an international airport for simple arrival. Spend the day exploring the amazing seafront town before setting off [&hellip;]<\/p>\n","protected":false},"author":1,"featured_media":14513,"parent":0,"menu_order":0,"comment_status":"open","ping_status":"closed","template":"template-home-modern.php","meta":{"footnotes":""},"class_list":["post-10845","page","type-page","status-publish","has-post-thumbnail","hentry"],"yoast_head":"<!-- This site is optimized with the Yoast SEO plugin v27.3 - https:\/\/yoast.com\/product\/yoast-seo-wordpress\/ -->\n<title>Boat Hire in Hurghada - Best Charter Boat Rental<\/title>\n<meta name=\"description\" content=\"Looking for cheap boat hire in Hurghada? Search, compare and do cheap boat rental Hurghada online and save time and money\" \/>\n<meta name=\"robots\" content=\"index, follow, max-snippet:-1, max-image-preview:large, max-video-preview:-1\" \/>\n<link rel=\"canonical\" href=\"https:\/\/tiketi.com\/fr-fr\/boat-hire-hurghada\/\" \/>\n<meta property=\"og:locale\" content=\"fr_FR\" \/>\n<meta property=\"og:type\" content=\"article\" \/>\n<meta property=\"og:title\" content=\"Boat Hire in Hurghada - Best Charter Boat Rental\" \/>\n<meta property=\"og:description\" content=\"Looking for cheap boat hire in Hurghada? Search, compare and do cheap boat rental Hurghada online and save time and money\" \/>\n<meta property=\"og:url\" content=\"https:\/\/tiketi.com\/fr-fr\/boat-hire-hurghada\/\" \/>\n<meta property=\"og:site_name\" content=\"Tiketi.com\" \/>\n<meta property=\"article:publisher\" content=\"https:\/\/www.facebook.com\/TiketiCom\/\" \/>\n<meta property=\"article:modified_time\" content=\"2022-01-25T15:30:28+00:00\" \/>\n<meta property=\"og:image\" content=\"https:\/\/tiketi.com\/wp-content\/uploads\/2022\/01\/boat-2117944_1200-1.jpg\" \/>\n\t<meta property=\"og:image:width\" content=\"1200\" \/>\n\t<meta property=\"og:image:height\" content=\"209\" \/>\n\t<meta property=\"og:image:type\" content=\"image\/jpeg\" \/>\n<meta name=\"twitter:card\" content=\"summary_large_image\" \/>\n<meta name=\"twitter:label1\" content=\"Dur\u00e9e de lecture estim\u00e9e\" \/>\n\t<meta name=\"twitter:data1\" content=\"2 minutes\" \/>\n<script type=\"application\/ld+json\" class=\"yoast-schema-graph\">{\"@context\":\"https:\\\/\\\/schema.org\",\"@graph\":[{\"@type\":\"WebPage\",\"@id\":\"https:\\\/\\\/tiketi.com\\\/boat-hire-hurghada\\\/\",\"url\":\"https:\\\/\\\/tiketi.com\\\/boat-hire-hurghada\\\/\",\"name\":\"Boat Hire in Hurghada - Best Charter Boat Rental\",\"isPartOf\":{\"@id\":\"https:\\\/\\\/tiketi.com\\\/#website\"},\"primaryImageOfPage\":{\"@id\":\"https:\\\/\\\/tiketi.com\\\/boat-hire-hurghada\\\/#primaryimage\"},\"image\":{\"@id\":\"https:\\\/\\\/tiketi.com\\\/boat-hire-hurghada\\\/#primaryimage\"},\"thumbnailUrl\":\"https:\\\/\\\/tiketi.com\\\/wp-content\\\/uploads\\\/2022\\\/01\\\/boat-2117944_1200-1.jpg\",\"datePublished\":\"2022-01-19T11:53:53+00:00\",\"dateModified\":\"2022-01-25T15:30:28+00:00\",\"description\":\"Looking for cheap boat hire in Hurghada? Search, compare and do cheap boat rental Hurghada online and save time and money\",\"breadcrumb\":{\"@id\":\"https:\\\/\\\/tiketi.com\\\/boat-hire-hurghada\\\/#breadcrumb\"},\"inLanguage\":\"fr-FR\",\"potentialAction\":[{\"@type\":\"ReadAction\",\"target\":[\"https:\\\/\\\/tiketi.com\\\/boat-hire-hurghada\\\/\"]}]},{\"@type\":\"ImageObject\",\"inLanguage\":\"fr-FR\",\"@id\":\"https:\\\/\\\/tiketi.com\\\/boat-hire-hurghada\\\/#primaryimage\",\"url\":\"https:\\\/\\\/tiketi.com\\\/wp-content\\\/uploads\\\/2022\\\/01\\\/boat-2117944_1200-1.jpg\",\"contentUrl\":\"https:\\\/\\\/tiketi.com\\\/wp-content\\\/uploads\\\/2022\\\/01\\\/boat-2117944_1200-1.jpg\",\"width\":1200,\"height\":209,\"caption\":\"Boat Hire\"},{\"@type\":\"BreadcrumbList\",\"@id\":\"https:\\\/\\\/tiketi.com\\\/boat-hire-hurghada\\\/#breadcrumb\",\"itemListElement\":[{\"@type\":\"ListItem\",\"position\":1,\"name\":\"Home\",\"item\":\"https:\\\/\\\/tiketi.com\\\/\"},{\"@type\":\"ListItem\",\"position\":2,\"name\":\"Boat Hire in Hurghada &#8211; Best Charter Boat Rental\"}]},{\"@type\":\"WebSite\",\"@id\":\"https:\\\/\\\/tiketi.com\\\/#website\",\"url\":\"https:\\\/\\\/tiketi.com\\\/\",\"name\":\"Flight & Bus Tickets, Tour Packages & Activitites - Tiketi.com\",\"description\":\"Flight &amp; Bus Tickets, Tours, Activitites\",\"publisher\":{\"@id\":\"https:\\\/\\\/tiketi.com\\\/#organization\"},\"potentialAction\":[{\"@type\":\"SearchAction\",\"target\":{\"@type\":\"EntryPoint\",\"urlTemplate\":\"https:\\\/\\\/tiketi.com\\\/?s={search_term_string}\"},\"query-input\":{\"@type\":\"PropertyValueSpecification\",\"valueRequired\":true,\"valueName\":\"search_term_string\"}}],\"inLanguage\":\"fr-FR\"},{\"@type\":\"Organization\",\"@id\":\"https:\\\/\\\/tiketi.com\\\/#organization\",\"name\":\"Tiketi.com\",\"alternateName\":\"Tiketi\",\"url\":\"https:\\\/\\\/tiketi.com\\\/\",\"logo\":{\"@type\":\"ImageObject\",\"inLanguage\":\"fr-FR\",\"@id\":\"https:\\\/\\\/tiketi.com\\\/#\\\/schema\\\/logo\\\/image\\\/\",\"url\":\"https:\\\/\\\/tiketi.com\\\/wp-content\\\/uploads\\\/2019\\\/05\\\/tiketi-logo-696.png\",\"contentUrl\":\"https:\\\/\\\/tiketi.com\\\/wp-content\\\/uploads\\\/2019\\\/05\\\/tiketi-logo-696.png\",\"width\":696,\"height\":696,\"caption\":\"Tiketi.com\"},\"image\":{\"@id\":\"https:\\\/\\\/tiketi.com\\\/#\\\/schema\\\/logo\\\/image\\\/\"},\"sameAs\":[\"https:\\\/\\\/www.facebook.com\\\/TiketiCom\\\/\"]}]}<\/script>\n<!-- \/ Yoast SEO plugin. -->","yoast_head_json":{"title":"Location de bateaux \u00e0 Hurghada - Meilleure location de bateaux charter","description":"Vous recherchez une location de bateau pas ch\u00e8re \u00e0 Hurghada ? Recherchez, comparez et faites une location de bateau pas cher Hurghada en ligne et gagnez du temps et de l&#039;argent","robots":{"index":"index","follow":"follow","max-snippet":"max-snippet:-1","max-image-preview":"max-image-preview:large","max-video-preview":"max-video-preview:-1"},"canonical":"https:\/\/tiketi.com\/fr-fr\/boat-hire-hurghada\/","og_locale":"fr_FR","og_type":"article","og_title":"Boat Hire in Hurghada - Best Charter Boat Rental","og_description":"Looking for cheap boat hire in Hurghada? Search, compare and do cheap boat rental Hurghada online and save time and money","og_url":"https:\/\/tiketi.com\/fr-fr\/boat-hire-hurghada\/","og_site_name":"Tiketi.com","article_publisher":"https:\/\/www.facebook.com\/TiketiCom\/","article_modified_time":"2022-01-25T15:30:28+00:00","og_image":[{"width":1200,"height":209,"url":"https:\/\/tiketi.com\/wp-content\/uploads\/2022\/01\/boat-2117944_1200-1.jpg","type":"image\/jpeg"}],"twitter_card":"summary_large_image","twitter_misc":{"Dur\u00e9e de lecture estim\u00e9e":"2 minutes"},"schema":{"@context":"https:\/\/schema.org","@graph":[{"@type":"WebPage","@id":"https:\/\/tiketi.com\/boat-hire-hurghada\/","url":"https:\/\/tiketi.com\/boat-hire-hurghada\/","name":"Location de bateaux \u00e0 Hurghada - Meilleure location de bateaux charter","isPartOf":{"@id":"https:\/\/tiketi.com\/#website"},"primaryImageOfPage":{"@id":"https:\/\/tiketi.com\/boat-hire-hurghada\/#primaryimage"},"image":{"@id":"https:\/\/tiketi.com\/boat-hire-hurghada\/#primaryimage"},"thumbnailUrl":"https:\/\/tiketi.com\/wp-content\/uploads\/2022\/01\/boat-2117944_1200-1.jpg","datePublished":"2022-01-19T11:53:53+00:00","dateModified":"2022-01-25T15:30:28+00:00","description":"Vous recherchez une location de bateau pas ch\u00e8re \u00e0 Hurghada ? Recherchez, comparez et faites une location de bateau pas cher Hurghada en ligne et gagnez du temps et de l&#039;argent","breadcrumb":{"@id":"https:\/\/tiketi.com\/boat-hire-hurghada\/#breadcrumb"},"inLanguage":"fr-FR","potentialAction":[{"@type":"ReadAction","target":["https:\/\/tiketi.com\/boat-hire-hurghada\/"]}]},{"@type":"ImageObject","inLanguage":"fr-FR","@id":"https:\/\/tiketi.com\/boat-hire-hurghada\/#primaryimage","url":"https:\/\/tiketi.com\/wp-content\/uploads\/2022\/01\/boat-2117944_1200-1.jpg","contentUrl":"https:\/\/tiketi.com\/wp-content\/uploads\/2022\/01\/boat-2117944_1200-1.jpg","width":1200,"height":209,"caption":"Boat Hire"},{"@type":"BreadcrumbList","@id":"https:\/\/tiketi.com\/boat-hire-hurghada\/#breadcrumb","itemListElement":[{"@type":"ListItem","position":1,"name":"Home","item":"https:\/\/tiketi.com\/"},{"@type":"ListItem","position":2,"name":"Boat Hire in Hurghada &#8211; Best Charter Boat Rental"}]},{"@type":"WebSite","@id":"https:\/\/tiketi.com\/#website","url":"https:\/\/tiketi.com\/","name":"Billets d&#039;avion et de bus, forfaits touristiques et activit\u00e9s - Tiketi.com","description":"Billets d&#039;avion et de bus, Tours, Activit\u00e9s","publisher":{"@id":"https:\/\/tiketi.com\/#organization"},"potentialAction":[{"@type":"SearchAction","target":{"@type":"EntryPoint","urlTemplate":"https:\/\/tiketi.com\/?s={search_term_string}"},"query-input":{"@type":"PropertyValueSpecification","valueRequired":true,"valueName":"search_term_string"}}],"inLanguage":"fr-FR"},{"@type":"Organization","@id":"https:\/\/tiketi.com\/#organization","name":"Tiketi.com","alternateName":"Tiketi","url":"https:\/\/tiketi.com\/","logo":{"@type":"ImageObject","inLanguage":"fr-FR","@id":"https:\/\/tiketi.com\/#\/schema\/logo\/image\/","url":"https:\/\/tiketi.com\/wp-content\/uploads\/2019\/05\/tiketi-logo-696.png","contentUrl":"https:\/\/tiketi.com\/wp-content\/uploads\/2019\/05\/tiketi-logo-696.png","width":696,"height":696,"caption":"Tiketi.com"},"image":{"@id":"https:\/\/tiketi.com\/#\/schema\/logo\/image\/"},"sameAs":["https:\/\/www.facebook.com\/TiketiCom\/"]}]}},"_links":{"self":[{"href":"https:\/\/tiketi.com\/fr-fr\/wp-json\/wp\/v2\/pages\/10845","targetHints":{"allow":["GET"]}}],"collection":[{"href":"https:\/\/tiketi.com\/fr-fr\/wp-json\/wp\/v2\/pages"}],"about":[{"href":"https:\/\/tiketi.com\/fr-fr\/wp-json\/wp\/v2\/types\/page"}],"author":[{"embeddable":true,"href":"https:\/\/tiketi.com\/fr-fr\/wp-json\/wp\/v2\/users\/1"}],"replies":[{"embeddable":true,"href":"https:\/\/tiketi.com\/fr-fr\/wp-json\/wp\/v2\/comments?post=10845"}],"version-history":[{"count":0,"href":"https:\/\/tiketi.com\/fr-fr\/wp-json\/wp\/v2\/pages\/10845\/revisions"}],"wp:featuredmedia":[{"embeddable":true,"href":"https:\/\/tiketi.com\/fr-fr\/wp-json\/wp\/v2\/media\/14513"}],"wp:attachment":[{"href":"https:\/\/tiketi.com\/fr-fr\/wp-json\/wp\/v2\/media?parent=10845"}],"curies":[{"name":"wp","href":"https:\/\/api.w.org\/{rel}","templated":true}]}}