{"id":10846,"date":"2022-01-19T12:53:53","date_gmt":"2022-01-19T11:53:53","guid":{"rendered":"https:\/\/new.tiketi.com\/boat-hire-durban-best-charter-boat-rental\/"},"modified":"2025-09-15T11:59:25","modified_gmt":"2025-09-15T09:59:25","slug":"boat-hire-in-durban","status":"publish","type":"page","link":"https:\/\/tiketi.com\/fr-fr\/boat-hire-in-durban\/","title":{"rendered":"Location de bateaux \u00e0 Durban - Meilleure location de bateaux charter"},"content":{"rendered":"<h2>Location de bateau pas cher Durban<\/h2>\n<h3>Compare and do cheap boat rental Durban online and save time and money &gt;&gt;<\/h3>\n<p>Louer un bateau pas cher \u00e0 Durban en toute simplicit\u00e9. Situ\u00e9 dans l&#039;est de l&#039;Afrique du Sud, Durban est l&#039;un des centres urbains du pays et abrite son port le plus fr\u00e9quent\u00e9. Le front de mer du &quot;Golden Mile&quot; en fait un endroit c\u00e9l\u00e8bre pour les amoureux du soleil et de l&#039;eau du monde entier, ainsi que pour les surfeurs de tous niveaux. Les amateurs de sports nautiques en particulier aiment cette ville pour ses activit\u00e9s fluviales et oc\u00e9aniques, et planifier votre voyage avec la location de voiliers Durban pour les saisons d&#039;hiver et d&#039;automne vous aidera \u00e0 vous assurer qu&#039;il y aura peu de monde et un temps plus doux. Faites de la location de yacht \u00e0 bas prix \u00e0 Durban en ligne et \u00e9conomisez du temps et de l&#039;argent.<\/p>\n<h2>Location de bateaux dans les attractions de Durban<\/h2>\n<p>En plus du surf, il existe de nombreux sports nautiques que les amateurs de plein air qui veulent se mettre dans les vagues appr\u00e9cieront. Les plages de Durban sont id\u00e9ales pour la location de bateaux \u00e0 Durban, la voile, le paddle, le wakeboard, le jet ski, le ski nautique et le kayak de mer. La plong\u00e9e sous-marine est \u00e9galement tr\u00e8s r\u00e9put\u00e9e et vous aurez peut-\u00eatre m\u00eame la chance de voir des requins tigres.<\/p>\n<p>Si la p\u00eache est ce que vous aimez, il y a des choix sur la mer, ainsi que sur les rivi\u00e8res et les barrages \u00e0 proximit\u00e9. La p\u00eache en eau vive est s\u00fbre de satisfaire toutes les envies d&#039;adr\u00e9naline. Le cano\u00eb-kayak et le tubing sont \u00e9galement largement appr\u00e9ci\u00e9s. Quel que soit le sport nautique ou l&#039;activit\u00e9 que vous aimez ou que vous attendiez d&#039;essayer, vous le trouverez probablement \u00e0 Durban.<\/p>\n<h3>Location de p\u00e9niche \u00e0 Durban pour \u00e9v\u00e9nements d&#039;entreprise<\/h3>\n<p>Les meilleurs endroits pour les r\u00e9unions d&#039;affaires et les \u00e9v\u00e9nements sont pass\u00e9s des anciennes salles de r\u00e9union de bureau et des restaurants \u00e0 proximit\u00e9 \u00e0 un endroit o\u00f9 les t\u00e9l\u00e9phones ne vous interrompent pas, o\u00f9 les visiteurs peuvent socialiser sans \u00eatre d\u00e9rang\u00e9s et o\u00f9 vous pouvez profiter d&#039;affaires priv\u00e9es - une location de bateau priv\u00e9 \u00e0 Durban.<\/p>\n<p>Les promenades en bateau \u00e0 Durban ne doivent pas \u00eatre r\u00e9serv\u00e9es \u00e0 la famille et aux amis. Il existe un grand nombre d&#039;entreprises clientes qui choisissent de d\u00e9placer leur lieu de r\u00e9union d&#039;\u00e9v\u00e9nement d&#039;entreprise vers une location de hors-bord \u00e0 Durban ou un yacht de luxe. Les croisi\u00e8res en bateau \u00e0 Durban peuvent \u00eatre adapt\u00e9es pour r\u00e9pondre aux besoins de votre fonction et de votre entreprise. Que vous souhaitiez simplement une croisi\u00e8re en bateau informelle o\u00f9 vous et votre \u00e9quipe pouvez planifier ou que vous recherchiez une musique compl\u00e8te, une restauration et une visite incroyable du site, r\u00e9servez une location de yacht priv\u00e9 \u00e0 Durban pour votre prochain \u00e9v\u00e9nement d&#039;entreprise.<\/p>\n<h3>Croisi\u00e8res romantiques ou de mariage \u00e0 Durban<\/h3>\n<p>La location de bateaux de f\u00eate CompDurban ou la location de bateaux de f\u00eate romantique Durban sont parfaites pour les demandes en mariage, une soir\u00e9e loin de l&#039;agitation de la ville ou une c\u00e9l\u00e9bration d&#039;anniversaire priv\u00e9e. Passez du temps avec votre partenaire tout en regardant le coucher de soleil color\u00e9, respirez l&#039;air sal\u00e9 de l&#039;oc\u00e9an et admirez le paysage en constante \u00e9volution de la c\u00f4te de Durban.<\/p>","protected":false},"excerpt":{"rendered":"<p>Cheap Boat Rental Durban Compare and do cheap boat rental Durban online and save time and money &gt;&gt; Cheap boat hire in Durban made easy. Placed in eastern South Africa, Durban is one of the nations urban centers as well as house to its busiest port. \u00a0The &#8220;Golden Mile&#8221; beachfront makes it a famous place [&hellip;]<\/p>\n","protected":false},"author":1,"featured_media":14513,"parent":0,"menu_order":0,"comment_status":"open","ping_status":"closed","template":"template-home-modern.php","meta":{"footnotes":""},"class_list":["post-10846","page","type-page","status-publish","has-post-thumbnail","hentry"],"yoast_head":"<!-- This site is optimized with the Yoast SEO plugin v27.3 - https:\/\/yoast.com\/product\/yoast-seo-wordpress\/ -->\n<title>Boat Hire in Durban<\/title>\n<meta name=\"description\" content=\"Looking for cheap boat hire in Durban? Search, compare and do cheap boat rental Durban online and save time and money\" \/>\n<meta name=\"robots\" content=\"index, follow, max-snippet:-1, max-image-preview:large, max-video-preview:-1\" \/>\n<link rel=\"canonical\" href=\"https:\/\/tiketi.com\/fr-fr\/boat-hire-in-durban\/\" \/>\n<meta property=\"og:locale\" content=\"fr_FR\" \/>\n<meta property=\"og:type\" content=\"article\" \/>\n<meta property=\"og:title\" content=\"Boat Hire in Durban\" \/>\n<meta property=\"og:description\" content=\"Looking for cheap boat hire in Durban? Search, compare and do cheap boat rental Durban online and save time and money\" \/>\n<meta property=\"og:url\" content=\"https:\/\/tiketi.com\/fr-fr\/boat-hire-in-durban\/\" \/>\n<meta property=\"og:site_name\" content=\"Tiketi.com\" \/>\n<meta property=\"article:publisher\" content=\"https:\/\/www.facebook.com\/TiketiCom\/\" \/>\n<meta property=\"article:modified_time\" content=\"2025-09-15T09:59:25+00:00\" \/>\n<meta property=\"og:image\" content=\"https:\/\/tiketi.com\/wp-content\/uploads\/2022\/01\/boat-2117944_1200-1.jpg\" \/>\n\t<meta property=\"og:image:width\" content=\"1200\" \/>\n\t<meta property=\"og:image:height\" content=\"209\" \/>\n\t<meta property=\"og:image:type\" content=\"image\/jpeg\" \/>\n<meta name=\"twitter:card\" content=\"summary_large_image\" \/>\n<meta name=\"twitter:label1\" content=\"Dur\u00e9e de lecture estim\u00e9e\" \/>\n\t<meta name=\"twitter:data1\" content=\"2 minutes\" \/>\n<script type=\"application\/ld+json\" class=\"yoast-schema-graph\">{\"@context\":\"https:\\\/\\\/schema.org\",\"@graph\":[{\"@type\":\"WebPage\",\"@id\":\"https:\\\/\\\/tiketi.com\\\/boat-hire-in-durban\\\/\",\"url\":\"https:\\\/\\\/tiketi.com\\\/boat-hire-in-durban\\\/\",\"name\":\"Boat Hire in Durban\",\"isPartOf\":{\"@id\":\"https:\\\/\\\/tiketi.com\\\/#website\"},\"primaryImageOfPage\":{\"@id\":\"https:\\\/\\\/tiketi.com\\\/boat-hire-in-durban\\\/#primaryimage\"},\"image\":{\"@id\":\"https:\\\/\\\/tiketi.com\\\/boat-hire-in-durban\\\/#primaryimage\"},\"thumbnailUrl\":\"https:\\\/\\\/tiketi.com\\\/wp-content\\\/uploads\\\/2022\\\/01\\\/boat-2117944_1200-1.jpg\",\"datePublished\":\"2022-01-19T11:53:53+00:00\",\"dateModified\":\"2025-09-15T09:59:25+00:00\",\"description\":\"Looking for cheap boat hire in Durban? Search, compare and do cheap boat rental Durban online and save time and money\",\"breadcrumb\":{\"@id\":\"https:\\\/\\\/tiketi.com\\\/boat-hire-in-durban\\\/#breadcrumb\"},\"inLanguage\":\"fr-FR\",\"potentialAction\":[{\"@type\":\"ReadAction\",\"target\":[\"https:\\\/\\\/tiketi.com\\\/boat-hire-in-durban\\\/\"]}]},{\"@type\":\"ImageObject\",\"inLanguage\":\"fr-FR\",\"@id\":\"https:\\\/\\\/tiketi.com\\\/boat-hire-in-durban\\\/#primaryimage\",\"url\":\"https:\\\/\\\/tiketi.com\\\/wp-content\\\/uploads\\\/2022\\\/01\\\/boat-2117944_1200-1.jpg\",\"contentUrl\":\"https:\\\/\\\/tiketi.com\\\/wp-content\\\/uploads\\\/2022\\\/01\\\/boat-2117944_1200-1.jpg\",\"width\":1200,\"height\":209,\"caption\":\"Boat Hire\"},{\"@type\":\"BreadcrumbList\",\"@id\":\"https:\\\/\\\/tiketi.com\\\/boat-hire-in-durban\\\/#breadcrumb\",\"itemListElement\":[{\"@type\":\"ListItem\",\"position\":1,\"name\":\"Home\",\"item\":\"https:\\\/\\\/tiketi.com\\\/\"},{\"@type\":\"ListItem\",\"position\":2,\"name\":\"Boat Hire in Durban &#8211; Best Charter Boat Rental\"}]},{\"@type\":\"WebSite\",\"@id\":\"https:\\\/\\\/tiketi.com\\\/#website\",\"url\":\"https:\\\/\\\/tiketi.com\\\/\",\"name\":\"Flight & Bus Tickets, Tour Packages & Activitites - Tiketi.com\",\"description\":\"Flight &amp; Bus Tickets, Tours, Activitites\",\"publisher\":{\"@id\":\"https:\\\/\\\/tiketi.com\\\/#organization\"},\"potentialAction\":[{\"@type\":\"SearchAction\",\"target\":{\"@type\":\"EntryPoint\",\"urlTemplate\":\"https:\\\/\\\/tiketi.com\\\/?s={search_term_string}\"},\"query-input\":{\"@type\":\"PropertyValueSpecification\",\"valueRequired\":true,\"valueName\":\"search_term_string\"}}],\"inLanguage\":\"fr-FR\"},{\"@type\":\"Organization\",\"@id\":\"https:\\\/\\\/tiketi.com\\\/#organization\",\"name\":\"Tiketi.com\",\"alternateName\":\"Tiketi\",\"url\":\"https:\\\/\\\/tiketi.com\\\/\",\"logo\":{\"@type\":\"ImageObject\",\"inLanguage\":\"fr-FR\",\"@id\":\"https:\\\/\\\/tiketi.com\\\/#\\\/schema\\\/logo\\\/image\\\/\",\"url\":\"https:\\\/\\\/tiketi.com\\\/wp-content\\\/uploads\\\/2019\\\/05\\\/tiketi-logo-696.png\",\"contentUrl\":\"https:\\\/\\\/tiketi.com\\\/wp-content\\\/uploads\\\/2019\\\/05\\\/tiketi-logo-696.png\",\"width\":696,\"height\":696,\"caption\":\"Tiketi.com\"},\"image\":{\"@id\":\"https:\\\/\\\/tiketi.com\\\/#\\\/schema\\\/logo\\\/image\\\/\"},\"sameAs\":[\"https:\\\/\\\/www.facebook.com\\\/TiketiCom\\\/\"]}]}<\/script>\n<!-- \/ Yoast SEO plugin. -->","yoast_head_json":{"title":"Locations de bateaux \u00e0 Durban","description":"Vous recherchez une location de bateau pas ch\u00e8re \u00e0 Durban ? Recherchez, comparez et faites une location de bateau pas cher Durban en ligne et gagnez du temps et de l&#039;argent","robots":{"index":"index","follow":"follow","max-snippet":"max-snippet:-1","max-image-preview":"max-image-preview:large","max-video-preview":"max-video-preview:-1"},"canonical":"https:\/\/tiketi.com\/fr-fr\/boat-hire-in-durban\/","og_locale":"fr_FR","og_type":"article","og_title":"Boat Hire in Durban","og_description":"Looking for cheap boat hire in Durban? Search, compare and do cheap boat rental Durban online and save time and money","og_url":"https:\/\/tiketi.com\/fr-fr\/boat-hire-in-durban\/","og_site_name":"Tiketi.com","article_publisher":"https:\/\/www.facebook.com\/TiketiCom\/","article_modified_time":"2025-09-15T09:59:25+00:00","og_image":[{"width":1200,"height":209,"url":"https:\/\/tiketi.com\/wp-content\/uploads\/2022\/01\/boat-2117944_1200-1.jpg","type":"image\/jpeg"}],"twitter_card":"summary_large_image","twitter_misc":{"Dur\u00e9e de lecture estim\u00e9e":"2 minutes"},"schema":{"@context":"https:\/\/schema.org","@graph":[{"@type":"WebPage","@id":"https:\/\/tiketi.com\/boat-hire-in-durban\/","url":"https:\/\/tiketi.com\/boat-hire-in-durban\/","name":"Locations de bateaux \u00e0 Durban","isPartOf":{"@id":"https:\/\/tiketi.com\/#website"},"primaryImageOfPage":{"@id":"https:\/\/tiketi.com\/boat-hire-in-durban\/#primaryimage"},"image":{"@id":"https:\/\/tiketi.com\/boat-hire-in-durban\/#primaryimage"},"thumbnailUrl":"https:\/\/tiketi.com\/wp-content\/uploads\/2022\/01\/boat-2117944_1200-1.jpg","datePublished":"2022-01-19T11:53:53+00:00","dateModified":"2025-09-15T09:59:25+00:00","description":"Vous recherchez une location de bateau pas ch\u00e8re \u00e0 Durban ? Recherchez, comparez et faites une location de bateau pas cher Durban en ligne et gagnez du temps et de l&#039;argent","breadcrumb":{"@id":"https:\/\/tiketi.com\/boat-hire-in-durban\/#breadcrumb"},"inLanguage":"fr-FR","potentialAction":[{"@type":"ReadAction","target":["https:\/\/tiketi.com\/boat-hire-in-durban\/"]}]},{"@type":"ImageObject","inLanguage":"fr-FR","@id":"https:\/\/tiketi.com\/boat-hire-in-durban\/#primaryimage","url":"https:\/\/tiketi.com\/wp-content\/uploads\/2022\/01\/boat-2117944_1200-1.jpg","contentUrl":"https:\/\/tiketi.com\/wp-content\/uploads\/2022\/01\/boat-2117944_1200-1.jpg","width":1200,"height":209,"caption":"Boat Hire"},{"@type":"BreadcrumbList","@id":"https:\/\/tiketi.com\/boat-hire-in-durban\/#breadcrumb","itemListElement":[{"@type":"ListItem","position":1,"name":"Home","item":"https:\/\/tiketi.com\/"},{"@type":"ListItem","position":2,"name":"Boat Hire in Durban &#8211; Best Charter Boat Rental"}]},{"@type":"WebSite","@id":"https:\/\/tiketi.com\/#website","url":"https:\/\/tiketi.com\/","name":"Billets d&#039;avion et de bus, forfaits touristiques et activit\u00e9s - Tiketi.com","description":"Billets d&#039;avion et de bus, Tours, Activit\u00e9s","publisher":{"@id":"https:\/\/tiketi.com\/#organization"},"potentialAction":[{"@type":"SearchAction","target":{"@type":"EntryPoint","urlTemplate":"https:\/\/tiketi.com\/?s={search_term_string}"},"query-input":{"@type":"PropertyValueSpecification","valueRequired":true,"valueName":"search_term_string"}}],"inLanguage":"fr-FR"},{"@type":"Organization","@id":"https:\/\/tiketi.com\/#organization","name":"Tiketi.com","alternateName":"Tiketi","url":"https:\/\/tiketi.com\/","logo":{"@type":"ImageObject","inLanguage":"fr-FR","@id":"https:\/\/tiketi.com\/#\/schema\/logo\/image\/","url":"https:\/\/tiketi.com\/wp-content\/uploads\/2019\/05\/tiketi-logo-696.png","contentUrl":"https:\/\/tiketi.com\/wp-content\/uploads\/2019\/05\/tiketi-logo-696.png","width":696,"height":696,"caption":"Tiketi.com"},"image":{"@id":"https:\/\/tiketi.com\/#\/schema\/logo\/image\/"},"sameAs":["https:\/\/www.facebook.com\/TiketiCom\/"]}]}},"_links":{"self":[{"href":"https:\/\/tiketi.com\/fr-fr\/wp-json\/wp\/v2\/pages\/10846","targetHints":{"allow":["GET"]}}],"collection":[{"href":"https:\/\/tiketi.com\/fr-fr\/wp-json\/wp\/v2\/pages"}],"about":[{"href":"https:\/\/tiketi.com\/fr-fr\/wp-json\/wp\/v2\/types\/page"}],"author":[{"embeddable":true,"href":"https:\/\/tiketi.com\/fr-fr\/wp-json\/wp\/v2\/users\/1"}],"replies":[{"embeddable":true,"href":"https:\/\/tiketi.com\/fr-fr\/wp-json\/wp\/v2\/comments?post=10846"}],"version-history":[{"count":1,"href":"https:\/\/tiketi.com\/fr-fr\/wp-json\/wp\/v2\/pages\/10846\/revisions"}],"predecessor-version":[{"id":33417,"href":"https:\/\/tiketi.com\/fr-fr\/wp-json\/wp\/v2\/pages\/10846\/revisions\/33417"}],"wp:featuredmedia":[{"embeddable":true,"href":"https:\/\/tiketi.com\/fr-fr\/wp-json\/wp\/v2\/media\/14513"}],"wp:attachment":[{"href":"https:\/\/tiketi.com\/fr-fr\/wp-json\/wp\/v2\/media?parent=10846"}],"curies":[{"name":"wp","href":"https:\/\/api.w.org\/{rel}","templated":true}]}}