{"id":10847,"date":"2022-01-19T12:53:53","date_gmt":"2022-01-19T11:53:53","guid":{"rendered":"https:\/\/new.tiketi.com\/boat-hire-boa-vista-best-charter-boat-rental\/"},"modified":"2022-07-12T17:09:37","modified_gmt":"2022-07-12T16:09:37","slug":"boat-hire-boa-vista","status":"publish","type":"page","link":"https:\/\/tiketi.com\/fr-fr\/boat-hire-boa-vista\/","title":{"rendered":"Location de bateaux Boa Vista \u2013 Meilleure location de bateaux charter"},"content":{"rendered":"<h2>Location de bateaux pas cher \u00e0 Boa Vista<\/h2>\n<h3>Recherchez, comparez et louez des bateaux Boa Vista pas cher en ligne et gagnez du temps et de l&#039;argent. <a href=\"https:\/\/tiketi.com\/fr-fr\/vacations\/cape-verde-tour-packages\/\" target=\"_blank\" rel=\"noopener\">&gt;&gt;<\/a><\/h3>\n<p>La location de bateaux bon march\u00e9 \u00e0 Boa Vista en toute simplicit\u00e9. Parsem\u00e9e de sable immacul\u00e9 et de dunes, de vastes plages o\u00f9 nichent les tortues, l&#039;\u00eele de Boa Vista attire de plus en plus de visiteurs cherchant \u00e0 explorer ses sentiers isol\u00e9s et son magnifique rivage gr\u00e2ce \u00e0 la location de bateaux \u00e0 Boa Vista. La 3\u00e8me plus grande \u00eele de l&#039;archipel offre un paysage d\u00e9sertique et plat, cribl\u00e9 de dattiers et de salines. Lors de vos vacances \u00e0 Boa Vista avec la location de p\u00e9niche Boa Vista, vous aurez le choix entre de nombreuses activit\u00e9s : planche \u00e0 voile, voile, conduire un v\u00e9hicule tout-terrain vers les dunes ou observer les tortues caouannes. Louez un yacht Boa Vista pas cher en ligne et gagnez du temps et de l&#039;argent.<\/p>\n<h2>FAQ sur les locations de bateaux \u00e0 Boa Vista<\/h2>\n<h3>Excursions en bateau sur Boa Vista<\/h3>\n<p>Vous pouvez louer un bateau priv\u00e9 \u00e0 Boa Vista ou un catamaran et faire des excursions d&#039;une journ\u00e9e en mer ou m\u00eame des excursions d&#039;une nuit vers d&#039;autres \u00eeles du Cap-Vert. Vous pouvez aller observer des dophines ou des baleines. Pour observer les tortues, il suffit de nager un peu, elles sont partout.<\/p>\n<h3>O\u00f9 s\u00e9journer \u00e0 Boa Vista<\/h3>\n<p>Vivant sur la c\u00f4te sablonneuse de Boa Vista, de nombreux complexes h\u00f4teliers et h\u00f4tels, ainsi que des appartements et villas offrant une vue imprenable sur la c\u00f4te, accueillent les visiteurs en qu\u00eate de d\u00e9tente et de repos. Bien que la plupart des h\u00e9bergements se concentrent dans et autour de la ville de Sal Rei, d&#039;autres plages et villages plus \u00e9loign\u00e9s offrent des options suppl\u00e9mentaires. Si vous souhaitez faire des folies, optez pour une suite dans un complexe tout compris avec options de restauration, piscine, \u00e9quipements de spa et location de bateau priv\u00e9 Boa Vista. Des h\u00f4tels d\u00e9contract\u00e9s avec des maisons d&#039;h\u00f4tes de milieu de gamme et des chambres et appartements de vacances simples sont diss\u00e9min\u00e9s dans la ville et \u00e0 proximit\u00e9 des plages les plus c\u00e9l\u00e8bres.<\/p>\n<h3>Meilleur moment pour r\u00e9server une location de yacht priv\u00e9 \u00e0 Boa Vista ?<\/h3>\n<p>Le temps \u00e0 Boa Vista est chaud toute l\u2019ann\u00e9e. Quoi qu\u2019il en soit, si vous souhaitez \u00e9viter la chaleur excessive, la meilleure p\u00e9riode pour louer un hors-bord \u00e0 Boa Vista est de novembre \u00e0 juillet.<\/p>\n<p>Les mois les plus chauds s&#039;\u00e9tendent g\u00e9n\u00e9ralement d&#039;ao\u00fbt \u00e0 octobre. Quel que soit le moment o\u00f9 vous pr\u00e9voyez de partir, n&#039;oubliez pas d&#039;apporter une cr\u00e8me solaire respectueuse des r\u00e9cifs, un chapeau de soleil \u00e0 large bord, ainsi que des v\u00eatements d&#039;\u00e9t\u00e9 SPF et des protections.<\/p>\n<h3>Sports nautiques \u00e0 Boa Vista<\/h3>\n<p>\u2022 Le kite surf est id\u00e9al lorsqu&#039;il y a les meilleurs vents.<br \/>\n\u2022 La planche \u00e0 voile est \u00e9galement remarquable et Boa Vista est id\u00e9ale pour apprendre.<br \/>\n\u2022 SUP \u2013 Boa Vista est l&#039;un des meilleurs endroits pour cela. Des petites et meilleures vagues faciles \u00e0 attraper et du vent du large pour une navigation simple. Vous pouvez \u00e9galement faire des excursions vers la petite \u00eele du port avec le SUP.<br \/>\n\u2022 La conduite automobile et la plong\u00e9e en apn\u00e9e sont \u00e9galement possibles avec la location d&#039;un yacht priv\u00e9 \u00e0 Boa Vista ou la location de bateaux de f\u00eate \u00e0 Boa Vista, m\u00eame si les vagues rendent l&#039;eau un peu floue.<\/p>","protected":false},"excerpt":{"rendered":"<p>Cheap Boat Rental Boa Vista Search, compare and do cheap boat rental Boa Vista online and save time and money &gt;&gt; Cheap boat hire Boa Vista made easy.\u00a0Sprinkled with sand pristine and dunes, sweeping beaches where turtles nest, the island of Boa Vista has been attracting more and more guests looking to explore its remote [&hellip;]<\/p>\n","protected":false},"author":1,"featured_media":14513,"parent":0,"menu_order":0,"comment_status":"open","ping_status":"closed","template":"template-home-modern.php","meta":{"footnotes":""},"class_list":["post-10847","page","type-page","status-publish","has-post-thumbnail","hentry"],"yoast_head":"<!-- This site is optimized with the Yoast SEO plugin v27.3 - https:\/\/yoast.com\/product\/yoast-seo-wordpress\/ -->\n<title>Boat Hire Boa Vista - Best Charter Boat Rental<\/title>\n<meta name=\"description\" content=\"Looking for cheap boat hire Boa Vista? Search, compare and do cheap boat rental Boa Vista online and save time and money\" \/>\n<meta name=\"robots\" content=\"index, follow, max-snippet:-1, max-image-preview:large, max-video-preview:-1\" \/>\n<link rel=\"canonical\" href=\"https:\/\/tiketi.com\/fr-fr\/boat-hire-boa-vista\/\" \/>\n<meta property=\"og:locale\" content=\"fr_FR\" \/>\n<meta property=\"og:type\" content=\"article\" \/>\n<meta property=\"og:title\" content=\"Boat Hire Boa Vista - Best Charter Boat Rental\" \/>\n<meta property=\"og:description\" content=\"Looking for cheap boat hire Boa Vista? Search, compare and do cheap boat rental Boa Vista online and save time and money\" \/>\n<meta property=\"og:url\" content=\"https:\/\/tiketi.com\/fr-fr\/boat-hire-boa-vista\/\" \/>\n<meta property=\"og:site_name\" content=\"Tiketi.com\" \/>\n<meta property=\"article:publisher\" content=\"https:\/\/www.facebook.com\/TiketiCom\/\" \/>\n<meta property=\"article:modified_time\" content=\"2022-07-12T16:09:37+00:00\" \/>\n<meta property=\"og:image\" content=\"https:\/\/tiketi.com\/wp-content\/uploads\/2022\/01\/boat-2117944_1200-1.jpg\" \/>\n\t<meta property=\"og:image:width\" content=\"1200\" \/>\n\t<meta property=\"og:image:height\" content=\"209\" \/>\n\t<meta property=\"og:image:type\" content=\"image\/jpeg\" \/>\n<meta name=\"twitter:card\" content=\"summary_large_image\" \/>\n<meta name=\"twitter:label1\" content=\"Dur\u00e9e de lecture estim\u00e9e\" \/>\n\t<meta name=\"twitter:data1\" content=\"3 minutes\" \/>\n<script type=\"application\/ld+json\" class=\"yoast-schema-graph\">{\"@context\":\"https:\\\/\\\/schema.org\",\"@graph\":[{\"@type\":\"WebPage\",\"@id\":\"https:\\\/\\\/tiketi.com\\\/boat-hire-boa-vista\\\/\",\"url\":\"https:\\\/\\\/tiketi.com\\\/boat-hire-boa-vista\\\/\",\"name\":\"Boat Hire Boa Vista - Best Charter Boat Rental\",\"isPartOf\":{\"@id\":\"https:\\\/\\\/tiketi.com\\\/#website\"},\"primaryImageOfPage\":{\"@id\":\"https:\\\/\\\/tiketi.com\\\/boat-hire-boa-vista\\\/#primaryimage\"},\"image\":{\"@id\":\"https:\\\/\\\/tiketi.com\\\/boat-hire-boa-vista\\\/#primaryimage\"},\"thumbnailUrl\":\"https:\\\/\\\/tiketi.com\\\/wp-content\\\/uploads\\\/2022\\\/01\\\/boat-2117944_1200-1.jpg\",\"datePublished\":\"2022-01-19T11:53:53+00:00\",\"dateModified\":\"2022-07-12T16:09:37+00:00\",\"description\":\"Looking for cheap boat hire Boa Vista? Search, compare and do cheap boat rental Boa Vista online and save time and money\",\"breadcrumb\":{\"@id\":\"https:\\\/\\\/tiketi.com\\\/boat-hire-boa-vista\\\/#breadcrumb\"},\"inLanguage\":\"fr-FR\",\"potentialAction\":[{\"@type\":\"ReadAction\",\"target\":[\"https:\\\/\\\/tiketi.com\\\/boat-hire-boa-vista\\\/\"]}]},{\"@type\":\"ImageObject\",\"inLanguage\":\"fr-FR\",\"@id\":\"https:\\\/\\\/tiketi.com\\\/boat-hire-boa-vista\\\/#primaryimage\",\"url\":\"https:\\\/\\\/tiketi.com\\\/wp-content\\\/uploads\\\/2022\\\/01\\\/boat-2117944_1200-1.jpg\",\"contentUrl\":\"https:\\\/\\\/tiketi.com\\\/wp-content\\\/uploads\\\/2022\\\/01\\\/boat-2117944_1200-1.jpg\",\"width\":1200,\"height\":209,\"caption\":\"Boat Hire\"},{\"@type\":\"BreadcrumbList\",\"@id\":\"https:\\\/\\\/tiketi.com\\\/boat-hire-boa-vista\\\/#breadcrumb\",\"itemListElement\":[{\"@type\":\"ListItem\",\"position\":1,\"name\":\"Home\",\"item\":\"https:\\\/\\\/tiketi.com\\\/\"},{\"@type\":\"ListItem\",\"position\":2,\"name\":\"Boat Hire Boa Vista &#8211; Best Charter Boat Rental\"}]},{\"@type\":\"WebSite\",\"@id\":\"https:\\\/\\\/tiketi.com\\\/#website\",\"url\":\"https:\\\/\\\/tiketi.com\\\/\",\"name\":\"Flight & Bus Tickets, Tour Packages & Activitites - Tiketi.com\",\"description\":\"Flight &amp; Bus Tickets, Tours, Activitites\",\"publisher\":{\"@id\":\"https:\\\/\\\/tiketi.com\\\/#organization\"},\"potentialAction\":[{\"@type\":\"SearchAction\",\"target\":{\"@type\":\"EntryPoint\",\"urlTemplate\":\"https:\\\/\\\/tiketi.com\\\/?s={search_term_string}\"},\"query-input\":{\"@type\":\"PropertyValueSpecification\",\"valueRequired\":true,\"valueName\":\"search_term_string\"}}],\"inLanguage\":\"fr-FR\"},{\"@type\":\"Organization\",\"@id\":\"https:\\\/\\\/tiketi.com\\\/#organization\",\"name\":\"Tiketi.com\",\"alternateName\":\"Tiketi\",\"url\":\"https:\\\/\\\/tiketi.com\\\/\",\"logo\":{\"@type\":\"ImageObject\",\"inLanguage\":\"fr-FR\",\"@id\":\"https:\\\/\\\/tiketi.com\\\/#\\\/schema\\\/logo\\\/image\\\/\",\"url\":\"https:\\\/\\\/tiketi.com\\\/wp-content\\\/uploads\\\/2019\\\/05\\\/tiketi-logo-696.png\",\"contentUrl\":\"https:\\\/\\\/tiketi.com\\\/wp-content\\\/uploads\\\/2019\\\/05\\\/tiketi-logo-696.png\",\"width\":696,\"height\":696,\"caption\":\"Tiketi.com\"},\"image\":{\"@id\":\"https:\\\/\\\/tiketi.com\\\/#\\\/schema\\\/logo\\\/image\\\/\"},\"sameAs\":[\"https:\\\/\\\/www.facebook.com\\\/TiketiCom\\\/\"]}]}<\/script>\n<!-- \/ Yoast SEO plugin. -->","yoast_head_json":{"title":"Location de bateaux Boa Vista - Meilleure location de bateaux charter","description":"Vous recherchez une location de bateau pas ch\u00e8re \u00e0 Boa Vista ? Recherchez, comparez et louez des bateaux Boa Vista pas cher en ligne et gagnez du temps et de l&#039;argent.","robots":{"index":"index","follow":"follow","max-snippet":"max-snippet:-1","max-image-preview":"max-image-preview:large","max-video-preview":"max-video-preview:-1"},"canonical":"https:\/\/tiketi.com\/fr-fr\/boat-hire-boa-vista\/","og_locale":"fr_FR","og_type":"article","og_title":"Boat Hire Boa Vista - Best Charter Boat Rental","og_description":"Looking for cheap boat hire Boa Vista? Search, compare and do cheap boat rental Boa Vista online and save time and money","og_url":"https:\/\/tiketi.com\/fr-fr\/boat-hire-boa-vista\/","og_site_name":"Tiketi.com","article_publisher":"https:\/\/www.facebook.com\/TiketiCom\/","article_modified_time":"2022-07-12T16:09:37+00:00","og_image":[{"width":1200,"height":209,"url":"https:\/\/tiketi.com\/wp-content\/uploads\/2022\/01\/boat-2117944_1200-1.jpg","type":"image\/jpeg"}],"twitter_card":"summary_large_image","twitter_misc":{"Dur\u00e9e de lecture estim\u00e9e":"3 minutes"},"schema":{"@context":"https:\/\/schema.org","@graph":[{"@type":"WebPage","@id":"https:\/\/tiketi.com\/boat-hire-boa-vista\/","url":"https:\/\/tiketi.com\/boat-hire-boa-vista\/","name":"Location de bateaux Boa Vista - Meilleure location de bateaux charter","isPartOf":{"@id":"https:\/\/tiketi.com\/#website"},"primaryImageOfPage":{"@id":"https:\/\/tiketi.com\/boat-hire-boa-vista\/#primaryimage"},"image":{"@id":"https:\/\/tiketi.com\/boat-hire-boa-vista\/#primaryimage"},"thumbnailUrl":"https:\/\/tiketi.com\/wp-content\/uploads\/2022\/01\/boat-2117944_1200-1.jpg","datePublished":"2022-01-19T11:53:53+00:00","dateModified":"2022-07-12T16:09:37+00:00","description":"Vous recherchez une location de bateau pas ch\u00e8re \u00e0 Boa Vista ? Recherchez, comparez et louez des bateaux Boa Vista pas cher en ligne et gagnez du temps et de l&#039;argent.","breadcrumb":{"@id":"https:\/\/tiketi.com\/boat-hire-boa-vista\/#breadcrumb"},"inLanguage":"fr-FR","potentialAction":[{"@type":"ReadAction","target":["https:\/\/tiketi.com\/boat-hire-boa-vista\/"]}]},{"@type":"ImageObject","inLanguage":"fr-FR","@id":"https:\/\/tiketi.com\/boat-hire-boa-vista\/#primaryimage","url":"https:\/\/tiketi.com\/wp-content\/uploads\/2022\/01\/boat-2117944_1200-1.jpg","contentUrl":"https:\/\/tiketi.com\/wp-content\/uploads\/2022\/01\/boat-2117944_1200-1.jpg","width":1200,"height":209,"caption":"Boat Hire"},{"@type":"BreadcrumbList","@id":"https:\/\/tiketi.com\/boat-hire-boa-vista\/#breadcrumb","itemListElement":[{"@type":"ListItem","position":1,"name":"Home","item":"https:\/\/tiketi.com\/"},{"@type":"ListItem","position":2,"name":"Boat Hire Boa Vista &#8211; Best Charter Boat Rental"}]},{"@type":"WebSite","@id":"https:\/\/tiketi.com\/#website","url":"https:\/\/tiketi.com\/","name":"Billets d&#039;avion et de bus, forfaits touristiques et activit\u00e9s - Tiketi.com","description":"Billets d&#039;avion et de bus, Tours, Activit\u00e9s","publisher":{"@id":"https:\/\/tiketi.com\/#organization"},"potentialAction":[{"@type":"SearchAction","target":{"@type":"EntryPoint","urlTemplate":"https:\/\/tiketi.com\/?s={search_term_string}"},"query-input":{"@type":"PropertyValueSpecification","valueRequired":true,"valueName":"search_term_string"}}],"inLanguage":"fr-FR"},{"@type":"Organization","@id":"https:\/\/tiketi.com\/#organization","name":"Tiketi.com","alternateName":"Tiketi","url":"https:\/\/tiketi.com\/","logo":{"@type":"ImageObject","inLanguage":"fr-FR","@id":"https:\/\/tiketi.com\/#\/schema\/logo\/image\/","url":"https:\/\/tiketi.com\/wp-content\/uploads\/2019\/05\/tiketi-logo-696.png","contentUrl":"https:\/\/tiketi.com\/wp-content\/uploads\/2019\/05\/tiketi-logo-696.png","width":696,"height":696,"caption":"Tiketi.com"},"image":{"@id":"https:\/\/tiketi.com\/#\/schema\/logo\/image\/"},"sameAs":["https:\/\/www.facebook.com\/TiketiCom\/"]}]}},"_links":{"self":[{"href":"https:\/\/tiketi.com\/fr-fr\/wp-json\/wp\/v2\/pages\/10847","targetHints":{"allow":["GET"]}}],"collection":[{"href":"https:\/\/tiketi.com\/fr-fr\/wp-json\/wp\/v2\/pages"}],"about":[{"href":"https:\/\/tiketi.com\/fr-fr\/wp-json\/wp\/v2\/types\/page"}],"author":[{"embeddable":true,"href":"https:\/\/tiketi.com\/fr-fr\/wp-json\/wp\/v2\/users\/1"}],"replies":[{"embeddable":true,"href":"https:\/\/tiketi.com\/fr-fr\/wp-json\/wp\/v2\/comments?post=10847"}],"version-history":[{"count":0,"href":"https:\/\/tiketi.com\/fr-fr\/wp-json\/wp\/v2\/pages\/10847\/revisions"}],"wp:featuredmedia":[{"embeddable":true,"href":"https:\/\/tiketi.com\/fr-fr\/wp-json\/wp\/v2\/media\/14513"}],"wp:attachment":[{"href":"https:\/\/tiketi.com\/fr-fr\/wp-json\/wp\/v2\/media?parent=10847"}],"curies":[{"name":"wp","href":"https:\/\/api.w.org\/{rel}","templated":true}]}}