{"id":10849,"date":"2022-01-19T12:53:54","date_gmt":"2022-01-19T11:53:54","guid":{"rendered":"https:\/\/new.tiketi.com\/boat-hire-cape-town-best-charter-boat-rental\/"},"modified":"2025-09-15T11:59:28","modified_gmt":"2025-09-15T09:59:28","slug":"boat-hire-cape-town","status":"publish","type":"page","link":"https:\/\/tiketi.com\/fr-fr\/boat-hire-cape-town\/","title":{"rendered":"Location de bateaux au Cap - Meilleure location de bateaux charter"},"content":{"rendered":"<h2>Location de bateau pas cher Le Cap<\/h2>\n<h3>Recherchez, comparez et louez des bateaux \u00e0 bas prix au Cap en ligne et gagnez du temps et de l&#039;argent &gt;&gt;<\/h3>\n<p>Louer un bateau pas cher au Cap en toute simplicit\u00e9. Louer un yacht de luxe au Cap est une exp\u00e9rience remarquable. Location de yachts priv\u00e9s Le Cap offre tout, des charters au coucher du soleil, des charters \u00e0 la journ\u00e9e, des charters \u00e0 la journ\u00e9e et des charters de nuit. En naviguant dans les eaux de la ville m\u00e8re et avec des charters de bateaux, le Cap regorge de tous les sites touristiques et de merveilleux monuments du Cap, de destinations exclusives et des meilleures exp\u00e9riences oc\u00e9aniques. Que vous cherchiez \u00e0 passer une meilleure journ\u00e9e sur l&#039;Atlantique, \u00e0 profiter d&#039;une exp\u00e9rience exclusive de yachting d&#039;\u00e9lite ou \u00e0 essayer quelque chose d&#039;un peu audacieux, diff\u00e9rent et sp\u00e9cial, la location de bateaux au Cap a exactement l&#039;exp\u00e9rience de yacht de luxe dont vous avez besoin. Faites de la location de yacht \u00e0 bas prix Le Cap en ligne et \u00e9conomisez du temps et de l&#039;argent.<\/p>\n<h2>Location de bateaux au Cap<\/h2>\n<h3>Chartes de coucher du soleil<\/h3>\n<p>Il n&#039;y a pas de coucher de soleil comme un coucher de soleil au Cap, et \u00e0 bord de votre location de bateau au Cap, vous pourrez ressentir toute la force charmante de ce sentiment. Ces bateaux sensationnels au coucher du soleil sont d\u00e9finitivement les pr\u00e9f\u00e9r\u00e9s des fans. Non seulement cela vous permet de voir le coucher du soleil de Mother City dans l&#039;un des endroits les plus exclusifs, l&#039;oc\u00e9an Atlantique, mais vous pouvez \u00e9galement le faire de l&#039;une des mani\u00e8res les plus sp\u00e9ciales, \u00e0 bord d&#039;un bateau de location priv\u00e9 Cape Town.<\/p>\n<h3>Chartes d&#039;une journ\u00e9e compl\u00e8te<\/h3>\n<p>La meilleure exp\u00e9rience oc\u00e9anique, con\u00e7ue sur mesure pour r\u00e9pondre \u00e0 vos besoins sp\u00e9cifiques, est en fait ce que vous obtiendrez avec une location de bateau priv\u00e9 \u00e0 la journ\u00e9e au Cap. Qu&#039;il s&#039;agisse de naviguer le long de la c\u00f4te ouest du Cap avec style ou de jeter l&#039;ancre dans l&#039;une des baies priv\u00e9es les plus exclusives de Mothers City, cette location de yacht priv\u00e9 Le Cap promet de regorger de sites pittoresques parmi les plus charmants et les plus \u00e9poustouflants.<\/p>\n<h3>Chartes de nuit<\/h3>\n<p>L&#039;incroyable front de mer V&amp;A et Cape Town de nuit sont une vue magnifique, et vous devriez certainement en faire l&#039;exp\u00e9rience \u00e0 bord de votre propre location de bateau de f\u00eate Cape Town. Les charters de nuit offrent \u00e9galement certaines des meilleures exp\u00e9riences que vous pouvez inclure dans votre exp\u00e9rience de yachting d\u00e9j\u00e0 meilleure. De Saldanha Bay et Langebaan, au front de mer dynamique, False Bay et la douce Atlantique, les choix sont vraiment infinis.<\/p>\n<p>De Table Mountain, Cliffonn, Campus Bay, 12 Apostles, Hout Bay et Robben Island, pour n&#039;en citer que quelques-uns, vous avez vraiment le meilleur et le plus charmant des endroits du Cap parmi lesquels choisir. Lorsque vous choisissez d&#039;embarquer sur ces p\u00e9niches \u00e0 louer au Cap, vous avez \u00e9galement la possibilit\u00e9 de choisir parmi une vaste gamme d&#039;exp\u00e9riences oc\u00e9aniques suppl\u00e9mentaires allant de la plong\u00e9e en apn\u00e9e avec des otaries \u00e0 fourrure du Cap, des vols en h\u00e9licopt\u00e8re de plong\u00e9e sous-marine et bien plus encore. Il y a quelque chose pour chaque personne.<\/p>","protected":false},"excerpt":{"rendered":"<p>Cheap Boat Rental Cape Town Search, compare and do cheap boat rental Cape Town online and save time and money &gt;&gt; Cheap boat hire in Cape Town made easy. Renting a luxury yacht in Cape town is a remarkable experience. Private yacht charter Cape Town provides anything from sunset charters, day charters, full-day charters and [&hellip;]<\/p>\n","protected":false},"author":1,"featured_media":14513,"parent":0,"menu_order":0,"comment_status":"open","ping_status":"closed","template":"template-home-modern.php","meta":{"footnotes":""},"class_list":["post-10849","page","type-page","status-publish","has-post-thumbnail","hentry"],"yoast_head":"<!-- This site is optimized with the Yoast SEO plugin v27.2 - https:\/\/yoast.com\/product\/yoast-seo-wordpress\/ -->\n<title>Boat Hire in Cape Town - Best Charter Boat Rental<\/title>\n<meta name=\"description\" content=\"Looking for cheap boat hire in Cape Town? Do cheap boat rental Cape Town online and save time and money\" \/>\n<meta name=\"robots\" content=\"index, follow, max-snippet:-1, max-image-preview:large, max-video-preview:-1\" \/>\n<link rel=\"canonical\" href=\"https:\/\/tiketi.com\/fr-fr\/boat-hire-cape-town\/\" \/>\n<meta property=\"og:locale\" content=\"fr_FR\" \/>\n<meta property=\"og:type\" content=\"article\" \/>\n<meta property=\"og:title\" content=\"Boat Hire in Cape Town - Best Charter Boat Rental\" \/>\n<meta property=\"og:description\" content=\"Looking for cheap boat hire in Cape Town? Do cheap boat rental Cape Town online and save time and money\" \/>\n<meta property=\"og:url\" content=\"https:\/\/tiketi.com\/fr-fr\/boat-hire-cape-town\/\" \/>\n<meta property=\"og:site_name\" content=\"Tiketi.com\" \/>\n<meta property=\"article:publisher\" content=\"https:\/\/www.facebook.com\/TiketiCom\/\" \/>\n<meta property=\"article:modified_time\" content=\"2025-09-15T09:59:28+00:00\" \/>\n<meta property=\"og:image\" content=\"https:\/\/tiketi.com\/wp-content\/uploads\/2022\/01\/boat-2117944_1200-1.jpg\" \/>\n\t<meta property=\"og:image:width\" content=\"1200\" \/>\n\t<meta property=\"og:image:height\" content=\"209\" \/>\n\t<meta property=\"og:image:type\" content=\"image\/jpeg\" \/>\n<meta name=\"twitter:card\" content=\"summary_large_image\" \/>\n<meta name=\"twitter:label1\" content=\"Dur\u00e9e de lecture estim\u00e9e\" \/>\n\t<meta name=\"twitter:data1\" content=\"2 minutes\" \/>\n<script type=\"application\/ld+json\" class=\"yoast-schema-graph\">{\"@context\":\"https:\/\/schema.org\",\"@graph\":[{\"@type\":\"WebPage\",\"@id\":\"https:\/\/tiketi.com\/boat-hire-cape-town\/\",\"url\":\"https:\/\/tiketi.com\/boat-hire-cape-town\/\",\"name\":\"Boat Hire in Cape Town - Best Charter Boat Rental\",\"isPartOf\":{\"@id\":\"https:\/\/tiketi.com\/#website\"},\"primaryImageOfPage\":{\"@id\":\"https:\/\/tiketi.com\/boat-hire-cape-town\/#primaryimage\"},\"image\":{\"@id\":\"https:\/\/tiketi.com\/boat-hire-cape-town\/#primaryimage\"},\"thumbnailUrl\":\"https:\/\/tiketi.com\/wp-content\/uploads\/2022\/01\/boat-2117944_1200-1.jpg\",\"datePublished\":\"2022-01-19T11:53:54+00:00\",\"dateModified\":\"2025-09-15T09:59:28+00:00\",\"description\":\"Looking for cheap boat hire in Cape Town? Do cheap boat rental Cape Town online and save time and money\",\"breadcrumb\":{\"@id\":\"https:\/\/tiketi.com\/boat-hire-cape-town\/#breadcrumb\"},\"inLanguage\":\"fr-FR\",\"potentialAction\":[{\"@type\":\"ReadAction\",\"target\":[\"https:\/\/tiketi.com\/boat-hire-cape-town\/\"]}]},{\"@type\":\"ImageObject\",\"inLanguage\":\"fr-FR\",\"@id\":\"https:\/\/tiketi.com\/boat-hire-cape-town\/#primaryimage\",\"url\":\"https:\/\/tiketi.com\/wp-content\/uploads\/2022\/01\/boat-2117944_1200-1.jpg\",\"contentUrl\":\"https:\/\/tiketi.com\/wp-content\/uploads\/2022\/01\/boat-2117944_1200-1.jpg\",\"width\":1200,\"height\":209,\"caption\":\"Boat Hire\"},{\"@type\":\"BreadcrumbList\",\"@id\":\"https:\/\/tiketi.com\/boat-hire-cape-town\/#breadcrumb\",\"itemListElement\":[{\"@type\":\"ListItem\",\"position\":1,\"name\":\"Home\",\"item\":\"https:\/\/tiketi.com\/\"},{\"@type\":\"ListItem\",\"position\":2,\"name\":\"Boat Hire in Cape Town &#8211; Best Charter Boat Rental\"}]},{\"@type\":\"WebSite\",\"@id\":\"https:\/\/tiketi.com\/#website\",\"url\":\"https:\/\/tiketi.com\/\",\"name\":\"Flight & Bus Tickets, Tour Packages & Activitites - Tiketi.com\",\"description\":\"Flight &amp; Bus Tickets, Tours, Activitites\",\"publisher\":{\"@id\":\"https:\/\/tiketi.com\/#organization\"},\"potentialAction\":[{\"@type\":\"SearchAction\",\"target\":{\"@type\":\"EntryPoint\",\"urlTemplate\":\"https:\/\/tiketi.com\/?s={search_term_string}\"},\"query-input\":{\"@type\":\"PropertyValueSpecification\",\"valueRequired\":true,\"valueName\":\"search_term_string\"}}],\"inLanguage\":\"fr-FR\"},{\"@type\":\"Organization\",\"@id\":\"https:\/\/tiketi.com\/#organization\",\"name\":\"Tiketi.com\",\"alternateName\":\"Tiketi\",\"url\":\"https:\/\/tiketi.com\/\",\"logo\":{\"@type\":\"ImageObject\",\"inLanguage\":\"fr-FR\",\"@id\":\"https:\/\/tiketi.com\/#\/schema\/logo\/image\/\",\"url\":\"https:\/\/tiketi.com\/wp-content\/uploads\/2019\/05\/tiketi-logo-696.png\",\"contentUrl\":\"https:\/\/tiketi.com\/wp-content\/uploads\/2019\/05\/tiketi-logo-696.png\",\"width\":696,\"height\":696,\"caption\":\"Tiketi.com\"},\"image\":{\"@id\":\"https:\/\/tiketi.com\/#\/schema\/logo\/image\/\"},\"sameAs\":[\"https:\/\/www.facebook.com\/TiketiCom\/\"]}]}<\/script>\n<!-- \/ Yoast SEO plugin. -->","yoast_head_json":{"title":"Location de bateaux \u00e0 Cape Town - Meilleure location de bateaux charter","description":"Vous recherchez une location de bateau pas ch\u00e8re au Cap ? Faites une location de bateau pas ch\u00e8re \u00e0 Le Cap en ligne et gagnez du temps et de l&#039;argent","robots":{"index":"index","follow":"follow","max-snippet":"max-snippet:-1","max-image-preview":"max-image-preview:large","max-video-preview":"max-video-preview:-1"},"canonical":"https:\/\/tiketi.com\/fr-fr\/boat-hire-cape-town\/","og_locale":"fr_FR","og_type":"article","og_title":"Boat Hire in Cape Town - Best Charter Boat Rental","og_description":"Looking for cheap boat hire in Cape Town? Do cheap boat rental Cape Town online and save time and money","og_url":"https:\/\/tiketi.com\/fr-fr\/boat-hire-cape-town\/","og_site_name":"Tiketi.com","article_publisher":"https:\/\/www.facebook.com\/TiketiCom\/","article_modified_time":"2025-09-15T09:59:28+00:00","og_image":[{"width":1200,"height":209,"url":"https:\/\/tiketi.com\/wp-content\/uploads\/2022\/01\/boat-2117944_1200-1.jpg","type":"image\/jpeg"}],"twitter_card":"summary_large_image","twitter_misc":{"Dur\u00e9e de lecture estim\u00e9e":"2 minutes"},"schema":{"@context":"https:\/\/schema.org","@graph":[{"@type":"WebPage","@id":"https:\/\/tiketi.com\/boat-hire-cape-town\/","url":"https:\/\/tiketi.com\/boat-hire-cape-town\/","name":"Location de bateaux \u00e0 Cape Town - Meilleure location de bateaux charter","isPartOf":{"@id":"https:\/\/tiketi.com\/#website"},"primaryImageOfPage":{"@id":"https:\/\/tiketi.com\/boat-hire-cape-town\/#primaryimage"},"image":{"@id":"https:\/\/tiketi.com\/boat-hire-cape-town\/#primaryimage"},"thumbnailUrl":"https:\/\/tiketi.com\/wp-content\/uploads\/2022\/01\/boat-2117944_1200-1.jpg","datePublished":"2022-01-19T11:53:54+00:00","dateModified":"2025-09-15T09:59:28+00:00","description":"Vous recherchez une location de bateau pas ch\u00e8re au Cap ? Faites une location de bateau pas ch\u00e8re \u00e0 Le Cap en ligne et gagnez du temps et de l&#039;argent","breadcrumb":{"@id":"https:\/\/tiketi.com\/boat-hire-cape-town\/#breadcrumb"},"inLanguage":"fr-FR","potentialAction":[{"@type":"ReadAction","target":["https:\/\/tiketi.com\/boat-hire-cape-town\/"]}]},{"@type":"ImageObject","inLanguage":"fr-FR","@id":"https:\/\/tiketi.com\/boat-hire-cape-town\/#primaryimage","url":"https:\/\/tiketi.com\/wp-content\/uploads\/2022\/01\/boat-2117944_1200-1.jpg","contentUrl":"https:\/\/tiketi.com\/wp-content\/uploads\/2022\/01\/boat-2117944_1200-1.jpg","width":1200,"height":209,"caption":"Boat Hire"},{"@type":"BreadcrumbList","@id":"https:\/\/tiketi.com\/boat-hire-cape-town\/#breadcrumb","itemListElement":[{"@type":"ListItem","position":1,"name":"Home","item":"https:\/\/tiketi.com\/"},{"@type":"ListItem","position":2,"name":"Boat Hire in Cape Town &#8211; Best Charter Boat Rental"}]},{"@type":"WebSite","@id":"https:\/\/tiketi.com\/#website","url":"https:\/\/tiketi.com\/","name":"Billets d&#039;avion et de bus, forfaits touristiques et activit\u00e9s - Tiketi.com","description":"Billets d&#039;avion et de bus, Tours, Activit\u00e9s","publisher":{"@id":"https:\/\/tiketi.com\/#organization"},"potentialAction":[{"@type":"SearchAction","target":{"@type":"EntryPoint","urlTemplate":"https:\/\/tiketi.com\/?s={search_term_string}"},"query-input":{"@type":"PropertyValueSpecification","valueRequired":true,"valueName":"search_term_string"}}],"inLanguage":"fr-FR"},{"@type":"Organization","@id":"https:\/\/tiketi.com\/#organization","name":"Tiketi.com","alternateName":"Tiketi","url":"https:\/\/tiketi.com\/","logo":{"@type":"ImageObject","inLanguage":"fr-FR","@id":"https:\/\/tiketi.com\/#\/schema\/logo\/image\/","url":"https:\/\/tiketi.com\/wp-content\/uploads\/2019\/05\/tiketi-logo-696.png","contentUrl":"https:\/\/tiketi.com\/wp-content\/uploads\/2019\/05\/tiketi-logo-696.png","width":696,"height":696,"caption":"Tiketi.com"},"image":{"@id":"https:\/\/tiketi.com\/#\/schema\/logo\/image\/"},"sameAs":["https:\/\/www.facebook.com\/TiketiCom\/"]}]}},"_links":{"self":[{"href":"https:\/\/tiketi.com\/fr-fr\/wp-json\/wp\/v2\/pages\/10849","targetHints":{"allow":["GET"]}}],"collection":[{"href":"https:\/\/tiketi.com\/fr-fr\/wp-json\/wp\/v2\/pages"}],"about":[{"href":"https:\/\/tiketi.com\/fr-fr\/wp-json\/wp\/v2\/types\/page"}],"author":[{"embeddable":true,"href":"https:\/\/tiketi.com\/fr-fr\/wp-json\/wp\/v2\/users\/1"}],"replies":[{"embeddable":true,"href":"https:\/\/tiketi.com\/fr-fr\/wp-json\/wp\/v2\/comments?post=10849"}],"version-history":[{"count":1,"href":"https:\/\/tiketi.com\/fr-fr\/wp-json\/wp\/v2\/pages\/10849\/revisions"}],"predecessor-version":[{"id":33418,"href":"https:\/\/tiketi.com\/fr-fr\/wp-json\/wp\/v2\/pages\/10849\/revisions\/33418"}],"wp:featuredmedia":[{"embeddable":true,"href":"https:\/\/tiketi.com\/fr-fr\/wp-json\/wp\/v2\/media\/14513"}],"wp:attachment":[{"href":"https:\/\/tiketi.com\/fr-fr\/wp-json\/wp\/v2\/media?parent=10849"}],"curies":[{"name":"wp","href":"https:\/\/api.w.org\/{rel}","templated":true}]}}