{"id":10850,"date":"2022-01-19T12:53:54","date_gmt":"2022-01-19T11:53:54","guid":{"rendered":"https:\/\/new.tiketi.com\/boat-hire-zanzibar-best-charter-boat-rental\/"},"modified":"2023-07-04T07:21:54","modified_gmt":"2023-07-04T06:21:54","slug":"boat-hire-zanzibar","status":"publish","type":"page","link":"https:\/\/tiketi.com\/fr-fr\/boat-hire-zanzibar\/","title":{"rendered":"Location de bateaux Zanzibar - Meilleure location de bateaux charter"},"content":{"rendered":"<h2>Cheap Boat Rental in Zanzibar<\/h2>\n<h3>Search, compare and do cheap boat rental in Zanzibar online and save time and money <a href=\"https:\/\/tiketi.com\/fr-fr\/vacations\/zanzibar-tour-packages\/\" target=\"_blank\" rel=\"noopener\">&gt;&gt;<\/a><\/h3>\n<p>Cheap boat hire Zanzibar made easy. Fifteen miles away from the Tanzania coast lies Zanzibar. An island with a wonderful heritage, buzzing atmosphere, cultural contrast, Zanzibar is an East African treasure that will definitely relax your adventurous soul. An escape to the African spice islands is an amazing experience and a promise to the world best-kept secret. Speed boat rental in Zanzibar is the excellent way to navigate the archipelago blue waters with a world-class itinerary, mainly tailored for you. Do cheap yacht rental Zanzibar online and save time and money.<\/p>\n<h2>Pourquoi louer un bateau ou un yacht \u00e0 Zanzibar ?<\/h2>\n<p>Un lieu exotique s\u00fbr pour les aventuriers infatigables, la location d&#039;un bateau ou d&#039;un yacht, est une exp\u00e9rience merveilleuse \u00e0 Zanzibar. Cocoon\u00e9 dans le climat tropical, vous serez agr\u00e9ablement choqu\u00e9 par les eaux cristallines, la vie marine dynamique et les jardins de coraux. Zanzibar est principalement un monde sous-marin, principalement peupl\u00e9 de cr\u00e9atures marines, notamment l&#039;hippocampe, le poisson crocodile, le poisson feuille et la crevette mante.<\/p>\n<p>Houseboat rental in Zanzibar and overseeing the blue sea for yourself, sail to the superb archipelago of Mafia island and dive into the dutifully protected marine park to admire the gigantic whale shark. The Mnemba Atoll prides itself on having the most notable dive site, unknown by many but an intimate an exclusive to the sea adventures of the planet. In the southern Island, Kizimkazi, provides a best performing dancing dolphins that you could enjoy from your private chambers.<\/p>\n<h2>Comment louer un bateau \u00e0 Zanzibar<\/h2>\n<h3>Quels sont les prix de la location de yacht ou de bateau \u00e0 Zanzibar ?<\/h3>\n<p>Une exp\u00e9rience de location de bateau priv\u00e9 \u00e0 Zanzibar varie de $650 \u00e0 $850 par jour avec le luxe de partager un moment priv\u00e9 avec 4 \u00e0 6 de votre famille et vos amis les plus pr\u00e9cieux. Une balade \u00e0 bord d&#039;un yacht \u00e0 moteur est parfaite pour naviguer confortablement et en toute s\u00e9curit\u00e9 vers les sites de plong\u00e9e de Zanzibar et les incroyables r\u00e9cifs coralliens. Le catamaran est le choix le plus relaxant, le mieux \u00e9quip\u00e9 et le plus appr\u00e9ci\u00e9 parmi les loueurs de yachts.<\/p>\n<h3>Quelle est la saison de location de bateaux priv\u00e9s \u00e0 Zanzibar ?<\/h3>\n<p>De mars \u00e0 mai, la location de yachts \u00e0 Zanzibar reste principalement sur le port car la pluie peut soudainement tomber sur l&#039;\u00eele. Seuls les aventuriers pourront tenter leur chance en cette saison particuli\u00e8rement humide. Novembre et d\u00e9cembre accueillent plus d&#039;invit\u00e9s, mais le temps incertain en inspire beaucoup \u00e0 abandonner le navire.<\/p>\n<h3>Location de yacht de mariage ou de f\u00eate Zanzibar<\/h3>\n<p>A wedding yacht charter or party boat hire in Zanzibar is explained in one word, magical. Paired with Zanzibar multicultural heritage and the special experience of boat rental, a wedding or party in Zanzibar is truly the excellent way to begin your life as a family of two.<\/p>","protected":false},"excerpt":{"rendered":"<p>Cheap Boat Rental in Zanzibar Search, compare and do cheap boat rental in Zanzibar online and save time and money &gt;&gt; Cheap boat hire Zanzibar made easy. Fifteen miles away from the Tanzania coast lies Zanzibar. An island with a wonderful heritage, buzzing atmosphere, cultural contrast, Zanzibar is an East African treasure that will definitely [&hellip;]<\/p>\n","protected":false},"author":1,"featured_media":14513,"parent":0,"menu_order":0,"comment_status":"open","ping_status":"closed","template":"template-home-modern.php","meta":{"footnotes":""},"class_list":["post-10850","page","type-page","status-publish","has-post-thumbnail","hentry"],"yoast_head":"<!-- This site is optimized with the Yoast SEO plugin v27.3 - https:\/\/yoast.com\/product\/yoast-seo-wordpress\/ -->\n<title>Boat Hire Zanzibar - Best Charter Boat Rental<\/title>\n<meta name=\"description\" content=\"Looking for cheap charter boat hire Zanzibar? Do cheap boat rental in Zanzibar online and save time and money. How to rent a boat in Zanzibar\" \/>\n<meta name=\"robots\" content=\"index, follow, max-snippet:-1, max-image-preview:large, max-video-preview:-1\" \/>\n<link rel=\"canonical\" href=\"https:\/\/tiketi.com\/fr-fr\/boat-hire-zanzibar\/\" \/>\n<meta property=\"og:locale\" content=\"fr_FR\" \/>\n<meta property=\"og:type\" content=\"article\" \/>\n<meta property=\"og:title\" content=\"Boat Hire Zanzibar - Best Charter Boat Rental\" \/>\n<meta property=\"og:description\" content=\"Looking for cheap charter boat hire Zanzibar? Do cheap boat rental in Zanzibar online and save time and money. How to rent a boat in Zanzibar\" \/>\n<meta property=\"og:url\" content=\"https:\/\/tiketi.com\/fr-fr\/boat-hire-zanzibar\/\" \/>\n<meta property=\"og:site_name\" content=\"Tiketi.com\" \/>\n<meta property=\"article:publisher\" content=\"https:\/\/www.facebook.com\/TiketiCom\/\" \/>\n<meta property=\"article:modified_time\" content=\"2023-07-04T06:21:54+00:00\" \/>\n<meta property=\"og:image\" content=\"https:\/\/tiketi.com\/wp-content\/uploads\/2022\/01\/boat-2117944_1200-1.jpg\" \/>\n\t<meta property=\"og:image:width\" content=\"1200\" \/>\n\t<meta property=\"og:image:height\" content=\"209\" \/>\n\t<meta property=\"og:image:type\" content=\"image\/jpeg\" \/>\n<meta name=\"twitter:card\" content=\"summary_large_image\" \/>\n<meta name=\"twitter:label1\" content=\"Dur\u00e9e de lecture estim\u00e9e\" \/>\n\t<meta name=\"twitter:data1\" content=\"2 minutes\" \/>\n<script type=\"application\/ld+json\" class=\"yoast-schema-graph\">{\"@context\":\"https:\\\/\\\/schema.org\",\"@graph\":[{\"@type\":\"WebPage\",\"@id\":\"https:\\\/\\\/tiketi.com\\\/boat-hire-zanzibar\\\/\",\"url\":\"https:\\\/\\\/tiketi.com\\\/boat-hire-zanzibar\\\/\",\"name\":\"Boat Hire Zanzibar - Best Charter Boat Rental\",\"isPartOf\":{\"@id\":\"https:\\\/\\\/tiketi.com\\\/#website\"},\"primaryImageOfPage\":{\"@id\":\"https:\\\/\\\/tiketi.com\\\/boat-hire-zanzibar\\\/#primaryimage\"},\"image\":{\"@id\":\"https:\\\/\\\/tiketi.com\\\/boat-hire-zanzibar\\\/#primaryimage\"},\"thumbnailUrl\":\"https:\\\/\\\/tiketi.com\\\/wp-content\\\/uploads\\\/2022\\\/01\\\/boat-2117944_1200-1.jpg\",\"datePublished\":\"2022-01-19T11:53:54+00:00\",\"dateModified\":\"2023-07-04T06:21:54+00:00\",\"description\":\"Looking for cheap charter boat hire Zanzibar? Do cheap boat rental in Zanzibar online and save time and money. How to rent a boat in Zanzibar\",\"breadcrumb\":{\"@id\":\"https:\\\/\\\/tiketi.com\\\/boat-hire-zanzibar\\\/#breadcrumb\"},\"inLanguage\":\"fr-FR\",\"potentialAction\":[{\"@type\":\"ReadAction\",\"target\":[\"https:\\\/\\\/tiketi.com\\\/boat-hire-zanzibar\\\/\"]}]},{\"@type\":\"ImageObject\",\"inLanguage\":\"fr-FR\",\"@id\":\"https:\\\/\\\/tiketi.com\\\/boat-hire-zanzibar\\\/#primaryimage\",\"url\":\"https:\\\/\\\/tiketi.com\\\/wp-content\\\/uploads\\\/2022\\\/01\\\/boat-2117944_1200-1.jpg\",\"contentUrl\":\"https:\\\/\\\/tiketi.com\\\/wp-content\\\/uploads\\\/2022\\\/01\\\/boat-2117944_1200-1.jpg\",\"width\":1200,\"height\":209,\"caption\":\"Boat Hire\"},{\"@type\":\"BreadcrumbList\",\"@id\":\"https:\\\/\\\/tiketi.com\\\/boat-hire-zanzibar\\\/#breadcrumb\",\"itemListElement\":[{\"@type\":\"ListItem\",\"position\":1,\"name\":\"Home\",\"item\":\"https:\\\/\\\/tiketi.com\\\/\"},{\"@type\":\"ListItem\",\"position\":2,\"name\":\"Boat Hire Zanzibar &#8211; Best Charter Boat Rental\"}]},{\"@type\":\"WebSite\",\"@id\":\"https:\\\/\\\/tiketi.com\\\/#website\",\"url\":\"https:\\\/\\\/tiketi.com\\\/\",\"name\":\"Flight & Bus Tickets, Tour Packages & Activitites - Tiketi.com\",\"description\":\"Flight &amp; Bus Tickets, Tours, Activitites\",\"publisher\":{\"@id\":\"https:\\\/\\\/tiketi.com\\\/#organization\"},\"potentialAction\":[{\"@type\":\"SearchAction\",\"target\":{\"@type\":\"EntryPoint\",\"urlTemplate\":\"https:\\\/\\\/tiketi.com\\\/?s={search_term_string}\"},\"query-input\":{\"@type\":\"PropertyValueSpecification\",\"valueRequired\":true,\"valueName\":\"search_term_string\"}}],\"inLanguage\":\"fr-FR\"},{\"@type\":\"Organization\",\"@id\":\"https:\\\/\\\/tiketi.com\\\/#organization\",\"name\":\"Tiketi.com\",\"alternateName\":\"Tiketi\",\"url\":\"https:\\\/\\\/tiketi.com\\\/\",\"logo\":{\"@type\":\"ImageObject\",\"inLanguage\":\"fr-FR\",\"@id\":\"https:\\\/\\\/tiketi.com\\\/#\\\/schema\\\/logo\\\/image\\\/\",\"url\":\"https:\\\/\\\/tiketi.com\\\/wp-content\\\/uploads\\\/2019\\\/05\\\/tiketi-logo-696.png\",\"contentUrl\":\"https:\\\/\\\/tiketi.com\\\/wp-content\\\/uploads\\\/2019\\\/05\\\/tiketi-logo-696.png\",\"width\":696,\"height\":696,\"caption\":\"Tiketi.com\"},\"image\":{\"@id\":\"https:\\\/\\\/tiketi.com\\\/#\\\/schema\\\/logo\\\/image\\\/\"},\"sameAs\":[\"https:\\\/\\\/www.facebook.com\\\/TiketiCom\\\/\"]}]}<\/script>\n<!-- \/ Yoast SEO plugin. -->","yoast_head_json":{"title":"Location de bateaux Zanzibar - Meilleure location de bateaux charter","description":"Looking for cheap charter boat hire Zanzibar? Do cheap boat rental in Zanzibar online and save time and money. How to rent a boat in Zanzibar","robots":{"index":"index","follow":"follow","max-snippet":"max-snippet:-1","max-image-preview":"max-image-preview:large","max-video-preview":"max-video-preview:-1"},"canonical":"https:\/\/tiketi.com\/fr-fr\/boat-hire-zanzibar\/","og_locale":"fr_FR","og_type":"article","og_title":"Boat Hire Zanzibar - Best Charter Boat Rental","og_description":"Looking for cheap charter boat hire Zanzibar? Do cheap boat rental in Zanzibar online and save time and money. How to rent a boat in Zanzibar","og_url":"https:\/\/tiketi.com\/fr-fr\/boat-hire-zanzibar\/","og_site_name":"Tiketi.com","article_publisher":"https:\/\/www.facebook.com\/TiketiCom\/","article_modified_time":"2023-07-04T06:21:54+00:00","og_image":[{"width":1200,"height":209,"url":"https:\/\/tiketi.com\/wp-content\/uploads\/2022\/01\/boat-2117944_1200-1.jpg","type":"image\/jpeg"}],"twitter_card":"summary_large_image","twitter_misc":{"Dur\u00e9e de lecture estim\u00e9e":"2 minutes"},"schema":{"@context":"https:\/\/schema.org","@graph":[{"@type":"WebPage","@id":"https:\/\/tiketi.com\/boat-hire-zanzibar\/","url":"https:\/\/tiketi.com\/boat-hire-zanzibar\/","name":"Location de bateaux Zanzibar - Meilleure location de bateaux charter","isPartOf":{"@id":"https:\/\/tiketi.com\/#website"},"primaryImageOfPage":{"@id":"https:\/\/tiketi.com\/boat-hire-zanzibar\/#primaryimage"},"image":{"@id":"https:\/\/tiketi.com\/boat-hire-zanzibar\/#primaryimage"},"thumbnailUrl":"https:\/\/tiketi.com\/wp-content\/uploads\/2022\/01\/boat-2117944_1200-1.jpg","datePublished":"2022-01-19T11:53:54+00:00","dateModified":"2023-07-04T06:21:54+00:00","description":"Looking for cheap charter boat hire Zanzibar? Do cheap boat rental in Zanzibar online and save time and money. How to rent a boat in Zanzibar","breadcrumb":{"@id":"https:\/\/tiketi.com\/boat-hire-zanzibar\/#breadcrumb"},"inLanguage":"fr-FR","potentialAction":[{"@type":"ReadAction","target":["https:\/\/tiketi.com\/boat-hire-zanzibar\/"]}]},{"@type":"ImageObject","inLanguage":"fr-FR","@id":"https:\/\/tiketi.com\/boat-hire-zanzibar\/#primaryimage","url":"https:\/\/tiketi.com\/wp-content\/uploads\/2022\/01\/boat-2117944_1200-1.jpg","contentUrl":"https:\/\/tiketi.com\/wp-content\/uploads\/2022\/01\/boat-2117944_1200-1.jpg","width":1200,"height":209,"caption":"Boat Hire"},{"@type":"BreadcrumbList","@id":"https:\/\/tiketi.com\/boat-hire-zanzibar\/#breadcrumb","itemListElement":[{"@type":"ListItem","position":1,"name":"Home","item":"https:\/\/tiketi.com\/"},{"@type":"ListItem","position":2,"name":"Boat Hire Zanzibar &#8211; Best Charter Boat Rental"}]},{"@type":"WebSite","@id":"https:\/\/tiketi.com\/#website","url":"https:\/\/tiketi.com\/","name":"Billets d&#039;avion et de bus, forfaits touristiques et activit\u00e9s - Tiketi.com","description":"Billets d&#039;avion et de bus, Tours, Activit\u00e9s","publisher":{"@id":"https:\/\/tiketi.com\/#organization"},"potentialAction":[{"@type":"SearchAction","target":{"@type":"EntryPoint","urlTemplate":"https:\/\/tiketi.com\/?s={search_term_string}"},"query-input":{"@type":"PropertyValueSpecification","valueRequired":true,"valueName":"search_term_string"}}],"inLanguage":"fr-FR"},{"@type":"Organization","@id":"https:\/\/tiketi.com\/#organization","name":"Tiketi.com","alternateName":"Tiketi","url":"https:\/\/tiketi.com\/","logo":{"@type":"ImageObject","inLanguage":"fr-FR","@id":"https:\/\/tiketi.com\/#\/schema\/logo\/image\/","url":"https:\/\/tiketi.com\/wp-content\/uploads\/2019\/05\/tiketi-logo-696.png","contentUrl":"https:\/\/tiketi.com\/wp-content\/uploads\/2019\/05\/tiketi-logo-696.png","width":696,"height":696,"caption":"Tiketi.com"},"image":{"@id":"https:\/\/tiketi.com\/#\/schema\/logo\/image\/"},"sameAs":["https:\/\/www.facebook.com\/TiketiCom\/"]}]}},"_links":{"self":[{"href":"https:\/\/tiketi.com\/fr-fr\/wp-json\/wp\/v2\/pages\/10850","targetHints":{"allow":["GET"]}}],"collection":[{"href":"https:\/\/tiketi.com\/fr-fr\/wp-json\/wp\/v2\/pages"}],"about":[{"href":"https:\/\/tiketi.com\/fr-fr\/wp-json\/wp\/v2\/types\/page"}],"author":[{"embeddable":true,"href":"https:\/\/tiketi.com\/fr-fr\/wp-json\/wp\/v2\/users\/1"}],"replies":[{"embeddable":true,"href":"https:\/\/tiketi.com\/fr-fr\/wp-json\/wp\/v2\/comments?post=10850"}],"version-history":[{"count":0,"href":"https:\/\/tiketi.com\/fr-fr\/wp-json\/wp\/v2\/pages\/10850\/revisions"}],"wp:featuredmedia":[{"embeddable":true,"href":"https:\/\/tiketi.com\/fr-fr\/wp-json\/wp\/v2\/media\/14513"}],"wp:attachment":[{"href":"https:\/\/tiketi.com\/fr-fr\/wp-json\/wp\/v2\/media?parent=10850"}],"curies":[{"name":"wp","href":"https:\/\/api.w.org\/{rel}","templated":true}]}}