{"id":10851,"date":"2022-01-19T12:53:54","date_gmt":"2022-01-19T11:53:54","guid":{"rendered":"https:\/\/new.tiketi.com\/boat-hire-mauritius-best-charter-boat-rental\/"},"modified":"2022-01-25T17:10:17","modified_gmt":"2022-01-25T16:10:17","slug":"boat-hire-mauritius","status":"publish","type":"page","link":"https:\/\/tiketi.com\/fr-fr\/boat-hire-mauritius\/","title":{"rendered":"Location de bateaux \u00e0 l&#039;\u00eele Maurice - Meilleure location de bateaux charter"},"content":{"rendered":"<h2>Location Bateau Pas Cher Ile Maurice<\/h2>\n<h3>Recherchez, comparez et faites une location de bateau pas cher \u00e0 Maurice en ligne et gagnez du temps et de l&#039;argent<\/h3>\n<p>Louer un bateau pas cher \u00e0 l&#039;\u00eele Maurice en toute simplicit\u00e9. L&#039;\u00eele Maurice est une \u00eele situ\u00e9e au c\u0153ur de l&#039;archipel des Mascareignes, avec la R\u00e9union \u00e0 l&#039;ouest et l&#039;\u00eele Rodrigues \u00e0 l&#039;est, et est entour\u00e9e de lagons et de r\u00e9cifs coralliens. En r\u00e9alit\u00e9, l&#039;\u00eele Maurice volcanique n&#039;a plus de volcans actifs, mais certains crat\u00e8res sont encore visibles.<\/p>\n<p>Avec votre location de bateau Ile Maurice, commencez votre itin\u00e9raire par Port Saint-Louis, puis partez \u00e0 la d\u00e9couverte de l&#039;\u00eele plate, de l&#039;\u00eele Gabriel, de l&#039;\u00eele au Cerf et de l&#039;\u00eele d&#039;Ambre. La meilleure p\u00e9riode pour naviguer \u00e0 Maurice se situe entre mai et septembre. En g\u00e9n\u00e9ral, le climat est tropical avec une temp\u00e9rature de l&#039;eau entre 23 et 29 toute l&#039;ann\u00e9e.<\/p>\n<h2>FAQ sur la location de bateaux \u00e0 l&#039;\u00eele Maurice<\/h2>\n<h3>Location de bateau priv\u00e9 Ile Maurice et attractions<\/h3>\n<p>Les attractions mauriciennes proposent une large gamme de locations de yachts sur diff\u00e9rents types de navires de croisi\u00e8re pour vous emmener dans des croisi\u00e8res m\u00e9morables vers l&#039;une des petites \u00eeles entourant l&#039;\u00eele principale de Maurice.<\/p>\n<p>Pour une journ\u00e9e paisible en mer, nous vous conseillons en exclusivit\u00e9 la location de yacht priv\u00e9 Ile Maurice.<\/p>\n<p>La location de bateau de f\u00eate \u00e0 l&#039;\u00eele Maurice comprend les services d&#039;\u00e9quipage, les boissons, la nourriture et plus encore.<\/p>\n<p>Avec les attractions de l&#039;\u00eele Maurice, l&#039;un des plus grands avantages de la location de p\u00e9niches \u00e0 l&#039;\u00eele Maurice est le contact continu avec la mer, l&#039;acc\u00e8s continu \u00e0 un terrain de jeu aquatique aux possibilit\u00e9s illimit\u00e9es. Qu&#039;il s&#039;agisse de plong\u00e9e ou de plong\u00e9e en apn\u00e9e dans le monde spectaculaire sous l&#039;eau, ou de sports nautiques incroyables et d&#039;activit\u00e9s de plage au soleil, les bateaux \u00e0 louer \u00e0 l&#039;\u00eele Maurice constituent la meilleure plate-forme pour des vacances \u00e0 l&#039;\u00eele Maurice.<\/p>\n<h3>Combien co\u00fbte la location d&#039;un bateau ou d&#039;un yacht \u00e0 l&#039;\u00eele Maurice pour une journ\u00e9e ?<\/h3>\n<p>Vous cherchez l&#039;excellente affaire pour une location de bateau priv\u00e9 Ile Maurice ? Une location \u00e0 la journ\u00e9e \u00e0 l&#039;\u00eele Maurice est ce qu&#039;il y a de mieux si vous pr\u00e9voyez une visite touristique de la ville depuis l&#039;eau, une croisi\u00e8re au coucher du soleil ou une journ\u00e9e \u00e0 sensations fortes \u00e0 passer en plein air avec des amis ou des amis, des p\u00e9niches \u00e0 louer \u00e0 l&#039;\u00eele Maurice \u00e0 partir de $250.<\/p>\n<h3>Des vacances exotiques \u00e0 la voile \u00e0 l&#039;\u00eele Maurice que vous n&#039;oublierez jamais<\/h3>\n<p>L&#039;\u00eele Maurice est une perle tropicale plac\u00e9e dans l&#039;eau chaude turquoise de l&#039;oc\u00e9an Indien et naviguer le long de la c\u00f4te de cette \u00eele paradisiaque est une exp\u00e9rience merveilleuse.<\/p>\n<p>Les yachtmen du monde entier viennent passer leurs vacances de location de bateaux de p\u00eache \u00e0 l&#039;\u00eele Maurice et profiter de l&#039;eau cristalline, des charmantes plages de sable, des plantes tropicales, des cr\u00e9atures marines indig\u00e8nes et de la beaut\u00e9 inimaginable et de la compagnie des habitants mauriciens amicaux et cordiaux.<\/p>\n<p>L&#039;\u00eele est entour\u00e9e de r\u00e9cifs coralliens, ce qui la rend fabuleuse pour les sports nautiques et la plong\u00e9e en apn\u00e9e. L&#039;\u00eele Maurice propose une large gamme d&#039;activit\u00e9s de voile sur diff\u00e9rents types de navires de croisi\u00e8re pour vous emmener pour des voyages de voile m\u00e9morables sur l&#039;une des 100 petites \u00eeles entourant l&#039;\u00eele cl\u00e9 de Maurice.<\/p>","protected":false},"excerpt":{"rendered":"<p>Cheap Boat Rental Mauritius Search, compare and do cheap boat rental Mauritius online and save time and money Cheap boat hire in Mauritius made easy. Mauritius is an island placed in the heart of the Mascareignes archipelago, with Reunion to the west and Rodrigues island to the east, and is surrounded by a lagoons and [&hellip;]<\/p>\n","protected":false},"author":1,"featured_media":14513,"parent":0,"menu_order":0,"comment_status":"open","ping_status":"closed","template":"template-home-modern.php","meta":{"footnotes":""},"class_list":["post-10851","page","type-page","status-publish","has-post-thumbnail","hentry"],"yoast_head":"<!-- This site is optimized with the Yoast SEO plugin v27.5 - https:\/\/yoast.com\/product\/yoast-seo-wordpress\/ -->\n<title>Boat Hire in Mauritius - Best Charter Boat Rental<\/title>\n<meta name=\"description\" content=\"Looking for cheap boat hire in Mauritius? Search, compare and do cheap boat rental Mauritius online and save time and money\" \/>\n<meta name=\"robots\" content=\"index, follow, max-snippet:-1, max-image-preview:large, max-video-preview:-1\" \/>\n<link rel=\"canonical\" href=\"https:\/\/tiketi.com\/fr-fr\/boat-hire-mauritius\/\" \/>\n<meta property=\"og:locale\" content=\"fr_FR\" \/>\n<meta property=\"og:type\" content=\"article\" \/>\n<meta property=\"og:title\" content=\"Boat Hire in Mauritius - Best Charter Boat Rental\" \/>\n<meta property=\"og:description\" content=\"Looking for cheap boat hire in Mauritius? Search, compare and do cheap boat rental Mauritius online and save time and money\" \/>\n<meta property=\"og:url\" content=\"https:\/\/tiketi.com\/fr-fr\/boat-hire-mauritius\/\" \/>\n<meta property=\"og:site_name\" content=\"Tiketi.com\" \/>\n<meta property=\"article:publisher\" content=\"https:\/\/www.facebook.com\/TiketiCom\/\" \/>\n<meta property=\"article:modified_time\" content=\"2022-01-25T16:10:17+00:00\" \/>\n<meta property=\"og:image\" content=\"https:\/\/tiketi.com\/wp-content\/uploads\/2022\/01\/boat-2117944_1200-1.jpg\" \/>\n\t<meta property=\"og:image:width\" content=\"1200\" \/>\n\t<meta property=\"og:image:height\" content=\"209\" \/>\n\t<meta property=\"og:image:type\" content=\"image\/jpeg\" \/>\n<meta name=\"twitter:card\" content=\"summary_large_image\" \/>\n<meta name=\"twitter:label1\" content=\"Dur\u00e9e de lecture estim\u00e9e\" \/>\n\t<meta name=\"twitter:data1\" content=\"3 minutes\" \/>\n<script type=\"application\/ld+json\" class=\"yoast-schema-graph\">{\"@context\":\"https:\\\/\\\/schema.org\",\"@graph\":[{\"@type\":\"WebPage\",\"@id\":\"https:\\\/\\\/tiketi.com\\\/boat-hire-mauritius\\\/\",\"url\":\"https:\\\/\\\/tiketi.com\\\/boat-hire-mauritius\\\/\",\"name\":\"Boat Hire in Mauritius - Best Charter Boat Rental\",\"isPartOf\":{\"@id\":\"https:\\\/\\\/tiketi.com\\\/#website\"},\"primaryImageOfPage\":{\"@id\":\"https:\\\/\\\/tiketi.com\\\/boat-hire-mauritius\\\/#primaryimage\"},\"image\":{\"@id\":\"https:\\\/\\\/tiketi.com\\\/boat-hire-mauritius\\\/#primaryimage\"},\"thumbnailUrl\":\"https:\\\/\\\/tiketi.com\\\/wp-content\\\/uploads\\\/2022\\\/01\\\/boat-2117944_1200-1.jpg\",\"datePublished\":\"2022-01-19T11:53:54+00:00\",\"dateModified\":\"2022-01-25T16:10:17+00:00\",\"description\":\"Looking for cheap boat hire in Mauritius? Search, compare and do cheap boat rental Mauritius online and save time and money\",\"breadcrumb\":{\"@id\":\"https:\\\/\\\/tiketi.com\\\/boat-hire-mauritius\\\/#breadcrumb\"},\"inLanguage\":\"fr-FR\",\"potentialAction\":[{\"@type\":\"ReadAction\",\"target\":[\"https:\\\/\\\/tiketi.com\\\/boat-hire-mauritius\\\/\"]}]},{\"@type\":\"ImageObject\",\"inLanguage\":\"fr-FR\",\"@id\":\"https:\\\/\\\/tiketi.com\\\/boat-hire-mauritius\\\/#primaryimage\",\"url\":\"https:\\\/\\\/tiketi.com\\\/wp-content\\\/uploads\\\/2022\\\/01\\\/boat-2117944_1200-1.jpg\",\"contentUrl\":\"https:\\\/\\\/tiketi.com\\\/wp-content\\\/uploads\\\/2022\\\/01\\\/boat-2117944_1200-1.jpg\",\"width\":1200,\"height\":209,\"caption\":\"Boat Hire\"},{\"@type\":\"BreadcrumbList\",\"@id\":\"https:\\\/\\\/tiketi.com\\\/boat-hire-mauritius\\\/#breadcrumb\",\"itemListElement\":[{\"@type\":\"ListItem\",\"position\":1,\"name\":\"Home\",\"item\":\"https:\\\/\\\/tiketi.com\\\/\"},{\"@type\":\"ListItem\",\"position\":2,\"name\":\"Boat Hire in Mauritius &#8211; Best Charter Boat Rental\"}]},{\"@type\":\"WebSite\",\"@id\":\"https:\\\/\\\/tiketi.com\\\/#website\",\"url\":\"https:\\\/\\\/tiketi.com\\\/\",\"name\":\"Flight & Bus Tickets, Tour Packages & Activitites - Tiketi.com\",\"description\":\"Flight &amp; Bus Tickets, Tours, Activitites\",\"publisher\":{\"@id\":\"https:\\\/\\\/tiketi.com\\\/#organization\"},\"potentialAction\":[{\"@type\":\"SearchAction\",\"target\":{\"@type\":\"EntryPoint\",\"urlTemplate\":\"https:\\\/\\\/tiketi.com\\\/?s={search_term_string}\"},\"query-input\":{\"@type\":\"PropertyValueSpecification\",\"valueRequired\":true,\"valueName\":\"search_term_string\"}}],\"inLanguage\":\"fr-FR\"},{\"@type\":\"Organization\",\"@id\":\"https:\\\/\\\/tiketi.com\\\/#organization\",\"name\":\"Tiketi.com\",\"alternateName\":\"Tiketi\",\"url\":\"https:\\\/\\\/tiketi.com\\\/\",\"logo\":{\"@type\":\"ImageObject\",\"inLanguage\":\"fr-FR\",\"@id\":\"https:\\\/\\\/tiketi.com\\\/#\\\/schema\\\/logo\\\/image\\\/\",\"url\":\"https:\\\/\\\/tiketi.com\\\/wp-content\\\/uploads\\\/2019\\\/05\\\/tiketi-logo-696.png\",\"contentUrl\":\"https:\\\/\\\/tiketi.com\\\/wp-content\\\/uploads\\\/2019\\\/05\\\/tiketi-logo-696.png\",\"width\":696,\"height\":696,\"caption\":\"Tiketi.com\"},\"image\":{\"@id\":\"https:\\\/\\\/tiketi.com\\\/#\\\/schema\\\/logo\\\/image\\\/\"},\"sameAs\":[\"https:\\\/\\\/www.facebook.com\\\/TiketiCom\\\/\"]}]}<\/script>\n<!-- \/ Yoast SEO plugin. -->","yoast_head_json":{"title":"Location de bateaux \u00e0 l&#039;\u00eele Maurice - Meilleure location de bateaux charter","description":"Vous recherchez une location de bateau pas ch\u00e8re \u00e0 l&#039;Ile Maurice ? Recherchez, comparez et faites une location de bateau pas cher \u00e0 Maurice en ligne et gagnez du temps et de l&#039;argent","robots":{"index":"index","follow":"follow","max-snippet":"max-snippet:-1","max-image-preview":"max-image-preview:large","max-video-preview":"max-video-preview:-1"},"canonical":"https:\/\/tiketi.com\/fr-fr\/boat-hire-mauritius\/","og_locale":"fr_FR","og_type":"article","og_title":"Boat Hire in Mauritius - Best Charter Boat Rental","og_description":"Looking for cheap boat hire in Mauritius? Search, compare and do cheap boat rental Mauritius online and save time and money","og_url":"https:\/\/tiketi.com\/fr-fr\/boat-hire-mauritius\/","og_site_name":"Tiketi.com","article_publisher":"https:\/\/www.facebook.com\/TiketiCom\/","article_modified_time":"2022-01-25T16:10:17+00:00","og_image":[{"width":1200,"height":209,"url":"https:\/\/tiketi.com\/wp-content\/uploads\/2022\/01\/boat-2117944_1200-1.jpg","type":"image\/jpeg"}],"twitter_card":"summary_large_image","twitter_misc":{"Dur\u00e9e de lecture estim\u00e9e":"3 minutes"},"schema":{"@context":"https:\/\/schema.org","@graph":[{"@type":"WebPage","@id":"https:\/\/tiketi.com\/boat-hire-mauritius\/","url":"https:\/\/tiketi.com\/boat-hire-mauritius\/","name":"Location de bateaux \u00e0 l&#039;\u00eele Maurice - Meilleure location de bateaux charter","isPartOf":{"@id":"https:\/\/tiketi.com\/#website"},"primaryImageOfPage":{"@id":"https:\/\/tiketi.com\/boat-hire-mauritius\/#primaryimage"},"image":{"@id":"https:\/\/tiketi.com\/boat-hire-mauritius\/#primaryimage"},"thumbnailUrl":"https:\/\/tiketi.com\/wp-content\/uploads\/2022\/01\/boat-2117944_1200-1.jpg","datePublished":"2022-01-19T11:53:54+00:00","dateModified":"2022-01-25T16:10:17+00:00","description":"Vous recherchez une location de bateau pas ch\u00e8re \u00e0 l&#039;Ile Maurice ? Recherchez, comparez et faites une location de bateau pas cher \u00e0 Maurice en ligne et gagnez du temps et de l&#039;argent","breadcrumb":{"@id":"https:\/\/tiketi.com\/boat-hire-mauritius\/#breadcrumb"},"inLanguage":"fr-FR","potentialAction":[{"@type":"ReadAction","target":["https:\/\/tiketi.com\/boat-hire-mauritius\/"]}]},{"@type":"ImageObject","inLanguage":"fr-FR","@id":"https:\/\/tiketi.com\/boat-hire-mauritius\/#primaryimage","url":"https:\/\/tiketi.com\/wp-content\/uploads\/2022\/01\/boat-2117944_1200-1.jpg","contentUrl":"https:\/\/tiketi.com\/wp-content\/uploads\/2022\/01\/boat-2117944_1200-1.jpg","width":1200,"height":209,"caption":"Boat Hire"},{"@type":"BreadcrumbList","@id":"https:\/\/tiketi.com\/boat-hire-mauritius\/#breadcrumb","itemListElement":[{"@type":"ListItem","position":1,"name":"Home","item":"https:\/\/tiketi.com\/"},{"@type":"ListItem","position":2,"name":"Boat Hire in Mauritius &#8211; Best Charter Boat Rental"}]},{"@type":"WebSite","@id":"https:\/\/tiketi.com\/#website","url":"https:\/\/tiketi.com\/","name":"Billets d&#039;avion et de bus, forfaits touristiques et activit\u00e9s - Tiketi.com","description":"Billets d&#039;avion et de bus, Tours, Activit\u00e9s","publisher":{"@id":"https:\/\/tiketi.com\/#organization"},"potentialAction":[{"@type":"SearchAction","target":{"@type":"EntryPoint","urlTemplate":"https:\/\/tiketi.com\/?s={search_term_string}"},"query-input":{"@type":"PropertyValueSpecification","valueRequired":true,"valueName":"search_term_string"}}],"inLanguage":"fr-FR"},{"@type":"Organization","@id":"https:\/\/tiketi.com\/#organization","name":"Tiketi.com","alternateName":"Tiketi","url":"https:\/\/tiketi.com\/","logo":{"@type":"ImageObject","inLanguage":"fr-FR","@id":"https:\/\/tiketi.com\/#\/schema\/logo\/image\/","url":"https:\/\/tiketi.com\/wp-content\/uploads\/2019\/05\/tiketi-logo-696.png","contentUrl":"https:\/\/tiketi.com\/wp-content\/uploads\/2019\/05\/tiketi-logo-696.png","width":696,"height":696,"caption":"Tiketi.com"},"image":{"@id":"https:\/\/tiketi.com\/#\/schema\/logo\/image\/"},"sameAs":["https:\/\/www.facebook.com\/TiketiCom\/"]}]}},"_links":{"self":[{"href":"https:\/\/tiketi.com\/fr-fr\/wp-json\/wp\/v2\/pages\/10851","targetHints":{"allow":["GET"]}}],"collection":[{"href":"https:\/\/tiketi.com\/fr-fr\/wp-json\/wp\/v2\/pages"}],"about":[{"href":"https:\/\/tiketi.com\/fr-fr\/wp-json\/wp\/v2\/types\/page"}],"author":[{"embeddable":true,"href":"https:\/\/tiketi.com\/fr-fr\/wp-json\/wp\/v2\/users\/1"}],"replies":[{"embeddable":true,"href":"https:\/\/tiketi.com\/fr-fr\/wp-json\/wp\/v2\/comments?post=10851"}],"version-history":[{"count":0,"href":"https:\/\/tiketi.com\/fr-fr\/wp-json\/wp\/v2\/pages\/10851\/revisions"}],"wp:featuredmedia":[{"embeddable":true,"href":"https:\/\/tiketi.com\/fr-fr\/wp-json\/wp\/v2\/media\/14513"}],"wp:attachment":[{"href":"https:\/\/tiketi.com\/fr-fr\/wp-json\/wp\/v2\/media?parent=10851"}],"curies":[{"name":"wp","href":"https:\/\/api.w.org\/{rel}","templated":true}]}}