{"id":10852,"date":"2022-01-19T12:53:54","date_gmt":"2022-01-19T11:53:54","guid":{"rendered":"https:\/\/new.tiketi.com\/boat-hire-seychelles-best-charter-boat-rental\/"},"modified":"2022-01-25T17:32:03","modified_gmt":"2022-01-25T16:32:03","slug":"boat-hire-seychelles","status":"publish","type":"page","link":"https:\/\/tiketi.com\/fr-fr\/boat-hire-seychelles\/","title":{"rendered":"Location de bateaux aux Seychelles - Meilleure location de bateaux charter"},"content":{"rendered":"<h2>Location de bateau pas cher aux Seychelles<\/h2>\n<h3><strong>&gt;&gt;<\/strong> Faites de la location pas cher aux Seychelles en ligne et gagnez du temps et de l&#039;argent<\/h3>\n<p>La location de bateau pas cher aux Seychelles en toute simplicit\u00e9. Les Seychelles sont un groupe d&#039;\u00eeles et un pays de l&#039;oc\u00e9an Indien occidental, situ\u00e9 \u00e0 environ 1 600 km de la c\u00f4te africaine, au nord-est de Madagascar. Ils sont bord\u00e9s par l&#039;Ile Maurice et la R\u00e9union au sud, les Maldives et les Comores au sud-ouest. Il suffit d&#039;\u00e9couter les noms des \u00eeles voisines pour vous faire r\u00eaver de plages charmantes, de baies turquoise, de palmiers et vous imaginer en train de naviguer en location aux Seychelles. La location de bateau aux Seychelles aupr\u00e8s d&#039;un propri\u00e9taire priv\u00e9 est une meilleure id\u00e9e, elle offre la possibilit\u00e9 de d\u00e9finir les termes d&#039;une location et d&#039;obtenir des d\u00e9tails pr\u00e9cieux des habitants pour savoir o\u00f9 se trouvent les meilleures zones \u00e0 visiter. Faites de la location de yacht pas cher aux Seychelles en ligne et gagnez du temps et de l&#039;argent.<\/p>\n<p>La meilleure p\u00e9riode de l&#039;ann\u00e9e pour louer des bateaux aux Seychelles est de mai \u00e0 octobre, o\u00f9 les aliz\u00e9s stables soufflent \u00e0 10-20 n\u0153uds, vous permettant de mouiller paisiblement dans ses eaux transparentes.<\/p>\n<h2>Comment louer un bateau aux Seychelles<\/h2>\n<h3>Combien co\u00fbte la location d&#039;un bateau priv\u00e9 aux Seychelles ?<\/h3>\n<p>Lorsqu&#039;il s&#039;agit de louer un bateau aux Seychelles, il existe une large gamme de bateaux accessibles dans diff\u00e9rentes gammes de prix. Si vous pr\u00e9voyez un yacht aux Seychelles, comptez environ 300 \u20ac\/jour pour un voilier et 500 \u20ac\/jour pour un catamaran. Le grand choix vous permettra de trouver le bateau le plus parfait pour vos besoins soit pour une journ\u00e9e ou une semaine compl\u00e8te. Si vous louez une location de vitesse aux Seychelles, gardez \u00e0 l&#039;esprit qu&#039;il existe une possibilit\u00e9 de louer avec de nombreuses entreprises, afin que vous puissiez profiter de vacances sans souci au milieu de l&#039;oc\u00e9an, sans h\u00e9siter \u00e0 conduire un bateau.<\/p>\n<h3>Ai-je besoin d&#039;une licence pour louer un yacht aux Seychelles ?<\/h3>\n<p>Pour louer un bateau aux Seychelles, vous aurez besoin d&#039;un permis valide et d&#039;un SRC. En plus de cela, vous devrez pr\u00e9senter un CV nautique d\u00e9taillant votre exp\u00e9rience de navigation pr\u00e9c\u00e9dente concernant les eaux que vous avez navigu\u00e9es et les types de bateaux que vous avez command\u00e9s.<\/p>\n<h3>Vents stables et eaux cristallines<\/h3>\n<p>Si vous envisagez de voyager aux Seychelles, la location de bateaux de f\u00eate aux Seychelles est la meilleure solution pour naviguer autour des magnifiques \u00eelots et \u00eeles, avec les nouvelles installations et de nombreux restaurants et m\u00eame des casinos, en raison de l&#039;afflux de visiteurs. Toutes les eaux sont populaires pour la meilleure p\u00eache dans la r\u00e9gion, vous devez r\u00e9server une location de bateau de p\u00eache aux Seychelles, et vous n&#039;aurez que l&#039;embarras du choix avec les plages o\u00f9 vous souhaitez rester. Au fond, si vous vous dirigez vers les \u00eeles granitiques, vous verrez des oiseaux et des tortues g\u00e9antes, un spectacle \u00e0 voir.<\/p>","protected":false},"excerpt":{"rendered":"<p>Cheap Boat Hire in Seychelles &gt;&gt; Do cheap rental in Seychelles online and save time and money Cheap boat rental in Seychelles made easy. The Seychelles are a group of islands and a Western Indian ocean country, placed about 1,600 km from the coast of Africa, northeast of Madagascar. They are bordered by Mauritius and [&hellip;]<\/p>\n","protected":false},"author":1,"featured_media":14513,"parent":0,"menu_order":0,"comment_status":"open","ping_status":"closed","template":"template-home-modern.php","meta":{"footnotes":""},"class_list":["post-10852","page","type-page","status-publish","has-post-thumbnail","hentry"],"yoast_head":"<!-- This site is optimized with the Yoast SEO plugin v27.2 - https:\/\/yoast.com\/product\/yoast-seo-wordpress\/ -->\n<title>Boat Rental in Seychelles - Best Charter Boat Hire<\/title>\n<meta name=\"description\" content=\"Looking for cheap boat hire Seychelles? Search, compare and do cheap boat rental in Seychelles online and save time and money\" \/>\n<meta name=\"robots\" content=\"index, follow, max-snippet:-1, max-image-preview:large, max-video-preview:-1\" \/>\n<link rel=\"canonical\" href=\"https:\/\/tiketi.com\/fr-fr\/boat-hire-seychelles\/\" \/>\n<meta property=\"og:locale\" content=\"fr_FR\" \/>\n<meta property=\"og:type\" content=\"article\" \/>\n<meta property=\"og:title\" content=\"Boat Rental in Seychelles - Best Charter Boat Hire\" \/>\n<meta property=\"og:description\" content=\"Looking for cheap boat hire Seychelles? Search, compare and do cheap boat rental in Seychelles online and save time and money\" \/>\n<meta property=\"og:url\" content=\"https:\/\/tiketi.com\/fr-fr\/boat-hire-seychelles\/\" \/>\n<meta property=\"og:site_name\" content=\"Tiketi.com\" \/>\n<meta property=\"article:publisher\" content=\"https:\/\/www.facebook.com\/TiketiCom\/\" \/>\n<meta property=\"article:modified_time\" content=\"2022-01-25T16:32:03+00:00\" \/>\n<meta property=\"og:image\" content=\"https:\/\/tiketi.com\/wp-content\/uploads\/2022\/01\/boat-2117944_1200-1.jpg\" \/>\n\t<meta property=\"og:image:width\" content=\"1200\" \/>\n\t<meta property=\"og:image:height\" content=\"209\" \/>\n\t<meta property=\"og:image:type\" content=\"image\/jpeg\" \/>\n<meta name=\"twitter:card\" content=\"summary_large_image\" \/>\n<meta name=\"twitter:label1\" content=\"Dur\u00e9e de lecture estim\u00e9e\" \/>\n\t<meta name=\"twitter:data1\" content=\"2 minutes\" \/>\n<script type=\"application\/ld+json\" class=\"yoast-schema-graph\">{\"@context\":\"https:\/\/schema.org\",\"@graph\":[{\"@type\":\"WebPage\",\"@id\":\"https:\/\/tiketi.com\/boat-hire-seychelles\/\",\"url\":\"https:\/\/tiketi.com\/boat-hire-seychelles\/\",\"name\":\"Boat Rental in Seychelles - Best Charter Boat Hire\",\"isPartOf\":{\"@id\":\"https:\/\/tiketi.com\/#website\"},\"primaryImageOfPage\":{\"@id\":\"https:\/\/tiketi.com\/boat-hire-seychelles\/#primaryimage\"},\"image\":{\"@id\":\"https:\/\/tiketi.com\/boat-hire-seychelles\/#primaryimage\"},\"thumbnailUrl\":\"https:\/\/tiketi.com\/wp-content\/uploads\/2022\/01\/boat-2117944_1200-1.jpg\",\"datePublished\":\"2022-01-19T11:53:54+00:00\",\"dateModified\":\"2022-01-25T16:32:03+00:00\",\"description\":\"Looking for cheap boat hire Seychelles? Search, compare and do cheap boat rental in Seychelles online and save time and money\",\"breadcrumb\":{\"@id\":\"https:\/\/tiketi.com\/boat-hire-seychelles\/#breadcrumb\"},\"inLanguage\":\"fr-FR\",\"potentialAction\":[{\"@type\":\"ReadAction\",\"target\":[\"https:\/\/tiketi.com\/boat-hire-seychelles\/\"]}]},{\"@type\":\"ImageObject\",\"inLanguage\":\"fr-FR\",\"@id\":\"https:\/\/tiketi.com\/boat-hire-seychelles\/#primaryimage\",\"url\":\"https:\/\/tiketi.com\/wp-content\/uploads\/2022\/01\/boat-2117944_1200-1.jpg\",\"contentUrl\":\"https:\/\/tiketi.com\/wp-content\/uploads\/2022\/01\/boat-2117944_1200-1.jpg\",\"width\":1200,\"height\":209,\"caption\":\"Boat Hire\"},{\"@type\":\"BreadcrumbList\",\"@id\":\"https:\/\/tiketi.com\/boat-hire-seychelles\/#breadcrumb\",\"itemListElement\":[{\"@type\":\"ListItem\",\"position\":1,\"name\":\"Home\",\"item\":\"https:\/\/tiketi.com\/\"},{\"@type\":\"ListItem\",\"position\":2,\"name\":\"Boat Rental in Seychelles &#8211; Best Charter Boat Rental\"}]},{\"@type\":\"WebSite\",\"@id\":\"https:\/\/tiketi.com\/#website\",\"url\":\"https:\/\/tiketi.com\/\",\"name\":\"Flight & Bus Tickets, Tour Packages & Activitites - Tiketi.com\",\"description\":\"Flight &amp; Bus Tickets, Tours, Activitites\",\"publisher\":{\"@id\":\"https:\/\/tiketi.com\/#organization\"},\"potentialAction\":[{\"@type\":\"SearchAction\",\"target\":{\"@type\":\"EntryPoint\",\"urlTemplate\":\"https:\/\/tiketi.com\/?s={search_term_string}\"},\"query-input\":{\"@type\":\"PropertyValueSpecification\",\"valueRequired\":true,\"valueName\":\"search_term_string\"}}],\"inLanguage\":\"fr-FR\"},{\"@type\":\"Organization\",\"@id\":\"https:\/\/tiketi.com\/#organization\",\"name\":\"Tiketi.com\",\"alternateName\":\"Tiketi\",\"url\":\"https:\/\/tiketi.com\/\",\"logo\":{\"@type\":\"ImageObject\",\"inLanguage\":\"fr-FR\",\"@id\":\"https:\/\/tiketi.com\/#\/schema\/logo\/image\/\",\"url\":\"https:\/\/tiketi.com\/wp-content\/uploads\/2019\/05\/tiketi-logo-696.png\",\"contentUrl\":\"https:\/\/tiketi.com\/wp-content\/uploads\/2019\/05\/tiketi-logo-696.png\",\"width\":696,\"height\":696,\"caption\":\"Tiketi.com\"},\"image\":{\"@id\":\"https:\/\/tiketi.com\/#\/schema\/logo\/image\/\"},\"sameAs\":[\"https:\/\/www.facebook.com\/TiketiCom\/\"]}]}<\/script>\n<!-- \/ Yoast SEO plugin. -->","yoast_head_json":{"title":"Location de bateaux aux Seychelles - Meilleure location de bateaux charter","description":"Vous recherchez une location de bateau pas ch\u00e8re aux Seychelles ? Recherchez, comparez et faites une location de bateau pas cher aux Seychelles en ligne et gagnez du temps et de l&#039;argent","robots":{"index":"index","follow":"follow","max-snippet":"max-snippet:-1","max-image-preview":"max-image-preview:large","max-video-preview":"max-video-preview:-1"},"canonical":"https:\/\/tiketi.com\/fr-fr\/boat-hire-seychelles\/","og_locale":"fr_FR","og_type":"article","og_title":"Boat Rental in Seychelles - Best Charter Boat Hire","og_description":"Looking for cheap boat hire Seychelles? Search, compare and do cheap boat rental in Seychelles online and save time and money","og_url":"https:\/\/tiketi.com\/fr-fr\/boat-hire-seychelles\/","og_site_name":"Tiketi.com","article_publisher":"https:\/\/www.facebook.com\/TiketiCom\/","article_modified_time":"2022-01-25T16:32:03+00:00","og_image":[{"width":1200,"height":209,"url":"https:\/\/tiketi.com\/wp-content\/uploads\/2022\/01\/boat-2117944_1200-1.jpg","type":"image\/jpeg"}],"twitter_card":"summary_large_image","twitter_misc":{"Dur\u00e9e de lecture estim\u00e9e":"2 minutes"},"schema":{"@context":"https:\/\/schema.org","@graph":[{"@type":"WebPage","@id":"https:\/\/tiketi.com\/boat-hire-seychelles\/","url":"https:\/\/tiketi.com\/boat-hire-seychelles\/","name":"Location de bateaux aux Seychelles - Meilleure location de bateaux charter","isPartOf":{"@id":"https:\/\/tiketi.com\/#website"},"primaryImageOfPage":{"@id":"https:\/\/tiketi.com\/boat-hire-seychelles\/#primaryimage"},"image":{"@id":"https:\/\/tiketi.com\/boat-hire-seychelles\/#primaryimage"},"thumbnailUrl":"https:\/\/tiketi.com\/wp-content\/uploads\/2022\/01\/boat-2117944_1200-1.jpg","datePublished":"2022-01-19T11:53:54+00:00","dateModified":"2022-01-25T16:32:03+00:00","description":"Vous recherchez une location de bateau pas ch\u00e8re aux Seychelles ? Recherchez, comparez et faites une location de bateau pas cher aux Seychelles en ligne et gagnez du temps et de l&#039;argent","breadcrumb":{"@id":"https:\/\/tiketi.com\/boat-hire-seychelles\/#breadcrumb"},"inLanguage":"fr-FR","potentialAction":[{"@type":"ReadAction","target":["https:\/\/tiketi.com\/boat-hire-seychelles\/"]}]},{"@type":"ImageObject","inLanguage":"fr-FR","@id":"https:\/\/tiketi.com\/boat-hire-seychelles\/#primaryimage","url":"https:\/\/tiketi.com\/wp-content\/uploads\/2022\/01\/boat-2117944_1200-1.jpg","contentUrl":"https:\/\/tiketi.com\/wp-content\/uploads\/2022\/01\/boat-2117944_1200-1.jpg","width":1200,"height":209,"caption":"Boat Hire"},{"@type":"BreadcrumbList","@id":"https:\/\/tiketi.com\/boat-hire-seychelles\/#breadcrumb","itemListElement":[{"@type":"ListItem","position":1,"name":"Home","item":"https:\/\/tiketi.com\/"},{"@type":"ListItem","position":2,"name":"Boat Rental in Seychelles &#8211; Best Charter Boat Rental"}]},{"@type":"WebSite","@id":"https:\/\/tiketi.com\/#website","url":"https:\/\/tiketi.com\/","name":"Billets d&#039;avion et de bus, forfaits touristiques et activit\u00e9s - Tiketi.com","description":"Billets d&#039;avion et de bus, Tours, Activit\u00e9s","publisher":{"@id":"https:\/\/tiketi.com\/#organization"},"potentialAction":[{"@type":"SearchAction","target":{"@type":"EntryPoint","urlTemplate":"https:\/\/tiketi.com\/?s={search_term_string}"},"query-input":{"@type":"PropertyValueSpecification","valueRequired":true,"valueName":"search_term_string"}}],"inLanguage":"fr-FR"},{"@type":"Organization","@id":"https:\/\/tiketi.com\/#organization","name":"Tiketi.com","alternateName":"Tiketi","url":"https:\/\/tiketi.com\/","logo":{"@type":"ImageObject","inLanguage":"fr-FR","@id":"https:\/\/tiketi.com\/#\/schema\/logo\/image\/","url":"https:\/\/tiketi.com\/wp-content\/uploads\/2019\/05\/tiketi-logo-696.png","contentUrl":"https:\/\/tiketi.com\/wp-content\/uploads\/2019\/05\/tiketi-logo-696.png","width":696,"height":696,"caption":"Tiketi.com"},"image":{"@id":"https:\/\/tiketi.com\/#\/schema\/logo\/image\/"},"sameAs":["https:\/\/www.facebook.com\/TiketiCom\/"]}]}},"_links":{"self":[{"href":"https:\/\/tiketi.com\/fr-fr\/wp-json\/wp\/v2\/pages\/10852","targetHints":{"allow":["GET"]}}],"collection":[{"href":"https:\/\/tiketi.com\/fr-fr\/wp-json\/wp\/v2\/pages"}],"about":[{"href":"https:\/\/tiketi.com\/fr-fr\/wp-json\/wp\/v2\/types\/page"}],"author":[{"embeddable":true,"href":"https:\/\/tiketi.com\/fr-fr\/wp-json\/wp\/v2\/users\/1"}],"replies":[{"embeddable":true,"href":"https:\/\/tiketi.com\/fr-fr\/wp-json\/wp\/v2\/comments?post=10852"}],"version-history":[{"count":0,"href":"https:\/\/tiketi.com\/fr-fr\/wp-json\/wp\/v2\/pages\/10852\/revisions"}],"wp:featuredmedia":[{"embeddable":true,"href":"https:\/\/tiketi.com\/fr-fr\/wp-json\/wp\/v2\/media\/14513"}],"wp:attachment":[{"href":"https:\/\/tiketi.com\/fr-fr\/wp-json\/wp\/v2\/media?parent=10852"}],"curies":[{"name":"wp","href":"https:\/\/api.w.org\/{rel}","templated":true}]}}