{"id":10854,"date":"2022-01-19T12:53:54","date_gmt":"2022-01-19T11:53:54","guid":{"rendered":"https:\/\/new.tiketi.com\/boat-hire-in-south-africa-online-boat-rental\/"},"modified":"2022-01-25T17:07:09","modified_gmt":"2022-01-25T16:07:09","slug":"boat-hire-in-south-africa","status":"publish","type":"page","link":"https:\/\/tiketi.com\/fr-fr\/boat-hire-in-south-africa\/","title":{"rendered":"Location de bateaux en Afrique du Sud - Location de bateaux en ligne"},"content":{"rendered":"<h2>Meilleure location de bateau en Afrique du Sud<\/h2>\n<h3>Recherchez, comparez et faites des locations de bateaux \u00e0 bas prix en Afrique du Sud en ligne et gagnez du temps et de l&#039;argent.<\/h3>\n<p>Louer un bateau pas cher en Afrique du Sud en toute simplicit\u00e9. L&#039;Afrique du Sud est l&#039;endroit id\u00e9al pour louer un bateau. Louez un bateau en Afrique du Sud ou louez un bateau avec ou sans capitaine. Du bateau \u00e0 moteur au voilier en passant par le ponton ou encore le yacht, vous trouverez votre bonheur. Sortez sur l&#039;eau et admirez le charmant paysage tout en passant du temps avec votre famille et vos amis. Que vous f\u00eatiez une occasion unique ou planifiez des vacances en famille, la location de bateau en Afrique du Sud est la meilleure d\u00e9cision. Faites une location de bateau \u00e0 bas prix en Afrique du Sud en ligne et \u00e9conomisez du temps et de l&#039;argent.<\/p>\n<h2>FAQ sur la location de bateaux en Afrique du Sud<\/h2>\n<h3>Location de yacht priv\u00e9 en Afrique du Sud<\/h3>\n<p>Il y a 3 ports naturels au Cap. Ceux-ci sont plac\u00e9s sur la route de Cape Point. D&#039;innombrables bateaux partent vers de nombreux endroits depuis Hout Bay, Simon Town et Kalk Bay. Le Cap offre un large \u00e9ventail d&#039;opportunit\u00e9s pour explorer votre passion pour la location de yachts priv\u00e9s en Afrique du Sud. Des choix les plus relaxants aux alternatives les plus aventureuses, la ville a tout pour plaire. Si vous \u00eates ici pour un voyage de luxe, assurez-vous de visiter le Cape Point. Prenez l&#039;un des bateaux de location en Afrique du Sud depuis le port de Hour Bay. Celles-ci vous m\u00e8neront \u00e0 l&#039;\u00eele Duiker o\u00f9 vous pourrez attraper des otaries \u00e0 fourrure du Cap de pr\u00e8s. Vous pouvez \u00e9galement louer un bateau rapide en Afrique du Sud depuis Simons Town pour observer les phoques, les baleines, les dauphins et les requins.<\/p>\n<h3>Excursions en bateau en Afrique du Sud<\/h3>\n<p>Une excursion en location de bateau en Afrique du Sud vers l&#039;\u00eele Seal situ\u00e9e \u00e0 seulement dix milles de Simons Town est la meilleure fa\u00e7on de passer quelques heures. Plus de 75 000 phoques y vivent, donnant \u00e0 l&#039;\u00eele sa nature. La fr\u00e9quentation des phoques fait de l&#039;\u00eele un lieu d&#039;alimentation r\u00e9put\u00e9 pour le grand requin blanc. Pour plus de plaisir et d&#039;aventure dans l&#039;eau avec la location de yacht priv\u00e9 en Afrique du Sud, essayez la plong\u00e9e en apn\u00e9e.<\/p>\n<p>L&#039;un des voyages c\u00e9l\u00e8bres au Cap consiste \u00e0 visiter l&#039;\u00eele de Robben. Robben Island est un lieu class\u00e9 au patrimoine mondial de l&#039;UNESCO et prend environ trente minutes \u00e0 une heure en bateau. En tant que capitaine, sur les horaires et les visites sp\u00e9cifiques lorsque vous souhaitez visiter l&#039;\u00eele de Robben, car ils auront les informations les plus r\u00e9centes pour vous.<\/p>\n<h3>Incroyable location de bateau en m\u00e9tropole baln\u00e9aire Afrique du Sud<\/h3>\n<p>Si la sophistication est souhait\u00e9e, Cape Town a tout pour plaire. Cette \u00e9tonnante m\u00e9tropole baln\u00e9aire est l&#039;une des plus cosmopolites de la plan\u00e8te. Des restaurants de classe mondiale, des boutiques de luxe et des centres de vill\u00e9giature abondent ici parmi de belles plages et un paysage magnifique. Plongez dans la culture embl\u00e9matique du Cap en visitant l&#039;une des cent galeries d&#039;art diverses ou en vous joignant \u00e0 un cercle de tambours africains traditionnels. Pendant votre location de hors-bord en Afrique du Sud, profitez du soleil sur la plage de Gordon Bay Bikini tandis que la majest\u00e9 de Tabletop Mountain se profile \u00e0 l&#039;arri\u00e8re-plan.<\/p>","protected":false},"excerpt":{"rendered":"<p>Best Boat Rental South Africa Search, compare and do cheap boat rentals South Africa online and save time and money. Cheap boat hire in South Africa made easy. South Africa is the excellent place to rent a boat. Yacht charter South Africa or rent a boat with or without captain. From a motor boat to [&hellip;]<\/p>\n","protected":false},"author":1,"featured_media":14513,"parent":0,"menu_order":0,"comment_status":"open","ping_status":"closed","template":"template-home-modern.php","meta":{"footnotes":""},"class_list":["post-10854","page","type-page","status-publish","has-post-thumbnail","hentry"],"yoast_head":"<!-- This site is optimized with the Yoast SEO plugin v27.3 - https:\/\/yoast.com\/product\/yoast-seo-wordpress\/ -->\n<title>Boat Hire in South Africa - Online Boat Rental<\/title>\n<meta name=\"description\" content=\"Looking for cheap boat hire in South Africa? Do cheap boat rental South Africa online and save time and money\" \/>\n<meta name=\"robots\" content=\"index, follow, max-snippet:-1, max-image-preview:large, max-video-preview:-1\" \/>\n<link rel=\"canonical\" href=\"https:\/\/tiketi.com\/fr-fr\/boat-hire-in-south-africa\/\" \/>\n<meta property=\"og:locale\" content=\"fr_FR\" \/>\n<meta property=\"og:type\" content=\"article\" \/>\n<meta property=\"og:title\" content=\"Boat Hire in South Africa - Online Boat Rental\" \/>\n<meta property=\"og:description\" content=\"Looking for cheap boat hire in South Africa? Do cheap boat rental South Africa online and save time and money\" \/>\n<meta property=\"og:url\" content=\"https:\/\/tiketi.com\/fr-fr\/boat-hire-in-south-africa\/\" \/>\n<meta property=\"og:site_name\" content=\"Tiketi.com\" \/>\n<meta property=\"article:publisher\" content=\"https:\/\/www.facebook.com\/TiketiCom\/\" \/>\n<meta property=\"article:modified_time\" content=\"2022-01-25T16:07:09+00:00\" \/>\n<meta property=\"og:image\" content=\"https:\/\/tiketi.com\/wp-content\/uploads\/2022\/01\/boat-2117944_1200-1.jpg\" \/>\n\t<meta property=\"og:image:width\" content=\"1200\" \/>\n\t<meta property=\"og:image:height\" content=\"209\" \/>\n\t<meta property=\"og:image:type\" content=\"image\/jpeg\" \/>\n<meta name=\"twitter:card\" content=\"summary_large_image\" \/>\n<meta name=\"twitter:label1\" content=\"Dur\u00e9e de lecture estim\u00e9e\" \/>\n\t<meta name=\"twitter:data1\" content=\"3 minutes\" \/>\n<script type=\"application\/ld+json\" class=\"yoast-schema-graph\">{\"@context\":\"https:\\\/\\\/schema.org\",\"@graph\":[{\"@type\":\"WebPage\",\"@id\":\"https:\\\/\\\/tiketi.com\\\/boat-hire-in-south-africa\\\/\",\"url\":\"https:\\\/\\\/tiketi.com\\\/boat-hire-in-south-africa\\\/\",\"name\":\"Boat Hire in South Africa - Online Boat Rental\",\"isPartOf\":{\"@id\":\"https:\\\/\\\/tiketi.com\\\/#website\"},\"primaryImageOfPage\":{\"@id\":\"https:\\\/\\\/tiketi.com\\\/boat-hire-in-south-africa\\\/#primaryimage\"},\"image\":{\"@id\":\"https:\\\/\\\/tiketi.com\\\/boat-hire-in-south-africa\\\/#primaryimage\"},\"thumbnailUrl\":\"https:\\\/\\\/tiketi.com\\\/wp-content\\\/uploads\\\/2022\\\/01\\\/boat-2117944_1200-1.jpg\",\"datePublished\":\"2022-01-19T11:53:54+00:00\",\"dateModified\":\"2022-01-25T16:07:09+00:00\",\"description\":\"Looking for cheap boat hire in South Africa? Do cheap boat rental South Africa online and save time and money\",\"breadcrumb\":{\"@id\":\"https:\\\/\\\/tiketi.com\\\/boat-hire-in-south-africa\\\/#breadcrumb\"},\"inLanguage\":\"fr-FR\",\"potentialAction\":[{\"@type\":\"ReadAction\",\"target\":[\"https:\\\/\\\/tiketi.com\\\/boat-hire-in-south-africa\\\/\"]}]},{\"@type\":\"ImageObject\",\"inLanguage\":\"fr-FR\",\"@id\":\"https:\\\/\\\/tiketi.com\\\/boat-hire-in-south-africa\\\/#primaryimage\",\"url\":\"https:\\\/\\\/tiketi.com\\\/wp-content\\\/uploads\\\/2022\\\/01\\\/boat-2117944_1200-1.jpg\",\"contentUrl\":\"https:\\\/\\\/tiketi.com\\\/wp-content\\\/uploads\\\/2022\\\/01\\\/boat-2117944_1200-1.jpg\",\"width\":1200,\"height\":209,\"caption\":\"Boat Hire\"},{\"@type\":\"BreadcrumbList\",\"@id\":\"https:\\\/\\\/tiketi.com\\\/boat-hire-in-south-africa\\\/#breadcrumb\",\"itemListElement\":[{\"@type\":\"ListItem\",\"position\":1,\"name\":\"Home\",\"item\":\"https:\\\/\\\/tiketi.com\\\/\"},{\"@type\":\"ListItem\",\"position\":2,\"name\":\"Boat Hire in South Africa &#8211; Online Boat Rental\"}]},{\"@type\":\"WebSite\",\"@id\":\"https:\\\/\\\/tiketi.com\\\/#website\",\"url\":\"https:\\\/\\\/tiketi.com\\\/\",\"name\":\"Flight & Bus Tickets, Tour Packages & Activitites - Tiketi.com\",\"description\":\"Flight &amp; Bus Tickets, Tours, Activitites\",\"publisher\":{\"@id\":\"https:\\\/\\\/tiketi.com\\\/#organization\"},\"potentialAction\":[{\"@type\":\"SearchAction\",\"target\":{\"@type\":\"EntryPoint\",\"urlTemplate\":\"https:\\\/\\\/tiketi.com\\\/?s={search_term_string}\"},\"query-input\":{\"@type\":\"PropertyValueSpecification\",\"valueRequired\":true,\"valueName\":\"search_term_string\"}}],\"inLanguage\":\"fr-FR\"},{\"@type\":\"Organization\",\"@id\":\"https:\\\/\\\/tiketi.com\\\/#organization\",\"name\":\"Tiketi.com\",\"alternateName\":\"Tiketi\",\"url\":\"https:\\\/\\\/tiketi.com\\\/\",\"logo\":{\"@type\":\"ImageObject\",\"inLanguage\":\"fr-FR\",\"@id\":\"https:\\\/\\\/tiketi.com\\\/#\\\/schema\\\/logo\\\/image\\\/\",\"url\":\"https:\\\/\\\/tiketi.com\\\/wp-content\\\/uploads\\\/2019\\\/05\\\/tiketi-logo-696.png\",\"contentUrl\":\"https:\\\/\\\/tiketi.com\\\/wp-content\\\/uploads\\\/2019\\\/05\\\/tiketi-logo-696.png\",\"width\":696,\"height\":696,\"caption\":\"Tiketi.com\"},\"image\":{\"@id\":\"https:\\\/\\\/tiketi.com\\\/#\\\/schema\\\/logo\\\/image\\\/\"},\"sameAs\":[\"https:\\\/\\\/www.facebook.com\\\/TiketiCom\\\/\"]}]}<\/script>\n<!-- \/ Yoast SEO plugin. -->","yoast_head_json":{"title":"Location de bateaux en Afrique du Sud - Location de bateaux en ligne","description":"Vous recherchez une location de bateau pas ch\u00e8re en Afrique du Sud ? Faites une location de bateau pas ch\u00e8re en Afrique du Sud en ligne et gagnez du temps et de l&#039;argent","robots":{"index":"index","follow":"follow","max-snippet":"max-snippet:-1","max-image-preview":"max-image-preview:large","max-video-preview":"max-video-preview:-1"},"canonical":"https:\/\/tiketi.com\/fr-fr\/boat-hire-in-south-africa\/","og_locale":"fr_FR","og_type":"article","og_title":"Boat Hire in South Africa - Online Boat Rental","og_description":"Looking for cheap boat hire in South Africa? Do cheap boat rental South Africa online and save time and money","og_url":"https:\/\/tiketi.com\/fr-fr\/boat-hire-in-south-africa\/","og_site_name":"Tiketi.com","article_publisher":"https:\/\/www.facebook.com\/TiketiCom\/","article_modified_time":"2022-01-25T16:07:09+00:00","og_image":[{"width":1200,"height":209,"url":"https:\/\/tiketi.com\/wp-content\/uploads\/2022\/01\/boat-2117944_1200-1.jpg","type":"image\/jpeg"}],"twitter_card":"summary_large_image","twitter_misc":{"Dur\u00e9e de lecture estim\u00e9e":"3 minutes"},"schema":{"@context":"https:\/\/schema.org","@graph":[{"@type":"WebPage","@id":"https:\/\/tiketi.com\/boat-hire-in-south-africa\/","url":"https:\/\/tiketi.com\/boat-hire-in-south-africa\/","name":"Location de bateaux en Afrique du Sud - Location de bateaux en ligne","isPartOf":{"@id":"https:\/\/tiketi.com\/#website"},"primaryImageOfPage":{"@id":"https:\/\/tiketi.com\/boat-hire-in-south-africa\/#primaryimage"},"image":{"@id":"https:\/\/tiketi.com\/boat-hire-in-south-africa\/#primaryimage"},"thumbnailUrl":"https:\/\/tiketi.com\/wp-content\/uploads\/2022\/01\/boat-2117944_1200-1.jpg","datePublished":"2022-01-19T11:53:54+00:00","dateModified":"2022-01-25T16:07:09+00:00","description":"Vous recherchez une location de bateau pas ch\u00e8re en Afrique du Sud ? Faites une location de bateau pas ch\u00e8re en Afrique du Sud en ligne et gagnez du temps et de l&#039;argent","breadcrumb":{"@id":"https:\/\/tiketi.com\/boat-hire-in-south-africa\/#breadcrumb"},"inLanguage":"fr-FR","potentialAction":[{"@type":"ReadAction","target":["https:\/\/tiketi.com\/boat-hire-in-south-africa\/"]}]},{"@type":"ImageObject","inLanguage":"fr-FR","@id":"https:\/\/tiketi.com\/boat-hire-in-south-africa\/#primaryimage","url":"https:\/\/tiketi.com\/wp-content\/uploads\/2022\/01\/boat-2117944_1200-1.jpg","contentUrl":"https:\/\/tiketi.com\/wp-content\/uploads\/2022\/01\/boat-2117944_1200-1.jpg","width":1200,"height":209,"caption":"Boat Hire"},{"@type":"BreadcrumbList","@id":"https:\/\/tiketi.com\/boat-hire-in-south-africa\/#breadcrumb","itemListElement":[{"@type":"ListItem","position":1,"name":"Home","item":"https:\/\/tiketi.com\/"},{"@type":"ListItem","position":2,"name":"Boat Hire in South Africa &#8211; Online Boat Rental"}]},{"@type":"WebSite","@id":"https:\/\/tiketi.com\/#website","url":"https:\/\/tiketi.com\/","name":"Billets d&#039;avion et de bus, forfaits touristiques et activit\u00e9s - Tiketi.com","description":"Billets d&#039;avion et de bus, Tours, Activit\u00e9s","publisher":{"@id":"https:\/\/tiketi.com\/#organization"},"potentialAction":[{"@type":"SearchAction","target":{"@type":"EntryPoint","urlTemplate":"https:\/\/tiketi.com\/?s={search_term_string}"},"query-input":{"@type":"PropertyValueSpecification","valueRequired":true,"valueName":"search_term_string"}}],"inLanguage":"fr-FR"},{"@type":"Organization","@id":"https:\/\/tiketi.com\/#organization","name":"Tiketi.com","alternateName":"Tiketi","url":"https:\/\/tiketi.com\/","logo":{"@type":"ImageObject","inLanguage":"fr-FR","@id":"https:\/\/tiketi.com\/#\/schema\/logo\/image\/","url":"https:\/\/tiketi.com\/wp-content\/uploads\/2019\/05\/tiketi-logo-696.png","contentUrl":"https:\/\/tiketi.com\/wp-content\/uploads\/2019\/05\/tiketi-logo-696.png","width":696,"height":696,"caption":"Tiketi.com"},"image":{"@id":"https:\/\/tiketi.com\/#\/schema\/logo\/image\/"},"sameAs":["https:\/\/www.facebook.com\/TiketiCom\/"]}]}},"_links":{"self":[{"href":"https:\/\/tiketi.com\/fr-fr\/wp-json\/wp\/v2\/pages\/10854","targetHints":{"allow":["GET"]}}],"collection":[{"href":"https:\/\/tiketi.com\/fr-fr\/wp-json\/wp\/v2\/pages"}],"about":[{"href":"https:\/\/tiketi.com\/fr-fr\/wp-json\/wp\/v2\/types\/page"}],"author":[{"embeddable":true,"href":"https:\/\/tiketi.com\/fr-fr\/wp-json\/wp\/v2\/users\/1"}],"replies":[{"embeddable":true,"href":"https:\/\/tiketi.com\/fr-fr\/wp-json\/wp\/v2\/comments?post=10854"}],"version-history":[{"count":0,"href":"https:\/\/tiketi.com\/fr-fr\/wp-json\/wp\/v2\/pages\/10854\/revisions"}],"wp:featuredmedia":[{"embeddable":true,"href":"https:\/\/tiketi.com\/fr-fr\/wp-json\/wp\/v2\/media\/14513"}],"wp:attachment":[{"href":"https:\/\/tiketi.com\/fr-fr\/wp-json\/wp\/v2\/media?parent=10854"}],"curies":[{"name":"wp","href":"https:\/\/api.w.org\/{rel}","templated":true}]}}