{"id":10858,"date":"2022-01-19T12:53:54","date_gmt":"2022-01-19T11:53:54","guid":{"rendered":"https:\/\/new.tiketi.com\/radisson-blu-resort-mosi-oa-tunya\/"},"modified":"2022-02-19T15:30:11","modified_gmt":"2022-02-19T14:30:11","slug":"radisson-blu-resort-mosi-oa-tunya","status":"publish","type":"page","link":"https:\/\/tiketi.com\/fr-fr\/radisson-blu-resort-mosi-oa-tunya\/","title":{"rendered":"Radisson Blu Resort Mosi-oa-Tunya"},"content":{"rendered":"<h2>Nouveau Radisson Blu Resort Mosi-oa-Tunya Astuce h\u00f4tel<\/h2>\n<h3>Le groupe Radisson Hotel a annonc\u00e9 son principal complexe h\u00f4telier et son troisi\u00e8me h\u00f4tel en Zambie, avec la signature du Radisson Blu Resort, Livingstone, Zambie.<\/h3>\n<p>Radisson Blu Resort Mosi-oa-Tunya devrait ouvrir ses portes d&#039;ici fin 2022, ce dernier-n\u00e9 place la famille du Groupe en bonne voie pour atteindre son objectif d&#039;atteindre 150 h\u00f4tels en op\u00e9ration et en d\u00e9veloppement en Afrique d&#039;ici 2025. Nich\u00e9 sur les rives de l&#039;un du plus long fleuve d&#039;Afrique, le Zamb\u00e8ze, dans le parc national Mosi-oa-Tunya, \u00e0 cinq kilom\u00e8tres au sud de la ville historique de Livingstone, \u00e0 seulement 4 km au nord des chutes Victoria, l&#039;une des 7 merveilles naturelles de la plan\u00e8te et class\u00e9e au patrimoine mondial de l&#039;UNESCO. . La facilit\u00e9 est amplifi\u00e9e avec l&#039;a\u00e9roport international Harry Mwanga Nkumbula situ\u00e9 \u00e0 seulement quinze minutes.<\/p>\n<h2>Forfaits Radisson Blu Resort Mosi-oa-Tunya<\/h2>\n<p>Pour une grande exp\u00e9rience du lieu, juste \u00e0 c\u00f4t\u00e9, Safari Par Excellence propose des activit\u00e9s d&#039;aventure sp\u00e9ciales sur et hors de la rivi\u00e8re, du rafting, des activit\u00e9s sur le pont des chutes Victoria, du cano\u00eb et des safaris aux promenades en h\u00e9licopt\u00e8re, aux rencontres avec les \u00e9l\u00e9phants et \u00e0 la rivi\u00e8re. Croisi\u00e8res.<\/p>\n<p>L&#039;h\u00f4tel sera construit et g\u00e9r\u00e9 dans le plus grand respect de sa proximit\u00e9 avec les surprises naturelles et vise \u00e0 obtenir la certification de b\u00e2timent \u00e9cologique Edge ainsi qu&#039;\u00e0 signer l&#039;engagement de l&#039;UNESCO en mati\u00e8re de tourisme durable, devenant ainsi une pratique de premier plan dans la mise en \u0153uvre des groupes h\u00f4teliers Radisson. grand programme d\u2019entreprise responsable.<\/p>\n<p>La construction du dernier h\u00f4tel, actuellement en cours, et la conception int\u00e8grent enti\u00e8rement des mat\u00e9riaux nationaux et des objectifs en mati\u00e8re d&#039;emploi et de perfectionnement des artisans nationaux. Il comprendra un h\u00f4tel principal contemporain de 174 chambres et vingt-six villas luxueuses. Les visiteurs peuvent savourer leur cuisine pr\u00e9f\u00e9r\u00e9e au restaurant ouvert toute la journ\u00e9e et savourer leur boisson pr\u00e9f\u00e9r\u00e9e au caf\u00e9-bar. Pour profiter confortablement de l&#039;air frais du soir africain, les visiteurs peuvent se r\u00e9unir autour du boma en plein air et du foyer.<\/p>\n<p>Pendant leur s\u00e9jour, les visiteurs peuvent \u00e9galement profiter de la piscine co\u00fbteuse de l&#039;h\u00f4tel, retrouver la s\u00e9r\u00e9nit\u00e9 au spa ou entretenir leur sant\u00e9 \u00e0 la salle de sport et de remise en forme. Parfaites pour toutes les occasions, les installations de r\u00e9union et d&#039;\u00e9v\u00e9nement de l&#039;h\u00f4tel comprendront une salle de bal de plus de 500 m\u00b2, une salle de conf\u00e9rence ainsi que des salles de r\u00e9union, id\u00e9ales pour un usage professionnel et de loisirs.<\/p>\n<p>Radisson Blu Resort Zambia applique des normes de performance \u00e9lev\u00e9es et pr\u00f4ne des pratiques commerciales durables sur le plan social et environnemental. Plus que jamais, la priorit\u00e9 absolue du groupe h\u00f4telier Radisson reste la s\u00e9curit\u00e9 et la sant\u00e9 de ses clients et de ses travailleurs. Le groupe s&#039;associe \u00e0 SGS, la plus grande soci\u00e9t\u00e9 mondiale d&#039;inspection et de certification, pour mettre en \u0153uvre le protocole de s\u00e9curit\u00e9 de l&#039;h\u00f4tel Radisson, qui garantit les normes d&#039;hygi\u00e8ne les plus \u00e9lev\u00e9es et appuie les directives rigoureuses d&#039;assainissement existantes du groupe.<\/p>","protected":false},"excerpt":{"rendered":"<p>New Radisson Blu Resort Mosi-oa-Tunya Hotel Tip Radisson Hotel group announced its primary resort and third hotel in Zambia, with the signing of Radisson Blu Resort, Livingstone, Zambia. Radisson Blu Resort Mosi-oa-Tunya is due to open by the 2022 end, this latest addition places the Group family on track to achieving its aim of reaching [&hellip;]<\/p>\n","protected":false},"author":1,"featured_media":20438,"parent":0,"menu_order":0,"comment_status":"open","ping_status":"closed","template":"template-home-modern.php","meta":{"footnotes":""},"class_list":["post-10858","page","type-page","status-publish","has-post-thumbnail","hentry"],"yoast_head":"<!-- This site is optimized with the Yoast SEO plugin v27.3 - https:\/\/yoast.com\/product\/yoast-seo-wordpress\/ -->\n<title>Radisson Blu Resort Mosi-oa-Tunya<\/title>\n<meta name=\"description\" content=\"Radisson Hotel group announced its primary resort and third hotel in Zambia, with the signing of Radisson Blu Resort Mosi-oa-Tunya, Livingstone, Zambia\" \/>\n<meta name=\"robots\" content=\"index, follow, max-snippet:-1, max-image-preview:large, max-video-preview:-1\" \/>\n<link rel=\"canonical\" href=\"https:\/\/tiketi.com\/fr-fr\/radisson-blu-resort-mosi-oa-tunya\/\" \/>\n<meta property=\"og:locale\" content=\"fr_FR\" \/>\n<meta property=\"og:type\" content=\"article\" \/>\n<meta property=\"og:title\" content=\"Radisson Blu Resort Mosi-oa-Tunya\" \/>\n<meta property=\"og:description\" content=\"Radisson Hotel group announced its primary resort and third hotel in Zambia, with the signing of Radisson Blu Resort Mosi-oa-Tunya, Livingstone, Zambia\" \/>\n<meta property=\"og:url\" content=\"https:\/\/tiketi.com\/fr-fr\/radisson-blu-resort-mosi-oa-tunya\/\" \/>\n<meta property=\"og:site_name\" content=\"Tiketi.com\" \/>\n<meta property=\"article:publisher\" content=\"https:\/\/www.facebook.com\/TiketiCom\/\" \/>\n<meta property=\"article:modified_time\" content=\"2022-02-19T14:30:11+00:00\" \/>\n<meta property=\"og:image\" content=\"https:\/\/tiketi.com\/wp-content\/uploads\/2019\/05\/marketing-solutions-kamil-pietrzak-AlA8S9tALAs-.jpg\" \/>\n\t<meta property=\"og:image:width\" content=\"1200\" \/>\n\t<meta property=\"og:image:height\" content=\"200\" \/>\n\t<meta property=\"og:image:type\" content=\"image\/jpeg\" \/>\n<meta name=\"twitter:card\" content=\"summary_large_image\" \/>\n<meta name=\"twitter:label1\" content=\"Dur\u00e9e de lecture estim\u00e9e\" \/>\n\t<meta name=\"twitter:data1\" content=\"2 minutes\" \/>\n<script type=\"application\/ld+json\" class=\"yoast-schema-graph\">{\"@context\":\"https:\\\/\\\/schema.org\",\"@graph\":[{\"@type\":\"WebPage\",\"@id\":\"https:\\\/\\\/tiketi.com\\\/en-gb\\\/radisson-blu-resort-mosi-oa-tunya\\\/\",\"url\":\"https:\\\/\\\/tiketi.com\\\/en-gb\\\/radisson-blu-resort-mosi-oa-tunya\\\/\",\"name\":\"Radisson Blu Resort Mosi-oa-Tunya\",\"isPartOf\":{\"@id\":\"https:\\\/\\\/tiketi.com\\\/#website\"},\"primaryImageOfPage\":{\"@id\":\"https:\\\/\\\/tiketi.com\\\/en-gb\\\/radisson-blu-resort-mosi-oa-tunya\\\/#primaryimage\"},\"image\":{\"@id\":\"https:\\\/\\\/tiketi.com\\\/en-gb\\\/radisson-blu-resort-mosi-oa-tunya\\\/#primaryimage\"},\"thumbnailUrl\":\"https:\\\/\\\/tiketi.com\\\/wp-content\\\/uploads\\\/2019\\\/05\\\/marketing-solutions-kamil-pietrzak-AlA8S9tALAs-.jpg\",\"datePublished\":\"2022-01-19T11:53:54+00:00\",\"dateModified\":\"2022-02-19T14:30:11+00:00\",\"description\":\"Radisson Hotel group announced its primary resort and third hotel in Zambia, with the signing of Radisson Blu Resort Mosi-oa-Tunya, Livingstone, Zambia\",\"breadcrumb\":{\"@id\":\"https:\\\/\\\/tiketi.com\\\/en-gb\\\/radisson-blu-resort-mosi-oa-tunya\\\/#breadcrumb\"},\"inLanguage\":\"fr-FR\",\"potentialAction\":[{\"@type\":\"ReadAction\",\"target\":[\"https:\\\/\\\/tiketi.com\\\/en-gb\\\/radisson-blu-resort-mosi-oa-tunya\\\/\"]}]},{\"@type\":\"ImageObject\",\"inLanguage\":\"fr-FR\",\"@id\":\"https:\\\/\\\/tiketi.com\\\/en-gb\\\/radisson-blu-resort-mosi-oa-tunya\\\/#primaryimage\",\"url\":\"https:\\\/\\\/tiketi.com\\\/wp-content\\\/uploads\\\/2019\\\/05\\\/marketing-solutions-kamil-pietrzak-AlA8S9tALAs-.jpg\",\"contentUrl\":\"https:\\\/\\\/tiketi.com\\\/wp-content\\\/uploads\\\/2019\\\/05\\\/marketing-solutions-kamil-pietrzak-AlA8S9tALAs-.jpg\",\"width\":1200,\"height\":200,\"caption\":\"Marketing Solutions\"},{\"@type\":\"BreadcrumbList\",\"@id\":\"https:\\\/\\\/tiketi.com\\\/en-gb\\\/radisson-blu-resort-mosi-oa-tunya\\\/#breadcrumb\",\"itemListElement\":[{\"@type\":\"ListItem\",\"position\":1,\"name\":\"Home\",\"item\":\"https:\\\/\\\/tiketi.com\\\/\"},{\"@type\":\"ListItem\",\"position\":2,\"name\":\"Radisson Blu Resort Mosi-oa-Tunya\"}]},{\"@type\":\"WebSite\",\"@id\":\"https:\\\/\\\/tiketi.com\\\/#website\",\"url\":\"https:\\\/\\\/tiketi.com\\\/\",\"name\":\"Flight & Bus Tickets, Tour Packages & Activitites - Tiketi.com\",\"description\":\"Flight &amp; Bus Tickets, Tours, Activitites\",\"publisher\":{\"@id\":\"https:\\\/\\\/tiketi.com\\\/#organization\"},\"potentialAction\":[{\"@type\":\"SearchAction\",\"target\":{\"@type\":\"EntryPoint\",\"urlTemplate\":\"https:\\\/\\\/tiketi.com\\\/?s={search_term_string}\"},\"query-input\":{\"@type\":\"PropertyValueSpecification\",\"valueRequired\":true,\"valueName\":\"search_term_string\"}}],\"inLanguage\":\"fr-FR\"},{\"@type\":\"Organization\",\"@id\":\"https:\\\/\\\/tiketi.com\\\/#organization\",\"name\":\"Tiketi.com\",\"alternateName\":\"Tiketi\",\"url\":\"https:\\\/\\\/tiketi.com\\\/\",\"logo\":{\"@type\":\"ImageObject\",\"inLanguage\":\"fr-FR\",\"@id\":\"https:\\\/\\\/tiketi.com\\\/#\\\/schema\\\/logo\\\/image\\\/\",\"url\":\"https:\\\/\\\/tiketi.com\\\/wp-content\\\/uploads\\\/2019\\\/05\\\/tiketi-logo-696.png\",\"contentUrl\":\"https:\\\/\\\/tiketi.com\\\/wp-content\\\/uploads\\\/2019\\\/05\\\/tiketi-logo-696.png\",\"width\":696,\"height\":696,\"caption\":\"Tiketi.com\"},\"image\":{\"@id\":\"https:\\\/\\\/tiketi.com\\\/#\\\/schema\\\/logo\\\/image\\\/\"},\"sameAs\":[\"https:\\\/\\\/www.facebook.com\\\/TiketiCom\\\/\"]}]}<\/script>\n<!-- \/ Yoast SEO plugin. -->","yoast_head_json":{"title":"Radisson Blu Resort Mosi-oa-Tunya","description":"Le groupe Radisson Hotel a annonc\u00e9 son principal complexe h\u00f4telier et son troisi\u00e8me h\u00f4tel en Zambie, avec la signature du Radisson Blu Resort Mosi-oa-Tunya, Livingstone, Zambie","robots":{"index":"index","follow":"follow","max-snippet":"max-snippet:-1","max-image-preview":"max-image-preview:large","max-video-preview":"max-video-preview:-1"},"canonical":"https:\/\/tiketi.com\/fr-fr\/radisson-blu-resort-mosi-oa-tunya\/","og_locale":"fr_FR","og_type":"article","og_title":"Radisson Blu Resort Mosi-oa-Tunya","og_description":"Radisson Hotel group announced its primary resort and third hotel in Zambia, with the signing of Radisson Blu Resort Mosi-oa-Tunya, Livingstone, Zambia","og_url":"https:\/\/tiketi.com\/fr-fr\/radisson-blu-resort-mosi-oa-tunya\/","og_site_name":"Tiketi.com","article_publisher":"https:\/\/www.facebook.com\/TiketiCom\/","article_modified_time":"2022-02-19T14:30:11+00:00","og_image":[{"width":1200,"height":200,"url":"https:\/\/tiketi.com\/wp-content\/uploads\/2019\/05\/marketing-solutions-kamil-pietrzak-AlA8S9tALAs-.jpg","type":"image\/jpeg"}],"twitter_card":"summary_large_image","twitter_misc":{"Dur\u00e9e de lecture estim\u00e9e":"2 minutes"},"schema":{"@context":"https:\/\/schema.org","@graph":[{"@type":"WebPage","@id":"https:\/\/tiketi.com\/en-gb\/radisson-blu-resort-mosi-oa-tunya\/","url":"https:\/\/tiketi.com\/en-gb\/radisson-blu-resort-mosi-oa-tunya\/","name":"Radisson Blu Resort Mosi-oa-Tunya","isPartOf":{"@id":"https:\/\/tiketi.com\/#website"},"primaryImageOfPage":{"@id":"https:\/\/tiketi.com\/en-gb\/radisson-blu-resort-mosi-oa-tunya\/#primaryimage"},"image":{"@id":"https:\/\/tiketi.com\/en-gb\/radisson-blu-resort-mosi-oa-tunya\/#primaryimage"},"thumbnailUrl":"https:\/\/tiketi.com\/wp-content\/uploads\/2019\/05\/marketing-solutions-kamil-pietrzak-AlA8S9tALAs-.jpg","datePublished":"2022-01-19T11:53:54+00:00","dateModified":"2022-02-19T14:30:11+00:00","description":"Le groupe Radisson Hotel a annonc\u00e9 son principal complexe h\u00f4telier et son troisi\u00e8me h\u00f4tel en Zambie, avec la signature du Radisson Blu Resort Mosi-oa-Tunya, Livingstone, Zambie","breadcrumb":{"@id":"https:\/\/tiketi.com\/en-gb\/radisson-blu-resort-mosi-oa-tunya\/#breadcrumb"},"inLanguage":"fr-FR","potentialAction":[{"@type":"ReadAction","target":["https:\/\/tiketi.com\/en-gb\/radisson-blu-resort-mosi-oa-tunya\/"]}]},{"@type":"ImageObject","inLanguage":"fr-FR","@id":"https:\/\/tiketi.com\/en-gb\/radisson-blu-resort-mosi-oa-tunya\/#primaryimage","url":"https:\/\/tiketi.com\/wp-content\/uploads\/2019\/05\/marketing-solutions-kamil-pietrzak-AlA8S9tALAs-.jpg","contentUrl":"https:\/\/tiketi.com\/wp-content\/uploads\/2019\/05\/marketing-solutions-kamil-pietrzak-AlA8S9tALAs-.jpg","width":1200,"height":200,"caption":"Marketing Solutions"},{"@type":"BreadcrumbList","@id":"https:\/\/tiketi.com\/en-gb\/radisson-blu-resort-mosi-oa-tunya\/#breadcrumb","itemListElement":[{"@type":"ListItem","position":1,"name":"Home","item":"https:\/\/tiketi.com\/"},{"@type":"ListItem","position":2,"name":"Radisson Blu Resort Mosi-oa-Tunya"}]},{"@type":"WebSite","@id":"https:\/\/tiketi.com\/#website","url":"https:\/\/tiketi.com\/","name":"Billets d&#039;avion et de bus, forfaits touristiques et activit\u00e9s - Tiketi.com","description":"Billets d&#039;avion et de bus, Tours, Activit\u00e9s","publisher":{"@id":"https:\/\/tiketi.com\/#organization"},"potentialAction":[{"@type":"SearchAction","target":{"@type":"EntryPoint","urlTemplate":"https:\/\/tiketi.com\/?s={search_term_string}"},"query-input":{"@type":"PropertyValueSpecification","valueRequired":true,"valueName":"search_term_string"}}],"inLanguage":"fr-FR"},{"@type":"Organization","@id":"https:\/\/tiketi.com\/#organization","name":"Tiketi.com","alternateName":"Tiketi","url":"https:\/\/tiketi.com\/","logo":{"@type":"ImageObject","inLanguage":"fr-FR","@id":"https:\/\/tiketi.com\/#\/schema\/logo\/image\/","url":"https:\/\/tiketi.com\/wp-content\/uploads\/2019\/05\/tiketi-logo-696.png","contentUrl":"https:\/\/tiketi.com\/wp-content\/uploads\/2019\/05\/tiketi-logo-696.png","width":696,"height":696,"caption":"Tiketi.com"},"image":{"@id":"https:\/\/tiketi.com\/#\/schema\/logo\/image\/"},"sameAs":["https:\/\/www.facebook.com\/TiketiCom\/"]}]}},"_links":{"self":[{"href":"https:\/\/tiketi.com\/fr-fr\/wp-json\/wp\/v2\/pages\/10858","targetHints":{"allow":["GET"]}}],"collection":[{"href":"https:\/\/tiketi.com\/fr-fr\/wp-json\/wp\/v2\/pages"}],"about":[{"href":"https:\/\/tiketi.com\/fr-fr\/wp-json\/wp\/v2\/types\/page"}],"author":[{"embeddable":true,"href":"https:\/\/tiketi.com\/fr-fr\/wp-json\/wp\/v2\/users\/1"}],"replies":[{"embeddable":true,"href":"https:\/\/tiketi.com\/fr-fr\/wp-json\/wp\/v2\/comments?post=10858"}],"version-history":[{"count":0,"href":"https:\/\/tiketi.com\/fr-fr\/wp-json\/wp\/v2\/pages\/10858\/revisions"}],"wp:featuredmedia":[{"embeddable":true,"href":"https:\/\/tiketi.com\/fr-fr\/wp-json\/wp\/v2\/media\/20438"}],"wp:attachment":[{"href":"https:\/\/tiketi.com\/fr-fr\/wp-json\/wp\/v2\/media?parent=10858"}],"curies":[{"name":"wp","href":"https:\/\/api.w.org\/{rel}","templated":true}]}}