{"id":10860,"date":"2022-01-19T12:53:54","date_gmt":"2022-01-19T11:53:54","guid":{"rendered":"https:\/\/new.tiketi.com\/kenya-apps-best-travel-apps-in-kenya\/"},"modified":"2022-02-16T12:31:53","modified_gmt":"2022-02-16T11:31:53","slug":"travel-apps-in-kenya","status":"publish","type":"page","link":"https:\/\/tiketi.com\/fr-fr\/travel-apps-in-kenya\/","title":{"rendered":"Applications de voyage au Kenya \u2013 Applications pour explorer le Kenya"},"content":{"rendered":"<h2>Recherchez-vous les meilleures applications de voyage au Kenya ?<\/h2>\n<h3>D\u00e9couvrez certaines des meilleures applications de voyage au Kenya pour explorer le Kenya et qui feront de vos vacances au Kenya un jeu d&#039;enfant.<\/h3>\n<p>Les meilleures applications de voyage au Kenya deviennent un besoin de la nouvelle g\u00e9n\u00e9ration, car les r\u00e9seaux sont sans fil et la r\u00e9servation est devenue moins probl\u00e9matique. L\u2019industrie du voyage est en constante augmentation, tout comme la concurrence. Il a \u00e9t\u00e9 calcul\u00e9 qu&#039;environ quatre-vingts pour cent des voyageurs effectuent leur r\u00e9servation via les meilleures applications de voyage au Kenya en raison de la facilit\u00e9 d&#039;utilisation. La nouvelle g\u00e9n\u00e9ration ne veut d\u00e9pendre de personne pour planifier son voyage et c\u2019est l\u00e0 que les applications de voyage remplissent le mieux leur r\u00f4le.<\/p>\n<h2>Voici quelques-uns des avantages des meilleures applications de voyage au Kenya\u00a0:<\/h2>\n<h3>Rendre le processus automatis\u00e9<\/h3>\n<p>L&#039;application permet aux utilisateurs de rechercher ce qu&#039;ils veulent et de le rechercher simplement sans parler \u00e0 aucun repr\u00e9sentant et de consulter les meilleurs prix sans trop de probl\u00e8mes. Le processus devient extr\u00eamement automatique. Lorsque les informations sont simplement accessibles, les taux de conversation augmentent \u00e9galement car le processus automatis\u00e9 permet \u00e9galement de gagner du temps.<\/p>\n<h3>Collaboration<\/h3>\n<p>La technologie du voyage comprend tous les aspects tels que les h\u00f4tels via des applications de voyage d&#039;h\u00e9bergement au Kenya, les transports, les visites guid\u00e9es et d&#039;autres aspects rendus possibles sur la m\u00eame plate-forme via une application d\u00e9di\u00e9e. La collaboration de chaque petit aspect rend l&#039;exp\u00e9rience sans effort et constitue la meilleure plate-forme pour regrouper de nombreux domaines sous un m\u00eame toit, ce qui convient parfaitement aux visiteurs.<\/p>\n<h3>S\u00e9curit\u00e9<\/h3>\n<p>La facilit\u00e9 des choix de paiement est bien prot\u00e9g\u00e9e et la passerelle est s\u00e9curis\u00e9e. Une application de voyage au Kenya garantit que les inconv\u00e9nients de la navigation sur Internet sont optimis\u00e9s et rend \u00e9galement le processus de r\u00e9servation plus s\u00fbr et plus facile. Les meilleures applications de voyage au Kenya rendent le processus s\u00fbr tant pour les clients que pour les propri\u00e9taires d&#039;entreprise.<\/p>\n<h3>Solution unique<\/h3>\n<p>Tout et n&#039;importe quoi peut \u00eatre g\u00e9r\u00e9 et propos\u00e9 par une seule plateforme ou application de voyage. D\u00e9sormais, un utilisateur n&#039;a plus besoin de visiter des sites Web individuels pour une r\u00e9servation compl\u00e8te, mais doit t\u00e9l\u00e9charger une application qui fait tout, de la r\u00e9servation de billets \u00e0 la location de voiture, en passant par la r\u00e9servation d&#039;h\u00f4tel, les visites touristiques et l&#039;assurance voyage. Cela devient une solution unique pour tous.<\/p>\n<p>\u00c0 mesure que le nombre d\u2019utilisateurs en ligne augmente, les prix des smartphones ont diminu\u00e9 et ont donn\u00e9 lieu \u00e0 une r\u00e9volution num\u00e9rique. Tout est accessible du bout des doigts et les applications constituent la plateforme \u00e0 laquelle les voyageurs font \u00e9norm\u00e9ment confiance. Le secteur du voyage est d\u00e9pendant et il ne suffit pas de s&#039;appuyer sur des sites uniquement pour le mettre en valeur. La bonne plate-forme pour faciliter le processus de demande de voyage avec le choix de s&#039;engager et de r\u00e9server peut simplement \u00eatre effectu\u00e9e via des applications, de mani\u00e8re assez fluide.<\/p>\n<h2>Meilleures applications de voyage au Kenya<\/h2>\n<h3>1) Application Web Kenya<\/h3>\n<p>Co\u00fbt : Gratuit | Disponibilit\u00e9: <a href=\"https:\/\/blog.tiketi.com\/category\/kenya\" target=\"_blank\" rel=\"noopener\">Application Web<\/a><\/p>\n<h3>2. Convertisseur de devises Xe<\/h3>\n<p>Co\u00fbt : Gratuit | Disponibilit\u00e9: <a href=\"https:\/\/itunes.apple.com\/za\/app\/xe-currency\/id315241195?mt=8\" target=\"_blank\" rel=\"noopener\">Magasin d&#039;applications<\/a> et <a href=\"https:\/\/play.google.com\/store\/apps\/details?id=com.xe.currency&amp;hl=en_ZA\" target=\"_blank\" rel=\"noopener\">Jouer au magasin<\/a><\/p>\n<h3>3. Duolingo<\/h3>\n<p>Co\u00fbt : Gratuit | Disponibilit\u00e9: <a href=\"https:\/\/itunes.apple.com\/us\/app\/duolingo\/id570060128?mt=8\" target=\"_blank\" rel=\"noopener\">Magasin d&#039;applications<\/a> et <a href=\"https:\/\/play.google.com\/store\/apps\/details?id=com.duolingo&amp;hl=en\" target=\"_blank\" rel=\"noopener\">Jouer au magasin<\/a><\/p>\n<h3>4. Application M\u00e9t\u00e9o Underground<\/h3>\n<p>Co\u00fbt : Gratuit | Disponibilit\u00e9: <a href=\"https:\/\/itunes.apple.com\/us\/app\/weather-underground-forecast\/id486154808?mt=8\" target=\"_blank\" rel=\"noopener\">Magasin d&#039;applications<\/a> et <a href=\"https:\/\/play.google.com\/store\/apps\/details?id=com.wunderground.android.weather&amp;hl=en\" target=\"_blank\" rel=\"noopener\">Jouer au magasin<\/a><\/p>\n<h3>5. Voyage<\/h3>\n<p>Co\u00fbt : Gratuit | Disponibilit\u00e9: <a href=\"https:\/\/itunes.apple.com\/us\/app\/tripit-organize-travel-plans\/id311035142?mt=8\" target=\"_blank\" rel=\"noopener\">Magasin d&#039;applications<\/a> et <a href=\"https:\/\/play.google.com\/store\/apps\/details?id=com.tripit&amp;hl=en\" target=\"_blank\" rel=\"noopener\">Jouer au magasin<\/a><\/p>\n<h3>6. Le guide de terrain de Kingdon sur les mammif\u00e8res africains<\/h3>\n<p>Co\u00fbt : $15 | Disponibilit\u00e9: <a href=\"https:\/\/apps.apple.com\/us\/app\/the-kingdon-guide-to-african-mammals\/id336901877\" target=\"_blank\" rel=\"noopener\">Magasin d&#039;applications<\/a><\/p>","protected":false},"excerpt":{"rendered":"<p>Are you looking for best Kenya travel apps? Discover some of the best Kenya travel apps for exploring Kenya that will make your Kenya holiday a breeze. The best travel apps in Kenya are becoming the need of the new generation as the networks are wireless and the booking have become issue less. The industry [&hellip;]<\/p>\n","protected":false},"author":1,"featured_media":17853,"parent":0,"menu_order":0,"comment_status":"open","ping_status":"closed","template":"template-home-modern.php","meta":{"footnotes":""},"class_list":["post-10860","page","type-page","status-publish","has-post-thumbnail","hentry"],"yoast_head":"<!-- This site is optimized with the Yoast SEO plugin v27.3 - https:\/\/yoast.com\/product\/yoast-seo-wordpress\/ -->\n<title>Travel Apps in Kenya - Apps for exploring Kenya<\/title>\n<meta name=\"description\" content=\"Are you looking for best travel apps in Kenya? Discover some of the best Kenya travel apps for exploring Kenya that will make your Kenya holiday a breeze\" \/>\n<meta name=\"robots\" content=\"index, follow, max-snippet:-1, max-image-preview:large, max-video-preview:-1\" \/>\n<link rel=\"canonical\" href=\"https:\/\/tiketi.com\/fr-fr\/travel-apps-in-kenya\/\" \/>\n<meta property=\"og:locale\" content=\"fr_FR\" \/>\n<meta property=\"og:type\" content=\"article\" \/>\n<meta property=\"og:title\" content=\"Travel Apps in Kenya - Apps for exploring Kenya\" \/>\n<meta property=\"og:description\" content=\"Are you looking for best travel apps in Kenya? Discover some of the best Kenya travel apps for exploring Kenya that will make your Kenya holiday a breeze\" \/>\n<meta property=\"og:url\" content=\"https:\/\/tiketi.com\/fr-fr\/travel-apps-in-kenya\/\" \/>\n<meta property=\"og:site_name\" content=\"Tiketi.com\" \/>\n<meta property=\"article:publisher\" content=\"https:\/\/www.facebook.com\/TiketiCom\/\" \/>\n<meta property=\"article:modified_time\" content=\"2022-02-16T11:31:53+00:00\" \/>\n<meta property=\"og:image\" content=\"https:\/\/tiketi.com\/wp-content\/uploads\/2019\/05\/nairobi-city-3143632_1280.jpg\" \/>\n\t<meta property=\"og:image:width\" content=\"1200\" \/>\n\t<meta property=\"og:image:height\" content=\"202\" \/>\n\t<meta property=\"og:image:type\" content=\"image\/jpeg\" \/>\n<meta name=\"twitter:card\" content=\"summary_large_image\" \/>\n<meta name=\"twitter:label1\" content=\"Dur\u00e9e de lecture estim\u00e9e\" \/>\n\t<meta name=\"twitter:data1\" content=\"3 minutes\" \/>\n<script type=\"application\/ld+json\" class=\"yoast-schema-graph\">{\"@context\":\"https:\\\/\\\/schema.org\",\"@graph\":[{\"@type\":\"WebPage\",\"@id\":\"https:\\\/\\\/tiketi.com\\\/travel-apps-in-kenya\\\/\",\"url\":\"https:\\\/\\\/tiketi.com\\\/travel-apps-in-kenya\\\/\",\"name\":\"Travel Apps in Kenya - Apps for exploring Kenya\",\"isPartOf\":{\"@id\":\"https:\\\/\\\/tiketi.com\\\/#website\"},\"primaryImageOfPage\":{\"@id\":\"https:\\\/\\\/tiketi.com\\\/travel-apps-in-kenya\\\/#primaryimage\"},\"image\":{\"@id\":\"https:\\\/\\\/tiketi.com\\\/travel-apps-in-kenya\\\/#primaryimage\"},\"thumbnailUrl\":\"https:\\\/\\\/tiketi.com\\\/wp-content\\\/uploads\\\/2019\\\/05\\\/nairobi-city-3143632_1280.jpg\",\"datePublished\":\"2022-01-19T11:53:54+00:00\",\"dateModified\":\"2022-02-16T11:31:53+00:00\",\"description\":\"Are you looking for best travel apps in Kenya? Discover some of the best Kenya travel apps for exploring Kenya that will make your Kenya holiday a breeze\",\"breadcrumb\":{\"@id\":\"https:\\\/\\\/tiketi.com\\\/travel-apps-in-kenya\\\/#breadcrumb\"},\"inLanguage\":\"fr-FR\",\"potentialAction\":[{\"@type\":\"ReadAction\",\"target\":[\"https:\\\/\\\/tiketi.com\\\/travel-apps-in-kenya\\\/\"]}]},{\"@type\":\"ImageObject\",\"inLanguage\":\"fr-FR\",\"@id\":\"https:\\\/\\\/tiketi.com\\\/travel-apps-in-kenya\\\/#primaryimage\",\"url\":\"https:\\\/\\\/tiketi.com\\\/wp-content\\\/uploads\\\/2019\\\/05\\\/nairobi-city-3143632_1280.jpg\",\"contentUrl\":\"https:\\\/\\\/tiketi.com\\\/wp-content\\\/uploads\\\/2019\\\/05\\\/nairobi-city-3143632_1280.jpg\",\"width\":1200,\"height\":202,\"caption\":\"Air Taxi in Nairobi\"},{\"@type\":\"BreadcrumbList\",\"@id\":\"https:\\\/\\\/tiketi.com\\\/travel-apps-in-kenya\\\/#breadcrumb\",\"itemListElement\":[{\"@type\":\"ListItem\",\"position\":1,\"name\":\"Home\",\"item\":\"https:\\\/\\\/tiketi.com\\\/\"},{\"@type\":\"ListItem\",\"position\":2,\"name\":\"Travel Apps in Kenya &#8211; Apps for exploring Kenya\"}]},{\"@type\":\"WebSite\",\"@id\":\"https:\\\/\\\/tiketi.com\\\/#website\",\"url\":\"https:\\\/\\\/tiketi.com\\\/\",\"name\":\"Flight & Bus Tickets, Tour Packages & Activitites - Tiketi.com\",\"description\":\"Flight &amp; Bus Tickets, Tours, Activitites\",\"publisher\":{\"@id\":\"https:\\\/\\\/tiketi.com\\\/#organization\"},\"potentialAction\":[{\"@type\":\"SearchAction\",\"target\":{\"@type\":\"EntryPoint\",\"urlTemplate\":\"https:\\\/\\\/tiketi.com\\\/?s={search_term_string}\"},\"query-input\":{\"@type\":\"PropertyValueSpecification\",\"valueRequired\":true,\"valueName\":\"search_term_string\"}}],\"inLanguage\":\"fr-FR\"},{\"@type\":\"Organization\",\"@id\":\"https:\\\/\\\/tiketi.com\\\/#organization\",\"name\":\"Tiketi.com\",\"alternateName\":\"Tiketi\",\"url\":\"https:\\\/\\\/tiketi.com\\\/\",\"logo\":{\"@type\":\"ImageObject\",\"inLanguage\":\"fr-FR\",\"@id\":\"https:\\\/\\\/tiketi.com\\\/#\\\/schema\\\/logo\\\/image\\\/\",\"url\":\"https:\\\/\\\/tiketi.com\\\/wp-content\\\/uploads\\\/2019\\\/05\\\/tiketi-logo-696.png\",\"contentUrl\":\"https:\\\/\\\/tiketi.com\\\/wp-content\\\/uploads\\\/2019\\\/05\\\/tiketi-logo-696.png\",\"width\":696,\"height\":696,\"caption\":\"Tiketi.com\"},\"image\":{\"@id\":\"https:\\\/\\\/tiketi.com\\\/#\\\/schema\\\/logo\\\/image\\\/\"},\"sameAs\":[\"https:\\\/\\\/www.facebook.com\\\/TiketiCom\\\/\"]}]}<\/script>\n<!-- \/ Yoast SEO plugin. -->","yoast_head_json":{"title":"Applications de voyage au Kenya - Applications pour explorer le Kenya","description":"Recherchez-vous les meilleures applications de voyage au Kenya ? D\u00e9couvrez quelques-unes des meilleures applications de voyage au Kenya pour explorer le Kenya et qui feront de vos vacances au Kenya un jeu d&#039;enfant.","robots":{"index":"index","follow":"follow","max-snippet":"max-snippet:-1","max-image-preview":"max-image-preview:large","max-video-preview":"max-video-preview:-1"},"canonical":"https:\/\/tiketi.com\/fr-fr\/travel-apps-in-kenya\/","og_locale":"fr_FR","og_type":"article","og_title":"Travel Apps in Kenya - Apps for exploring Kenya","og_description":"Are you looking for best travel apps in Kenya? Discover some of the best Kenya travel apps for exploring Kenya that will make your Kenya holiday a breeze","og_url":"https:\/\/tiketi.com\/fr-fr\/travel-apps-in-kenya\/","og_site_name":"Tiketi.com","article_publisher":"https:\/\/www.facebook.com\/TiketiCom\/","article_modified_time":"2022-02-16T11:31:53+00:00","og_image":[{"width":1200,"height":202,"url":"https:\/\/tiketi.com\/wp-content\/uploads\/2019\/05\/nairobi-city-3143632_1280.jpg","type":"image\/jpeg"}],"twitter_card":"summary_large_image","twitter_misc":{"Dur\u00e9e de lecture estim\u00e9e":"3 minutes"},"schema":{"@context":"https:\/\/schema.org","@graph":[{"@type":"WebPage","@id":"https:\/\/tiketi.com\/travel-apps-in-kenya\/","url":"https:\/\/tiketi.com\/travel-apps-in-kenya\/","name":"Applications de voyage au Kenya - Applications pour explorer le Kenya","isPartOf":{"@id":"https:\/\/tiketi.com\/#website"},"primaryImageOfPage":{"@id":"https:\/\/tiketi.com\/travel-apps-in-kenya\/#primaryimage"},"image":{"@id":"https:\/\/tiketi.com\/travel-apps-in-kenya\/#primaryimage"},"thumbnailUrl":"https:\/\/tiketi.com\/wp-content\/uploads\/2019\/05\/nairobi-city-3143632_1280.jpg","datePublished":"2022-01-19T11:53:54+00:00","dateModified":"2022-02-16T11:31:53+00:00","description":"Recherchez-vous les meilleures applications de voyage au Kenya ? D\u00e9couvrez quelques-unes des meilleures applications de voyage au Kenya pour explorer le Kenya et qui feront de vos vacances au Kenya un jeu d&#039;enfant.","breadcrumb":{"@id":"https:\/\/tiketi.com\/travel-apps-in-kenya\/#breadcrumb"},"inLanguage":"fr-FR","potentialAction":[{"@type":"ReadAction","target":["https:\/\/tiketi.com\/travel-apps-in-kenya\/"]}]},{"@type":"ImageObject","inLanguage":"fr-FR","@id":"https:\/\/tiketi.com\/travel-apps-in-kenya\/#primaryimage","url":"https:\/\/tiketi.com\/wp-content\/uploads\/2019\/05\/nairobi-city-3143632_1280.jpg","contentUrl":"https:\/\/tiketi.com\/wp-content\/uploads\/2019\/05\/nairobi-city-3143632_1280.jpg","width":1200,"height":202,"caption":"Air Taxi in Nairobi"},{"@type":"BreadcrumbList","@id":"https:\/\/tiketi.com\/travel-apps-in-kenya\/#breadcrumb","itemListElement":[{"@type":"ListItem","position":1,"name":"Home","item":"https:\/\/tiketi.com\/"},{"@type":"ListItem","position":2,"name":"Travel Apps in Kenya &#8211; Apps for exploring Kenya"}]},{"@type":"WebSite","@id":"https:\/\/tiketi.com\/#website","url":"https:\/\/tiketi.com\/","name":"Billets d&#039;avion et de bus, forfaits touristiques et activit\u00e9s - Tiketi.com","description":"Billets d&#039;avion et de bus, Tours, Activit\u00e9s","publisher":{"@id":"https:\/\/tiketi.com\/#organization"},"potentialAction":[{"@type":"SearchAction","target":{"@type":"EntryPoint","urlTemplate":"https:\/\/tiketi.com\/?s={search_term_string}"},"query-input":{"@type":"PropertyValueSpecification","valueRequired":true,"valueName":"search_term_string"}}],"inLanguage":"fr-FR"},{"@type":"Organization","@id":"https:\/\/tiketi.com\/#organization","name":"Tiketi.com","alternateName":"Tiketi","url":"https:\/\/tiketi.com\/","logo":{"@type":"ImageObject","inLanguage":"fr-FR","@id":"https:\/\/tiketi.com\/#\/schema\/logo\/image\/","url":"https:\/\/tiketi.com\/wp-content\/uploads\/2019\/05\/tiketi-logo-696.png","contentUrl":"https:\/\/tiketi.com\/wp-content\/uploads\/2019\/05\/tiketi-logo-696.png","width":696,"height":696,"caption":"Tiketi.com"},"image":{"@id":"https:\/\/tiketi.com\/#\/schema\/logo\/image\/"},"sameAs":["https:\/\/www.facebook.com\/TiketiCom\/"]}]}},"_links":{"self":[{"href":"https:\/\/tiketi.com\/fr-fr\/wp-json\/wp\/v2\/pages\/10860","targetHints":{"allow":["GET"]}}],"collection":[{"href":"https:\/\/tiketi.com\/fr-fr\/wp-json\/wp\/v2\/pages"}],"about":[{"href":"https:\/\/tiketi.com\/fr-fr\/wp-json\/wp\/v2\/types\/page"}],"author":[{"embeddable":true,"href":"https:\/\/tiketi.com\/fr-fr\/wp-json\/wp\/v2\/users\/1"}],"replies":[{"embeddable":true,"href":"https:\/\/tiketi.com\/fr-fr\/wp-json\/wp\/v2\/comments?post=10860"}],"version-history":[{"count":0,"href":"https:\/\/tiketi.com\/fr-fr\/wp-json\/wp\/v2\/pages\/10860\/revisions"}],"wp:featuredmedia":[{"embeddable":true,"href":"https:\/\/tiketi.com\/fr-fr\/wp-json\/wp\/v2\/media\/17853"}],"wp:attachment":[{"href":"https:\/\/tiketi.com\/fr-fr\/wp-json\/wp\/v2\/media?parent=10860"}],"curies":[{"name":"wp","href":"https:\/\/api.w.org\/{rel}","templated":true}]}}