{"id":10861,"date":"2022-01-19T12:53:54","date_gmt":"2022-01-19T11:53:54","guid":{"rendered":"https:\/\/new.tiketi.com\/zanzibar-apps-best-travel-apps-in-zanzibar-tanzania\/"},"modified":"2024-07-09T10:00:01","modified_gmt":"2024-07-09T09:00:01","slug":"best-travel-apps-zanzibar","status":"publish","type":"page","link":"https:\/\/tiketi.com\/fr-fr\/best-travel-apps-zanzibar\/","title":{"rendered":"Applications de Zanzibar \u2013 Meilleures applications de voyage \u00e0 Zanzibar \/ Tanzanie"},"content":{"rendered":"<h2>Recherchez-vous les meilleures applications de voyage \u00e0 Zanzibar ?<\/h2>\n<h3>Recherchez-vous les meilleures applications de voyage \u00e0 Zanzibar, en Tanzanie ? D\u00e9couvrez certaines des meilleures applications de voyage \u00e0 Zanzibar pour explorer Zanzibar et qui feront de vos vacances \u00e0 Zanzibar un jeu d&#039;enfant.<\/h3>\n<p>Aujourd&#039;hui, les applications de Zanzibar \u2013 les meilleures applications de voyage \u00e0 Zanzibar sont devenues un \u00e9l\u00e9ment essentiel de toute entreprise, les voyages et le tourisme ne font pas exception. En fait, le d\u00e9veloppement d\u2019applications mobiles joue aujourd\u2019hui un r\u00f4le tr\u00e8s important dans l\u2019industrie du voyage. Les meilleures applications de voyage \u00e0 Zanzibar facilitent et acc\u00e9l\u00e8rent la communication avec les agences de voyages, la r\u00e9servation de chambres, la r\u00e9servation de billets et la recherche des meilleures offres. L&#039;utilisation des applications mobiles de l&#039;application Zanzibar pour voyager va augmenter et continuer de changer dans les prochains jours.<\/p>\n<p>Quelle que soit leur cat\u00e9gorie et leur taille, toutes les agences de voyages et voyagistes cr\u00e9ent leurs propres applications de voyage pour prendre les meilleures dispositions pour les voyageurs, et proposent \u00e9galement des r\u00e9ductions et d&#039;autres avantages.<\/p>\n<h2>Quoi qu&#039;il en soit, voici quelques-uns des avantages des meilleures applications de voyage Zanzibar \/ Tanzanie\u00a0:<\/h2>\n<h3>Application Zanzibar - tout sous un m\u00eame toit<\/h3>\n<p>Les applications de voyage vous offrent toutes les aides dont vos besoins de voyage, telles que les d\u00e9tails des emplacements, les d\u00e9tails du restaurant, la r\u00e9servation de billets et la fonction de r\u00e9servation de billets, la possibilit\u00e9 de r\u00e9server un h\u00e9bergement via les applications d&#039;h\u00e9bergement de Zanzibar, un taxi et d&#039;explorer des exp\u00e9riences locales. Les touristes peuvent \u00e9galement planifier quand visiter cet endroit, avec les mises \u00e0 jour et la m\u00e9t\u00e9o.<\/p>\n<h3>Une plateforme qui propose des offres les plus \u00e9tonnantes<\/h3>\n<p>Aujourd\u2019hui, la concurrence s\u2019est rapidement accrue dans tous les secteurs d\u2019activit\u00e9. Ainsi, si les vacanciers ne fournissent pas les bonnes informations ou les bons bureaux aux clients, ils ne seront pas encourag\u00e9s \u00e0 acheter des offres. Offrir la meilleure exp\u00e9rience ne signifie donc pas fournir le meilleur service au bon moment. Vous devez \u00eatre suffisamment intelligent pour commercialiser vos offres de r\u00e9duction, en fait, cela doit \u00eatre au bon moment. Parce qu\u2019il est essentiel de garder \u00e0 l\u2019esprit que les clients soient \u00e9galement bien inform\u00e9s des tendances.<\/p>\n<h3>R\u00e9duisez la paperasse et simplifiez les transactions<\/h3>\n<p>Les voyageurs peuvent oublier le billet. Mais lorsqu\u2019ils ont une candidature, ils n\u2019ont pas besoin d\u2019h\u00e9siter. Une application mobile peut contenir tous les billets, y compris les billets d&#039;avion, les billets de r\u00e9servation d&#039;h\u00f4tel, les billets de train et autres documents essentiels li\u00e9s au voyage. Il peut garder leur temps et les guider 24h\/24 et 7j\/7.<\/p>\n<h3>Un outil marketing puissant<\/h3>\n<p>Les applications de voyage sont \u00e9galement utilis\u00e9es comme outils marketing puissants. Vous pouvez envisager cette id\u00e9e pour commercialiser votre entreprise. En cr\u00e9ant r\u00e9guli\u00e8rement du contenu riche en informations sur les id\u00e9es de voyage qui sont envoy\u00e9es sous forme d&#039;alertes push, on peut fid\u00e9liser la client\u00e8le.<\/p>\n<h3>Obtenez des images et des vid\u00e9os fid\u00e8les \u00e0 la destination<\/h3>\n<p>L&#039;application de voyage de l&#039;application Zanzibar permet de mieux planifier le voyage. Les clients du voyage peuvent obtenir le savoir-faire du lieu via une simple recherche Google int\u00e9gr\u00e9e \u00e0 l&#039;application. Dans une enqu\u00eate Google, soixante-six pour cent des personnes interrog\u00e9es ont d\u00e9clar\u00e9 regarder les vid\u00e9os du lieu avant d&#039;atterrir ici.<\/p>\n<h2>Applications de Zanzibar \u2013 les meilleures applications de voyage \u00e0 Zanzibar \/ Tanzanie<\/h2>\n<h3>1. Zanzibar App<\/h3>\n<p>Co\u00fbt : Gratuit | Disponibilit\u00e9 : Visite <a href=\"https:\/\/zanzibar.app\" target=\"_blank\" rel=\"noopener\">Application Zanzibar<\/a><\/p>\n<h3>2. Booking Tours in Zanzibar App<\/h3>\n<p>Co\u00fbt : Gratuit | Disponibilit\u00e9: <a href=\"https:\/\/play.google.com\/store\/apps\/details?id=com.tiketi\" target=\"_blank\" rel=\"noopener\">Jouer au magasin<\/a><\/p>","protected":false},"excerpt":{"rendered":"<p>Are you looking for best Zanzibar travel apps? Are you looking for best travel apps in Zanzibar, Tanzania? Discover some of the best Zanzibar travel apps for exploring Zanzibar that will make your Zanzibar holiday a breeze. Today Zanzibar apps &#8211; the best travel apps in Zanzibar have become a vital part of every business, [&hellip;]<\/p>\n","protected":false},"author":1,"featured_media":19675,"parent":0,"menu_order":0,"comment_status":"open","ping_status":"closed","template":"template-home-modern.php","meta":{"footnotes":""},"class_list":["post-10861","page","type-page","status-publish","has-post-thumbnail","hentry"],"yoast_head":"<!-- This site is optimized with the Yoast SEO plugin v27.3 - https:\/\/yoast.com\/product\/yoast-seo-wordpress\/ -->\n<title>Zanzibar apps - Best travel apps in Zanzibar \/ Tanzania<\/title>\n<meta name=\"description\" content=\"Are you looking for Zanzibar apps - best travel apps in Zanzibar, Tanzania? Discover some of the best Zanzibar travel apps for exploring Zanzibar\" \/>\n<meta name=\"robots\" content=\"index, follow, max-snippet:-1, max-image-preview:large, max-video-preview:-1\" \/>\n<link rel=\"canonical\" href=\"https:\/\/tiketi.com\/fr-fr\/best-travel-apps-zanzibar\/\" \/>\n<meta property=\"og:locale\" content=\"fr_FR\" \/>\n<meta property=\"og:type\" content=\"article\" \/>\n<meta property=\"og:title\" content=\"Zanzibar apps - Best travel apps in Zanzibar \/ Tanzania\" \/>\n<meta property=\"og:description\" content=\"Are you looking for Zanzibar apps - best travel apps in Zanzibar, Tanzania? Discover some of the best Zanzibar travel apps for exploring Zanzibar\" \/>\n<meta property=\"og:url\" content=\"https:\/\/tiketi.com\/fr-fr\/best-travel-apps-zanzibar\/\" \/>\n<meta property=\"og:site_name\" content=\"Tiketi.com\" \/>\n<meta property=\"article:publisher\" content=\"https:\/\/www.facebook.com\/TiketiCom\/\" \/>\n<meta property=\"article:modified_time\" content=\"2024-07-09T09:00:01+00:00\" \/>\n<meta property=\"og:image\" content=\"https:\/\/tiketi.com\/wp-content\/uploads\/2019\/05\/data-packages-2029825_1280.jpg\" \/>\n\t<meta property=\"og:image:width\" content=\"1200\" \/>\n\t<meta property=\"og:image:height\" content=\"200\" \/>\n\t<meta property=\"og:image:type\" content=\"image\/jpeg\" \/>\n<meta name=\"twitter:card\" content=\"summary_large_image\" \/>\n<meta name=\"twitter:label1\" content=\"Dur\u00e9e de lecture estim\u00e9e\" \/>\n\t<meta name=\"twitter:data1\" content=\"3 minutes\" \/>\n<script type=\"application\/ld+json\" class=\"yoast-schema-graph\">{\"@context\":\"https:\\\/\\\/schema.org\",\"@graph\":[{\"@type\":\"WebPage\",\"@id\":\"https:\\\/\\\/tiketi.com\\\/best-travel-apps-zanzibar\\\/\",\"url\":\"https:\\\/\\\/tiketi.com\\\/best-travel-apps-zanzibar\\\/\",\"name\":\"Zanzibar apps - Best travel apps in Zanzibar \\\/ Tanzania\",\"isPartOf\":{\"@id\":\"https:\\\/\\\/tiketi.com\\\/#website\"},\"primaryImageOfPage\":{\"@id\":\"https:\\\/\\\/tiketi.com\\\/best-travel-apps-zanzibar\\\/#primaryimage\"},\"image\":{\"@id\":\"https:\\\/\\\/tiketi.com\\\/best-travel-apps-zanzibar\\\/#primaryimage\"},\"thumbnailUrl\":\"https:\\\/\\\/tiketi.com\\\/wp-content\\\/uploads\\\/2019\\\/05\\\/data-packages-2029825_1280.jpg\",\"datePublished\":\"2022-01-19T11:53:54+00:00\",\"dateModified\":\"2024-07-09T09:00:01+00:00\",\"description\":\"Are you looking for Zanzibar apps - best travel apps in Zanzibar, Tanzania? Discover some of the best Zanzibar travel apps for exploring Zanzibar\",\"breadcrumb\":{\"@id\":\"https:\\\/\\\/tiketi.com\\\/best-travel-apps-zanzibar\\\/#breadcrumb\"},\"inLanguage\":\"fr-FR\",\"potentialAction\":[{\"@type\":\"ReadAction\",\"target\":[\"https:\\\/\\\/tiketi.com\\\/best-travel-apps-zanzibar\\\/\"]}]},{\"@type\":\"ImageObject\",\"inLanguage\":\"fr-FR\",\"@id\":\"https:\\\/\\\/tiketi.com\\\/best-travel-apps-zanzibar\\\/#primaryimage\",\"url\":\"https:\\\/\\\/tiketi.com\\\/wp-content\\\/uploads\\\/2019\\\/05\\\/data-packages-2029825_1280.jpg\",\"contentUrl\":\"https:\\\/\\\/tiketi.com\\\/wp-content\\\/uploads\\\/2019\\\/05\\\/data-packages-2029825_1280.jpg\",\"width\":1200,\"height\":200,\"caption\":\"How to get Data Plan \\\/ Packages \\\/ Top Up\"},{\"@type\":\"BreadcrumbList\",\"@id\":\"https:\\\/\\\/tiketi.com\\\/best-travel-apps-zanzibar\\\/#breadcrumb\",\"itemListElement\":[{\"@type\":\"ListItem\",\"position\":1,\"name\":\"Home\",\"item\":\"https:\\\/\\\/tiketi.com\\\/\"},{\"@type\":\"ListItem\",\"position\":2,\"name\":\"Zanzibar apps &#8211; Best travel apps in Zanzibar \\\/ Tanzania\"}]},{\"@type\":\"WebSite\",\"@id\":\"https:\\\/\\\/tiketi.com\\\/#website\",\"url\":\"https:\\\/\\\/tiketi.com\\\/\",\"name\":\"Flight & Bus Tickets, Tour Packages & Activitites - Tiketi.com\",\"description\":\"Flight &amp; Bus Tickets, Tours, Activitites\",\"publisher\":{\"@id\":\"https:\\\/\\\/tiketi.com\\\/#organization\"},\"potentialAction\":[{\"@type\":\"SearchAction\",\"target\":{\"@type\":\"EntryPoint\",\"urlTemplate\":\"https:\\\/\\\/tiketi.com\\\/?s={search_term_string}\"},\"query-input\":{\"@type\":\"PropertyValueSpecification\",\"valueRequired\":true,\"valueName\":\"search_term_string\"}}],\"inLanguage\":\"fr-FR\"},{\"@type\":\"Organization\",\"@id\":\"https:\\\/\\\/tiketi.com\\\/#organization\",\"name\":\"Tiketi.com\",\"alternateName\":\"Tiketi\",\"url\":\"https:\\\/\\\/tiketi.com\\\/\",\"logo\":{\"@type\":\"ImageObject\",\"inLanguage\":\"fr-FR\",\"@id\":\"https:\\\/\\\/tiketi.com\\\/#\\\/schema\\\/logo\\\/image\\\/\",\"url\":\"https:\\\/\\\/tiketi.com\\\/wp-content\\\/uploads\\\/2019\\\/05\\\/tiketi-logo-696.png\",\"contentUrl\":\"https:\\\/\\\/tiketi.com\\\/wp-content\\\/uploads\\\/2019\\\/05\\\/tiketi-logo-696.png\",\"width\":696,\"height\":696,\"caption\":\"Tiketi.com\"},\"image\":{\"@id\":\"https:\\\/\\\/tiketi.com\\\/#\\\/schema\\\/logo\\\/image\\\/\"},\"sameAs\":[\"https:\\\/\\\/www.facebook.com\\\/TiketiCom\\\/\"]}]}<\/script>\n<!-- \/ Yoast SEO plugin. -->","yoast_head_json":{"title":"Applications de Zanzibar - Meilleures applications de voyage \u00e0 Zanzibar \/ Tanzanie","description":"Recherchez-vous des applications pour Zanzibar - les meilleures applications de voyage \u00e0 Zanzibar, en Tanzanie\u00a0? D\u00e9couvrez certaines des meilleures applications de voyage \u00e0 Zanzibar pour explorer Zanzibar","robots":{"index":"index","follow":"follow","max-snippet":"max-snippet:-1","max-image-preview":"max-image-preview:large","max-video-preview":"max-video-preview:-1"},"canonical":"https:\/\/tiketi.com\/fr-fr\/best-travel-apps-zanzibar\/","og_locale":"fr_FR","og_type":"article","og_title":"Zanzibar apps - Best travel apps in Zanzibar \/ Tanzania","og_description":"Are you looking for Zanzibar apps - best travel apps in Zanzibar, Tanzania? Discover some of the best Zanzibar travel apps for exploring Zanzibar","og_url":"https:\/\/tiketi.com\/fr-fr\/best-travel-apps-zanzibar\/","og_site_name":"Tiketi.com","article_publisher":"https:\/\/www.facebook.com\/TiketiCom\/","article_modified_time":"2024-07-09T09:00:01+00:00","og_image":[{"width":1200,"height":200,"url":"https:\/\/tiketi.com\/wp-content\/uploads\/2019\/05\/data-packages-2029825_1280.jpg","type":"image\/jpeg"}],"twitter_card":"summary_large_image","twitter_misc":{"Dur\u00e9e de lecture estim\u00e9e":"3 minutes"},"schema":{"@context":"https:\/\/schema.org","@graph":[{"@type":"WebPage","@id":"https:\/\/tiketi.com\/best-travel-apps-zanzibar\/","url":"https:\/\/tiketi.com\/best-travel-apps-zanzibar\/","name":"Applications de Zanzibar - Meilleures applications de voyage \u00e0 Zanzibar \/ Tanzanie","isPartOf":{"@id":"https:\/\/tiketi.com\/#website"},"primaryImageOfPage":{"@id":"https:\/\/tiketi.com\/best-travel-apps-zanzibar\/#primaryimage"},"image":{"@id":"https:\/\/tiketi.com\/best-travel-apps-zanzibar\/#primaryimage"},"thumbnailUrl":"https:\/\/tiketi.com\/wp-content\/uploads\/2019\/05\/data-packages-2029825_1280.jpg","datePublished":"2022-01-19T11:53:54+00:00","dateModified":"2024-07-09T09:00:01+00:00","description":"Recherchez-vous des applications pour Zanzibar - les meilleures applications de voyage \u00e0 Zanzibar, en Tanzanie\u00a0? D\u00e9couvrez certaines des meilleures applications de voyage \u00e0 Zanzibar pour explorer Zanzibar","breadcrumb":{"@id":"https:\/\/tiketi.com\/best-travel-apps-zanzibar\/#breadcrumb"},"inLanguage":"fr-FR","potentialAction":[{"@type":"ReadAction","target":["https:\/\/tiketi.com\/best-travel-apps-zanzibar\/"]}]},{"@type":"ImageObject","inLanguage":"fr-FR","@id":"https:\/\/tiketi.com\/best-travel-apps-zanzibar\/#primaryimage","url":"https:\/\/tiketi.com\/wp-content\/uploads\/2019\/05\/data-packages-2029825_1280.jpg","contentUrl":"https:\/\/tiketi.com\/wp-content\/uploads\/2019\/05\/data-packages-2029825_1280.jpg","width":1200,"height":200,"caption":"How to get Data Plan \/ Packages \/ Top Up"},{"@type":"BreadcrumbList","@id":"https:\/\/tiketi.com\/best-travel-apps-zanzibar\/#breadcrumb","itemListElement":[{"@type":"ListItem","position":1,"name":"Home","item":"https:\/\/tiketi.com\/"},{"@type":"ListItem","position":2,"name":"Zanzibar apps &#8211; Best travel apps in Zanzibar \/ Tanzania"}]},{"@type":"WebSite","@id":"https:\/\/tiketi.com\/#website","url":"https:\/\/tiketi.com\/","name":"Billets d&#039;avion et de bus, forfaits touristiques et activit\u00e9s - Tiketi.com","description":"Billets d&#039;avion et de bus, Tours, Activit\u00e9s","publisher":{"@id":"https:\/\/tiketi.com\/#organization"},"potentialAction":[{"@type":"SearchAction","target":{"@type":"EntryPoint","urlTemplate":"https:\/\/tiketi.com\/?s={search_term_string}"},"query-input":{"@type":"PropertyValueSpecification","valueRequired":true,"valueName":"search_term_string"}}],"inLanguage":"fr-FR"},{"@type":"Organization","@id":"https:\/\/tiketi.com\/#organization","name":"Tiketi.com","alternateName":"Tiketi","url":"https:\/\/tiketi.com\/","logo":{"@type":"ImageObject","inLanguage":"fr-FR","@id":"https:\/\/tiketi.com\/#\/schema\/logo\/image\/","url":"https:\/\/tiketi.com\/wp-content\/uploads\/2019\/05\/tiketi-logo-696.png","contentUrl":"https:\/\/tiketi.com\/wp-content\/uploads\/2019\/05\/tiketi-logo-696.png","width":696,"height":696,"caption":"Tiketi.com"},"image":{"@id":"https:\/\/tiketi.com\/#\/schema\/logo\/image\/"},"sameAs":["https:\/\/www.facebook.com\/TiketiCom\/"]}]}},"_links":{"self":[{"href":"https:\/\/tiketi.com\/fr-fr\/wp-json\/wp\/v2\/pages\/10861","targetHints":{"allow":["GET"]}}],"collection":[{"href":"https:\/\/tiketi.com\/fr-fr\/wp-json\/wp\/v2\/pages"}],"about":[{"href":"https:\/\/tiketi.com\/fr-fr\/wp-json\/wp\/v2\/types\/page"}],"author":[{"embeddable":true,"href":"https:\/\/tiketi.com\/fr-fr\/wp-json\/wp\/v2\/users\/1"}],"replies":[{"embeddable":true,"href":"https:\/\/tiketi.com\/fr-fr\/wp-json\/wp\/v2\/comments?post=10861"}],"version-history":[{"count":0,"href":"https:\/\/tiketi.com\/fr-fr\/wp-json\/wp\/v2\/pages\/10861\/revisions"}],"wp:featuredmedia":[{"embeddable":true,"href":"https:\/\/tiketi.com\/fr-fr\/wp-json\/wp\/v2\/media\/19675"}],"wp:attachment":[{"href":"https:\/\/tiketi.com\/fr-fr\/wp-json\/wp\/v2\/media?parent=10861"}],"curies":[{"name":"wp","href":"https:\/\/api.w.org\/{rel}","templated":true}]}}