{"id":10867,"date":"2022-01-19T12:53:54","date_gmt":"2022-01-19T11:53:54","guid":{"rendered":"https:\/\/new.tiketi.com\/zanzibar-honeymoon-packages-from-kenya\/"},"modified":"2022-08-31T13:55:46","modified_gmt":"2022-08-31T12:55:46","slug":"zanzibar-honeymoon-packages-from-kenya","status":"publish","type":"page","link":"https:\/\/tiketi.com\/fr-fr\/zanzibar-honeymoon-packages-from-kenya\/","title":{"rendered":"Forfaits lune de miel \u00e0 Zanzibar depuis le Kenya"},"content":{"rendered":"<h2>R\u00e9servez des forfaits lune de miel bon march\u00e9 \u00e0 Zanzibar au d\u00e9part de Nairobi<\/h2>\n<h3>Recherchez, comparez et r\u00e9servez en ligne des forfaits lune de miel abordables \u00e0 Zanzibar au d\u00e9part de Nairobi <a href=\"https:\/\/tiketi.com\/fr-fr\/tours\/Tanzania\/Zanzibar\/\" target=\"_blank\" rel=\"noopener\">maintenant &gt;&gt;<\/a><\/h3>\n<p>Trouvez et comparez les forfaits lune de miel \u00e0 Zanzibar au d\u00e9part du Kenya en ligne avec les forfaits Tiketi.com. Zanzibar promet une exp\u00e9rience romantique et riche pour les couples d&#039;aventuriers qui souhaitent passer une lune de miel dans un lieu romantique. Comparez donc les forfaits lune de miel \u00e0 Zanzibar au d\u00e9part de Nairobi et r\u00e9servez en ligne d\u00e8s maintenant.<\/p>\n<p>Situ\u00e9 \u00e0 environ 35 km au large de la c\u00f4te est de la Tanzanie, Zanzibar est un archipel compos\u00e9 de l&#039;\u00eele cl\u00e9 d&#039;Unguja (g\u00e9n\u00e9ralement connue sous le nom de Zanzibar), de l&#039;\u00eele de Pemba, populaire pour sa p\u00eache en haute mer, et d&#039;une cinquantaine de petites \u00eeles environnantes et de r\u00e9cifs coralliens.<\/p>\n<p>La romance s&#039;\u00e9panouira en vous promenant dans les rues \u00e9troites et ombrag\u00e9es de Stone Town, la capitale de la ville, par un apr\u00e8s-midi \u00e9touffant. Ici, vous pouvez presque sentir l&#039;odeur de la cannelle, du clou de girofle et de la muscade dans l&#039;air lorsque vous entendez l&#039;appel \u00e0 la pri\u00e8re qui vous fait signe depuis l&#039;une des cinquante mosqu\u00e9es de la ville.<\/p>\n<h2>Voici quelques-unes des meilleures choses \u00e0 faire \u00e0 Zanzibar pour les couples en lune de miel avec des forfaits lune de miel \u00e0 Zanzibar au d\u00e9part du Kenya\u00a0:<\/h2>\n<h3>Visitez la maison des merveilles<\/h3>\n<p>Situ\u00e9 sur le front de mer dans une ville de pierre et construit en 1883, ce b\u00e2timent est l&#039;un des 6 sites construits par Barghash bin Said et le deuxi\u00e8me sultan de Zanzibar. L&#039;un des b\u00e2timents les plus parfaits de la r\u00e9gion, la Maison des Merveilles abrite d\u00e9sormais un mus\u00e9e qui expose de nombreux objets refl\u00e9tant la diversit\u00e9 de la culture zanzibarienne.<\/p>\n<h3>D\u00e9couvrez le festival du film<\/h3>\n<p>Si vous souhaitez vous rendre \u00e0 Zanzibar en \u00e9t\u00e9 avec des forfaits lune de miel \u00e0 Zanzibar au d\u00e9part de Nairobi, planifiez votre visite pour qu&#039;elle co\u00efncide avec le festival international du film de Zanzibar - le plus grand festival du film, des arts et de la musique d&#039;Afrique de l&#039;Est. Cet \u00e9v\u00e9nement pr\u00e9sente le cin\u00e9ma, l&#039;art et la musique africains \u00e0 leur meilleur. Des \u00e9v\u00e9nements cl\u00e9s ont lieu \u00e0 Stone Town, certains se tiennent sur l&#039;\u00eele de Pemba et sur la terre cl\u00e9 de la Tanzanie.<\/p>\n<h3>D\u00e9couvrez la p\u00eache en haute mer<\/h3>\n<p>R\u00e9put\u00e9e pour son incroyable p\u00eache au gros, une lune de miel \u00e0 Zanzibar peut offrir une aventure exaltante en haute mer alors que vous chassez le porte-\u00e9p\u00e9e jaune, le thon fin, le marlin bleu et d&#039;autres poissons originaires des eaux domestiques. Des charters d&#039;une demi-journ\u00e9e et d&#039;une journ\u00e9e compl\u00e8te sont accessibles depuis le club de p\u00eache du canal de Pemba ou la p\u00eache \u00e0 Zanzibar.<\/p>\n<h3>Naviguer sur un boutre<\/h3>\n<p>Faites une croisi\u00e8re romantique au coucher du soleil avec la v\u00e9ritable entreprise de safari Dhow. Partez par la jet\u00e9e de Dolphin View Paradise sur un boutre, un voilier en bois fabriqu\u00e9 \u00e0 la main semblable \u00e0 ceux qui ont navigu\u00e9 sur la c\u00f4te africaine pendant des si\u00e8cles. Avec des cocktails \u00e0 la main, vous pouvez voir un coucher de soleil remarquable. Pour ceux qui planifient un mariage sur place, vous pouvez \u00e9galement naviguer vers un banc de sable juste \u00e0 c\u00f4t\u00e9 de la ville de pierre o\u00f9 une \u00abchapelle\u00bb sera construite pour votre c\u00e9r\u00e9monie priv\u00e9e avant que vous et vos visiteurs ne reveniez \u00e0 terre pour une joyeuse r\u00e9ception de mariage dans l&#039;un des domestiques restaurants et h\u00f4tels.<\/p>","protected":false},"excerpt":{"rendered":"<p>Book cheap Zanzibar honeymoon packages from Nairobi Search, compare and book affordable Zanzibar honeymoon packages from Nairobi online now &gt;&gt; Find and compare cheap Zanzibar honeymoon packages from Kenya online with Tiketi.com packages. Zanzibar promises a romantic, rich experience for those adventures couples looking to honeymoon in a romantic place. So compare Zanzibar honeymoon packages [&hellip;]<\/p>\n","protected":false},"author":1,"featured_media":21347,"parent":0,"menu_order":0,"comment_status":"open","ping_status":"closed","template":"template-home-modern.php","meta":{"footnotes":""},"class_list":["post-10867","page","type-page","status-publish","has-post-thumbnail","hentry"],"yoast_head":"<!-- This site is optimized with the Yoast SEO plugin v27.3 - https:\/\/yoast.com\/product\/yoast-seo-wordpress\/ -->\n<title>Zanzibar honeymoon packages from Kenya<\/title>\n<meta name=\"description\" content=\"Looking for cheap Zanzibar honeymoon packages from Kenya? Book affordable Zanzibar honeymoon packages from Kenya online!\" \/>\n<meta name=\"robots\" content=\"index, follow, max-snippet:-1, max-image-preview:large, max-video-preview:-1\" \/>\n<link rel=\"canonical\" href=\"https:\/\/tiketi.com\/fr-fr\/zanzibar-honeymoon-packages-from-kenya\/\" \/>\n<meta property=\"og:locale\" content=\"fr_FR\" \/>\n<meta property=\"og:type\" content=\"article\" \/>\n<meta property=\"og:title\" content=\"Zanzibar honeymoon packages from Kenya\" \/>\n<meta property=\"og:description\" content=\"Looking for cheap Zanzibar honeymoon packages from Kenya? Book affordable Zanzibar honeymoon packages from Kenya online!\" \/>\n<meta property=\"og:url\" content=\"https:\/\/tiketi.com\/fr-fr\/zanzibar-honeymoon-packages-from-kenya\/\" \/>\n<meta property=\"og:site_name\" content=\"Tiketi.com\" \/>\n<meta property=\"article:publisher\" content=\"https:\/\/www.facebook.com\/TiketiCom\/\" \/>\n<meta property=\"article:modified_time\" content=\"2022-08-31T12:55:46+00:00\" \/>\n<meta property=\"og:image\" content=\"https:\/\/tiketi.com\/wp-content\/uploads\/2022\/02\/zanzibar-beach-1582161_1280.jpg\" \/>\n\t<meta property=\"og:image:width\" content=\"1200\" \/>\n\t<meta property=\"og:image:height\" content=\"200\" \/>\n\t<meta property=\"og:image:type\" content=\"image\/jpeg\" \/>\n<meta name=\"twitter:card\" content=\"summary_large_image\" \/>\n<meta name=\"twitter:label1\" content=\"Dur\u00e9e de lecture estim\u00e9e\" \/>\n\t<meta name=\"twitter:data1\" content=\"3 minutes\" \/>\n<script type=\"application\/ld+json\" class=\"yoast-schema-graph\">{\"@context\":\"https:\\\/\\\/schema.org\",\"@graph\":[{\"@type\":\"WebPage\",\"@id\":\"https:\\\/\\\/tiketi.com\\\/zanzibar-honeymoon-packages-from-kenya\\\/\",\"url\":\"https:\\\/\\\/tiketi.com\\\/zanzibar-honeymoon-packages-from-kenya\\\/\",\"name\":\"Zanzibar honeymoon packages from Kenya\",\"isPartOf\":{\"@id\":\"https:\\\/\\\/tiketi.com\\\/#website\"},\"primaryImageOfPage\":{\"@id\":\"https:\\\/\\\/tiketi.com\\\/zanzibar-honeymoon-packages-from-kenya\\\/#primaryimage\"},\"image\":{\"@id\":\"https:\\\/\\\/tiketi.com\\\/zanzibar-honeymoon-packages-from-kenya\\\/#primaryimage\"},\"thumbnailUrl\":\"https:\\\/\\\/tiketi.com\\\/wp-content\\\/uploads\\\/2022\\\/02\\\/zanzibar-beach-1582161_1280.jpg\",\"datePublished\":\"2022-01-19T11:53:54+00:00\",\"dateModified\":\"2022-08-31T12:55:46+00:00\",\"description\":\"Looking for cheap Zanzibar honeymoon packages from Kenya? Book affordable Zanzibar honeymoon packages from Kenya online!\",\"breadcrumb\":{\"@id\":\"https:\\\/\\\/tiketi.com\\\/zanzibar-honeymoon-packages-from-kenya\\\/#breadcrumb\"},\"inLanguage\":\"fr-FR\",\"potentialAction\":[{\"@type\":\"ReadAction\",\"target\":[\"https:\\\/\\\/tiketi.com\\\/zanzibar-honeymoon-packages-from-kenya\\\/\"]}]},{\"@type\":\"ImageObject\",\"inLanguage\":\"fr-FR\",\"@id\":\"https:\\\/\\\/tiketi.com\\\/zanzibar-honeymoon-packages-from-kenya\\\/#primaryimage\",\"url\":\"https:\\\/\\\/tiketi.com\\\/wp-content\\\/uploads\\\/2022\\\/02\\\/zanzibar-beach-1582161_1280.jpg\",\"contentUrl\":\"https:\\\/\\\/tiketi.com\\\/wp-content\\\/uploads\\\/2022\\\/02\\\/zanzibar-beach-1582161_1280.jpg\",\"width\":1200,\"height\":200,\"caption\":\"The Residence Zanzibar Tour Packages\"},{\"@type\":\"BreadcrumbList\",\"@id\":\"https:\\\/\\\/tiketi.com\\\/zanzibar-honeymoon-packages-from-kenya\\\/#breadcrumb\",\"itemListElement\":[{\"@type\":\"ListItem\",\"position\":1,\"name\":\"Home\",\"item\":\"https:\\\/\\\/tiketi.com\\\/\"},{\"@type\":\"ListItem\",\"position\":2,\"name\":\"Zanzibar honeymoon packages from Kenya\"}]},{\"@type\":\"WebSite\",\"@id\":\"https:\\\/\\\/tiketi.com\\\/#website\",\"url\":\"https:\\\/\\\/tiketi.com\\\/\",\"name\":\"Flight & Bus Tickets, Tour Packages & Activitites - Tiketi.com\",\"description\":\"Flight &amp; Bus Tickets, Tours, Activitites\",\"publisher\":{\"@id\":\"https:\\\/\\\/tiketi.com\\\/#organization\"},\"potentialAction\":[{\"@type\":\"SearchAction\",\"target\":{\"@type\":\"EntryPoint\",\"urlTemplate\":\"https:\\\/\\\/tiketi.com\\\/?s={search_term_string}\"},\"query-input\":{\"@type\":\"PropertyValueSpecification\",\"valueRequired\":true,\"valueName\":\"search_term_string\"}}],\"inLanguage\":\"fr-FR\"},{\"@type\":\"Organization\",\"@id\":\"https:\\\/\\\/tiketi.com\\\/#organization\",\"name\":\"Tiketi.com\",\"alternateName\":\"Tiketi\",\"url\":\"https:\\\/\\\/tiketi.com\\\/\",\"logo\":{\"@type\":\"ImageObject\",\"inLanguage\":\"fr-FR\",\"@id\":\"https:\\\/\\\/tiketi.com\\\/#\\\/schema\\\/logo\\\/image\\\/\",\"url\":\"https:\\\/\\\/tiketi.com\\\/wp-content\\\/uploads\\\/2019\\\/05\\\/tiketi-logo-696.png\",\"contentUrl\":\"https:\\\/\\\/tiketi.com\\\/wp-content\\\/uploads\\\/2019\\\/05\\\/tiketi-logo-696.png\",\"width\":696,\"height\":696,\"caption\":\"Tiketi.com\"},\"image\":{\"@id\":\"https:\\\/\\\/tiketi.com\\\/#\\\/schema\\\/logo\\\/image\\\/\"},\"sameAs\":[\"https:\\\/\\\/www.facebook.com\\\/TiketiCom\\\/\"]}]}<\/script>\n<!-- \/ Yoast SEO plugin. -->","yoast_head_json":{"title":"Forfaits lune de miel \u00e0 Zanzibar depuis le Kenya","description":"Vous recherchez des forfaits lune de miel bon march\u00e9 \u00e0 Zanzibar au d\u00e9part du Kenya ? R\u00e9servez en ligne des forfaits lune de miel abordables \u00e0 Zanzibar depuis le Kenya !","robots":{"index":"index","follow":"follow","max-snippet":"max-snippet:-1","max-image-preview":"max-image-preview:large","max-video-preview":"max-video-preview:-1"},"canonical":"https:\/\/tiketi.com\/fr-fr\/zanzibar-honeymoon-packages-from-kenya\/","og_locale":"fr_FR","og_type":"article","og_title":"Zanzibar honeymoon packages from Kenya","og_description":"Looking for cheap Zanzibar honeymoon packages from Kenya? Book affordable Zanzibar honeymoon packages from Kenya online!","og_url":"https:\/\/tiketi.com\/fr-fr\/zanzibar-honeymoon-packages-from-kenya\/","og_site_name":"Tiketi.com","article_publisher":"https:\/\/www.facebook.com\/TiketiCom\/","article_modified_time":"2022-08-31T12:55:46+00:00","og_image":[{"width":1200,"height":200,"url":"https:\/\/tiketi.com\/wp-content\/uploads\/2022\/02\/zanzibar-beach-1582161_1280.jpg","type":"image\/jpeg"}],"twitter_card":"summary_large_image","twitter_misc":{"Dur\u00e9e de lecture estim\u00e9e":"3 minutes"},"schema":{"@context":"https:\/\/schema.org","@graph":[{"@type":"WebPage","@id":"https:\/\/tiketi.com\/zanzibar-honeymoon-packages-from-kenya\/","url":"https:\/\/tiketi.com\/zanzibar-honeymoon-packages-from-kenya\/","name":"Forfaits lune de miel \u00e0 Zanzibar depuis le Kenya","isPartOf":{"@id":"https:\/\/tiketi.com\/#website"},"primaryImageOfPage":{"@id":"https:\/\/tiketi.com\/zanzibar-honeymoon-packages-from-kenya\/#primaryimage"},"image":{"@id":"https:\/\/tiketi.com\/zanzibar-honeymoon-packages-from-kenya\/#primaryimage"},"thumbnailUrl":"https:\/\/tiketi.com\/wp-content\/uploads\/2022\/02\/zanzibar-beach-1582161_1280.jpg","datePublished":"2022-01-19T11:53:54+00:00","dateModified":"2022-08-31T12:55:46+00:00","description":"Vous recherchez des forfaits lune de miel bon march\u00e9 \u00e0 Zanzibar au d\u00e9part du Kenya ? R\u00e9servez en ligne des forfaits lune de miel abordables \u00e0 Zanzibar depuis le Kenya !","breadcrumb":{"@id":"https:\/\/tiketi.com\/zanzibar-honeymoon-packages-from-kenya\/#breadcrumb"},"inLanguage":"fr-FR","potentialAction":[{"@type":"ReadAction","target":["https:\/\/tiketi.com\/zanzibar-honeymoon-packages-from-kenya\/"]}]},{"@type":"ImageObject","inLanguage":"fr-FR","@id":"https:\/\/tiketi.com\/zanzibar-honeymoon-packages-from-kenya\/#primaryimage","url":"https:\/\/tiketi.com\/wp-content\/uploads\/2022\/02\/zanzibar-beach-1582161_1280.jpg","contentUrl":"https:\/\/tiketi.com\/wp-content\/uploads\/2022\/02\/zanzibar-beach-1582161_1280.jpg","width":1200,"height":200,"caption":"The Residence Zanzibar Tour Packages"},{"@type":"BreadcrumbList","@id":"https:\/\/tiketi.com\/zanzibar-honeymoon-packages-from-kenya\/#breadcrumb","itemListElement":[{"@type":"ListItem","position":1,"name":"Home","item":"https:\/\/tiketi.com\/"},{"@type":"ListItem","position":2,"name":"Zanzibar honeymoon packages from Kenya"}]},{"@type":"WebSite","@id":"https:\/\/tiketi.com\/#website","url":"https:\/\/tiketi.com\/","name":"Billets d&#039;avion et de bus, forfaits touristiques et activit\u00e9s - Tiketi.com","description":"Billets d&#039;avion et de bus, Tours, Activit\u00e9s","publisher":{"@id":"https:\/\/tiketi.com\/#organization"},"potentialAction":[{"@type":"SearchAction","target":{"@type":"EntryPoint","urlTemplate":"https:\/\/tiketi.com\/?s={search_term_string}"},"query-input":{"@type":"PropertyValueSpecification","valueRequired":true,"valueName":"search_term_string"}}],"inLanguage":"fr-FR"},{"@type":"Organization","@id":"https:\/\/tiketi.com\/#organization","name":"Tiketi.com","alternateName":"Tiketi","url":"https:\/\/tiketi.com\/","logo":{"@type":"ImageObject","inLanguage":"fr-FR","@id":"https:\/\/tiketi.com\/#\/schema\/logo\/image\/","url":"https:\/\/tiketi.com\/wp-content\/uploads\/2019\/05\/tiketi-logo-696.png","contentUrl":"https:\/\/tiketi.com\/wp-content\/uploads\/2019\/05\/tiketi-logo-696.png","width":696,"height":696,"caption":"Tiketi.com"},"image":{"@id":"https:\/\/tiketi.com\/#\/schema\/logo\/image\/"},"sameAs":["https:\/\/www.facebook.com\/TiketiCom\/"]}]}},"_links":{"self":[{"href":"https:\/\/tiketi.com\/fr-fr\/wp-json\/wp\/v2\/pages\/10867","targetHints":{"allow":["GET"]}}],"collection":[{"href":"https:\/\/tiketi.com\/fr-fr\/wp-json\/wp\/v2\/pages"}],"about":[{"href":"https:\/\/tiketi.com\/fr-fr\/wp-json\/wp\/v2\/types\/page"}],"author":[{"embeddable":true,"href":"https:\/\/tiketi.com\/fr-fr\/wp-json\/wp\/v2\/users\/1"}],"replies":[{"embeddable":true,"href":"https:\/\/tiketi.com\/fr-fr\/wp-json\/wp\/v2\/comments?post=10867"}],"version-history":[{"count":0,"href":"https:\/\/tiketi.com\/fr-fr\/wp-json\/wp\/v2\/pages\/10867\/revisions"}],"wp:featuredmedia":[{"embeddable":true,"href":"https:\/\/tiketi.com\/fr-fr\/wp-json\/wp\/v2\/media\/21347"}],"wp:attachment":[{"href":"https:\/\/tiketi.com\/fr-fr\/wp-json\/wp\/v2\/media?parent=10867"}],"curies":[{"name":"wp","href":"https:\/\/api.w.org\/{rel}","templated":true}]}}