{"id":10875,"date":"2022-01-19T12:53:56","date_gmt":"2022-01-19T11:53:56","guid":{"rendered":"https:\/\/new.tiketi.com\/how-to-get-data-plan-of-etisalat-uae-internet-packages-bundles\/"},"modified":"2022-02-15T08:51:29","modified_gmt":"2022-02-15T07:51:29","slug":"internet-mobile-etisalat-uae-data-plans-bundle","status":"publish","type":"page","link":"https:\/\/tiketi.com\/fr-fr\/internet-mobile-etisalat-uae-data-plans-bundle\/","title":{"rendered":"Comment obtenir le plan de donn\u00e9es des forfaits \/ forfaits Internet Etisalat UAE"},"content":{"rendered":"<h2>Etisalat UAE Emirates Dataplan, Bundles, Codes d&#039;abonnement et prix<\/h2>\n<p>Voici la liste de tous les plans de donn\u00e9es et prix Etisalat UAE \/ Forfaits Internet Etisalat UAE \/ bundles. Etisalat par la soci\u00e9t\u00e9 Emirates Telecommunications Group PJSC, en arabe : \u0645\u0624\u0633\u0633\u0629 \u0627\u0644\u0625\u0645\u0627\u0631\u0627\u062a \u0644\u0644\u0627\u062a\u0635\u0627\u0644\u0627\u062a\u200e. Trouvez les prix des forfaits de donn\u00e9es Etisalat UAE Emirates bon march\u00e9\u00a0:<\/p>\n<h2>Voici comment obtenir les plans de donn\u00e9es et les prix d&#039;Etisalat UAE Emirates \/ Forfaits Internet Etisalat UAE \/ bundles<\/h2>\n<p>Etisalat est le plus grand op\u00e9rateur de t\u00e9l\u00e9communications avec treize millions de clients et la meilleure couverture mobile 3G et 4G aux \u00c9mirats arabes unis. Il appartient en partie \u00e0 l&#039;\u00c9tat et est davantage ax\u00e9 sur le march\u00e9 int\u00e9rieur.<\/p>\n<p>Avec la relance de leur carte pr\u00e9pay\u00e9e connue sous le nom de Wasel, des forfaits Internet mobiles abordables sont enfin accessibles par etisalat. La Wasel SIM est accessible pour 55 AED en mini, nano-SIM, micro avec un bonus d&#039;un AED valable pour une journ\u00e9e.<\/p>\n<h3>Forfaits de donn\u00e9es et prix Etisalat UAE<\/h3>\n<p>Les donn\u00e9es par d\u00e9faut sont limit\u00e9es pour arr\u00eater les charges accidentelles. Vous pouvez vous abonner \u00e0 des blocs Super Data \u00e0 utiliser en cas d&#039;urgence \u00e0 1,05 AED par vingt Mo.<\/p>\n<table border=\"0\" cellpadding=\"0\">\n<tbody>\n<tr>\n<td>\n<h3><strong>Plans de donn\u00e9es des \u00c9mirats arabes unis\u200b par jour\u00a0 \u00a0<\/strong><\/h3>\n<\/td>\n<td><strong>pour 1 jour\u00a0 \u00a0 \u00a0 \u00a0\u00a0<\/strong><\/td>\n<td><strong>pendant 7 jours\u00a0 \u00a0 \u00a0<\/strong><\/td>\n<td><strong>pendant 28 jours\u00a0 \u00a0 \u00a0 \u00a0<\/strong><\/td>\n<\/tr>\n<tr>\n<td>75 Mo<\/td>\n<td>2,5 AED<\/td>\n<td>15 AED<\/td>\n<td>42 AED<\/td>\n<\/tr>\n<tr>\n<td>150 Mo<\/td>\n<td>DEA 4.2<\/td>\n<td>25 AED<\/td>\n<td>AED 63<\/td>\n<\/tr>\n<tr>\n<td>250 Mo<\/td>\n<td>AED 8<\/td>\n<td>40 AED<\/td>\n<td>90 AED<\/td>\n<\/tr>\n<tr>\n<td>500 Mo<\/td>\n<td>15 AED<\/td>\n<td>60 AED<\/td>\n<td>130 AED<\/td>\n<\/tr>\n<tr>\n<td>1 Go<\/td>\n<td>30 AED<\/td>\n<td>100 AED<\/td>\n<td>200 AED<\/td>\n<\/tr>\n<\/tbody>\n<\/table>\n<h2>Etisalat Emirats Arabes Unis<strong>\u00a0<\/strong>Vitesse Internet<\/h2>\n<p><strong>Signal:<\/strong><br \/>\n<strong>Vitesse de pointe\u00a0:<\/strong><br \/>\n<strong>Vitesse moyenne de navigation sur Internet\u00a0:<\/strong><\/p>\n<p>Etisalat UAE Emirates regroupe les informations ci-dessus, les prix et les codes d&#039;abonnement sont valables selon notre derni\u00e8re mise \u00e0 jour 2020.<\/p>","protected":false},"excerpt":{"rendered":"<p>Etisalat UAE\u00a0Emirates Dataplan, Bundles, Subscription Codes and prices Here is the list of every Etisalat UAE\u00a0data plans and prices\u00a0\/ Etisalat UAE internet packages \/ bundles. Etisalat by the Emirates Telecommunications Group firm PJSC, in Arabic: \u0645\u0624\u0633\u0633\u0629 \u0627\u0644\u0625\u0645\u0627\u0631\u0627\u062a \u0644\u0644\u0627\u062a\u0635\u0627\u0644\u0627\u062a\u200e.\u00a0\u00a0Find cheap Etisalat UAE\u00a0Emirates data bundle prices: Here is how to get Etisalat UAE\u00a0Emirates data plans and prices\u00a0\/ [&hellip;]<\/p>\n","protected":false},"author":1,"featured_media":19675,"parent":0,"menu_order":0,"comment_status":"open","ping_status":"closed","template":"template-home-modern.php","meta":{"footnotes":""},"class_list":["post-10875","page","type-page","status-publish","has-post-thumbnail","hentry"],"yoast_head":"<!-- This site is optimized with the Yoast SEO plugin v27.3 - https:\/\/yoast.com\/product\/yoast-seo-wordpress\/ -->\n<title>How to get data plan of Etisalat UAE\u00a0internet packages \/ bundles<\/title>\n<meta name=\"description\" content=\"Are you looking for cheap dataplans of Etisalat UAE data bundles, speed, subscription codes and prices? Here is how to get data plan of Etisalat UAE\u00a0internet packages \/ bundles\" \/>\n<meta name=\"robots\" content=\"index, follow, max-snippet:-1, max-image-preview:large, max-video-preview:-1\" \/>\n<link rel=\"canonical\" href=\"https:\/\/tiketi.com\/fr-fr\/internet-mobile-etisalat-uae-data-plans-bundle\/\" \/>\n<meta property=\"og:locale\" content=\"fr_FR\" \/>\n<meta property=\"og:type\" content=\"article\" \/>\n<meta property=\"og:title\" content=\"How to get data plan of Etisalat UAE\u00a0internet packages \/ bundles\" \/>\n<meta property=\"og:description\" content=\"Are you looking for cheap dataplans of Etisalat UAE data bundles, speed, subscription codes and prices? Here is how to get data plan of Etisalat UAE\u00a0internet packages \/ bundles\" \/>\n<meta property=\"og:url\" content=\"https:\/\/tiketi.com\/fr-fr\/internet-mobile-etisalat-uae-data-plans-bundle\/\" \/>\n<meta property=\"og:site_name\" content=\"Tiketi.com\" \/>\n<meta property=\"article:publisher\" content=\"https:\/\/www.facebook.com\/TiketiCom\/\" \/>\n<meta property=\"article:modified_time\" content=\"2022-02-15T07:51:29+00:00\" \/>\n<meta property=\"og:image\" content=\"https:\/\/tiketi.com\/wp-content\/uploads\/2019\/05\/data-packages-2029825_1280.jpg\" \/>\n\t<meta property=\"og:image:width\" content=\"1200\" \/>\n\t<meta property=\"og:image:height\" content=\"200\" \/>\n\t<meta property=\"og:image:type\" content=\"image\/jpeg\" \/>\n<meta name=\"twitter:card\" content=\"summary_large_image\" \/>\n<meta name=\"twitter:label1\" content=\"Dur\u00e9e de lecture estim\u00e9e\" \/>\n\t<meta name=\"twitter:data1\" content=\"2 minutes\" \/>\n<script type=\"application\/ld+json\" class=\"yoast-schema-graph\">{\"@context\":\"https:\\\/\\\/schema.org\",\"@graph\":[{\"@type\":\"WebPage\",\"@id\":\"https:\\\/\\\/tiketi.com\\\/internet-mobile-etisalat-uae-data-plans-bundle\\\/\",\"url\":\"https:\\\/\\\/tiketi.com\\\/internet-mobile-etisalat-uae-data-plans-bundle\\\/\",\"name\":\"How to get data plan of Etisalat UAE\u00a0internet packages \\\/ bundles\",\"isPartOf\":{\"@id\":\"https:\\\/\\\/tiketi.com\\\/#website\"},\"primaryImageOfPage\":{\"@id\":\"https:\\\/\\\/tiketi.com\\\/internet-mobile-etisalat-uae-data-plans-bundle\\\/#primaryimage\"},\"image\":{\"@id\":\"https:\\\/\\\/tiketi.com\\\/internet-mobile-etisalat-uae-data-plans-bundle\\\/#primaryimage\"},\"thumbnailUrl\":\"https:\\\/\\\/tiketi.com\\\/wp-content\\\/uploads\\\/2019\\\/05\\\/data-packages-2029825_1280.jpg\",\"datePublished\":\"2022-01-19T11:53:56+00:00\",\"dateModified\":\"2022-02-15T07:51:29+00:00\",\"description\":\"Are you looking for cheap dataplans of Etisalat UAE data bundles, speed, subscription codes and prices? Here is how to get data plan of Etisalat UAE\u00a0internet packages \\\/ bundles\",\"breadcrumb\":{\"@id\":\"https:\\\/\\\/tiketi.com\\\/internet-mobile-etisalat-uae-data-plans-bundle\\\/#breadcrumb\"},\"inLanguage\":\"fr-FR\",\"potentialAction\":[{\"@type\":\"ReadAction\",\"target\":[\"https:\\\/\\\/tiketi.com\\\/internet-mobile-etisalat-uae-data-plans-bundle\\\/\"]}]},{\"@type\":\"ImageObject\",\"inLanguage\":\"fr-FR\",\"@id\":\"https:\\\/\\\/tiketi.com\\\/internet-mobile-etisalat-uae-data-plans-bundle\\\/#primaryimage\",\"url\":\"https:\\\/\\\/tiketi.com\\\/wp-content\\\/uploads\\\/2019\\\/05\\\/data-packages-2029825_1280.jpg\",\"contentUrl\":\"https:\\\/\\\/tiketi.com\\\/wp-content\\\/uploads\\\/2019\\\/05\\\/data-packages-2029825_1280.jpg\",\"width\":1200,\"height\":200,\"caption\":\"How to get Data Plan \\\/ Packages \\\/ Top Up\"},{\"@type\":\"BreadcrumbList\",\"@id\":\"https:\\\/\\\/tiketi.com\\\/internet-mobile-etisalat-uae-data-plans-bundle\\\/#breadcrumb\",\"itemListElement\":[{\"@type\":\"ListItem\",\"position\":1,\"name\":\"Home\",\"item\":\"https:\\\/\\\/tiketi.com\\\/\"},{\"@type\":\"ListItem\",\"position\":2,\"name\":\"How to get data plan of Etisalat UAE\u00a0internet packages \\\/ bundles\"}]},{\"@type\":\"WebSite\",\"@id\":\"https:\\\/\\\/tiketi.com\\\/#website\",\"url\":\"https:\\\/\\\/tiketi.com\\\/\",\"name\":\"Flight & Bus Tickets, Tour Packages & Activitites - Tiketi.com\",\"description\":\"Flight &amp; Bus Tickets, Tours, Activitites\",\"publisher\":{\"@id\":\"https:\\\/\\\/tiketi.com\\\/#organization\"},\"potentialAction\":[{\"@type\":\"SearchAction\",\"target\":{\"@type\":\"EntryPoint\",\"urlTemplate\":\"https:\\\/\\\/tiketi.com\\\/?s={search_term_string}\"},\"query-input\":{\"@type\":\"PropertyValueSpecification\",\"valueRequired\":true,\"valueName\":\"search_term_string\"}}],\"inLanguage\":\"fr-FR\"},{\"@type\":\"Organization\",\"@id\":\"https:\\\/\\\/tiketi.com\\\/#organization\",\"name\":\"Tiketi.com\",\"alternateName\":\"Tiketi\",\"url\":\"https:\\\/\\\/tiketi.com\\\/\",\"logo\":{\"@type\":\"ImageObject\",\"inLanguage\":\"fr-FR\",\"@id\":\"https:\\\/\\\/tiketi.com\\\/#\\\/schema\\\/logo\\\/image\\\/\",\"url\":\"https:\\\/\\\/tiketi.com\\\/wp-content\\\/uploads\\\/2019\\\/05\\\/tiketi-logo-696.png\",\"contentUrl\":\"https:\\\/\\\/tiketi.com\\\/wp-content\\\/uploads\\\/2019\\\/05\\\/tiketi-logo-696.png\",\"width\":696,\"height\":696,\"caption\":\"Tiketi.com\"},\"image\":{\"@id\":\"https:\\\/\\\/tiketi.com\\\/#\\\/schema\\\/logo\\\/image\\\/\"},\"sameAs\":[\"https:\\\/\\\/www.facebook.com\\\/TiketiCom\\\/\"]}]}<\/script>\n<!-- \/ Yoast SEO plugin. -->","yoast_head_json":{"title":"Comment obtenir le plan de donn\u00e9es des forfaits \/ forfaits Internet Etisalat UAE","description":"\u00cates-vous \u00e0 la recherche de forfaits de donn\u00e9es bon march\u00e9 pour les forfaits de donn\u00e9es Etisalat UAE, la vitesse, les codes d&#039;abonnement et les prix\u00a0? Voici comment obtenir le plan de donn\u00e9es des forfaits \/ forfaits Internet Etisalat UAE","robots":{"index":"index","follow":"follow","max-snippet":"max-snippet:-1","max-image-preview":"max-image-preview:large","max-video-preview":"max-video-preview:-1"},"canonical":"https:\/\/tiketi.com\/fr-fr\/internet-mobile-etisalat-uae-data-plans-bundle\/","og_locale":"fr_FR","og_type":"article","og_title":"How to get data plan of Etisalat UAE\u00a0internet packages \/ bundles","og_description":"Are you looking for cheap dataplans of Etisalat UAE data bundles, speed, subscription codes and prices? Here is how to get data plan of Etisalat UAE\u00a0internet packages \/ bundles","og_url":"https:\/\/tiketi.com\/fr-fr\/internet-mobile-etisalat-uae-data-plans-bundle\/","og_site_name":"Tiketi.com","article_publisher":"https:\/\/www.facebook.com\/TiketiCom\/","article_modified_time":"2022-02-15T07:51:29+00:00","og_image":[{"width":1200,"height":200,"url":"https:\/\/tiketi.com\/wp-content\/uploads\/2019\/05\/data-packages-2029825_1280.jpg","type":"image\/jpeg"}],"twitter_card":"summary_large_image","twitter_misc":{"Dur\u00e9e de lecture estim\u00e9e":"2 minutes"},"schema":{"@context":"https:\/\/schema.org","@graph":[{"@type":"WebPage","@id":"https:\/\/tiketi.com\/internet-mobile-etisalat-uae-data-plans-bundle\/","url":"https:\/\/tiketi.com\/internet-mobile-etisalat-uae-data-plans-bundle\/","name":"Comment obtenir le plan de donn\u00e9es des forfaits \/ forfaits Internet Etisalat UAE","isPartOf":{"@id":"https:\/\/tiketi.com\/#website"},"primaryImageOfPage":{"@id":"https:\/\/tiketi.com\/internet-mobile-etisalat-uae-data-plans-bundle\/#primaryimage"},"image":{"@id":"https:\/\/tiketi.com\/internet-mobile-etisalat-uae-data-plans-bundle\/#primaryimage"},"thumbnailUrl":"https:\/\/tiketi.com\/wp-content\/uploads\/2019\/05\/data-packages-2029825_1280.jpg","datePublished":"2022-01-19T11:53:56+00:00","dateModified":"2022-02-15T07:51:29+00:00","description":"\u00cates-vous \u00e0 la recherche de forfaits de donn\u00e9es bon march\u00e9 pour les forfaits de donn\u00e9es Etisalat UAE, la vitesse, les codes d&#039;abonnement et les prix\u00a0? Voici comment obtenir le plan de donn\u00e9es des forfaits \/ forfaits Internet Etisalat UAE","breadcrumb":{"@id":"https:\/\/tiketi.com\/internet-mobile-etisalat-uae-data-plans-bundle\/#breadcrumb"},"inLanguage":"fr-FR","potentialAction":[{"@type":"ReadAction","target":["https:\/\/tiketi.com\/internet-mobile-etisalat-uae-data-plans-bundle\/"]}]},{"@type":"ImageObject","inLanguage":"fr-FR","@id":"https:\/\/tiketi.com\/internet-mobile-etisalat-uae-data-plans-bundle\/#primaryimage","url":"https:\/\/tiketi.com\/wp-content\/uploads\/2019\/05\/data-packages-2029825_1280.jpg","contentUrl":"https:\/\/tiketi.com\/wp-content\/uploads\/2019\/05\/data-packages-2029825_1280.jpg","width":1200,"height":200,"caption":"How to get Data Plan \/ Packages \/ Top Up"},{"@type":"BreadcrumbList","@id":"https:\/\/tiketi.com\/internet-mobile-etisalat-uae-data-plans-bundle\/#breadcrumb","itemListElement":[{"@type":"ListItem","position":1,"name":"Home","item":"https:\/\/tiketi.com\/"},{"@type":"ListItem","position":2,"name":"How to get data plan of Etisalat UAE\u00a0internet packages \/ bundles"}]},{"@type":"WebSite","@id":"https:\/\/tiketi.com\/#website","url":"https:\/\/tiketi.com\/","name":"Billets d&#039;avion et de bus, forfaits touristiques et activit\u00e9s - Tiketi.com","description":"Billets d&#039;avion et de bus, Tours, Activit\u00e9s","publisher":{"@id":"https:\/\/tiketi.com\/#organization"},"potentialAction":[{"@type":"SearchAction","target":{"@type":"EntryPoint","urlTemplate":"https:\/\/tiketi.com\/?s={search_term_string}"},"query-input":{"@type":"PropertyValueSpecification","valueRequired":true,"valueName":"search_term_string"}}],"inLanguage":"fr-FR"},{"@type":"Organization","@id":"https:\/\/tiketi.com\/#organization","name":"Tiketi.com","alternateName":"Tiketi","url":"https:\/\/tiketi.com\/","logo":{"@type":"ImageObject","inLanguage":"fr-FR","@id":"https:\/\/tiketi.com\/#\/schema\/logo\/image\/","url":"https:\/\/tiketi.com\/wp-content\/uploads\/2019\/05\/tiketi-logo-696.png","contentUrl":"https:\/\/tiketi.com\/wp-content\/uploads\/2019\/05\/tiketi-logo-696.png","width":696,"height":696,"caption":"Tiketi.com"},"image":{"@id":"https:\/\/tiketi.com\/#\/schema\/logo\/image\/"},"sameAs":["https:\/\/www.facebook.com\/TiketiCom\/"]}]}},"_links":{"self":[{"href":"https:\/\/tiketi.com\/fr-fr\/wp-json\/wp\/v2\/pages\/10875","targetHints":{"allow":["GET"]}}],"collection":[{"href":"https:\/\/tiketi.com\/fr-fr\/wp-json\/wp\/v2\/pages"}],"about":[{"href":"https:\/\/tiketi.com\/fr-fr\/wp-json\/wp\/v2\/types\/page"}],"author":[{"embeddable":true,"href":"https:\/\/tiketi.com\/fr-fr\/wp-json\/wp\/v2\/users\/1"}],"replies":[{"embeddable":true,"href":"https:\/\/tiketi.com\/fr-fr\/wp-json\/wp\/v2\/comments?post=10875"}],"version-history":[{"count":0,"href":"https:\/\/tiketi.com\/fr-fr\/wp-json\/wp\/v2\/pages\/10875\/revisions"}],"wp:featuredmedia":[{"embeddable":true,"href":"https:\/\/tiketi.com\/fr-fr\/wp-json\/wp\/v2\/media\/19675"}],"wp:attachment":[{"href":"https:\/\/tiketi.com\/fr-fr\/wp-json\/wp\/v2\/media?parent=10875"}],"curies":[{"name":"wp","href":"https:\/\/api.w.org\/{rel}","templated":true}]}}