{"id":10877,"date":"2022-01-19T12:53:56","date_gmt":"2022-01-19T11:53:56","guid":{"rendered":"https:\/\/new.tiketi.com\/how-to-get-data-plan-of-chili-mauritius-internet-packages-bundles\/"},"modified":"2022-02-14T22:00:21","modified_gmt":"2022-02-14T21:00:21","slug":"internet-mobile-mtml-mauritius-data-plans-bundle","status":"publish","type":"page","link":"https:\/\/tiketi.com\/fr-fr\/internet-mobile-mtml-mauritius-data-plans-bundle\/","title":{"rendered":"Comment obtenir le plan de donn\u00e9es des forfaits Internet Chili Mauritius"},"content":{"rendered":"<h2>Chili by MTML Mauritius Forfait de donn\u00e9es, offres group\u00e9es, codes d&#039;abonnement et prix<\/h2>\n<p>Vous trouverez ci-dessous la liste de tous les forfaits et prix de donn\u00e9es Chili by MTML Mauritius \/ forfaits \/ forfaits Internet Chili Mauritius. Chili est le label mobile d\u00e9tenu par Mahangar Telephone Mauritius Ltd, l&#039;unit\u00e9 mobile mauricienne d&#039;un conglom\u00e9rat indien. C&#039;est le troisi\u00e8me op\u00e9rateur du pays avec les tarifs les plus bas. La 3G\/HPSA+, surnomm\u00e9e 4G, a d\u00e9but\u00e9 en 2015. Trouvez les prix des forfaits de donn\u00e9es Chili Mauritius \u00e0 bas prix\u00a0:<\/p>\n<h2>Voici comment obtenir les forfaits et prix de donn\u00e9es Chili by MTML Mauritius \/ Forfaits \/ forfaits Internet Chili Mauritius<\/h2>\n<h3>Forfaits et tarifs de donn\u00e9es Chili by MTML<\/h3>\n<p>Les donn\u00e9es par d\u00e9faut en dehors des forfaits sont factur\u00e9es \u00e0 1,725 MUR par Mo. Ces forfaits sont fournis. Pour le prix final, ajoutez quinze pour cent de TVA\u00a0:<\/p>\n<table border=\"0\" cellpadding=\"0\">\n<tbody>\n<tr>\n<td>\n<h3><strong>Forfait de donn\u00e9es Chili Maurice<\/strong>&nbsp;<strong>Prix&nbsp; &nbsp; &nbsp;<\/strong><\/h3>\n<\/td>\n<td>\n<h3><strong>Donn\u00e9es <\/strong><\/h3>\n<\/td>\n<td>\n<h3><strong>Suppl\u00e9ments <\/strong><\/h3>\n<\/td>\n<td>\n<h3><strong>P\u00e9riode <\/strong><\/h3>\n<\/td>\n<td>\n<h3><strong>Activation <\/strong><\/h3>\n<\/td>\n<\/tr>\n<tr>\n<td>\n<h3>6 MUR<\/h3>\n<\/td>\n<td>\n<h3>40 Mo<\/h3>\n<\/td>\n<td>\n<h3>20 SMS<\/h3>\n<\/td>\n<td>\n<h3>Chili par MTML Mauritius Forfaits de donn\u00e9es quotidiennes\u00a0: 1 jour<\/h3>\n<\/td>\n<td>\n<h3>agir quotidiennement<\/h3>\n<\/td>\n<\/tr>\n<tr>\n<td>\n<h3>44 MUR<\/h3>\n<\/td>\n<td>\n<h3>1 Go<\/h3>\n<\/td>\n<td>\n<h3><\/h3>\n<\/td>\n<td>\n<h3>Chili par MTML Mauritius Forfaits de donn\u00e9es quotidiennes\u00a0: 1 jour<\/h3>\n<\/td>\n<td>\n<h3>agir quotidiennement1 Go<\/h3>\n<\/td>\n<\/tr>\n<tr>\n<td>\n<h3>56,4 MUR<\/h3>\n<\/td>\n<td>\n<h3>illimit\u00e9<\/h3>\n<\/td>\n<td>\n<h3><\/h3>\n<\/td>\n<td>\n<h3>Chili par MTML Mauritius Forfaits Daily Data : 1 nuit :<\/h3>\n<h3>22h-7h<\/h3>\n<\/td>\n<td>\n<h3>donn\u00e9es d&#039;acte1n<\/h3>\n<\/td>\n<\/tr>\n<tr>\n<td>\n<h3>45 MUR<\/h3>\n<\/td>\n<td>\n<h3>400 Mo<\/h3>\n<\/td>\n<td>\n<h3>50 SMS<\/h3>\n<\/td>\n<td rowspan=\"2\">\n<h3>Chili by MTML Mauritius Forfaits de donn\u00e9es hebdomadaires\u00a0: 7 jours<\/h3>\n<\/td>\n<td>\n<h3>agir chaque semaine<\/h3>\n<\/td>\n<\/tr>\n<tr>\n<td>\n<h3>517,5 MUR<\/h3>\n<\/td>\n<td>\n<h3>&quot;illimit\u00e9&quot;<\/h3>\n<h3>FUP\u00a0: 5\u00a0Go<\/h3>\n<\/td>\n<td>\n<h3><\/h3>\n<\/td>\n<td>\n<h3>agir data7d<\/h3>\n<\/td>\n<\/tr>\n<tr>\n<td>\n<h3>225 MUR<\/h3>\n<\/td>\n<td>\n<h3>1,25 Go<\/h3>\n<\/td>\n<td>\n<h3>125 SMS<\/h3>\n<\/td>\n<td rowspan=\"4\">\n<h3>MTN Nigeria Forfaits de donn\u00e9es mensuels\u00a0: 30 jours<\/h3>\n<\/td>\n<td>\n<h3>agir 1 Go<\/h3>\n<\/td>\n<\/tr>\n<tr>\n<td>\n<h3>425 MUR<\/h3>\n<\/td>\n<td>\n<h3>2,5 Go<\/h3>\n<\/td>\n<td>\n<h3>250 SMS<\/h3>\n<\/td>\n<td>\n<h3>agir 2 Go<\/h3>\n<\/td>\n<\/tr>\n<tr>\n<td>\n<h3>800 MUR<\/h3>\n<\/td>\n<td>\n<h3>5 Go<\/h3>\n<\/td>\n<td>\n<h3>500 SMS<\/h3>\n<\/td>\n<td>\n<h3>agir 5 Go<\/h3>\n<\/td>\n<\/tr>\n<tr>\n<td>\n<h3>1400 MUR<\/h3>\n<\/td>\n<td>\n<h3>10 Go<\/h3>\n<\/td>\n<td>\n<h3><\/h3>\n<\/td>\n<td>\n<h3>agir 10 Go<\/h3>\n<\/td>\n<\/tr>\n<\/tbody>\n<\/table>\n<h2>Chili par MTML<strong>&nbsp;<\/strong>Vitesse Internet<\/h2>\n<p><strong>Signal:<\/strong><br \/>\n<strong>Vitesse de pointe\u00a0:<\/strong><br \/>\n<strong>Vitesse moyenne de navigation sur Internet\u00a0:<\/strong><\/p>\n<p>Chili par MTML<strong>&nbsp;<\/strong>Les informations sur les forfaits de donn\u00e9es de Maurice ci-dessus, les prix et les codes d&#039;abonnement sont valables selon notre derni\u00e8re mise \u00e0 jour 2020.<\/p>","protected":false},"excerpt":{"rendered":"<p>Chili by MTML&nbsp;Mauritius&nbsp;Data Plan, Bundles, Subscription Codes and prices Below is the list of every Chili by MTML&nbsp;Mauritius&nbsp;data plans and prices&nbsp;\/ Chili Mauritius internet packages \/ bundles. Chili is the mobile label owned by Mahangar Telephone Mauritius Ltd, the Mauritian mobile unit of an Indian conglomerate. It is a third operator in the country with [&hellip;]<\/p>\n","protected":false},"author":1,"featured_media":19675,"parent":0,"menu_order":0,"comment_status":"open","ping_status":"closed","template":"template-home-modern.php","meta":{"footnotes":""},"class_list":["post-10877","page","type-page","status-publish","has-post-thumbnail","hentry"],"yoast_head":"<!-- This site is optimized with the Yoast SEO plugin v27.3 - https:\/\/yoast.com\/product\/yoast-seo-wordpress\/ -->\n<title>How to get data plan of Chili Mauritius internet packages \/ bundles<\/title>\n<meta name=\"description\" content=\"Are you looking for cheap dataplans of Chili\u00a0Mauritius data bundles, speed, subscription codes and prices? Here is how to get data plan of Chili Mauritius internet packages \/ bundles\" \/>\n<meta name=\"robots\" content=\"index, follow, max-snippet:-1, max-image-preview:large, max-video-preview:-1\" \/>\n<link rel=\"canonical\" href=\"https:\/\/tiketi.com\/fr-fr\/internet-mobile-mtml-mauritius-data-plans-bundle\/\" \/>\n<meta property=\"og:locale\" content=\"fr_FR\" \/>\n<meta property=\"og:type\" content=\"article\" \/>\n<meta property=\"og:title\" content=\"How to get data plan of Chili Mauritius internet packages \/ bundles\" \/>\n<meta property=\"og:description\" content=\"Are you looking for cheap dataplans of Chili\u00a0Mauritius data bundles, speed, subscription codes and prices? Here is how to get data plan of Chili Mauritius internet packages \/ bundles\" \/>\n<meta property=\"og:url\" content=\"https:\/\/tiketi.com\/fr-fr\/internet-mobile-mtml-mauritius-data-plans-bundle\/\" \/>\n<meta property=\"og:site_name\" content=\"Tiketi.com\" \/>\n<meta property=\"article:publisher\" content=\"https:\/\/www.facebook.com\/TiketiCom\/\" \/>\n<meta property=\"article:modified_time\" content=\"2022-02-14T21:00:21+00:00\" \/>\n<meta property=\"og:image\" content=\"https:\/\/tiketi.com\/wp-content\/uploads\/2019\/05\/data-packages-2029825_1280.jpg\" \/>\n\t<meta property=\"og:image:width\" content=\"1200\" \/>\n\t<meta property=\"og:image:height\" content=\"200\" \/>\n\t<meta property=\"og:image:type\" content=\"image\/jpeg\" \/>\n<meta name=\"twitter:card\" content=\"summary_large_image\" \/>\n<meta name=\"twitter:label1\" content=\"Dur\u00e9e de lecture estim\u00e9e\" \/>\n\t<meta name=\"twitter:data1\" content=\"2 minutes\" \/>\n<script type=\"application\/ld+json\" class=\"yoast-schema-graph\">{\"@context\":\"https:\\\/\\\/schema.org\",\"@graph\":[{\"@type\":\"WebPage\",\"@id\":\"https:\\\/\\\/tiketi.com\\\/internet-mobile-mtml-mauritius-data-plans-bundle\\\/\",\"url\":\"https:\\\/\\\/tiketi.com\\\/internet-mobile-mtml-mauritius-data-plans-bundle\\\/\",\"name\":\"How to get data plan of Chili Mauritius internet packages \\\/ bundles\",\"isPartOf\":{\"@id\":\"https:\\\/\\\/tiketi.com\\\/#website\"},\"primaryImageOfPage\":{\"@id\":\"https:\\\/\\\/tiketi.com\\\/internet-mobile-mtml-mauritius-data-plans-bundle\\\/#primaryimage\"},\"image\":{\"@id\":\"https:\\\/\\\/tiketi.com\\\/internet-mobile-mtml-mauritius-data-plans-bundle\\\/#primaryimage\"},\"thumbnailUrl\":\"https:\\\/\\\/tiketi.com\\\/wp-content\\\/uploads\\\/2019\\\/05\\\/data-packages-2029825_1280.jpg\",\"datePublished\":\"2022-01-19T11:53:56+00:00\",\"dateModified\":\"2022-02-14T21:00:21+00:00\",\"description\":\"Are you looking for cheap dataplans of Chili\u00a0Mauritius data bundles, speed, subscription codes and prices? Here is how to get data plan of Chili Mauritius internet packages \\\/ bundles\",\"breadcrumb\":{\"@id\":\"https:\\\/\\\/tiketi.com\\\/internet-mobile-mtml-mauritius-data-plans-bundle\\\/#breadcrumb\"},\"inLanguage\":\"fr-FR\",\"potentialAction\":[{\"@type\":\"ReadAction\",\"target\":[\"https:\\\/\\\/tiketi.com\\\/internet-mobile-mtml-mauritius-data-plans-bundle\\\/\"]}]},{\"@type\":\"ImageObject\",\"inLanguage\":\"fr-FR\",\"@id\":\"https:\\\/\\\/tiketi.com\\\/internet-mobile-mtml-mauritius-data-plans-bundle\\\/#primaryimage\",\"url\":\"https:\\\/\\\/tiketi.com\\\/wp-content\\\/uploads\\\/2019\\\/05\\\/data-packages-2029825_1280.jpg\",\"contentUrl\":\"https:\\\/\\\/tiketi.com\\\/wp-content\\\/uploads\\\/2019\\\/05\\\/data-packages-2029825_1280.jpg\",\"width\":1200,\"height\":200,\"caption\":\"How to get Data Plan \\\/ Packages \\\/ Top Up\"},{\"@type\":\"BreadcrumbList\",\"@id\":\"https:\\\/\\\/tiketi.com\\\/internet-mobile-mtml-mauritius-data-plans-bundle\\\/#breadcrumb\",\"itemListElement\":[{\"@type\":\"ListItem\",\"position\":1,\"name\":\"Home\",\"item\":\"https:\\\/\\\/tiketi.com\\\/\"},{\"@type\":\"ListItem\",\"position\":2,\"name\":\"How to get data plan of Chili Mauritius internet packages \\\/ bundles\"}]},{\"@type\":\"WebSite\",\"@id\":\"https:\\\/\\\/tiketi.com\\\/#website\",\"url\":\"https:\\\/\\\/tiketi.com\\\/\",\"name\":\"Flight & Bus Tickets, Tour Packages & Activitites - Tiketi.com\",\"description\":\"Flight &amp; Bus Tickets, Tours, Activitites\",\"publisher\":{\"@id\":\"https:\\\/\\\/tiketi.com\\\/#organization\"},\"potentialAction\":[{\"@type\":\"SearchAction\",\"target\":{\"@type\":\"EntryPoint\",\"urlTemplate\":\"https:\\\/\\\/tiketi.com\\\/?s={search_term_string}\"},\"query-input\":{\"@type\":\"PropertyValueSpecification\",\"valueRequired\":true,\"valueName\":\"search_term_string\"}}],\"inLanguage\":\"fr-FR\"},{\"@type\":\"Organization\",\"@id\":\"https:\\\/\\\/tiketi.com\\\/#organization\",\"name\":\"Tiketi.com\",\"alternateName\":\"Tiketi\",\"url\":\"https:\\\/\\\/tiketi.com\\\/\",\"logo\":{\"@type\":\"ImageObject\",\"inLanguage\":\"fr-FR\",\"@id\":\"https:\\\/\\\/tiketi.com\\\/#\\\/schema\\\/logo\\\/image\\\/\",\"url\":\"https:\\\/\\\/tiketi.com\\\/wp-content\\\/uploads\\\/2019\\\/05\\\/tiketi-logo-696.png\",\"contentUrl\":\"https:\\\/\\\/tiketi.com\\\/wp-content\\\/uploads\\\/2019\\\/05\\\/tiketi-logo-696.png\",\"width\":696,\"height\":696,\"caption\":\"Tiketi.com\"},\"image\":{\"@id\":\"https:\\\/\\\/tiketi.com\\\/#\\\/schema\\\/logo\\\/image\\\/\"},\"sameAs\":[\"https:\\\/\\\/www.facebook.com\\\/TiketiCom\\\/\"]}]}<\/script>\n<!-- \/ Yoast SEO plugin. -->","yoast_head_json":{"title":"Comment obtenir le plan de donn\u00e9es des forfaits Internet Chili Mauritius","description":"Recherchez-vous des forfaits de donn\u00e9es bon march\u00e9 comprenant des forfaits de donn\u00e9es Chili Mauritius, des vitesses, des codes d&#039;abonnement et des prix\u00a0? Voici comment obtenir le plan de donn\u00e9es des forfaits Internet Chili Mauritius","robots":{"index":"index","follow":"follow","max-snippet":"max-snippet:-1","max-image-preview":"max-image-preview:large","max-video-preview":"max-video-preview:-1"},"canonical":"https:\/\/tiketi.com\/fr-fr\/internet-mobile-mtml-mauritius-data-plans-bundle\/","og_locale":"fr_FR","og_type":"article","og_title":"How to get data plan of Chili Mauritius internet packages \/ bundles","og_description":"Are you looking for cheap dataplans of Chili\u00a0Mauritius data bundles, speed, subscription codes and prices? Here is how to get data plan of Chili Mauritius internet packages \/ bundles","og_url":"https:\/\/tiketi.com\/fr-fr\/internet-mobile-mtml-mauritius-data-plans-bundle\/","og_site_name":"Tiketi.com","article_publisher":"https:\/\/www.facebook.com\/TiketiCom\/","article_modified_time":"2022-02-14T21:00:21+00:00","og_image":[{"width":1200,"height":200,"url":"https:\/\/tiketi.com\/wp-content\/uploads\/2019\/05\/data-packages-2029825_1280.jpg","type":"image\/jpeg"}],"twitter_card":"summary_large_image","twitter_misc":{"Dur\u00e9e de lecture estim\u00e9e":"2 minutes"},"schema":{"@context":"https:\/\/schema.org","@graph":[{"@type":"WebPage","@id":"https:\/\/tiketi.com\/internet-mobile-mtml-mauritius-data-plans-bundle\/","url":"https:\/\/tiketi.com\/internet-mobile-mtml-mauritius-data-plans-bundle\/","name":"Comment obtenir le plan de donn\u00e9es des forfaits Internet Chili Mauritius","isPartOf":{"@id":"https:\/\/tiketi.com\/#website"},"primaryImageOfPage":{"@id":"https:\/\/tiketi.com\/internet-mobile-mtml-mauritius-data-plans-bundle\/#primaryimage"},"image":{"@id":"https:\/\/tiketi.com\/internet-mobile-mtml-mauritius-data-plans-bundle\/#primaryimage"},"thumbnailUrl":"https:\/\/tiketi.com\/wp-content\/uploads\/2019\/05\/data-packages-2029825_1280.jpg","datePublished":"2022-01-19T11:53:56+00:00","dateModified":"2022-02-14T21:00:21+00:00","description":"Recherchez-vous des forfaits de donn\u00e9es bon march\u00e9 comprenant des forfaits de donn\u00e9es Chili Mauritius, des vitesses, des codes d&#039;abonnement et des prix\u00a0? Voici comment obtenir le plan de donn\u00e9es des forfaits Internet Chili Mauritius","breadcrumb":{"@id":"https:\/\/tiketi.com\/internet-mobile-mtml-mauritius-data-plans-bundle\/#breadcrumb"},"inLanguage":"fr-FR","potentialAction":[{"@type":"ReadAction","target":["https:\/\/tiketi.com\/internet-mobile-mtml-mauritius-data-plans-bundle\/"]}]},{"@type":"ImageObject","inLanguage":"fr-FR","@id":"https:\/\/tiketi.com\/internet-mobile-mtml-mauritius-data-plans-bundle\/#primaryimage","url":"https:\/\/tiketi.com\/wp-content\/uploads\/2019\/05\/data-packages-2029825_1280.jpg","contentUrl":"https:\/\/tiketi.com\/wp-content\/uploads\/2019\/05\/data-packages-2029825_1280.jpg","width":1200,"height":200,"caption":"How to get Data Plan \/ Packages \/ Top Up"},{"@type":"BreadcrumbList","@id":"https:\/\/tiketi.com\/internet-mobile-mtml-mauritius-data-plans-bundle\/#breadcrumb","itemListElement":[{"@type":"ListItem","position":1,"name":"Home","item":"https:\/\/tiketi.com\/"},{"@type":"ListItem","position":2,"name":"How to get data plan of Chili Mauritius internet packages \/ bundles"}]},{"@type":"WebSite","@id":"https:\/\/tiketi.com\/#website","url":"https:\/\/tiketi.com\/","name":"Billets d&#039;avion et de bus, forfaits touristiques et activit\u00e9s - Tiketi.com","description":"Billets d&#039;avion et de bus, Tours, Activit\u00e9s","publisher":{"@id":"https:\/\/tiketi.com\/#organization"},"potentialAction":[{"@type":"SearchAction","target":{"@type":"EntryPoint","urlTemplate":"https:\/\/tiketi.com\/?s={search_term_string}"},"query-input":{"@type":"PropertyValueSpecification","valueRequired":true,"valueName":"search_term_string"}}],"inLanguage":"fr-FR"},{"@type":"Organization","@id":"https:\/\/tiketi.com\/#organization","name":"Tiketi.com","alternateName":"Tiketi","url":"https:\/\/tiketi.com\/","logo":{"@type":"ImageObject","inLanguage":"fr-FR","@id":"https:\/\/tiketi.com\/#\/schema\/logo\/image\/","url":"https:\/\/tiketi.com\/wp-content\/uploads\/2019\/05\/tiketi-logo-696.png","contentUrl":"https:\/\/tiketi.com\/wp-content\/uploads\/2019\/05\/tiketi-logo-696.png","width":696,"height":696,"caption":"Tiketi.com"},"image":{"@id":"https:\/\/tiketi.com\/#\/schema\/logo\/image\/"},"sameAs":["https:\/\/www.facebook.com\/TiketiCom\/"]}]}},"_links":{"self":[{"href":"https:\/\/tiketi.com\/fr-fr\/wp-json\/wp\/v2\/pages\/10877","targetHints":{"allow":["GET"]}}],"collection":[{"href":"https:\/\/tiketi.com\/fr-fr\/wp-json\/wp\/v2\/pages"}],"about":[{"href":"https:\/\/tiketi.com\/fr-fr\/wp-json\/wp\/v2\/types\/page"}],"author":[{"embeddable":true,"href":"https:\/\/tiketi.com\/fr-fr\/wp-json\/wp\/v2\/users\/1"}],"replies":[{"embeddable":true,"href":"https:\/\/tiketi.com\/fr-fr\/wp-json\/wp\/v2\/comments?post=10877"}],"version-history":[{"count":0,"href":"https:\/\/tiketi.com\/fr-fr\/wp-json\/wp\/v2\/pages\/10877\/revisions"}],"wp:featuredmedia":[{"embeddable":true,"href":"https:\/\/tiketi.com\/fr-fr\/wp-json\/wp\/v2\/media\/19675"}],"wp:attachment":[{"href":"https:\/\/tiketi.com\/fr-fr\/wp-json\/wp\/v2\/media?parent=10877"}],"curies":[{"name":"wp","href":"https:\/\/api.w.org\/{rel}","templated":true}]}}