{"id":10878,"date":"2022-01-19T12:53:56","date_gmt":"2022-01-19T11:53:56","guid":{"rendered":"https:\/\/new.tiketi.com\/how-to-get-data-plan-of-emtel-mauritius-internet-packages-bundles\/"},"modified":"2022-02-14T21:58:57","modified_gmt":"2022-02-14T20:58:57","slug":"internet-mobile-emtel-mauritius-data-plans-bundle","status":"publish","type":"page","link":"https:\/\/tiketi.com\/fr-fr\/internet-mobile-emtel-mauritius-data-plans-bundle\/","title":{"rendered":"Comment obtenir le plan de donn\u00e9es des forfaits \/ forfaits Internet Emtel Mauritius"},"content":{"rendered":"<h2>Emtel Ile Maurice<strong>\u00a0<\/strong>Plan de donn\u00e9es, forfaits, codes d&#039;abonnement et prix<\/h2>\n<p>Voici la liste de tous les forfaits de donn\u00e9es et prix Emtel Mauritius \/ Forfaits Internet Emtel Mauritius \/ bundles. Emtel est le deuxi\u00e8me fournisseur \u00e0 Maurice. Son forfait 3G est \u00e9gal \u00e0 my.t, mais sa 4G\/LTE n&#039;est pas tr\u00e8s r\u00e9pandue. Leurs tarifs sont assez inf\u00e9rieurs \u00e0 ceux de my.ts. Trouvez les prix des forfaits de donn\u00e9es Emtel Mauritius bon march\u00e9:<\/p>\n<p>Leur carte SIM pr\u00e9pay\u00e9e co\u00fbte cent MUR dont 87 MUR de cr\u00e9dit. Il contient 300 Mo de donn\u00e9es pendant sept jours, 250 SMS locaux pendant quatre-vingt-dix jours et Facebook illimit\u00e9 pendant sept jours.<\/p>\n<h2>Voici comment obtenir les forfaits de donn\u00e9es et les prix d&#039;Emtel Mauritius \/ Forfaits Internet Emtel Mauritius \/ bundles<\/h2>\n<h3>Forfaits de donn\u00e9es et prix Emtel Mauritus<\/h3>\n<p>Il n&#039;y a pas de donn\u00e9es suppl\u00e9mentaires sans add-on. Mais l&#039;utilisation gratuite de Facebook est ajout\u00e9e \u00e0 tous les forfaits pr\u00e9pay\u00e9s. Cela ne s&#039;applique pas \u00e0 leur fonction VoIP. Ces forfaits sur 2G, 3G et LTE\/4G sont propos\u00e9s :<\/p>\n<table border=\"0\" cellpadding=\"0\">\n<tbody>\n<tr>\n<td>\n<h3><strong>Plan de donn\u00e9es Emtel Ile Maurice<\/strong>\u00a0<strong>Prix\u00a0 \u00a0\u00a0<\/strong><\/h3>\n<\/td>\n<td>\n<h3><strong>Volume\u00a0 \u00a0 \u00a0 \u00a0 \u00a0 \u00a0\u00a0<\/strong><\/h3>\n<\/td>\n<td>\n<h3><strong>Suppl\u00e9ments\u00a0 \u00a0 \u00a0 \u00a0 \u00a0 \u00a0 \u00a0\u00a0<\/strong><\/h3>\n<\/td>\n<td>\n<h3><strong>P\u00e9riode <\/strong><\/h3>\n<\/td>\n<td>\n<h3><strong>Activation <\/strong><\/h3>\n<\/td>\n<\/tr>\n<tr>\n<td>\n<h3>10 EUR<\/h3>\n<\/td>\n<td>\n<h3>55 Mo<\/h3>\n<\/td>\n<td>\n<h3>55 SMS<\/h3>\n<\/td>\n<td rowspan=\"4\">\n<h3>Forfaits Emtel Mauritius Daily Data : 1 jour<\/h3>\n<\/td>\n<td>\n<h3>Sous-quotidien<\/h3>\n<\/td>\n<\/tr>\n<tr>\n<td>\n<h3>15 EUR<\/h3>\n<\/td>\n<td>\n<h3>50 Mo<\/h3>\n<\/td>\n<td>\n<h3>nuit : 50 Mo<\/h3>\n<\/td>\n<td>\n<h3>Sous Plat50Mo<\/h3>\n<\/td>\n<\/tr>\n<tr>\n<td>\n<h3>19 MUR<\/h3>\n<\/td>\n<td>\n<h3>300 Mo<\/h3>\n<\/td>\n<td>\n<h3><\/h3>\n<\/td>\n<td>\n<h3>Journ\u00e9e sous-UL<\/h3>\n<\/td>\n<\/tr>\n<tr>\n<td>\n<h3>51 EUR<\/h3>\n<\/td>\n<td>\n<h3>1 Go<\/h3>\n<\/td>\n<td>\n<h3><\/h3>\n<\/td>\n<td>\n<h3>Sous UL Quotidien<\/h3>\n<\/td>\n<\/tr>\n<tr>\n<td>\n<h3>49 EUR<\/h3>\n<\/td>\n<td>\n<h3>325 Mo<\/h3>\n<\/td>\n<td>\n<h3>325 SMS<\/h3>\n<\/td>\n<td rowspan=\"4\">\n<h3>Plans de donn\u00e9es hebdomadaires d&#039;Emtel Mauritius\u00a0: 7\u00a0jours<\/h3>\n<\/td>\n<td>\n<h3>Sous-hebdomadaire<\/h3>\n<\/td>\n<\/tr>\n<tr>\n<td>\n<h3>65 EUR<\/h3>\n<\/td>\n<td>\n<h3>250 Mo<\/h3>\n<\/td>\n<td>\n<h3>nuit : 250 Mo<\/h3>\n<\/td>\n<td>\n<h3>Sub Plat250 Mo<\/h3>\n<\/td>\n<\/tr>\n<tr>\n<td>\n<h3>99 EUR<\/h3>\n<\/td>\n<td>\n<h3>1 Go<\/h3>\n<\/td>\n<td>\n<h3>500 SMS<\/h3>\n<\/td>\n<td>\n<h3>Sous-hebdomadaire1 Go<\/h3>\n<\/td>\n<\/tr>\n<tr>\n<td>\n<h3>165 EUR<\/h3>\n<\/td>\n<td>\n<h3>750 Mo<\/h3>\n<\/td>\n<td>\n<h3>nuit : 750 Mo<\/h3>\n<\/td>\n<td>\n<h3>Sous Plat750Mo<\/h3>\n<\/td>\n<\/tr>\n<tr>\n<td>\n<h3>249 EUR<\/h3>\n<\/td>\n<td>\n<h3>1 Go<\/h3>\n<\/td>\n<td>\n<h3><\/h3>\n<\/td>\n<td rowspan=\"9\">\n<h3>Forfaits de donn\u00e9es mensuels d&#039;Emtel Mauritius\u00a0: 30\u00a0jours<\/h3>\n<\/td>\n<td>\n<h3>Sous 1 Go<\/h3>\n<\/td>\n<\/tr>\n<tr>\n<td>\n<h3>299 EUR<\/h3>\n<\/td>\n<td>\n<h3>2,5 Go<\/h3>\n<\/td>\n<td>\n<h3><\/h3>\n<\/td>\n<td>\n<h3>Sous UL<\/h3>\n<\/td>\n<\/tr>\n<tr>\n<td>\n<h3>319 EUR<\/h3>\n<\/td>\n<td>\n<h3>300 Mo\/jour<\/h3>\n<\/td>\n<td>\n<h3><\/h3>\n<\/td>\n<td>\n<h3>Sous ULMON<\/h3>\n<\/td>\n<\/tr>\n<tr>\n<td>\n<h3>335 EUR<\/h3>\n<\/td>\n<td>\n<h3>1 Go<\/h3>\n<\/td>\n<td>\n<h3>nuit : 1 Go<\/h3>\n<\/td>\n<td>\n<h3>Sous Plat1GB<\/h3>\n<\/td>\n<\/tr>\n<tr>\n<td>\n<h3>449 EUR<\/h3>\n<\/td>\n<td>\n<h3>5 Go<\/h3>\n<\/td>\n<td>\n<h3><\/h3>\n<\/td>\n<td>\n<h3>Sous 5 Go<\/h3>\n<\/td>\n<\/tr>\n<tr>\n<td>\n<h3>535 EUR<\/h3>\n<\/td>\n<td>\n<h3>2 Go<\/h3>\n<\/td>\n<td>\n<h3>nuit : 2 Go<\/h3>\n<\/td>\n<td>\n<h3>Sous Plat2GB<\/h3>\n<\/td>\n<\/tr>\n<tr>\n<td>\n<h3>649 EUR<\/h3>\n<\/td>\n<td>\n<h3>8 Go<\/h3>\n<\/td>\n<td>\n<h3><\/h3>\n<\/td>\n<td>\n<h3>Sous 8 Go<\/h3>\n<\/td>\n<\/tr>\n<tr>\n<td>\n<h3>735 EUR<\/h3>\n<\/td>\n<td>\n<h3>3 Go<\/h3>\n<\/td>\n<td>\n<h3>nuit : 3 Go<\/h3>\n<\/td>\n<td>\n<h3>Sous Plat3GB<\/h3>\n<\/td>\n<\/tr>\n<tr>\n<td>\n<h3>949 EUR<\/h3>\n<\/td>\n<td>\n<h3>50 Go<\/h3>\n<\/td>\n<td>\n<h3><\/h3>\n<\/td>\n<td>\n<h3>SOUS 50 Go<\/h3>\n<\/td>\n<\/tr>\n<\/tbody>\n<\/table>\n<h2>Emtel Ile Maurice Vitesse Internet<\/h2>\n<p><strong>Signal<\/strong><br \/>\n<strong>Vitesse de pointe\u00a0:<\/strong><br \/>\n<strong>Vitesse moyenne de navigation sur Internet\u00a0:<\/strong><\/p>\n<p>Les informations ci-dessus sur les forfaits de donn\u00e9es Emtel Mauritius, les prix et les codes d&#039;abonnement sont valables selon notre derni\u00e8re mise \u00e0 jour 2020.<\/p>","protected":false},"excerpt":{"rendered":"<p>Emtel Mauritius\u00a0Data Plan, Bundles, Subscription Codes and prices Here is the list of every Emtel Mauritius\u00a0data plans and prices\u00a0\/ Emtel Mauritius internet packages \/ bundles. Emtel is the second provider in Mauritus. Its 3G plan is equal to my.t, but its 4G\/LTE is not a widespread. Their rates are pretty lower than my.ts.\u00a0Find cheap Emtel [&hellip;]<\/p>\n","protected":false},"author":1,"featured_media":19675,"parent":0,"menu_order":0,"comment_status":"open","ping_status":"closed","template":"template-home-modern.php","meta":{"footnotes":""},"class_list":["post-10878","page","type-page","status-publish","has-post-thumbnail","hentry"],"yoast_head":"<!-- This site is optimized with the Yoast SEO plugin v27.2 - https:\/\/yoast.com\/product\/yoast-seo-wordpress\/ -->\n<title>How to get data plan of Emtel Mauritius internet packages \/ bundles<\/title>\n<meta name=\"description\" content=\"Are you looking for cheapdata plans of Emtel Mauritius data bundles, speed, subscription codes and prices? Here is how to get data plan of Emtel Mauritius internet packages \/ bundles\" \/>\n<meta name=\"robots\" content=\"index, follow, max-snippet:-1, max-image-preview:large, max-video-preview:-1\" \/>\n<link rel=\"canonical\" href=\"https:\/\/tiketi.com\/fr-fr\/internet-mobile-emtel-mauritius-data-plans-bundle\/\" \/>\n<meta property=\"og:locale\" content=\"fr_FR\" \/>\n<meta property=\"og:type\" content=\"article\" \/>\n<meta property=\"og:title\" content=\"How to get data plan of Emtel Mauritius internet packages \/ bundles\" \/>\n<meta property=\"og:description\" content=\"Are you looking for cheapdata plans of Emtel Mauritius data bundles, speed, subscription codes and prices? Here is how to get data plan of Emtel Mauritius internet packages \/ bundles\" \/>\n<meta property=\"og:url\" content=\"https:\/\/tiketi.com\/fr-fr\/internet-mobile-emtel-mauritius-data-plans-bundle\/\" \/>\n<meta property=\"og:site_name\" content=\"Tiketi.com\" \/>\n<meta property=\"article:publisher\" content=\"https:\/\/www.facebook.com\/TiketiCom\/\" \/>\n<meta property=\"article:modified_time\" content=\"2022-02-14T20:58:57+00:00\" \/>\n<meta property=\"og:image\" content=\"https:\/\/tiketi.com\/wp-content\/uploads\/2019\/05\/data-packages-2029825_1280.jpg\" \/>\n\t<meta property=\"og:image:width\" content=\"1200\" \/>\n\t<meta property=\"og:image:height\" content=\"200\" \/>\n\t<meta property=\"og:image:type\" content=\"image\/jpeg\" \/>\n<meta name=\"twitter:card\" content=\"summary_large_image\" \/>\n<meta name=\"twitter:label1\" content=\"Dur\u00e9e de lecture estim\u00e9e\" \/>\n\t<meta name=\"twitter:data1\" content=\"2 minutes\" \/>\n<script type=\"application\/ld+json\" class=\"yoast-schema-graph\">{\"@context\":\"https:\/\/schema.org\",\"@graph\":[{\"@type\":\"WebPage\",\"@id\":\"https:\/\/tiketi.com\/internet-mobile-emtel-mauritius-data-plans-bundle\/\",\"url\":\"https:\/\/tiketi.com\/internet-mobile-emtel-mauritius-data-plans-bundle\/\",\"name\":\"How to get data plan of Emtel Mauritius internet packages \/ bundles\",\"isPartOf\":{\"@id\":\"https:\/\/tiketi.com\/#website\"},\"primaryImageOfPage\":{\"@id\":\"https:\/\/tiketi.com\/internet-mobile-emtel-mauritius-data-plans-bundle\/#primaryimage\"},\"image\":{\"@id\":\"https:\/\/tiketi.com\/internet-mobile-emtel-mauritius-data-plans-bundle\/#primaryimage\"},\"thumbnailUrl\":\"https:\/\/tiketi.com\/wp-content\/uploads\/2019\/05\/data-packages-2029825_1280.jpg\",\"datePublished\":\"2022-01-19T11:53:56+00:00\",\"dateModified\":\"2022-02-14T20:58:57+00:00\",\"description\":\"Are you looking for cheapdata plans of Emtel Mauritius data bundles, speed, subscription codes and prices? Here is how to get data plan of Emtel Mauritius internet packages \/ bundles\",\"breadcrumb\":{\"@id\":\"https:\/\/tiketi.com\/internet-mobile-emtel-mauritius-data-plans-bundle\/#breadcrumb\"},\"inLanguage\":\"fr-FR\",\"potentialAction\":[{\"@type\":\"ReadAction\",\"target\":[\"https:\/\/tiketi.com\/internet-mobile-emtel-mauritius-data-plans-bundle\/\"]}]},{\"@type\":\"ImageObject\",\"inLanguage\":\"fr-FR\",\"@id\":\"https:\/\/tiketi.com\/internet-mobile-emtel-mauritius-data-plans-bundle\/#primaryimage\",\"url\":\"https:\/\/tiketi.com\/wp-content\/uploads\/2019\/05\/data-packages-2029825_1280.jpg\",\"contentUrl\":\"https:\/\/tiketi.com\/wp-content\/uploads\/2019\/05\/data-packages-2029825_1280.jpg\",\"width\":1200,\"height\":200,\"caption\":\"How to get Data Plan \/ Packages \/ Top Up\"},{\"@type\":\"BreadcrumbList\",\"@id\":\"https:\/\/tiketi.com\/internet-mobile-emtel-mauritius-data-plans-bundle\/#breadcrumb\",\"itemListElement\":[{\"@type\":\"ListItem\",\"position\":1,\"name\":\"Home\",\"item\":\"https:\/\/tiketi.com\/\"},{\"@type\":\"ListItem\",\"position\":2,\"name\":\"How to get data plan of Emtel Mauritius internet packages \/ bundles\"}]},{\"@type\":\"WebSite\",\"@id\":\"https:\/\/tiketi.com\/#website\",\"url\":\"https:\/\/tiketi.com\/\",\"name\":\"Flight & Bus Tickets, Tour Packages & Activitites - Tiketi.com\",\"description\":\"Flight &amp; Bus Tickets, Tours, Activitites\",\"publisher\":{\"@id\":\"https:\/\/tiketi.com\/#organization\"},\"potentialAction\":[{\"@type\":\"SearchAction\",\"target\":{\"@type\":\"EntryPoint\",\"urlTemplate\":\"https:\/\/tiketi.com\/?s={search_term_string}\"},\"query-input\":{\"@type\":\"PropertyValueSpecification\",\"valueRequired\":true,\"valueName\":\"search_term_string\"}}],\"inLanguage\":\"fr-FR\"},{\"@type\":\"Organization\",\"@id\":\"https:\/\/tiketi.com\/#organization\",\"name\":\"Tiketi.com\",\"alternateName\":\"Tiketi\",\"url\":\"https:\/\/tiketi.com\/\",\"logo\":{\"@type\":\"ImageObject\",\"inLanguage\":\"fr-FR\",\"@id\":\"https:\/\/tiketi.com\/#\/schema\/logo\/image\/\",\"url\":\"https:\/\/tiketi.com\/wp-content\/uploads\/2019\/05\/tiketi-logo-696.png\",\"contentUrl\":\"https:\/\/tiketi.com\/wp-content\/uploads\/2019\/05\/tiketi-logo-696.png\",\"width\":696,\"height\":696,\"caption\":\"Tiketi.com\"},\"image\":{\"@id\":\"https:\/\/tiketi.com\/#\/schema\/logo\/image\/\"},\"sameAs\":[\"https:\/\/www.facebook.com\/TiketiCom\/\"]}]}<\/script>\n<!-- \/ Yoast SEO plugin. -->","yoast_head_json":{"title":"Comment obtenir le plan de donn\u00e9es des forfaits \/ forfaits Internet Emtel Mauritius","description":"Recherchez-vous des forfaits de donn\u00e9es bon march\u00e9 pour les forfaits de donn\u00e9es Emtel Mauritius, la vitesse, les codes d&#039;abonnement et les prix\u00a0? Voici comment obtenir le plan de donn\u00e9es des forfaits \/ forfaits Internet Emtel Mauritius","robots":{"index":"index","follow":"follow","max-snippet":"max-snippet:-1","max-image-preview":"max-image-preview:large","max-video-preview":"max-video-preview:-1"},"canonical":"https:\/\/tiketi.com\/fr-fr\/internet-mobile-emtel-mauritius-data-plans-bundle\/","og_locale":"fr_FR","og_type":"article","og_title":"How to get data plan of Emtel Mauritius internet packages \/ bundles","og_description":"Are you looking for cheapdata plans of Emtel Mauritius data bundles, speed, subscription codes and prices? Here is how to get data plan of Emtel Mauritius internet packages \/ bundles","og_url":"https:\/\/tiketi.com\/fr-fr\/internet-mobile-emtel-mauritius-data-plans-bundle\/","og_site_name":"Tiketi.com","article_publisher":"https:\/\/www.facebook.com\/TiketiCom\/","article_modified_time":"2022-02-14T20:58:57+00:00","og_image":[{"width":1200,"height":200,"url":"https:\/\/tiketi.com\/wp-content\/uploads\/2019\/05\/data-packages-2029825_1280.jpg","type":"image\/jpeg"}],"twitter_card":"summary_large_image","twitter_misc":{"Dur\u00e9e de lecture estim\u00e9e":"2 minutes"},"schema":{"@context":"https:\/\/schema.org","@graph":[{"@type":"WebPage","@id":"https:\/\/tiketi.com\/internet-mobile-emtel-mauritius-data-plans-bundle\/","url":"https:\/\/tiketi.com\/internet-mobile-emtel-mauritius-data-plans-bundle\/","name":"Comment obtenir le plan de donn\u00e9es des forfaits \/ forfaits Internet Emtel Mauritius","isPartOf":{"@id":"https:\/\/tiketi.com\/#website"},"primaryImageOfPage":{"@id":"https:\/\/tiketi.com\/internet-mobile-emtel-mauritius-data-plans-bundle\/#primaryimage"},"image":{"@id":"https:\/\/tiketi.com\/internet-mobile-emtel-mauritius-data-plans-bundle\/#primaryimage"},"thumbnailUrl":"https:\/\/tiketi.com\/wp-content\/uploads\/2019\/05\/data-packages-2029825_1280.jpg","datePublished":"2022-01-19T11:53:56+00:00","dateModified":"2022-02-14T20:58:57+00:00","description":"Recherchez-vous des forfaits de donn\u00e9es bon march\u00e9 pour les forfaits de donn\u00e9es Emtel Mauritius, la vitesse, les codes d&#039;abonnement et les prix\u00a0? Voici comment obtenir le plan de donn\u00e9es des forfaits \/ forfaits Internet Emtel Mauritius","breadcrumb":{"@id":"https:\/\/tiketi.com\/internet-mobile-emtel-mauritius-data-plans-bundle\/#breadcrumb"},"inLanguage":"fr-FR","potentialAction":[{"@type":"ReadAction","target":["https:\/\/tiketi.com\/internet-mobile-emtel-mauritius-data-plans-bundle\/"]}]},{"@type":"ImageObject","inLanguage":"fr-FR","@id":"https:\/\/tiketi.com\/internet-mobile-emtel-mauritius-data-plans-bundle\/#primaryimage","url":"https:\/\/tiketi.com\/wp-content\/uploads\/2019\/05\/data-packages-2029825_1280.jpg","contentUrl":"https:\/\/tiketi.com\/wp-content\/uploads\/2019\/05\/data-packages-2029825_1280.jpg","width":1200,"height":200,"caption":"How to get Data Plan \/ Packages \/ Top Up"},{"@type":"BreadcrumbList","@id":"https:\/\/tiketi.com\/internet-mobile-emtel-mauritius-data-plans-bundle\/#breadcrumb","itemListElement":[{"@type":"ListItem","position":1,"name":"Home","item":"https:\/\/tiketi.com\/"},{"@type":"ListItem","position":2,"name":"How to get data plan of Emtel Mauritius internet packages \/ bundles"}]},{"@type":"WebSite","@id":"https:\/\/tiketi.com\/#website","url":"https:\/\/tiketi.com\/","name":"Billets d&#039;avion et de bus, forfaits touristiques et activit\u00e9s - Tiketi.com","description":"Billets d&#039;avion et de bus, Tours, Activit\u00e9s","publisher":{"@id":"https:\/\/tiketi.com\/#organization"},"potentialAction":[{"@type":"SearchAction","target":{"@type":"EntryPoint","urlTemplate":"https:\/\/tiketi.com\/?s={search_term_string}"},"query-input":{"@type":"PropertyValueSpecification","valueRequired":true,"valueName":"search_term_string"}}],"inLanguage":"fr-FR"},{"@type":"Organization","@id":"https:\/\/tiketi.com\/#organization","name":"Tiketi.com","alternateName":"Tiketi","url":"https:\/\/tiketi.com\/","logo":{"@type":"ImageObject","inLanguage":"fr-FR","@id":"https:\/\/tiketi.com\/#\/schema\/logo\/image\/","url":"https:\/\/tiketi.com\/wp-content\/uploads\/2019\/05\/tiketi-logo-696.png","contentUrl":"https:\/\/tiketi.com\/wp-content\/uploads\/2019\/05\/tiketi-logo-696.png","width":696,"height":696,"caption":"Tiketi.com"},"image":{"@id":"https:\/\/tiketi.com\/#\/schema\/logo\/image\/"},"sameAs":["https:\/\/www.facebook.com\/TiketiCom\/"]}]}},"_links":{"self":[{"href":"https:\/\/tiketi.com\/fr-fr\/wp-json\/wp\/v2\/pages\/10878","targetHints":{"allow":["GET"]}}],"collection":[{"href":"https:\/\/tiketi.com\/fr-fr\/wp-json\/wp\/v2\/pages"}],"about":[{"href":"https:\/\/tiketi.com\/fr-fr\/wp-json\/wp\/v2\/types\/page"}],"author":[{"embeddable":true,"href":"https:\/\/tiketi.com\/fr-fr\/wp-json\/wp\/v2\/users\/1"}],"replies":[{"embeddable":true,"href":"https:\/\/tiketi.com\/fr-fr\/wp-json\/wp\/v2\/comments?post=10878"}],"version-history":[{"count":0,"href":"https:\/\/tiketi.com\/fr-fr\/wp-json\/wp\/v2\/pages\/10878\/revisions"}],"wp:featuredmedia":[{"embeddable":true,"href":"https:\/\/tiketi.com\/fr-fr\/wp-json\/wp\/v2\/media\/19675"}],"wp:attachment":[{"href":"https:\/\/tiketi.com\/fr-fr\/wp-json\/wp\/v2\/media?parent=10878"}],"curies":[{"name":"wp","href":"https:\/\/api.w.org\/{rel}","templated":true}]}}