{"id":10884,"date":"2022-01-19T12:53:56","date_gmt":"2022-01-19T11:53:56","guid":{"rendered":"https:\/\/new.tiketi.com\/how-to-get-data-plan-of-swift-nigeria-internet-packages-bundles\/"},"modified":"2022-02-15T10:47:58","modified_gmt":"2022-02-15T09:47:58","slug":"internet-mobile-swif-nigeria-data-plans-bundle","status":"publish","type":"page","link":"https:\/\/tiketi.com\/fr-fr\/internet-mobile-swif-nigeria-data-plans-bundle\/","title":{"rendered":"Comment obtenir le plan de donn\u00e9es des forfaits \/ forfaits Internet Swift Nigeria"},"content":{"rendered":"<h2>Swif Nigeria Dataplan, offres group\u00e9es, codes d&#039;abonnement et prix<\/h2>\n<p>Vous trouverez ci-dessous la liste de tous les forfaits et prix de donn\u00e9es Swif Nigeria \/ forfaits \/ forfaits Internet Nigeria. Swift Nigeria Networks est un fournisseur de services de t\u00e9l\u00e9communications bas\u00e9 sur la facilitation. L&#039;entreprise a \u00e9t\u00e9 fond\u00e9e en 2002 lorsqu&#039;elle a soumissionn\u00e9 et obtenu une licence d&#039;acc\u00e8s fixe sans fil aupr\u00e8s de la Commission nig\u00e9riane des communications pour offrir un acc\u00e8s multiservice \u00e0 haut d\u00e9bit aux entreprises et aux abonn\u00e9s r\u00e9sidentiels. Depuis sa cr\u00e9ation, le r\u00e9seau Swift a largement investi dans les technologies r\u00e9seau de nouvelle g\u00e9n\u00e9ration pour cr\u00e9er une plate-forme r\u00e9seau multiservice. Trouvez les prix des forfaits de donn\u00e9es Swif Nigeria \u00e0 bas prix\u00a0:<\/p>\n<h2>Voici comment obtenir les forfaits et tarifs de donn\u00e9es Swif Nigeria \/ Forfaits \/ forfaits Internet Swif Nigeria<\/h2>\n<h3><strong>Forfaits et tarifs de donn\u00e9es Swift Nigeria<\/strong><\/h3>\n<h3>Forfaits de donn\u00e9es mensuels Swif Nigeria\u00a0:<\/h3>\n<p>Avec ce forfait, Swift vous offre 8 Go de donn\u00e9es pour seulement 4 000 \u20a6 et sa validit\u00e9 est de trente jours.<\/p>\n<h3>Forfaits de donn\u00e9es mensuels Swif Nigeria\u00a0:<\/h3>\n<p>Avec ce forfait, Swift vous offre 150 Go de donn\u00e9es pour seulement 30 000 \u20a6 et sa validit\u00e9 est de trente jours.<\/p>\n<h3>Forfaits de donn\u00e9es mensuels Swif Nigeria\u00a0:<\/h3>\n<p>Avec ce forfait, Swift vous offre 100 Go de donn\u00e9es pour seulement 26 000 \u20a6 et sa validit\u00e9 est de trente jours.<\/p>\n<h3>Forfaits de donn\u00e9es mensuels Swif Nigeria\u00a0:<\/h3>\n<p>Avec ce forfait, Swift vous offre 125 Go de donn\u00e9es pour seulement 25 000 \u20a6 et sa validit\u00e9 est de trente jours.<\/p>\n<h3>Forfaits de donn\u00e9es mensuels Swif Nigeria\u00a0:<\/h3>\n<p>Avec ce plan, Swift vous offre 100 Go de donn\u00e9es pour seulement 20 000 \u20a6 et la validit\u00e9 est de trente jours.<\/p>\n<h3>Forfaits de donn\u00e9es mensuels Swif Nigeria\u00a0:<\/h3>\n<p>Avec ce forfait, Swift vous offre 75 Go de donn\u00e9es pour seulement 16 000 \u20a6 et sa validit\u00e9 est de trente jours.<\/p>\n<h2>Vitesse Internet Swif Nig\u00e9ria<\/h2>\n<p><strong>Signal:<\/strong><br \/>\n<strong>Vitesse de pointe\u00a0:<\/strong><br \/>\n<strong>Vitesse moyenne de navigation sur Internet\u00a0:<\/strong><\/p>\n<p>Les informations sur les paquets de donn\u00e9es Swif Nigeria ci-dessus, les prix et les codes d&#039;abonnement sont valables selon notre derni\u00e8re mise \u00e0 jour 2020.<\/p>","protected":false},"excerpt":{"rendered":"<p>Swif Nigeria\u00a0Dataplan, Bundles, Subscription Codes and prices Below is the list of every Swif Nigeria\u00a0data plans and prices\u00a0\/ Nigeria internet packages \/ bundles. Swift Nigeria Networks is a facilitate-based telecommunications service provider. The firm was founded in 2002 when it bided and obtained a Fixed Wireless access license from Nigerian Communications Commission to offer multi-service [&hellip;]<\/p>\n","protected":false},"author":1,"featured_media":19675,"parent":0,"menu_order":0,"comment_status":"open","ping_status":"closed","template":"template-home-modern.php","meta":{"footnotes":""},"class_list":["post-10884","page","type-page","status-publish","has-post-thumbnail","hentry"],"yoast_head":"<!-- This site is optimized with the Yoast SEO plugin v27.2 - https:\/\/yoast.com\/product\/yoast-seo-wordpress\/ -->\n<title>How to get data plan of Swift Nigeria internet packages \/ bundles<\/title>\n<meta name=\"description\" content=\"Are you looking for cheap dataplans of Swift Nigeria data bundles, speed, subscription codes and prices? Here is how to get data plan of Swift Nigeria internet packages \/ bundles\" \/>\n<meta name=\"robots\" content=\"index, follow, max-snippet:-1, max-image-preview:large, max-video-preview:-1\" \/>\n<link rel=\"canonical\" href=\"https:\/\/tiketi.com\/fr-fr\/internet-mobile-swif-nigeria-data-plans-bundle\/\" \/>\n<meta property=\"og:locale\" content=\"fr_FR\" \/>\n<meta property=\"og:type\" content=\"article\" \/>\n<meta property=\"og:title\" content=\"How to get data plan of Swift Nigeria internet packages \/ bundles\" \/>\n<meta property=\"og:description\" content=\"Are you looking for cheap dataplans of Swift Nigeria data bundles, speed, subscription codes and prices? Here is how to get data plan of Swift Nigeria internet packages \/ bundles\" \/>\n<meta property=\"og:url\" content=\"https:\/\/tiketi.com\/fr-fr\/internet-mobile-swif-nigeria-data-plans-bundle\/\" \/>\n<meta property=\"og:site_name\" content=\"Tiketi.com\" \/>\n<meta property=\"article:publisher\" content=\"https:\/\/www.facebook.com\/TiketiCom\/\" \/>\n<meta property=\"article:modified_time\" content=\"2022-02-15T09:47:58+00:00\" \/>\n<meta property=\"og:image\" content=\"https:\/\/tiketi.com\/wp-content\/uploads\/2019\/05\/data-packages-2029825_1280.jpg\" \/>\n\t<meta property=\"og:image:width\" content=\"1200\" \/>\n\t<meta property=\"og:image:height\" content=\"200\" \/>\n\t<meta property=\"og:image:type\" content=\"image\/jpeg\" \/>\n<meta name=\"twitter:card\" content=\"summary_large_image\" \/>\n<meta name=\"twitter:label1\" content=\"Dur\u00e9e de lecture estim\u00e9e\" \/>\n\t<meta name=\"twitter:data1\" content=\"2 minutes\" \/>\n<script type=\"application\/ld+json\" class=\"yoast-schema-graph\">{\"@context\":\"https:\/\/schema.org\",\"@graph\":[{\"@type\":\"WebPage\",\"@id\":\"https:\/\/tiketi.com\/internet-mobile-swif-nigeria-data-plans-bundle\/\",\"url\":\"https:\/\/tiketi.com\/internet-mobile-swif-nigeria-data-plans-bundle\/\",\"name\":\"How to get data plan of Swift Nigeria internet packages \/ bundles\",\"isPartOf\":{\"@id\":\"https:\/\/tiketi.com\/#website\"},\"primaryImageOfPage\":{\"@id\":\"https:\/\/tiketi.com\/internet-mobile-swif-nigeria-data-plans-bundle\/#primaryimage\"},\"image\":{\"@id\":\"https:\/\/tiketi.com\/internet-mobile-swif-nigeria-data-plans-bundle\/#primaryimage\"},\"thumbnailUrl\":\"https:\/\/tiketi.com\/wp-content\/uploads\/2019\/05\/data-packages-2029825_1280.jpg\",\"datePublished\":\"2022-01-19T11:53:56+00:00\",\"dateModified\":\"2022-02-15T09:47:58+00:00\",\"description\":\"Are you looking for cheap dataplans of Swift Nigeria data bundles, speed, subscription codes and prices? Here is how to get data plan of Swift Nigeria internet packages \/ bundles\",\"breadcrumb\":{\"@id\":\"https:\/\/tiketi.com\/internet-mobile-swif-nigeria-data-plans-bundle\/#breadcrumb\"},\"inLanguage\":\"fr-FR\",\"potentialAction\":[{\"@type\":\"ReadAction\",\"target\":[\"https:\/\/tiketi.com\/internet-mobile-swif-nigeria-data-plans-bundle\/\"]}]},{\"@type\":\"ImageObject\",\"inLanguage\":\"fr-FR\",\"@id\":\"https:\/\/tiketi.com\/internet-mobile-swif-nigeria-data-plans-bundle\/#primaryimage\",\"url\":\"https:\/\/tiketi.com\/wp-content\/uploads\/2019\/05\/data-packages-2029825_1280.jpg\",\"contentUrl\":\"https:\/\/tiketi.com\/wp-content\/uploads\/2019\/05\/data-packages-2029825_1280.jpg\",\"width\":1200,\"height\":200,\"caption\":\"How to get Data Plan \/ Packages \/ Top Up\"},{\"@type\":\"BreadcrumbList\",\"@id\":\"https:\/\/tiketi.com\/internet-mobile-swif-nigeria-data-plans-bundle\/#breadcrumb\",\"itemListElement\":[{\"@type\":\"ListItem\",\"position\":1,\"name\":\"Home\",\"item\":\"https:\/\/tiketi.com\/\"},{\"@type\":\"ListItem\",\"position\":2,\"name\":\"How to get data plan of Swift Nigeria internet packages \/ bundles\"}]},{\"@type\":\"WebSite\",\"@id\":\"https:\/\/tiketi.com\/#website\",\"url\":\"https:\/\/tiketi.com\/\",\"name\":\"Flight & Bus Tickets, Tour Packages & Activitites - Tiketi.com\",\"description\":\"Flight &amp; Bus Tickets, Tours, Activitites\",\"publisher\":{\"@id\":\"https:\/\/tiketi.com\/#organization\"},\"potentialAction\":[{\"@type\":\"SearchAction\",\"target\":{\"@type\":\"EntryPoint\",\"urlTemplate\":\"https:\/\/tiketi.com\/?s={search_term_string}\"},\"query-input\":{\"@type\":\"PropertyValueSpecification\",\"valueRequired\":true,\"valueName\":\"search_term_string\"}}],\"inLanguage\":\"fr-FR\"},{\"@type\":\"Organization\",\"@id\":\"https:\/\/tiketi.com\/#organization\",\"name\":\"Tiketi.com\",\"alternateName\":\"Tiketi\",\"url\":\"https:\/\/tiketi.com\/\",\"logo\":{\"@type\":\"ImageObject\",\"inLanguage\":\"fr-FR\",\"@id\":\"https:\/\/tiketi.com\/#\/schema\/logo\/image\/\",\"url\":\"https:\/\/tiketi.com\/wp-content\/uploads\/2019\/05\/tiketi-logo-696.png\",\"contentUrl\":\"https:\/\/tiketi.com\/wp-content\/uploads\/2019\/05\/tiketi-logo-696.png\",\"width\":696,\"height\":696,\"caption\":\"Tiketi.com\"},\"image\":{\"@id\":\"https:\/\/tiketi.com\/#\/schema\/logo\/image\/\"},\"sameAs\":[\"https:\/\/www.facebook.com\/TiketiCom\/\"]}]}<\/script>\n<!-- \/ Yoast SEO plugin. -->","yoast_head_json":{"title":"Comment obtenir le plan de donn\u00e9es des forfaits \/ forfaits Internet Swift Nigeria","description":"Recherchez-vous des forfaits de donn\u00e9es bon march\u00e9 comprenant des forfaits de donn\u00e9es Swift Nigeria, des vitesses, des codes d&#039;abonnement et des prix\u00a0? Voici comment obtenir le plan de donn\u00e9es des forfaits \/ forfaits Internet Swift Nigeria","robots":{"index":"index","follow":"follow","max-snippet":"max-snippet:-1","max-image-preview":"max-image-preview:large","max-video-preview":"max-video-preview:-1"},"canonical":"https:\/\/tiketi.com\/fr-fr\/internet-mobile-swif-nigeria-data-plans-bundle\/","og_locale":"fr_FR","og_type":"article","og_title":"How to get data plan of Swift Nigeria internet packages \/ bundles","og_description":"Are you looking for cheap dataplans of Swift Nigeria data bundles, speed, subscription codes and prices? Here is how to get data plan of Swift Nigeria internet packages \/ bundles","og_url":"https:\/\/tiketi.com\/fr-fr\/internet-mobile-swif-nigeria-data-plans-bundle\/","og_site_name":"Tiketi.com","article_publisher":"https:\/\/www.facebook.com\/TiketiCom\/","article_modified_time":"2022-02-15T09:47:58+00:00","og_image":[{"width":1200,"height":200,"url":"https:\/\/tiketi.com\/wp-content\/uploads\/2019\/05\/data-packages-2029825_1280.jpg","type":"image\/jpeg"}],"twitter_card":"summary_large_image","twitter_misc":{"Dur\u00e9e de lecture estim\u00e9e":"2 minutes"},"schema":{"@context":"https:\/\/schema.org","@graph":[{"@type":"WebPage","@id":"https:\/\/tiketi.com\/internet-mobile-swif-nigeria-data-plans-bundle\/","url":"https:\/\/tiketi.com\/internet-mobile-swif-nigeria-data-plans-bundle\/","name":"Comment obtenir le plan de donn\u00e9es des forfaits \/ forfaits Internet Swift Nigeria","isPartOf":{"@id":"https:\/\/tiketi.com\/#website"},"primaryImageOfPage":{"@id":"https:\/\/tiketi.com\/internet-mobile-swif-nigeria-data-plans-bundle\/#primaryimage"},"image":{"@id":"https:\/\/tiketi.com\/internet-mobile-swif-nigeria-data-plans-bundle\/#primaryimage"},"thumbnailUrl":"https:\/\/tiketi.com\/wp-content\/uploads\/2019\/05\/data-packages-2029825_1280.jpg","datePublished":"2022-01-19T11:53:56+00:00","dateModified":"2022-02-15T09:47:58+00:00","description":"Recherchez-vous des forfaits de donn\u00e9es bon march\u00e9 comprenant des forfaits de donn\u00e9es Swift Nigeria, des vitesses, des codes d&#039;abonnement et des prix\u00a0? Voici comment obtenir le plan de donn\u00e9es des forfaits \/ forfaits Internet Swift Nigeria","breadcrumb":{"@id":"https:\/\/tiketi.com\/internet-mobile-swif-nigeria-data-plans-bundle\/#breadcrumb"},"inLanguage":"fr-FR","potentialAction":[{"@type":"ReadAction","target":["https:\/\/tiketi.com\/internet-mobile-swif-nigeria-data-plans-bundle\/"]}]},{"@type":"ImageObject","inLanguage":"fr-FR","@id":"https:\/\/tiketi.com\/internet-mobile-swif-nigeria-data-plans-bundle\/#primaryimage","url":"https:\/\/tiketi.com\/wp-content\/uploads\/2019\/05\/data-packages-2029825_1280.jpg","contentUrl":"https:\/\/tiketi.com\/wp-content\/uploads\/2019\/05\/data-packages-2029825_1280.jpg","width":1200,"height":200,"caption":"How to get Data Plan \/ Packages \/ Top Up"},{"@type":"BreadcrumbList","@id":"https:\/\/tiketi.com\/internet-mobile-swif-nigeria-data-plans-bundle\/#breadcrumb","itemListElement":[{"@type":"ListItem","position":1,"name":"Home","item":"https:\/\/tiketi.com\/"},{"@type":"ListItem","position":2,"name":"How to get data plan of Swift Nigeria internet packages \/ bundles"}]},{"@type":"WebSite","@id":"https:\/\/tiketi.com\/#website","url":"https:\/\/tiketi.com\/","name":"Billets d&#039;avion et de bus, forfaits touristiques et activit\u00e9s - Tiketi.com","description":"Billets d&#039;avion et de bus, Tours, Activit\u00e9s","publisher":{"@id":"https:\/\/tiketi.com\/#organization"},"potentialAction":[{"@type":"SearchAction","target":{"@type":"EntryPoint","urlTemplate":"https:\/\/tiketi.com\/?s={search_term_string}"},"query-input":{"@type":"PropertyValueSpecification","valueRequired":true,"valueName":"search_term_string"}}],"inLanguage":"fr-FR"},{"@type":"Organization","@id":"https:\/\/tiketi.com\/#organization","name":"Tiketi.com","alternateName":"Tiketi","url":"https:\/\/tiketi.com\/","logo":{"@type":"ImageObject","inLanguage":"fr-FR","@id":"https:\/\/tiketi.com\/#\/schema\/logo\/image\/","url":"https:\/\/tiketi.com\/wp-content\/uploads\/2019\/05\/tiketi-logo-696.png","contentUrl":"https:\/\/tiketi.com\/wp-content\/uploads\/2019\/05\/tiketi-logo-696.png","width":696,"height":696,"caption":"Tiketi.com"},"image":{"@id":"https:\/\/tiketi.com\/#\/schema\/logo\/image\/"},"sameAs":["https:\/\/www.facebook.com\/TiketiCom\/"]}]}},"_links":{"self":[{"href":"https:\/\/tiketi.com\/fr-fr\/wp-json\/wp\/v2\/pages\/10884","targetHints":{"allow":["GET"]}}],"collection":[{"href":"https:\/\/tiketi.com\/fr-fr\/wp-json\/wp\/v2\/pages"}],"about":[{"href":"https:\/\/tiketi.com\/fr-fr\/wp-json\/wp\/v2\/types\/page"}],"author":[{"embeddable":true,"href":"https:\/\/tiketi.com\/fr-fr\/wp-json\/wp\/v2\/users\/1"}],"replies":[{"embeddable":true,"href":"https:\/\/tiketi.com\/fr-fr\/wp-json\/wp\/v2\/comments?post=10884"}],"version-history":[{"count":0,"href":"https:\/\/tiketi.com\/fr-fr\/wp-json\/wp\/v2\/pages\/10884\/revisions"}],"wp:featuredmedia":[{"embeddable":true,"href":"https:\/\/tiketi.com\/fr-fr\/wp-json\/wp\/v2\/media\/19675"}],"wp:attachment":[{"href":"https:\/\/tiketi.com\/fr-fr\/wp-json\/wp\/v2\/media?parent=10884"}],"curies":[{"name":"wp","href":"https:\/\/api.w.org\/{rel}","templated":true}]}}