{"id":10888,"date":"2022-01-19T12:53:56","date_gmt":"2022-01-19T11:53:56","guid":{"rendered":"https:\/\/new.tiketi.com\/how-to-get-data-plan-of-9mobile-nigeria-internet-packages-bundles\/"},"modified":"2022-02-14T16:27:24","modified_gmt":"2022-02-14T15:27:24","slug":"internet-9mobile-nigeria-data-plans-bundle","status":"publish","type":"page","link":"https:\/\/tiketi.com\/fr-fr\/internet-9mobile-nigeria-data-plans-bundle\/","title":{"rendered":"Comment obtenir le plan de donn\u00e9es des forfaits \/ forfaits Internet 9mobile Nigeria"},"content":{"rendered":"<h2>Plan de donn\u00e9es 9mobile, forfaits, codes d&#039;abonnement et prix<\/h2>\n<p>Voici la liste de tous les plans de donn\u00e9es et prix de 9mobile Nigeria \/ forfaits \/ forfaits Internet 9mobile Nigeria. 9mobile est le petit des quatre grands fournisseurs avec 22,5 millions d&#039;utilisateurs, part de quinze pour cent en 2016. Trouvez les prix des forfaits de donn\u00e9es bon march\u00e9 de 9mobile Nigeria :<\/p>\n<p>9mobile \u00e9tait connue sous le nom d&#039;Etisalat Nigeria et appartenait \u00e0 Etisalat des \u00c9mirats arabes unis jusqu&#039;\u00e0 l&#039;\u00e9t\u00e9 2017. Puis Etisalat a soudainement quitt\u00e9 le pays apr\u00e8s l&#039;\u00e9chec des discussions sur la restriction de la dette. Le r\u00e9gulateur a d\u00fb intervenir pour les prot\u00e9ger de l&#039;effondrement. Fin 2017, un processus d&#039;appel d&#039;offres est en cours sur la mani\u00e8re d&#039;obtenir le r\u00e9seau vacant.<\/p>\n<h2>Voici comment obtenir les forfaits de donn\u00e9es et les prix de 9mobile Nigeria \/ les forfaits Internet 9mobile Nigeria \/ les forfaits<\/h2>\n<h3>Forfaits de donn\u00e9es et prix de 9mobile Nigeria<\/h3>\n<p>Les donn\u00e9es par d\u00e9faut sont \u20a6 0,03-0,05 par Ko. Ces forfaits sont fournis\u00a0:<\/p>\n<table border=\"0\" cellpadding=\"0\">\n<tbody>\n<tr>\n<td>\n<h3><strong>9forfait de donn\u00e9es mobiles<\/strong><\/h3>\n<\/td>\n<td>\n<h3><strong>Temps <\/strong><\/h3>\n<\/td>\n<td>\n<h3><strong>Prix <\/strong><\/h3>\n<\/td>\n<td>\n<h3><strong>Activation <\/strong><\/h3>\n<\/td>\n<\/tr>\n<tr>\n<td>\n<h3>10 Mo<\/h3>\n<\/td>\n<td>\n<h3>Forfaits de donn\u00e9es quotidiens 9mobile Nigeria: 24 heures<\/h3>\n<\/td>\n<td>\n<h3>\u20a6 50<\/h3>\n<\/td>\n<td>\n<h3>*229*3*8#<\/h3>\n<\/td>\n<\/tr>\n<tr>\n<td>\n<h3>40 Mo<\/h3>\n<\/td>\n<td>\n<h3>Forfaits de donn\u00e9es quotidiens 9mobile Nigeria: 24 heures<\/h3>\n<\/td>\n<td>\n<h3>\u20a6 100<\/h3>\n<\/td>\n<td>\n<h3>*229*3*1#<\/h3>\n<\/td>\n<\/tr>\n<tr>\n<td>\n<h3>150 Mo<\/h3>\n<\/td>\n<td>\n<h3>Forfaits de donn\u00e9es hebdomadaires 9mobile Nigeria: 7 jours<\/h3>\n<\/td>\n<td>\n<h3>\u20a6 200<\/h3>\n<\/td>\n<td>\n<h3>*229*2*10#<\/h3>\n<\/td>\n<\/tr>\n<tr>\n<td>\n<h3>500 Mo<\/h3>\n<\/td>\n<td>\n<h3>Forfaits de donn\u00e9es mensuels 9mobile Nigeria: 30 jours<\/h3>\n<\/td>\n<td>\n<h3>\u20a6 500<\/h3>\n<\/td>\n<td>\n<h3>*229*2*12#<\/h3>\n<\/td>\n<\/tr>\n<tr>\n<td>\n<h3>1 Go<\/h3>\n<\/td>\n<td>\n<h3>Forfaits de donn\u00e9es mensuels 9mobile Nigeria: 30 jours<\/h3>\n<\/td>\n<td>\n<h3>\u20a6 1000<\/h3>\n<\/td>\n<td>\n<h3>*229*2*7#<\/h3>\n<\/td>\n<\/tr>\n<tr>\n<td>\n<h3>1,5 Go<\/h3>\n<\/td>\n<td>\n<h3>Forfaits de donn\u00e9es mensuels 9mobile Nigeria: 30 jours<\/h3>\n<\/td>\n<td>\n<h3>\u20a6 1200<\/h3>\n<\/td>\n<td>\n<h3>*229*2*25#<\/h3>\n<\/td>\n<\/tr>\n<tr>\n<td>\n<h3>2,5 Go<\/h3>\n<\/td>\n<td>\n<h3>Forfaits de donn\u00e9es mensuels 9mobile Nigeria: 30 jours<\/h3>\n<\/td>\n<td>\n<h3>\u20a6 2000<\/h3>\n<\/td>\n<td>\n<h3>*229*2*8#<\/h3>\n<\/td>\n<\/tr>\n<tr>\n<td>\n<h3>4 GO<\/h3>\n<\/td>\n<td>\n<h3>Forfaits de donn\u00e9es mensuels 9mobile Nigeria: 30 jours<\/h3>\n<\/td>\n<td>\n<h3>\u20a6 3000<\/h3>\n<\/td>\n<td>\n<h3>*229*2*35#<\/h3>\n<\/td>\n<\/tr>\n<tr>\n<td>\n<h3>5,5 Go<\/h3>\n<\/td>\n<td>\n<h3>Forfaits de donn\u00e9es mensuels 9mobile Nigeria: 30 jours<\/h3>\n<\/td>\n<td>\n<h3>\u20a6 4000<\/h3>\n<\/td>\n<td>\n<h3>*229*2*36#<\/h3>\n<\/td>\n<\/tr>\n<tr>\n<td>\n<h3>11,5 Go<\/h3>\n<\/td>\n<td>\n<h3>Forfaits de donn\u00e9es mensuels 9mobile Nigeria: 30 jours<\/h3>\n<\/td>\n<td>\n<h3>\u20a6 8000<\/h3>\n<\/td>\n<td>\n<h3>*229*2*5#<\/h3>\n<\/td>\n<\/tr>\n<tr>\n<td>\n<h3>15 Go<\/h3>\n<\/td>\n<td>\n<h3>Forfaits de donn\u00e9es mensuels 9mobile Nigeria: 30 jours<\/h3>\n<\/td>\n<td>\n<h3>\u20a6 10000<\/h3>\n<\/td>\n<td>\n<h3>*229*4*1#<\/h3>\n<\/td>\n<\/tr>\n<tr>\n<td>\n<h3>27,5 Go<\/h3>\n<\/td>\n<td>\n<h3>Forfaits de donn\u00e9es mensuels 9mobile Nigeria: 30 jours<\/h3>\n<\/td>\n<td>\n<h3>\u20a6 18000<\/h3>\n<\/td>\n<td>\n<h3>*229*4*3#<\/h3>\n<\/td>\n<\/tr>\n<tr>\n<td>\n<h3>30 Go<\/h3>\n<\/td>\n<td>\n<h3>Forfaits de donn\u00e9es mensuels 9mobile Nigeria: 90 jours<\/h3>\n<\/td>\n<td>\n<h3>\u20a6 27500<\/h3>\n<\/td>\n<td>\n<h3>*229*5*1#<\/h3>\n<\/td>\n<\/tr>\n<tr>\n<td>\n<h3>60 Go<\/h3>\n<\/td>\n<td>\n<h3>Forfaits de donn\u00e9es mensuels 9mobile Nigeria: 120 jours<\/h3>\n<\/td>\n<td>\n<h3>\u20a6 55000<\/h3>\n<\/td>\n<td>\n<h3>*229*5*2#<\/h3>\n<\/td>\n<\/tr>\n<tr>\n<td>\n<h3>100 Go<\/h3>\n<\/td>\n<td>\n<h3>Forfaits de donn\u00e9es mensuels 9mobile Nigeria: 30 jours<\/h3>\n<\/td>\n<td>\n<h3>\u20a6 84992<\/h3>\n<\/td>\n<td>\n<h3>*229*4*5#<\/h3>\n<\/td>\n<\/tr>\n<tr>\n<td>\n<h3>120 Go<\/h3>\n<\/td>\n<td>\n<h3>Forfaits de donn\u00e9es annuels 9mobile Nigeria: 365 jours<\/h3>\n<\/td>\n<td>\n<h3>\u20a6 110000<\/h3>\n<\/td>\n<td>\n<h3>*229*5*3#<\/h3>\n<\/td>\n<\/tr>\n<\/tbody>\n<\/table>\n<h2>9mobile Nig\u00e9ria Vitesse Internet<\/h2>\n<p><strong>Signal:<\/strong><br \/>\n<strong>Vitesse de pointe\u00a0:<\/strong><br \/>\n<strong>Vitesse moyenne de navigation sur Internet\u00a0:<\/strong><\/p>\n<p>Les informations sur les forfaits de donn\u00e9es 9mobile Nigeria ci-dessus, les prix et les codes d&#039;abonnement sont valables selon notre derni\u00e8re mise \u00e0 jour 2020.<\/p>","protected":false},"excerpt":{"rendered":"<p>9mobile\u00a0Dataplan, Bundles, Subscription Codes and prices Here is the list of every 9mobile Nigeria\u00a0data plans and prices \/\u00a09mobile Nigeria\u00a0internet packages \/ bundles. 9mobile is the little of the four big providers with 22.5 million users share of fifteen percent in 2016.\u00a0Find cheap 9mobile Nigeria data bundle prices: 9mobile was known as Etisalat Nigeria and owned [&hellip;]<\/p>\n","protected":false},"author":1,"featured_media":19675,"parent":0,"menu_order":0,"comment_status":"open","ping_status":"closed","template":"template-home-modern.php","meta":{"footnotes":""},"class_list":["post-10888","page","type-page","status-publish","has-post-thumbnail","hentry"],"yoast_head":"<!-- This site is optimized with the Yoast SEO plugin v27.2 - https:\/\/yoast.com\/product\/yoast-seo-wordpress\/ -->\n<title>How to get data plan of 9mobile Nigeria internet packages \/ bundles<\/title>\n<meta name=\"description\" content=\"Here is how to get data plan of 9mobile Nigeria internet packages \/ bundles. Are you looking for cheap dataplans of 9mobile Nigeria data bundles, internet speed, subscription codes and prices?\" \/>\n<meta name=\"robots\" content=\"index, follow, max-snippet:-1, max-image-preview:large, max-video-preview:-1\" \/>\n<link rel=\"canonical\" href=\"https:\/\/tiketi.com\/fr-fr\/internet-9mobile-nigeria-data-plans-bundle\/\" \/>\n<meta property=\"og:locale\" content=\"fr_FR\" \/>\n<meta property=\"og:type\" content=\"article\" \/>\n<meta property=\"og:title\" content=\"How to get data plan of 9mobile Nigeria internet packages \/ bundles\" \/>\n<meta property=\"og:description\" content=\"Here is how to get data plan of 9mobile Nigeria internet packages \/ bundles. Are you looking for cheap dataplans of 9mobile Nigeria data bundles, internet speed, subscription codes and prices?\" \/>\n<meta property=\"og:url\" content=\"https:\/\/tiketi.com\/fr-fr\/internet-9mobile-nigeria-data-plans-bundle\/\" \/>\n<meta property=\"og:site_name\" content=\"Tiketi.com\" \/>\n<meta property=\"article:publisher\" content=\"https:\/\/www.facebook.com\/TiketiCom\/\" \/>\n<meta property=\"article:modified_time\" content=\"2022-02-14T15:27:24+00:00\" \/>\n<meta property=\"og:image\" content=\"https:\/\/tiketi.com\/wp-content\/uploads\/2019\/05\/data-packages-2029825_1280.jpg\" \/>\n\t<meta property=\"og:image:width\" content=\"1200\" \/>\n\t<meta property=\"og:image:height\" content=\"200\" \/>\n\t<meta property=\"og:image:type\" content=\"image\/jpeg\" \/>\n<meta name=\"twitter:card\" content=\"summary_large_image\" \/>\n<meta name=\"twitter:label1\" content=\"Dur\u00e9e de lecture estim\u00e9e\" \/>\n\t<meta name=\"twitter:data1\" content=\"2 minutes\" \/>\n<script type=\"application\/ld+json\" class=\"yoast-schema-graph\">{\"@context\":\"https:\/\/schema.org\",\"@graph\":[{\"@type\":\"WebPage\",\"@id\":\"https:\/\/tiketi.com\/internet-9mobile-nigeria-data-plans-bundle\/\",\"url\":\"https:\/\/tiketi.com\/internet-9mobile-nigeria-data-plans-bundle\/\",\"name\":\"How to get data plan of 9mobile Nigeria internet packages \/ bundles\",\"isPartOf\":{\"@id\":\"https:\/\/tiketi.com\/#website\"},\"primaryImageOfPage\":{\"@id\":\"https:\/\/tiketi.com\/internet-9mobile-nigeria-data-plans-bundle\/#primaryimage\"},\"image\":{\"@id\":\"https:\/\/tiketi.com\/internet-9mobile-nigeria-data-plans-bundle\/#primaryimage\"},\"thumbnailUrl\":\"https:\/\/tiketi.com\/wp-content\/uploads\/2019\/05\/data-packages-2029825_1280.jpg\",\"datePublished\":\"2022-01-19T11:53:56+00:00\",\"dateModified\":\"2022-02-14T15:27:24+00:00\",\"description\":\"Here is how to get data plan of 9mobile Nigeria internet packages \/ bundles. Are you looking for cheap dataplans of 9mobile Nigeria data bundles, internet speed, subscription codes and prices?\",\"breadcrumb\":{\"@id\":\"https:\/\/tiketi.com\/internet-9mobile-nigeria-data-plans-bundle\/#breadcrumb\"},\"inLanguage\":\"fr-FR\",\"potentialAction\":[{\"@type\":\"ReadAction\",\"target\":[\"https:\/\/tiketi.com\/internet-9mobile-nigeria-data-plans-bundle\/\"]}]},{\"@type\":\"ImageObject\",\"inLanguage\":\"fr-FR\",\"@id\":\"https:\/\/tiketi.com\/internet-9mobile-nigeria-data-plans-bundle\/#primaryimage\",\"url\":\"https:\/\/tiketi.com\/wp-content\/uploads\/2019\/05\/data-packages-2029825_1280.jpg\",\"contentUrl\":\"https:\/\/tiketi.com\/wp-content\/uploads\/2019\/05\/data-packages-2029825_1280.jpg\",\"width\":1200,\"height\":200,\"caption\":\"How to get Data Plan \/ Packages \/ Top Up\"},{\"@type\":\"BreadcrumbList\",\"@id\":\"https:\/\/tiketi.com\/internet-9mobile-nigeria-data-plans-bundle\/#breadcrumb\",\"itemListElement\":[{\"@type\":\"ListItem\",\"position\":1,\"name\":\"Home\",\"item\":\"https:\/\/tiketi.com\/\"},{\"@type\":\"ListItem\",\"position\":2,\"name\":\"How to get data plan of 9mobile Nigeria internet packages \/ bundles\"}]},{\"@type\":\"WebSite\",\"@id\":\"https:\/\/tiketi.com\/#website\",\"url\":\"https:\/\/tiketi.com\/\",\"name\":\"Flight & Bus Tickets, Tour Packages & Activitites - Tiketi.com\",\"description\":\"Flight &amp; Bus Tickets, Tours, Activitites\",\"publisher\":{\"@id\":\"https:\/\/tiketi.com\/#organization\"},\"potentialAction\":[{\"@type\":\"SearchAction\",\"target\":{\"@type\":\"EntryPoint\",\"urlTemplate\":\"https:\/\/tiketi.com\/?s={search_term_string}\"},\"query-input\":{\"@type\":\"PropertyValueSpecification\",\"valueRequired\":true,\"valueName\":\"search_term_string\"}}],\"inLanguage\":\"fr-FR\"},{\"@type\":\"Organization\",\"@id\":\"https:\/\/tiketi.com\/#organization\",\"name\":\"Tiketi.com\",\"alternateName\":\"Tiketi\",\"url\":\"https:\/\/tiketi.com\/\",\"logo\":{\"@type\":\"ImageObject\",\"inLanguage\":\"fr-FR\",\"@id\":\"https:\/\/tiketi.com\/#\/schema\/logo\/image\/\",\"url\":\"https:\/\/tiketi.com\/wp-content\/uploads\/2019\/05\/tiketi-logo-696.png\",\"contentUrl\":\"https:\/\/tiketi.com\/wp-content\/uploads\/2019\/05\/tiketi-logo-696.png\",\"width\":696,\"height\":696,\"caption\":\"Tiketi.com\"},\"image\":{\"@id\":\"https:\/\/tiketi.com\/#\/schema\/logo\/image\/\"},\"sameAs\":[\"https:\/\/www.facebook.com\/TiketiCom\/\"]}]}<\/script>\n<!-- \/ Yoast SEO plugin. -->","yoast_head_json":{"title":"Comment obtenir le plan de donn\u00e9es des forfaits \/ forfaits Internet 9mobile Nigeria","description":"Voici comment obtenir le plan de donn\u00e9es des forfaits \/ forfaits Internet 9mobile Nigeria. \u00cates-vous \u00e0 la recherche de forfaits de donn\u00e9es bon march\u00e9 de forfaits de donn\u00e9es 9mobile Nigeria, de vitesse Internet, de codes d&#039;abonnement et de prix?","robots":{"index":"index","follow":"follow","max-snippet":"max-snippet:-1","max-image-preview":"max-image-preview:large","max-video-preview":"max-video-preview:-1"},"canonical":"https:\/\/tiketi.com\/fr-fr\/internet-9mobile-nigeria-data-plans-bundle\/","og_locale":"fr_FR","og_type":"article","og_title":"How to get data plan of 9mobile Nigeria internet packages \/ bundles","og_description":"Here is how to get data plan of 9mobile Nigeria internet packages \/ bundles. Are you looking for cheap dataplans of 9mobile Nigeria data bundles, internet speed, subscription codes and prices?","og_url":"https:\/\/tiketi.com\/fr-fr\/internet-9mobile-nigeria-data-plans-bundle\/","og_site_name":"Tiketi.com","article_publisher":"https:\/\/www.facebook.com\/TiketiCom\/","article_modified_time":"2022-02-14T15:27:24+00:00","og_image":[{"width":1200,"height":200,"url":"https:\/\/tiketi.com\/wp-content\/uploads\/2019\/05\/data-packages-2029825_1280.jpg","type":"image\/jpeg"}],"twitter_card":"summary_large_image","twitter_misc":{"Dur\u00e9e de lecture estim\u00e9e":"2 minutes"},"schema":{"@context":"https:\/\/schema.org","@graph":[{"@type":"WebPage","@id":"https:\/\/tiketi.com\/internet-9mobile-nigeria-data-plans-bundle\/","url":"https:\/\/tiketi.com\/internet-9mobile-nigeria-data-plans-bundle\/","name":"Comment obtenir le plan de donn\u00e9es des forfaits \/ forfaits Internet 9mobile Nigeria","isPartOf":{"@id":"https:\/\/tiketi.com\/#website"},"primaryImageOfPage":{"@id":"https:\/\/tiketi.com\/internet-9mobile-nigeria-data-plans-bundle\/#primaryimage"},"image":{"@id":"https:\/\/tiketi.com\/internet-9mobile-nigeria-data-plans-bundle\/#primaryimage"},"thumbnailUrl":"https:\/\/tiketi.com\/wp-content\/uploads\/2019\/05\/data-packages-2029825_1280.jpg","datePublished":"2022-01-19T11:53:56+00:00","dateModified":"2022-02-14T15:27:24+00:00","description":"Voici comment obtenir le plan de donn\u00e9es des forfaits \/ forfaits Internet 9mobile Nigeria. \u00cates-vous \u00e0 la recherche de forfaits de donn\u00e9es bon march\u00e9 de forfaits de donn\u00e9es 9mobile Nigeria, de vitesse Internet, de codes d&#039;abonnement et de prix?","breadcrumb":{"@id":"https:\/\/tiketi.com\/internet-9mobile-nigeria-data-plans-bundle\/#breadcrumb"},"inLanguage":"fr-FR","potentialAction":[{"@type":"ReadAction","target":["https:\/\/tiketi.com\/internet-9mobile-nigeria-data-plans-bundle\/"]}]},{"@type":"ImageObject","inLanguage":"fr-FR","@id":"https:\/\/tiketi.com\/internet-9mobile-nigeria-data-plans-bundle\/#primaryimage","url":"https:\/\/tiketi.com\/wp-content\/uploads\/2019\/05\/data-packages-2029825_1280.jpg","contentUrl":"https:\/\/tiketi.com\/wp-content\/uploads\/2019\/05\/data-packages-2029825_1280.jpg","width":1200,"height":200,"caption":"How to get Data Plan \/ Packages \/ Top Up"},{"@type":"BreadcrumbList","@id":"https:\/\/tiketi.com\/internet-9mobile-nigeria-data-plans-bundle\/#breadcrumb","itemListElement":[{"@type":"ListItem","position":1,"name":"Home","item":"https:\/\/tiketi.com\/"},{"@type":"ListItem","position":2,"name":"How to get data plan of 9mobile Nigeria internet packages \/ bundles"}]},{"@type":"WebSite","@id":"https:\/\/tiketi.com\/#website","url":"https:\/\/tiketi.com\/","name":"Billets d&#039;avion et de bus, forfaits touristiques et activit\u00e9s - Tiketi.com","description":"Billets d&#039;avion et de bus, Tours, Activit\u00e9s","publisher":{"@id":"https:\/\/tiketi.com\/#organization"},"potentialAction":[{"@type":"SearchAction","target":{"@type":"EntryPoint","urlTemplate":"https:\/\/tiketi.com\/?s={search_term_string}"},"query-input":{"@type":"PropertyValueSpecification","valueRequired":true,"valueName":"search_term_string"}}],"inLanguage":"fr-FR"},{"@type":"Organization","@id":"https:\/\/tiketi.com\/#organization","name":"Tiketi.com","alternateName":"Tiketi","url":"https:\/\/tiketi.com\/","logo":{"@type":"ImageObject","inLanguage":"fr-FR","@id":"https:\/\/tiketi.com\/#\/schema\/logo\/image\/","url":"https:\/\/tiketi.com\/wp-content\/uploads\/2019\/05\/tiketi-logo-696.png","contentUrl":"https:\/\/tiketi.com\/wp-content\/uploads\/2019\/05\/tiketi-logo-696.png","width":696,"height":696,"caption":"Tiketi.com"},"image":{"@id":"https:\/\/tiketi.com\/#\/schema\/logo\/image\/"},"sameAs":["https:\/\/www.facebook.com\/TiketiCom\/"]}]}},"_links":{"self":[{"href":"https:\/\/tiketi.com\/fr-fr\/wp-json\/wp\/v2\/pages\/10888","targetHints":{"allow":["GET"]}}],"collection":[{"href":"https:\/\/tiketi.com\/fr-fr\/wp-json\/wp\/v2\/pages"}],"about":[{"href":"https:\/\/tiketi.com\/fr-fr\/wp-json\/wp\/v2\/types\/page"}],"author":[{"embeddable":true,"href":"https:\/\/tiketi.com\/fr-fr\/wp-json\/wp\/v2\/users\/1"}],"replies":[{"embeddable":true,"href":"https:\/\/tiketi.com\/fr-fr\/wp-json\/wp\/v2\/comments?post=10888"}],"version-history":[{"count":0,"href":"https:\/\/tiketi.com\/fr-fr\/wp-json\/wp\/v2\/pages\/10888\/revisions"}],"wp:featuredmedia":[{"embeddable":true,"href":"https:\/\/tiketi.com\/fr-fr\/wp-json\/wp\/v2\/media\/19675"}],"wp:attachment":[{"href":"https:\/\/tiketi.com\/fr-fr\/wp-json\/wp\/v2\/media?parent=10888"}],"curies":[{"name":"wp","href":"https:\/\/api.w.org\/{rel}","templated":true}]}}