{"id":10890,"date":"2022-01-19T12:53:57","date_gmt":"2022-01-19T11:53:57","guid":{"rendered":"https:\/\/new.tiketi.com\/how-to-get-data-plan-of-glo-mobile-nigeria-internet-packages-bundles\/"},"modified":"2022-02-15T08:57:57","modified_gmt":"2022-02-15T07:57:57","slug":"internet-mobile-glo-nigeria-data-plans-bundle","status":"publish","type":"page","link":"https:\/\/tiketi.com\/fr-fr\/internet-mobile-glo-nigeria-data-plans-bundle\/","title":{"rendered":"Comment obtenir le plan de donn\u00e9es des forfaits \/ forfaits Internet Glo Mobile Nigeria"},"content":{"rendered":"<h2>Plan de donn\u00e9es Glo Mobile, forfaits, codes d&#039;abonnement et prix<\/h2>\n<p>Vous trouverez ci-dessous la liste de tous les plans de donn\u00e9es et prix de Glo Mobile Nigeria \/ forfaits \/ forfaits Internet Glo Mobile Nigeria. Glo Mobile by Globacom est un deux dans le pays avec trente-sept millions d&#039;utilisateurs. Gobacom Ltd. est une entreprise de t\u00e9l\u00e9communications multinationale priv\u00e9e nig\u00e9riane dont le si\u00e8ge est \u00e0 Lagos. Elle op\u00e8re actuellement dans quatre pays d&#039;Afrique de l&#039;Ouest sous la marque Glo. Trouvez les prix des forfaits de donn\u00e9es Glo Mobile Nigeria bon march\u00e9:<\/p>\n<h2>Voici comment obtenir les forfaits de donn\u00e9es et les prix de Glo Mobile Nigeria \/ les forfaits \/ forfaits Internet Glo Mobile Nigeria<\/h2>\n<h3>Forfaits et prix de donn\u00e9es mobiles Glo<\/h3>\n<p>Glo a les plans de donn\u00e9es abordables dans le pays en ce moment. Ils sont disponibles en 2 versions en tant que package compatible 3G et 4G\/LTE. Mais les tarifs pour les deux lignes sont les m\u00eames :<\/p>\n<table border=\"0\" cellpadding=\"0\">\n<tbody>\n<tr>\n<td>\n<h3><strong>Glo Mobile Nig\u00e9ria<\/strong>\u00a0<strong>Donn\u00e9es uniques\u00a0 \u00a0 \u00a0 \u00a0<\/strong><\/h3>\n<\/td>\n<td>\n<h3><strong>Donn\u00e9es doubl\u00e9es\u00a0 \u00a0 \u00a0 \u00a0<\/strong><\/h3>\n<\/td>\n<td>\n<h3><strong>Validit\u00e9 <\/strong><\/h3>\n<\/td>\n<td>\n<h3><strong>Prix <\/strong><\/h3>\n<\/td>\n<td>\n<h3><strong>Activation\u00a0\u00a0<\/strong><\/h3>\n<\/td>\n<\/tr>\n<tr>\n<td>\n<h3>15 Mo<\/h3>\n<\/td>\n<td>\n<h3>30 Mo<\/h3>\n<\/td>\n<td>\n<h3>Forfaits Glo Mobile Nigeria Daily Data: 1 jour<\/h3>\n<\/td>\n<td>\n<h3>\u20a6 50<\/h3>\n<\/td>\n<td>\n<h3>*127*14#<\/h3>\n<\/td>\n<\/tr>\n<tr>\n<td>\n<h3>35 Mo<\/h3>\n<\/td>\n<td>\n<h3>70 Mo<\/h3>\n<\/td>\n<td>\n<h3>Forfaits Glo Mobile Nigeria Daily Data: 1 jour<\/h3>\n<\/td>\n<td>\n<h3>\u20a6 100<\/h3>\n<\/td>\n<td>\n<h3>*127*51#<\/h3>\n<\/td>\n<\/tr>\n<tr>\n<td>\n<h3>100 Mo<\/h3>\n<\/td>\n<td>\n<h3>200 Mo<\/h3>\n<\/td>\n<td>\n<h3>Forfaits de donn\u00e9es hebdomadaires Glo Mobile Nigeria: 7 jours<\/h3>\n<\/td>\n<td>\n<h3>\u20a6 200<\/h3>\n<\/td>\n<td>\n<h3>*127*56#<\/h3>\n<\/td>\n<\/tr>\n<tr>\n<td>\n<h3>800 Mo<\/h3>\n<\/td>\n<td>\n<h3>1,6 Go<\/h3>\n<\/td>\n<td>\n<h3>Forfaits de donn\u00e9es hebdomadaires Glo Mobile Nigeria: 10 jours<\/h3>\n<\/td>\n<td>\n<h3>\u20a6 500<\/h3>\n<\/td>\n<td>\n<h3>*127*57#<\/h3>\n<\/td>\n<\/tr>\n<tr>\n<td>\n<h3>1,6 Go<\/h3>\n<\/td>\n<td>\n<h3>3,2 Go<\/h3>\n<\/td>\n<td>\n<h3>Forfaits de donn\u00e9es mensuels Glo Mobile Nigeria: 30 jours<\/h3>\n<\/td>\n<td>\n<h3>\u20a6 1000<\/h3>\n<\/td>\n<td>\n<h3>*127*53#<\/h3>\n<\/td>\n<\/tr>\n<tr>\n<td>\n<h3>3,75 Go<\/h3>\n<\/td>\n<td>\n<h3>7,5 Go<\/h3>\n<\/td>\n<td>\n<h3>Forfaits de donn\u00e9es mensuels Glo Mobile Nigeria: 30 jours<\/h3>\n<\/td>\n<td>\n<h3>\u20a6 2000<\/h3>\n<\/td>\n<td>\n<h3>*127*55#<\/h3>\n<\/td>\n<\/tr>\n<tr>\n<td>\n<h3>5 Go<\/h3>\n<\/td>\n<td>\n<h3>10 Go<\/h3>\n<\/td>\n<td>\n<h3>Forfaits de donn\u00e9es mensuels Glo Mobile Nigeria: 30 jours<\/h3>\n<\/td>\n<td>\n<h3>\u20a6 2500<\/h3>\n<\/td>\n<td>\n<h3>*127*58#<\/h3>\n<\/td>\n<\/tr>\n<tr>\n<td>\n<h3>6 Go<\/h3>\n<\/td>\n<td>\n<h3>12 Go<\/h3>\n<\/td>\n<td>\n<h3>Forfaits de donn\u00e9es mensuels Glo Mobile Nigeria: 30 jours<\/h3>\n<\/td>\n<td>\n<h3>\u20a6 3000<\/h3>\n<\/td>\n<td>\n<h3>*127*54#<\/h3>\n<\/td>\n<\/tr>\n<tr>\n<td>\n<h3>8 Go<\/h3>\n<\/td>\n<td>\n<h3>16 GB<\/h3>\n<\/td>\n<td>\n<h3>Forfaits de donn\u00e9es mensuels Glo Mobile Nigeria: 30 jours<\/h3>\n<\/td>\n<td>\n<h3>\u20a6 4000<\/h3>\n<\/td>\n<td>\n<h3>*127*59#<\/h3>\n<\/td>\n<\/tr>\n<tr>\n<td>\n<h3>12 Go<\/h3>\n<\/td>\n<td>\n<h3>24 Go<\/h3>\n<\/td>\n<td>\n<h3>Forfaits de donn\u00e9es mensuels Glo Mobile Nigeria: 30 jours<\/h3>\n<\/td>\n<td>\n<h3>\u20a6 5000<\/h3>\n<\/td>\n<td>\n<h3>*127*2#<\/h3>\n<\/td>\n<\/tr>\n<tr>\n<td>\n<h3>16 GB<\/h3>\n<\/td>\n<td>\n<h3>32 Go<\/h3>\n<\/td>\n<td>\n<h3>Forfaits de donn\u00e9es mensuels Glo Mobile Nigeria: 30 jours<\/h3>\n<\/td>\n<td>\n<h3>\u20a6 8000<\/h3>\n<\/td>\n<td>\n<h3>*127*1#<\/h3>\n<\/td>\n<\/tr>\n<tr>\n<td>\n<h3>23 Go<\/h3>\n<\/td>\n<td>\n<h3>46 Go<\/h3>\n<\/td>\n<td>\n<h3>Forfaits de donn\u00e9es mensuels Glo Mobile Nigeria: 30 jours<\/h3>\n<\/td>\n<td>\n<h3>\u20a6 10000<\/h3>\n<\/td>\n<td>\n<h3>*127*11#<\/h3>\n<\/td>\n<\/tr>\n<tr>\n<td>\n<h3>30 Go<\/h3>\n<\/td>\n<td>\n<h3>60 Go<\/h3>\n<\/td>\n<td>\n<h3>Forfaits de donn\u00e9es mensuels Glo Mobile Nigeria: 30 jours<\/h3>\n<\/td>\n<td>\n<h3>\u20a6 15000<\/h3>\n<\/td>\n<td>\n<h3>*127*12#<\/h3>\n<\/td>\n<\/tr>\n<tr>\n<td>\n<h3>45 Go<\/h3>\n<\/td>\n<td>\n<h3>90 Go<\/h3>\n<\/td>\n<td>\n<h3>Forfaits de donn\u00e9es mensuels Glo Mobile Nigeria: 30 jours<\/h3>\n<\/td>\n<td>\n<h3>\u20a6 18000<\/h3>\n<\/td>\n<td>\n<h3>*127*13#<\/h3>\n<\/td>\n<\/tr>\n<\/tbody>\n<\/table>\n<h2>Glo Mobile Nig\u00e9ria Vitesse Internet<\/h2>\n<p><strong>Signal:<\/strong><br \/>\n<strong>Vitesse de pointe\u00a0:<\/strong><br \/>\n<strong>Vitesse moyenne de navigation sur Internet\u00a0:<\/strong><\/p>\n<p>Glo Mobile Nigeria regroupe les informations ci-dessus, les prix et les codes d&#039;abonnement sont valables selon notre derni\u00e8re mise \u00e0 jour 2020.<\/p>","protected":false},"excerpt":{"rendered":"<p>Glo Mobile data plan, Bundles, Subscription Codes and prices Below is the list of every Glo Mobile Nigeria\u00a0data plans and prices\u00a0\/ Glo Mobile Nigeria\u00a0internet packages \/ bundles. Glo Mobile by Globacom is a two in the country with thirty-seven million users. Gobacom Ltd. Is a Nigerian privately owned multinational telecommunications firm headquartered in Lagos. It [&hellip;]<\/p>\n","protected":false},"author":1,"featured_media":19675,"parent":0,"menu_order":0,"comment_status":"open","ping_status":"closed","template":"template-home-modern.php","meta":{"footnotes":""},"class_list":["post-10890","page","type-page","status-publish","has-post-thumbnail","hentry"],"yoast_head":"<!-- This site is optimized with the Yoast SEO plugin v27.2 - https:\/\/yoast.com\/product\/yoast-seo-wordpress\/ -->\n<title>How to get data plan of Glo Mobile Nigeria internet packages \/ bundles<\/title>\n<meta name=\"description\" content=\"Are you looking for cheap dataplans of Glo Mobile\u00a0Nigeria data bundles, speed, subscription codes and prices? Here is how to get data plan of Glo Mobile Nigeria internet packages \/ bundles\" \/>\n<meta name=\"robots\" content=\"index, follow, max-snippet:-1, max-image-preview:large, max-video-preview:-1\" \/>\n<link rel=\"canonical\" href=\"https:\/\/tiketi.com\/fr-fr\/internet-mobile-glo-nigeria-data-plans-bundle\/\" \/>\n<meta property=\"og:locale\" content=\"fr_FR\" \/>\n<meta property=\"og:type\" content=\"article\" \/>\n<meta property=\"og:title\" content=\"How to get data plan of Glo Mobile Nigeria internet packages \/ bundles\" \/>\n<meta property=\"og:description\" content=\"Are you looking for cheap dataplans of Glo Mobile\u00a0Nigeria data bundles, speed, subscription codes and prices? Here is how to get data plan of Glo Mobile Nigeria internet packages \/ bundles\" \/>\n<meta property=\"og:url\" content=\"https:\/\/tiketi.com\/fr-fr\/internet-mobile-glo-nigeria-data-plans-bundle\/\" \/>\n<meta property=\"og:site_name\" content=\"Tiketi.com\" \/>\n<meta property=\"article:publisher\" content=\"https:\/\/www.facebook.com\/TiketiCom\/\" \/>\n<meta property=\"article:modified_time\" content=\"2022-02-15T07:57:57+00:00\" \/>\n<meta property=\"og:image\" content=\"https:\/\/tiketi.com\/wp-content\/uploads\/2019\/05\/data-packages-2029825_1280.jpg\" \/>\n\t<meta property=\"og:image:width\" content=\"1200\" \/>\n\t<meta property=\"og:image:height\" content=\"200\" \/>\n\t<meta property=\"og:image:type\" content=\"image\/jpeg\" \/>\n<meta name=\"twitter:card\" content=\"summary_large_image\" \/>\n<meta name=\"twitter:label1\" content=\"Dur\u00e9e de lecture estim\u00e9e\" \/>\n\t<meta name=\"twitter:data1\" content=\"2 minutes\" \/>\n<script type=\"application\/ld+json\" class=\"yoast-schema-graph\">{\"@context\":\"https:\/\/schema.org\",\"@graph\":[{\"@type\":\"WebPage\",\"@id\":\"https:\/\/tiketi.com\/internet-mobile-glo-nigeria-data-plans-bundle\/\",\"url\":\"https:\/\/tiketi.com\/internet-mobile-glo-nigeria-data-plans-bundle\/\",\"name\":\"How to get data plan of Glo Mobile Nigeria internet packages \/ bundles\",\"isPartOf\":{\"@id\":\"https:\/\/tiketi.com\/#website\"},\"primaryImageOfPage\":{\"@id\":\"https:\/\/tiketi.com\/internet-mobile-glo-nigeria-data-plans-bundle\/#primaryimage\"},\"image\":{\"@id\":\"https:\/\/tiketi.com\/internet-mobile-glo-nigeria-data-plans-bundle\/#primaryimage\"},\"thumbnailUrl\":\"https:\/\/tiketi.com\/wp-content\/uploads\/2019\/05\/data-packages-2029825_1280.jpg\",\"datePublished\":\"2022-01-19T11:53:57+00:00\",\"dateModified\":\"2022-02-15T07:57:57+00:00\",\"description\":\"Are you looking for cheap dataplans of Glo Mobile\u00a0Nigeria data bundles, speed, subscription codes and prices? Here is how to get data plan of Glo Mobile Nigeria internet packages \/ bundles\",\"breadcrumb\":{\"@id\":\"https:\/\/tiketi.com\/internet-mobile-glo-nigeria-data-plans-bundle\/#breadcrumb\"},\"inLanguage\":\"fr-FR\",\"potentialAction\":[{\"@type\":\"ReadAction\",\"target\":[\"https:\/\/tiketi.com\/internet-mobile-glo-nigeria-data-plans-bundle\/\"]}]},{\"@type\":\"ImageObject\",\"inLanguage\":\"fr-FR\",\"@id\":\"https:\/\/tiketi.com\/internet-mobile-glo-nigeria-data-plans-bundle\/#primaryimage\",\"url\":\"https:\/\/tiketi.com\/wp-content\/uploads\/2019\/05\/data-packages-2029825_1280.jpg\",\"contentUrl\":\"https:\/\/tiketi.com\/wp-content\/uploads\/2019\/05\/data-packages-2029825_1280.jpg\",\"width\":1200,\"height\":200,\"caption\":\"How to get Data Plan \/ Packages \/ Top Up\"},{\"@type\":\"BreadcrumbList\",\"@id\":\"https:\/\/tiketi.com\/internet-mobile-glo-nigeria-data-plans-bundle\/#breadcrumb\",\"itemListElement\":[{\"@type\":\"ListItem\",\"position\":1,\"name\":\"Home\",\"item\":\"https:\/\/tiketi.com\/\"},{\"@type\":\"ListItem\",\"position\":2,\"name\":\"How to get data plan of Glo Mobile Nigeria internet packages \/ bundles\"}]},{\"@type\":\"WebSite\",\"@id\":\"https:\/\/tiketi.com\/#website\",\"url\":\"https:\/\/tiketi.com\/\",\"name\":\"Flight & Bus Tickets, Tour Packages & Activitites - Tiketi.com\",\"description\":\"Flight &amp; Bus Tickets, Tours, Activitites\",\"publisher\":{\"@id\":\"https:\/\/tiketi.com\/#organization\"},\"potentialAction\":[{\"@type\":\"SearchAction\",\"target\":{\"@type\":\"EntryPoint\",\"urlTemplate\":\"https:\/\/tiketi.com\/?s={search_term_string}\"},\"query-input\":{\"@type\":\"PropertyValueSpecification\",\"valueRequired\":true,\"valueName\":\"search_term_string\"}}],\"inLanguage\":\"fr-FR\"},{\"@type\":\"Organization\",\"@id\":\"https:\/\/tiketi.com\/#organization\",\"name\":\"Tiketi.com\",\"alternateName\":\"Tiketi\",\"url\":\"https:\/\/tiketi.com\/\",\"logo\":{\"@type\":\"ImageObject\",\"inLanguage\":\"fr-FR\",\"@id\":\"https:\/\/tiketi.com\/#\/schema\/logo\/image\/\",\"url\":\"https:\/\/tiketi.com\/wp-content\/uploads\/2019\/05\/tiketi-logo-696.png\",\"contentUrl\":\"https:\/\/tiketi.com\/wp-content\/uploads\/2019\/05\/tiketi-logo-696.png\",\"width\":696,\"height\":696,\"caption\":\"Tiketi.com\"},\"image\":{\"@id\":\"https:\/\/tiketi.com\/#\/schema\/logo\/image\/\"},\"sameAs\":[\"https:\/\/www.facebook.com\/TiketiCom\/\"]}]}<\/script>\n<!-- \/ Yoast SEO plugin. -->","yoast_head_json":{"title":"Comment obtenir le plan de donn\u00e9es des forfaits \/ forfaits Internet Glo Mobile Nigeria","description":"\u00cates-vous \u00e0 la recherche de forfaits de donn\u00e9es bon march\u00e9 pour les forfaits de donn\u00e9es Glo Mobile Nigeria, la vitesse, les codes d&#039;abonnement et les prix\u00a0? Voici comment obtenir le plan de donn\u00e9es des forfaits \/ forfaits Internet Glo Mobile Nigeria","robots":{"index":"index","follow":"follow","max-snippet":"max-snippet:-1","max-image-preview":"max-image-preview:large","max-video-preview":"max-video-preview:-1"},"canonical":"https:\/\/tiketi.com\/fr-fr\/internet-mobile-glo-nigeria-data-plans-bundle\/","og_locale":"fr_FR","og_type":"article","og_title":"How to get data plan of Glo Mobile Nigeria internet packages \/ bundles","og_description":"Are you looking for cheap dataplans of Glo Mobile\u00a0Nigeria data bundles, speed, subscription codes and prices? Here is how to get data plan of Glo Mobile Nigeria internet packages \/ bundles","og_url":"https:\/\/tiketi.com\/fr-fr\/internet-mobile-glo-nigeria-data-plans-bundle\/","og_site_name":"Tiketi.com","article_publisher":"https:\/\/www.facebook.com\/TiketiCom\/","article_modified_time":"2022-02-15T07:57:57+00:00","og_image":[{"width":1200,"height":200,"url":"https:\/\/tiketi.com\/wp-content\/uploads\/2019\/05\/data-packages-2029825_1280.jpg","type":"image\/jpeg"}],"twitter_card":"summary_large_image","twitter_misc":{"Dur\u00e9e de lecture estim\u00e9e":"2 minutes"},"schema":{"@context":"https:\/\/schema.org","@graph":[{"@type":"WebPage","@id":"https:\/\/tiketi.com\/internet-mobile-glo-nigeria-data-plans-bundle\/","url":"https:\/\/tiketi.com\/internet-mobile-glo-nigeria-data-plans-bundle\/","name":"Comment obtenir le plan de donn\u00e9es des forfaits \/ forfaits Internet Glo Mobile Nigeria","isPartOf":{"@id":"https:\/\/tiketi.com\/#website"},"primaryImageOfPage":{"@id":"https:\/\/tiketi.com\/internet-mobile-glo-nigeria-data-plans-bundle\/#primaryimage"},"image":{"@id":"https:\/\/tiketi.com\/internet-mobile-glo-nigeria-data-plans-bundle\/#primaryimage"},"thumbnailUrl":"https:\/\/tiketi.com\/wp-content\/uploads\/2019\/05\/data-packages-2029825_1280.jpg","datePublished":"2022-01-19T11:53:57+00:00","dateModified":"2022-02-15T07:57:57+00:00","description":"\u00cates-vous \u00e0 la recherche de forfaits de donn\u00e9es bon march\u00e9 pour les forfaits de donn\u00e9es Glo Mobile Nigeria, la vitesse, les codes d&#039;abonnement et les prix\u00a0? Voici comment obtenir le plan de donn\u00e9es des forfaits \/ forfaits Internet Glo Mobile Nigeria","breadcrumb":{"@id":"https:\/\/tiketi.com\/internet-mobile-glo-nigeria-data-plans-bundle\/#breadcrumb"},"inLanguage":"fr-FR","potentialAction":[{"@type":"ReadAction","target":["https:\/\/tiketi.com\/internet-mobile-glo-nigeria-data-plans-bundle\/"]}]},{"@type":"ImageObject","inLanguage":"fr-FR","@id":"https:\/\/tiketi.com\/internet-mobile-glo-nigeria-data-plans-bundle\/#primaryimage","url":"https:\/\/tiketi.com\/wp-content\/uploads\/2019\/05\/data-packages-2029825_1280.jpg","contentUrl":"https:\/\/tiketi.com\/wp-content\/uploads\/2019\/05\/data-packages-2029825_1280.jpg","width":1200,"height":200,"caption":"How to get Data Plan \/ Packages \/ Top Up"},{"@type":"BreadcrumbList","@id":"https:\/\/tiketi.com\/internet-mobile-glo-nigeria-data-plans-bundle\/#breadcrumb","itemListElement":[{"@type":"ListItem","position":1,"name":"Home","item":"https:\/\/tiketi.com\/"},{"@type":"ListItem","position":2,"name":"How to get data plan of Glo Mobile Nigeria internet packages \/ bundles"}]},{"@type":"WebSite","@id":"https:\/\/tiketi.com\/#website","url":"https:\/\/tiketi.com\/","name":"Billets d&#039;avion et de bus, forfaits touristiques et activit\u00e9s - Tiketi.com","description":"Billets d&#039;avion et de bus, Tours, Activit\u00e9s","publisher":{"@id":"https:\/\/tiketi.com\/#organization"},"potentialAction":[{"@type":"SearchAction","target":{"@type":"EntryPoint","urlTemplate":"https:\/\/tiketi.com\/?s={search_term_string}"},"query-input":{"@type":"PropertyValueSpecification","valueRequired":true,"valueName":"search_term_string"}}],"inLanguage":"fr-FR"},{"@type":"Organization","@id":"https:\/\/tiketi.com\/#organization","name":"Tiketi.com","alternateName":"Tiketi","url":"https:\/\/tiketi.com\/","logo":{"@type":"ImageObject","inLanguage":"fr-FR","@id":"https:\/\/tiketi.com\/#\/schema\/logo\/image\/","url":"https:\/\/tiketi.com\/wp-content\/uploads\/2019\/05\/tiketi-logo-696.png","contentUrl":"https:\/\/tiketi.com\/wp-content\/uploads\/2019\/05\/tiketi-logo-696.png","width":696,"height":696,"caption":"Tiketi.com"},"image":{"@id":"https:\/\/tiketi.com\/#\/schema\/logo\/image\/"},"sameAs":["https:\/\/www.facebook.com\/TiketiCom\/"]}]}},"_links":{"self":[{"href":"https:\/\/tiketi.com\/fr-fr\/wp-json\/wp\/v2\/pages\/10890","targetHints":{"allow":["GET"]}}],"collection":[{"href":"https:\/\/tiketi.com\/fr-fr\/wp-json\/wp\/v2\/pages"}],"about":[{"href":"https:\/\/tiketi.com\/fr-fr\/wp-json\/wp\/v2\/types\/page"}],"author":[{"embeddable":true,"href":"https:\/\/tiketi.com\/fr-fr\/wp-json\/wp\/v2\/users\/1"}],"replies":[{"embeddable":true,"href":"https:\/\/tiketi.com\/fr-fr\/wp-json\/wp\/v2\/comments?post=10890"}],"version-history":[{"count":0,"href":"https:\/\/tiketi.com\/fr-fr\/wp-json\/wp\/v2\/pages\/10890\/revisions"}],"wp:featuredmedia":[{"embeddable":true,"href":"https:\/\/tiketi.com\/fr-fr\/wp-json\/wp\/v2\/media\/19675"}],"wp:attachment":[{"href":"https:\/\/tiketi.com\/fr-fr\/wp-json\/wp\/v2\/media?parent=10890"}],"curies":[{"name":"wp","href":"https:\/\/api.w.org\/{rel}","templated":true}]}}