{"id":10891,"date":"2022-01-19T12:53:57","date_gmt":"2022-01-19T11:53:57","guid":{"rendered":"https:\/\/new.tiketi.com\/how-to-get-data-plan-of-mtn-nigeria-internet-packages-bundles\/"},"modified":"2022-02-15T09:40:31","modified_gmt":"2022-02-15T08:40:31","slug":"internet-mobile-mtn-nigeria-data-plans-bundle","status":"publish","type":"page","link":"https:\/\/tiketi.com\/fr-fr\/internet-mobile-mtn-nigeria-data-plans-bundle\/","title":{"rendered":"Comment obtenir le plan de donn\u00e9es des forfaits \/ forfaits Internet MTN Nigeria"},"content":{"rendered":"<h2>Plan de donn\u00e9es MTN Nigeria, forfaits, codes d&#039;abonnement et prix<\/h2>\n<p>Vous trouverez ci-dessous la liste de tous les plans de donn\u00e9es et prix de MTN Nigeria \/ forfaits Internet MTN Nigeria. MTN, bas\u00e9 en Afrique du Sud, est toujours le monstre du march\u00e9 mobile avec une base totale d&#039;abonn\u00e9s de cinquante-trois millions en 2017, soit environ trente-cinq pour cent des abonn\u00e9s nationaux. MTN a beaucoup investi au Nigeria ces derni\u00e8res ann\u00e9es. Ils ont achet\u00e9 le fournisseur CDMA Visafone et ont d\u00e9plac\u00e9 leurs clients vers son propre r\u00e9seau. Trouvez les prix des forfaits de donn\u00e9es MTN Nigeria bon march\u00e9:<\/p>\n<p>Vous devez acheter une carte SIM dans l&#039;un de leurs centres d&#039;enregistrement de cartes SIM. Il ne devrait pas co\u00fbter plus de \u20a6 200-300. Pour LTE\/4G, vous avez besoin d&#039;une carte SIM unique compatible 4G.<\/p>\n<h2>Voici comment obtenir les plans de donn\u00e9es et les prix de MTN Nigeria \/ Forfaits Internet MTN Nigeria<\/h2>\n<h3>Forfaits de donn\u00e9es et prix de MTN Nigeria<\/h3>\n<table border=\"0\" cellpadding=\"0\">\n<tbody>\n<tr>\n<td>\n<h3><strong>Forfait de donn\u00e9es MTN Nigeria\u00a0 \u00a0<\/strong><\/h3>\n<\/td>\n<td>\n<h3><strong>Prime<\/strong><\/h3>\n<\/td>\n<td>\n<h3><strong>Validit\u00e9<\/strong><\/h3>\n<\/td>\n<td>\n<h3><strong>Prix\u00a0 \u00a0 \u00a0 \u00a0 \u00a0 \u00a0\u00a0<\/strong><\/h3>\n<\/td>\n<td>\n<h3><strong>Activation\u00a0 \u00a0 \u00a0 \u00a0 \u00a0\u00a0<\/strong><\/h3>\n<\/td>\n<\/tr>\n<tr>\n<td>\n<h3>50 Mo<\/h3>\n<\/td>\n<td>\n<h3><\/h3>\n<\/td>\n<td>\n<h3>Forfaits MTN Nigeria Daily Data : 24 heures<\/h3>\n<\/td>\n<td>\n<h3>\u20a6 100<\/h3>\n<\/td>\n<td>\n<h3>104<\/h3>\n<\/td>\n<\/tr>\n<tr>\n<td>\n<h3>150 Mo<\/h3>\n<\/td>\n<td>\n<h3><\/h3>\n<\/td>\n<td>\n<h3>Forfaits MTN Nigeria Daily Data : 24 heures<\/h3>\n<\/td>\n<td>\n<h3>\u20a6 200<\/h3>\n<\/td>\n<td>\n<h3>113<\/h3>\n<\/td>\n<\/tr>\n<tr>\n<td>\n<h3>150 Mo<\/h3>\n<\/td>\n<td>\n<h3><\/h3>\n<\/td>\n<td>\n<h3>Plans de donn\u00e9es hebdomadaires MTN Nigeria: 7 jours<\/h3>\n<\/td>\n<td>\n<h3>\u20a6 300<\/h3>\n<\/td>\n<td>\n<h3>102<\/h3>\n<\/td>\n<\/tr>\n<tr>\n<td>\n<h3>500 Mo<\/h3>\n<\/td>\n<td>\n<h3>250 Mo<\/h3>\n<p>&nbsp;<\/td>\n<td>\n<h3>Plans de donn\u00e9es hebdomadaires MTN Nigeria: 7 jours<\/h3>\n<\/td>\n<td>\n<h3>\u20a6 500<\/h3>\n<\/td>\n<td>\n<h3>103<\/h3>\n<\/td>\n<\/tr>\n<tr>\n<td>\n<h3>1 Go<\/h3>\n<\/td>\n<td>\n<h3>500 Mo<\/h3>\n<\/td>\n<td>\n<h3>Forfaits de donn\u00e9es mensuels MTN Nigeria : 30 jours<\/h3>\n<\/td>\n<td>\n<h3>\u20a6 1000<\/h3>\n<\/td>\n<td>\n<h3>106<\/h3>\n<\/td>\n<\/tr>\n<tr>\n<td>\n<h3>2,5 Go<\/h3>\n<\/td>\n<td>\n<h3>1 Go<\/h3>\n<\/td>\n<td>\n<h3>Forfaits de donn\u00e9es mensuels MTN Nigeria : 30 jours<\/h3>\n<\/td>\n<td>\n<h3>\u20a6 2000<\/h3>\n<\/td>\n<td>\n<h3>110<\/h3>\n<\/td>\n<\/tr>\n<tr>\n<td>\n<h3>5 Go<\/h3>\n<\/td>\n<td>\n<h3><\/h3>\n<\/td>\n<td>\n<h3>Forfaits de donn\u00e9es mensuels MTN Nigeria : 30 jours<\/h3>\n<\/td>\n<td>\n<h3>\u20a6 3500<\/h3>\n<\/td>\n<td>\n<h3>107<\/h3>\n<\/td>\n<\/tr>\n<tr>\n<td>\n<h3>10 Go<\/h3>\n<\/td>\n<td>\n<h3><\/h3>\n<\/td>\n<td>\n<h3>Forfaits de donn\u00e9es mensuels MTN Nigeria : 30 jours<\/h3>\n<\/td>\n<td>\n<h3>\u20a6 5000<\/h3>\n<\/td>\n<td>\n<h3>116<\/h3>\n<\/td>\n<\/tr>\n<tr>\n<td>\n<h3>22 Go<\/h3>\n<\/td>\n<td>\n<h3><\/h3>\n<\/td>\n<td>\n<h3>Forfaits de donn\u00e9es mensuels MTN Nigeria : 30 jours<\/h3>\n<\/td>\n<td>\n<h3>\u20a6 10 000<\/h3>\n<\/td>\n<td>\n<h3>117<\/h3>\n<\/td>\n<\/tr>\n<tr>\n<td>\n<h3>50 Go<\/h3>\n<\/td>\n<td>\n<h3><\/h3>\n<\/td>\n<td>\n<h3>Forfaits de donn\u00e9es mensuels MTN Nigeria : 60 jours<\/h3>\n<\/td>\n<td>\n<h3>\u20a6 20 000<\/h3>\n<\/td>\n<td>\n<h3>118<\/h3>\n<\/td>\n<\/tr>\n<tr>\n<td>\n<h3>85 Go<\/h3>\n<\/td>\n<td>\n<h3><\/h3>\n<\/td>\n<td>\n<h3>Forfaits de donn\u00e9es mensuels MTN Nigeria : 90 jours<\/h3>\n<\/td>\n<td>\n<h3>\u20a6 50 000<\/h3>\n<\/td>\n<td>\n<h3>133<\/h3>\n<\/td>\n<\/tr>\n<\/tbody>\n<\/table>\n<h2>Vitesse Internet MTN<\/h2>\n<p><strong>Signal:<\/strong><br \/>\n<strong>Vitesse de pointe\u00a0:<\/strong><br \/>\n<strong>Vitesse moyenne de navigation sur Internet\u00a0:<\/strong><\/p>\n<p>Les informations sur les forfaits de donn\u00e9es MTN Nigeria ci-dessus, les prix et les codes d&#039;abonnement sont valables selon notre derni\u00e8re mise \u00e0 jour 2020.<\/p>","protected":false},"excerpt":{"rendered":"<p>MTN Nigeria\u00a0Dataplan, Bundles, Subscription Codes and prices Below is the list of every MTN Nigeria\u00a0data plans and prices\u00a0\/ MTN Nigeria internet packages. South African based MTN is still the mobile market monster with a total subscriber base of fifty-three million in 2017 which is around thirty-five percent of national subscribers. MTN has invested heavily in [&hellip;]<\/p>\n","protected":false},"author":1,"featured_media":19675,"parent":0,"menu_order":0,"comment_status":"open","ping_status":"closed","template":"template-home-modern.php","meta":{"footnotes":""},"class_list":["post-10891","page","type-page","status-publish","has-post-thumbnail","hentry"],"yoast_head":"<!-- This site is optimized with the Yoast SEO plugin v27.2 - https:\/\/yoast.com\/product\/yoast-seo-wordpress\/ -->\n<title>How to get data plan of MTN Nigeria internet packages \/ bundles<\/title>\n<meta name=\"description\" content=\"Are you looking for cheap dataplans of MTN Nigeria data bundles, speed, subscription codes and prices? Here is how to get data plan of MTN Nigeria internet packages \/ bundles\" \/>\n<meta name=\"robots\" content=\"index, follow, max-snippet:-1, max-image-preview:large, max-video-preview:-1\" \/>\n<link rel=\"canonical\" href=\"https:\/\/tiketi.com\/fr-fr\/internet-mobile-mtn-nigeria-data-plans-bundle\/\" \/>\n<meta property=\"og:locale\" content=\"fr_FR\" \/>\n<meta property=\"og:type\" content=\"article\" \/>\n<meta property=\"og:title\" content=\"How to get data plan of MTN Nigeria internet packages \/ bundles\" \/>\n<meta property=\"og:description\" content=\"Are you looking for cheap dataplans of MTN Nigeria data bundles, speed, subscription codes and prices? Here is how to get data plan of MTN Nigeria internet packages \/ bundles\" \/>\n<meta property=\"og:url\" content=\"https:\/\/tiketi.com\/fr-fr\/internet-mobile-mtn-nigeria-data-plans-bundle\/\" \/>\n<meta property=\"og:site_name\" content=\"Tiketi.com\" \/>\n<meta property=\"article:publisher\" content=\"https:\/\/www.facebook.com\/TiketiCom\/\" \/>\n<meta property=\"article:modified_time\" content=\"2022-02-15T08:40:31+00:00\" \/>\n<meta property=\"og:image\" content=\"https:\/\/tiketi.com\/wp-content\/uploads\/2019\/05\/data-packages-2029825_1280.jpg\" \/>\n\t<meta property=\"og:image:width\" content=\"1200\" \/>\n\t<meta property=\"og:image:height\" content=\"200\" \/>\n\t<meta property=\"og:image:type\" content=\"image\/jpeg\" \/>\n<meta name=\"twitter:card\" content=\"summary_large_image\" \/>\n<meta name=\"twitter:label1\" content=\"Dur\u00e9e de lecture estim\u00e9e\" \/>\n\t<meta name=\"twitter:data1\" content=\"2 minutes\" \/>\n<script type=\"application\/ld+json\" class=\"yoast-schema-graph\">{\"@context\":\"https:\/\/schema.org\",\"@graph\":[{\"@type\":\"WebPage\",\"@id\":\"https:\/\/tiketi.com\/internet-mobile-mtn-nigeria-data-plans-bundle\/\",\"url\":\"https:\/\/tiketi.com\/internet-mobile-mtn-nigeria-data-plans-bundle\/\",\"name\":\"How to get data plan of MTN Nigeria internet packages \/ bundles\",\"isPartOf\":{\"@id\":\"https:\/\/tiketi.com\/#website\"},\"primaryImageOfPage\":{\"@id\":\"https:\/\/tiketi.com\/internet-mobile-mtn-nigeria-data-plans-bundle\/#primaryimage\"},\"image\":{\"@id\":\"https:\/\/tiketi.com\/internet-mobile-mtn-nigeria-data-plans-bundle\/#primaryimage\"},\"thumbnailUrl\":\"https:\/\/tiketi.com\/wp-content\/uploads\/2019\/05\/data-packages-2029825_1280.jpg\",\"datePublished\":\"2022-01-19T11:53:57+00:00\",\"dateModified\":\"2022-02-15T08:40:31+00:00\",\"description\":\"Are you looking for cheap dataplans of MTN Nigeria data bundles, speed, subscription codes and prices? Here is how to get data plan of MTN Nigeria internet packages \/ bundles\",\"breadcrumb\":{\"@id\":\"https:\/\/tiketi.com\/internet-mobile-mtn-nigeria-data-plans-bundle\/#breadcrumb\"},\"inLanguage\":\"fr-FR\",\"potentialAction\":[{\"@type\":\"ReadAction\",\"target\":[\"https:\/\/tiketi.com\/internet-mobile-mtn-nigeria-data-plans-bundle\/\"]}]},{\"@type\":\"ImageObject\",\"inLanguage\":\"fr-FR\",\"@id\":\"https:\/\/tiketi.com\/internet-mobile-mtn-nigeria-data-plans-bundle\/#primaryimage\",\"url\":\"https:\/\/tiketi.com\/wp-content\/uploads\/2019\/05\/data-packages-2029825_1280.jpg\",\"contentUrl\":\"https:\/\/tiketi.com\/wp-content\/uploads\/2019\/05\/data-packages-2029825_1280.jpg\",\"width\":1200,\"height\":200,\"caption\":\"How to get Data Plan \/ Packages \/ Top Up\"},{\"@type\":\"BreadcrumbList\",\"@id\":\"https:\/\/tiketi.com\/internet-mobile-mtn-nigeria-data-plans-bundle\/#breadcrumb\",\"itemListElement\":[{\"@type\":\"ListItem\",\"position\":1,\"name\":\"Home\",\"item\":\"https:\/\/tiketi.com\/\"},{\"@type\":\"ListItem\",\"position\":2,\"name\":\"How to get data plan of MTN Nigeria internet packages \/ bundles\"}]},{\"@type\":\"WebSite\",\"@id\":\"https:\/\/tiketi.com\/#website\",\"url\":\"https:\/\/tiketi.com\/\",\"name\":\"Flight & Bus Tickets, Tour Packages & Activitites - Tiketi.com\",\"description\":\"Flight &amp; Bus Tickets, Tours, Activitites\",\"publisher\":{\"@id\":\"https:\/\/tiketi.com\/#organization\"},\"potentialAction\":[{\"@type\":\"SearchAction\",\"target\":{\"@type\":\"EntryPoint\",\"urlTemplate\":\"https:\/\/tiketi.com\/?s={search_term_string}\"},\"query-input\":{\"@type\":\"PropertyValueSpecification\",\"valueRequired\":true,\"valueName\":\"search_term_string\"}}],\"inLanguage\":\"fr-FR\"},{\"@type\":\"Organization\",\"@id\":\"https:\/\/tiketi.com\/#organization\",\"name\":\"Tiketi.com\",\"alternateName\":\"Tiketi\",\"url\":\"https:\/\/tiketi.com\/\",\"logo\":{\"@type\":\"ImageObject\",\"inLanguage\":\"fr-FR\",\"@id\":\"https:\/\/tiketi.com\/#\/schema\/logo\/image\/\",\"url\":\"https:\/\/tiketi.com\/wp-content\/uploads\/2019\/05\/tiketi-logo-696.png\",\"contentUrl\":\"https:\/\/tiketi.com\/wp-content\/uploads\/2019\/05\/tiketi-logo-696.png\",\"width\":696,\"height\":696,\"caption\":\"Tiketi.com\"},\"image\":{\"@id\":\"https:\/\/tiketi.com\/#\/schema\/logo\/image\/\"},\"sameAs\":[\"https:\/\/www.facebook.com\/TiketiCom\/\"]}]}<\/script>\n<!-- \/ Yoast SEO plugin. -->","yoast_head_json":{"title":"Comment obtenir le plan de donn\u00e9es des forfaits \/ forfaits Internet MTN Nigeria","description":"\u00cates-vous \u00e0 la recherche de forfaits de donn\u00e9es bon march\u00e9 pour les forfaits de donn\u00e9es MTN Nigeria, la vitesse, les codes d&#039;abonnement et les prix\u00a0? Voici comment obtenir le plan de donn\u00e9es des forfaits \/ forfaits Internet MTN Nigeria","robots":{"index":"index","follow":"follow","max-snippet":"max-snippet:-1","max-image-preview":"max-image-preview:large","max-video-preview":"max-video-preview:-1"},"canonical":"https:\/\/tiketi.com\/fr-fr\/internet-mobile-mtn-nigeria-data-plans-bundle\/","og_locale":"fr_FR","og_type":"article","og_title":"How to get data plan of MTN Nigeria internet packages \/ bundles","og_description":"Are you looking for cheap dataplans of MTN Nigeria data bundles, speed, subscription codes and prices? Here is how to get data plan of MTN Nigeria internet packages \/ bundles","og_url":"https:\/\/tiketi.com\/fr-fr\/internet-mobile-mtn-nigeria-data-plans-bundle\/","og_site_name":"Tiketi.com","article_publisher":"https:\/\/www.facebook.com\/TiketiCom\/","article_modified_time":"2022-02-15T08:40:31+00:00","og_image":[{"width":1200,"height":200,"url":"https:\/\/tiketi.com\/wp-content\/uploads\/2019\/05\/data-packages-2029825_1280.jpg","type":"image\/jpeg"}],"twitter_card":"summary_large_image","twitter_misc":{"Dur\u00e9e de lecture estim\u00e9e":"2 minutes"},"schema":{"@context":"https:\/\/schema.org","@graph":[{"@type":"WebPage","@id":"https:\/\/tiketi.com\/internet-mobile-mtn-nigeria-data-plans-bundle\/","url":"https:\/\/tiketi.com\/internet-mobile-mtn-nigeria-data-plans-bundle\/","name":"Comment obtenir le plan de donn\u00e9es des forfaits \/ forfaits Internet MTN Nigeria","isPartOf":{"@id":"https:\/\/tiketi.com\/#website"},"primaryImageOfPage":{"@id":"https:\/\/tiketi.com\/internet-mobile-mtn-nigeria-data-plans-bundle\/#primaryimage"},"image":{"@id":"https:\/\/tiketi.com\/internet-mobile-mtn-nigeria-data-plans-bundle\/#primaryimage"},"thumbnailUrl":"https:\/\/tiketi.com\/wp-content\/uploads\/2019\/05\/data-packages-2029825_1280.jpg","datePublished":"2022-01-19T11:53:57+00:00","dateModified":"2022-02-15T08:40:31+00:00","description":"\u00cates-vous \u00e0 la recherche de forfaits de donn\u00e9es bon march\u00e9 pour les forfaits de donn\u00e9es MTN Nigeria, la vitesse, les codes d&#039;abonnement et les prix\u00a0? Voici comment obtenir le plan de donn\u00e9es des forfaits \/ forfaits Internet MTN Nigeria","breadcrumb":{"@id":"https:\/\/tiketi.com\/internet-mobile-mtn-nigeria-data-plans-bundle\/#breadcrumb"},"inLanguage":"fr-FR","potentialAction":[{"@type":"ReadAction","target":["https:\/\/tiketi.com\/internet-mobile-mtn-nigeria-data-plans-bundle\/"]}]},{"@type":"ImageObject","inLanguage":"fr-FR","@id":"https:\/\/tiketi.com\/internet-mobile-mtn-nigeria-data-plans-bundle\/#primaryimage","url":"https:\/\/tiketi.com\/wp-content\/uploads\/2019\/05\/data-packages-2029825_1280.jpg","contentUrl":"https:\/\/tiketi.com\/wp-content\/uploads\/2019\/05\/data-packages-2029825_1280.jpg","width":1200,"height":200,"caption":"How to get Data Plan \/ Packages \/ Top Up"},{"@type":"BreadcrumbList","@id":"https:\/\/tiketi.com\/internet-mobile-mtn-nigeria-data-plans-bundle\/#breadcrumb","itemListElement":[{"@type":"ListItem","position":1,"name":"Home","item":"https:\/\/tiketi.com\/"},{"@type":"ListItem","position":2,"name":"How to get data plan of MTN Nigeria internet packages \/ bundles"}]},{"@type":"WebSite","@id":"https:\/\/tiketi.com\/#website","url":"https:\/\/tiketi.com\/","name":"Billets d&#039;avion et de bus, forfaits touristiques et activit\u00e9s - Tiketi.com","description":"Billets d&#039;avion et de bus, Tours, Activit\u00e9s","publisher":{"@id":"https:\/\/tiketi.com\/#organization"},"potentialAction":[{"@type":"SearchAction","target":{"@type":"EntryPoint","urlTemplate":"https:\/\/tiketi.com\/?s={search_term_string}"},"query-input":{"@type":"PropertyValueSpecification","valueRequired":true,"valueName":"search_term_string"}}],"inLanguage":"fr-FR"},{"@type":"Organization","@id":"https:\/\/tiketi.com\/#organization","name":"Tiketi.com","alternateName":"Tiketi","url":"https:\/\/tiketi.com\/","logo":{"@type":"ImageObject","inLanguage":"fr-FR","@id":"https:\/\/tiketi.com\/#\/schema\/logo\/image\/","url":"https:\/\/tiketi.com\/wp-content\/uploads\/2019\/05\/tiketi-logo-696.png","contentUrl":"https:\/\/tiketi.com\/wp-content\/uploads\/2019\/05\/tiketi-logo-696.png","width":696,"height":696,"caption":"Tiketi.com"},"image":{"@id":"https:\/\/tiketi.com\/#\/schema\/logo\/image\/"},"sameAs":["https:\/\/www.facebook.com\/TiketiCom\/"]}]}},"_links":{"self":[{"href":"https:\/\/tiketi.com\/fr-fr\/wp-json\/wp\/v2\/pages\/10891","targetHints":{"allow":["GET"]}}],"collection":[{"href":"https:\/\/tiketi.com\/fr-fr\/wp-json\/wp\/v2\/pages"}],"about":[{"href":"https:\/\/tiketi.com\/fr-fr\/wp-json\/wp\/v2\/types\/page"}],"author":[{"embeddable":true,"href":"https:\/\/tiketi.com\/fr-fr\/wp-json\/wp\/v2\/users\/1"}],"replies":[{"embeddable":true,"href":"https:\/\/tiketi.com\/fr-fr\/wp-json\/wp\/v2\/comments?post=10891"}],"version-history":[{"count":0,"href":"https:\/\/tiketi.com\/fr-fr\/wp-json\/wp\/v2\/pages\/10891\/revisions"}],"wp:featuredmedia":[{"embeddable":true,"href":"https:\/\/tiketi.com\/fr-fr\/wp-json\/wp\/v2\/media\/19675"}],"wp:attachment":[{"href":"https:\/\/tiketi.com\/fr-fr\/wp-json\/wp\/v2\/media?parent=10891"}],"curies":[{"name":"wp","href":"https:\/\/api.w.org\/{rel}","templated":true}]}}