{"id":10896,"date":"2022-01-19T12:53:57","date_gmt":"2022-01-19T11:53:57","guid":{"rendered":"https:\/\/new.tiketi.com\/modern-coast-nairobi-to-kampala\/"},"modified":"2022-02-17T13:03:21","modified_gmt":"2022-02-17T12:03:21","slug":"modern-coast-nairobi-to-kampala","status":"publish","type":"page","link":"https:\/\/tiketi.com\/fr-fr\/modern-coast-nairobi-to-kampala\/","title":{"rendered":"C\u00f4te moderne de Nairobi \u00e0 Kampala"},"content":{"rendered":"<h2>R\u00e9servez des billets de bus pas chers de Nairobi \u00e0 Kampala Modern Coast<\/h2>\n<h3>D\u00e9couvrez votre itin\u00e9raire de voyage sur le Web, votre mobile ou votre application et r\u00e9servez d\u00e8s maintenant une r\u00e9servation Internet bon march\u00e9 de Nairobi \u00e0 Kampala Modern Coast Bus.<\/h3>\n<p>La r\u00e9servation Internet de Modern Coast de Nairobi \u00e0 Kampala est facilit\u00e9e. La compagnie de bus, Modern Coast Express Ltd, a d\u00e9marr\u00e9 ses activit\u00e9s le 26 mai 2007. Que diriez-vous de voyager entre Nairobi et Kampala, etc. dans des bus climatis\u00e9s dot\u00e9s de commodit\u00e9s compl\u00e8tes. Ceux-ci contiennent une connexion Internet haut d\u00e9bit, un wagon-lit, des prises de courant pour recharger vos t\u00e9l\u00e9phones portables et beaucoup d&#039;espace pour les jambes pour voyager sans souci. Ajoutez \u00e0 cette liste de d\u00e9tente la r\u00e9servation facile par Internet du bus Nairobi-Kampala Modern Coast.<\/p>\n<h2>FAQ sur la c\u00f4te moderne de Nairobi \u00e0 Kampala<\/h2>\n<p>Le service de r\u00e9servation Internet des bus de Nairobi \u00e0 Kampala Modern Coast est l&#039;un de leurs services standard qui ont conduit la soci\u00e9t\u00e9 de bus \u00e0 ouvrir plus de trente succursales au Kenya.<\/p>\n<h3>Paiement du tarif du bus Modern Coast de Nairobi \u00e0 Kampala<\/h3>\n<p>Le paiement des r\u00e9servations Internet des tarifs de bus Modern Coast de Nairobi \u00e0 Kampala s&#039;effectue via MPesa depuis le confort de votre bureau ou de votre domicile.<\/p>","protected":false},"excerpt":{"rendered":"<p>Book cheap Nairobi to Kampala Modern Coast Bus Tickets Discover your travel route on web, mobile or app and do cheap Nairobi to Kampala Modern Coast Bus internet reservation now. Modern Coast Nairobi to Kampala internet reservation made easy. The bus company, Modern Coast Express Ltd, started operations on 26th May, 2007. How about traveling [&hellip;]<\/p>\n","protected":false},"author":1,"featured_media":13999,"parent":0,"menu_order":0,"comment_status":"open","ping_status":"closed","template":"template-home-modern.php","meta":{"footnotes":""},"class_list":["post-10896","page","type-page","status-publish","has-post-thumbnail","hentry"],"yoast_head":"<!-- This site is optimized with the Yoast SEO plugin v27.3 - https:\/\/yoast.com\/product\/yoast-seo-wordpress\/ -->\n<title>Modern Coast Nairobi to Kampala<\/title>\n<meta name=\"description\" content=\"Looking for Modern Coast Nairobi to Kampala fare, route, app, and schedule? Make cheap Nairobi to Kampala Modern Coast internet reservation now\" \/>\n<meta name=\"robots\" content=\"index, follow, max-snippet:-1, max-image-preview:large, max-video-preview:-1\" \/>\n<link rel=\"canonical\" href=\"https:\/\/tiketi.com\/fr-fr\/modern-coast-nairobi-to-kampala\/\" \/>\n<meta property=\"og:locale\" content=\"fr_FR\" \/>\n<meta property=\"og:type\" content=\"article\" \/>\n<meta property=\"og:title\" content=\"Modern Coast Nairobi to Kampala\" \/>\n<meta property=\"og:description\" content=\"Looking for Modern Coast Nairobi to Kampala fare, route, app, and schedule? Make cheap Nairobi to Kampala Modern Coast internet reservation now\" \/>\n<meta property=\"og:url\" content=\"https:\/\/tiketi.com\/fr-fr\/modern-coast-nairobi-to-kampala\/\" \/>\n<meta property=\"og:site_name\" content=\"Tiketi.com\" \/>\n<meta property=\"article:publisher\" content=\"https:\/\/www.facebook.com\/TiketiCom\/\" \/>\n<meta property=\"article:modified_time\" content=\"2022-02-17T12:03:21+00:00\" \/>\n<meta property=\"og:image\" content=\"https:\/\/tiketi.com\/wp-content\/uploads\/2022\/01\/bus-ticket-online-booking.jpg\" \/>\n\t<meta property=\"og:image:width\" content=\"1200\" \/>\n\t<meta property=\"og:image:height\" content=\"206\" \/>\n\t<meta property=\"og:image:type\" content=\"image\/jpeg\" \/>\n<meta name=\"twitter:card\" content=\"summary_large_image\" \/>\n<meta name=\"twitter:label1\" content=\"Dur\u00e9e de lecture estim\u00e9e\" \/>\n\t<meta name=\"twitter:data1\" content=\"1 minute\" \/>\n<script type=\"application\/ld+json\" class=\"yoast-schema-graph\">{\"@context\":\"https:\\\/\\\/schema.org\",\"@graph\":[{\"@type\":\"WebPage\",\"@id\":\"https:\\\/\\\/tiketi.com\\\/modern-coast-nairobi-to-kampala\\\/\",\"url\":\"https:\\\/\\\/tiketi.com\\\/modern-coast-nairobi-to-kampala\\\/\",\"name\":\"Modern Coast Nairobi to Kampala\",\"isPartOf\":{\"@id\":\"https:\\\/\\\/tiketi.com\\\/#website\"},\"primaryImageOfPage\":{\"@id\":\"https:\\\/\\\/tiketi.com\\\/modern-coast-nairobi-to-kampala\\\/#primaryimage\"},\"image\":{\"@id\":\"https:\\\/\\\/tiketi.com\\\/modern-coast-nairobi-to-kampala\\\/#primaryimage\"},\"thumbnailUrl\":\"https:\\\/\\\/tiketi.com\\\/wp-content\\\/uploads\\\/2022\\\/01\\\/bus-ticket-online-booking.jpg\",\"datePublished\":\"2022-01-19T11:53:57+00:00\",\"dateModified\":\"2022-02-17T12:03:21+00:00\",\"description\":\"Looking for Modern Coast Nairobi to Kampala fare, route, app, and schedule? Make cheap Nairobi to Kampala Modern Coast internet reservation now\",\"breadcrumb\":{\"@id\":\"https:\\\/\\\/tiketi.com\\\/modern-coast-nairobi-to-kampala\\\/#breadcrumb\"},\"inLanguage\":\"fr-FR\",\"potentialAction\":[{\"@type\":\"ReadAction\",\"target\":[\"https:\\\/\\\/tiketi.com\\\/modern-coast-nairobi-to-kampala\\\/\"]}]},{\"@type\":\"ImageObject\",\"inLanguage\":\"fr-FR\",\"@id\":\"https:\\\/\\\/tiketi.com\\\/modern-coast-nairobi-to-kampala\\\/#primaryimage\",\"url\":\"https:\\\/\\\/tiketi.com\\\/wp-content\\\/uploads\\\/2022\\\/01\\\/bus-ticket-online-booking.jpg\",\"contentUrl\":\"https:\\\/\\\/tiketi.com\\\/wp-content\\\/uploads\\\/2022\\\/01\\\/bus-ticket-online-booking.jpg\",\"width\":1200,\"height\":206,\"caption\":\"Online Bus Ticket Booking\"},{\"@type\":\"BreadcrumbList\",\"@id\":\"https:\\\/\\\/tiketi.com\\\/modern-coast-nairobi-to-kampala\\\/#breadcrumb\",\"itemListElement\":[{\"@type\":\"ListItem\",\"position\":1,\"name\":\"Home\",\"item\":\"https:\\\/\\\/tiketi.com\\\/\"},{\"@type\":\"ListItem\",\"position\":2,\"name\":\"Modern Coast Nairobi to Kampala\"}]},{\"@type\":\"WebSite\",\"@id\":\"https:\\\/\\\/tiketi.com\\\/#website\",\"url\":\"https:\\\/\\\/tiketi.com\\\/\",\"name\":\"Flight & Bus Tickets, Tour Packages & Activitites - Tiketi.com\",\"description\":\"Flight &amp; Bus Tickets, Tours, Activitites\",\"publisher\":{\"@id\":\"https:\\\/\\\/tiketi.com\\\/#organization\"},\"potentialAction\":[{\"@type\":\"SearchAction\",\"target\":{\"@type\":\"EntryPoint\",\"urlTemplate\":\"https:\\\/\\\/tiketi.com\\\/?s={search_term_string}\"},\"query-input\":{\"@type\":\"PropertyValueSpecification\",\"valueRequired\":true,\"valueName\":\"search_term_string\"}}],\"inLanguage\":\"fr-FR\"},{\"@type\":\"Organization\",\"@id\":\"https:\\\/\\\/tiketi.com\\\/#organization\",\"name\":\"Tiketi.com\",\"alternateName\":\"Tiketi\",\"url\":\"https:\\\/\\\/tiketi.com\\\/\",\"logo\":{\"@type\":\"ImageObject\",\"inLanguage\":\"fr-FR\",\"@id\":\"https:\\\/\\\/tiketi.com\\\/#\\\/schema\\\/logo\\\/image\\\/\",\"url\":\"https:\\\/\\\/tiketi.com\\\/wp-content\\\/uploads\\\/2019\\\/05\\\/tiketi-logo-696.png\",\"contentUrl\":\"https:\\\/\\\/tiketi.com\\\/wp-content\\\/uploads\\\/2019\\\/05\\\/tiketi-logo-696.png\",\"width\":696,\"height\":696,\"caption\":\"Tiketi.com\"},\"image\":{\"@id\":\"https:\\\/\\\/tiketi.com\\\/#\\\/schema\\\/logo\\\/image\\\/\"},\"sameAs\":[\"https:\\\/\\\/www.facebook.com\\\/TiketiCom\\\/\"]}]}<\/script>\n<!-- \/ Yoast SEO plugin. -->","yoast_head_json":{"title":"C\u00f4te moderne de Nairobi \u00e0 Kampala","description":"Vous recherchez le tarif, l&#039;itin\u00e9raire, l&#039;application et les horaires de Modern Coast Nairobi \u00e0 Kampala ? R\u00e9servez maintenant un service Internet pas cher de Nairobi \u00e0 Kampala Modern Coast","robots":{"index":"index","follow":"follow","max-snippet":"max-snippet:-1","max-image-preview":"max-image-preview:large","max-video-preview":"max-video-preview:-1"},"canonical":"https:\/\/tiketi.com\/fr-fr\/modern-coast-nairobi-to-kampala\/","og_locale":"fr_FR","og_type":"article","og_title":"Modern Coast Nairobi to Kampala","og_description":"Looking for Modern Coast Nairobi to Kampala fare, route, app, and schedule? Make cheap Nairobi to Kampala Modern Coast internet reservation now","og_url":"https:\/\/tiketi.com\/fr-fr\/modern-coast-nairobi-to-kampala\/","og_site_name":"Tiketi.com","article_publisher":"https:\/\/www.facebook.com\/TiketiCom\/","article_modified_time":"2022-02-17T12:03:21+00:00","og_image":[{"width":1200,"height":206,"url":"https:\/\/tiketi.com\/wp-content\/uploads\/2022\/01\/bus-ticket-online-booking.jpg","type":"image\/jpeg"}],"twitter_card":"summary_large_image","twitter_misc":{"Dur\u00e9e de lecture estim\u00e9e":"1 minute"},"schema":{"@context":"https:\/\/schema.org","@graph":[{"@type":"WebPage","@id":"https:\/\/tiketi.com\/modern-coast-nairobi-to-kampala\/","url":"https:\/\/tiketi.com\/modern-coast-nairobi-to-kampala\/","name":"C\u00f4te moderne de Nairobi \u00e0 Kampala","isPartOf":{"@id":"https:\/\/tiketi.com\/#website"},"primaryImageOfPage":{"@id":"https:\/\/tiketi.com\/modern-coast-nairobi-to-kampala\/#primaryimage"},"image":{"@id":"https:\/\/tiketi.com\/modern-coast-nairobi-to-kampala\/#primaryimage"},"thumbnailUrl":"https:\/\/tiketi.com\/wp-content\/uploads\/2022\/01\/bus-ticket-online-booking.jpg","datePublished":"2022-01-19T11:53:57+00:00","dateModified":"2022-02-17T12:03:21+00:00","description":"Vous recherchez le tarif, l&#039;itin\u00e9raire, l&#039;application et les horaires de Modern Coast Nairobi \u00e0 Kampala ? R\u00e9servez maintenant un service Internet pas cher de Nairobi \u00e0 Kampala Modern Coast","breadcrumb":{"@id":"https:\/\/tiketi.com\/modern-coast-nairobi-to-kampala\/#breadcrumb"},"inLanguage":"fr-FR","potentialAction":[{"@type":"ReadAction","target":["https:\/\/tiketi.com\/modern-coast-nairobi-to-kampala\/"]}]},{"@type":"ImageObject","inLanguage":"fr-FR","@id":"https:\/\/tiketi.com\/modern-coast-nairobi-to-kampala\/#primaryimage","url":"https:\/\/tiketi.com\/wp-content\/uploads\/2022\/01\/bus-ticket-online-booking.jpg","contentUrl":"https:\/\/tiketi.com\/wp-content\/uploads\/2022\/01\/bus-ticket-online-booking.jpg","width":1200,"height":206,"caption":"Online Bus Ticket Booking"},{"@type":"BreadcrumbList","@id":"https:\/\/tiketi.com\/modern-coast-nairobi-to-kampala\/#breadcrumb","itemListElement":[{"@type":"ListItem","position":1,"name":"Home","item":"https:\/\/tiketi.com\/"},{"@type":"ListItem","position":2,"name":"Modern Coast Nairobi to Kampala"}]},{"@type":"WebSite","@id":"https:\/\/tiketi.com\/#website","url":"https:\/\/tiketi.com\/","name":"Billets d&#039;avion et de bus, forfaits touristiques et activit\u00e9s - Tiketi.com","description":"Billets d&#039;avion et de bus, Tours, Activit\u00e9s","publisher":{"@id":"https:\/\/tiketi.com\/#organization"},"potentialAction":[{"@type":"SearchAction","target":{"@type":"EntryPoint","urlTemplate":"https:\/\/tiketi.com\/?s={search_term_string}"},"query-input":{"@type":"PropertyValueSpecification","valueRequired":true,"valueName":"search_term_string"}}],"inLanguage":"fr-FR"},{"@type":"Organization","@id":"https:\/\/tiketi.com\/#organization","name":"Tiketi.com","alternateName":"Tiketi","url":"https:\/\/tiketi.com\/","logo":{"@type":"ImageObject","inLanguage":"fr-FR","@id":"https:\/\/tiketi.com\/#\/schema\/logo\/image\/","url":"https:\/\/tiketi.com\/wp-content\/uploads\/2019\/05\/tiketi-logo-696.png","contentUrl":"https:\/\/tiketi.com\/wp-content\/uploads\/2019\/05\/tiketi-logo-696.png","width":696,"height":696,"caption":"Tiketi.com"},"image":{"@id":"https:\/\/tiketi.com\/#\/schema\/logo\/image\/"},"sameAs":["https:\/\/www.facebook.com\/TiketiCom\/"]}]}},"_links":{"self":[{"href":"https:\/\/tiketi.com\/fr-fr\/wp-json\/wp\/v2\/pages\/10896","targetHints":{"allow":["GET"]}}],"collection":[{"href":"https:\/\/tiketi.com\/fr-fr\/wp-json\/wp\/v2\/pages"}],"about":[{"href":"https:\/\/tiketi.com\/fr-fr\/wp-json\/wp\/v2\/types\/page"}],"author":[{"embeddable":true,"href":"https:\/\/tiketi.com\/fr-fr\/wp-json\/wp\/v2\/users\/1"}],"replies":[{"embeddable":true,"href":"https:\/\/tiketi.com\/fr-fr\/wp-json\/wp\/v2\/comments?post=10896"}],"version-history":[{"count":0,"href":"https:\/\/tiketi.com\/fr-fr\/wp-json\/wp\/v2\/pages\/10896\/revisions"}],"wp:featuredmedia":[{"embeddable":true,"href":"https:\/\/tiketi.com\/fr-fr\/wp-json\/wp\/v2\/media\/13999"}],"wp:attachment":[{"href":"https:\/\/tiketi.com\/fr-fr\/wp-json\/wp\/v2\/media?parent=10896"}],"curies":[{"name":"wp","href":"https:\/\/api.w.org\/{rel}","templated":true}]}}