{"id":10900,"date":"2022-01-19T12:53:57","date_gmt":"2022-01-19T11:53:57","guid":{"rendered":"https:\/\/new.tiketi.com\/simba-coach-nairobi-to-kigali\/"},"modified":"2022-02-21T13:48:03","modified_gmt":"2022-02-21T12:48:03","slug":"simba-coach-nairobi-to-kigali","status":"publish","type":"page","link":"https:\/\/tiketi.com\/fr-fr\/simba-coach-nairobi-to-kigali\/","title":{"rendered":"Simba Coach Nairobi \u00e0 Kigali, billets, horaires et tarifs"},"content":{"rendered":"<h2>R\u00e9servez vos billets de bus de Nairobi \u00e0 Kigali Simba<\/h2>\n<h3>D\u00e9couvrez votre itin\u00e9raire de voyage sur le web, le mobile ou l&#039;application et r\u00e9servez en ligne d\u00e8s maintenant des billets de bus Simba Coach pas chers.<\/h3>\n<p>La r\u00e9servation de Simba Coach de Nairobi \u00e0 Kigali est facilit\u00e9e. La compagnie de bus interurbains kenyane, Simba Coach, fournit des services de transports publics. Il dessert des villes cl\u00e9s et d\u2019autres villages du pays. La soci\u00e9t\u00e9 Simba Coach se vante d&#039;\u00eatre l&#039;une des plus anciennes entreprises de bus du pays, avec des bureaux de r\u00e9servation bien r\u00e9partis dans tout le pays. Voici le guide sur la fa\u00e7on de r\u00e9server par Internet les billets de bus Simba de Nairobi \u00e0 Kigali\u00a0:<\/p>\n<h2>FAQ sur les billets de bus Simba de Nairobi \u00e0 Kigali<\/h2>\n<p>La compagnie de bus Simba Coach de Nairobi \u00e0 Kigali se rendra \u00e0 l&#039;endroit de votre choix. Entrez en contact avec eux en utilisant les coordonn\u00e9es de r\u00e9servation de Simba Bus Nairobi \u00e0 Kigali ci-dessus et r\u00e9solvez tous vos probl\u00e8mes dans les plus brefs d\u00e9lais.<\/p>\n<h3>Portail de r\u00e9servation Internet Simba Coach de Nairobi \u00e0 Kigali<\/h3>\n<p>\u2022 Utilisez le portail de r\u00e9servation Internet Simba Coach ci-dessus.<\/p>\n<h3>Suivi de colis Simba Coach<strong>\u00a0<\/strong><\/h3>\n<p>\u2022 Utilisez le suivi des colis Simba Coach.<\/p>","protected":false},"excerpt":{"rendered":"<p>Book Nairobi to Kigali Simba Coach Bus Tickets Discover your travel route on web, mobile or app and book cheap Simba Coach bus tickets online now. Simba Coach Nairobi to Kigali reservation made easy. The Kenyan intercity bus company, Simba Coach, provides public transport services. It serves key cities and other towns within the country. [&hellip;]<\/p>\n","protected":false},"author":1,"featured_media":13999,"parent":0,"menu_order":0,"comment_status":"open","ping_status":"closed","template":"template-home-modern.php","meta":{"footnotes":""},"class_list":["post-10900","page","type-page","status-publish","has-post-thumbnail","hentry"],"yoast_head":"<!-- This site is optimized with the Yoast SEO plugin v27.5 - https:\/\/yoast.com\/product\/yoast-seo-wordpress\/ -->\n<title>Simba Coach Nairobi to Kigali, Bus Tickets, Schedule &amp; Fare<\/title>\n<meta name=\"description\" content=\"Looking for Simba Coach Nairobi to Kigali route, app, fares and schedule timing? Make a Simba Coach Nairobi to Kigali internet reservation now\" \/>\n<meta name=\"robots\" content=\"index, follow, max-snippet:-1, max-image-preview:large, max-video-preview:-1\" \/>\n<link rel=\"canonical\" href=\"https:\/\/tiketi.com\/fr-fr\/simba-coach-nairobi-to-kigali\/\" \/>\n<meta property=\"og:locale\" content=\"fr_FR\" \/>\n<meta property=\"og:type\" content=\"article\" \/>\n<meta property=\"og:title\" content=\"Simba Coach Nairobi to Kigali, Bus Tickets, Schedule &amp; Fare\" \/>\n<meta property=\"og:description\" content=\"Looking for Simba Coach Nairobi to Kigali route, app, fares and schedule timing? Make a Simba Coach Nairobi to Kigali internet reservation now\" \/>\n<meta property=\"og:url\" content=\"https:\/\/tiketi.com\/fr-fr\/simba-coach-nairobi-to-kigali\/\" \/>\n<meta property=\"og:site_name\" content=\"Tiketi.com\" \/>\n<meta property=\"article:publisher\" content=\"https:\/\/www.facebook.com\/TiketiCom\/\" \/>\n<meta property=\"article:modified_time\" content=\"2022-02-21T12:48:03+00:00\" \/>\n<meta property=\"og:image\" content=\"https:\/\/tiketi.com\/wp-content\/uploads\/2022\/01\/bus-ticket-online-booking.jpg\" \/>\n\t<meta property=\"og:image:width\" content=\"1200\" \/>\n\t<meta property=\"og:image:height\" content=\"206\" \/>\n\t<meta property=\"og:image:type\" content=\"image\/jpeg\" \/>\n<meta name=\"twitter:card\" content=\"summary_large_image\" \/>\n<meta name=\"twitter:label1\" content=\"Dur\u00e9e de lecture estim\u00e9e\" \/>\n\t<meta name=\"twitter:data1\" content=\"1 minute\" \/>\n<script type=\"application\/ld+json\" class=\"yoast-schema-graph\">{\"@context\":\"https:\\\/\\\/schema.org\",\"@graph\":[{\"@type\":\"WebPage\",\"@id\":\"https:\\\/\\\/tiketi.com\\\/simba-coach-nairobi-to-kigali\\\/\",\"url\":\"https:\\\/\\\/tiketi.com\\\/simba-coach-nairobi-to-kigali\\\/\",\"name\":\"Simba Coach Nairobi to Kigali, Bus Tickets, Schedule & Fare\",\"isPartOf\":{\"@id\":\"https:\\\/\\\/tiketi.com\\\/#website\"},\"primaryImageOfPage\":{\"@id\":\"https:\\\/\\\/tiketi.com\\\/simba-coach-nairobi-to-kigali\\\/#primaryimage\"},\"image\":{\"@id\":\"https:\\\/\\\/tiketi.com\\\/simba-coach-nairobi-to-kigali\\\/#primaryimage\"},\"thumbnailUrl\":\"https:\\\/\\\/tiketi.com\\\/wp-content\\\/uploads\\\/2022\\\/01\\\/bus-ticket-online-booking.jpg\",\"datePublished\":\"2022-01-19T11:53:57+00:00\",\"dateModified\":\"2022-02-21T12:48:03+00:00\",\"description\":\"Looking for Simba Coach Nairobi to Kigali route, app, fares and schedule timing? Make a Simba Coach Nairobi to Kigali internet reservation now\",\"breadcrumb\":{\"@id\":\"https:\\\/\\\/tiketi.com\\\/simba-coach-nairobi-to-kigali\\\/#breadcrumb\"},\"inLanguage\":\"fr-FR\",\"potentialAction\":[{\"@type\":\"ReadAction\",\"target\":[\"https:\\\/\\\/tiketi.com\\\/simba-coach-nairobi-to-kigali\\\/\"]}]},{\"@type\":\"ImageObject\",\"inLanguage\":\"fr-FR\",\"@id\":\"https:\\\/\\\/tiketi.com\\\/simba-coach-nairobi-to-kigali\\\/#primaryimage\",\"url\":\"https:\\\/\\\/tiketi.com\\\/wp-content\\\/uploads\\\/2022\\\/01\\\/bus-ticket-online-booking.jpg\",\"contentUrl\":\"https:\\\/\\\/tiketi.com\\\/wp-content\\\/uploads\\\/2022\\\/01\\\/bus-ticket-online-booking.jpg\",\"width\":1200,\"height\":206,\"caption\":\"Online Bus Ticket Booking\"},{\"@type\":\"BreadcrumbList\",\"@id\":\"https:\\\/\\\/tiketi.com\\\/simba-coach-nairobi-to-kigali\\\/#breadcrumb\",\"itemListElement\":[{\"@type\":\"ListItem\",\"position\":1,\"name\":\"Home\",\"item\":\"https:\\\/\\\/tiketi.com\\\/\"},{\"@type\":\"ListItem\",\"position\":2,\"name\":\"Simba Coach Nairobi to Kigali, Tickets, Schedule &#038; Fare\"}]},{\"@type\":\"WebSite\",\"@id\":\"https:\\\/\\\/tiketi.com\\\/#website\",\"url\":\"https:\\\/\\\/tiketi.com\\\/\",\"name\":\"Flight & Bus Tickets, Tour Packages & Activitites - Tiketi.com\",\"description\":\"Flight &amp; Bus Tickets, Tours, Activitites\",\"publisher\":{\"@id\":\"https:\\\/\\\/tiketi.com\\\/#organization\"},\"potentialAction\":[{\"@type\":\"SearchAction\",\"target\":{\"@type\":\"EntryPoint\",\"urlTemplate\":\"https:\\\/\\\/tiketi.com\\\/?s={search_term_string}\"},\"query-input\":{\"@type\":\"PropertyValueSpecification\",\"valueRequired\":true,\"valueName\":\"search_term_string\"}}],\"inLanguage\":\"fr-FR\"},{\"@type\":\"Organization\",\"@id\":\"https:\\\/\\\/tiketi.com\\\/#organization\",\"name\":\"Tiketi.com\",\"alternateName\":\"Tiketi\",\"url\":\"https:\\\/\\\/tiketi.com\\\/\",\"logo\":{\"@type\":\"ImageObject\",\"inLanguage\":\"fr-FR\",\"@id\":\"https:\\\/\\\/tiketi.com\\\/#\\\/schema\\\/logo\\\/image\\\/\",\"url\":\"https:\\\/\\\/tiketi.com\\\/wp-content\\\/uploads\\\/2019\\\/05\\\/tiketi-logo-696.png\",\"contentUrl\":\"https:\\\/\\\/tiketi.com\\\/wp-content\\\/uploads\\\/2019\\\/05\\\/tiketi-logo-696.png\",\"width\":696,\"height\":696,\"caption\":\"Tiketi.com\"},\"image\":{\"@id\":\"https:\\\/\\\/tiketi.com\\\/#\\\/schema\\\/logo\\\/image\\\/\"},\"sameAs\":[\"https:\\\/\\\/www.facebook.com\\\/TiketiCom\\\/\"]}]}<\/script>\n<!-- \/ Yoast SEO plugin. -->","yoast_head_json":{"title":"Simba Coach Nairobi \u00e0 Kigali, billets de bus, horaires et tarifs","description":"Vous recherchez un itin\u00e9raire, une application, des tarifs et des horaires Simba Coach Nairobi \u00e0 Kigali? Faites une r\u00e9servation Internet Simba Coach de Nairobi \u00e0 Kigali maintenant","robots":{"index":"index","follow":"follow","max-snippet":"max-snippet:-1","max-image-preview":"max-image-preview:large","max-video-preview":"max-video-preview:-1"},"canonical":"https:\/\/tiketi.com\/fr-fr\/simba-coach-nairobi-to-kigali\/","og_locale":"fr_FR","og_type":"article","og_title":"Simba Coach Nairobi to Kigali, Bus Tickets, Schedule & Fare","og_description":"Looking for Simba Coach Nairobi to Kigali route, app, fares and schedule timing? Make a Simba Coach Nairobi to Kigali internet reservation now","og_url":"https:\/\/tiketi.com\/fr-fr\/simba-coach-nairobi-to-kigali\/","og_site_name":"Tiketi.com","article_publisher":"https:\/\/www.facebook.com\/TiketiCom\/","article_modified_time":"2022-02-21T12:48:03+00:00","og_image":[{"width":1200,"height":206,"url":"https:\/\/tiketi.com\/wp-content\/uploads\/2022\/01\/bus-ticket-online-booking.jpg","type":"image\/jpeg"}],"twitter_card":"summary_large_image","twitter_misc":{"Dur\u00e9e de lecture estim\u00e9e":"1 minute"},"schema":{"@context":"https:\/\/schema.org","@graph":[{"@type":"WebPage","@id":"https:\/\/tiketi.com\/simba-coach-nairobi-to-kigali\/","url":"https:\/\/tiketi.com\/simba-coach-nairobi-to-kigali\/","name":"Simba Coach Nairobi \u00e0 Kigali, billets de bus, horaires et tarifs","isPartOf":{"@id":"https:\/\/tiketi.com\/#website"},"primaryImageOfPage":{"@id":"https:\/\/tiketi.com\/simba-coach-nairobi-to-kigali\/#primaryimage"},"image":{"@id":"https:\/\/tiketi.com\/simba-coach-nairobi-to-kigali\/#primaryimage"},"thumbnailUrl":"https:\/\/tiketi.com\/wp-content\/uploads\/2022\/01\/bus-ticket-online-booking.jpg","datePublished":"2022-01-19T11:53:57+00:00","dateModified":"2022-02-21T12:48:03+00:00","description":"Vous recherchez un itin\u00e9raire, une application, des tarifs et des horaires Simba Coach Nairobi \u00e0 Kigali? Faites une r\u00e9servation Internet Simba Coach de Nairobi \u00e0 Kigali maintenant","breadcrumb":{"@id":"https:\/\/tiketi.com\/simba-coach-nairobi-to-kigali\/#breadcrumb"},"inLanguage":"fr-FR","potentialAction":[{"@type":"ReadAction","target":["https:\/\/tiketi.com\/simba-coach-nairobi-to-kigali\/"]}]},{"@type":"ImageObject","inLanguage":"fr-FR","@id":"https:\/\/tiketi.com\/simba-coach-nairobi-to-kigali\/#primaryimage","url":"https:\/\/tiketi.com\/wp-content\/uploads\/2022\/01\/bus-ticket-online-booking.jpg","contentUrl":"https:\/\/tiketi.com\/wp-content\/uploads\/2022\/01\/bus-ticket-online-booking.jpg","width":1200,"height":206,"caption":"Online Bus Ticket Booking"},{"@type":"BreadcrumbList","@id":"https:\/\/tiketi.com\/simba-coach-nairobi-to-kigali\/#breadcrumb","itemListElement":[{"@type":"ListItem","position":1,"name":"Home","item":"https:\/\/tiketi.com\/"},{"@type":"ListItem","position":2,"name":"Simba Coach Nairobi to Kigali, Tickets, Schedule &#038; Fare"}]},{"@type":"WebSite","@id":"https:\/\/tiketi.com\/#website","url":"https:\/\/tiketi.com\/","name":"Billets d&#039;avion et de bus, forfaits touristiques et activit\u00e9s - Tiketi.com","description":"Billets d&#039;avion et de bus, Tours, Activit\u00e9s","publisher":{"@id":"https:\/\/tiketi.com\/#organization"},"potentialAction":[{"@type":"SearchAction","target":{"@type":"EntryPoint","urlTemplate":"https:\/\/tiketi.com\/?s={search_term_string}"},"query-input":{"@type":"PropertyValueSpecification","valueRequired":true,"valueName":"search_term_string"}}],"inLanguage":"fr-FR"},{"@type":"Organization","@id":"https:\/\/tiketi.com\/#organization","name":"Tiketi.com","alternateName":"Tiketi","url":"https:\/\/tiketi.com\/","logo":{"@type":"ImageObject","inLanguage":"fr-FR","@id":"https:\/\/tiketi.com\/#\/schema\/logo\/image\/","url":"https:\/\/tiketi.com\/wp-content\/uploads\/2019\/05\/tiketi-logo-696.png","contentUrl":"https:\/\/tiketi.com\/wp-content\/uploads\/2019\/05\/tiketi-logo-696.png","width":696,"height":696,"caption":"Tiketi.com"},"image":{"@id":"https:\/\/tiketi.com\/#\/schema\/logo\/image\/"},"sameAs":["https:\/\/www.facebook.com\/TiketiCom\/"]}]}},"_links":{"self":[{"href":"https:\/\/tiketi.com\/fr-fr\/wp-json\/wp\/v2\/pages\/10900","targetHints":{"allow":["GET"]}}],"collection":[{"href":"https:\/\/tiketi.com\/fr-fr\/wp-json\/wp\/v2\/pages"}],"about":[{"href":"https:\/\/tiketi.com\/fr-fr\/wp-json\/wp\/v2\/types\/page"}],"author":[{"embeddable":true,"href":"https:\/\/tiketi.com\/fr-fr\/wp-json\/wp\/v2\/users\/1"}],"replies":[{"embeddable":true,"href":"https:\/\/tiketi.com\/fr-fr\/wp-json\/wp\/v2\/comments?post=10900"}],"version-history":[{"count":0,"href":"https:\/\/tiketi.com\/fr-fr\/wp-json\/wp\/v2\/pages\/10900\/revisions"}],"wp:featuredmedia":[{"embeddable":true,"href":"https:\/\/tiketi.com\/fr-fr\/wp-json\/wp\/v2\/media\/13999"}],"wp:attachment":[{"href":"https:\/\/tiketi.com\/fr-fr\/wp-json\/wp\/v2\/media?parent=10900"}],"curies":[{"name":"wp","href":"https:\/\/api.w.org\/{rel}","templated":true}]}}