{"id":10901,"date":"2022-01-19T12:53:57","date_gmt":"2022-01-19T11:53:57","guid":{"rendered":"https:\/\/new.tiketi.com\/transline-nairobi-to-kisii\/"},"modified":"2022-02-22T15:45:07","modified_gmt":"2022-02-22T14:45:07","slug":"transline-nairobi-to-kisii","status":"publish","type":"page","link":"https:\/\/tiketi.com\/fr-fr\/transline-nairobi-to-kisii\/","title":{"rendered":"R\u00e9servation de bus Transline Nairobi \u00e0 Kisii"},"content":{"rendered":"<h2>R\u00e9servez des billets de bus Transline Kisii \u00e0 Nairobi au Kenya<\/h2>\n<h3>R\u00e9servez d\u00e8s maintenant vos billets de bus Transline Kisii \u00e0 Nairobi en ligne.<\/h3>\n<p>La r\u00e9servation du Transline Nairobi \u00e0 Kisii est facilit\u00e9e. Cr\u00e9\u00e9e il y a quelques ann\u00e9es, la compagnie de bus Transline Coach compte plus de 50 bus. Son statut est d\u00fb \u00e0 ses d\u00e9placements confortables, fiables et s\u00fbrs vers divers endroits et \u00e0 d&#039;autres incitations telles que le Wi-Fi dans les autocars les plus r\u00e9cents. Il n\u2019est pas \u00e9tonnant que la compagnie de bus Transline ait domin\u00e9 la route Nairobi-Kisii. Faites une r\u00e9servation Transline Kisii \u00e0 Nairobi et \u00e9conomisez du temps et de l&#039;argent.<\/p>\n<h2>FAQ sur la r\u00e9servation du Transline de Nairobi \u00e0 Kisii<\/h2>\n<p>Les trajets en bus de Transline Kisii \u00e0 Nairobi sont parmi les meilleurs compar\u00e9s \u00e0 d\u2019autres acteurs importants du secteur. Leurs autocars disposent de si\u00e8ges r\u00e9glables et relaxants, d&#039;un syst\u00e8me de musique, d&#039;un espace suffisant pour les jambes et de s\u00e9ries t\u00e9l\u00e9vis\u00e9es.<\/p>\n<h3>Tarif du transport de Kisii \u00e0 Nairobi<\/h3>\n<p>Vous effectuez une r\u00e9servation Internet Transline ou pouvez utiliser leur num\u00e9ro de t\u00e9l\u00e9phone pour que votre autocar Transline soit conserv\u00e9 \u00e0 tout moment propos\u00e9. Le paiement du tarif Transline de Kisii \u00e0 Nairobi peut \u00e9galement \u00eatre effectu\u00e9 via M-Pesa pour plus de facilit\u00e9.<\/p>","protected":false},"excerpt":{"rendered":"<p>Book Transline Kisii to Nairobi&nbsp;Bus Tickets in Kenya Book cheap Transline Kisii to Nairobi&nbsp;Bus tickets online now. Transline Nairobi to Kisii reservation made easy. Established some years back, the Transline Coach bus company has over 50 buses. Its status has been due to its comfortable, reliable, safe travel to various places and other incentives such [&hellip;]<\/p>\n","protected":false},"author":1,"featured_media":13999,"parent":0,"menu_order":0,"comment_status":"open","ping_status":"closed","template":"template-home-modern.php","meta":{"footnotes":""},"class_list":["post-10901","page","type-page","status-publish","has-post-thumbnail","hentry"],"yoast_head":"<!-- This site is optimized with the Yoast SEO plugin v27.3 - https:\/\/yoast.com\/product\/yoast-seo-wordpress\/ -->\n<title>Transline Nairobi to Kisii Bus Booking<\/title>\n<meta name=\"description\" content=\"Looking for Transline Nairobi to Kisii Kenya route, app, fares and schedule timing? Make cheap Transline Nairobi to Kisii internet reservation now\" \/>\n<meta name=\"robots\" content=\"index, follow, max-snippet:-1, max-image-preview:large, max-video-preview:-1\" \/>\n<link rel=\"canonical\" href=\"https:\/\/tiketi.com\/fr-fr\/transline-nairobi-to-kisii\/\" \/>\n<meta property=\"og:locale\" content=\"fr_FR\" \/>\n<meta property=\"og:type\" content=\"article\" \/>\n<meta property=\"og:title\" content=\"Transline Nairobi to Kisii Bus Booking\" \/>\n<meta property=\"og:description\" content=\"Looking for Transline Nairobi to Kisii Kenya route, app, fares and schedule timing? Make cheap Transline Nairobi to Kisii internet reservation now\" \/>\n<meta property=\"og:url\" content=\"https:\/\/tiketi.com\/fr-fr\/transline-nairobi-to-kisii\/\" \/>\n<meta property=\"og:site_name\" content=\"Tiketi.com\" \/>\n<meta property=\"article:publisher\" content=\"https:\/\/www.facebook.com\/TiketiCom\/\" \/>\n<meta property=\"article:modified_time\" content=\"2022-02-22T14:45:07+00:00\" \/>\n<meta property=\"og:image\" content=\"https:\/\/tiketi.com\/wp-content\/uploads\/2022\/01\/bus-ticket-online-booking.jpg\" \/>\n\t<meta property=\"og:image:width\" content=\"1200\" \/>\n\t<meta property=\"og:image:height\" content=\"206\" \/>\n\t<meta property=\"og:image:type\" content=\"image\/jpeg\" \/>\n<meta name=\"twitter:card\" content=\"summary_large_image\" \/>\n<meta name=\"twitter:label1\" content=\"Dur\u00e9e de lecture estim\u00e9e\" \/>\n\t<meta name=\"twitter:data1\" content=\"1 minute\" \/>\n<script type=\"application\/ld+json\" class=\"yoast-schema-graph\">{\"@context\":\"https:\\\/\\\/schema.org\",\"@graph\":[{\"@type\":\"WebPage\",\"@id\":\"https:\\\/\\\/tiketi.com\\\/transline-nairobi-to-kisii\\\/\",\"url\":\"https:\\\/\\\/tiketi.com\\\/transline-nairobi-to-kisii\\\/\",\"name\":\"Transline Nairobi to Kisii Bus Booking\",\"isPartOf\":{\"@id\":\"https:\\\/\\\/tiketi.com\\\/#website\"},\"primaryImageOfPage\":{\"@id\":\"https:\\\/\\\/tiketi.com\\\/transline-nairobi-to-kisii\\\/#primaryimage\"},\"image\":{\"@id\":\"https:\\\/\\\/tiketi.com\\\/transline-nairobi-to-kisii\\\/#primaryimage\"},\"thumbnailUrl\":\"https:\\\/\\\/tiketi.com\\\/wp-content\\\/uploads\\\/2022\\\/01\\\/bus-ticket-online-booking.jpg\",\"datePublished\":\"2022-01-19T11:53:57+00:00\",\"dateModified\":\"2022-02-22T14:45:07+00:00\",\"description\":\"Looking for Transline Nairobi to Kisii Kenya route, app, fares and schedule timing? Make cheap Transline Nairobi to Kisii internet reservation now\",\"breadcrumb\":{\"@id\":\"https:\\\/\\\/tiketi.com\\\/transline-nairobi-to-kisii\\\/#breadcrumb\"},\"inLanguage\":\"fr-FR\",\"potentialAction\":[{\"@type\":\"ReadAction\",\"target\":[\"https:\\\/\\\/tiketi.com\\\/transline-nairobi-to-kisii\\\/\"]}]},{\"@type\":\"ImageObject\",\"inLanguage\":\"fr-FR\",\"@id\":\"https:\\\/\\\/tiketi.com\\\/transline-nairobi-to-kisii\\\/#primaryimage\",\"url\":\"https:\\\/\\\/tiketi.com\\\/wp-content\\\/uploads\\\/2022\\\/01\\\/bus-ticket-online-booking.jpg\",\"contentUrl\":\"https:\\\/\\\/tiketi.com\\\/wp-content\\\/uploads\\\/2022\\\/01\\\/bus-ticket-online-booking.jpg\",\"width\":1200,\"height\":206,\"caption\":\"Online Bus Ticket Booking\"},{\"@type\":\"BreadcrumbList\",\"@id\":\"https:\\\/\\\/tiketi.com\\\/transline-nairobi-to-kisii\\\/#breadcrumb\",\"itemListElement\":[{\"@type\":\"ListItem\",\"position\":1,\"name\":\"Home\",\"item\":\"https:\\\/\\\/tiketi.com\\\/\"},{\"@type\":\"ListItem\",\"position\":2,\"name\":\"Transline Nairobi to Kisii Bus Booking\"}]},{\"@type\":\"WebSite\",\"@id\":\"https:\\\/\\\/tiketi.com\\\/#website\",\"url\":\"https:\\\/\\\/tiketi.com\\\/\",\"name\":\"Flight & Bus Tickets, Tour Packages & Activitites - Tiketi.com\",\"description\":\"Flight &amp; Bus Tickets, Tours, Activitites\",\"publisher\":{\"@id\":\"https:\\\/\\\/tiketi.com\\\/#organization\"},\"potentialAction\":[{\"@type\":\"SearchAction\",\"target\":{\"@type\":\"EntryPoint\",\"urlTemplate\":\"https:\\\/\\\/tiketi.com\\\/?s={search_term_string}\"},\"query-input\":{\"@type\":\"PropertyValueSpecification\",\"valueRequired\":true,\"valueName\":\"search_term_string\"}}],\"inLanguage\":\"fr-FR\"},{\"@type\":\"Organization\",\"@id\":\"https:\\\/\\\/tiketi.com\\\/#organization\",\"name\":\"Tiketi.com\",\"alternateName\":\"Tiketi\",\"url\":\"https:\\\/\\\/tiketi.com\\\/\",\"logo\":{\"@type\":\"ImageObject\",\"inLanguage\":\"fr-FR\",\"@id\":\"https:\\\/\\\/tiketi.com\\\/#\\\/schema\\\/logo\\\/image\\\/\",\"url\":\"https:\\\/\\\/tiketi.com\\\/wp-content\\\/uploads\\\/2019\\\/05\\\/tiketi-logo-696.png\",\"contentUrl\":\"https:\\\/\\\/tiketi.com\\\/wp-content\\\/uploads\\\/2019\\\/05\\\/tiketi-logo-696.png\",\"width\":696,\"height\":696,\"caption\":\"Tiketi.com\"},\"image\":{\"@id\":\"https:\\\/\\\/tiketi.com\\\/#\\\/schema\\\/logo\\\/image\\\/\"},\"sameAs\":[\"https:\\\/\\\/www.facebook.com\\\/TiketiCom\\\/\"]}]}<\/script>\n<!-- \/ Yoast SEO plugin. -->","yoast_head_json":{"title":"R\u00e9servation de bus Transline Nairobi \u00e0 Kisii","description":"Vous recherchez l&#039;itin\u00e9raire, l&#039;application, les tarifs et les horaires de Transline Nairobi \u00e0 Kisii Kenya ? R\u00e9servez maintenant un service Internet Transline de Nairobi \u00e0 Kisii pas cher","robots":{"index":"index","follow":"follow","max-snippet":"max-snippet:-1","max-image-preview":"max-image-preview:large","max-video-preview":"max-video-preview:-1"},"canonical":"https:\/\/tiketi.com\/fr-fr\/transline-nairobi-to-kisii\/","og_locale":"fr_FR","og_type":"article","og_title":"Transline Nairobi to Kisii Bus Booking","og_description":"Looking for Transline Nairobi to Kisii Kenya route, app, fares and schedule timing? Make cheap Transline Nairobi to Kisii internet reservation now","og_url":"https:\/\/tiketi.com\/fr-fr\/transline-nairobi-to-kisii\/","og_site_name":"Tiketi.com","article_publisher":"https:\/\/www.facebook.com\/TiketiCom\/","article_modified_time":"2022-02-22T14:45:07+00:00","og_image":[{"width":1200,"height":206,"url":"https:\/\/tiketi.com\/wp-content\/uploads\/2022\/01\/bus-ticket-online-booking.jpg","type":"image\/jpeg"}],"twitter_card":"summary_large_image","twitter_misc":{"Dur\u00e9e de lecture estim\u00e9e":"1 minute"},"schema":{"@context":"https:\/\/schema.org","@graph":[{"@type":"WebPage","@id":"https:\/\/tiketi.com\/transline-nairobi-to-kisii\/","url":"https:\/\/tiketi.com\/transline-nairobi-to-kisii\/","name":"R\u00e9servation de bus Transline Nairobi \u00e0 Kisii","isPartOf":{"@id":"https:\/\/tiketi.com\/#website"},"primaryImageOfPage":{"@id":"https:\/\/tiketi.com\/transline-nairobi-to-kisii\/#primaryimage"},"image":{"@id":"https:\/\/tiketi.com\/transline-nairobi-to-kisii\/#primaryimage"},"thumbnailUrl":"https:\/\/tiketi.com\/wp-content\/uploads\/2022\/01\/bus-ticket-online-booking.jpg","datePublished":"2022-01-19T11:53:57+00:00","dateModified":"2022-02-22T14:45:07+00:00","description":"Vous recherchez l&#039;itin\u00e9raire, l&#039;application, les tarifs et les horaires de Transline Nairobi \u00e0 Kisii Kenya ? R\u00e9servez maintenant un service Internet Transline de Nairobi \u00e0 Kisii pas cher","breadcrumb":{"@id":"https:\/\/tiketi.com\/transline-nairobi-to-kisii\/#breadcrumb"},"inLanguage":"fr-FR","potentialAction":[{"@type":"ReadAction","target":["https:\/\/tiketi.com\/transline-nairobi-to-kisii\/"]}]},{"@type":"ImageObject","inLanguage":"fr-FR","@id":"https:\/\/tiketi.com\/transline-nairobi-to-kisii\/#primaryimage","url":"https:\/\/tiketi.com\/wp-content\/uploads\/2022\/01\/bus-ticket-online-booking.jpg","contentUrl":"https:\/\/tiketi.com\/wp-content\/uploads\/2022\/01\/bus-ticket-online-booking.jpg","width":1200,"height":206,"caption":"Online Bus Ticket Booking"},{"@type":"BreadcrumbList","@id":"https:\/\/tiketi.com\/transline-nairobi-to-kisii\/#breadcrumb","itemListElement":[{"@type":"ListItem","position":1,"name":"Home","item":"https:\/\/tiketi.com\/"},{"@type":"ListItem","position":2,"name":"Transline Nairobi to Kisii Bus Booking"}]},{"@type":"WebSite","@id":"https:\/\/tiketi.com\/#website","url":"https:\/\/tiketi.com\/","name":"Billets d&#039;avion et de bus, forfaits touristiques et activit\u00e9s - Tiketi.com","description":"Billets d&#039;avion et de bus, Tours, Activit\u00e9s","publisher":{"@id":"https:\/\/tiketi.com\/#organization"},"potentialAction":[{"@type":"SearchAction","target":{"@type":"EntryPoint","urlTemplate":"https:\/\/tiketi.com\/?s={search_term_string}"},"query-input":{"@type":"PropertyValueSpecification","valueRequired":true,"valueName":"search_term_string"}}],"inLanguage":"fr-FR"},{"@type":"Organization","@id":"https:\/\/tiketi.com\/#organization","name":"Tiketi.com","alternateName":"Tiketi","url":"https:\/\/tiketi.com\/","logo":{"@type":"ImageObject","inLanguage":"fr-FR","@id":"https:\/\/tiketi.com\/#\/schema\/logo\/image\/","url":"https:\/\/tiketi.com\/wp-content\/uploads\/2019\/05\/tiketi-logo-696.png","contentUrl":"https:\/\/tiketi.com\/wp-content\/uploads\/2019\/05\/tiketi-logo-696.png","width":696,"height":696,"caption":"Tiketi.com"},"image":{"@id":"https:\/\/tiketi.com\/#\/schema\/logo\/image\/"},"sameAs":["https:\/\/www.facebook.com\/TiketiCom\/"]}]}},"_links":{"self":[{"href":"https:\/\/tiketi.com\/fr-fr\/wp-json\/wp\/v2\/pages\/10901","targetHints":{"allow":["GET"]}}],"collection":[{"href":"https:\/\/tiketi.com\/fr-fr\/wp-json\/wp\/v2\/pages"}],"about":[{"href":"https:\/\/tiketi.com\/fr-fr\/wp-json\/wp\/v2\/types\/page"}],"author":[{"embeddable":true,"href":"https:\/\/tiketi.com\/fr-fr\/wp-json\/wp\/v2\/users\/1"}],"replies":[{"embeddable":true,"href":"https:\/\/tiketi.com\/fr-fr\/wp-json\/wp\/v2\/comments?post=10901"}],"version-history":[{"count":0,"href":"https:\/\/tiketi.com\/fr-fr\/wp-json\/wp\/v2\/pages\/10901\/revisions"}],"wp:featuredmedia":[{"embeddable":true,"href":"https:\/\/tiketi.com\/fr-fr\/wp-json\/wp\/v2\/media\/13999"}],"wp:attachment":[{"href":"https:\/\/tiketi.com\/fr-fr\/wp-json\/wp\/v2\/media?parent=10901"}],"curies":[{"name":"wp","href":"https:\/\/api.w.org\/{rel}","templated":true}]}}