{"id":10902,"date":"2022-01-19T12:53:57","date_gmt":"2022-01-19T11:53:57","guid":{"rendered":"https:\/\/new.tiketi.com\/transline-nairobi-to-mombasa\/"},"modified":"2022-02-22T15:55:42","modified_gmt":"2022-02-22T14:55:42","slug":"transline-nairobi-to-mombasa","status":"publish","type":"page","link":"https:\/\/tiketi.com\/fr-fr\/transline-nairobi-to-mombasa\/","title":{"rendered":"Transligne de Nairobi \u00e0 Mombasa"},"content":{"rendered":"<h2>R\u00e9server des billets de bus Transline Mombasa \u00e0 Nairobi au Kenya<\/h2>\n<h3>R\u00e9servez vos billets de bus Transline Mombasa toNairobi en ligne d\u00e8s maintenant.<\/h3>\n<p>Transline Nairobi \u00e0 Mombasa r\u00e9servation Kenya facile. Cr\u00e9\u00e9e il y a quelques ann\u00e9es, la compagnie de bus Transline Coach compte plus de 50 bus. Son statut est d\u00fb \u00e0 ses d\u00e9placements confortables, fiables et s\u00fbrs vers divers endroits et \u00e0 d&#039;autres incitations telles que le Wi-Fi dans les autocars les plus r\u00e9cents. Faites la r\u00e9servation Transline Mombasa \u00e0 Nairobi et \u00e9conomisez de l&#039;argent et du temps.<\/p>\n<h2>FAQ sur la r\u00e9servation de Transline Nairobi \u00e0 Mombasa<\/h2>\n<p>Vous effectuez une r\u00e9servation en ligne Transline Mombasa \u00e0 Nairobi ou vous pouvez utiliser leur num\u00e9ro de t\u00e9l\u00e9phone pour faire pr\u00e9server votre autocar Transline \u00e0 tout moment. Le paiement peut \u00e9galement \u00eatre effectu\u00e9 via M-Pesa pour plus de facilit\u00e9.<\/p>\n<p>Les trajets en bus Transline sont l&#039;un des meilleurs correspondants \u00e0 d&#039;autres acteurs importants de l&#039;industrie. Leurs entra\u00eeneurs ont des si\u00e8ges r\u00e9glables relaxants, un syst\u00e8me de musique, suffisamment d&#039;espace pour les jambes et des s\u00e9ries t\u00e9l\u00e9vis\u00e9es.<\/p>\n<h3>\u200b\u2022 Utilisez le portail de r\u00e9servation Transline ci-dessus pour r\u00e9server vos billets de bus.<\/h3>","protected":false},"excerpt":{"rendered":"<p>Book Transline Mombasa to Nairobi Bus Tickets in Kenya Reserve cheap Transline Mombasa to Nairobi bus tickets online now. Transline Nairobi to Mombasa reservation Kenya made easy. Established some years back, the Transline Coach bus company has over 50 buses. Its status has been due to its comfortable, reliable, safe travel to various places and [&hellip;]<\/p>\n","protected":false},"author":1,"featured_media":13999,"parent":0,"menu_order":0,"comment_status":"open","ping_status":"closed","template":"template-home-modern.php","meta":{"footnotes":""},"class_list":["post-10902","page","type-page","status-publish","has-post-thumbnail","hentry"],"yoast_head":"<!-- This site is optimized with the Yoast SEO plugin v27.4 - https:\/\/yoast.com\/product\/yoast-seo-wordpress\/ -->\n<title>Transline Nairobi to Mombasa<\/title>\n<meta name=\"description\" content=\"Looking for Transline Nairobi to Mombasa Kenya route, app, fares and schedule timing? Make a Transline Nairobi to Mombasa internet reservation now\" \/>\n<meta name=\"robots\" content=\"index, follow, max-snippet:-1, max-image-preview:large, max-video-preview:-1\" \/>\n<link rel=\"canonical\" href=\"https:\/\/tiketi.com\/fr-fr\/transline-nairobi-to-mombasa\/\" \/>\n<meta property=\"og:locale\" content=\"fr_FR\" \/>\n<meta property=\"og:type\" content=\"article\" \/>\n<meta property=\"og:title\" content=\"Transline Nairobi to Mombasa\" \/>\n<meta property=\"og:description\" content=\"Looking for Transline Nairobi to Mombasa Kenya route, app, fares and schedule timing? Make a Transline Nairobi to Mombasa internet reservation now\" \/>\n<meta property=\"og:url\" content=\"https:\/\/tiketi.com\/fr-fr\/transline-nairobi-to-mombasa\/\" \/>\n<meta property=\"og:site_name\" content=\"Tiketi.com\" \/>\n<meta property=\"article:publisher\" content=\"https:\/\/www.facebook.com\/TiketiCom\/\" \/>\n<meta property=\"article:modified_time\" content=\"2022-02-22T14:55:42+00:00\" \/>\n<meta property=\"og:image\" content=\"https:\/\/tiketi.com\/wp-content\/uploads\/2022\/01\/bus-ticket-online-booking.jpg\" \/>\n\t<meta property=\"og:image:width\" content=\"1200\" \/>\n\t<meta property=\"og:image:height\" content=\"206\" \/>\n\t<meta property=\"og:image:type\" content=\"image\/jpeg\" \/>\n<meta name=\"twitter:card\" content=\"summary_large_image\" \/>\n<meta name=\"twitter:label1\" content=\"Dur\u00e9e de lecture estim\u00e9e\" \/>\n\t<meta name=\"twitter:data1\" content=\"1 minute\" \/>\n<script type=\"application\/ld+json\" class=\"yoast-schema-graph\">{\"@context\":\"https:\\\/\\\/schema.org\",\"@graph\":[{\"@type\":\"WebPage\",\"@id\":\"https:\\\/\\\/tiketi.com\\\/transline-nairobi-to-mombasa\\\/\",\"url\":\"https:\\\/\\\/tiketi.com\\\/transline-nairobi-to-mombasa\\\/\",\"name\":\"Transline Nairobi to Mombasa\",\"isPartOf\":{\"@id\":\"https:\\\/\\\/tiketi.com\\\/#website\"},\"primaryImageOfPage\":{\"@id\":\"https:\\\/\\\/tiketi.com\\\/transline-nairobi-to-mombasa\\\/#primaryimage\"},\"image\":{\"@id\":\"https:\\\/\\\/tiketi.com\\\/transline-nairobi-to-mombasa\\\/#primaryimage\"},\"thumbnailUrl\":\"https:\\\/\\\/tiketi.com\\\/wp-content\\\/uploads\\\/2022\\\/01\\\/bus-ticket-online-booking.jpg\",\"datePublished\":\"2022-01-19T11:53:57+00:00\",\"dateModified\":\"2022-02-22T14:55:42+00:00\",\"description\":\"Looking for Transline Nairobi to Mombasa Kenya route, app, fares and schedule timing? Make a Transline Nairobi to Mombasa internet reservation now\",\"breadcrumb\":{\"@id\":\"https:\\\/\\\/tiketi.com\\\/transline-nairobi-to-mombasa\\\/#breadcrumb\"},\"inLanguage\":\"fr-FR\",\"potentialAction\":[{\"@type\":\"ReadAction\",\"target\":[\"https:\\\/\\\/tiketi.com\\\/transline-nairobi-to-mombasa\\\/\"]}]},{\"@type\":\"ImageObject\",\"inLanguage\":\"fr-FR\",\"@id\":\"https:\\\/\\\/tiketi.com\\\/transline-nairobi-to-mombasa\\\/#primaryimage\",\"url\":\"https:\\\/\\\/tiketi.com\\\/wp-content\\\/uploads\\\/2022\\\/01\\\/bus-ticket-online-booking.jpg\",\"contentUrl\":\"https:\\\/\\\/tiketi.com\\\/wp-content\\\/uploads\\\/2022\\\/01\\\/bus-ticket-online-booking.jpg\",\"width\":1200,\"height\":206,\"caption\":\"Online Bus Ticket Booking\"},{\"@type\":\"BreadcrumbList\",\"@id\":\"https:\\\/\\\/tiketi.com\\\/transline-nairobi-to-mombasa\\\/#breadcrumb\",\"itemListElement\":[{\"@type\":\"ListItem\",\"position\":1,\"name\":\"Home\",\"item\":\"https:\\\/\\\/tiketi.com\\\/\"},{\"@type\":\"ListItem\",\"position\":2,\"name\":\"Transline Nairobi to Mombasa\"}]},{\"@type\":\"WebSite\",\"@id\":\"https:\\\/\\\/tiketi.com\\\/#website\",\"url\":\"https:\\\/\\\/tiketi.com\\\/\",\"name\":\"Flight & Bus Tickets, Tour Packages & Activitites - Tiketi.com\",\"description\":\"Flight &amp; Bus Tickets, Tours, Activitites\",\"publisher\":{\"@id\":\"https:\\\/\\\/tiketi.com\\\/#organization\"},\"potentialAction\":[{\"@type\":\"SearchAction\",\"target\":{\"@type\":\"EntryPoint\",\"urlTemplate\":\"https:\\\/\\\/tiketi.com\\\/?s={search_term_string}\"},\"query-input\":{\"@type\":\"PropertyValueSpecification\",\"valueRequired\":true,\"valueName\":\"search_term_string\"}}],\"inLanguage\":\"fr-FR\"},{\"@type\":\"Organization\",\"@id\":\"https:\\\/\\\/tiketi.com\\\/#organization\",\"name\":\"Tiketi.com\",\"alternateName\":\"Tiketi\",\"url\":\"https:\\\/\\\/tiketi.com\\\/\",\"logo\":{\"@type\":\"ImageObject\",\"inLanguage\":\"fr-FR\",\"@id\":\"https:\\\/\\\/tiketi.com\\\/#\\\/schema\\\/logo\\\/image\\\/\",\"url\":\"https:\\\/\\\/tiketi.com\\\/wp-content\\\/uploads\\\/2019\\\/05\\\/tiketi-logo-696.png\",\"contentUrl\":\"https:\\\/\\\/tiketi.com\\\/wp-content\\\/uploads\\\/2019\\\/05\\\/tiketi-logo-696.png\",\"width\":696,\"height\":696,\"caption\":\"Tiketi.com\"},\"image\":{\"@id\":\"https:\\\/\\\/tiketi.com\\\/#\\\/schema\\\/logo\\\/image\\\/\"},\"sameAs\":[\"https:\\\/\\\/www.facebook.com\\\/TiketiCom\\\/\"]}]}<\/script>\n<!-- \/ Yoast SEO plugin. -->","yoast_head_json":{"title":"Transligne de Nairobi \u00e0 Mombasa","description":"Vous recherchez un itin\u00e9raire Transline Nairobi \u00e0 Mombasa Kenya, une application, des tarifs et des horaires? Faites une r\u00e9servation Internet Transline Nairobi \u00e0 Mombasa maintenant","robots":{"index":"index","follow":"follow","max-snippet":"max-snippet:-1","max-image-preview":"max-image-preview:large","max-video-preview":"max-video-preview:-1"},"canonical":"https:\/\/tiketi.com\/fr-fr\/transline-nairobi-to-mombasa\/","og_locale":"fr_FR","og_type":"article","og_title":"Transline Nairobi to Mombasa","og_description":"Looking for Transline Nairobi to Mombasa Kenya route, app, fares and schedule timing? Make a Transline Nairobi to Mombasa internet reservation now","og_url":"https:\/\/tiketi.com\/fr-fr\/transline-nairobi-to-mombasa\/","og_site_name":"Tiketi.com","article_publisher":"https:\/\/www.facebook.com\/TiketiCom\/","article_modified_time":"2022-02-22T14:55:42+00:00","og_image":[{"width":1200,"height":206,"url":"https:\/\/tiketi.com\/wp-content\/uploads\/2022\/01\/bus-ticket-online-booking.jpg","type":"image\/jpeg"}],"twitter_card":"summary_large_image","twitter_misc":{"Dur\u00e9e de lecture estim\u00e9e":"1 minute"},"schema":{"@context":"https:\/\/schema.org","@graph":[{"@type":"WebPage","@id":"https:\/\/tiketi.com\/transline-nairobi-to-mombasa\/","url":"https:\/\/tiketi.com\/transline-nairobi-to-mombasa\/","name":"Transligne de Nairobi \u00e0 Mombasa","isPartOf":{"@id":"https:\/\/tiketi.com\/#website"},"primaryImageOfPage":{"@id":"https:\/\/tiketi.com\/transline-nairobi-to-mombasa\/#primaryimage"},"image":{"@id":"https:\/\/tiketi.com\/transline-nairobi-to-mombasa\/#primaryimage"},"thumbnailUrl":"https:\/\/tiketi.com\/wp-content\/uploads\/2022\/01\/bus-ticket-online-booking.jpg","datePublished":"2022-01-19T11:53:57+00:00","dateModified":"2022-02-22T14:55:42+00:00","description":"Vous recherchez un itin\u00e9raire Transline Nairobi \u00e0 Mombasa Kenya, une application, des tarifs et des horaires? Faites une r\u00e9servation Internet Transline Nairobi \u00e0 Mombasa maintenant","breadcrumb":{"@id":"https:\/\/tiketi.com\/transline-nairobi-to-mombasa\/#breadcrumb"},"inLanguage":"fr-FR","potentialAction":[{"@type":"ReadAction","target":["https:\/\/tiketi.com\/transline-nairobi-to-mombasa\/"]}]},{"@type":"ImageObject","inLanguage":"fr-FR","@id":"https:\/\/tiketi.com\/transline-nairobi-to-mombasa\/#primaryimage","url":"https:\/\/tiketi.com\/wp-content\/uploads\/2022\/01\/bus-ticket-online-booking.jpg","contentUrl":"https:\/\/tiketi.com\/wp-content\/uploads\/2022\/01\/bus-ticket-online-booking.jpg","width":1200,"height":206,"caption":"Online Bus Ticket Booking"},{"@type":"BreadcrumbList","@id":"https:\/\/tiketi.com\/transline-nairobi-to-mombasa\/#breadcrumb","itemListElement":[{"@type":"ListItem","position":1,"name":"Home","item":"https:\/\/tiketi.com\/"},{"@type":"ListItem","position":2,"name":"Transline Nairobi to Mombasa"}]},{"@type":"WebSite","@id":"https:\/\/tiketi.com\/#website","url":"https:\/\/tiketi.com\/","name":"Billets d&#039;avion et de bus, forfaits touristiques et activit\u00e9s - Tiketi.com","description":"Billets d&#039;avion et de bus, Tours, Activit\u00e9s","publisher":{"@id":"https:\/\/tiketi.com\/#organization"},"potentialAction":[{"@type":"SearchAction","target":{"@type":"EntryPoint","urlTemplate":"https:\/\/tiketi.com\/?s={search_term_string}"},"query-input":{"@type":"PropertyValueSpecification","valueRequired":true,"valueName":"search_term_string"}}],"inLanguage":"fr-FR"},{"@type":"Organization","@id":"https:\/\/tiketi.com\/#organization","name":"Tiketi.com","alternateName":"Tiketi","url":"https:\/\/tiketi.com\/","logo":{"@type":"ImageObject","inLanguage":"fr-FR","@id":"https:\/\/tiketi.com\/#\/schema\/logo\/image\/","url":"https:\/\/tiketi.com\/wp-content\/uploads\/2019\/05\/tiketi-logo-696.png","contentUrl":"https:\/\/tiketi.com\/wp-content\/uploads\/2019\/05\/tiketi-logo-696.png","width":696,"height":696,"caption":"Tiketi.com"},"image":{"@id":"https:\/\/tiketi.com\/#\/schema\/logo\/image\/"},"sameAs":["https:\/\/www.facebook.com\/TiketiCom\/"]}]}},"_links":{"self":[{"href":"https:\/\/tiketi.com\/fr-fr\/wp-json\/wp\/v2\/pages\/10902","targetHints":{"allow":["GET"]}}],"collection":[{"href":"https:\/\/tiketi.com\/fr-fr\/wp-json\/wp\/v2\/pages"}],"about":[{"href":"https:\/\/tiketi.com\/fr-fr\/wp-json\/wp\/v2\/types\/page"}],"author":[{"embeddable":true,"href":"https:\/\/tiketi.com\/fr-fr\/wp-json\/wp\/v2\/users\/1"}],"replies":[{"embeddable":true,"href":"https:\/\/tiketi.com\/fr-fr\/wp-json\/wp\/v2\/comments?post=10902"}],"version-history":[{"count":0,"href":"https:\/\/tiketi.com\/fr-fr\/wp-json\/wp\/v2\/pages\/10902\/revisions"}],"wp:featuredmedia":[{"embeddable":true,"href":"https:\/\/tiketi.com\/fr-fr\/wp-json\/wp\/v2\/media\/13999"}],"wp:attachment":[{"href":"https:\/\/tiketi.com\/fr-fr\/wp-json\/wp\/v2\/media?parent=10902"}],"curies":[{"name":"wp","href":"https:\/\/api.w.org\/{rel}","templated":true}]}}