{"id":10903,"date":"2022-01-19T12:53:57","date_gmt":"2022-01-19T11:53:57","guid":{"rendered":"https:\/\/new.tiketi.com\/buscar-nairobi-to-mombasa\/"},"modified":"2022-02-01T15:34:56","modified_gmt":"2022-02-01T14:34:56","slug":"buscar-nairobi-to-mombasa","status":"publish","type":"page","link":"https:\/\/tiketi.com\/fr-fr\/buscar-nairobi-to-mombasa\/","title":{"rendered":"Bus de Nairobi \u00e0 Mombasa"},"content":{"rendered":"<h2>R\u00e9servez des billets de bus de Buscar Nairobi \u00e0 Mombasa au Kenya<\/h2>\n<h3>D\u00e9couvrez votre itin\u00e9raire de voyage sur le web, le mobile ou l&#039;application et r\u00e9servez des billets de bus Buscar Nairobi \u00e0 Mombasa pas chers en ligne.<\/h3>\n<p>La r\u00e9servation de bus Buscar Nairobi \u00e0 Mombasa en toute simplicit\u00e9. BusCar est l&#039;une des grandes compagnies de bus au Kenya. Il s&#039;agit d&#039;un service de bus interurbain qui survit \u00e0 la ville de Nairobi avec d&#039;autres grandes villes et des villes du Kenya. La plupart de leurs bus sont des mod\u00e8les Scania avec des organismes locaux assembl\u00e9s au Kenya par Master Fabricator et offrant le service Buscar Nairobi \u00e0 Mombasa.<\/p>\n<h2>Buscar Nairobi \u00e0 Mombasa FAQ sur la r\u00e9servation de bus<\/h2>\n<p>Buscar Kenya est l&#039;industrie du transport de passagers depuis plus de 10 ans au service de ces grandes villes du Kenya. Ils ont un grand nombre de clients dans les villes de Mombasa et de Nairobi ainsi que dans d&#039;autres grandes villes comme Kitale, Busia et Malindi. Buscar East Africa limited a un expert pour vous servir chaque fois que vous choisissez de voyager avec des billets de bus Buscar.<\/p>\n<h3>Portail de r\u00e9servation en ligne de Buscar Nairobi \u00e0 Mombasa<\/h3>\n<p>\u2022 Visitez le portail de r\u00e9servation de bus Buscar Nairobi \u00e0 Mombasa.<\/p>\n<h3>Services de colis Buscar Mombasa<\/h3>\n<p>\u2022 Visitez le portail de suivi des services de colis Buscar Mombasa.<\/p>\n<h3>Contacts du bureau de r\u00e9servation Buscar \u00e0 Mombasa<\/h3>\n<p>Mwembe Tayari, Mombasa.<\/p>","protected":false},"excerpt":{"rendered":"<p>Book Buscar Nairobi to Mombasa Bus Tickets in Kenya Discover your travel route on web, mobile or app and book cheap Buscar Nairobi to Mombasa Bus tickets online. Buscar Nairobi to Mombasa bus reservation made easy. BusCar is one among the big bus company in Kenya. This is an intercity bus services surviving Nairobi city [&hellip;]<\/p>\n","protected":false},"author":1,"featured_media":13999,"parent":0,"menu_order":0,"comment_status":"open","ping_status":"closed","template":"template-home-modern.php","meta":{"footnotes":""},"class_list":["post-10903","page","type-page","status-publish","has-post-thumbnail","hentry"],"yoast_head":"<!-- This site is optimized with the Yoast SEO plugin v27.3 - https:\/\/yoast.com\/product\/yoast-seo-wordpress\/ -->\n<title>Buscar Nairobi to Mombasa<\/title>\n<meta name=\"description\" content=\"Looking for Buscar Nairobi to Mombasa Kenya route, app, fares and schedule timing? Make a Buscar Nairobi to Mombasa bus reservation online now\" \/>\n<meta name=\"robots\" content=\"index, follow, max-snippet:-1, max-image-preview:large, max-video-preview:-1\" \/>\n<link rel=\"canonical\" href=\"https:\/\/tiketi.com\/fr-fr\/buscar-nairobi-to-mombasa\/\" \/>\n<meta property=\"og:locale\" content=\"fr_FR\" \/>\n<meta property=\"og:type\" content=\"article\" \/>\n<meta property=\"og:title\" content=\"Buscar Nairobi to Mombasa\" \/>\n<meta property=\"og:description\" content=\"Looking for Buscar Nairobi to Mombasa Kenya route, app, fares and schedule timing? Make a Buscar Nairobi to Mombasa bus reservation online now\" \/>\n<meta property=\"og:url\" content=\"https:\/\/tiketi.com\/fr-fr\/buscar-nairobi-to-mombasa\/\" \/>\n<meta property=\"og:site_name\" content=\"Tiketi.com\" \/>\n<meta property=\"article:publisher\" content=\"https:\/\/www.facebook.com\/TiketiCom\/\" \/>\n<meta property=\"article:modified_time\" content=\"2022-02-01T14:34:56+00:00\" \/>\n<meta property=\"og:image\" content=\"https:\/\/tiketi.com\/wp-content\/uploads\/2022\/01\/bus-ticket-online-booking.jpg\" \/>\n\t<meta property=\"og:image:width\" content=\"1200\" \/>\n\t<meta property=\"og:image:height\" content=\"206\" \/>\n\t<meta property=\"og:image:type\" content=\"image\/jpeg\" \/>\n<meta name=\"twitter:card\" content=\"summary_large_image\" \/>\n<meta name=\"twitter:label1\" content=\"Dur\u00e9e de lecture estim\u00e9e\" \/>\n\t<meta name=\"twitter:data1\" content=\"1 minute\" \/>\n<script type=\"application\/ld+json\" class=\"yoast-schema-graph\">{\"@context\":\"https:\\\/\\\/schema.org\",\"@graph\":[{\"@type\":\"WebPage\",\"@id\":\"https:\\\/\\\/tiketi.com\\\/buscar-nairobi-to-mombasa\\\/\",\"url\":\"https:\\\/\\\/tiketi.com\\\/buscar-nairobi-to-mombasa\\\/\",\"name\":\"Buscar Nairobi to Mombasa\",\"isPartOf\":{\"@id\":\"https:\\\/\\\/tiketi.com\\\/#website\"},\"primaryImageOfPage\":{\"@id\":\"https:\\\/\\\/tiketi.com\\\/buscar-nairobi-to-mombasa\\\/#primaryimage\"},\"image\":{\"@id\":\"https:\\\/\\\/tiketi.com\\\/buscar-nairobi-to-mombasa\\\/#primaryimage\"},\"thumbnailUrl\":\"https:\\\/\\\/tiketi.com\\\/wp-content\\\/uploads\\\/2022\\\/01\\\/bus-ticket-online-booking.jpg\",\"datePublished\":\"2022-01-19T11:53:57+00:00\",\"dateModified\":\"2022-02-01T14:34:56+00:00\",\"description\":\"Looking for Buscar Nairobi to Mombasa Kenya route, app, fares and schedule timing? Make a Buscar Nairobi to Mombasa bus reservation online now\",\"breadcrumb\":{\"@id\":\"https:\\\/\\\/tiketi.com\\\/buscar-nairobi-to-mombasa\\\/#breadcrumb\"},\"inLanguage\":\"fr-FR\",\"potentialAction\":[{\"@type\":\"ReadAction\",\"target\":[\"https:\\\/\\\/tiketi.com\\\/buscar-nairobi-to-mombasa\\\/\"]}]},{\"@type\":\"ImageObject\",\"inLanguage\":\"fr-FR\",\"@id\":\"https:\\\/\\\/tiketi.com\\\/buscar-nairobi-to-mombasa\\\/#primaryimage\",\"url\":\"https:\\\/\\\/tiketi.com\\\/wp-content\\\/uploads\\\/2022\\\/01\\\/bus-ticket-online-booking.jpg\",\"contentUrl\":\"https:\\\/\\\/tiketi.com\\\/wp-content\\\/uploads\\\/2022\\\/01\\\/bus-ticket-online-booking.jpg\",\"width\":1200,\"height\":206,\"caption\":\"Online Bus Ticket Booking\"},{\"@type\":\"BreadcrumbList\",\"@id\":\"https:\\\/\\\/tiketi.com\\\/buscar-nairobi-to-mombasa\\\/#breadcrumb\",\"itemListElement\":[{\"@type\":\"ListItem\",\"position\":1,\"name\":\"Home\",\"item\":\"https:\\\/\\\/tiketi.com\\\/\"},{\"@type\":\"ListItem\",\"position\":2,\"name\":\"Buscar Nairobi to Mombasa\"}]},{\"@type\":\"WebSite\",\"@id\":\"https:\\\/\\\/tiketi.com\\\/#website\",\"url\":\"https:\\\/\\\/tiketi.com\\\/\",\"name\":\"Flight & Bus Tickets, Tour Packages & Activitites - Tiketi.com\",\"description\":\"Flight &amp; Bus Tickets, Tours, Activitites\",\"publisher\":{\"@id\":\"https:\\\/\\\/tiketi.com\\\/#organization\"},\"potentialAction\":[{\"@type\":\"SearchAction\",\"target\":{\"@type\":\"EntryPoint\",\"urlTemplate\":\"https:\\\/\\\/tiketi.com\\\/?s={search_term_string}\"},\"query-input\":{\"@type\":\"PropertyValueSpecification\",\"valueRequired\":true,\"valueName\":\"search_term_string\"}}],\"inLanguage\":\"fr-FR\"},{\"@type\":\"Organization\",\"@id\":\"https:\\\/\\\/tiketi.com\\\/#organization\",\"name\":\"Tiketi.com\",\"alternateName\":\"Tiketi\",\"url\":\"https:\\\/\\\/tiketi.com\\\/\",\"logo\":{\"@type\":\"ImageObject\",\"inLanguage\":\"fr-FR\",\"@id\":\"https:\\\/\\\/tiketi.com\\\/#\\\/schema\\\/logo\\\/image\\\/\",\"url\":\"https:\\\/\\\/tiketi.com\\\/wp-content\\\/uploads\\\/2019\\\/05\\\/tiketi-logo-696.png\",\"contentUrl\":\"https:\\\/\\\/tiketi.com\\\/wp-content\\\/uploads\\\/2019\\\/05\\\/tiketi-logo-696.png\",\"width\":696,\"height\":696,\"caption\":\"Tiketi.com\"},\"image\":{\"@id\":\"https:\\\/\\\/tiketi.com\\\/#\\\/schema\\\/logo\\\/image\\\/\"},\"sameAs\":[\"https:\\\/\\\/www.facebook.com\\\/TiketiCom\\\/\"]}]}<\/script>\n<!-- \/ Yoast SEO plugin. -->","yoast_head_json":{"title":"Bus de Nairobi \u00e0 Mombasa","description":"Vous recherchez l&#039;itin\u00e9raire Buscar Nairobi \u00e0 Mombasa Kenya, l&#039;application, les tarifs et les horaires? Faites une r\u00e9servation en ligne de bus Buscar Nairobi \u00e0 Mombasa","robots":{"index":"index","follow":"follow","max-snippet":"max-snippet:-1","max-image-preview":"max-image-preview:large","max-video-preview":"max-video-preview:-1"},"canonical":"https:\/\/tiketi.com\/fr-fr\/buscar-nairobi-to-mombasa\/","og_locale":"fr_FR","og_type":"article","og_title":"Buscar Nairobi to Mombasa","og_description":"Looking for Buscar Nairobi to Mombasa Kenya route, app, fares and schedule timing? Make a Buscar Nairobi to Mombasa bus reservation online now","og_url":"https:\/\/tiketi.com\/fr-fr\/buscar-nairobi-to-mombasa\/","og_site_name":"Tiketi.com","article_publisher":"https:\/\/www.facebook.com\/TiketiCom\/","article_modified_time":"2022-02-01T14:34:56+00:00","og_image":[{"width":1200,"height":206,"url":"https:\/\/tiketi.com\/wp-content\/uploads\/2022\/01\/bus-ticket-online-booking.jpg","type":"image\/jpeg"}],"twitter_card":"summary_large_image","twitter_misc":{"Dur\u00e9e de lecture estim\u00e9e":"1 minute"},"schema":{"@context":"https:\/\/schema.org","@graph":[{"@type":"WebPage","@id":"https:\/\/tiketi.com\/buscar-nairobi-to-mombasa\/","url":"https:\/\/tiketi.com\/buscar-nairobi-to-mombasa\/","name":"Bus de Nairobi \u00e0 Mombasa","isPartOf":{"@id":"https:\/\/tiketi.com\/#website"},"primaryImageOfPage":{"@id":"https:\/\/tiketi.com\/buscar-nairobi-to-mombasa\/#primaryimage"},"image":{"@id":"https:\/\/tiketi.com\/buscar-nairobi-to-mombasa\/#primaryimage"},"thumbnailUrl":"https:\/\/tiketi.com\/wp-content\/uploads\/2022\/01\/bus-ticket-online-booking.jpg","datePublished":"2022-01-19T11:53:57+00:00","dateModified":"2022-02-01T14:34:56+00:00","description":"Vous recherchez l&#039;itin\u00e9raire Buscar Nairobi \u00e0 Mombasa Kenya, l&#039;application, les tarifs et les horaires? Faites une r\u00e9servation en ligne de bus Buscar Nairobi \u00e0 Mombasa","breadcrumb":{"@id":"https:\/\/tiketi.com\/buscar-nairobi-to-mombasa\/#breadcrumb"},"inLanguage":"fr-FR","potentialAction":[{"@type":"ReadAction","target":["https:\/\/tiketi.com\/buscar-nairobi-to-mombasa\/"]}]},{"@type":"ImageObject","inLanguage":"fr-FR","@id":"https:\/\/tiketi.com\/buscar-nairobi-to-mombasa\/#primaryimage","url":"https:\/\/tiketi.com\/wp-content\/uploads\/2022\/01\/bus-ticket-online-booking.jpg","contentUrl":"https:\/\/tiketi.com\/wp-content\/uploads\/2022\/01\/bus-ticket-online-booking.jpg","width":1200,"height":206,"caption":"Online Bus Ticket Booking"},{"@type":"BreadcrumbList","@id":"https:\/\/tiketi.com\/buscar-nairobi-to-mombasa\/#breadcrumb","itemListElement":[{"@type":"ListItem","position":1,"name":"Home","item":"https:\/\/tiketi.com\/"},{"@type":"ListItem","position":2,"name":"Buscar Nairobi to Mombasa"}]},{"@type":"WebSite","@id":"https:\/\/tiketi.com\/#website","url":"https:\/\/tiketi.com\/","name":"Billets d&#039;avion et de bus, forfaits touristiques et activit\u00e9s - Tiketi.com","description":"Billets d&#039;avion et de bus, Tours, Activit\u00e9s","publisher":{"@id":"https:\/\/tiketi.com\/#organization"},"potentialAction":[{"@type":"SearchAction","target":{"@type":"EntryPoint","urlTemplate":"https:\/\/tiketi.com\/?s={search_term_string}"},"query-input":{"@type":"PropertyValueSpecification","valueRequired":true,"valueName":"search_term_string"}}],"inLanguage":"fr-FR"},{"@type":"Organization","@id":"https:\/\/tiketi.com\/#organization","name":"Tiketi.com","alternateName":"Tiketi","url":"https:\/\/tiketi.com\/","logo":{"@type":"ImageObject","inLanguage":"fr-FR","@id":"https:\/\/tiketi.com\/#\/schema\/logo\/image\/","url":"https:\/\/tiketi.com\/wp-content\/uploads\/2019\/05\/tiketi-logo-696.png","contentUrl":"https:\/\/tiketi.com\/wp-content\/uploads\/2019\/05\/tiketi-logo-696.png","width":696,"height":696,"caption":"Tiketi.com"},"image":{"@id":"https:\/\/tiketi.com\/#\/schema\/logo\/image\/"},"sameAs":["https:\/\/www.facebook.com\/TiketiCom\/"]}]}},"_links":{"self":[{"href":"https:\/\/tiketi.com\/fr-fr\/wp-json\/wp\/v2\/pages\/10903","targetHints":{"allow":["GET"]}}],"collection":[{"href":"https:\/\/tiketi.com\/fr-fr\/wp-json\/wp\/v2\/pages"}],"about":[{"href":"https:\/\/tiketi.com\/fr-fr\/wp-json\/wp\/v2\/types\/page"}],"author":[{"embeddable":true,"href":"https:\/\/tiketi.com\/fr-fr\/wp-json\/wp\/v2\/users\/1"}],"replies":[{"embeddable":true,"href":"https:\/\/tiketi.com\/fr-fr\/wp-json\/wp\/v2\/comments?post=10903"}],"version-history":[{"count":0,"href":"https:\/\/tiketi.com\/fr-fr\/wp-json\/wp\/v2\/pages\/10903\/revisions"}],"wp:featuredmedia":[{"embeddable":true,"href":"https:\/\/tiketi.com\/fr-fr\/wp-json\/wp\/v2\/media\/13999"}],"wp:attachment":[{"href":"https:\/\/tiketi.com\/fr-fr\/wp-json\/wp\/v2\/media?parent=10903"}],"curies":[{"name":"wp","href":"https:\/\/api.w.org\/{rel}","templated":true}]}}