{"id":10911,"date":"2022-01-19T12:53:59","date_gmt":"2022-01-19T11:53:59","guid":{"rendered":"https:\/\/new.tiketi.com\/how-to-get-data-plan-of-ttcl-tanzania-internet-bundles-packages\/"},"modified":"2023-06-27T12:56:08","modified_gmt":"2023-06-27T11:56:08","slug":"ttcl-tanzania","status":"publish","type":"page","link":"https:\/\/tiketi.com\/fr-fr\/bills-and-top-up\/internet-packages\/ttcl-tanzania\/","title":{"rendered":"Comment obtenir le plan de donn\u00e9es des forfaits \/ forfaits Internet TTCL Tanzanie"},"content":{"rendered":"<h2>Forfaits Internet TTCL Tanzanie, plan de donn\u00e9es, codes d&#039;abonnement et prix<\/h2>\n<p>Vous trouverez ci-dessous la liste de tous les forfaits Internet TTCL Tanzanie et les prix \/ forfaits Internet TTCL Tanzanie. TTCL pour l&#039;entreprise de t\u00e9l\u00e9communications tanzanienne Ltd. Est le fournisseur de t\u00e9l\u00e9phonie fixe appartenant \u00e0 l&#039;\u00c9tat dans le pays. TTCL a lanc\u00e9 son r\u00e9seau de donn\u00e9es mobiles 4G\/LTE en 2015 avec un package de d\u00e9ploiement de 5 ans pour couvrir toutes les zones et les routes principales du pays connu sous le nom de T-connect. Il a commenc\u00e9 \u00e0 Dar es Salaam sur 1800 Mhz FD-LTE et 2300 MHz TD-LTE.<br \/>\nEn 2016, ils ont annonc\u00e9 le d\u00e9ploiement de services LTE\/4G dans tout le pays d&#039;ici 2018, l&#039;op\u00e9rateur ayant l&#039;intention d&#039;acc\u00e9l\u00e9rer la couverture. Trouvez le prix des forfaits de donn\u00e9es TTCL Tanzanie bon march\u00e9:<\/p>\n<h2>Voici comment obtenir les forfaits Internet TTCL Tanzanie, les forfaits et les prix \/ les forfaits \/ forfaits de donn\u00e9es TTCL Tanzanie<\/h2>\n<h3><strong>Forfaits de donn\u00e9es et prix TTCL<\/strong><\/h3>\n<h3>Forfait de donn\u00e9es quotidiennes TTCL Tanzanie<\/h3>\n<p>1. Avec ce plan, TTCL vous fournit 10 Mo de donn\u00e9es pour seulement 300 Sh et sa validit\u00e9 est de vingt-quatre heures.<\/p>\n<h3>Forfait de donn\u00e9es quotidiennes TTCL Tanzanie<\/h3>\n<p>2. Avec ce plan, TTCL vous fournit 20 Mo de donn\u00e9es pour seulement 500 SH et sa validit\u00e9 est de vingt-quatre heures.<\/p>\n<h3>Forfait de donn\u00e9es quotidiennes TTCL Tanzanie<\/h3>\n<p>3. Avec ce plan, TTCL vous fournit 800 Mo de donn\u00e9es pour seulement 1000 SH et sa validit\u00e9 est de vingt-quatre heures.<\/p>\n<h3>Forfait de donn\u00e9es quotidiennes TTCL Tanzanie<\/h3>\n<p>4. Avec ce plan, TTCL vous fournit 200 Mo de donn\u00e9es pour seulement 500 Sh et sa validit\u00e9 est de vingt-quatre heures.<\/p>\n<h3>Forfait de donn\u00e9es quotidiennes TTCL Tanzanie<\/h3>\n<p>5. Avec ce plan, TTCL vous fournit 500 Mo de donn\u00e9es pour seulement 500 SH et sa validit\u00e9 est de vingt-quatre heures<\/p>\n<h2>Mode de souscription des forfaits data TTCL<\/h2>\n<p><strong>Par USSD<\/strong><\/p>\n<p>Composez *148*30# pour acheter des donn\u00e9es.<\/p>\n<p><strong>Via le site Web<\/strong><\/p>\n<p>Visitez https:\/\/www.ttcl.co.tz\/newsite\/home.asp pour acheter des donn\u00e9es.<\/p>\n<p>Comment obtenir le solde des donn\u00e9es TTCL.<\/p>\n<h2>Vitesse Internet TTCL<\/h2>\n<p><strong>Signal:<\/strong><br \/>\n<strong>Vitesse de pointe\u00a0:<\/strong><br \/>\n<strong>Vitesse moyenne de navigation sur Internet\u00a0:<\/strong><\/p>\n<p>Les informations sur les paquets de donn\u00e9es TTCL Tanzanie ci-dessus, les prix et les codes d&#039;abonnement sont valables selon notre derni\u00e8re mise \u00e0 jour 2020.<\/p>","protected":false},"excerpt":{"rendered":"<p>TTCL Tanzania\u00a0Internet Bundles, Dataplan, Subscription Codes and prices Below is the list of every TTCL Tanzania internet bundles and prices\u00a0\/ TTCL Tanzania internet packages. TTCL for Tanzania telecommunications firm Ltd. Is the state-owned monopoly landline provider in the country. TTCL released its 4G\/LTE mobile data network in 2015 with a 5 year rollout package to [&hellip;]<\/p>\n","protected":false},"author":1,"featured_media":19675,"parent":28323,"menu_order":0,"comment_status":"open","ping_status":"closed","template":"template-home-modern.php","meta":{"footnotes":""},"class_list":["post-10911","page","type-page","status-publish","has-post-thumbnail","hentry"],"yoast_head":"<!-- This site is optimized with the Yoast SEO plugin v27.3 - https:\/\/yoast.com\/product\/yoast-seo-wordpress\/ -->\n<title>How to get data plan of TTCL Tanzania internet bundles \/ packages<\/title>\n<meta name=\"description\" content=\"Are you looking for cheap dataplans of TTCL Tanzania data bundles, speed, subscription codes and prices? Here is how to get data plan of TTCL Tanzania internet bundles \/ packages\" \/>\n<meta name=\"robots\" content=\"index, follow, max-snippet:-1, max-image-preview:large, max-video-preview:-1\" \/>\n<link rel=\"canonical\" href=\"https:\/\/tiketi.com\/fr-fr\/bills-and-top-up\/internet-packages\/ttcl-tanzania\/\" \/>\n<meta property=\"og:locale\" content=\"fr_FR\" \/>\n<meta property=\"og:type\" content=\"article\" \/>\n<meta property=\"og:title\" content=\"How to get data plan of TTCL Tanzania internet bundles \/ packages\" \/>\n<meta property=\"og:description\" content=\"Are you looking for cheap dataplans of TTCL Tanzania data bundles, speed, subscription codes and prices? Here is how to get data plan of TTCL Tanzania internet bundles \/ packages\" \/>\n<meta property=\"og:url\" content=\"https:\/\/tiketi.com\/fr-fr\/bills-and-top-up\/internet-packages\/ttcl-tanzania\/\" \/>\n<meta property=\"og:site_name\" content=\"Tiketi.com\" \/>\n<meta property=\"article:publisher\" content=\"https:\/\/www.facebook.com\/TiketiCom\/\" \/>\n<meta property=\"article:modified_time\" content=\"2023-06-27T11:56:08+00:00\" \/>\n<meta property=\"og:image\" content=\"https:\/\/tiketi.com\/wp-content\/uploads\/2019\/05\/data-packages-2029825_1280.jpg\" \/>\n\t<meta property=\"og:image:width\" content=\"1200\" \/>\n\t<meta property=\"og:image:height\" content=\"200\" \/>\n\t<meta property=\"og:image:type\" content=\"image\/jpeg\" \/>\n<meta name=\"twitter:card\" content=\"summary_large_image\" \/>\n<meta name=\"twitter:label1\" content=\"Dur\u00e9e de lecture estim\u00e9e\" \/>\n\t<meta name=\"twitter:data1\" content=\"2 minutes\" \/>\n<script type=\"application\/ld+json\" class=\"yoast-schema-graph\">{\"@context\":\"https:\\\/\\\/schema.org\",\"@graph\":[{\"@type\":\"WebPage\",\"@id\":\"https:\\\/\\\/tiketi.com\\\/bills-and-top-up\\\/internet-packages\\\/ttcl-tanzania\\\/\",\"url\":\"https:\\\/\\\/tiketi.com\\\/bills-and-top-up\\\/internet-packages\\\/ttcl-tanzania\\\/\",\"name\":\"How to get data plan of TTCL Tanzania internet bundles \\\/ packages\",\"isPartOf\":{\"@id\":\"https:\\\/\\\/tiketi.com\\\/#website\"},\"primaryImageOfPage\":{\"@id\":\"https:\\\/\\\/tiketi.com\\\/bills-and-top-up\\\/internet-packages\\\/ttcl-tanzania\\\/#primaryimage\"},\"image\":{\"@id\":\"https:\\\/\\\/tiketi.com\\\/bills-and-top-up\\\/internet-packages\\\/ttcl-tanzania\\\/#primaryimage\"},\"thumbnailUrl\":\"https:\\\/\\\/tiketi.com\\\/wp-content\\\/uploads\\\/2019\\\/05\\\/data-packages-2029825_1280.jpg\",\"datePublished\":\"2022-01-19T11:53:59+00:00\",\"dateModified\":\"2023-06-27T11:56:08+00:00\",\"description\":\"Are you looking for cheap dataplans of TTCL Tanzania data bundles, speed, subscription codes and prices? Here is how to get data plan of TTCL Tanzania internet bundles \\\/ packages\",\"breadcrumb\":{\"@id\":\"https:\\\/\\\/tiketi.com\\\/bills-and-top-up\\\/internet-packages\\\/ttcl-tanzania\\\/#breadcrumb\"},\"inLanguage\":\"fr-FR\",\"potentialAction\":[{\"@type\":\"ReadAction\",\"target\":[\"https:\\\/\\\/tiketi.com\\\/bills-and-top-up\\\/internet-packages\\\/ttcl-tanzania\\\/\"]}]},{\"@type\":\"ImageObject\",\"inLanguage\":\"fr-FR\",\"@id\":\"https:\\\/\\\/tiketi.com\\\/bills-and-top-up\\\/internet-packages\\\/ttcl-tanzania\\\/#primaryimage\",\"url\":\"https:\\\/\\\/tiketi.com\\\/wp-content\\\/uploads\\\/2019\\\/05\\\/data-packages-2029825_1280.jpg\",\"contentUrl\":\"https:\\\/\\\/tiketi.com\\\/wp-content\\\/uploads\\\/2019\\\/05\\\/data-packages-2029825_1280.jpg\",\"width\":1200,\"height\":200,\"caption\":\"How to get Data Plan \\\/ Packages \\\/ Top Up\"},{\"@type\":\"BreadcrumbList\",\"@id\":\"https:\\\/\\\/tiketi.com\\\/bills-and-top-up\\\/internet-packages\\\/ttcl-tanzania\\\/#breadcrumb\",\"itemListElement\":[{\"@type\":\"ListItem\",\"position\":1,\"name\":\"Home\",\"item\":\"https:\\\/\\\/tiketi.com\\\/\"},{\"@type\":\"ListItem\",\"position\":2,\"name\":\"Bills And Top-Up\",\"item\":\"https:\\\/\\\/tiketi.com\\\/bills-and-top-up\\\/\"},{\"@type\":\"ListItem\",\"position\":3,\"name\":\"Internet Packages\",\"item\":\"https:\\\/\\\/tiketi.com\\\/bills-and-top-up\\\/internet-packages\\\/\"},{\"@type\":\"ListItem\",\"position\":4,\"name\":\"How to get data plan of TTCL Tanzania internet bundles \\\/ packages\"}]},{\"@type\":\"WebSite\",\"@id\":\"https:\\\/\\\/tiketi.com\\\/#website\",\"url\":\"https:\\\/\\\/tiketi.com\\\/\",\"name\":\"Flight & Bus Tickets, Tour Packages & Activitites - Tiketi.com\",\"description\":\"Flight &amp; Bus Tickets, Tours, Activitites\",\"publisher\":{\"@id\":\"https:\\\/\\\/tiketi.com\\\/#organization\"},\"potentialAction\":[{\"@type\":\"SearchAction\",\"target\":{\"@type\":\"EntryPoint\",\"urlTemplate\":\"https:\\\/\\\/tiketi.com\\\/?s={search_term_string}\"},\"query-input\":{\"@type\":\"PropertyValueSpecification\",\"valueRequired\":true,\"valueName\":\"search_term_string\"}}],\"inLanguage\":\"fr-FR\"},{\"@type\":\"Organization\",\"@id\":\"https:\\\/\\\/tiketi.com\\\/#organization\",\"name\":\"Tiketi.com\",\"alternateName\":\"Tiketi\",\"url\":\"https:\\\/\\\/tiketi.com\\\/\",\"logo\":{\"@type\":\"ImageObject\",\"inLanguage\":\"fr-FR\",\"@id\":\"https:\\\/\\\/tiketi.com\\\/#\\\/schema\\\/logo\\\/image\\\/\",\"url\":\"https:\\\/\\\/tiketi.com\\\/wp-content\\\/uploads\\\/2019\\\/05\\\/tiketi-logo-696.png\",\"contentUrl\":\"https:\\\/\\\/tiketi.com\\\/wp-content\\\/uploads\\\/2019\\\/05\\\/tiketi-logo-696.png\",\"width\":696,\"height\":696,\"caption\":\"Tiketi.com\"},\"image\":{\"@id\":\"https:\\\/\\\/tiketi.com\\\/#\\\/schema\\\/logo\\\/image\\\/\"},\"sameAs\":[\"https:\\\/\\\/www.facebook.com\\\/TiketiCom\\\/\"]}]}<\/script>\n<!-- \/ Yoast SEO plugin. -->","yoast_head_json":{"title":"Comment obtenir le plan de donn\u00e9es des forfaits \/ forfaits Internet TTCL Tanzanie","description":"\u00cates-vous \u00e0 la recherche de forfaits de donn\u00e9es bon march\u00e9 pour les forfaits de donn\u00e9es TTCL Tanzanie, la vitesse, les codes d&#039;abonnement et les prix\u00a0? Voici comment obtenir le plan de donn\u00e9es des forfaits \/ forfaits Internet TTCL Tanzanie","robots":{"index":"index","follow":"follow","max-snippet":"max-snippet:-1","max-image-preview":"max-image-preview:large","max-video-preview":"max-video-preview:-1"},"canonical":"https:\/\/tiketi.com\/fr-fr\/bills-and-top-up\/internet-packages\/ttcl-tanzania\/","og_locale":"fr_FR","og_type":"article","og_title":"How to get data plan of TTCL Tanzania internet bundles \/ packages","og_description":"Are you looking for cheap dataplans of TTCL Tanzania data bundles, speed, subscription codes and prices? Here is how to get data plan of TTCL Tanzania internet bundles \/ packages","og_url":"https:\/\/tiketi.com\/fr-fr\/bills-and-top-up\/internet-packages\/ttcl-tanzania\/","og_site_name":"Tiketi.com","article_publisher":"https:\/\/www.facebook.com\/TiketiCom\/","article_modified_time":"2023-06-27T11:56:08+00:00","og_image":[{"width":1200,"height":200,"url":"https:\/\/tiketi.com\/wp-content\/uploads\/2019\/05\/data-packages-2029825_1280.jpg","type":"image\/jpeg"}],"twitter_card":"summary_large_image","twitter_misc":{"Dur\u00e9e de lecture estim\u00e9e":"2 minutes"},"schema":{"@context":"https:\/\/schema.org","@graph":[{"@type":"WebPage","@id":"https:\/\/tiketi.com\/bills-and-top-up\/internet-packages\/ttcl-tanzania\/","url":"https:\/\/tiketi.com\/bills-and-top-up\/internet-packages\/ttcl-tanzania\/","name":"Comment obtenir le plan de donn\u00e9es des forfaits \/ forfaits Internet TTCL Tanzanie","isPartOf":{"@id":"https:\/\/tiketi.com\/#website"},"primaryImageOfPage":{"@id":"https:\/\/tiketi.com\/bills-and-top-up\/internet-packages\/ttcl-tanzania\/#primaryimage"},"image":{"@id":"https:\/\/tiketi.com\/bills-and-top-up\/internet-packages\/ttcl-tanzania\/#primaryimage"},"thumbnailUrl":"https:\/\/tiketi.com\/wp-content\/uploads\/2019\/05\/data-packages-2029825_1280.jpg","datePublished":"2022-01-19T11:53:59+00:00","dateModified":"2023-06-27T11:56:08+00:00","description":"\u00cates-vous \u00e0 la recherche de forfaits de donn\u00e9es bon march\u00e9 pour les forfaits de donn\u00e9es TTCL Tanzanie, la vitesse, les codes d&#039;abonnement et les prix\u00a0? Voici comment obtenir le plan de donn\u00e9es des forfaits \/ forfaits Internet TTCL Tanzanie","breadcrumb":{"@id":"https:\/\/tiketi.com\/bills-and-top-up\/internet-packages\/ttcl-tanzania\/#breadcrumb"},"inLanguage":"fr-FR","potentialAction":[{"@type":"ReadAction","target":["https:\/\/tiketi.com\/bills-and-top-up\/internet-packages\/ttcl-tanzania\/"]}]},{"@type":"ImageObject","inLanguage":"fr-FR","@id":"https:\/\/tiketi.com\/bills-and-top-up\/internet-packages\/ttcl-tanzania\/#primaryimage","url":"https:\/\/tiketi.com\/wp-content\/uploads\/2019\/05\/data-packages-2029825_1280.jpg","contentUrl":"https:\/\/tiketi.com\/wp-content\/uploads\/2019\/05\/data-packages-2029825_1280.jpg","width":1200,"height":200,"caption":"How to get Data Plan \/ Packages \/ Top Up"},{"@type":"BreadcrumbList","@id":"https:\/\/tiketi.com\/bills-and-top-up\/internet-packages\/ttcl-tanzania\/#breadcrumb","itemListElement":[{"@type":"ListItem","position":1,"name":"Home","item":"https:\/\/tiketi.com\/"},{"@type":"ListItem","position":2,"name":"Bills And Top-Up","item":"https:\/\/tiketi.com\/bills-and-top-up\/"},{"@type":"ListItem","position":3,"name":"Internet Packages","item":"https:\/\/tiketi.com\/bills-and-top-up\/internet-packages\/"},{"@type":"ListItem","position":4,"name":"How to get data plan of TTCL Tanzania internet bundles \/ packages"}]},{"@type":"WebSite","@id":"https:\/\/tiketi.com\/#website","url":"https:\/\/tiketi.com\/","name":"Billets d&#039;avion et de bus, forfaits touristiques et activit\u00e9s - Tiketi.com","description":"Billets d&#039;avion et de bus, Tours, Activit\u00e9s","publisher":{"@id":"https:\/\/tiketi.com\/#organization"},"potentialAction":[{"@type":"SearchAction","target":{"@type":"EntryPoint","urlTemplate":"https:\/\/tiketi.com\/?s={search_term_string}"},"query-input":{"@type":"PropertyValueSpecification","valueRequired":true,"valueName":"search_term_string"}}],"inLanguage":"fr-FR"},{"@type":"Organization","@id":"https:\/\/tiketi.com\/#organization","name":"Tiketi.com","alternateName":"Tiketi","url":"https:\/\/tiketi.com\/","logo":{"@type":"ImageObject","inLanguage":"fr-FR","@id":"https:\/\/tiketi.com\/#\/schema\/logo\/image\/","url":"https:\/\/tiketi.com\/wp-content\/uploads\/2019\/05\/tiketi-logo-696.png","contentUrl":"https:\/\/tiketi.com\/wp-content\/uploads\/2019\/05\/tiketi-logo-696.png","width":696,"height":696,"caption":"Tiketi.com"},"image":{"@id":"https:\/\/tiketi.com\/#\/schema\/logo\/image\/"},"sameAs":["https:\/\/www.facebook.com\/TiketiCom\/"]}]}},"_links":{"self":[{"href":"https:\/\/tiketi.com\/fr-fr\/wp-json\/wp\/v2\/pages\/10911","targetHints":{"allow":["GET"]}}],"collection":[{"href":"https:\/\/tiketi.com\/fr-fr\/wp-json\/wp\/v2\/pages"}],"about":[{"href":"https:\/\/tiketi.com\/fr-fr\/wp-json\/wp\/v2\/types\/page"}],"author":[{"embeddable":true,"href":"https:\/\/tiketi.com\/fr-fr\/wp-json\/wp\/v2\/users\/1"}],"replies":[{"embeddable":true,"href":"https:\/\/tiketi.com\/fr-fr\/wp-json\/wp\/v2\/comments?post=10911"}],"version-history":[{"count":0,"href":"https:\/\/tiketi.com\/fr-fr\/wp-json\/wp\/v2\/pages\/10911\/revisions"}],"up":[{"embeddable":true,"href":"https:\/\/tiketi.com\/fr-fr\/wp-json\/wp\/v2\/pages\/28323"}],"wp:featuredmedia":[{"embeddable":true,"href":"https:\/\/tiketi.com\/fr-fr\/wp-json\/wp\/v2\/media\/19675"}],"wp:attachment":[{"href":"https:\/\/tiketi.com\/fr-fr\/wp-json\/wp\/v2\/media?parent=10911"}],"curies":[{"name":"wp","href":"https:\/\/api.w.org\/{rel}","templated":true}]}}