{"id":10912,"date":"2022-01-19T12:53:59","date_gmt":"2022-01-19T11:53:59","guid":{"rendered":"https:\/\/new.tiketi.com\/how-to-get-data-plan-of-smile-internet-packages-tanzania-bundles\/"},"modified":"2022-07-14T13:02:06","modified_gmt":"2022-07-14T12:02:06","slug":"internet-mobile-smile-tanzania-data-plans-bundle","status":"publish","type":"page","link":"https:\/\/tiketi.com\/fr-fr\/internet-mobile-smile-tanzania-data-plans-bundle\/","title":{"rendered":"Comment obtenir le plan de donn\u00e9es des forfaits Internet Smile Tanzanie \/ forfaits"},"content":{"rendered":"<p><strong>Un d:\u00a0<\/strong><\/p>\n<p><strong><a href=\"https:\/\/fiymo.com\/register\" target=\"_blank\" rel=\"noopener\"><\/a><\/strong><\/p>\n<h2>Bundles de donn\u00e9es Smile Tanzanie, plan de donn\u00e9es, codes d&#039;abonnement et prix<\/h2>\n<p>Voici la liste de tous les plans de donn\u00e9es et prix de Smile Tanzanie \/ Forfaits Internet Smile Tanzanie. Smile by Smile communication Tanzania Ltd a d\u00e9marr\u00e9 ses activit\u00e9s commerciales en 2013. La soci\u00e9t\u00e9 est une filiale d&#039;un conglom\u00e9rat de t\u00e9l\u00e9communications sud-africain, qui poss\u00e8de \u00e9galement un r\u00e9seau au Nigeria, en Ouganda et en Afrique du Sud. Smile Tanzania a \u00e9t\u00e9 le principal op\u00e9rateur \u00e0 lancer des services commerciaux LTE\/4G en Tanzanie en utilisant la fr\u00e9quence 800 MHz. Trouvez ci-dessous le prix des forfaits de donn\u00e9es Smile Tanzanie pas chers\u00a0:<\/p>\n<p>Leur carte SIM est vendue dans leurs boutiques. Comme les gadgets 800 Mhz sont inhabituels pour l&#039;Afrique, ils vendent des hotspots WiFi portables \u00e0 149 000 TSH ou des routeurs \u00e0 320 000 TSH.<\/p>\n<h2>Voici comment obtenir les forfaits de donn\u00e9es, les plans et les prix de Smile Tanzanie \/ Forfaits Internet Smile Tanzanie<\/h2>\n<h3><strong>Plans de donn\u00e9es et prix de Smile Tanzanie<\/strong><\/h3>\n<h3>Plans de donn\u00e9es quotidiennes Smile Tanzanie\u00a0:<\/h3>\n<p>1. Avec ce plan, Smile vous fournit 1,5 g de donn\u00e9es pour seulement Sh2000 et sa validit\u00e9 est de vingt-quatre heures.<\/p>\n<h3>Plans de donn\u00e9es mensuels Smile Tanzanie\u00a0:<\/h3>\n<p>2. Avec ce plan, Smile vous fournit 1 Go de donn\u00e9es pour seulement 5000 Sh et sa validit\u00e9 est de trente jours.<\/p>\n<h3>Plans de donn\u00e9es mensuels Smile Tanzanie\u00a0:<\/h3>\n<p>3. Avec ce plan, Smile vous fournit 5 Go de donn\u00e9es pour seulement Sh25000 et sa validit\u00e9 est de trente jours.<\/p>\n<h3>Plans de donn\u00e9es mensuels Smile Tanzanie\u00a0:<\/h3>\n<p>4. Avec ce plan, Smile vous fournit 20 Go de donn\u00e9es pour seulement Sh5000 et sa validit\u00e9 est de trente jours.<\/p>\n<h2>Mode de souscription des forfaits data Smile<\/h2>\n<p><strong>Via le site Web<\/strong><\/p>\n<p>Visitez https:\/\/smile.co.tz\/ pour acheter des forfaits Internet Smile Tanzanie.<\/p>\n<h2>Sourire Vitesse Internet<\/h2>\n<p><strong>Signal<\/strong><br \/>\n<strong>Vitesse de pointe\u00a0:<\/strong><br \/>\n<strong>Vitesse moyenne de navigation sur Internet\u00a0:<\/strong><\/p>\n<p>Les informations sur les forfaits de donn\u00e9es Smile Tanzanie ci-dessus, les prix et les codes d&#039;abonnement sont valables selon notre derni\u00e8re mise \u00e0 jour 2020.<\/p>","protected":false},"excerpt":{"rendered":"<p>Ad:\u00a0 Smile Tanzania Data Bundles,\u00a0Data Plan, Subscription Codes and Prices Here is the list of every Smile Tanzania\u00a0data plans and prices\u00a0\/ Smile internet packages Tanzania. Smile by Smile communication Tanzania Ltd start commercial operations in 2013. The firm is a subsidiary a South African telecommunications conglomerate, who has network in Nigeria, Uganda and South Africa [&hellip;]<\/p>\n","protected":false},"author":1,"featured_media":19675,"parent":0,"menu_order":0,"comment_status":"open","ping_status":"closed","template":"template-home-modern.php","meta":{"footnotes":""},"class_list":["post-10912","page","type-page","status-publish","has-post-thumbnail","hentry"],"yoast_head":"<!-- This site is optimized with the Yoast SEO plugin v27.3 - https:\/\/yoast.com\/product\/yoast-seo-wordpress\/ -->\n<title>How to get data plan of Smile internet packages Tanzania \/ bundles<\/title>\n<meta name=\"description\" content=\"Are you looking for cheap dataplans of Smile Tanzania data bundles, speed, subscription codes and prices? Here is how to get data plan of Smile internet packages Tanzania \/ bundles\" \/>\n<meta name=\"robots\" content=\"index, follow, max-snippet:-1, max-image-preview:large, max-video-preview:-1\" \/>\n<link rel=\"canonical\" href=\"https:\/\/tiketi.com\/fr-fr\/internet-mobile-smile-tanzania-data-plans-bundle\/\" \/>\n<meta property=\"og:locale\" content=\"fr_FR\" \/>\n<meta property=\"og:type\" content=\"article\" \/>\n<meta property=\"og:title\" content=\"How to get data plan of Smile internet packages Tanzania \/ bundles\" \/>\n<meta property=\"og:description\" content=\"Are you looking for cheap dataplans of Smile Tanzania data bundles, speed, subscription codes and prices? Here is how to get data plan of Smile internet packages Tanzania \/ bundles\" \/>\n<meta property=\"og:url\" content=\"https:\/\/tiketi.com\/fr-fr\/internet-mobile-smile-tanzania-data-plans-bundle\/\" \/>\n<meta property=\"og:site_name\" content=\"Tiketi.com\" \/>\n<meta property=\"article:publisher\" content=\"https:\/\/www.facebook.com\/TiketiCom\/\" \/>\n<meta property=\"article:modified_time\" content=\"2022-07-14T12:02:06+00:00\" \/>\n<meta property=\"og:image\" content=\"https:\/\/tiketi.com\/wp-content\/uploads\/2019\/05\/data-packages-2029825_1280.jpg\" \/>\n\t<meta property=\"og:image:width\" content=\"1200\" \/>\n\t<meta property=\"og:image:height\" content=\"200\" \/>\n\t<meta property=\"og:image:type\" content=\"image\/jpeg\" \/>\n<meta name=\"twitter:card\" content=\"summary_large_image\" \/>\n<meta name=\"twitter:label1\" content=\"Dur\u00e9e de lecture estim\u00e9e\" \/>\n\t<meta name=\"twitter:data1\" content=\"2 minutes\" \/>\n<script type=\"application\/ld+json\" class=\"yoast-schema-graph\">{\"@context\":\"https:\\\/\\\/schema.org\",\"@graph\":[{\"@type\":\"WebPage\",\"@id\":\"https:\\\/\\\/tiketi.com\\\/internet-mobile-smile-tanzania-data-plans-bundle\\\/\",\"url\":\"https:\\\/\\\/tiketi.com\\\/internet-mobile-smile-tanzania-data-plans-bundle\\\/\",\"name\":\"How to get data plan of Smile internet packages Tanzania \\\/ bundles\",\"isPartOf\":{\"@id\":\"https:\\\/\\\/tiketi.com\\\/#website\"},\"primaryImageOfPage\":{\"@id\":\"https:\\\/\\\/tiketi.com\\\/internet-mobile-smile-tanzania-data-plans-bundle\\\/#primaryimage\"},\"image\":{\"@id\":\"https:\\\/\\\/tiketi.com\\\/internet-mobile-smile-tanzania-data-plans-bundle\\\/#primaryimage\"},\"thumbnailUrl\":\"https:\\\/\\\/tiketi.com\\\/wp-content\\\/uploads\\\/2019\\\/05\\\/data-packages-2029825_1280.jpg\",\"datePublished\":\"2022-01-19T11:53:59+00:00\",\"dateModified\":\"2022-07-14T12:02:06+00:00\",\"description\":\"Are you looking for cheap dataplans of Smile Tanzania data bundles, speed, subscription codes and prices? Here is how to get data plan of Smile internet packages Tanzania \\\/ bundles\",\"breadcrumb\":{\"@id\":\"https:\\\/\\\/tiketi.com\\\/internet-mobile-smile-tanzania-data-plans-bundle\\\/#breadcrumb\"},\"inLanguage\":\"fr-FR\",\"potentialAction\":[{\"@type\":\"ReadAction\",\"target\":[\"https:\\\/\\\/tiketi.com\\\/internet-mobile-smile-tanzania-data-plans-bundle\\\/\"]}]},{\"@type\":\"ImageObject\",\"inLanguage\":\"fr-FR\",\"@id\":\"https:\\\/\\\/tiketi.com\\\/internet-mobile-smile-tanzania-data-plans-bundle\\\/#primaryimage\",\"url\":\"https:\\\/\\\/tiketi.com\\\/wp-content\\\/uploads\\\/2019\\\/05\\\/data-packages-2029825_1280.jpg\",\"contentUrl\":\"https:\\\/\\\/tiketi.com\\\/wp-content\\\/uploads\\\/2019\\\/05\\\/data-packages-2029825_1280.jpg\",\"width\":1200,\"height\":200,\"caption\":\"How to get Data Plan \\\/ Packages \\\/ Top Up\"},{\"@type\":\"BreadcrumbList\",\"@id\":\"https:\\\/\\\/tiketi.com\\\/internet-mobile-smile-tanzania-data-plans-bundle\\\/#breadcrumb\",\"itemListElement\":[{\"@type\":\"ListItem\",\"position\":1,\"name\":\"Home\",\"item\":\"https:\\\/\\\/tiketi.com\\\/\"},{\"@type\":\"ListItem\",\"position\":2,\"name\":\"How to get data plan of Smile internet packages Tanzania \\\/ bundles\"}]},{\"@type\":\"WebSite\",\"@id\":\"https:\\\/\\\/tiketi.com\\\/#website\",\"url\":\"https:\\\/\\\/tiketi.com\\\/\",\"name\":\"Flight & Bus Tickets, Tour Packages & Activitites - Tiketi.com\",\"description\":\"Flight &amp; Bus Tickets, Tours, Activitites\",\"publisher\":{\"@id\":\"https:\\\/\\\/tiketi.com\\\/#organization\"},\"potentialAction\":[{\"@type\":\"SearchAction\",\"target\":{\"@type\":\"EntryPoint\",\"urlTemplate\":\"https:\\\/\\\/tiketi.com\\\/?s={search_term_string}\"},\"query-input\":{\"@type\":\"PropertyValueSpecification\",\"valueRequired\":true,\"valueName\":\"search_term_string\"}}],\"inLanguage\":\"fr-FR\"},{\"@type\":\"Organization\",\"@id\":\"https:\\\/\\\/tiketi.com\\\/#organization\",\"name\":\"Tiketi.com\",\"alternateName\":\"Tiketi\",\"url\":\"https:\\\/\\\/tiketi.com\\\/\",\"logo\":{\"@type\":\"ImageObject\",\"inLanguage\":\"fr-FR\",\"@id\":\"https:\\\/\\\/tiketi.com\\\/#\\\/schema\\\/logo\\\/image\\\/\",\"url\":\"https:\\\/\\\/tiketi.com\\\/wp-content\\\/uploads\\\/2019\\\/05\\\/tiketi-logo-696.png\",\"contentUrl\":\"https:\\\/\\\/tiketi.com\\\/wp-content\\\/uploads\\\/2019\\\/05\\\/tiketi-logo-696.png\",\"width\":696,\"height\":696,\"caption\":\"Tiketi.com\"},\"image\":{\"@id\":\"https:\\\/\\\/tiketi.com\\\/#\\\/schema\\\/logo\\\/image\\\/\"},\"sameAs\":[\"https:\\\/\\\/www.facebook.com\\\/TiketiCom\\\/\"]}]}<\/script>\n<!-- \/ Yoast SEO plugin. -->","yoast_head_json":{"title":"Comment obtenir le plan de donn\u00e9es des forfaits Internet Smile Tanzanie \/ forfaits","description":"\u00cates-vous \u00e0 la recherche de forfaits de donn\u00e9es bon march\u00e9 pour les forfaits de donn\u00e9es Smile Tanzanie, la vitesse, les codes d&#039;abonnement et les prix\u00a0? Voici comment obtenir le plan de donn\u00e9es des forfaits Internet Smile Tanzanie \/ forfaits","robots":{"index":"index","follow":"follow","max-snippet":"max-snippet:-1","max-image-preview":"max-image-preview:large","max-video-preview":"max-video-preview:-1"},"canonical":"https:\/\/tiketi.com\/fr-fr\/internet-mobile-smile-tanzania-data-plans-bundle\/","og_locale":"fr_FR","og_type":"article","og_title":"How to get data plan of Smile internet packages Tanzania \/ bundles","og_description":"Are you looking for cheap dataplans of Smile Tanzania data bundles, speed, subscription codes and prices? Here is how to get data plan of Smile internet packages Tanzania \/ bundles","og_url":"https:\/\/tiketi.com\/fr-fr\/internet-mobile-smile-tanzania-data-plans-bundle\/","og_site_name":"Tiketi.com","article_publisher":"https:\/\/www.facebook.com\/TiketiCom\/","article_modified_time":"2022-07-14T12:02:06+00:00","og_image":[{"width":1200,"height":200,"url":"https:\/\/tiketi.com\/wp-content\/uploads\/2019\/05\/data-packages-2029825_1280.jpg","type":"image\/jpeg"}],"twitter_card":"summary_large_image","twitter_misc":{"Dur\u00e9e de lecture estim\u00e9e":"2 minutes"},"schema":{"@context":"https:\/\/schema.org","@graph":[{"@type":"WebPage","@id":"https:\/\/tiketi.com\/internet-mobile-smile-tanzania-data-plans-bundle\/","url":"https:\/\/tiketi.com\/internet-mobile-smile-tanzania-data-plans-bundle\/","name":"Comment obtenir le plan de donn\u00e9es des forfaits Internet Smile Tanzanie \/ forfaits","isPartOf":{"@id":"https:\/\/tiketi.com\/#website"},"primaryImageOfPage":{"@id":"https:\/\/tiketi.com\/internet-mobile-smile-tanzania-data-plans-bundle\/#primaryimage"},"image":{"@id":"https:\/\/tiketi.com\/internet-mobile-smile-tanzania-data-plans-bundle\/#primaryimage"},"thumbnailUrl":"https:\/\/tiketi.com\/wp-content\/uploads\/2019\/05\/data-packages-2029825_1280.jpg","datePublished":"2022-01-19T11:53:59+00:00","dateModified":"2022-07-14T12:02:06+00:00","description":"\u00cates-vous \u00e0 la recherche de forfaits de donn\u00e9es bon march\u00e9 pour les forfaits de donn\u00e9es Smile Tanzanie, la vitesse, les codes d&#039;abonnement et les prix\u00a0? Voici comment obtenir le plan de donn\u00e9es des forfaits Internet Smile Tanzanie \/ forfaits","breadcrumb":{"@id":"https:\/\/tiketi.com\/internet-mobile-smile-tanzania-data-plans-bundle\/#breadcrumb"},"inLanguage":"fr-FR","potentialAction":[{"@type":"ReadAction","target":["https:\/\/tiketi.com\/internet-mobile-smile-tanzania-data-plans-bundle\/"]}]},{"@type":"ImageObject","inLanguage":"fr-FR","@id":"https:\/\/tiketi.com\/internet-mobile-smile-tanzania-data-plans-bundle\/#primaryimage","url":"https:\/\/tiketi.com\/wp-content\/uploads\/2019\/05\/data-packages-2029825_1280.jpg","contentUrl":"https:\/\/tiketi.com\/wp-content\/uploads\/2019\/05\/data-packages-2029825_1280.jpg","width":1200,"height":200,"caption":"How to get Data Plan \/ Packages \/ Top Up"},{"@type":"BreadcrumbList","@id":"https:\/\/tiketi.com\/internet-mobile-smile-tanzania-data-plans-bundle\/#breadcrumb","itemListElement":[{"@type":"ListItem","position":1,"name":"Home","item":"https:\/\/tiketi.com\/"},{"@type":"ListItem","position":2,"name":"How to get data plan of Smile internet packages Tanzania \/ bundles"}]},{"@type":"WebSite","@id":"https:\/\/tiketi.com\/#website","url":"https:\/\/tiketi.com\/","name":"Billets d&#039;avion et de bus, forfaits touristiques et activit\u00e9s - Tiketi.com","description":"Billets d&#039;avion et de bus, Tours, Activit\u00e9s","publisher":{"@id":"https:\/\/tiketi.com\/#organization"},"potentialAction":[{"@type":"SearchAction","target":{"@type":"EntryPoint","urlTemplate":"https:\/\/tiketi.com\/?s={search_term_string}"},"query-input":{"@type":"PropertyValueSpecification","valueRequired":true,"valueName":"search_term_string"}}],"inLanguage":"fr-FR"},{"@type":"Organization","@id":"https:\/\/tiketi.com\/#organization","name":"Tiketi.com","alternateName":"Tiketi","url":"https:\/\/tiketi.com\/","logo":{"@type":"ImageObject","inLanguage":"fr-FR","@id":"https:\/\/tiketi.com\/#\/schema\/logo\/image\/","url":"https:\/\/tiketi.com\/wp-content\/uploads\/2019\/05\/tiketi-logo-696.png","contentUrl":"https:\/\/tiketi.com\/wp-content\/uploads\/2019\/05\/tiketi-logo-696.png","width":696,"height":696,"caption":"Tiketi.com"},"image":{"@id":"https:\/\/tiketi.com\/#\/schema\/logo\/image\/"},"sameAs":["https:\/\/www.facebook.com\/TiketiCom\/"]}]}},"_links":{"self":[{"href":"https:\/\/tiketi.com\/fr-fr\/wp-json\/wp\/v2\/pages\/10912","targetHints":{"allow":["GET"]}}],"collection":[{"href":"https:\/\/tiketi.com\/fr-fr\/wp-json\/wp\/v2\/pages"}],"about":[{"href":"https:\/\/tiketi.com\/fr-fr\/wp-json\/wp\/v2\/types\/page"}],"author":[{"embeddable":true,"href":"https:\/\/tiketi.com\/fr-fr\/wp-json\/wp\/v2\/users\/1"}],"replies":[{"embeddable":true,"href":"https:\/\/tiketi.com\/fr-fr\/wp-json\/wp\/v2\/comments?post=10912"}],"version-history":[{"count":0,"href":"https:\/\/tiketi.com\/fr-fr\/wp-json\/wp\/v2\/pages\/10912\/revisions"}],"wp:featuredmedia":[{"embeddable":true,"href":"https:\/\/tiketi.com\/fr-fr\/wp-json\/wp\/v2\/media\/19675"}],"wp:attachment":[{"href":"https:\/\/tiketi.com\/fr-fr\/wp-json\/wp\/v2\/media?parent=10912"}],"curies":[{"name":"wp","href":"https:\/\/api.w.org\/{rel}","templated":true}]}}