{"id":10913,"date":"2022-01-19T12:53:59","date_gmt":"2022-01-19T11:53:59","guid":{"rendered":"https:\/\/new.tiketi.com\/how-to-get-data-plan-of-zantel-internet-packages-tanzania-bundles\/"},"modified":"2023-06-27T13:12:13","modified_gmt":"2023-06-27T12:12:13","slug":"zantel-tanzania","status":"publish","type":"page","link":"https:\/\/tiketi.com\/fr-fr\/bills-and-top-up\/internet-packages\/zantel-tanzania\/","title":{"rendered":"Comment obtenir le plan de donn\u00e9es de Zantel Internet Packages Tanzanie \/ Bundles"},"content":{"rendered":"<h2>Zantel Data Bundles Tanzanie \/ Bundles, forfait de donn\u00e9es, codes d&#039;abonnement et prix<\/h2>\n<p>Vous trouverez ci-dessous la liste des forfaits de donn\u00e9es Zantel, des plans de donn\u00e9es et des prix \/ Forfaits Internet Zantel Tanzanie. Zantel \u00e9tait le fournisseur national sur l&#039;\u00eele de Zanzibar. C&#039;est pourquoi il a une meilleure couverture l\u00e0-bas, mais n&#039;avait presque aucune couverture sur le continent. Il appartenait principalement \u00e0 Etisalad, propri\u00e9t\u00e9 des \u00c9mirats arabes unis, mais a \u00e9t\u00e9 vendu en 2015 \u00e0 millcom. Trouvez des forfaits de donn\u00e9es et des prix Zantel \u00e0 bas prix\u00a0:<\/p>\n<p>Leur carte SIM est accessible \u00e0 l&#039;a\u00e9roport de Zanzibar et dans de nombreux points de vente sur l&#039;\u00eele et dans la capitale pour 1000 TSH dont un cr\u00e9dit de cinq cents TSH.<\/p>\n<h2>Voici comment obtenir des forfaits de donn\u00e9es, des plans et des prix Zantel \/ Forfaits Internet Zantel Tanzanie<\/h2>\n<h3>Forfaits de donn\u00e9es et prix Zantel<\/h3>\n<p>Ils fournissent ces plans pour les donn\u00e9es sur la 3G.<\/p>\n<table border=\"0\" cellspacing=\"1\" cellpadding=\"0\">\n<tbody>\n<tr>\n<td>\n<h3><strong>Ensembles de donn\u00e9es Zantel\u00a0<\/strong><\/h3>\n<\/td>\n<td>\n<h3><strong>Volume\u00a0 \u00a0 \u00a0 \u00a0 \u00a0 \u00a0\u00a0<\/strong><\/h3>\n<\/td>\n<td>\n<h3><strong>Prix <\/strong><\/h3>\n<\/td>\n<\/tr>\n<tr>\n<td rowspan=\"4\">\n<h3>Forfaits de donn\u00e9es quotidiens Zantel\u00a0: 24\u00a0heures<\/h3>\n<\/td>\n<td>\n<h3>75 Mo<\/h3>\n<\/td>\n<td>\n<h3>TSH 300<\/h3>\n<\/td>\n<\/tr>\n<tr>\n<td>\n<h3>250 Mo<\/h3>\n<\/td>\n<td>\n<h3>TSH 500<\/h3>\n<\/td>\n<\/tr>\n<tr>\n<td>\n<h3>600 Mo<\/h3>\n<\/td>\n<td>\n<h3>TSH 1 000<\/h3>\n<\/td>\n<\/tr>\n<tr>\n<td>\n<h3>1,5 Go<\/h3>\n<\/td>\n<td>\n<h3>TSH 2 000<\/h3>\n<\/td>\n<\/tr>\n<tr>\n<td rowspan=\"4\">\n<h3>Forfaits de donn\u00e9es hebdomadaires Zantel\u00a0: 7\u00a0jours<\/h3>\n<\/td>\n<td>\n<h3>700 Mo<\/h3>\n<\/td>\n<td>\n<h3>TSH 3 000<\/h3>\n<\/td>\n<\/tr>\n<tr>\n<td>\n<h3>1,2 Go<\/h3>\n<\/td>\n<td>\n<h3>TSH 5 000<\/h3>\n<\/td>\n<\/tr>\n<tr>\n<td>\n<h3>3 Go<\/h3>\n<\/td>\n<td>\n<h3>TSH 8 000<\/h3>\n<\/td>\n<\/tr>\n<tr>\n<td>\n<h3>12 Go<\/h3>\n<\/td>\n<td>\n<h3>TSH 12 000<\/h3>\n<\/td>\n<\/tr>\n<tr>\n<td rowspan=\"4\">\n<h3>Forfaits de donn\u00e9es mensuels Zantel\u00a0: 30\u00a0jours<\/h3>\n<\/td>\n<td>\n<h3>1,5 Go<\/h3>\n<\/td>\n<td>\n<h3>TSH 10 000<\/h3>\n<\/td>\n<\/tr>\n<tr>\n<td>\n<h3>3 Go<\/h3>\n<\/td>\n<td>\n<h3>TSH 15 000<\/h3>\n<\/td>\n<\/tr>\n<tr>\n<td>\n<h3>7 Go<\/h3>\n<\/td>\n<td>\n<h3>TSH 25 000<\/h3>\n<\/td>\n<\/tr>\n<tr>\n<td>\n<h3>14 Go<\/h3>\n<\/td>\n<td>\n<h3>TSH 35 000<\/h3>\n<\/td>\n<\/tr>\n<tr>\n<td>\n<h3>Plans de donn\u00e9es nocturnes Zantel\u00a0: pack de nuit<\/h3>\n<\/td>\n<td>\n<h3>8 Go<\/h3>\n<\/td>\n<td>\n<h3>TSH 1 500<\/h3>\n<\/td>\n<\/tr>\n<\/tbody>\n<\/table>\n<h2><\/h2>\n<h2>Mode de Souscription des forfaits data Zantel<\/h2>\n<p><strong>Par USSD<\/strong><\/p>\n<p>Composez *149*15# pour acheter des donn\u00e9es.<\/p>\n<p><strong>Via l&#039;application<\/strong><\/p>\n<p>T\u00e9l\u00e9chargez l&#039;application Tanzanie ezypesa sur Google Play pour acheter des donn\u00e9es.<\/p>\n<p><strong>Via le site Web<\/strong><\/p>\n<p>Visitez http:\/\/www.zantel.co.tz\/ pour acheter des donn\u00e9es.<\/p>\n<h3>Comment obtenir le solde de donn\u00e9es ZANTEL<\/h3>\n<p><strong>Par SMS<\/strong><\/p>\n<p><strong>Par USSD<\/strong><\/p>\n<p><strong>Via le site Web<\/strong><\/p>\n<p><strong>Via l&#039;application<\/strong><\/p>\n<p>T\u00e9l\u00e9chargez l&#039;application Tanzanie Zantel sur Google Play pour v\u00e9rifier vos plans de donn\u00e9es Zantel.<\/p>\n<h2>Vitesse Internet Zantel<\/h2>\n<p><strong>Signal<\/strong><br \/>\n<strong>Vitesse de pointe\u00a0:<\/strong><br \/>\n<strong>Vitesse moyenne de navigation sur Internet\u00a0:<\/strong><\/p>\n<p>Les informations sur les packages de donn\u00e9es Zantel ci-dessus, les prix et les codes d&#039;abonnement sont valables selon notre derni\u00e8re mise \u00e0 jour 2020.<\/p>","protected":false},"excerpt":{"rendered":"<p>Zantel Data Bundles\u00a0Tanzania \/ Bundles,\u00a0Data Plan, Subscription Codes and prices Below is the list of Zantel data bundles, data plans and prices \/ Zantel internet packages Tanzania. Zantel used to be the domestic provider on the island of Zanzibar. That is why it has a best coverage there, but had almost no coverage on the [&hellip;]<\/p>\n","protected":false},"author":1,"featured_media":19675,"parent":28323,"menu_order":0,"comment_status":"open","ping_status":"closed","template":"template-home-modern.php","meta":{"footnotes":""},"class_list":["post-10913","page","type-page","status-publish","has-post-thumbnail","hentry"],"yoast_head":"<!-- This site is optimized with the Yoast SEO plugin v27.3 - https:\/\/yoast.com\/product\/yoast-seo-wordpress\/ -->\n<title>How to get data plan of Zantel Internet Packages Tanzania \/ Bundles<\/title>\n<meta name=\"description\" content=\"Are you looking for cheap data plans of Zantel data bundles, speed, subscription codes and prices? Here is how to get data plan of Zantel internet packages in Tanzania\" \/>\n<meta name=\"robots\" content=\"index, follow, max-snippet:-1, max-image-preview:large, max-video-preview:-1\" \/>\n<link rel=\"canonical\" href=\"https:\/\/tiketi.com\/fr-fr\/bills-and-top-up\/internet-packages\/zantel-tanzania\/\" \/>\n<meta property=\"og:locale\" content=\"fr_FR\" \/>\n<meta property=\"og:type\" content=\"article\" \/>\n<meta property=\"og:title\" content=\"How to get data plan of Zantel Internet Packages Tanzania \/ Bundles\" \/>\n<meta property=\"og:description\" content=\"Are you looking for cheap data plans of Zantel data bundles, speed, subscription codes and prices? Here is how to get data plan of Zantel internet packages in Tanzania\" \/>\n<meta property=\"og:url\" content=\"https:\/\/tiketi.com\/fr-fr\/bills-and-top-up\/internet-packages\/zantel-tanzania\/\" \/>\n<meta property=\"og:site_name\" content=\"Tiketi.com\" \/>\n<meta property=\"article:publisher\" content=\"https:\/\/www.facebook.com\/TiketiCom\/\" \/>\n<meta property=\"article:modified_time\" content=\"2023-06-27T12:12:13+00:00\" \/>\n<meta property=\"og:image\" content=\"https:\/\/tiketi.com\/wp-content\/uploads\/2019\/05\/data-packages-2029825_1280.jpg\" \/>\n\t<meta property=\"og:image:width\" content=\"1200\" \/>\n\t<meta property=\"og:image:height\" content=\"200\" \/>\n\t<meta property=\"og:image:type\" content=\"image\/jpeg\" \/>\n<meta name=\"twitter:card\" content=\"summary_large_image\" \/>\n<meta name=\"twitter:label1\" content=\"Dur\u00e9e de lecture estim\u00e9e\" \/>\n\t<meta name=\"twitter:data1\" content=\"2 minutes\" \/>\n<script type=\"application\/ld+json\" class=\"yoast-schema-graph\">{\"@context\":\"https:\\\/\\\/schema.org\",\"@graph\":[{\"@type\":\"WebPage\",\"@id\":\"https:\\\/\\\/tiketi.com\\\/bills-and-top-up\\\/internet-packages\\\/zantel-tanzania\\\/\",\"url\":\"https:\\\/\\\/tiketi.com\\\/bills-and-top-up\\\/internet-packages\\\/zantel-tanzania\\\/\",\"name\":\"How to get data plan of Zantel Internet Packages Tanzania \\\/ Bundles\",\"isPartOf\":{\"@id\":\"https:\\\/\\\/tiketi.com\\\/#website\"},\"primaryImageOfPage\":{\"@id\":\"https:\\\/\\\/tiketi.com\\\/bills-and-top-up\\\/internet-packages\\\/zantel-tanzania\\\/#primaryimage\"},\"image\":{\"@id\":\"https:\\\/\\\/tiketi.com\\\/bills-and-top-up\\\/internet-packages\\\/zantel-tanzania\\\/#primaryimage\"},\"thumbnailUrl\":\"https:\\\/\\\/tiketi.com\\\/wp-content\\\/uploads\\\/2019\\\/05\\\/data-packages-2029825_1280.jpg\",\"datePublished\":\"2022-01-19T11:53:59+00:00\",\"dateModified\":\"2023-06-27T12:12:13+00:00\",\"description\":\"Are you looking for cheap data plans of Zantel data bundles, speed, subscription codes and prices? Here is how to get data plan of Zantel internet packages in Tanzania\",\"breadcrumb\":{\"@id\":\"https:\\\/\\\/tiketi.com\\\/bills-and-top-up\\\/internet-packages\\\/zantel-tanzania\\\/#breadcrumb\"},\"inLanguage\":\"fr-FR\",\"potentialAction\":[{\"@type\":\"ReadAction\",\"target\":[\"https:\\\/\\\/tiketi.com\\\/bills-and-top-up\\\/internet-packages\\\/zantel-tanzania\\\/\"]}]},{\"@type\":\"ImageObject\",\"inLanguage\":\"fr-FR\",\"@id\":\"https:\\\/\\\/tiketi.com\\\/bills-and-top-up\\\/internet-packages\\\/zantel-tanzania\\\/#primaryimage\",\"url\":\"https:\\\/\\\/tiketi.com\\\/wp-content\\\/uploads\\\/2019\\\/05\\\/data-packages-2029825_1280.jpg\",\"contentUrl\":\"https:\\\/\\\/tiketi.com\\\/wp-content\\\/uploads\\\/2019\\\/05\\\/data-packages-2029825_1280.jpg\",\"width\":1200,\"height\":200,\"caption\":\"How to get Data Plan \\\/ Packages \\\/ Top Up\"},{\"@type\":\"BreadcrumbList\",\"@id\":\"https:\\\/\\\/tiketi.com\\\/bills-and-top-up\\\/internet-packages\\\/zantel-tanzania\\\/#breadcrumb\",\"itemListElement\":[{\"@type\":\"ListItem\",\"position\":1,\"name\":\"Home\",\"item\":\"https:\\\/\\\/tiketi.com\\\/\"},{\"@type\":\"ListItem\",\"position\":2,\"name\":\"Bills And Top-Up\",\"item\":\"https:\\\/\\\/tiketi.com\\\/bills-and-top-up\\\/\"},{\"@type\":\"ListItem\",\"position\":3,\"name\":\"Internet Packages\",\"item\":\"https:\\\/\\\/tiketi.com\\\/bills-and-top-up\\\/internet-packages\\\/\"},{\"@type\":\"ListItem\",\"position\":4,\"name\":\"How to get data plan of Zantel Internet Packages Tanzania \\\/ Bundles\"}]},{\"@type\":\"WebSite\",\"@id\":\"https:\\\/\\\/tiketi.com\\\/#website\",\"url\":\"https:\\\/\\\/tiketi.com\\\/\",\"name\":\"Flight & Bus Tickets, Tour Packages & Activitites - Tiketi.com\",\"description\":\"Flight &amp; Bus Tickets, Tours, Activitites\",\"publisher\":{\"@id\":\"https:\\\/\\\/tiketi.com\\\/#organization\"},\"potentialAction\":[{\"@type\":\"SearchAction\",\"target\":{\"@type\":\"EntryPoint\",\"urlTemplate\":\"https:\\\/\\\/tiketi.com\\\/?s={search_term_string}\"},\"query-input\":{\"@type\":\"PropertyValueSpecification\",\"valueRequired\":true,\"valueName\":\"search_term_string\"}}],\"inLanguage\":\"fr-FR\"},{\"@type\":\"Organization\",\"@id\":\"https:\\\/\\\/tiketi.com\\\/#organization\",\"name\":\"Tiketi.com\",\"alternateName\":\"Tiketi\",\"url\":\"https:\\\/\\\/tiketi.com\\\/\",\"logo\":{\"@type\":\"ImageObject\",\"inLanguage\":\"fr-FR\",\"@id\":\"https:\\\/\\\/tiketi.com\\\/#\\\/schema\\\/logo\\\/image\\\/\",\"url\":\"https:\\\/\\\/tiketi.com\\\/wp-content\\\/uploads\\\/2019\\\/05\\\/tiketi-logo-696.png\",\"contentUrl\":\"https:\\\/\\\/tiketi.com\\\/wp-content\\\/uploads\\\/2019\\\/05\\\/tiketi-logo-696.png\",\"width\":696,\"height\":696,\"caption\":\"Tiketi.com\"},\"image\":{\"@id\":\"https:\\\/\\\/tiketi.com\\\/#\\\/schema\\\/logo\\\/image\\\/\"},\"sameAs\":[\"https:\\\/\\\/www.facebook.com\\\/TiketiCom\\\/\"]}]}<\/script>\n<!-- \/ Yoast SEO plugin. -->","yoast_head_json":{"title":"Comment obtenir le plan de donn\u00e9es de Zantel Internet Packages Tanzanie \/ Bundles","description":"\u00cates-vous \u00e0 la recherche de forfaits de donn\u00e9es bon march\u00e9 parmi les forfaits de donn\u00e9es Zantel, la vitesse, les codes d&#039;abonnement et les prix\u00a0? Voici comment obtenir le plan de donn\u00e9es des forfaits Internet Zantel en Tanzanie","robots":{"index":"index","follow":"follow","max-snippet":"max-snippet:-1","max-image-preview":"max-image-preview:large","max-video-preview":"max-video-preview:-1"},"canonical":"https:\/\/tiketi.com\/fr-fr\/bills-and-top-up\/internet-packages\/zantel-tanzania\/","og_locale":"fr_FR","og_type":"article","og_title":"How to get data plan of Zantel Internet Packages Tanzania \/ Bundles","og_description":"Are you looking for cheap data plans of Zantel data bundles, speed, subscription codes and prices? Here is how to get data plan of Zantel internet packages in Tanzania","og_url":"https:\/\/tiketi.com\/fr-fr\/bills-and-top-up\/internet-packages\/zantel-tanzania\/","og_site_name":"Tiketi.com","article_publisher":"https:\/\/www.facebook.com\/TiketiCom\/","article_modified_time":"2023-06-27T12:12:13+00:00","og_image":[{"width":1200,"height":200,"url":"https:\/\/tiketi.com\/wp-content\/uploads\/2019\/05\/data-packages-2029825_1280.jpg","type":"image\/jpeg"}],"twitter_card":"summary_large_image","twitter_misc":{"Dur\u00e9e de lecture estim\u00e9e":"2 minutes"},"schema":{"@context":"https:\/\/schema.org","@graph":[{"@type":"WebPage","@id":"https:\/\/tiketi.com\/bills-and-top-up\/internet-packages\/zantel-tanzania\/","url":"https:\/\/tiketi.com\/bills-and-top-up\/internet-packages\/zantel-tanzania\/","name":"Comment obtenir le plan de donn\u00e9es de Zantel Internet Packages Tanzanie \/ Bundles","isPartOf":{"@id":"https:\/\/tiketi.com\/#website"},"primaryImageOfPage":{"@id":"https:\/\/tiketi.com\/bills-and-top-up\/internet-packages\/zantel-tanzania\/#primaryimage"},"image":{"@id":"https:\/\/tiketi.com\/bills-and-top-up\/internet-packages\/zantel-tanzania\/#primaryimage"},"thumbnailUrl":"https:\/\/tiketi.com\/wp-content\/uploads\/2019\/05\/data-packages-2029825_1280.jpg","datePublished":"2022-01-19T11:53:59+00:00","dateModified":"2023-06-27T12:12:13+00:00","description":"\u00cates-vous \u00e0 la recherche de forfaits de donn\u00e9es bon march\u00e9 parmi les forfaits de donn\u00e9es Zantel, la vitesse, les codes d&#039;abonnement et les prix\u00a0? Voici comment obtenir le plan de donn\u00e9es des forfaits Internet Zantel en Tanzanie","breadcrumb":{"@id":"https:\/\/tiketi.com\/bills-and-top-up\/internet-packages\/zantel-tanzania\/#breadcrumb"},"inLanguage":"fr-FR","potentialAction":[{"@type":"ReadAction","target":["https:\/\/tiketi.com\/bills-and-top-up\/internet-packages\/zantel-tanzania\/"]}]},{"@type":"ImageObject","inLanguage":"fr-FR","@id":"https:\/\/tiketi.com\/bills-and-top-up\/internet-packages\/zantel-tanzania\/#primaryimage","url":"https:\/\/tiketi.com\/wp-content\/uploads\/2019\/05\/data-packages-2029825_1280.jpg","contentUrl":"https:\/\/tiketi.com\/wp-content\/uploads\/2019\/05\/data-packages-2029825_1280.jpg","width":1200,"height":200,"caption":"How to get Data Plan \/ Packages \/ Top Up"},{"@type":"BreadcrumbList","@id":"https:\/\/tiketi.com\/bills-and-top-up\/internet-packages\/zantel-tanzania\/#breadcrumb","itemListElement":[{"@type":"ListItem","position":1,"name":"Home","item":"https:\/\/tiketi.com\/"},{"@type":"ListItem","position":2,"name":"Bills And Top-Up","item":"https:\/\/tiketi.com\/bills-and-top-up\/"},{"@type":"ListItem","position":3,"name":"Internet Packages","item":"https:\/\/tiketi.com\/bills-and-top-up\/internet-packages\/"},{"@type":"ListItem","position":4,"name":"How to get data plan of Zantel Internet Packages Tanzania \/ Bundles"}]},{"@type":"WebSite","@id":"https:\/\/tiketi.com\/#website","url":"https:\/\/tiketi.com\/","name":"Billets d&#039;avion et de bus, forfaits touristiques et activit\u00e9s - Tiketi.com","description":"Billets d&#039;avion et de bus, Tours, Activit\u00e9s","publisher":{"@id":"https:\/\/tiketi.com\/#organization"},"potentialAction":[{"@type":"SearchAction","target":{"@type":"EntryPoint","urlTemplate":"https:\/\/tiketi.com\/?s={search_term_string}"},"query-input":{"@type":"PropertyValueSpecification","valueRequired":true,"valueName":"search_term_string"}}],"inLanguage":"fr-FR"},{"@type":"Organization","@id":"https:\/\/tiketi.com\/#organization","name":"Tiketi.com","alternateName":"Tiketi","url":"https:\/\/tiketi.com\/","logo":{"@type":"ImageObject","inLanguage":"fr-FR","@id":"https:\/\/tiketi.com\/#\/schema\/logo\/image\/","url":"https:\/\/tiketi.com\/wp-content\/uploads\/2019\/05\/tiketi-logo-696.png","contentUrl":"https:\/\/tiketi.com\/wp-content\/uploads\/2019\/05\/tiketi-logo-696.png","width":696,"height":696,"caption":"Tiketi.com"},"image":{"@id":"https:\/\/tiketi.com\/#\/schema\/logo\/image\/"},"sameAs":["https:\/\/www.facebook.com\/TiketiCom\/"]}]}},"_links":{"self":[{"href":"https:\/\/tiketi.com\/fr-fr\/wp-json\/wp\/v2\/pages\/10913","targetHints":{"allow":["GET"]}}],"collection":[{"href":"https:\/\/tiketi.com\/fr-fr\/wp-json\/wp\/v2\/pages"}],"about":[{"href":"https:\/\/tiketi.com\/fr-fr\/wp-json\/wp\/v2\/types\/page"}],"author":[{"embeddable":true,"href":"https:\/\/tiketi.com\/fr-fr\/wp-json\/wp\/v2\/users\/1"}],"replies":[{"embeddable":true,"href":"https:\/\/tiketi.com\/fr-fr\/wp-json\/wp\/v2\/comments?post=10913"}],"version-history":[{"count":0,"href":"https:\/\/tiketi.com\/fr-fr\/wp-json\/wp\/v2\/pages\/10913\/revisions"}],"up":[{"embeddable":true,"href":"https:\/\/tiketi.com\/fr-fr\/wp-json\/wp\/v2\/pages\/28323"}],"wp:featuredmedia":[{"embeddable":true,"href":"https:\/\/tiketi.com\/fr-fr\/wp-json\/wp\/v2\/media\/19675"}],"wp:attachment":[{"href":"https:\/\/tiketi.com\/fr-fr\/wp-json\/wp\/v2\/media?parent=10913"}],"curies":[{"name":"wp","href":"https:\/\/api.w.org\/{rel}","templated":true}]}}