{"id":10914,"date":"2022-01-19T12:53:59","date_gmt":"2022-01-19T11:53:59","guid":{"rendered":"https:\/\/new.tiketi.com\/how-to-get-data-plan-of-halotel-tanzania-internet-packages-bundles\/"},"modified":"2023-06-20T07:21:42","modified_gmt":"2023-06-20T06:21:42","slug":"halotel-tanzania","status":"publish","type":"page","link":"https:\/\/tiketi.com\/fr-fr\/bills-and-top-up\/internet-packages\/halotel-tanzania\/","title":{"rendered":"Comment obtenir le plan de donn\u00e9es des forfaits \/ forfaits Internet Halotel Tanzanie"},"content":{"rendered":"<h2>Forfaits de donn\u00e9es Halotel Tanzanie, plan de donn\u00e9es, codes d&#039;abonnement et prix<\/h2>\n<p>Vous trouverez ci-dessous la liste de tous les forfaits de donn\u00e9es Halotel Tanzanie \/ forfaits Internet Halotel Tanzanie. En 2015, Halotel a commenc\u00e9 avec le soutien du Vietnamien Viettel. Si la quatri\u00e8me aventure en Afrique apr\u00e8s le Mozambique, le Burundi et le Cameroun sous des noms diff\u00e9rents. En Tanzanie, sa marque est connue sous le nom de Halotel et couvre d\u00e9j\u00e0 plus de quatre-vingt-quinze pour cent de la population dans vingt-six provinces par 2500 tours d&#039;antenne en 3G ou 2G en 2017. Trouvez des forfaits de donn\u00e9es et des prix Halotel Tanzanie pas chers :<\/p>\n<p>Ils ont maintenant atteint une part de march\u00e9 de dix pour cent et pr\u00e9voient de lancer la 4G\/LTE.<\/p>\n<h2>Voici comment obtenir les forfaits de donn\u00e9es, plans et prix Halotel Tanzanie \/ Forfaits Internet Halotel Tanzanie<\/h2>\n<h3>Plans de donn\u00e9es et prix Halotel Tanzanie<\/h3>\n<p>Les donn\u00e9es par d\u00e9faut sont un TSH bas de 30,72 par Mo. Ils proposent une large gamme de forfaits :<\/p>\n<table border=\"0\" cellspacing=\"1\" cellpadding=\"0\">\n<tbody>\n<tr>\n<td>\n<h3><strong>Forfaits de donn\u00e9es Halotel \u2013 Temps\u00a0 \u00a0 \u00a0 \u00a0<\/strong><\/h3>\n<\/td>\n<td>\n<h3><strong>Volume\u00a0 \u00a0 \u00a0\u00a0<\/strong><\/h3>\n<\/td>\n<td>\n<h3><strong>Appels sur le net\u00a0 \u00a0\u00a0<\/strong><\/h3>\n<\/td>\n<td>\n<h3><strong>Prix<\/strong><\/h3>\n<\/td>\n<\/tr>\n<tr>\n<td rowspan=\"5\">\n<h3>Forfaits Halotel Tanzania Daily Data : 24 heures<\/h3>\n<\/td>\n<td>\n<h3>70 Mo<\/h3>\n<\/td>\n<td>\n<h3><\/h3>\n<\/td>\n<td>\n<h3>TSH 399<\/h3>\n<\/td>\n<\/tr>\n<tr>\n<td>\n<h3>120 Mo<\/h3>\n<\/td>\n<td>\n<h3><\/h3>\n<\/td>\n<td>\n<h3>TSH 499<\/h3>\n<\/td>\n<\/tr>\n<tr>\n<td>\n<h3>250 Mo (*)<\/h3>\n<\/td>\n<td>\n<h3><\/h3>\n<\/td>\n<td>\n<h3>TSH 999<\/h3>\n<\/td>\n<\/tr>\n<tr>\n<td>\n<h3>600 Mo<\/h3>\n<\/td>\n<td>\n<h3><\/h3>\n<\/td>\n<td>\n<h3>TSH 1 500<\/h3>\n<\/td>\n<\/tr>\n<tr>\n<td>\n<h3>1,5 Go<\/h3>\n<\/td>\n<td>\n<h3><\/h3>\n<\/td>\n<td>\n<h3>TSH 2 000<\/h3>\n<\/td>\n<\/tr>\n<tr>\n<td rowspan=\"7\">\n<h3>Plans de donn\u00e9es hebdomadaires Halotel Tanzanie: 7 jours<\/h3>\n<\/td>\n<td>\n<h3>200 Mo<\/h3>\n<\/td>\n<td>\n<h3>10 minutes<\/h3>\n<\/td>\n<td>\n<h3>TSH 1 000<\/h3>\n<\/td>\n<\/tr>\n<tr>\n<td>\n<h3>525 Mo<\/h3>\n<\/td>\n<td>\n<h3>20 minutes<\/h3>\n<\/td>\n<td>\n<h3>TSH 1 999<\/h3>\n<\/td>\n<\/tr>\n<tr>\n<td>\n<h3>800 Mo<\/h3>\n<\/td>\n<td>\n<h3>30 min<\/h3>\n<\/td>\n<td>\n<h3>TSH 2 999<\/h3>\n<\/td>\n<\/tr>\n<tr>\n<td>\n<h3>1 Go (*)<\/h3>\n<\/td>\n<td>\n<h3><\/h3>\n<\/td>\n<td>\n<h3>TSH 4 999<\/h3>\n<\/td>\n<\/tr>\n<tr>\n<td>\n<h3>1,3 Go<\/h3>\n<\/td>\n<td>\n<h3>40 minutes<\/h3>\n<\/td>\n<td>\n<h3>TSH 5 000<\/h3>\n<\/td>\n<\/tr>\n<tr>\n<td>\n<h3>3,7 Go<\/h3>\n<\/td>\n<td>\n<h3>50 minutes<\/h3>\n<\/td>\n<td>\n<h3>TSH 8 000<\/h3>\n<\/td>\n<\/tr>\n<tr>\n<td>\n<h3>12 Go<\/h3>\n<\/td>\n<td>\n<h3>100 minutes<\/h3>\n<\/td>\n<td>\n<h3>TSH 12 000<\/h3>\n<\/td>\n<\/tr>\n<tr>\n<td rowspan=\"10\">\n<h3>Plans de donn\u00e9es mensuels Halotel Tanzanie: 30 jours<\/h3>\n<\/td>\n<td>\n<h3>520 Mo<\/h3>\n<\/td>\n<td>\n<h3>15 minutes<\/h3>\n<\/td>\n<td>\n<h3>TSH 2 999<\/h3>\n<\/td>\n<\/tr>\n<tr>\n<td>\n<h3>850 Mo<\/h3>\n<\/td>\n<td>\n<h3>20 minutes<\/h3>\n<\/td>\n<td>\n<h3>TSH 4 999<\/h3>\n<\/td>\n<\/tr>\n<tr>\n<td>\n<h3>1,8 Go<\/h3>\n<\/td>\n<td>\n<h3>50 minutes<\/h3>\n<\/td>\n<td>\n<h3>TSH 9 999<\/h3>\n<\/td>\n<\/tr>\n<tr>\n<td>\n<h3>2 Go (*)<\/h3>\n<\/td>\n<td>\n<h3><\/h3>\n<\/td>\n<td>\n<h3>TSH 14 999<\/h3>\n<\/td>\n<\/tr>\n<tr>\n<td>\n<h3>3,6 Go<\/h3>\n<\/td>\n<td>\n<h3>150 minutes<\/h3>\n<\/td>\n<td>\n<h3>TSH 15 000<\/h3>\n<\/td>\n<\/tr>\n<tr>\n<td>\n<h3>6 Go (*)<\/h3>\n<\/td>\n<td>\n<h3><\/h3>\n<\/td>\n<td>\n<h3>TSH 24 999<\/h3>\n<\/td>\n<\/tr>\n<tr>\n<td>\n<h3>8 Go<\/h3>\n<\/td>\n<td>\n<h3>200 minutes<\/h3>\n<\/td>\n<td>\n<h3>TSH 25 000<\/h3>\n<\/td>\n<\/tr>\n<tr>\n<td>\n<h3>16 GB<\/h3>\n<\/td>\n<td>\n<h3>300 minutes<\/h3>\n<\/td>\n<td>\n<h3>TSH 35 000<\/h3>\n<\/td>\n<\/tr>\n<tr>\n<td>\n<h3>26,6 Go<\/h3>\n<\/td>\n<td>\n<h3>320 minutes<\/h3>\n<\/td>\n<td>\n<h3>TSH 40 000<\/h3>\n<\/td>\n<\/tr>\n<tr>\n<td>\n<h3>60 Go<\/h3>\n<\/td>\n<td>\n<h3>400 minutes<\/h3>\n<\/td>\n<td>\n<h3>TSH 95 000<\/h3>\n<\/td>\n<\/tr>\n<\/tbody>\n<\/table>\n<h3><\/h3>\n<h2>Mode de souscription des forfaits data HALOTEL<\/h2>\n<p>Par USSD<\/p>\n<p>Composez *150# pour acheter des donn\u00e9es.<\/p>\n<p>Via l&#039;application<\/p>\n<p>T\u00e9l\u00e9chargez mon application Halotel sur Google Play pour acheter des forfaits Internet Halotel Tanzanie.<\/p>\n<p>Via le site Web<\/p>\n<p>Visitez http:\/\/halotel.co.tz\/ pour acheter des donn\u00e9es.<\/p>\n<h3>Comment obtenir le solde de donn\u00e9es HALOTEL<\/h3>\n<p>Par SMS<\/p>\n<p>Par USSD<\/p>\n<p>Composez le *148*66# pour v\u00e9rifier votre solde de donn\u00e9es.<\/p>\n<p>Via le site Web<\/p>\n<p>Via l&#039;application<\/p>\n<p>t\u00e9l\u00e9chargez mon application halotel sur google pour v\u00e9rifier votre solde de donn\u00e9es.<\/p>\n<h2>Vitesse Internet Airtel<\/h2>\n<p><strong>Signal:<\/strong><br \/>\n<strong>Vitesse de pointe\u00a0:<\/strong><br \/>\n<strong>Vitesse moyenne de navigation sur Internet\u00a0:<\/strong><\/p>\n<p>Les informations sur les forfaits de donn\u00e9es Halotel Tanzanie ci-dessus, les prix et les codes d&#039;abonnement sont valables selon notre derni\u00e8re mise \u00e0 jour 2020.<\/p>","protected":false},"excerpt":{"rendered":"<p>Halotel Tanzania Data Bundles, Data Plan, Subscription Codes and Prices Below is the list of every\u00a0Halotel Tanzania\u00a0data bundles\u00a0\/ Halotel\u00a0Tanzania\u00a0internet packages. In 2015 Halotel started backed by Vietnamese Viettel. If the fourth venture in Africa after Mozambique, Burundi and Cameroon under different names. In Tanzania its brand is known as Halotel and covers already more than [&hellip;]<\/p>\n","protected":false},"author":1,"featured_media":19675,"parent":28323,"menu_order":0,"comment_status":"open","ping_status":"closed","template":"template-home-modern.php","meta":{"footnotes":""},"class_list":["post-10914","page","type-page","status-publish","has-post-thumbnail","hentry"],"yoast_head":"<!-- This site is optimized with the Yoast SEO plugin v27.5 - https:\/\/yoast.com\/product\/yoast-seo-wordpress\/ -->\n<title>How to get data plan of Halotel Tanzania internet packages \/ bundles<\/title>\n<meta name=\"description\" content=\"Are you looking for cheap dataplans of Halotel\u00a0Tanzania data bundles, speed, subscription codes and prices? Here is how to get data plan of Halotel Tanzania internet packages \/ bundles\" \/>\n<meta name=\"robots\" content=\"index, follow, max-snippet:-1, max-image-preview:large, max-video-preview:-1\" \/>\n<link rel=\"canonical\" href=\"https:\/\/tiketi.com\/fr-fr\/bills-and-top-up\/internet-packages\/halotel-tanzania\/\" \/>\n<meta property=\"og:locale\" content=\"fr_FR\" \/>\n<meta property=\"og:type\" content=\"article\" \/>\n<meta property=\"og:title\" content=\"How to get data plan of Halotel Tanzania internet packages \/ bundles\" \/>\n<meta property=\"og:description\" content=\"Are you looking for cheap dataplans of Halotel\u00a0Tanzania data bundles, speed, subscription codes and prices? Here is how to get data plan of Halotel Tanzania internet packages \/ bundles\" \/>\n<meta property=\"og:url\" content=\"https:\/\/tiketi.com\/fr-fr\/bills-and-top-up\/internet-packages\/halotel-tanzania\/\" \/>\n<meta property=\"og:site_name\" content=\"Tiketi.com\" \/>\n<meta property=\"article:publisher\" content=\"https:\/\/www.facebook.com\/TiketiCom\/\" \/>\n<meta property=\"article:modified_time\" content=\"2023-06-20T06:21:42+00:00\" \/>\n<meta property=\"og:image\" content=\"https:\/\/tiketi.com\/wp-content\/uploads\/2019\/05\/data-packages-2029825_1280.jpg\" \/>\n\t<meta property=\"og:image:width\" content=\"1200\" \/>\n\t<meta property=\"og:image:height\" content=\"200\" \/>\n\t<meta property=\"og:image:type\" content=\"image\/jpeg\" \/>\n<meta name=\"twitter:card\" content=\"summary_large_image\" \/>\n<meta name=\"twitter:label1\" content=\"Dur\u00e9e de lecture estim\u00e9e\" \/>\n\t<meta name=\"twitter:data1\" content=\"2 minutes\" \/>\n<script type=\"application\/ld+json\" class=\"yoast-schema-graph\">{\"@context\":\"https:\\\/\\\/schema.org\",\"@graph\":[{\"@type\":\"WebPage\",\"@id\":\"https:\\\/\\\/tiketi.com\\\/bills-and-top-up\\\/internet-packages\\\/halotel-tanzania\\\/\",\"url\":\"https:\\\/\\\/tiketi.com\\\/bills-and-top-up\\\/internet-packages\\\/halotel-tanzania\\\/\",\"name\":\"How to get data plan of Halotel Tanzania internet packages \\\/ bundles\",\"isPartOf\":{\"@id\":\"https:\\\/\\\/tiketi.com\\\/#website\"},\"primaryImageOfPage\":{\"@id\":\"https:\\\/\\\/tiketi.com\\\/bills-and-top-up\\\/internet-packages\\\/halotel-tanzania\\\/#primaryimage\"},\"image\":{\"@id\":\"https:\\\/\\\/tiketi.com\\\/bills-and-top-up\\\/internet-packages\\\/halotel-tanzania\\\/#primaryimage\"},\"thumbnailUrl\":\"https:\\\/\\\/tiketi.com\\\/wp-content\\\/uploads\\\/2019\\\/05\\\/data-packages-2029825_1280.jpg\",\"datePublished\":\"2022-01-19T11:53:59+00:00\",\"dateModified\":\"2023-06-20T06:21:42+00:00\",\"description\":\"Are you looking for cheap dataplans of Halotel\u00a0Tanzania data bundles, speed, subscription codes and prices? Here is how to get data plan of Halotel Tanzania internet packages \\\/ bundles\",\"breadcrumb\":{\"@id\":\"https:\\\/\\\/tiketi.com\\\/bills-and-top-up\\\/internet-packages\\\/halotel-tanzania\\\/#breadcrumb\"},\"inLanguage\":\"fr-FR\",\"potentialAction\":[{\"@type\":\"ReadAction\",\"target\":[\"https:\\\/\\\/tiketi.com\\\/bills-and-top-up\\\/internet-packages\\\/halotel-tanzania\\\/\"]}]},{\"@type\":\"ImageObject\",\"inLanguage\":\"fr-FR\",\"@id\":\"https:\\\/\\\/tiketi.com\\\/bills-and-top-up\\\/internet-packages\\\/halotel-tanzania\\\/#primaryimage\",\"url\":\"https:\\\/\\\/tiketi.com\\\/wp-content\\\/uploads\\\/2019\\\/05\\\/data-packages-2029825_1280.jpg\",\"contentUrl\":\"https:\\\/\\\/tiketi.com\\\/wp-content\\\/uploads\\\/2019\\\/05\\\/data-packages-2029825_1280.jpg\",\"width\":1200,\"height\":200,\"caption\":\"How to get Data Plan \\\/ Packages \\\/ Top Up\"},{\"@type\":\"BreadcrumbList\",\"@id\":\"https:\\\/\\\/tiketi.com\\\/bills-and-top-up\\\/internet-packages\\\/halotel-tanzania\\\/#breadcrumb\",\"itemListElement\":[{\"@type\":\"ListItem\",\"position\":1,\"name\":\"Home\",\"item\":\"https:\\\/\\\/tiketi.com\\\/\"},{\"@type\":\"ListItem\",\"position\":2,\"name\":\"Bills And Top-Up\",\"item\":\"https:\\\/\\\/tiketi.com\\\/bills-and-top-up\\\/\"},{\"@type\":\"ListItem\",\"position\":3,\"name\":\"Internet Packages\",\"item\":\"https:\\\/\\\/tiketi.com\\\/bills-and-top-up\\\/internet-packages\\\/\"},{\"@type\":\"ListItem\",\"position\":4,\"name\":\"How to get data plan of Halotel Tanzania internet packages \\\/ bundles\"}]},{\"@type\":\"WebSite\",\"@id\":\"https:\\\/\\\/tiketi.com\\\/#website\",\"url\":\"https:\\\/\\\/tiketi.com\\\/\",\"name\":\"Flight & Bus Tickets, Tour Packages & Activitites - Tiketi.com\",\"description\":\"Flight &amp; Bus Tickets, Tours, Activitites\",\"publisher\":{\"@id\":\"https:\\\/\\\/tiketi.com\\\/#organization\"},\"potentialAction\":[{\"@type\":\"SearchAction\",\"target\":{\"@type\":\"EntryPoint\",\"urlTemplate\":\"https:\\\/\\\/tiketi.com\\\/?s={search_term_string}\"},\"query-input\":{\"@type\":\"PropertyValueSpecification\",\"valueRequired\":true,\"valueName\":\"search_term_string\"}}],\"inLanguage\":\"fr-FR\"},{\"@type\":\"Organization\",\"@id\":\"https:\\\/\\\/tiketi.com\\\/#organization\",\"name\":\"Tiketi.com\",\"alternateName\":\"Tiketi\",\"url\":\"https:\\\/\\\/tiketi.com\\\/\",\"logo\":{\"@type\":\"ImageObject\",\"inLanguage\":\"fr-FR\",\"@id\":\"https:\\\/\\\/tiketi.com\\\/#\\\/schema\\\/logo\\\/image\\\/\",\"url\":\"https:\\\/\\\/tiketi.com\\\/wp-content\\\/uploads\\\/2019\\\/05\\\/tiketi-logo-696.png\",\"contentUrl\":\"https:\\\/\\\/tiketi.com\\\/wp-content\\\/uploads\\\/2019\\\/05\\\/tiketi-logo-696.png\",\"width\":696,\"height\":696,\"caption\":\"Tiketi.com\"},\"image\":{\"@id\":\"https:\\\/\\\/tiketi.com\\\/#\\\/schema\\\/logo\\\/image\\\/\"},\"sameAs\":[\"https:\\\/\\\/www.facebook.com\\\/TiketiCom\\\/\"]}]}<\/script>\n<!-- \/ Yoast SEO plugin. -->","yoast_head_json":{"title":"Comment obtenir le plan de donn\u00e9es des forfaits \/ forfaits Internet Halotel Tanzanie","description":"\u00cates-vous \u00e0 la recherche de forfaits de donn\u00e9es bon march\u00e9 pour les forfaits de donn\u00e9es Halotel Tanzanie, la vitesse, les codes d&#039;abonnement et les prix\u00a0? Voici comment obtenir le plan de donn\u00e9es des forfaits \/ forfaits Internet Halotel Tanzanie","robots":{"index":"index","follow":"follow","max-snippet":"max-snippet:-1","max-image-preview":"max-image-preview:large","max-video-preview":"max-video-preview:-1"},"canonical":"https:\/\/tiketi.com\/fr-fr\/bills-and-top-up\/internet-packages\/halotel-tanzania\/","og_locale":"fr_FR","og_type":"article","og_title":"How to get data plan of Halotel Tanzania internet packages \/ bundles","og_description":"Are you looking for cheap dataplans of Halotel\u00a0Tanzania data bundles, speed, subscription codes and prices? Here is how to get data plan of Halotel Tanzania internet packages \/ bundles","og_url":"https:\/\/tiketi.com\/fr-fr\/bills-and-top-up\/internet-packages\/halotel-tanzania\/","og_site_name":"Tiketi.com","article_publisher":"https:\/\/www.facebook.com\/TiketiCom\/","article_modified_time":"2023-06-20T06:21:42+00:00","og_image":[{"width":1200,"height":200,"url":"https:\/\/tiketi.com\/wp-content\/uploads\/2019\/05\/data-packages-2029825_1280.jpg","type":"image\/jpeg"}],"twitter_card":"summary_large_image","twitter_misc":{"Dur\u00e9e de lecture estim\u00e9e":"2 minutes"},"schema":{"@context":"https:\/\/schema.org","@graph":[{"@type":"WebPage","@id":"https:\/\/tiketi.com\/bills-and-top-up\/internet-packages\/halotel-tanzania\/","url":"https:\/\/tiketi.com\/bills-and-top-up\/internet-packages\/halotel-tanzania\/","name":"Comment obtenir le plan de donn\u00e9es des forfaits \/ forfaits Internet Halotel Tanzanie","isPartOf":{"@id":"https:\/\/tiketi.com\/#website"},"primaryImageOfPage":{"@id":"https:\/\/tiketi.com\/bills-and-top-up\/internet-packages\/halotel-tanzania\/#primaryimage"},"image":{"@id":"https:\/\/tiketi.com\/bills-and-top-up\/internet-packages\/halotel-tanzania\/#primaryimage"},"thumbnailUrl":"https:\/\/tiketi.com\/wp-content\/uploads\/2019\/05\/data-packages-2029825_1280.jpg","datePublished":"2022-01-19T11:53:59+00:00","dateModified":"2023-06-20T06:21:42+00:00","description":"\u00cates-vous \u00e0 la recherche de forfaits de donn\u00e9es bon march\u00e9 pour les forfaits de donn\u00e9es Halotel Tanzanie, la vitesse, les codes d&#039;abonnement et les prix\u00a0? Voici comment obtenir le plan de donn\u00e9es des forfaits \/ forfaits Internet Halotel Tanzanie","breadcrumb":{"@id":"https:\/\/tiketi.com\/bills-and-top-up\/internet-packages\/halotel-tanzania\/#breadcrumb"},"inLanguage":"fr-FR","potentialAction":[{"@type":"ReadAction","target":["https:\/\/tiketi.com\/bills-and-top-up\/internet-packages\/halotel-tanzania\/"]}]},{"@type":"ImageObject","inLanguage":"fr-FR","@id":"https:\/\/tiketi.com\/bills-and-top-up\/internet-packages\/halotel-tanzania\/#primaryimage","url":"https:\/\/tiketi.com\/wp-content\/uploads\/2019\/05\/data-packages-2029825_1280.jpg","contentUrl":"https:\/\/tiketi.com\/wp-content\/uploads\/2019\/05\/data-packages-2029825_1280.jpg","width":1200,"height":200,"caption":"How to get Data Plan \/ Packages \/ Top Up"},{"@type":"BreadcrumbList","@id":"https:\/\/tiketi.com\/bills-and-top-up\/internet-packages\/halotel-tanzania\/#breadcrumb","itemListElement":[{"@type":"ListItem","position":1,"name":"Home","item":"https:\/\/tiketi.com\/"},{"@type":"ListItem","position":2,"name":"Bills And Top-Up","item":"https:\/\/tiketi.com\/bills-and-top-up\/"},{"@type":"ListItem","position":3,"name":"Internet Packages","item":"https:\/\/tiketi.com\/bills-and-top-up\/internet-packages\/"},{"@type":"ListItem","position":4,"name":"How to get data plan of Halotel Tanzania internet packages \/ bundles"}]},{"@type":"WebSite","@id":"https:\/\/tiketi.com\/#website","url":"https:\/\/tiketi.com\/","name":"Billets d&#039;avion et de bus, forfaits touristiques et activit\u00e9s - Tiketi.com","description":"Billets d&#039;avion et de bus, Tours, Activit\u00e9s","publisher":{"@id":"https:\/\/tiketi.com\/#organization"},"potentialAction":[{"@type":"SearchAction","target":{"@type":"EntryPoint","urlTemplate":"https:\/\/tiketi.com\/?s={search_term_string}"},"query-input":{"@type":"PropertyValueSpecification","valueRequired":true,"valueName":"search_term_string"}}],"inLanguage":"fr-FR"},{"@type":"Organization","@id":"https:\/\/tiketi.com\/#organization","name":"Tiketi.com","alternateName":"Tiketi","url":"https:\/\/tiketi.com\/","logo":{"@type":"ImageObject","inLanguage":"fr-FR","@id":"https:\/\/tiketi.com\/#\/schema\/logo\/image\/","url":"https:\/\/tiketi.com\/wp-content\/uploads\/2019\/05\/tiketi-logo-696.png","contentUrl":"https:\/\/tiketi.com\/wp-content\/uploads\/2019\/05\/tiketi-logo-696.png","width":696,"height":696,"caption":"Tiketi.com"},"image":{"@id":"https:\/\/tiketi.com\/#\/schema\/logo\/image\/"},"sameAs":["https:\/\/www.facebook.com\/TiketiCom\/"]}]}},"_links":{"self":[{"href":"https:\/\/tiketi.com\/fr-fr\/wp-json\/wp\/v2\/pages\/10914","targetHints":{"allow":["GET"]}}],"collection":[{"href":"https:\/\/tiketi.com\/fr-fr\/wp-json\/wp\/v2\/pages"}],"about":[{"href":"https:\/\/tiketi.com\/fr-fr\/wp-json\/wp\/v2\/types\/page"}],"author":[{"embeddable":true,"href":"https:\/\/tiketi.com\/fr-fr\/wp-json\/wp\/v2\/users\/1"}],"replies":[{"embeddable":true,"href":"https:\/\/tiketi.com\/fr-fr\/wp-json\/wp\/v2\/comments?post=10914"}],"version-history":[{"count":0,"href":"https:\/\/tiketi.com\/fr-fr\/wp-json\/wp\/v2\/pages\/10914\/revisions"}],"up":[{"embeddable":true,"href":"https:\/\/tiketi.com\/fr-fr\/wp-json\/wp\/v2\/pages\/28323"}],"wp:featuredmedia":[{"embeddable":true,"href":"https:\/\/tiketi.com\/fr-fr\/wp-json\/wp\/v2\/media\/19675"}],"wp:attachment":[{"href":"https:\/\/tiketi.com\/fr-fr\/wp-json\/wp\/v2\/media?parent=10914"}],"curies":[{"name":"wp","href":"https:\/\/api.w.org\/{rel}","templated":true}]}}