{"id":10915,"date":"2022-01-19T12:53:59","date_gmt":"2022-01-19T11:53:59","guid":{"rendered":"https:\/\/new.tiketi.com\/how-to-get-data-plan-of-airtel-tanzania-internet-packages-bundles\/"},"modified":"2023-06-20T08:53:37","modified_gmt":"2023-06-20T07:53:37","slug":"airtel-tanzania","status":"publish","type":"page","link":"https:\/\/tiketi.com\/fr-fr\/bills-and-top-up\/internet-packages\/airtel-tanzania\/","title":{"rendered":"Comment obtenir le plan de donn\u00e9es des forfaits Internet Airtel Tanzanie \/ forfaits"},"content":{"rendered":"<h2>Plan de donn\u00e9es Airtel Tanzanie, forfaits, codes d&#039;abonnement et prix<\/h2>\n<p>Vous trouverez ci-dessous la liste de tous les plans de donn\u00e9es et prix Airtel Tanzanie \/ Forfaits Internet Airtel Tanzanie. Airtel par Indian Bharti Airtel s&#039;est repli\u00e9 en tant que troisi\u00e8me fournisseur du pays. Il a maintenant une part de march\u00e9 de vingt-sept pour cent et une couverture inf\u00e9rieure \u00e0 celle de Vodacom, \u00e0 des tarifs assez inf\u00e9rieurs. Trouvez ci-dessous le prix des forfaits de donn\u00e9es Airtel Tanzanie bon march\u00e9 et achetez en ligne.<\/p>\n<p>Si vous vous rendez dans les parcs \u00e0 gibier du nord de la Tanzanie, en particulier le Serengeti et le Ngorongoro, depuis 2015, la couverture d&#039;Airtel est sup\u00e9rieure \u00e0 celle des autres transporteurs.<\/p>\n<p>La 4G\/LTE a \u00e9t\u00e9 lanc\u00e9e en 2019 \u00e0 Dodoma, Dar es Salaam et la r\u00e9gion c\u00f4ti\u00e8re.<\/p>\n<h2>Voici comment obtenir des forfaits de donn\u00e9es, des plans et des prix Airtel Tanzanie \/ Forfaits Internet Airtel Tanzanie<\/h2>\n<h3>Forfaits de donn\u00e9es et prix d&#039;Airtel Tanzanie<\/h3>\n<p>Le taux par d\u00e9faut pour les donn\u00e9es hors forfaits est de 125 TSH par Mo et si votre avantage de donn\u00e9es s&#039;\u00e9puise pendant la p\u00e9riode de validit\u00e9, vous pouvez rechercher quarante TSH par Mo. Pour les donn\u00e9es, vous devez inclure les forfaits de donn\u00e9es Airtel Tanzanie connus sous le nom de Yatosha Internet. Trouvez ci-dessous les forfaits de donn\u00e9es quotidiens d&#039;Airtel Tanzanie, les forfaits de donn\u00e9es hebdomadaires d&#039;Airtel Tanzanie et les forfaits de donn\u00e9es mensuels d&#039;Airtel Tanzanie\u00a0:<\/p>\n<table border=\"0\" cellspacing=\"1\" cellpadding=\"0\">\n<tbody>\n<tr>\n<td>\n<h3>Forfaits de donn\u00e9es Airtel Tanzanie<\/h3>\n<\/td>\n<td>\n<h3>Volume<\/h3>\n<\/td>\n<td>\n<h3>Prix<\/h3>\n<\/td>\n<\/tr>\n<tr>\n<td rowspan=\"4\">\n<h3>Forfaits Airtel Tanzania Daily Data : 24 heures<\/h3>\n<\/td>\n<td>\n<h3>40 Mo<\/h3>\n<\/td>\n<td>\n<h3>TSH 200<\/h3>\n<\/td>\n<\/tr>\n<tr>\n<td>\n<h3>150 Mo<\/h3>\n<\/td>\n<td>\n<h3>TSH 500<\/h3>\n<\/td>\n<\/tr>\n<tr>\n<td>\n<h3>500 Mo<\/h3>\n<\/td>\n<td>\n<h3>TSH 1 000<\/h3>\n<\/td>\n<\/tr>\n<tr>\n<td>\n<h3>1,3 Go<\/h3>\n<\/td>\n<td>\n<h3>TSH 2 000<\/h3>\n<\/td>\n<\/tr>\n<tr>\n<td>\n<h3>Forfaits Airtel Tanzania Nightly Data: nuit (00h-6h)<\/h3>\n<\/td>\n<td>\n<h3>600 Mo<\/h3>\n<\/td>\n<td>\n<h3>TSH 500<\/h3>\n<\/td>\n<\/tr>\n<tr>\n<td rowspan=\"2\">\n<h3>Forfaits Airtel Tanzania Daily Data : 3 jours<\/h3>\n<\/td>\n<td>\n<h3>1 Go<\/h3>\n<\/td>\n<td>\n<h3>TSH 2 000<\/h3>\n<\/td>\n<\/tr>\n<tr>\n<td>\n<h3>2 Go<\/h3>\n<\/td>\n<td>\n<h3>TSH 2 000<\/h3>\n<\/td>\n<\/tr>\n<tr>\n<td rowspan=\"3\">\n<h3>Forfaits de donn\u00e9es hebdomadaires Airtel Tanzanie: 7 jours<\/h3>\n<\/td>\n<td>\n<h3>600 Mo<\/h3>\n<\/td>\n<td>\n<h3>TSH 3 000<\/h3>\n<\/td>\n<\/tr>\n<tr>\n<td>\n<h3>2 Go<\/h3>\n<\/td>\n<td>\n<h3>TSH 5 000<\/h3>\n<\/td>\n<\/tr>\n<tr>\n<td>\n<h3>6 Go<\/h3>\n<\/td>\n<td>\n<h3>TSH 10 000<\/h3>\n<\/td>\n<\/tr>\n<tr>\n<td rowspan=\"6\">\n<h3>Forfaits de donn\u00e9es mensuels Airtel Tanzanie: 30 jours<\/h3>\n<\/td>\n<td>\n<h3>5 Go<\/h3>\n<\/td>\n<td>\n<h3>TSH 15 000<\/h3>\n<\/td>\n<\/tr>\n<tr>\n<td>\n<h3>10 Go<\/h3>\n<\/td>\n<td>\n<h3>TSH 20 000<\/h3>\n<\/td>\n<\/tr>\n<tr>\n<td>\n<h3>15 Go<\/h3>\n<\/td>\n<td>\n<h3>TSH 25 000<\/h3>\n<\/td>\n<\/tr>\n<tr>\n<td>\n<h3>21 Go<\/h3>\n<\/td>\n<td>\n<h3>TSH 35 000<\/h3>\n<\/td>\n<\/tr>\n<tr>\n<td>\n<h3>35 Go<\/h3>\n<\/td>\n<td>\n<h3>TSH 60 000<\/h3>\n<\/td>\n<\/tr>\n<tr>\n<td>\n<h3>61 Go<\/h3>\n<\/td>\n<td>\n<h3>TSH 100 000<\/h3>\n<\/td>\n<\/tr>\n<tr>\n<td rowspan=\"2\">\n<h3>Forfaits de donn\u00e9es mensuels Airtel Tanzanie: 90 jours<\/h3>\n<\/td>\n<td>\n<h3>100 Go<\/h3>\n<\/td>\n<td>\n<h3>TSH 200 000<\/h3>\n<\/td>\n<\/tr>\n<tr>\n<td>\n<h3>200 Go<\/h3>\n<\/td>\n<td>\n<h3>TSH 350 000<\/h3>\n<\/td>\n<\/tr>\n<\/tbody>\n<\/table>\n<h2>Mode de souscription des forfaits data Airtel<\/h2>\n<p><strong>Par USSD<\/strong><\/p>\n<p>Composez *149*99# puis s\u00e9lectionnez 5 pour acheter des donn\u00e9es.<\/p>\n<p><strong>Via l&#039;application<\/strong><\/p>\n<p>T\u00e9l\u00e9chargez l&#039;application Airtel care africa sur google play pour acheter des donn\u00e9es.<\/p>\n<p><strong>Via le site Web<\/strong><\/p>\n<p>Visitez https:\/\/www.airtel.co.tz\/ pour acheter des donn\u00e9es.<\/p>\n<h3>Comment obtenir le solde de donn\u00e9es Airtel<\/h3>\n<p><strong>Par SMS<\/strong><\/p>\n<p><strong>Par USSD<\/strong><\/p>\n<p>Composez *149*99# puis s\u00e9lectionnez 9 pour v\u00e9rifier votre solde de donn\u00e9es.<\/p>\n<p><strong>Via le site Web<\/strong><\/p>\n<p><strong>Via l&#039;application<\/strong><\/p>\n<p>T\u00e9l\u00e9chargez mon application Airtel Care sur Google Play pour v\u00e9rifier votre solde de donn\u00e9es.<\/p>\n<h2>Vitesse Internet Airtel<\/h2>\n<p><strong>Signal<\/strong><br \/>\n<strong>Vitesse de pointe\u00a0:<\/strong><br \/>\n<strong>Vitesse moyenne de navigation sur Internet\u00a0:<\/strong><\/p>\n<p>Airtel Tanzanie regroupe les informations ci-dessus, les prix et les codes d&#039;abonnement sont valables selon notre derni\u00e8re mise \u00e0 jour 2020.<\/p>","protected":false},"excerpt":{"rendered":"<p>Airtel Tanzania\u00a0Data Plan, Bundles, Subscription Codes and prices Below is the list of every Airtel Tanzania data plans and prices \/ Airtel internet packages Tanzania. Airtel by Indian Bharti Airtel has falled back as third provider in the country. It has now a market share of twenty-seven percent and\u00a0\u00a0a lower coverage than Vodacom, at pretty [&hellip;]<\/p>\n","protected":false},"author":1,"featured_media":19675,"parent":28323,"menu_order":0,"comment_status":"open","ping_status":"closed","template":"template-home-modern.php","meta":{"footnotes":""},"class_list":["post-10915","page","type-page","status-publish","has-post-thumbnail","hentry"],"yoast_head":"<!-- This site is optimized with the Yoast SEO plugin v27.4 - https:\/\/yoast.com\/product\/yoast-seo-wordpress\/ -->\n<title>How to get data plan of Airtel Tanzania internet packages \/ bundles<\/title>\n<meta name=\"description\" content=\"Are you looking for cheap data plans of Airtel Tanzania data bundles, speed, subscription codes and prices? Here is how to get data plan of Airtel Tanzania internet packages \/ bundles\" \/>\n<meta name=\"robots\" content=\"index, follow, max-snippet:-1, max-image-preview:large, max-video-preview:-1\" \/>\n<link rel=\"canonical\" href=\"https:\/\/tiketi.com\/fr-fr\/bills-and-top-up\/internet-packages\/airtel-tanzania\/\" \/>\n<meta property=\"og:locale\" content=\"fr_FR\" \/>\n<meta property=\"og:type\" content=\"article\" \/>\n<meta property=\"og:title\" content=\"How to get data plan of Airtel Tanzania internet packages \/ bundles\" \/>\n<meta property=\"og:description\" content=\"Are you looking for cheap data plans of Airtel Tanzania data bundles, speed, subscription codes and prices? Here is how to get data plan of Airtel Tanzania internet packages \/ bundles\" \/>\n<meta property=\"og:url\" content=\"https:\/\/tiketi.com\/fr-fr\/bills-and-top-up\/internet-packages\/airtel-tanzania\/\" \/>\n<meta property=\"og:site_name\" content=\"Tiketi.com\" \/>\n<meta property=\"article:publisher\" content=\"https:\/\/www.facebook.com\/TiketiCom\/\" \/>\n<meta property=\"article:modified_time\" content=\"2023-06-20T07:53:37+00:00\" \/>\n<meta property=\"og:image\" content=\"https:\/\/tiketi.com\/wp-content\/uploads\/2019\/05\/data-packages-2029825_1280.jpg\" \/>\n\t<meta property=\"og:image:width\" content=\"1200\" \/>\n\t<meta property=\"og:image:height\" content=\"200\" \/>\n\t<meta property=\"og:image:type\" content=\"image\/jpeg\" \/>\n<meta name=\"twitter:card\" content=\"summary_large_image\" \/>\n<meta name=\"twitter:label1\" content=\"Dur\u00e9e de lecture estim\u00e9e\" \/>\n\t<meta name=\"twitter:data1\" content=\"2 minutes\" \/>\n<script type=\"application\/ld+json\" class=\"yoast-schema-graph\">{\"@context\":\"https:\\\/\\\/schema.org\",\"@graph\":[{\"@type\":\"WebPage\",\"@id\":\"https:\\\/\\\/tiketi.com\\\/bills-and-top-up\\\/internet-packages\\\/airtel-tanzania\\\/\",\"url\":\"https:\\\/\\\/tiketi.com\\\/bills-and-top-up\\\/internet-packages\\\/airtel-tanzania\\\/\",\"name\":\"How to get data plan of Airtel Tanzania internet packages \\\/ bundles\",\"isPartOf\":{\"@id\":\"https:\\\/\\\/tiketi.com\\\/#website\"},\"primaryImageOfPage\":{\"@id\":\"https:\\\/\\\/tiketi.com\\\/bills-and-top-up\\\/internet-packages\\\/airtel-tanzania\\\/#primaryimage\"},\"image\":{\"@id\":\"https:\\\/\\\/tiketi.com\\\/bills-and-top-up\\\/internet-packages\\\/airtel-tanzania\\\/#primaryimage\"},\"thumbnailUrl\":\"https:\\\/\\\/tiketi.com\\\/wp-content\\\/uploads\\\/2019\\\/05\\\/data-packages-2029825_1280.jpg\",\"datePublished\":\"2022-01-19T11:53:59+00:00\",\"dateModified\":\"2023-06-20T07:53:37+00:00\",\"description\":\"Are you looking for cheap data plans of Airtel Tanzania data bundles, speed, subscription codes and prices? Here is how to get data plan of Airtel Tanzania internet packages \\\/ bundles\",\"breadcrumb\":{\"@id\":\"https:\\\/\\\/tiketi.com\\\/bills-and-top-up\\\/internet-packages\\\/airtel-tanzania\\\/#breadcrumb\"},\"inLanguage\":\"fr-FR\",\"potentialAction\":[{\"@type\":\"ReadAction\",\"target\":[\"https:\\\/\\\/tiketi.com\\\/bills-and-top-up\\\/internet-packages\\\/airtel-tanzania\\\/\"]}]},{\"@type\":\"ImageObject\",\"inLanguage\":\"fr-FR\",\"@id\":\"https:\\\/\\\/tiketi.com\\\/bills-and-top-up\\\/internet-packages\\\/airtel-tanzania\\\/#primaryimage\",\"url\":\"https:\\\/\\\/tiketi.com\\\/wp-content\\\/uploads\\\/2019\\\/05\\\/data-packages-2029825_1280.jpg\",\"contentUrl\":\"https:\\\/\\\/tiketi.com\\\/wp-content\\\/uploads\\\/2019\\\/05\\\/data-packages-2029825_1280.jpg\",\"width\":1200,\"height\":200,\"caption\":\"How to get Data Plan \\\/ Packages \\\/ Top Up\"},{\"@type\":\"BreadcrumbList\",\"@id\":\"https:\\\/\\\/tiketi.com\\\/bills-and-top-up\\\/internet-packages\\\/airtel-tanzania\\\/#breadcrumb\",\"itemListElement\":[{\"@type\":\"ListItem\",\"position\":1,\"name\":\"Home\",\"item\":\"https:\\\/\\\/tiketi.com\\\/\"},{\"@type\":\"ListItem\",\"position\":2,\"name\":\"Bills And Top-Up\",\"item\":\"https:\\\/\\\/tiketi.com\\\/bills-and-top-up\\\/\"},{\"@type\":\"ListItem\",\"position\":3,\"name\":\"Internet Packages\",\"item\":\"https:\\\/\\\/tiketi.com\\\/bills-and-top-up\\\/internet-packages\\\/\"},{\"@type\":\"ListItem\",\"position\":4,\"name\":\"How to get data plan of Airtel internet packages Tanzania \\\/ bundles\"}]},{\"@type\":\"WebSite\",\"@id\":\"https:\\\/\\\/tiketi.com\\\/#website\",\"url\":\"https:\\\/\\\/tiketi.com\\\/\",\"name\":\"Flight & Bus Tickets, Tour Packages & Activitites - Tiketi.com\",\"description\":\"Flight &amp; Bus Tickets, Tours, Activitites\",\"publisher\":{\"@id\":\"https:\\\/\\\/tiketi.com\\\/#organization\"},\"potentialAction\":[{\"@type\":\"SearchAction\",\"target\":{\"@type\":\"EntryPoint\",\"urlTemplate\":\"https:\\\/\\\/tiketi.com\\\/?s={search_term_string}\"},\"query-input\":{\"@type\":\"PropertyValueSpecification\",\"valueRequired\":true,\"valueName\":\"search_term_string\"}}],\"inLanguage\":\"fr-FR\"},{\"@type\":\"Organization\",\"@id\":\"https:\\\/\\\/tiketi.com\\\/#organization\",\"name\":\"Tiketi.com\",\"alternateName\":\"Tiketi\",\"url\":\"https:\\\/\\\/tiketi.com\\\/\",\"logo\":{\"@type\":\"ImageObject\",\"inLanguage\":\"fr-FR\",\"@id\":\"https:\\\/\\\/tiketi.com\\\/#\\\/schema\\\/logo\\\/image\\\/\",\"url\":\"https:\\\/\\\/tiketi.com\\\/wp-content\\\/uploads\\\/2019\\\/05\\\/tiketi-logo-696.png\",\"contentUrl\":\"https:\\\/\\\/tiketi.com\\\/wp-content\\\/uploads\\\/2019\\\/05\\\/tiketi-logo-696.png\",\"width\":696,\"height\":696,\"caption\":\"Tiketi.com\"},\"image\":{\"@id\":\"https:\\\/\\\/tiketi.com\\\/#\\\/schema\\\/logo\\\/image\\\/\"},\"sameAs\":[\"https:\\\/\\\/www.facebook.com\\\/TiketiCom\\\/\"]}]}<\/script>\n<!-- \/ Yoast SEO plugin. -->","yoast_head_json":{"title":"Comment obtenir le plan de donn\u00e9es des forfaits \/ forfaits Internet Airtel Tanzanie","description":"Recherchez-vous des forfaits de donn\u00e9es bon march\u00e9 parmi les forfaits de donn\u00e9es Airtel Tanzanie, la vitesse, les codes d&#039;abonnement et les prix? Voici comment obtenir le plan de donn\u00e9es des forfaits \/ forfaits Internet Airtel Tanzanie","robots":{"index":"index","follow":"follow","max-snippet":"max-snippet:-1","max-image-preview":"max-image-preview:large","max-video-preview":"max-video-preview:-1"},"canonical":"https:\/\/tiketi.com\/fr-fr\/bills-and-top-up\/internet-packages\/airtel-tanzania\/","og_locale":"fr_FR","og_type":"article","og_title":"How to get data plan of Airtel Tanzania internet packages \/ bundles","og_description":"Are you looking for cheap data plans of Airtel Tanzania data bundles, speed, subscription codes and prices? Here is how to get data plan of Airtel Tanzania internet packages \/ bundles","og_url":"https:\/\/tiketi.com\/fr-fr\/bills-and-top-up\/internet-packages\/airtel-tanzania\/","og_site_name":"Tiketi.com","article_publisher":"https:\/\/www.facebook.com\/TiketiCom\/","article_modified_time":"2023-06-20T07:53:37+00:00","og_image":[{"width":1200,"height":200,"url":"https:\/\/tiketi.com\/wp-content\/uploads\/2019\/05\/data-packages-2029825_1280.jpg","type":"image\/jpeg"}],"twitter_card":"summary_large_image","twitter_misc":{"Dur\u00e9e de lecture estim\u00e9e":"2 minutes"},"schema":{"@context":"https:\/\/schema.org","@graph":[{"@type":"WebPage","@id":"https:\/\/tiketi.com\/bills-and-top-up\/internet-packages\/airtel-tanzania\/","url":"https:\/\/tiketi.com\/bills-and-top-up\/internet-packages\/airtel-tanzania\/","name":"Comment obtenir le plan de donn\u00e9es des forfaits \/ forfaits Internet Airtel Tanzanie","isPartOf":{"@id":"https:\/\/tiketi.com\/#website"},"primaryImageOfPage":{"@id":"https:\/\/tiketi.com\/bills-and-top-up\/internet-packages\/airtel-tanzania\/#primaryimage"},"image":{"@id":"https:\/\/tiketi.com\/bills-and-top-up\/internet-packages\/airtel-tanzania\/#primaryimage"},"thumbnailUrl":"https:\/\/tiketi.com\/wp-content\/uploads\/2019\/05\/data-packages-2029825_1280.jpg","datePublished":"2022-01-19T11:53:59+00:00","dateModified":"2023-06-20T07:53:37+00:00","description":"Recherchez-vous des forfaits de donn\u00e9es bon march\u00e9 parmi les forfaits de donn\u00e9es Airtel Tanzanie, la vitesse, les codes d&#039;abonnement et les prix? Voici comment obtenir le plan de donn\u00e9es des forfaits \/ forfaits Internet Airtel Tanzanie","breadcrumb":{"@id":"https:\/\/tiketi.com\/bills-and-top-up\/internet-packages\/airtel-tanzania\/#breadcrumb"},"inLanguage":"fr-FR","potentialAction":[{"@type":"ReadAction","target":["https:\/\/tiketi.com\/bills-and-top-up\/internet-packages\/airtel-tanzania\/"]}]},{"@type":"ImageObject","inLanguage":"fr-FR","@id":"https:\/\/tiketi.com\/bills-and-top-up\/internet-packages\/airtel-tanzania\/#primaryimage","url":"https:\/\/tiketi.com\/wp-content\/uploads\/2019\/05\/data-packages-2029825_1280.jpg","contentUrl":"https:\/\/tiketi.com\/wp-content\/uploads\/2019\/05\/data-packages-2029825_1280.jpg","width":1200,"height":200,"caption":"How to get Data Plan \/ Packages \/ Top Up"},{"@type":"BreadcrumbList","@id":"https:\/\/tiketi.com\/bills-and-top-up\/internet-packages\/airtel-tanzania\/#breadcrumb","itemListElement":[{"@type":"ListItem","position":1,"name":"Home","item":"https:\/\/tiketi.com\/"},{"@type":"ListItem","position":2,"name":"Bills And Top-Up","item":"https:\/\/tiketi.com\/bills-and-top-up\/"},{"@type":"ListItem","position":3,"name":"Internet Packages","item":"https:\/\/tiketi.com\/bills-and-top-up\/internet-packages\/"},{"@type":"ListItem","position":4,"name":"How to get data plan of Airtel internet packages Tanzania \/ bundles"}]},{"@type":"WebSite","@id":"https:\/\/tiketi.com\/#website","url":"https:\/\/tiketi.com\/","name":"Billets d&#039;avion et de bus, forfaits touristiques et activit\u00e9s - Tiketi.com","description":"Billets d&#039;avion et de bus, Tours, Activit\u00e9s","publisher":{"@id":"https:\/\/tiketi.com\/#organization"},"potentialAction":[{"@type":"SearchAction","target":{"@type":"EntryPoint","urlTemplate":"https:\/\/tiketi.com\/?s={search_term_string}"},"query-input":{"@type":"PropertyValueSpecification","valueRequired":true,"valueName":"search_term_string"}}],"inLanguage":"fr-FR"},{"@type":"Organization","@id":"https:\/\/tiketi.com\/#organization","name":"Tiketi.com","alternateName":"Tiketi","url":"https:\/\/tiketi.com\/","logo":{"@type":"ImageObject","inLanguage":"fr-FR","@id":"https:\/\/tiketi.com\/#\/schema\/logo\/image\/","url":"https:\/\/tiketi.com\/wp-content\/uploads\/2019\/05\/tiketi-logo-696.png","contentUrl":"https:\/\/tiketi.com\/wp-content\/uploads\/2019\/05\/tiketi-logo-696.png","width":696,"height":696,"caption":"Tiketi.com"},"image":{"@id":"https:\/\/tiketi.com\/#\/schema\/logo\/image\/"},"sameAs":["https:\/\/www.facebook.com\/TiketiCom\/"]}]}},"_links":{"self":[{"href":"https:\/\/tiketi.com\/fr-fr\/wp-json\/wp\/v2\/pages\/10915","targetHints":{"allow":["GET"]}}],"collection":[{"href":"https:\/\/tiketi.com\/fr-fr\/wp-json\/wp\/v2\/pages"}],"about":[{"href":"https:\/\/tiketi.com\/fr-fr\/wp-json\/wp\/v2\/types\/page"}],"author":[{"embeddable":true,"href":"https:\/\/tiketi.com\/fr-fr\/wp-json\/wp\/v2\/users\/1"}],"replies":[{"embeddable":true,"href":"https:\/\/tiketi.com\/fr-fr\/wp-json\/wp\/v2\/comments?post=10915"}],"version-history":[{"count":0,"href":"https:\/\/tiketi.com\/fr-fr\/wp-json\/wp\/v2\/pages\/10915\/revisions"}],"up":[{"embeddable":true,"href":"https:\/\/tiketi.com\/fr-fr\/wp-json\/wp\/v2\/pages\/28323"}],"wp:featuredmedia":[{"embeddable":true,"href":"https:\/\/tiketi.com\/fr-fr\/wp-json\/wp\/v2\/media\/19675"}],"wp:attachment":[{"href":"https:\/\/tiketi.com\/fr-fr\/wp-json\/wp\/v2\/media?parent=10915"}],"curies":[{"name":"wp","href":"https:\/\/api.w.org\/{rel}","templated":true}]}}