{"id":10916,"date":"2022-01-19T12:53:59","date_gmt":"2022-01-19T11:53:59","guid":{"rendered":"https:\/\/new.tiketi.com\/how-to-get-data-plan-of-tigo-tanzania-internet-packages-bundles\/"},"modified":"2023-06-27T12:53:09","modified_gmt":"2023-06-27T11:53:09","slug":"tigo-tanzania","status":"publish","type":"page","link":"https:\/\/tiketi.com\/fr-fr\/bills-and-top-up\/internet-packages\/tigo-tanzania\/","title":{"rendered":"Comment obtenir le plan de donn\u00e9es des forfaits \/ forfaits Internet Tigo Tanzanie"},"content":{"rendered":"<h2>Forfaits de donn\u00e9es Tigo Tanzanie, plan de donn\u00e9es, codes d&#039;abonnement et prix<\/h2>\n<p>Vous trouverez ci-dessous la liste de tous les plans de donn\u00e9es et prix de Tigo Tanzanie \/ forfaits Internet Tigo Tanzanie. Tigo est devenu le deuxi\u00e8me fournisseur en Tanzanie en termes de parts de march\u00e9 lorsqu&#039;il a d\u00e9pass\u00e9 Airtel en 2016. Il est g\u00e9r\u00e9 par le groupe Millcom qui a acquis le quatri\u00e8me fournisseur Zantel en 2015, mais commercialise les deux marques s\u00e9par\u00e9ment. Tigo d\u00e9tient une part de march\u00e9 de vingt-huit pour cent. Trouvez le prix des forfaits de donn\u00e9es Tigo Tanzanie pas chers\u00a0:<\/p>\n<p>Leurs cartes SIM 3G sont accessibles pour environ 1000 TSH dans la rue ou dans leurs centres de service client et leurs cartes SIM 4G LTE sont accessibles pour 5000 TSH dans leurs centres de service client. Vous pouvez recharger de nombreux emplacements.<\/p>\n<h2>Voici comment obtenir les forfaits de donn\u00e9es, les plans et les prix de Tigo Tanzanie \/ Forfaits Internet Tigo Tanzanie<\/h2>\n<h3>Forfaits de donn\u00e9es et prix de Tigo Tanzanie<\/h3>\n<p>Internet en dehors des forfaits est de quarante TSH par Mo. Ces forfaits appel\u00e9s forfaits Internet sont offerts pour la 3G, la 2G et la 4G\/LTE.<\/p>\n<table border=\"0\" cellspacing=\"1\" cellpadding=\"0\">\n<tbody>\n<tr>\n<td>\n<h3><strong>Offres group\u00e9es Tigo Tanzanie<\/strong><\/h3>\n<\/td>\n<td>\n<h3><strong>Volume <\/strong><\/h3>\n<\/td>\n<td>\n<h3><strong>Prix <\/strong><\/h3>\n<\/td>\n<td>\n<h3><strong>Suppl\u00e9ments <\/strong><\/h3>\n<\/td>\n<\/tr>\n<tr>\n<td rowspan=\"3\">\n<h3>Forfaits Tigo Tanzania Daily Data : 24 heures<\/h3>\n<\/td>\n<td>\n<h3>70 Mo<\/h3>\n<\/td>\n<td>\n<h3>TSH 500<\/h3>\n<\/td>\n<td>\n<h3><\/h3>\n<\/td>\n<\/tr>\n<tr>\n<td>\n<h3>200 Mo<\/h3>\n<\/td>\n<td>\n<h3>TSH 1 000<\/h3>\n<\/td>\n<td>\n<h3><\/h3>\n<\/td>\n<\/tr>\n<tr>\n<td>\n<h3>1 Go<\/h3>\n<\/td>\n<td>\n<h3>TSH 2 000<\/h3>\n<\/td>\n<td>\n<h3><\/h3>\n<\/td>\n<\/tr>\n<tr>\n<td rowspan=\"3\">\n<h3>Forfaits de donn\u00e9es hebdomadaires Tigo Tanzanie\u00a0: 7\u00a0jours<\/h3>\n<\/td>\n<td>\n<h3>400 Mo<\/h3>\n<\/td>\n<td>\n<h3>TSH 3 000<\/h3>\n<\/td>\n<td>\n<h3><\/h3>\n<\/td>\n<\/tr>\n<tr>\n<td>\n<h3>800 Mo<\/h3>\n<\/td>\n<td>\n<h3>TSH 5 000<\/h3>\n<\/td>\n<td>\n<h3>Applications gratuites<\/h3>\n<\/td>\n<\/tr>\n<tr>\n<td>\n<h3>2 Go<\/h3>\n<\/td>\n<td>\n<h3>TSH 8 000<\/h3>\n<\/td>\n<td>\n<h3>Applications gratuites<\/h3>\n<\/td>\n<\/tr>\n<tr>\n<td rowspan=\"3\">\n<h3>Forfaits de donn\u00e9es mensuels Tigo Tanzanie\u00a0: 30\u00a0jours<\/h3>\n<\/td>\n<td>\n<h3>500 Mo<\/h3>\n<\/td>\n<td>\n<h3>TSH 5 000<\/h3>\n<\/td>\n<td>\n<h3><\/h3>\n<\/td>\n<\/tr>\n<tr>\n<td>\n<h3>2 Go<\/h3>\n<\/td>\n<td>\n<h3>TSH 15 000<\/h3>\n<\/td>\n<td>\n<h3>Applications gratuites<\/h3>\n<\/td>\n<\/tr>\n<tr>\n<td>\n<h3>10 Go<\/h3>\n<\/td>\n<td>\n<h3>TSH 35 000<\/h3>\n<\/td>\n<td>\n<h3>Applications gratuites<\/h3>\n<\/td>\n<\/tr>\n<\/tbody>\n<\/table>\n<h2>Mode de Souscription des forfaits data TIGO<\/h2>\n<p>Par USSD<\/p>\n<p>Composez *147*00# pour acheter des donn\u00e9es.<\/p>\n<p>Via le site Web<\/p>\n<p>Visitez https:\/\/www.tigo.co.tz\/ pour acheter des donn\u00e9es.<\/p>\n<p>Via l&#039;application<\/p>\n<p>T\u00e9l\u00e9chargez l&#039;application Tigo pesa sur Google Play pour acheter des donn\u00e9es.<\/p>\n<h3>Comment obtenir le solde des donn\u00e9es TIGO<\/h3>\n<p>Par SMS<\/p>\n<p>Par USSD<\/p>\n<p>Composez *102*00# pour v\u00e9rifier votre solde de donn\u00e9es.<\/p>\n<p>Via le site Web<\/p>\n<p>Via l&#039;application<\/p>\n<p>T\u00e9l\u00e9chargez mon application Tigo pesa sur Google Play pour v\u00e9rifier vos forfaits Tigo Tanzanie<strong>\u00a0<\/strong>\u00e9quilibre des donn\u00e9es.<\/p>\n<h2>Vitesse Internet Tigo<\/h2>\n<p><strong>Signal<\/strong><br \/>\n<strong>Vitesse de pointe\u00a0:<\/strong><br \/>\n<strong>Vitesse moyenne de navigation sur Internet\u00a0:<\/strong><\/p>\n<p>Tigo Tanzanie regroupe les informations ci-dessus, les prix et les codes d&#039;abonnement sont valables selon notre derni\u00e8re mise \u00e0 jour 2021.<\/p>","protected":false},"excerpt":{"rendered":"<p>Tigo Tanzania Data Bundles, Data Plan, Subscription Codes and prices Below is the list of every Tigo\u00a0Tanzania\u00a0data plans and prices\u00a0\/ Tigo Tanzania internet packages. Tigo was become the second provider in Tanzania by market shares when it overtook Airtel in 2016. It runs by the Millcom Group that acquired the fourth provider Zantel in 2015, [&hellip;]<\/p>\n","protected":false},"author":1,"featured_media":19675,"parent":28323,"menu_order":0,"comment_status":"open","ping_status":"closed","template":"template-home-modern.php","meta":{"footnotes":""},"class_list":["post-10916","page","type-page","status-publish","has-post-thumbnail","hentry"],"yoast_head":"<!-- This site is optimized with the Yoast SEO plugin v27.3 - https:\/\/yoast.com\/product\/yoast-seo-wordpress\/ -->\n<title>How to get data plan of Tigo Tanzania internet packages \/ bundles<\/title>\n<meta name=\"description\" content=\"Are you looking for cheap dataplans of Tigo Tanzania data bundles, speed, subscription codes and prices? Here is how to get data plan of Tigo Tanzania internet packages \/ bundles\" \/>\n<meta name=\"robots\" content=\"index, follow, max-snippet:-1, max-image-preview:large, max-video-preview:-1\" \/>\n<link rel=\"canonical\" href=\"https:\/\/tiketi.com\/fr-fr\/bills-and-top-up\/internet-packages\/tigo-tanzania\/\" \/>\n<meta property=\"og:locale\" content=\"fr_FR\" \/>\n<meta property=\"og:type\" content=\"article\" \/>\n<meta property=\"og:title\" content=\"How to get data plan of Tigo Tanzania internet packages \/ bundles\" \/>\n<meta property=\"og:description\" content=\"Are you looking for cheap dataplans of Tigo Tanzania data bundles, speed, subscription codes and prices? Here is how to get data plan of Tigo Tanzania internet packages \/ bundles\" \/>\n<meta property=\"og:url\" content=\"https:\/\/tiketi.com\/fr-fr\/bills-and-top-up\/internet-packages\/tigo-tanzania\/\" \/>\n<meta property=\"og:site_name\" content=\"Tiketi.com\" \/>\n<meta property=\"article:publisher\" content=\"https:\/\/www.facebook.com\/TiketiCom\/\" \/>\n<meta property=\"article:modified_time\" content=\"2023-06-27T11:53:09+00:00\" \/>\n<meta property=\"og:image\" content=\"https:\/\/tiketi.com\/wp-content\/uploads\/2019\/05\/data-packages-2029825_1280.jpg\" \/>\n\t<meta property=\"og:image:width\" content=\"1200\" \/>\n\t<meta property=\"og:image:height\" content=\"200\" \/>\n\t<meta property=\"og:image:type\" content=\"image\/jpeg\" \/>\n<meta name=\"twitter:card\" content=\"summary_large_image\" \/>\n<meta name=\"twitter:label1\" content=\"Dur\u00e9e de lecture estim\u00e9e\" \/>\n\t<meta name=\"twitter:data1\" content=\"2 minutes\" \/>\n<script type=\"application\/ld+json\" class=\"yoast-schema-graph\">{\"@context\":\"https:\\\/\\\/schema.org\",\"@graph\":[{\"@type\":\"WebPage\",\"@id\":\"https:\\\/\\\/tiketi.com\\\/bills-and-top-up\\\/internet-packages\\\/tigo-tanzania\\\/\",\"url\":\"https:\\\/\\\/tiketi.com\\\/bills-and-top-up\\\/internet-packages\\\/tigo-tanzania\\\/\",\"name\":\"How to get data plan of Tigo Tanzania internet packages \\\/ bundles\",\"isPartOf\":{\"@id\":\"https:\\\/\\\/tiketi.com\\\/#website\"},\"primaryImageOfPage\":{\"@id\":\"https:\\\/\\\/tiketi.com\\\/bills-and-top-up\\\/internet-packages\\\/tigo-tanzania\\\/#primaryimage\"},\"image\":{\"@id\":\"https:\\\/\\\/tiketi.com\\\/bills-and-top-up\\\/internet-packages\\\/tigo-tanzania\\\/#primaryimage\"},\"thumbnailUrl\":\"https:\\\/\\\/tiketi.com\\\/wp-content\\\/uploads\\\/2019\\\/05\\\/data-packages-2029825_1280.jpg\",\"datePublished\":\"2022-01-19T11:53:59+00:00\",\"dateModified\":\"2023-06-27T11:53:09+00:00\",\"description\":\"Are you looking for cheap dataplans of Tigo Tanzania data bundles, speed, subscription codes and prices? Here is how to get data plan of Tigo Tanzania internet packages \\\/ bundles\",\"breadcrumb\":{\"@id\":\"https:\\\/\\\/tiketi.com\\\/bills-and-top-up\\\/internet-packages\\\/tigo-tanzania\\\/#breadcrumb\"},\"inLanguage\":\"fr-FR\",\"potentialAction\":[{\"@type\":\"ReadAction\",\"target\":[\"https:\\\/\\\/tiketi.com\\\/bills-and-top-up\\\/internet-packages\\\/tigo-tanzania\\\/\"]}]},{\"@type\":\"ImageObject\",\"inLanguage\":\"fr-FR\",\"@id\":\"https:\\\/\\\/tiketi.com\\\/bills-and-top-up\\\/internet-packages\\\/tigo-tanzania\\\/#primaryimage\",\"url\":\"https:\\\/\\\/tiketi.com\\\/wp-content\\\/uploads\\\/2019\\\/05\\\/data-packages-2029825_1280.jpg\",\"contentUrl\":\"https:\\\/\\\/tiketi.com\\\/wp-content\\\/uploads\\\/2019\\\/05\\\/data-packages-2029825_1280.jpg\",\"width\":1200,\"height\":200,\"caption\":\"How to get Data Plan \\\/ Packages \\\/ Top Up\"},{\"@type\":\"BreadcrumbList\",\"@id\":\"https:\\\/\\\/tiketi.com\\\/bills-and-top-up\\\/internet-packages\\\/tigo-tanzania\\\/#breadcrumb\",\"itemListElement\":[{\"@type\":\"ListItem\",\"position\":1,\"name\":\"Home\",\"item\":\"https:\\\/\\\/tiketi.com\\\/\"},{\"@type\":\"ListItem\",\"position\":2,\"name\":\"Bills And Top-Up\",\"item\":\"https:\\\/\\\/tiketi.com\\\/bills-and-top-up\\\/\"},{\"@type\":\"ListItem\",\"position\":3,\"name\":\"Internet Packages\",\"item\":\"https:\\\/\\\/tiketi.com\\\/bills-and-top-up\\\/internet-packages\\\/\"},{\"@type\":\"ListItem\",\"position\":4,\"name\":\"How to get data plan of Tigo Tanzania internet packages \\\/ bundles\"}]},{\"@type\":\"WebSite\",\"@id\":\"https:\\\/\\\/tiketi.com\\\/#website\",\"url\":\"https:\\\/\\\/tiketi.com\\\/\",\"name\":\"Flight & Bus Tickets, Tour Packages & Activitites - Tiketi.com\",\"description\":\"Flight &amp; Bus Tickets, Tours, Activitites\",\"publisher\":{\"@id\":\"https:\\\/\\\/tiketi.com\\\/#organization\"},\"potentialAction\":[{\"@type\":\"SearchAction\",\"target\":{\"@type\":\"EntryPoint\",\"urlTemplate\":\"https:\\\/\\\/tiketi.com\\\/?s={search_term_string}\"},\"query-input\":{\"@type\":\"PropertyValueSpecification\",\"valueRequired\":true,\"valueName\":\"search_term_string\"}}],\"inLanguage\":\"fr-FR\"},{\"@type\":\"Organization\",\"@id\":\"https:\\\/\\\/tiketi.com\\\/#organization\",\"name\":\"Tiketi.com\",\"alternateName\":\"Tiketi\",\"url\":\"https:\\\/\\\/tiketi.com\\\/\",\"logo\":{\"@type\":\"ImageObject\",\"inLanguage\":\"fr-FR\",\"@id\":\"https:\\\/\\\/tiketi.com\\\/#\\\/schema\\\/logo\\\/image\\\/\",\"url\":\"https:\\\/\\\/tiketi.com\\\/wp-content\\\/uploads\\\/2019\\\/05\\\/tiketi-logo-696.png\",\"contentUrl\":\"https:\\\/\\\/tiketi.com\\\/wp-content\\\/uploads\\\/2019\\\/05\\\/tiketi-logo-696.png\",\"width\":696,\"height\":696,\"caption\":\"Tiketi.com\"},\"image\":{\"@id\":\"https:\\\/\\\/tiketi.com\\\/#\\\/schema\\\/logo\\\/image\\\/\"},\"sameAs\":[\"https:\\\/\\\/www.facebook.com\\\/TiketiCom\\\/\"]}]}<\/script>\n<!-- \/ Yoast SEO plugin. -->","yoast_head_json":{"title":"Comment obtenir le plan de donn\u00e9es des forfaits \/ forfaits Internet Tigo Tanzanie","description":"\u00cates-vous \u00e0 la recherche de forfaits de donn\u00e9es bon march\u00e9 pour les forfaits de donn\u00e9es Tigo Tanzanie, la vitesse, les codes d&#039;abonnement et les prix\u00a0? Voici comment obtenir le plan de donn\u00e9es des forfaits \/ forfaits Internet Tigo Tanzanie","robots":{"index":"index","follow":"follow","max-snippet":"max-snippet:-1","max-image-preview":"max-image-preview:large","max-video-preview":"max-video-preview:-1"},"canonical":"https:\/\/tiketi.com\/fr-fr\/bills-and-top-up\/internet-packages\/tigo-tanzania\/","og_locale":"fr_FR","og_type":"article","og_title":"How to get data plan of Tigo Tanzania internet packages \/ bundles","og_description":"Are you looking for cheap dataplans of Tigo Tanzania data bundles, speed, subscription codes and prices? Here is how to get data plan of Tigo Tanzania internet packages \/ bundles","og_url":"https:\/\/tiketi.com\/fr-fr\/bills-and-top-up\/internet-packages\/tigo-tanzania\/","og_site_name":"Tiketi.com","article_publisher":"https:\/\/www.facebook.com\/TiketiCom\/","article_modified_time":"2023-06-27T11:53:09+00:00","og_image":[{"width":1200,"height":200,"url":"https:\/\/tiketi.com\/wp-content\/uploads\/2019\/05\/data-packages-2029825_1280.jpg","type":"image\/jpeg"}],"twitter_card":"summary_large_image","twitter_misc":{"Dur\u00e9e de lecture estim\u00e9e":"2 minutes"},"schema":{"@context":"https:\/\/schema.org","@graph":[{"@type":"WebPage","@id":"https:\/\/tiketi.com\/bills-and-top-up\/internet-packages\/tigo-tanzania\/","url":"https:\/\/tiketi.com\/bills-and-top-up\/internet-packages\/tigo-tanzania\/","name":"Comment obtenir le plan de donn\u00e9es des forfaits \/ forfaits Internet Tigo Tanzanie","isPartOf":{"@id":"https:\/\/tiketi.com\/#website"},"primaryImageOfPage":{"@id":"https:\/\/tiketi.com\/bills-and-top-up\/internet-packages\/tigo-tanzania\/#primaryimage"},"image":{"@id":"https:\/\/tiketi.com\/bills-and-top-up\/internet-packages\/tigo-tanzania\/#primaryimage"},"thumbnailUrl":"https:\/\/tiketi.com\/wp-content\/uploads\/2019\/05\/data-packages-2029825_1280.jpg","datePublished":"2022-01-19T11:53:59+00:00","dateModified":"2023-06-27T11:53:09+00:00","description":"\u00cates-vous \u00e0 la recherche de forfaits de donn\u00e9es bon march\u00e9 pour les forfaits de donn\u00e9es Tigo Tanzanie, la vitesse, les codes d&#039;abonnement et les prix\u00a0? Voici comment obtenir le plan de donn\u00e9es des forfaits \/ forfaits Internet Tigo Tanzanie","breadcrumb":{"@id":"https:\/\/tiketi.com\/bills-and-top-up\/internet-packages\/tigo-tanzania\/#breadcrumb"},"inLanguage":"fr-FR","potentialAction":[{"@type":"ReadAction","target":["https:\/\/tiketi.com\/bills-and-top-up\/internet-packages\/tigo-tanzania\/"]}]},{"@type":"ImageObject","inLanguage":"fr-FR","@id":"https:\/\/tiketi.com\/bills-and-top-up\/internet-packages\/tigo-tanzania\/#primaryimage","url":"https:\/\/tiketi.com\/wp-content\/uploads\/2019\/05\/data-packages-2029825_1280.jpg","contentUrl":"https:\/\/tiketi.com\/wp-content\/uploads\/2019\/05\/data-packages-2029825_1280.jpg","width":1200,"height":200,"caption":"How to get Data Plan \/ Packages \/ Top Up"},{"@type":"BreadcrumbList","@id":"https:\/\/tiketi.com\/bills-and-top-up\/internet-packages\/tigo-tanzania\/#breadcrumb","itemListElement":[{"@type":"ListItem","position":1,"name":"Home","item":"https:\/\/tiketi.com\/"},{"@type":"ListItem","position":2,"name":"Bills And Top-Up","item":"https:\/\/tiketi.com\/bills-and-top-up\/"},{"@type":"ListItem","position":3,"name":"Internet Packages","item":"https:\/\/tiketi.com\/bills-and-top-up\/internet-packages\/"},{"@type":"ListItem","position":4,"name":"How to get data plan of Tigo Tanzania internet packages \/ bundles"}]},{"@type":"WebSite","@id":"https:\/\/tiketi.com\/#website","url":"https:\/\/tiketi.com\/","name":"Billets d&#039;avion et de bus, forfaits touristiques et activit\u00e9s - Tiketi.com","description":"Billets d&#039;avion et de bus, Tours, Activit\u00e9s","publisher":{"@id":"https:\/\/tiketi.com\/#organization"},"potentialAction":[{"@type":"SearchAction","target":{"@type":"EntryPoint","urlTemplate":"https:\/\/tiketi.com\/?s={search_term_string}"},"query-input":{"@type":"PropertyValueSpecification","valueRequired":true,"valueName":"search_term_string"}}],"inLanguage":"fr-FR"},{"@type":"Organization","@id":"https:\/\/tiketi.com\/#organization","name":"Tiketi.com","alternateName":"Tiketi","url":"https:\/\/tiketi.com\/","logo":{"@type":"ImageObject","inLanguage":"fr-FR","@id":"https:\/\/tiketi.com\/#\/schema\/logo\/image\/","url":"https:\/\/tiketi.com\/wp-content\/uploads\/2019\/05\/tiketi-logo-696.png","contentUrl":"https:\/\/tiketi.com\/wp-content\/uploads\/2019\/05\/tiketi-logo-696.png","width":696,"height":696,"caption":"Tiketi.com"},"image":{"@id":"https:\/\/tiketi.com\/#\/schema\/logo\/image\/"},"sameAs":["https:\/\/www.facebook.com\/TiketiCom\/"]}]}},"_links":{"self":[{"href":"https:\/\/tiketi.com\/fr-fr\/wp-json\/wp\/v2\/pages\/10916","targetHints":{"allow":["GET"]}}],"collection":[{"href":"https:\/\/tiketi.com\/fr-fr\/wp-json\/wp\/v2\/pages"}],"about":[{"href":"https:\/\/tiketi.com\/fr-fr\/wp-json\/wp\/v2\/types\/page"}],"author":[{"embeddable":true,"href":"https:\/\/tiketi.com\/fr-fr\/wp-json\/wp\/v2\/users\/1"}],"replies":[{"embeddable":true,"href":"https:\/\/tiketi.com\/fr-fr\/wp-json\/wp\/v2\/comments?post=10916"}],"version-history":[{"count":0,"href":"https:\/\/tiketi.com\/fr-fr\/wp-json\/wp\/v2\/pages\/10916\/revisions"}],"up":[{"embeddable":true,"href":"https:\/\/tiketi.com\/fr-fr\/wp-json\/wp\/v2\/pages\/28323"}],"wp:featuredmedia":[{"embeddable":true,"href":"https:\/\/tiketi.com\/fr-fr\/wp-json\/wp\/v2\/media\/19675"}],"wp:attachment":[{"href":"https:\/\/tiketi.com\/fr-fr\/wp-json\/wp\/v2\/media?parent=10916"}],"curies":[{"name":"wp","href":"https:\/\/api.w.org\/{rel}","templated":true}]}}