{"id":10917,"date":"2022-01-19T12:53:59","date_gmt":"2022-01-19T11:53:59","guid":{"rendered":"https:\/\/new.tiketi.com\/how-to-get-data-plan-of-vodacom-tanzania-internet-packages-bundles\/"},"modified":"2023-06-20T08:17:06","modified_gmt":"2023-06-20T07:17:06","slug":"vodacom-tanzania","status":"publish","type":"page","link":"https:\/\/tiketi.com\/fr-fr\/bills-and-top-up\/internet-packages\/vodacom-tanzania\/","title":{"rendered":"Comment obtenir le plan de donn\u00e9es des forfaits \/ forfaits Internet Vodacom Tanzanie"},"content":{"rendered":"<h2>Plan de donn\u00e9es Vodacom Tanzanie \/ Forfaits Internet Vodacom Tanzanie, codes d&#039;abonnement et prix<\/h2>\n<p>Voici la liste de tous les forfaits de donn\u00e9es et prix de Vodacom Tanzanie \/ forfaits \/ forfaits Internet Vodacom Tanzanie. Vodacom Tanzania, d\u00e9tenue conjointement par South African et Vodafone Telekom, est le monstre du march\u00e9 en Tanzanie avec une part de vingt-deux pour cent. Il a la couverture la plus large du pays pour les tarifs les plus \u00e9lev\u00e9s. En 2016, la 4G \/ LTE a \u00e9t\u00e9 lanc\u00e9e \u00e0 Dar es Salaam sur 1800 Mhz, maintenant \u00e9tendue \u00e0 quelques autres emplacements. Trouvez ci-dessous le prix des forfaits de donn\u00e9es Vodacom Tanzanie bon march\u00e9:<\/p>\n<h2>Voici comment obtenir les forfaits de donn\u00e9es, les plans et les prix de Vodacom Tanzanie \/ Forfaits Internet Vodacom Tanzanie<\/h2>\n<h3>Forfaits de donn\u00e9es et prix de Vodacom Tanzanie<\/h3>\n<p>Le tarif par d\u00e9faut en dehors des forfaits est de 282 TSH par Mo. Ces forfaits connus sous le nom de Cheka internet sont propos\u00e9s sont valables sur 3G, 2G et LTE\/4G. Trouvez ci-dessous les forfaits de donn\u00e9es quotidiens de Vodacom Tanzanie, les forfaits de donn\u00e9es hebdomadaires de Vodacom Tanzanie et les forfaits de donn\u00e9es mensuels de Vodacom Tanzanie\u00a0:<\/p>\n<table border=\"0\" cellspacing=\"1\" cellpadding=\"0\">\n<tbody>\n<tr>\n<td>\n<h3><strong>Forfaits de donn\u00e9es Vodacom Tanzanie <\/strong><\/h3>\n<\/td>\n<td>\n<h3><strong>Volume\u00a0 \u00a0 \u00a0 \u00a0 \u00a0 \u00a0<\/strong><\/h3>\n<\/td>\n<td>\n<h3><strong>Prix <\/strong><\/h3>\n<\/td>\n<\/tr>\n<tr>\n<td rowspan=\"3\">\n<h3>Forfaits de donn\u00e9es quotidiennes de Vodacom Tanzanie\u00a0:<\/h3>\n<h3>Un jour<\/h3>\n<\/td>\n<td>\n<h3>70 Mo<\/h3>\n<\/td>\n<td>\n<h3>TSH 500<\/h3>\n<\/td>\n<\/tr>\n<tr>\n<td>\n<h3>200 Mo<\/h3>\n<\/td>\n<td>\n<h3>TSH 1000<\/h3>\n<\/td>\n<\/tr>\n<tr>\n<td>\n<h3>1 Go<\/h3>\n<\/td>\n<td>\n<h3>TSH 2000<\/h3>\n<\/td>\n<\/tr>\n<tr>\n<td>\n<h3>Forfaits Vodacom Tanzania Nightly Data : 2 nuits<\/h3>\n<h3>(23h-5h)<\/h3>\n<\/td>\n<td>\n<h3>4 GO<\/h3>\n<\/td>\n<td>\n<h3>TSH 1500<\/h3>\n<\/td>\n<\/tr>\n<tr>\n<td rowspan=\"5\">\n<h3>Plans de donn\u00e9es hebdomadaires de Vodacom Tanzanie\u00a0: 7\u00a0jours<\/h3>\n<\/td>\n<td>\n<h3>500 Mo<\/h3>\n<\/td>\n<td>\n<h3>TSH 3000<\/h3>\n<\/td>\n<\/tr>\n<tr>\n<td>\n<h3>800 Mo<\/h3>\n<\/td>\n<td>\n<h3>TSH 5000<\/h3>\n<\/td>\n<\/tr>\n<tr>\n<td>\n<h3>2 Go<\/h3>\n<\/td>\n<td>\n<h3>TSH 10 000<\/h3>\n<\/td>\n<\/tr>\n<tr>\n<td>\n<h3>5 Go<\/h3>\n<\/td>\n<td>\n<h3>TSH 15 000<\/h3>\n<\/td>\n<\/tr>\n<tr>\n<td>\n<h3>12 Go<\/h3>\n<\/td>\n<td>\n<h3>TSH 20 000<\/h3>\n<\/td>\n<\/tr>\n<tr>\n<td rowspan=\"5\">\n<h3>Plans de donn\u00e9es mensuels de Vodacom Tanzanie\u00a0: 30\u00a0jours<\/h3>\n<\/td>\n<td>\n<h3>500 Mo<\/h3>\n<\/td>\n<td>\n<h3>TSH 5000<\/h3>\n<\/td>\n<\/tr>\n<tr>\n<td>\n<h3>2 Go<\/h3>\n<\/td>\n<td>\n<h3>TSH 15 000<\/h3>\n<\/td>\n<\/tr>\n<tr>\n<td>\n<h3>10 Go<\/h3>\n<\/td>\n<td>\n<h3>TSH 35 000<\/h3>\n<\/td>\n<\/tr>\n<tr>\n<td>\n<h3>20 Go<\/h3>\n<\/td>\n<td>\n<h3>TSH 50 000<\/h3>\n<\/td>\n<\/tr>\n<tr>\n<td>\n<h3>50 Go<\/h3>\n<\/td>\n<td>\n<h3>TSH 95 000<\/h3>\n<\/td>\n<\/tr>\n<\/tbody>\n<\/table>\n<h2>Mode de souscription des forfaits data Vodacom<\/h2>\n<p><strong>Par USSD<\/strong><\/p>\n<p>Composez *149*01# pour acheter des donn\u00e9es.<\/p>\n<p><strong>Via l&#039;application<\/strong><\/p>\n<p>T\u00e9l\u00e9chargez mon application vodacom tanzania sur google play pour acheter des donn\u00e9es.<\/p>\n<p><strong>Via le site Web<\/strong><\/p>\n<p>Visitez https:\/\/www.vodacom.co.tz\/ pour acheter des donn\u00e9es.<\/p>\n<h3>Comment obtenir le solde des forfaits de donn\u00e9es Vodacom<\/h3>\n<p><strong>Par SMS<\/strong><\/p>\n<p><strong>Par USSD<\/strong><\/p>\n<p>Composez *149*60# pour v\u00e9rifier votre solde de donn\u00e9es.<\/p>\n<p><strong>Via le site Web<\/strong><\/p>\n<p><strong>Via l&#039;application<\/strong><\/p>\n<p>T\u00e9l\u00e9chargez mon application Vodacom Tanzanie sur Google Play pour v\u00e9rifier votre solde de donn\u00e9es.<\/p>\n<h2>Vitesse Internet Vodacom<\/h2>\n<p><strong>Signal:<\/strong><br \/>\n<strong>Vitesse de pointe\u00a0:<\/strong><br \/>\n<strong>Vitesse moyenne de navigation sur Internet\u00a0:<\/strong><\/p>\n<p>Vodacom Tanzanie regroupe les informations ci-dessus, les prix et les codes d&#039;abonnement sont valables selon notre derni\u00e8re mise \u00e0 jour 2020.<\/p>","protected":false},"excerpt":{"rendered":"<p>Vodacom Tanzania Data Plan \/ Vodacom Tanzania Internet Packages, Subscription Codes and prices Here is the list of every Vodacom Tanzania\u00a0data plans and prices \/ Vodacom Tanzania internet packages \/ bundles. Vodacom Tanzania, mutually owned by South African and Vodafone Telekom, is the market monster in Tanzania with a twenty-two percent share. It has the [&hellip;]<\/p>\n","protected":false},"author":1,"featured_media":19675,"parent":28323,"menu_order":0,"comment_status":"open","ping_status":"closed","template":"template-home-modern.php","meta":{"footnotes":""},"class_list":["post-10917","page","type-page","status-publish","has-post-thumbnail","hentry"],"yoast_head":"<!-- This site is optimized with the Yoast SEO plugin v27.2 - https:\/\/yoast.com\/product\/yoast-seo-wordpress\/ -->\n<title>How to get data plan of Vodacom Tanzania internet packages \/ bundles<\/title>\n<meta name=\"description\" content=\"Are you looking for cheap dataplans of Vodacom Tanzania data bundles, speed, subscription codes and prices? Here is how to get data plan of Vodacom Tanzania internet packages \/ bundles\" \/>\n<meta name=\"robots\" content=\"index, follow, max-snippet:-1, max-image-preview:large, max-video-preview:-1\" \/>\n<link rel=\"canonical\" href=\"https:\/\/tiketi.com\/fr-fr\/bills-and-top-up\/internet-packages\/vodacom-tanzania\/\" \/>\n<meta property=\"og:locale\" content=\"fr_FR\" \/>\n<meta property=\"og:type\" content=\"article\" \/>\n<meta property=\"og:title\" content=\"How to get data plan of Vodacom Tanzania internet packages \/ bundles\" \/>\n<meta property=\"og:description\" content=\"Are you looking for cheap dataplans of Vodacom Tanzania data bundles, speed, subscription codes and prices? Here is how to get data plan of Vodacom Tanzania internet packages \/ bundles\" \/>\n<meta property=\"og:url\" content=\"https:\/\/tiketi.com\/fr-fr\/bills-and-top-up\/internet-packages\/vodacom-tanzania\/\" \/>\n<meta property=\"og:site_name\" content=\"Tiketi.com\" \/>\n<meta property=\"article:publisher\" content=\"https:\/\/www.facebook.com\/TiketiCom\/\" \/>\n<meta property=\"article:modified_time\" content=\"2023-06-20T07:17:06+00:00\" \/>\n<meta property=\"og:image\" content=\"https:\/\/tiketi.com\/wp-content\/uploads\/2019\/05\/data-packages-2029825_1280.jpg\" \/>\n\t<meta property=\"og:image:width\" content=\"1200\" \/>\n\t<meta property=\"og:image:height\" content=\"200\" \/>\n\t<meta property=\"og:image:type\" content=\"image\/jpeg\" \/>\n<meta name=\"twitter:card\" content=\"summary_large_image\" \/>\n<meta name=\"twitter:label1\" content=\"Dur\u00e9e de lecture estim\u00e9e\" \/>\n\t<meta name=\"twitter:data1\" content=\"2 minutes\" \/>\n<script type=\"application\/ld+json\" class=\"yoast-schema-graph\">{\"@context\":\"https:\/\/schema.org\",\"@graph\":[{\"@type\":\"WebPage\",\"@id\":\"https:\/\/tiketi.com\/bills-and-top-up\/internet-packages\/vodacom-tanzania\/\",\"url\":\"https:\/\/tiketi.com\/bills-and-top-up\/internet-packages\/vodacom-tanzania\/\",\"name\":\"How to get data plan of Vodacom Tanzania internet packages \/ bundles\",\"isPartOf\":{\"@id\":\"https:\/\/tiketi.com\/#website\"},\"primaryImageOfPage\":{\"@id\":\"https:\/\/tiketi.com\/bills-and-top-up\/internet-packages\/vodacom-tanzania\/#primaryimage\"},\"image\":{\"@id\":\"https:\/\/tiketi.com\/bills-and-top-up\/internet-packages\/vodacom-tanzania\/#primaryimage\"},\"thumbnailUrl\":\"https:\/\/tiketi.com\/wp-content\/uploads\/2019\/05\/data-packages-2029825_1280.jpg\",\"datePublished\":\"2022-01-19T11:53:59+00:00\",\"dateModified\":\"2023-06-20T07:17:06+00:00\",\"description\":\"Are you looking for cheap dataplans of Vodacom Tanzania data bundles, speed, subscription codes and prices? Here is how to get data plan of Vodacom Tanzania internet packages \/ bundles\",\"breadcrumb\":{\"@id\":\"https:\/\/tiketi.com\/bills-and-top-up\/internet-packages\/vodacom-tanzania\/#breadcrumb\"},\"inLanguage\":\"fr-FR\",\"potentialAction\":[{\"@type\":\"ReadAction\",\"target\":[\"https:\/\/tiketi.com\/bills-and-top-up\/internet-packages\/vodacom-tanzania\/\"]}]},{\"@type\":\"ImageObject\",\"inLanguage\":\"fr-FR\",\"@id\":\"https:\/\/tiketi.com\/bills-and-top-up\/internet-packages\/vodacom-tanzania\/#primaryimage\",\"url\":\"https:\/\/tiketi.com\/wp-content\/uploads\/2019\/05\/data-packages-2029825_1280.jpg\",\"contentUrl\":\"https:\/\/tiketi.com\/wp-content\/uploads\/2019\/05\/data-packages-2029825_1280.jpg\",\"width\":1200,\"height\":200,\"caption\":\"How to get Data Plan \/ Packages \/ Top Up\"},{\"@type\":\"BreadcrumbList\",\"@id\":\"https:\/\/tiketi.com\/bills-and-top-up\/internet-packages\/vodacom-tanzania\/#breadcrumb\",\"itemListElement\":[{\"@type\":\"ListItem\",\"position\":1,\"name\":\"Home\",\"item\":\"https:\/\/tiketi.com\/\"},{\"@type\":\"ListItem\",\"position\":2,\"name\":\"Bills And Top-Up\",\"item\":\"https:\/\/tiketi.com\/bills-and-top-up\/\"},{\"@type\":\"ListItem\",\"position\":3,\"name\":\"Internet Packages\",\"item\":\"https:\/\/tiketi.com\/bills-and-top-up\/internet-packages\/\"},{\"@type\":\"ListItem\",\"position\":4,\"name\":\"How to get data plan of Vodacom Tanzania internet packages \/ bundles\"}]},{\"@type\":\"WebSite\",\"@id\":\"https:\/\/tiketi.com\/#website\",\"url\":\"https:\/\/tiketi.com\/\",\"name\":\"Flight & Bus Tickets, Tour Packages & Activitites - Tiketi.com\",\"description\":\"Flight &amp; Bus Tickets, Tours, Activitites\",\"publisher\":{\"@id\":\"https:\/\/tiketi.com\/#organization\"},\"potentialAction\":[{\"@type\":\"SearchAction\",\"target\":{\"@type\":\"EntryPoint\",\"urlTemplate\":\"https:\/\/tiketi.com\/?s={search_term_string}\"},\"query-input\":{\"@type\":\"PropertyValueSpecification\",\"valueRequired\":true,\"valueName\":\"search_term_string\"}}],\"inLanguage\":\"fr-FR\"},{\"@type\":\"Organization\",\"@id\":\"https:\/\/tiketi.com\/#organization\",\"name\":\"Tiketi.com\",\"alternateName\":\"Tiketi\",\"url\":\"https:\/\/tiketi.com\/\",\"logo\":{\"@type\":\"ImageObject\",\"inLanguage\":\"fr-FR\",\"@id\":\"https:\/\/tiketi.com\/#\/schema\/logo\/image\/\",\"url\":\"https:\/\/tiketi.com\/wp-content\/uploads\/2019\/05\/tiketi-logo-696.png\",\"contentUrl\":\"https:\/\/tiketi.com\/wp-content\/uploads\/2019\/05\/tiketi-logo-696.png\",\"width\":696,\"height\":696,\"caption\":\"Tiketi.com\"},\"image\":{\"@id\":\"https:\/\/tiketi.com\/#\/schema\/logo\/image\/\"},\"sameAs\":[\"https:\/\/www.facebook.com\/TiketiCom\/\"]}]}<\/script>\n<!-- \/ Yoast SEO plugin. -->","yoast_head_json":{"title":"Comment obtenir le plan de donn\u00e9es des forfaits \/ forfaits Internet Vodacom Tanzanie","description":"\u00cates-vous \u00e0 la recherche de forfaits de donn\u00e9es bon march\u00e9 pour les forfaits de donn\u00e9es Vodacom Tanzanie, la vitesse, les codes d&#039;abonnement et les prix\u00a0? Voici comment obtenir le plan de donn\u00e9es des forfaits \/ forfaits Internet Vodacom Tanzanie","robots":{"index":"index","follow":"follow","max-snippet":"max-snippet:-1","max-image-preview":"max-image-preview:large","max-video-preview":"max-video-preview:-1"},"canonical":"https:\/\/tiketi.com\/fr-fr\/bills-and-top-up\/internet-packages\/vodacom-tanzania\/","og_locale":"fr_FR","og_type":"article","og_title":"How to get data plan of Vodacom Tanzania internet packages \/ bundles","og_description":"Are you looking for cheap dataplans of Vodacom Tanzania data bundles, speed, subscription codes and prices? Here is how to get data plan of Vodacom Tanzania internet packages \/ bundles","og_url":"https:\/\/tiketi.com\/fr-fr\/bills-and-top-up\/internet-packages\/vodacom-tanzania\/","og_site_name":"Tiketi.com","article_publisher":"https:\/\/www.facebook.com\/TiketiCom\/","article_modified_time":"2023-06-20T07:17:06+00:00","og_image":[{"width":1200,"height":200,"url":"https:\/\/tiketi.com\/wp-content\/uploads\/2019\/05\/data-packages-2029825_1280.jpg","type":"image\/jpeg"}],"twitter_card":"summary_large_image","twitter_misc":{"Dur\u00e9e de lecture estim\u00e9e":"2 minutes"},"schema":{"@context":"https:\/\/schema.org","@graph":[{"@type":"WebPage","@id":"https:\/\/tiketi.com\/bills-and-top-up\/internet-packages\/vodacom-tanzania\/","url":"https:\/\/tiketi.com\/bills-and-top-up\/internet-packages\/vodacom-tanzania\/","name":"Comment obtenir le plan de donn\u00e9es des forfaits \/ forfaits Internet Vodacom Tanzanie","isPartOf":{"@id":"https:\/\/tiketi.com\/#website"},"primaryImageOfPage":{"@id":"https:\/\/tiketi.com\/bills-and-top-up\/internet-packages\/vodacom-tanzania\/#primaryimage"},"image":{"@id":"https:\/\/tiketi.com\/bills-and-top-up\/internet-packages\/vodacom-tanzania\/#primaryimage"},"thumbnailUrl":"https:\/\/tiketi.com\/wp-content\/uploads\/2019\/05\/data-packages-2029825_1280.jpg","datePublished":"2022-01-19T11:53:59+00:00","dateModified":"2023-06-20T07:17:06+00:00","description":"\u00cates-vous \u00e0 la recherche de forfaits de donn\u00e9es bon march\u00e9 pour les forfaits de donn\u00e9es Vodacom Tanzanie, la vitesse, les codes d&#039;abonnement et les prix\u00a0? Voici comment obtenir le plan de donn\u00e9es des forfaits \/ forfaits Internet Vodacom Tanzanie","breadcrumb":{"@id":"https:\/\/tiketi.com\/bills-and-top-up\/internet-packages\/vodacom-tanzania\/#breadcrumb"},"inLanguage":"fr-FR","potentialAction":[{"@type":"ReadAction","target":["https:\/\/tiketi.com\/bills-and-top-up\/internet-packages\/vodacom-tanzania\/"]}]},{"@type":"ImageObject","inLanguage":"fr-FR","@id":"https:\/\/tiketi.com\/bills-and-top-up\/internet-packages\/vodacom-tanzania\/#primaryimage","url":"https:\/\/tiketi.com\/wp-content\/uploads\/2019\/05\/data-packages-2029825_1280.jpg","contentUrl":"https:\/\/tiketi.com\/wp-content\/uploads\/2019\/05\/data-packages-2029825_1280.jpg","width":1200,"height":200,"caption":"How to get Data Plan \/ Packages \/ Top Up"},{"@type":"BreadcrumbList","@id":"https:\/\/tiketi.com\/bills-and-top-up\/internet-packages\/vodacom-tanzania\/#breadcrumb","itemListElement":[{"@type":"ListItem","position":1,"name":"Home","item":"https:\/\/tiketi.com\/"},{"@type":"ListItem","position":2,"name":"Bills And Top-Up","item":"https:\/\/tiketi.com\/bills-and-top-up\/"},{"@type":"ListItem","position":3,"name":"Internet Packages","item":"https:\/\/tiketi.com\/bills-and-top-up\/internet-packages\/"},{"@type":"ListItem","position":4,"name":"How to get data plan of Vodacom Tanzania internet packages \/ bundles"}]},{"@type":"WebSite","@id":"https:\/\/tiketi.com\/#website","url":"https:\/\/tiketi.com\/","name":"Billets d&#039;avion et de bus, forfaits touristiques et activit\u00e9s - Tiketi.com","description":"Billets d&#039;avion et de bus, Tours, Activit\u00e9s","publisher":{"@id":"https:\/\/tiketi.com\/#organization"},"potentialAction":[{"@type":"SearchAction","target":{"@type":"EntryPoint","urlTemplate":"https:\/\/tiketi.com\/?s={search_term_string}"},"query-input":{"@type":"PropertyValueSpecification","valueRequired":true,"valueName":"search_term_string"}}],"inLanguage":"fr-FR"},{"@type":"Organization","@id":"https:\/\/tiketi.com\/#organization","name":"Tiketi.com","alternateName":"Tiketi","url":"https:\/\/tiketi.com\/","logo":{"@type":"ImageObject","inLanguage":"fr-FR","@id":"https:\/\/tiketi.com\/#\/schema\/logo\/image\/","url":"https:\/\/tiketi.com\/wp-content\/uploads\/2019\/05\/tiketi-logo-696.png","contentUrl":"https:\/\/tiketi.com\/wp-content\/uploads\/2019\/05\/tiketi-logo-696.png","width":696,"height":696,"caption":"Tiketi.com"},"image":{"@id":"https:\/\/tiketi.com\/#\/schema\/logo\/image\/"},"sameAs":["https:\/\/www.facebook.com\/TiketiCom\/"]}]}},"_links":{"self":[{"href":"https:\/\/tiketi.com\/fr-fr\/wp-json\/wp\/v2\/pages\/10917","targetHints":{"allow":["GET"]}}],"collection":[{"href":"https:\/\/tiketi.com\/fr-fr\/wp-json\/wp\/v2\/pages"}],"about":[{"href":"https:\/\/tiketi.com\/fr-fr\/wp-json\/wp\/v2\/types\/page"}],"author":[{"embeddable":true,"href":"https:\/\/tiketi.com\/fr-fr\/wp-json\/wp\/v2\/users\/1"}],"replies":[{"embeddable":true,"href":"https:\/\/tiketi.com\/fr-fr\/wp-json\/wp\/v2\/comments?post=10917"}],"version-history":[{"count":0,"href":"https:\/\/tiketi.com\/fr-fr\/wp-json\/wp\/v2\/pages\/10917\/revisions"}],"up":[{"embeddable":true,"href":"https:\/\/tiketi.com\/fr-fr\/wp-json\/wp\/v2\/pages\/28323"}],"wp:featuredmedia":[{"embeddable":true,"href":"https:\/\/tiketi.com\/fr-fr\/wp-json\/wp\/v2\/media\/19675"}],"wp:attachment":[{"href":"https:\/\/tiketi.com\/fr-fr\/wp-json\/wp\/v2\/media?parent=10917"}],"curies":[{"name":"wp","href":"https:\/\/api.w.org\/{rel}","templated":true}]}}