{"id":10918,"date":"2022-01-19T12:53:59","date_gmt":"2022-01-19T11:53:59","guid":{"rendered":"https:\/\/new.tiketi.com\/how-to-get-data-plan-of-busy-ghana-internet-packages-bundles\/"},"modified":"2022-07-14T13:02:05","modified_gmt":"2022-07-14T12:02:05","slug":"internet-mobile-busy-ghana-data-plans-bundle","status":"publish","type":"page","link":"https:\/\/tiketi.com\/fr-fr\/internet-mobile-busy-ghana-data-plans-bundle\/","title":{"rendered":"Comment obtenir le plan de donn\u00e9es des forfaits \/ forfaits Internet Busy Ghana"},"content":{"rendered":"<p><strong>Un d:\u00a0<\/strong><\/p>\n<p><strong><a href=\"https:\/\/fiymo.com\/register\" target=\"_blank\" rel=\"noopener\"><\/a><\/strong><\/p>\n<h2>Plan de donn\u00e9es Busy Ghana, forfaits, codes d&#039;abonnement et prix<\/h2>\n<p>Vous trouverez ci-dessous la liste de tous les plans de donn\u00e9es et prix de Busy Ghana \/ Forfaits Internet Busy Ghana. Busy est le nom de marque de Busy Internet, qui est le nouvel ajout aux fournisseurs de services 4G au Ghana. Ils existent depuis 2001, offrant un service de cybercaf\u00e9 et ont rejoint le train 4G en 2016. Actuellement, leur couverture 4G\/LTE couvre Kosao \u00e0 Prampram dans le m\u00e9tro d&#039;Accra en 4G\/TDD-LTE sur la bande 40,2300 Mhz. Trouvez le prix des forfaits de donn\u00e9es Busy Ghana bon march\u00e9:<\/p>\n<h2>Voici comment obtenir des forfaits de donn\u00e9es, des plans et des prix Busy Ghana \/ Forfaits Internet Busy Ghana<\/h2>\n<p><strong>Disponibilit\u00e9<\/strong><\/p>\n<p>Achetez une carte SIM 4G occup\u00e9e pour GHc cinquante, y compris 5 Go de forfaits Busy Ghana dans l&#039;un de nos magasins, si votre gadget est compatible.<\/p>\n<p>Pour recharger votre compte en utilisant des cartes de cr\u00e9dit ou de d\u00e9bit, de l&#039;argent mobile, un bon de recharge ou un rechargement \u00e9lectronique.<\/p>\n<h3>Forfaits de donn\u00e9es et prix occup\u00e9s au Ghana<\/h3>\n<table border=\"0\" cellpadding=\"0\">\n<tbody>\n<tr>\n<td>\n<h3><strong>Plan de donn\u00e9es occup\u00e9 au Ghana\u00a0 \u00a0\u00a0<\/strong><\/h3>\n<\/td>\n<td>\n<h3><strong>Temps<\/strong><\/h3>\n<\/td>\n<td>\n<h3><strong>Prix<\/strong><\/h3>\n<\/td>\n<\/tr>\n<tr>\n<td>250 Mo<\/td>\n<td rowspan=\"2\">\n<h3>Forfaits de donn\u00e9es hebdomadaires occup\u00e9s\u00a0:<\/h3>\n<h3>7 jours<\/h3>\n<\/td>\n<td>GHC 7<\/td>\n<\/tr>\n<tr>\n<td>Non plafonn\u00e9<\/td>\n<td>GHC 75<\/td>\n<\/tr>\n<tr>\n<td>Non plafonn\u00e9<\/td>\n<td>\n<h3>Forfaits de donn\u00e9es hebdomadaires occup\u00e9s\u00a0:<\/h3>\n<h3>15 jours<\/h3>\n<\/td>\n<td>GHC 150<\/td>\n<\/tr>\n<tr>\n<td>2 Go<\/td>\n<td rowspan=\"7\">\n<h3>Forfaits de donn\u00e9es mensuels occup\u00e9s\u00a0:<\/h3>\n<h3>30 jours<\/h3>\n<\/td>\n<td>GHC 19<\/td>\n<\/tr>\n<tr>\n<td>5 Go<\/td>\n<td>GHC 35<\/td>\n<\/tr>\n<tr>\n<td>10 Go<\/td>\n<td>GHC 65<\/td>\n<\/tr>\n<tr>\n<td>25 Go<\/td>\n<td>GHC 140<\/td>\n<\/tr>\n<tr>\n<td>50 Go<\/td>\n<td>GHC 225<\/td>\n<\/tr>\n<tr>\n<td>75 Go<\/td>\n<td>GHC 260<\/td>\n<\/tr>\n<tr>\n<td>Non plafonn\u00e9<\/td>\n<td>GHC 295<\/td>\n<\/tr>\n<tr>\n<td>100 Go<\/td>\n<td rowspan=\"2\">\n<h3>Forfaits de donn\u00e9es mensuels occup\u00e9s\u00a0:<\/h3>\n<h3>60 jours<\/h3>\n<\/td>\n<td>GHC 299<\/td>\n<\/tr>\n<tr>\n<td>200 Go<\/td>\n<td>GHC 399<\/td>\n<\/tr>\n<\/tbody>\n<\/table>\n<h2>Vitesse Internet occup\u00e9e<\/h2>\n<p><strong>Signal<\/strong><br \/>\n<strong>Vitesse de pointe\u00a0:<\/strong><br \/>\n<strong>Vitesse moyenne de navigation sur Internet\u00a0:<\/strong><\/p>\n<p>Les informations sur les forfaits de donn\u00e9es Busy Ghana ci-dessus, les prix et les codes d&#039;abonnement sont valables selon notre derni\u00e8re mise \u00e0 jour 2020.<\/p>","protected":false},"excerpt":{"rendered":"<p>Ad:\u00a0 Busy\u00a0Ghana\u00a0Data Plan, Bundles, Subscription Codes and prices Below is the list of every Busy\u00a0Ghana\u00a0data plans and prices\u00a0\/ Busy Ghana internet packages. Busy is the name brand name of Busy internet, which is the new addition to the 4G service providers in Ghana. They have been around since 2001, offering internet cafe service and joined [&hellip;]<\/p>\n","protected":false},"author":1,"featured_media":19675,"parent":0,"menu_order":0,"comment_status":"open","ping_status":"closed","template":"template-home-modern.php","meta":{"footnotes":""},"class_list":["post-10918","page","type-page","status-publish","has-post-thumbnail","hentry"],"yoast_head":"<!-- This site is optimized with the Yoast SEO plugin v27.3 - https:\/\/yoast.com\/product\/yoast-seo-wordpress\/ -->\n<title>How to get data plan of Busy Ghana internet packages \/ bundles<\/title>\n<meta name=\"description\" content=\"Are you looking for cheap dataplans of Busy Ghana data bundles, speed, subscription codes and prices? Here is how to get data plan of Busy Ghana internet packages \/ bundles\" \/>\n<meta name=\"robots\" content=\"index, follow, max-snippet:-1, max-image-preview:large, max-video-preview:-1\" \/>\n<link rel=\"canonical\" href=\"https:\/\/tiketi.com\/fr-fr\/internet-mobile-busy-ghana-data-plans-bundle\/\" \/>\n<meta property=\"og:locale\" content=\"fr_FR\" \/>\n<meta property=\"og:type\" content=\"article\" \/>\n<meta property=\"og:title\" content=\"How to get data plan of Busy Ghana internet packages \/ bundles\" \/>\n<meta property=\"og:description\" content=\"Are you looking for cheap dataplans of Busy Ghana data bundles, speed, subscription codes and prices? Here is how to get data plan of Busy Ghana internet packages \/ bundles\" \/>\n<meta property=\"og:url\" content=\"https:\/\/tiketi.com\/fr-fr\/internet-mobile-busy-ghana-data-plans-bundle\/\" \/>\n<meta property=\"og:site_name\" content=\"Tiketi.com\" \/>\n<meta property=\"article:publisher\" content=\"https:\/\/www.facebook.com\/TiketiCom\/\" \/>\n<meta property=\"article:modified_time\" content=\"2022-07-14T12:02:05+00:00\" \/>\n<meta property=\"og:image\" content=\"https:\/\/tiketi.com\/wp-content\/uploads\/2019\/05\/data-packages-2029825_1280.jpg\" \/>\n\t<meta property=\"og:image:width\" content=\"1200\" \/>\n\t<meta property=\"og:image:height\" content=\"200\" \/>\n\t<meta property=\"og:image:type\" content=\"image\/jpeg\" \/>\n<meta name=\"twitter:card\" content=\"summary_large_image\" \/>\n<meta name=\"twitter:label1\" content=\"Dur\u00e9e de lecture estim\u00e9e\" \/>\n\t<meta name=\"twitter:data1\" content=\"2 minutes\" \/>\n<script type=\"application\/ld+json\" class=\"yoast-schema-graph\">{\"@context\":\"https:\\\/\\\/schema.org\",\"@graph\":[{\"@type\":\"WebPage\",\"@id\":\"https:\\\/\\\/tiketi.com\\\/internet-mobile-busy-ghana-data-plans-bundle\\\/\",\"url\":\"https:\\\/\\\/tiketi.com\\\/internet-mobile-busy-ghana-data-plans-bundle\\\/\",\"name\":\"How to get data plan of Busy Ghana internet packages \\\/ bundles\",\"isPartOf\":{\"@id\":\"https:\\\/\\\/tiketi.com\\\/#website\"},\"primaryImageOfPage\":{\"@id\":\"https:\\\/\\\/tiketi.com\\\/internet-mobile-busy-ghana-data-plans-bundle\\\/#primaryimage\"},\"image\":{\"@id\":\"https:\\\/\\\/tiketi.com\\\/internet-mobile-busy-ghana-data-plans-bundle\\\/#primaryimage\"},\"thumbnailUrl\":\"https:\\\/\\\/tiketi.com\\\/wp-content\\\/uploads\\\/2019\\\/05\\\/data-packages-2029825_1280.jpg\",\"datePublished\":\"2022-01-19T11:53:59+00:00\",\"dateModified\":\"2022-07-14T12:02:05+00:00\",\"description\":\"Are you looking for cheap dataplans of Busy Ghana data bundles, speed, subscription codes and prices? Here is how to get data plan of Busy Ghana internet packages \\\/ bundles\",\"breadcrumb\":{\"@id\":\"https:\\\/\\\/tiketi.com\\\/internet-mobile-busy-ghana-data-plans-bundle\\\/#breadcrumb\"},\"inLanguage\":\"fr-FR\",\"potentialAction\":[{\"@type\":\"ReadAction\",\"target\":[\"https:\\\/\\\/tiketi.com\\\/internet-mobile-busy-ghana-data-plans-bundle\\\/\"]}]},{\"@type\":\"ImageObject\",\"inLanguage\":\"fr-FR\",\"@id\":\"https:\\\/\\\/tiketi.com\\\/internet-mobile-busy-ghana-data-plans-bundle\\\/#primaryimage\",\"url\":\"https:\\\/\\\/tiketi.com\\\/wp-content\\\/uploads\\\/2019\\\/05\\\/data-packages-2029825_1280.jpg\",\"contentUrl\":\"https:\\\/\\\/tiketi.com\\\/wp-content\\\/uploads\\\/2019\\\/05\\\/data-packages-2029825_1280.jpg\",\"width\":1200,\"height\":200,\"caption\":\"How to get Data Plan \\\/ Packages \\\/ Top Up\"},{\"@type\":\"BreadcrumbList\",\"@id\":\"https:\\\/\\\/tiketi.com\\\/internet-mobile-busy-ghana-data-plans-bundle\\\/#breadcrumb\",\"itemListElement\":[{\"@type\":\"ListItem\",\"position\":1,\"name\":\"Home\",\"item\":\"https:\\\/\\\/tiketi.com\\\/\"},{\"@type\":\"ListItem\",\"position\":2,\"name\":\"How to get data plan of Busy Ghana internet packages \\\/ bundles\"}]},{\"@type\":\"WebSite\",\"@id\":\"https:\\\/\\\/tiketi.com\\\/#website\",\"url\":\"https:\\\/\\\/tiketi.com\\\/\",\"name\":\"Flight & Bus Tickets, Tour Packages & Activitites - Tiketi.com\",\"description\":\"Flight &amp; Bus Tickets, Tours, Activitites\",\"publisher\":{\"@id\":\"https:\\\/\\\/tiketi.com\\\/#organization\"},\"potentialAction\":[{\"@type\":\"SearchAction\",\"target\":{\"@type\":\"EntryPoint\",\"urlTemplate\":\"https:\\\/\\\/tiketi.com\\\/?s={search_term_string}\"},\"query-input\":{\"@type\":\"PropertyValueSpecification\",\"valueRequired\":true,\"valueName\":\"search_term_string\"}}],\"inLanguage\":\"fr-FR\"},{\"@type\":\"Organization\",\"@id\":\"https:\\\/\\\/tiketi.com\\\/#organization\",\"name\":\"Tiketi.com\",\"alternateName\":\"Tiketi\",\"url\":\"https:\\\/\\\/tiketi.com\\\/\",\"logo\":{\"@type\":\"ImageObject\",\"inLanguage\":\"fr-FR\",\"@id\":\"https:\\\/\\\/tiketi.com\\\/#\\\/schema\\\/logo\\\/image\\\/\",\"url\":\"https:\\\/\\\/tiketi.com\\\/wp-content\\\/uploads\\\/2019\\\/05\\\/tiketi-logo-696.png\",\"contentUrl\":\"https:\\\/\\\/tiketi.com\\\/wp-content\\\/uploads\\\/2019\\\/05\\\/tiketi-logo-696.png\",\"width\":696,\"height\":696,\"caption\":\"Tiketi.com\"},\"image\":{\"@id\":\"https:\\\/\\\/tiketi.com\\\/#\\\/schema\\\/logo\\\/image\\\/\"},\"sameAs\":[\"https:\\\/\\\/www.facebook.com\\\/TiketiCom\\\/\"]}]}<\/script>\n<!-- \/ Yoast SEO plugin. -->","yoast_head_json":{"title":"Comment obtenir le plan de donn\u00e9es des forfaits \/ forfaits Internet Busy Ghana","description":"\u00cates-vous \u00e0 la recherche de forfaits de donn\u00e9es bon march\u00e9 pour les forfaits de donn\u00e9es Busy Ghana, la vitesse, les codes d&#039;abonnement et les prix\u00a0? Voici comment obtenir le plan de donn\u00e9es des forfaits \/ forfaits Internet Busy Ghana","robots":{"index":"index","follow":"follow","max-snippet":"max-snippet:-1","max-image-preview":"max-image-preview:large","max-video-preview":"max-video-preview:-1"},"canonical":"https:\/\/tiketi.com\/fr-fr\/internet-mobile-busy-ghana-data-plans-bundle\/","og_locale":"fr_FR","og_type":"article","og_title":"How to get data plan of Busy Ghana internet packages \/ bundles","og_description":"Are you looking for cheap dataplans of Busy Ghana data bundles, speed, subscription codes and prices? Here is how to get data plan of Busy Ghana internet packages \/ bundles","og_url":"https:\/\/tiketi.com\/fr-fr\/internet-mobile-busy-ghana-data-plans-bundle\/","og_site_name":"Tiketi.com","article_publisher":"https:\/\/www.facebook.com\/TiketiCom\/","article_modified_time":"2022-07-14T12:02:05+00:00","og_image":[{"width":1200,"height":200,"url":"https:\/\/tiketi.com\/wp-content\/uploads\/2019\/05\/data-packages-2029825_1280.jpg","type":"image\/jpeg"}],"twitter_card":"summary_large_image","twitter_misc":{"Dur\u00e9e de lecture estim\u00e9e":"2 minutes"},"schema":{"@context":"https:\/\/schema.org","@graph":[{"@type":"WebPage","@id":"https:\/\/tiketi.com\/internet-mobile-busy-ghana-data-plans-bundle\/","url":"https:\/\/tiketi.com\/internet-mobile-busy-ghana-data-plans-bundle\/","name":"Comment obtenir le plan de donn\u00e9es des forfaits \/ forfaits Internet Busy Ghana","isPartOf":{"@id":"https:\/\/tiketi.com\/#website"},"primaryImageOfPage":{"@id":"https:\/\/tiketi.com\/internet-mobile-busy-ghana-data-plans-bundle\/#primaryimage"},"image":{"@id":"https:\/\/tiketi.com\/internet-mobile-busy-ghana-data-plans-bundle\/#primaryimage"},"thumbnailUrl":"https:\/\/tiketi.com\/wp-content\/uploads\/2019\/05\/data-packages-2029825_1280.jpg","datePublished":"2022-01-19T11:53:59+00:00","dateModified":"2022-07-14T12:02:05+00:00","description":"\u00cates-vous \u00e0 la recherche de forfaits de donn\u00e9es bon march\u00e9 pour les forfaits de donn\u00e9es Busy Ghana, la vitesse, les codes d&#039;abonnement et les prix\u00a0? Voici comment obtenir le plan de donn\u00e9es des forfaits \/ forfaits Internet Busy Ghana","breadcrumb":{"@id":"https:\/\/tiketi.com\/internet-mobile-busy-ghana-data-plans-bundle\/#breadcrumb"},"inLanguage":"fr-FR","potentialAction":[{"@type":"ReadAction","target":["https:\/\/tiketi.com\/internet-mobile-busy-ghana-data-plans-bundle\/"]}]},{"@type":"ImageObject","inLanguage":"fr-FR","@id":"https:\/\/tiketi.com\/internet-mobile-busy-ghana-data-plans-bundle\/#primaryimage","url":"https:\/\/tiketi.com\/wp-content\/uploads\/2019\/05\/data-packages-2029825_1280.jpg","contentUrl":"https:\/\/tiketi.com\/wp-content\/uploads\/2019\/05\/data-packages-2029825_1280.jpg","width":1200,"height":200,"caption":"How to get Data Plan \/ Packages \/ Top Up"},{"@type":"BreadcrumbList","@id":"https:\/\/tiketi.com\/internet-mobile-busy-ghana-data-plans-bundle\/#breadcrumb","itemListElement":[{"@type":"ListItem","position":1,"name":"Home","item":"https:\/\/tiketi.com\/"},{"@type":"ListItem","position":2,"name":"How to get data plan of Busy Ghana internet packages \/ bundles"}]},{"@type":"WebSite","@id":"https:\/\/tiketi.com\/#website","url":"https:\/\/tiketi.com\/","name":"Billets d&#039;avion et de bus, forfaits touristiques et activit\u00e9s - Tiketi.com","description":"Billets d&#039;avion et de bus, Tours, Activit\u00e9s","publisher":{"@id":"https:\/\/tiketi.com\/#organization"},"potentialAction":[{"@type":"SearchAction","target":{"@type":"EntryPoint","urlTemplate":"https:\/\/tiketi.com\/?s={search_term_string}"},"query-input":{"@type":"PropertyValueSpecification","valueRequired":true,"valueName":"search_term_string"}}],"inLanguage":"fr-FR"},{"@type":"Organization","@id":"https:\/\/tiketi.com\/#organization","name":"Tiketi.com","alternateName":"Tiketi","url":"https:\/\/tiketi.com\/","logo":{"@type":"ImageObject","inLanguage":"fr-FR","@id":"https:\/\/tiketi.com\/#\/schema\/logo\/image\/","url":"https:\/\/tiketi.com\/wp-content\/uploads\/2019\/05\/tiketi-logo-696.png","contentUrl":"https:\/\/tiketi.com\/wp-content\/uploads\/2019\/05\/tiketi-logo-696.png","width":696,"height":696,"caption":"Tiketi.com"},"image":{"@id":"https:\/\/tiketi.com\/#\/schema\/logo\/image\/"},"sameAs":["https:\/\/www.facebook.com\/TiketiCom\/"]}]}},"_links":{"self":[{"href":"https:\/\/tiketi.com\/fr-fr\/wp-json\/wp\/v2\/pages\/10918","targetHints":{"allow":["GET"]}}],"collection":[{"href":"https:\/\/tiketi.com\/fr-fr\/wp-json\/wp\/v2\/pages"}],"about":[{"href":"https:\/\/tiketi.com\/fr-fr\/wp-json\/wp\/v2\/types\/page"}],"author":[{"embeddable":true,"href":"https:\/\/tiketi.com\/fr-fr\/wp-json\/wp\/v2\/users\/1"}],"replies":[{"embeddable":true,"href":"https:\/\/tiketi.com\/fr-fr\/wp-json\/wp\/v2\/comments?post=10918"}],"version-history":[{"count":0,"href":"https:\/\/tiketi.com\/fr-fr\/wp-json\/wp\/v2\/pages\/10918\/revisions"}],"wp:featuredmedia":[{"embeddable":true,"href":"https:\/\/tiketi.com\/fr-fr\/wp-json\/wp\/v2\/media\/19675"}],"wp:attachment":[{"href":"https:\/\/tiketi.com\/fr-fr\/wp-json\/wp\/v2\/media?parent=10918"}],"curies":[{"name":"wp","href":"https:\/\/api.w.org\/{rel}","templated":true}]}}